{"id":6811,"date":"2025-05-06T02:51:01","date_gmt":"2025-05-06T02:51:01","guid":{"rendered":"https:\/\/vapingnet.de\/?post_type=product&#038;p=6811"},"modified":"2026-04-15T06:43:08","modified_gmt":"2026-04-15T06:43:08","slug":"vape-deal-des-jahres-strawberry-kiwi-von-waspe-20000-grosshandel-moeglich","status":"publish","type":"product","link":"https:\/\/vapingnet.de\/nl\/vape\/vape-deal-des-jahres-strawberry-kiwi-von-waspe-20000-grosshandel-moeglich\/","title":{"rendered":"Vape Deal van het Jaar Aardbei Kiwi Van WASPE 20000 Groothandel Mogelijk"},"content":{"rendered":"<h2 data-start=\"61\" data-end=\"145\" data-immersive-translate-walked=\"00e577de-a939-451b-b4a6-526c62bfb0df\" data-immersive-translate-paragraph=\"1\">Ontdek het genot met de WASPE 20000 Wegwerp E-sigaret<\/h2>\n<p class=\"\" data-start=\"147\" data-end=\"634\" data-immersive-translate-walked=\"00e577de-a939-451b-b4a6-526c62bfb0df\" data-immersive-translate-paragraph=\"1\">Het is een ontspannen zaterochtend, je bent onderweg en de zon schijnt zacht. Je hebt alles wat je nodig hebt: je favoriete koffie, je muziek en natuurlijk je WASPE 20000 Wegwerp E-sigaret in je tas. Je gaat op een bankje in het park zitten, neemt de eerste trek en laat de verfrissende Aardbei Kiwi smaak je zintuigen omhullen. De fruitige mix van zoete aardbei en sprankelende kiwi laat je het moment ten volle genieten.<\/p>\n<h4 data-start=\"636\" data-end=\"1087\" data-immersive-translate-walked=\"00e577de-a939-451b-b4a6-526c62bfb0df\" data-immersive-translate-paragraph=\"1\">De perfecte oplossing voor je dagelijks leven:<\/h4>\n<p class=\"\" data-start=\"636\" data-end=\"1087\" data-immersive-translate-walked=\"00e577de-a939-451b-b4a6-526c62bfb0df\" data-immersive-translate-paragraph=\"1\">De WASPE 20000 is niet alleen voor speciale momenten, maar ook voor dagelijks genot gemaakt. Met tot 20.000 trekjes en een vloeistofcapaciteit van 24 ml is hij de ideale metgezel voor lange dagen zonder bijvullen. De Dual Mesh Coil zorgt voor gelijkmatige damp en intense aroma's, terwijl de USB-C oplaadoptie ervoor zorgt dat je altijd genoeg energie hebt voor de volgende trek.<\/p>\n<h3 data-start=\"1089\" data-end=\"1148\" data-immersive-translate-walked=\"00e577de-a939-451b-b4a6-526c62bfb0df\">Waar je ook bent, de WASPE 20000 begeleidt je:<\/h3>\n<ul data-start=\"1149\" data-end=\"1639\" data-immersive-translate-walked=\"00e577de-a939-451b-b4a6-526c62bfb0df\">\n<li class=\"\" data-start=\"1149\" data-end=\"1224\" data-immersive-translate-walked=\"00e577de-a939-451b-b4a6-526c62bfb0df\">\n<p class=\"\" data-start=\"1151\" data-end=\"1224\" data-immersive-translate-walked=\"00e577de-a939-451b-b4a6-526c62bfb0df\" data-immersive-translate-paragraph=\"1\">Lange houdbaarheid: Tot 20.000 trekjes \u2013 genoeg voor meerdere weken.<\/p>\n<\/li>\n<li class=\"\" data-start=\"1225\" data-end=\"1334\" data-immersive-translate-walked=\"00e577de-a939-451b-b4a6-526c62bfb0df\">\n<p class=\"\" data-start=\"1227\" data-end=\"1334\" data-immersive-translate-walked=\"00e577de-a939-451b-b4a6-526c62bfb0df\" data-immersive-translate-paragraph=\"1\">Fruitig genot: De Aardbei Kiwi smaak is de perfecte mix van zoet en verfrissend.<\/p>\n<\/li>\n<li class=\"\" data-start=\"1335\" data-end=\"1428\" data-immersive-translate-walked=\"00e577de-a939-451b-b4a6-526c62bfb0df\">\n<p class=\"\" data-start=\"1337\" data-end=\"1428\" data-immersive-translate-walked=\"00e577de-a939-451b-b4a6-526c62bfb0df\" data-immersive-translate-paragraph=\"1\">Verschillende nicotine-opties: Kies tussen 0%, 2%, 3%, 5% nicotine naar behoefte.<\/p>\n<\/li>\n<li class=\"\" data-start=\"1429\" data-end=\"1535\" data-immersive-translate-walked=\"00e577de-a939-451b-b4a6-526c62bfb0df\">\n<p class=\"\" data-start=\"1431\" data-end=\"1535\" data-immersive-translate-walked=\"00e577de-a939-451b-b4a6-526c62bfb0df\" data-immersive-translate-paragraph=\"1\">Snel opladen: De USB-C aansluiting maakt opladen sneller en eenvoudiger dan ooit.<\/p>\n<\/li>\n<li class=\"\" data-start=\"1536\" data-end=\"1639\" data-immersive-translate-walked=\"00e577de-a939-451b-b4a6-526c62bfb0df\">\n<p class=\"\" data-start=\"1538\" data-end=\"1639\" data-immersive-translate-walked=\"00e577de-a939-451b-b4a6-526c62bfb0df\" data-immersive-translate-paragraph=\"1\">Comfortabel gebruik: Met slechts 110 g gewicht is hij licht en gemakkelijk overal mee naartoe te nemen.<\/p>\n<\/li>\n<\/ul>\n<h4 data-start=\"1641\" data-end=\"1976\" data-immersive-translate-walked=\"00e577de-a939-451b-b4a6-526c62bfb0df\" data-immersive-translate-paragraph=\"1\">Je dagelijkse genot \u2013 eenvoudig en comfortabel:<\/h4>\n<p class=\"\" data-start=\"1641\" data-end=\"1976\" data-immersive-translate-walked=\"00e577de-a939-451b-b4a6-526c62bfb0df\" data-immersive-translate-paragraph=\"1\">De WASPE 20000 Wegwerp E-sigaret is voor iedereen die op zoek is naar een praktische, lange en intense dampbeleving. Of je nu een wandeling in het park maakt, een pauze op kantoor neemt of op reis bent \u2013 hij levert altijd de perfecte dampervaring, zonder complicaties.<\/p>\n<p class=\"\" data-start=\"1978\" data-end=\"2108\" data-immersive-translate-walked=\"00e577de-a939-451b-b4a6-526c62bfb0df\" data-immersive-translate-paragraph=\"1\">Bestel nu op vapingnet.de en geniet overal van de smaak van Aardbei Kiwi!<\/p>","protected":false},"excerpt":{"rendered":"<p>Ontdek het genot met de WASPE 20000 Wegwerp E-sigaret Het is een ontspannen zatermorgen, je bent onderweg en de zon schijnt zacht. Je hebt...<\/p>","protected":false},"featured_media":6785,"template":"","meta":[],"etheme_brands":[],"product_brand":[98],"product_cat":[54,49,61],"product_tag":[],"class_list":{"0":"post-6811","1":"product","2":"type-product","3":"status-publish","4":"has-post-thumbnail","6":"product_brand-waspe-vape","7":"product_cat-vape-20000-zuege","8":"product_cat-einweg-e-zigarette","9":"product_cat-f","11":"first","12":"instock","13":"shipping-taxable","14":"purchasable","15":"product-type-variable"},"yoast_head":"<!-- This site is optimized with the Yoast SEO plugin v26.5 - https:\/\/yoast.com\/wordpress\/plugins\/seo\/ -->\n<title>Vape Deal Des Jahres Strawberry Kiwi Von WASPE 20000 Gro\u00dfhandel M\u00f6glich | Vapingnet.de<\/title>\n<meta name=\"description\" content=\"Entdecke Vape Deal Des Jahres Strawberry Kiwi Von WASPE 20000 Gro\u00dfhandel M\u00f6glich bei vapingnet.de, \u25ba Gro\u00dfe Auswahl an Geschmacksrichtungen &amp; super g\u00fcnstig!\" \/>\n<meta name=\"robots\" content=\"index, follow, max-snippet:-1, max-image-preview:large, max-video-preview:-1\" \/>\n<link rel=\"canonical\" href=\"https:\/\/vapingnet.de\/nl\/vape\/vape-deal-des-jahres-strawberry-kiwi-von-waspe-20000-grosshandel-moeglich\/\" \/>\n<meta property=\"og:locale\" content=\"nl_NL\" \/>\n<meta property=\"og:type\" content=\"article\" \/>\n<meta property=\"og:title\" content=\"Vape Deal Des Jahres Strawberry Kiwi Von WASPE 20000 Gro\u00dfhandel M\u00f6glich | Vapingnet.de\" \/>\n<meta property=\"og:description\" content=\"Entdecke Vape Deal Des Jahres Strawberry Kiwi Von WASPE 20000 Gro\u00dfhandel M\u00f6glich bei vapingnet.de, \u25ba Gro\u00dfe Auswahl an Geschmacksrichtungen &amp; super g\u00fcnstig!\" \/>\n<meta property=\"og:url\" content=\"https:\/\/vapingnet.de\/nl\/vape\/vape-deal-des-jahres-strawberry-kiwi-von-waspe-20000-grosshandel-moeglich\/\" \/>\n<meta property=\"og:site_name\" content=\"Vapingnet.de\" \/>\n<meta property=\"article:publisher\" content=\"https:\/\/www.facebook.com\/vapingnetde\/\" \/>\n<meta property=\"article:modified_time\" content=\"2026-04-15T06:43:08+00:00\" \/>\n<meta property=\"og:image\" content=\"https:\/\/vapingnet.de\/wp-content\/uploads\/2025\/05\/Strawberry-Kiwi-1.webp\" \/>\n\t<meta property=\"og:image:width\" content=\"1000\" \/>\n\t<meta property=\"og:image:height\" content=\"1000\" \/>\n\t<meta property=\"og:image:type\" content=\"image\/webp\" \/>\n<meta name=\"twitter:card\" content=\"summary_large_image\" \/>\n<meta name=\"twitter:label1\" content=\"Est. reading time\" \/>\n\t<meta name=\"twitter:data1\" content=\"2 minutes\" \/>\n<script type=\"application\/ld+json\" class=\"yoast-schema-graph\">{\"@context\":\"https:\/\/schema.org\",\"@graph\":[{\"@type\":\"WebPage\",\"@id\":\"https:\/\/vapingnet.de\/vape\/vape-deal-des-jahres-strawberry-kiwi-von-waspe-20000-grosshandel-moeglich\/\",\"url\":\"https:\/\/vapingnet.de\/vape\/vape-deal-des-jahres-strawberry-kiwi-von-waspe-20000-grosshandel-moeglich\/\",\"name\":\"Vape Deal Des Jahres Strawberry Kiwi Von WASPE 20000 Gro\u00dfhandel M\u00f6glich | Vapingnet.de\",\"isPartOf\":{\"@id\":\"https:\/\/vapingnet.de\/#website\"},\"primaryImageOfPage\":{\"@id\":\"https:\/\/vapingnet.de\/vape\/vape-deal-des-jahres-strawberry-kiwi-von-waspe-20000-grosshandel-moeglich\/#primaryimage\"},\"image\":{\"@id\":\"https:\/\/vapingnet.de\/vape\/vape-deal-des-jahres-strawberry-kiwi-von-waspe-20000-grosshandel-moeglich\/#primaryimage\"},\"thumbnailUrl\":\"https:\/\/vapingnet.de\/wp-content\/uploads\/2025\/05\/Strawberry-Kiwi-1.webp\",\"datePublished\":\"2025-05-06T02:51:01+00:00\",\"dateModified\":\"2026-04-15T06:43:08+00:00\",\"description\":\"Entdecke Vape Deal Des Jahres Strawberry Kiwi Von WASPE 20000 Gro\u00dfhandel M\u00f6glich bei vapingnet.de, \u25ba Gro\u00dfe Auswahl an Geschmacksrichtungen & super g\u00fcnstig!\",\"breadcrumb\":{\"@id\":\"https:\/\/vapingnet.de\/vape\/vape-deal-des-jahres-strawberry-kiwi-von-waspe-20000-grosshandel-moeglich\/#breadcrumb\"},\"inLanguage\":\"nl-NL\",\"potentialAction\":[{\"@type\":\"ReadAction\",\"target\":[\"https:\/\/vapingnet.de\/vape\/vape-deal-des-jahres-strawberry-kiwi-von-waspe-20000-grosshandel-moeglich\/\"]}]},{\"@type\":\"ImageObject\",\"inLanguage\":\"nl-NL\",\"@id\":\"https:\/\/vapingnet.de\/vape\/vape-deal-des-jahres-strawberry-kiwi-von-waspe-20000-grosshandel-moeglich\/#primaryimage\",\"url\":\"https:\/\/vapingnet.de\/wp-content\/uploads\/2025\/05\/Strawberry-Kiwi-1.webp\",\"contentUrl\":\"https:\/\/vapingnet.de\/wp-content\/uploads\/2025\/05\/Strawberry-Kiwi-1.webp\",\"width\":1000,\"height\":1000},{\"@type\":\"BreadcrumbList\",\"@id\":\"https:\/\/vapingnet.de\/vape\/vape-deal-des-jahres-strawberry-kiwi-von-waspe-20000-grosshandel-moeglich\/#breadcrumb\",\"itemListElement\":[{\"@type\":\"ListItem\",\"position\":1,\"name\":\"Home\",\"item\":\"https:\/\/vapingnet.de\/\"},{\"@type\":\"ListItem\",\"position\":2,\"name\":\"Shop\",\"item\":\"https:\/\/vapingnet.de\/vape\/\"},{\"@type\":\"ListItem\",\"position\":3,\"name\":\"Vape Deal Des Jahres Strawberry Kiwi Von WASPE 20000 Gro\u00dfhandel M\u00f6glich\"}]},{\"@type\":\"WebSite\",\"@id\":\"https:\/\/vapingnet.de\/#website\",\"url\":\"https:\/\/vapingnet.de\/\",\"name\":\"Vapingnet.de\",\"description\":\"\",\"publisher\":{\"@id\":\"https:\/\/vapingnet.de\/#organization\"},\"potentialAction\":[{\"@type\":\"SearchAction\",\"target\":{\"@type\":\"EntryPoint\",\"urlTemplate\":\"https:\/\/vapingnet.de\/?s={search_term_string}\"},\"query-input\":{\"@type\":\"PropertyValueSpecification\",\"valueRequired\":true,\"valueName\":\"search_term_string\"}}],\"inLanguage\":\"nl-NL\"},{\"@type\":\"Organization\",\"@id\":\"https:\/\/vapingnet.de\/#organization\",\"name\":\"Vapingnet.de\",\"url\":\"https:\/\/vapingnet.de\/\",\"logo\":{\"@type\":\"ImageObject\",\"inLanguage\":\"nl-NL\",\"@id\":\"https:\/\/vapingnet.de\/#\/schema\/logo\/image\/\",\"url\":\"https:\/\/vapingnet.de\/wp-content\/uploads\/2025\/03\/cropped-vapingnet.de_.jpg\",\"contentUrl\":\"https:\/\/vapingnet.de\/wp-content\/uploads\/2025\/03\/cropped-vapingnet.de_.jpg\",\"width\":512,\"height\":512,\"caption\":\"Vapingnet.de\"},\"image\":{\"@id\":\"https:\/\/vapingnet.de\/#\/schema\/logo\/image\/\"},\"sameAs\":[\"https:\/\/www.facebook.com\/vapingnetde\/\"]}]}<\/script>\n<!-- \/ Yoast SEO plugin. -->","yoast_head_json":{"title":"Vape Deal Des Jahres Strawberry Kiwi Von WASPE 20000 Gro\u00dfhandel M\u00f6glich | Vapingnet.de","description":"Entdecke Vape Deal Des Jahres Strawberry Kiwi Von WASPE 20000 Gro\u00dfhandel M\u00f6glich bei vapingnet.de, \u25ba Gro\u00dfe Auswahl an Geschmacksrichtungen & super g\u00fcnstig!","robots":{"index":"index","follow":"follow","max-snippet":"max-snippet:-1","max-image-preview":"max-image-preview:large","max-video-preview":"max-video-preview:-1"},"canonical":"https:\/\/vapingnet.de\/nl\/vape\/vape-deal-des-jahres-strawberry-kiwi-von-waspe-20000-grosshandel-moeglich\/","og_locale":"nl_NL","og_type":"article","og_title":"Vape Deal Des Jahres Strawberry Kiwi Von WASPE 20000 Gro\u00dfhandel M\u00f6glich | Vapingnet.de","og_description":"Entdecke Vape Deal Des Jahres Strawberry Kiwi Von WASPE 20000 Gro\u00dfhandel M\u00f6glich bei vapingnet.de, \u25ba Gro\u00dfe Auswahl an Geschmacksrichtungen & super g\u00fcnstig!","og_url":"https:\/\/vapingnet.de\/nl\/vape\/vape-deal-des-jahres-strawberry-kiwi-von-waspe-20000-grosshandel-moeglich\/","og_site_name":"Vapingnet.de","article_publisher":"https:\/\/www.facebook.com\/vapingnetde\/","article_modified_time":"2026-04-15T06:43:08+00:00","og_image":[{"width":1000,"height":1000,"url":"https:\/\/vapingnet.de\/wp-content\/uploads\/2025\/05\/Strawberry-Kiwi-1.webp","type":"image\/webp"}],"twitter_card":"summary_large_image","twitter_misc":{"Est. reading time":"2 minutes"},"schema":{"@context":"https:\/\/schema.org","@graph":[{"@type":"WebPage","@id":"https:\/\/vapingnet.de\/vape\/vape-deal-des-jahres-strawberry-kiwi-von-waspe-20000-grosshandel-moeglich\/","url":"https:\/\/vapingnet.de\/vape\/vape-deal-des-jahres-strawberry-kiwi-von-waspe-20000-grosshandel-moeglich\/","name":"Vape Deal Des Jahres Strawberry Kiwi Von WASPE 20000 Gro\u00dfhandel M\u00f6glich | Vapingnet.de","isPartOf":{"@id":"https:\/\/vapingnet.de\/#website"},"primaryImageOfPage":{"@id":"https:\/\/vapingnet.de\/vape\/vape-deal-des-jahres-strawberry-kiwi-von-waspe-20000-grosshandel-moeglich\/#primaryimage"},"image":{"@id":"https:\/\/vapingnet.de\/vape\/vape-deal-des-jahres-strawberry-kiwi-von-waspe-20000-grosshandel-moeglich\/#primaryimage"},"thumbnailUrl":"https:\/\/vapingnet.de\/wp-content\/uploads\/2025\/05\/Strawberry-Kiwi-1.webp","datePublished":"2025-05-06T02:51:01+00:00","dateModified":"2026-04-15T06:43:08+00:00","description":"Entdecke Vape Deal Des Jahres Strawberry Kiwi Von WASPE 20000 Gro\u00dfhandel M\u00f6glich bei vapingnet.de, \u25ba Gro\u00dfe Auswahl an Geschmacksrichtungen & super g\u00fcnstig!","breadcrumb":{"@id":"https:\/\/vapingnet.de\/vape\/vape-deal-des-jahres-strawberry-kiwi-von-waspe-20000-grosshandel-moeglich\/#breadcrumb"},"inLanguage":"nl-NL","potentialAction":[{"@type":"ReadAction","target":["https:\/\/vapingnet.de\/vape\/vape-deal-des-jahres-strawberry-kiwi-von-waspe-20000-grosshandel-moeglich\/"]}]},{"@type":"ImageObject","inLanguage":"nl-NL","@id":"https:\/\/vapingnet.de\/vape\/vape-deal-des-jahres-strawberry-kiwi-von-waspe-20000-grosshandel-moeglich\/#primaryimage","url":"https:\/\/vapingnet.de\/wp-content\/uploads\/2025\/05\/Strawberry-Kiwi-1.webp","contentUrl":"https:\/\/vapingnet.de\/wp-content\/uploads\/2025\/05\/Strawberry-Kiwi-1.webp","width":1000,"height":1000},{"@type":"BreadcrumbList","@id":"https:\/\/vapingnet.de\/vape\/vape-deal-des-jahres-strawberry-kiwi-von-waspe-20000-grosshandel-moeglich\/#breadcrumb","itemListElement":[{"@type":"ListItem","position":1,"name":"Home","item":"https:\/\/vapingnet.de\/"},{"@type":"ListItem","position":2,"name":"Shop","item":"https:\/\/vapingnet.de\/vape\/"},{"@type":"ListItem","position":3,"name":"Vape Deal Des Jahres Strawberry Kiwi Von WASPE 20000 Gro\u00dfhandel M\u00f6glich"}]},{"@type":"WebSite","@id":"https:\/\/vapingnet.de\/#website","url":"https:\/\/vapingnet.de\/","name":"Vapingnet.de","description":"","publisher":{"@id":"https:\/\/vapingnet.de\/#organization"},"potentialAction":[{"@type":"SearchAction","target":{"@type":"EntryPoint","urlTemplate":"https:\/\/vapingnet.de\/?s={search_term_string}"},"query-input":{"@type":"PropertyValueSpecification","valueRequired":true,"valueName":"search_term_string"}}],"inLanguage":"nl-NL"},{"@type":"Organization","@id":"https:\/\/vapingnet.de\/#organization","name":"Vapingnet.de","url":"https:\/\/vapingnet.de\/","logo":{"@type":"ImageObject","inLanguage":"nl-NL","@id":"https:\/\/vapingnet.de\/#\/schema\/logo\/image\/","url":"https:\/\/vapingnet.de\/wp-content\/uploads\/2025\/03\/cropped-vapingnet.de_.jpg","contentUrl":"https:\/\/vapingnet.de\/wp-content\/uploads\/2025\/03\/cropped-vapingnet.de_.jpg","width":512,"height":512,"caption":"Vapingnet.de"},"image":{"@id":"https:\/\/vapingnet.de\/#\/schema\/logo\/image\/"},"sameAs":["https:\/\/www.facebook.com\/vapingnetde\/"]}]}},"tiered_pricing_type":"fixed","tiered_pricing_fixed_rules":[],"tiered_pricing_product_settings":{"layout":"default","base_unit_name":{"singular":null,"plural":null},"default_variation":null},"tiered_pricing_minimum_quantity":null,"tiered_pricing_roles_data":[],"tiered_pricing_percentage_rules":[],"_links":{"self":[{"href":"https:\/\/vapingnet.de\/nl\/wp-json\/wp\/v2\/product\/6811","targetHints":{"allow":["GET"]}}],"collection":[{"href":"https:\/\/vapingnet.de\/nl\/wp-json\/wp\/v2\/product"}],"about":[{"href":"https:\/\/vapingnet.de\/nl\/wp-json\/wp\/v2\/types\/product"}],"version-history":[{"count":1,"href":"https:\/\/vapingnet.de\/nl\/wp-json\/wp\/v2\/product\/6811\/revisions"}],"predecessor-version":[{"id":6818,"href":"https:\/\/vapingnet.de\/nl\/wp-json\/wp\/v2\/product\/6811\/revisions\/6818"}],"wp:featuredmedia":[{"embeddable":true,"href":"https:\/\/vapingnet.de\/nl\/wp-json\/wp\/v2\/media\/6785"}],"wp:attachment":[{"href":"https:\/\/vapingnet.de\/nl\/wp-json\/wp\/v2\/media?parent=6811"}],"wp:term":[{"taxonomy":"brand","embeddable":true,"href":"https:\/\/vapingnet.de\/nl\/wp-json\/wp\/v2\/etheme_brands?post=6811"},{"taxonomy":"product_brand","embeddable":true,"href":"https:\/\/vapingnet.de\/nl\/wp-json\/wp\/v2\/product_brand?post=6811"},{"taxonomy":"product_cat","embeddable":true,"href":"https:\/\/vapingnet.de\/nl\/wp-json\/wp\/v2\/product_cat?post=6811"},{"taxonomy":"product_tag","embeddable":true,"href":"https:\/\/vapingnet.de\/nl\/wp-json\/wp\/v2\/product_tag?post=6811"}],"curies":[{"name":"wp","href":"https:\/\/api.w.org\/{rel}","templated":true}]}}