{"id":7071,"date":"2025-06-10T06:44:59","date_gmt":"2025-06-10T06:44:59","guid":{"rendered":"https:\/\/vapingnet.de\/?post_type=product&#038;p=7071"},"modified":"2026-01-24T08:18:44","modified_gmt":"2026-01-24T08:18:44","slug":"erlebe-den-sommer-mit-bang-blaze-60000-puffs-einweg-e-zigarette","status":"publish","type":"product","link":"https:\/\/vapingnet.de\/nl\/vape\/erlebe-den-sommer-mit-bang-blaze-60000-puffs-einweg-e-zigarette\/","title":{"rendered":"Ervaar de Zomer met Bang Blaze 60000 Puffs Wegwerp E-sigaret"},"content":{"rendered":"<h2 data-path-to-node=\"2\">Het nieuwe tijdperk van Bang Blaze 60000<\/h2>\n<p data-path-to-node=\"3\">Stel je voor dat je vape zich aanpast aan jouw dagritme, niet andersom. De Bang Blaze 60000 be\u00ebindigt het tijdperk van smaakmonotonie. Waar je je vroeger weken aan \u00e9\u00e9n aroma moest vastklampen, biedt dit technologische wonder een vrijheid die voorheen ondenkbaar was. Het is geen gewoon apparaat \u2013 het is een hybride ecosysteem voor je zintuigen.<\/p>\n<h3 data-path-to-node=\"4\">Het ritme van diversiteit: Een mechanisch meesterwerk<\/h3>\n<p data-path-to-node=\"5\">Het geheim achter de fascinatie van de Bang Blaze ligt in zijn fysieke selectie mogelijkheid. Een simpele handbeweging is genoeg om tussen vier volledig autonome kamers te roteren. In de nieuwste editie wacht je een dramaturgisch afgestemde smaakketen:<\/p>\n<p data-path-to-node=\"6\">De ochtend begint met Watermeloen Ice \u2013 een kristalheldere verfrissing die de geest wekt. Als de concentratie in de middag afneemt, levert Blueberry Mint een scherpe, koele bessennoot. De middag wordt versierd met Fruit Ice, een kleurrijk boeket van seizoensfruit, voordat de avond sprankelend eindigt met de exotische elegantie van Lime Romance.<\/p>\n<p data-path-to-node=\"7\">Door de strikte ruimtelijke scheiding van de 56 ml vloeistof blijft elk van deze profielen tot de laatste van de 60.000 trekken absoluut puur en onvermengd.<\/p>\n<h3 data-path-to-node=\"8\">Onzichtbare kracht: Technologie die in de schaduw schittert<\/h3>\n<p data-path-to-node=\"9\">Terwijl de buitenkant door design en tactiliteit opvalt, werkt binnenin een high-performance eenheid. De 1,0-ohm mesh-structuur is speciaal ontwikkeld om de viscose consistentie van de premium vloeistof gelijkmatig te verstuiven. Het resultaat is een zijdenzacht aerosol dat zelfs bij diepe inhalatie geen kriebel geeft.<\/p>\n<p data-path-to-node=\"10\">Om de reis niet voortijdig te laten eindigen, zorgt een duurzame 650-mAh energieopslag voor de benodigde kracht. Dankzij de moderne interface voor snelle energieopname is de Bang Blaze sneller weer klaar voor gebruik dan een koffiepauze duurt.<\/p>\n<h3 data-path-to-node=\"11\">Een statement voor bewuste genot<\/h3>\n<p data-path-to-node=\"12\">De Bang Blaze 60000 is ook een antwoord op de ecologische vragen van onze tijd. Door de enorme capaciteit vervangt een enkel systeem rekenkundig een hele wagenlading traditionele kleinst-vapes. Dit vermindert niet alleen de inspanning voor de gebruiker, maar bespaart actief hulpbronnen.<\/p>\n<p data-path-to-node=\"13\">In combinatie met de vrije keuze van nicotinegehaltes \u2013 van volledige vrijheid (0%) tot intensieve verzadiging (5%) \u2013 biedt dit model een individualiteit die maatstaven stelt. Daarnaast biedt het de zekerheid van een afhandeling zonder verborgen lasten of vertragingen bij ontvangst.<\/p>\n<p data-path-to-node=\"14\">De Bang Blaze 60000 is de evolutie waar dampers op gewacht hebben. Ervaar de kwadratuur van smaak en herdefinieer je normen. Elke draai aan het apparaat is een belofte op een nieuwe ervaring.<\/p>","protected":false},"excerpt":{"rendered":"<p>Het nieuwe tijdperk van de Bang Blaze 60000. Stel je voor dat je vape zich aanpast aan jouw dagritme, niet andersom. De Bang Blaze 60000 maakt een einde aan...<\/p>","protected":false},"featured_media":7076,"template":"","meta":[],"etheme_brands":[],"product_brand":[101],"product_cat":[93,49,61,87],"product_tag":[],"class_list":{"0":"post-7071","1":"product","2":"type-product","3":"status-publish","4":"has-post-thumbnail","6":"product_brand-bang-king-vape","7":"product_cat-60k-vape","8":"product_cat-einweg-e-zigarette","9":"product_cat-f","10":"product_cat-v","12":"first","13":"instock","14":"shipping-taxable","15":"purchasable","16":"product-type-simple"},"yoast_head":"<!-- This site is optimized with the Yoast SEO plugin v26.5 - https:\/\/yoast.com\/wordpress\/plugins\/seo\/ -->\n<title>Flavor-Rotation: Der Bang Blaze 60000 Multitank im Praxis-Check<\/title>\n<meta name=\"description\" content=\"Warum nur ein Aroma w\u00e4hlen? Der Bang Blaze 60000 bietet 4 Kammern, 56ml Liquid &amp; 60k Puffs. Entdecken Sie die mechanische Aroma-Revolution jetzt auf vapingnet.de.\" \/>\n<meta name=\"robots\" content=\"index, follow, max-snippet:-1, max-image-preview:large, max-video-preview:-1\" \/>\n<link rel=\"canonical\" href=\"https:\/\/vapingnet.de\/nl\/vape\/erlebe-den-sommer-mit-bang-blaze-60000-puffs-einweg-e-zigarette\/\" \/>\n<meta property=\"og:locale\" content=\"nl_NL\" \/>\n<meta property=\"og:type\" content=\"article\" \/>\n<meta property=\"og:title\" content=\"Flavor-Rotation: Der Bang Blaze 60000 Multitank im Praxis-Check\" \/>\n<meta property=\"og:description\" content=\"Warum nur ein Aroma w\u00e4hlen? Der Bang Blaze 60000 bietet 4 Kammern, 56ml Liquid &amp; 60k Puffs. Entdecken Sie die mechanische Aroma-Revolution jetzt auf vapingnet.de.\" \/>\n<meta property=\"og:url\" content=\"https:\/\/vapingnet.de\/nl\/vape\/erlebe-den-sommer-mit-bang-blaze-60000-puffs-einweg-e-zigarette\/\" \/>\n<meta property=\"og:site_name\" content=\"Vapingnet.de\" \/>\n<meta property=\"article:publisher\" content=\"https:\/\/www.facebook.com\/vapingnetde\/\" \/>\n<meta property=\"article:modified_time\" content=\"2026-01-24T08:18:44+00:00\" \/>\n<meta property=\"og:image\" content=\"https:\/\/vapingnet.de\/wp-content\/uploads\/2025\/06\/watermelon-ice-blueberry-mint-fuii-ice-lime-romance.jpg.webp\" \/>\n\t<meta property=\"og:image:width\" content=\"1000\" \/>\n\t<meta property=\"og:image:height\" content=\"1000\" \/>\n\t<meta property=\"og:image:type\" content=\"image\/webp\" \/>\n<meta name=\"twitter:card\" content=\"summary_large_image\" \/>\n<meta name=\"twitter:label1\" content=\"Est. reading time\" \/>\n\t<meta name=\"twitter:data1\" content=\"3 minutes\" \/>\n<script type=\"application\/ld+json\" class=\"yoast-schema-graph\">{\"@context\":\"https:\/\/schema.org\",\"@graph\":[{\"@type\":\"WebPage\",\"@id\":\"https:\/\/vapingnet.de\/vape\/erlebe-den-sommer-mit-bang-blaze-60000-puffs-einweg-e-zigarette\/\",\"url\":\"https:\/\/vapingnet.de\/vape\/erlebe-den-sommer-mit-bang-blaze-60000-puffs-einweg-e-zigarette\/\",\"name\":\"Flavor-Rotation: Der Bang Blaze 60000 Multitank im Praxis-Check\",\"isPartOf\":{\"@id\":\"https:\/\/vapingnet.de\/#website\"},\"primaryImageOfPage\":{\"@id\":\"https:\/\/vapingnet.de\/vape\/erlebe-den-sommer-mit-bang-blaze-60000-puffs-einweg-e-zigarette\/#primaryimage\"},\"image\":{\"@id\":\"https:\/\/vapingnet.de\/vape\/erlebe-den-sommer-mit-bang-blaze-60000-puffs-einweg-e-zigarette\/#primaryimage\"},\"thumbnailUrl\":\"https:\/\/vapingnet.de\/wp-content\/uploads\/2025\/06\/watermelon-ice-blueberry-mint-fuii-ice-lime-romance.jpg.webp\",\"datePublished\":\"2025-06-10T06:44:59+00:00\",\"dateModified\":\"2026-01-24T08:18:44+00:00\",\"description\":\"Warum nur ein Aroma w\u00e4hlen? Der Bang Blaze 60000 bietet 4 Kammern, 56ml Liquid & 60k Puffs. Entdecken Sie die mechanische Aroma-Revolution jetzt auf vapingnet.de.\",\"breadcrumb\":{\"@id\":\"https:\/\/vapingnet.de\/vape\/erlebe-den-sommer-mit-bang-blaze-60000-puffs-einweg-e-zigarette\/#breadcrumb\"},\"inLanguage\":\"nl-NL\",\"potentialAction\":[{\"@type\":\"ReadAction\",\"target\":[\"https:\/\/vapingnet.de\/vape\/erlebe-den-sommer-mit-bang-blaze-60000-puffs-einweg-e-zigarette\/\"]}]},{\"@type\":\"ImageObject\",\"inLanguage\":\"nl-NL\",\"@id\":\"https:\/\/vapingnet.de\/vape\/erlebe-den-sommer-mit-bang-blaze-60000-puffs-einweg-e-zigarette\/#primaryimage\",\"url\":\"https:\/\/vapingnet.de\/wp-content\/uploads\/2025\/06\/watermelon-ice-blueberry-mint-fuii-ice-lime-romance.jpg.webp\",\"contentUrl\":\"https:\/\/vapingnet.de\/wp-content\/uploads\/2025\/06\/watermelon-ice-blueberry-mint-fuii-ice-lime-romance.jpg.webp\",\"width\":1000,\"height\":1000},{\"@type\":\"BreadcrumbList\",\"@id\":\"https:\/\/vapingnet.de\/vape\/erlebe-den-sommer-mit-bang-blaze-60000-puffs-einweg-e-zigarette\/#breadcrumb\",\"itemListElement\":[{\"@type\":\"ListItem\",\"position\":1,\"name\":\"Home\",\"item\":\"https:\/\/vapingnet.de\/\"},{\"@type\":\"ListItem\",\"position\":2,\"name\":\"Shop\",\"item\":\"https:\/\/vapingnet.de\/vape\/\"},{\"@type\":\"ListItem\",\"position\":3,\"name\":\"Erlebe Den Sommer Mit Bang Blaze 60000 Puffs Einweg E Zigarette\"}]},{\"@type\":\"WebSite\",\"@id\":\"https:\/\/vapingnet.de\/#website\",\"url\":\"https:\/\/vapingnet.de\/\",\"name\":\"Vapingnet.de\",\"description\":\"\",\"publisher\":{\"@id\":\"https:\/\/vapingnet.de\/#organization\"},\"potentialAction\":[{\"@type\":\"SearchAction\",\"target\":{\"@type\":\"EntryPoint\",\"urlTemplate\":\"https:\/\/vapingnet.de\/?s={search_term_string}\"},\"query-input\":{\"@type\":\"PropertyValueSpecification\",\"valueRequired\":true,\"valueName\":\"search_term_string\"}}],\"inLanguage\":\"nl-NL\"},{\"@type\":\"Organization\",\"@id\":\"https:\/\/vapingnet.de\/#organization\",\"name\":\"Vapingnet.de\",\"url\":\"https:\/\/vapingnet.de\/\",\"logo\":{\"@type\":\"ImageObject\",\"inLanguage\":\"nl-NL\",\"@id\":\"https:\/\/vapingnet.de\/#\/schema\/logo\/image\/\",\"url\":\"https:\/\/vapingnet.de\/wp-content\/uploads\/2025\/03\/cropped-vapingnet.de_.jpg\",\"contentUrl\":\"https:\/\/vapingnet.de\/wp-content\/uploads\/2025\/03\/cropped-vapingnet.de_.jpg\",\"width\":512,\"height\":512,\"caption\":\"Vapingnet.de\"},\"image\":{\"@id\":\"https:\/\/vapingnet.de\/#\/schema\/logo\/image\/\"},\"sameAs\":[\"https:\/\/www.facebook.com\/vapingnetde\/\"]}]}<\/script>\n<!-- \/ Yoast SEO plugin. -->","yoast_head_json":{"title":"Flavor-Rotation: Der Bang Blaze 60000 Multitank im Praxis-Check","description":"Warum nur ein Aroma w\u00e4hlen? Der Bang Blaze 60000 bietet 4 Kammern, 56ml Liquid & 60k Puffs. Entdecken Sie die mechanische Aroma-Revolution jetzt auf vapingnet.de.","robots":{"index":"index","follow":"follow","max-snippet":"max-snippet:-1","max-image-preview":"max-image-preview:large","max-video-preview":"max-video-preview:-1"},"canonical":"https:\/\/vapingnet.de\/nl\/vape\/erlebe-den-sommer-mit-bang-blaze-60000-puffs-einweg-e-zigarette\/","og_locale":"nl_NL","og_type":"article","og_title":"Flavor-Rotation: Der Bang Blaze 60000 Multitank im Praxis-Check","og_description":"Warum nur ein Aroma w\u00e4hlen? Der Bang Blaze 60000 bietet 4 Kammern, 56ml Liquid & 60k Puffs. Entdecken Sie die mechanische Aroma-Revolution jetzt auf vapingnet.de.","og_url":"https:\/\/vapingnet.de\/nl\/vape\/erlebe-den-sommer-mit-bang-blaze-60000-puffs-einweg-e-zigarette\/","og_site_name":"Vapingnet.de","article_publisher":"https:\/\/www.facebook.com\/vapingnetde\/","article_modified_time":"2026-01-24T08:18:44+00:00","og_image":[{"width":1000,"height":1000,"url":"https:\/\/vapingnet.de\/wp-content\/uploads\/2025\/06\/watermelon-ice-blueberry-mint-fuii-ice-lime-romance.jpg.webp","type":"image\/webp"}],"twitter_card":"summary_large_image","twitter_misc":{"Est. reading time":"3 minutes"},"schema":{"@context":"https:\/\/schema.org","@graph":[{"@type":"WebPage","@id":"https:\/\/vapingnet.de\/vape\/erlebe-den-sommer-mit-bang-blaze-60000-puffs-einweg-e-zigarette\/","url":"https:\/\/vapingnet.de\/vape\/erlebe-den-sommer-mit-bang-blaze-60000-puffs-einweg-e-zigarette\/","name":"Flavor-Rotation: Der Bang Blaze 60000 Multitank im Praxis-Check","isPartOf":{"@id":"https:\/\/vapingnet.de\/#website"},"primaryImageOfPage":{"@id":"https:\/\/vapingnet.de\/vape\/erlebe-den-sommer-mit-bang-blaze-60000-puffs-einweg-e-zigarette\/#primaryimage"},"image":{"@id":"https:\/\/vapingnet.de\/vape\/erlebe-den-sommer-mit-bang-blaze-60000-puffs-einweg-e-zigarette\/#primaryimage"},"thumbnailUrl":"https:\/\/vapingnet.de\/wp-content\/uploads\/2025\/06\/watermelon-ice-blueberry-mint-fuii-ice-lime-romance.jpg.webp","datePublished":"2025-06-10T06:44:59+00:00","dateModified":"2026-01-24T08:18:44+00:00","description":"Warum nur ein Aroma w\u00e4hlen? Der Bang Blaze 60000 bietet 4 Kammern, 56ml Liquid & 60k Puffs. Entdecken Sie die mechanische Aroma-Revolution jetzt auf vapingnet.de.","breadcrumb":{"@id":"https:\/\/vapingnet.de\/vape\/erlebe-den-sommer-mit-bang-blaze-60000-puffs-einweg-e-zigarette\/#breadcrumb"},"inLanguage":"nl-NL","potentialAction":[{"@type":"ReadAction","target":["https:\/\/vapingnet.de\/vape\/erlebe-den-sommer-mit-bang-blaze-60000-puffs-einweg-e-zigarette\/"]}]},{"@type":"ImageObject","inLanguage":"nl-NL","@id":"https:\/\/vapingnet.de\/vape\/erlebe-den-sommer-mit-bang-blaze-60000-puffs-einweg-e-zigarette\/#primaryimage","url":"https:\/\/vapingnet.de\/wp-content\/uploads\/2025\/06\/watermelon-ice-blueberry-mint-fuii-ice-lime-romance.jpg.webp","contentUrl":"https:\/\/vapingnet.de\/wp-content\/uploads\/2025\/06\/watermelon-ice-blueberry-mint-fuii-ice-lime-romance.jpg.webp","width":1000,"height":1000},{"@type":"BreadcrumbList","@id":"https:\/\/vapingnet.de\/vape\/erlebe-den-sommer-mit-bang-blaze-60000-puffs-einweg-e-zigarette\/#breadcrumb","itemListElement":[{"@type":"ListItem","position":1,"name":"Home","item":"https:\/\/vapingnet.de\/"},{"@type":"ListItem","position":2,"name":"Shop","item":"https:\/\/vapingnet.de\/vape\/"},{"@type":"ListItem","position":3,"name":"Erlebe Den Sommer Mit Bang Blaze 60000 Puffs Einweg E Zigarette"}]},{"@type":"WebSite","@id":"https:\/\/vapingnet.de\/#website","url":"https:\/\/vapingnet.de\/","name":"Vapingnet.de","description":"","publisher":{"@id":"https:\/\/vapingnet.de\/#organization"},"potentialAction":[{"@type":"SearchAction","target":{"@type":"EntryPoint","urlTemplate":"https:\/\/vapingnet.de\/?s={search_term_string}"},"query-input":{"@type":"PropertyValueSpecification","valueRequired":true,"valueName":"search_term_string"}}],"inLanguage":"nl-NL"},{"@type":"Organization","@id":"https:\/\/vapingnet.de\/#organization","name":"Vapingnet.de","url":"https:\/\/vapingnet.de\/","logo":{"@type":"ImageObject","inLanguage":"nl-NL","@id":"https:\/\/vapingnet.de\/#\/schema\/logo\/image\/","url":"https:\/\/vapingnet.de\/wp-content\/uploads\/2025\/03\/cropped-vapingnet.de_.jpg","contentUrl":"https:\/\/vapingnet.de\/wp-content\/uploads\/2025\/03\/cropped-vapingnet.de_.jpg","width":512,"height":512,"caption":"Vapingnet.de"},"image":{"@id":"https:\/\/vapingnet.de\/#\/schema\/logo\/image\/"},"sameAs":["https:\/\/www.facebook.com\/vapingnetde\/"]}]}},"tiered_pricing_type":"fixed","tiered_pricing_fixed_rules":{"10":"12.15","60":"10.94","110":"9.72","200":"8.51"},"tiered_pricing_product_settings":{"layout":"default","base_unit_name":{"singular":null,"plural":null},"default_variation":null},"tiered_pricing_minimum_quantity":null,"tiered_pricing_roles_data":[],"tiered_pricing_percentage_rules":[],"_links":{"self":[{"href":"https:\/\/vapingnet.de\/nl\/wp-json\/wp\/v2\/product\/7071","targetHints":{"allow":["GET"]}}],"collection":[{"href":"https:\/\/vapingnet.de\/nl\/wp-json\/wp\/v2\/product"}],"about":[{"href":"https:\/\/vapingnet.de\/nl\/wp-json\/wp\/v2\/types\/product"}],"version-history":[{"count":4,"href":"https:\/\/vapingnet.de\/nl\/wp-json\/wp\/v2\/product\/7071\/revisions"}],"predecessor-version":[{"id":7520,"href":"https:\/\/vapingnet.de\/nl\/wp-json\/wp\/v2\/product\/7071\/revisions\/7520"}],"wp:featuredmedia":[{"embeddable":true,"href":"https:\/\/vapingnet.de\/nl\/wp-json\/wp\/v2\/media\/7076"}],"wp:attachment":[{"href":"https:\/\/vapingnet.de\/nl\/wp-json\/wp\/v2\/media?parent=7071"}],"wp:term":[{"taxonomy":"brand","embeddable":true,"href":"https:\/\/vapingnet.de\/nl\/wp-json\/wp\/v2\/etheme_brands?post=7071"},{"taxonomy":"product_brand","embeddable":true,"href":"https:\/\/vapingnet.de\/nl\/wp-json\/wp\/v2\/product_brand?post=7071"},{"taxonomy":"product_cat","embeddable":true,"href":"https:\/\/vapingnet.de\/nl\/wp-json\/wp\/v2\/product_cat?post=7071"},{"taxonomy":"product_tag","embeddable":true,"href":"https:\/\/vapingnet.de\/nl\/wp-json\/wp\/v2\/product_tag?post=7071"}],"curies":[{"name":"wp","href":"https:\/\/api.w.org\/{rel}","templated":true}]}}