{"id":5615,"date":"2025-03-18T07:14:58","date_gmt":"2025-03-18T07:14:58","guid":{"rendered":"https:\/\/vapingnet.de\/?page_id=5615"},"modified":"2025-06-11T07:34:22","modified_gmt":"2025-06-11T07:34:22","slug":"vapingnet-de-rueckerstattungs-rueckgaberichtlinie","status":"publish","type":"page","link":"https:\/\/vapingnet.de\/pl\/vapingnet-de-rueckerstattungs-rueckgaberichtlinie\/","title":{"rendered":"vapingnet.de Polityka zwrot\u00f3w \/ zwrot\u00f3w"},"content":{"rendered":"<h2 class=\"wp-block-heading\">Mamy 15-dniow\u0105 polityk\u0119 zwrot\u00f3w.<\/h2><p>Prosimy o z\u0142o\u017cenie \u017c\u0105dania zwrotu, wysy\u0142aj\u0105c do nas e-mail, aby rozpocz\u0105\u0107 proces zwrotu. Prosimy o podanie jak najwi\u0119cej informacji, w tym numeru zam\u00f3wienia, pe\u0142nego imienia i nazwiska, adresu, numeru telefonu oraz powodu zwrotu. Prosimy pami\u0119ta\u0107, \u017ce mo\u017cemy poprosi\u0107 o przes\u0142anie zdj\u0119\u0107 i\/lub filmu uszkodzonego lub wadliwego towaru e-mailem, zanim wy\u015blemy produkty z powrotem. Mo\u017cemy r\u00f3wnie\u017c poda\u0107 kroki rozwi\u0105zywania problem\u00f3w, poniewa\u017c jest to konieczne, aby przyspieszy\u0107 proces zwrotu i pom\u00f3c unikn\u0105\u0107 op\u0142at za obs\u0142ug\u0119 zwrotu.<\/p><p>Je\u015bli zwrot zostanie zatwierdzony, otrzymasz dalsze instrukcje dotycz\u0105ce odes\u0142ania produkt\u00f3w do nas. Ka\u017cdy zwrot pieni\u0119dzy, kredyt lub wymiana zostanie dokonana po otrzymaniu i przetworzeniu zwrotu.<\/p><p>Produkty z widocznymi uszkodzeniami kosmetycznymi od producenta, problemy z artyku\u0142ami konsumpcyjnymi, uszkodzenia przy odbiorze (DOA) oraz brakuj\u0105ce lub b\u0142\u0119dne produkty musz\u0105 by\u0107 zg\u0142oszone w ci\u0105gu 48 godzin od dostawy!<\/p><p>Produkty konsumpcyjne:<br>Ze wzgl\u0119d\u00f3w higienicznych i bezpiecze\u0144stwa nie akceptujemy zwrot\u00f3w produkt\u00f3w konsumpcyjnych, kt\u00f3re zosta\u0142y otwarte lub u\u017cywane. Produkty konsumpcyjne obejmuj\u0105, ale nie ograniczaj\u0105 si\u0119 do, e-liquid\u00f3w, spirali, pod\u00f3w, kartrid\u017cy, jednorazowych produkt\u00f3w i baterii. Nie jest mo\u017cliwa ponowna wysy\u0142ka produkt\u00f3w konsumpcyjnych.<\/p><h3 class=\"wp-block-heading\">Op\u0142ata manipulacyjna w wysoko\u015bci 15 % mo\u017ce zosta\u0107 na\u0142o\u017cona za zwroty, je\u015bli:<\/h3><p>1. Zwroty s\u0105 otwarte i\/lub nie s\u0105 uszkodzone.<\/p><p>2. Zwroty wykazuj\u0105 oznaki fizycznych uszkodze\u0144 lub b\u0142\u0119d\u00f3w u\u017cytkownika, kt\u00f3re mog\u0142y spowodowa\u0107 wad\u0119.<\/p><p>3. Zwroty, kt\u00f3re nie zosta\u0142y wyczyszczone i opr\u00f3\u017cnione przed wys\u0142aniem.<\/p><p>4. Przyczyna wady nie wyst\u0119puje w ocenie zwrotu lub mo\u017ce zosta\u0107 rozwi\u0105zana prostymi krokami rozwi\u0105zywania problem\u00f3w.<\/p><p>Koszty zwrotu:<\/p><p>Klient jest odpowiedzialny za koszty zwrotu za produkty nieszkodliwe. Wszystkie koszty wysy\u0142ki NIE B\u0118D\u0104 ZWROTNE.<\/p><p>Warunki promocji:<br>Produkty promocyjne s\u0105 sprzedawane jako ostateczne. Je\u015bli produkt promocyjny zostanie uznany za wadliwy, wystawimy tylko zwrot pieni\u0119dzy lub kredyt na kwot\u0119 zap\u0142acon\u0105 za produkty. Produkty promocyjne nie podlegaj\u0105 wymianie.<\/p><p>Odrzucone zam\u00f3wienia:<br>Je\u015bli klient lub kurier odrzucili paczki z jakiegokolwiek powodu, koszty wysy\u0142ki nie b\u0119d\u0105 zwracane. Je\u015bli Twoje zam\u00f3wienie by\u0142o darmowe w wysy\u0142ce, nasze koszty wysy\u0142ki zostan\u0105 odj\u0119te od Twojego zwrotu.<\/p><p>Je\u015bli ju\u017c rozpocz\u0119li\u015bmy realizacj\u0119 Twojego zam\u00f3wienia i chcesz je anulowa\u0107, naliczymy op\u0142at\u0119 za anulowanie w wysoko\u015bci 20 % od anulowanego zam\u00f3wienia.<\/p><p>Je\u015bli zako\u0144czyli\u015bmy ju\u017c proces vaping i nalegasz na anulowanie zam\u00f3wienia, naliczymy op\u0142at\u0119 w wysoko\u015bci 50 %.<\/p><p>W przeciwnym razie nie tylko zako\u0144czyli\u015bmy produkcj\u0119 Twojej e-papierosa, ale r\u00f3wnie\u017c go wys\u0142ali\u015bmy, wtedy zam\u00f3wienie nie zostanie anulowane, prosimy o zrozumienie.<\/p><p>Proces zwrotu pieni\u0119dzy:<br>Zwroty mog\u0105 by\u0107 dokonywane tylko na pierwotn\u0105 form\u0119 p\u0142atno\u015bci (karta kredytowa, karta debetowa) lub jako kredyt. vapingnet.de nie odpowiada za zwroty na kart\u0119 przedp\u0142acon\u0105 lub kart\u0119 kredytow\u0105, kt\u00f3ra zosta\u0142a anulowana, je\u015bli posiadacz karty ju\u017c jej nie posiada.<\/p><p>Dok\u0142adnie sprawdzamy wszystkie informacje na naszej stronie internetowej. Mo\u017ce si\u0119 jednak zdarzy\u0107, \u017ce wyst\u0105pi\u0105 b\u0142\u0119dy lub producenci zaktualizuj\u0105 informacje, o kt\u00f3rych nie wiemy. Zastrzegamy sobie prawo do korekty nie\u015bcis\u0142ych informacji i nie ponosimy odpowiedzialno\u015bci za liter\u00f3wki.<\/p><p>Warunki zwrotu pieni\u0119dzy od vapingnet.de dotycz\u0105 wy\u0142\u0105cznie tej strony internetowej.<\/p>","protected":false},"excerpt":{"rendered":"<p>Wir haben eine 15-t\u00e4gige R\u00fcckgaberichtlinie. Bitte fordern Sie eine R\u00fcckerstattung an, indem Sie uns eine E-Mail schicken, um eine R\u00fcckgabeanforderung einzuleiten. Bitte geben Sie so&#8230;<\/p>","protected":false},"author":2,"featured_media":0,"parent":0,"menu_order":0,"comment_status":"closed","ping_status":"closed","template":"","meta":{"footnotes":""},"class_list":["post-5615","page","type-page","status-publish","hentry"],"yoast_head":"<!-- This site is optimized with the Yoast SEO plugin v26.5 - https:\/\/yoast.com\/wordpress\/plugins\/seo\/ -->\n<title>vapingnet.de R\u00fcckerstattungs-\/R\u00fcckgaberichtlinie | Vapingnet.de<\/title>\n<meta name=\"description\" content=\"A quick overview from vapingnet.de: vapingnet.de R\u00fcckerstattungs-\/R\u00fcckgaberichtlinie\" \/>\n<meta name=\"robots\" content=\"index, follow, max-snippet:-1, max-image-preview:large, max-video-preview:-1\" \/>\n<link rel=\"canonical\" href=\"https:\/\/vapingnet.de\/pl\/vapingnet-de-rueckerstattungs-rueckgaberichtlinie\/\" \/>\n<meta property=\"og:locale\" content=\"pl_PL\" \/>\n<meta property=\"og:type\" content=\"article\" \/>\n<meta property=\"og:title\" content=\"vapingnet.de R\u00fcckerstattungs-\/R\u00fcckgaberichtlinie | Vapingnet.de\" \/>\n<meta property=\"og:description\" content=\"A quick overview from vapingnet.de: vapingnet.de R\u00fcckerstattungs-\/R\u00fcckgaberichtlinie\" \/>\n<meta property=\"og:url\" content=\"https:\/\/vapingnet.de\/pl\/vapingnet-de-rueckerstattungs-rueckgaberichtlinie\/\" \/>\n<meta property=\"og:site_name\" content=\"Vapingnet.de\" \/>\n<meta property=\"article:publisher\" content=\"https:\/\/www.facebook.com\/vapingnetde\/\" \/>\n<meta property=\"article:modified_time\" content=\"2025-06-11T07:34:22+00:00\" \/>\n<meta name=\"twitter:card\" content=\"summary_large_image\" \/>\n<meta name=\"twitter:label1\" content=\"Est. reading time\" \/>\n\t<meta name=\"twitter:data1\" content=\"3 minutes\" \/>\n<script type=\"application\/ld+json\" class=\"yoast-schema-graph\">{\"@context\":\"https:\/\/schema.org\",\"@graph\":[{\"@type\":\"WebPage\",\"@id\":\"https:\/\/vapingnet.de\/vapingnet-de-rueckerstattungs-rueckgaberichtlinie\/\",\"url\":\"https:\/\/vapingnet.de\/vapingnet-de-rueckerstattungs-rueckgaberichtlinie\/\",\"name\":\"vapingnet.de R\u00fcckerstattungs-\/R\u00fcckgaberichtlinie | Vapingnet.de\",\"isPartOf\":{\"@id\":\"https:\/\/vapingnet.de\/#website\"},\"datePublished\":\"2025-03-18T07:14:58+00:00\",\"dateModified\":\"2025-06-11T07:34:22+00:00\",\"description\":\"A quick overview from vapingnet.de: vapingnet.de R\u00fcckerstattungs-\/R\u00fcckgaberichtlinie\",\"breadcrumb\":{\"@id\":\"https:\/\/vapingnet.de\/vapingnet-de-rueckerstattungs-rueckgaberichtlinie\/#breadcrumb\"},\"inLanguage\":\"pl-PL\",\"potentialAction\":[{\"@type\":\"ReadAction\",\"target\":[\"https:\/\/vapingnet.de\/vapingnet-de-rueckerstattungs-rueckgaberichtlinie\/\"]}]},{\"@type\":\"BreadcrumbList\",\"@id\":\"https:\/\/vapingnet.de\/vapingnet-de-rueckerstattungs-rueckgaberichtlinie\/#breadcrumb\",\"itemListElement\":[{\"@type\":\"ListItem\",\"position\":1,\"name\":\"Home\",\"item\":\"https:\/\/vapingnet.de\/\"},{\"@type\":\"ListItem\",\"position\":2,\"name\":\"vapingnet.de R\u00fcckerstattungs-\/R\u00fcckgaberichtlinie\"}]},{\"@type\":\"WebSite\",\"@id\":\"https:\/\/vapingnet.de\/#website\",\"url\":\"https:\/\/vapingnet.de\/\",\"name\":\"Vapingnet.de\",\"description\":\"\",\"publisher\":{\"@id\":\"https:\/\/vapingnet.de\/#organization\"},\"potentialAction\":[{\"@type\":\"SearchAction\",\"target\":{\"@type\":\"EntryPoint\",\"urlTemplate\":\"https:\/\/vapingnet.de\/?s={search_term_string}\"},\"query-input\":{\"@type\":\"PropertyValueSpecification\",\"valueRequired\":true,\"valueName\":\"search_term_string\"}}],\"inLanguage\":\"pl-PL\"},{\"@type\":\"Organization\",\"@id\":\"https:\/\/vapingnet.de\/#organization\",\"name\":\"Vapingnet.de\",\"url\":\"https:\/\/vapingnet.de\/\",\"logo\":{\"@type\":\"ImageObject\",\"inLanguage\":\"pl-PL\",\"@id\":\"https:\/\/vapingnet.de\/#\/schema\/logo\/image\/\",\"url\":\"https:\/\/vapingnet.de\/wp-content\/uploads\/2025\/03\/cropped-vapingnet.de_.jpg\",\"contentUrl\":\"https:\/\/vapingnet.de\/wp-content\/uploads\/2025\/03\/cropped-vapingnet.de_.jpg\",\"width\":512,\"height\":512,\"caption\":\"Vapingnet.de\"},\"image\":{\"@id\":\"https:\/\/vapingnet.de\/#\/schema\/logo\/image\/\"},\"sameAs\":[\"https:\/\/www.facebook.com\/vapingnetde\/\"]}]}<\/script>\n<!-- \/ Yoast SEO plugin. -->","yoast_head_json":{"title":"vapingnet.de R\u00fcckerstattungs-\/R\u00fcckgaberichtlinie | Vapingnet.de","description":"A quick overview from vapingnet.de: vapingnet.de R\u00fcckerstattungs-\/R\u00fcckgaberichtlinie","robots":{"index":"index","follow":"follow","max-snippet":"max-snippet:-1","max-image-preview":"max-image-preview:large","max-video-preview":"max-video-preview:-1"},"canonical":"https:\/\/vapingnet.de\/pl\/vapingnet-de-rueckerstattungs-rueckgaberichtlinie\/","og_locale":"pl_PL","og_type":"article","og_title":"vapingnet.de R\u00fcckerstattungs-\/R\u00fcckgaberichtlinie | Vapingnet.de","og_description":"A quick overview from vapingnet.de: vapingnet.de R\u00fcckerstattungs-\/R\u00fcckgaberichtlinie","og_url":"https:\/\/vapingnet.de\/pl\/vapingnet-de-rueckerstattungs-rueckgaberichtlinie\/","og_site_name":"Vapingnet.de","article_publisher":"https:\/\/www.facebook.com\/vapingnetde\/","article_modified_time":"2025-06-11T07:34:22+00:00","twitter_card":"summary_large_image","twitter_misc":{"Est. reading time":"3 minutes"},"schema":{"@context":"https:\/\/schema.org","@graph":[{"@type":"WebPage","@id":"https:\/\/vapingnet.de\/vapingnet-de-rueckerstattungs-rueckgaberichtlinie\/","url":"https:\/\/vapingnet.de\/vapingnet-de-rueckerstattungs-rueckgaberichtlinie\/","name":"vapingnet.de R\u00fcckerstattungs-\/R\u00fcckgaberichtlinie | Vapingnet.de","isPartOf":{"@id":"https:\/\/vapingnet.de\/#website"},"datePublished":"2025-03-18T07:14:58+00:00","dateModified":"2025-06-11T07:34:22+00:00","description":"A quick overview from vapingnet.de: vapingnet.de R\u00fcckerstattungs-\/R\u00fcckgaberichtlinie","breadcrumb":{"@id":"https:\/\/vapingnet.de\/vapingnet-de-rueckerstattungs-rueckgaberichtlinie\/#breadcrumb"},"inLanguage":"pl-PL","potentialAction":[{"@type":"ReadAction","target":["https:\/\/vapingnet.de\/vapingnet-de-rueckerstattungs-rueckgaberichtlinie\/"]}]},{"@type":"BreadcrumbList","@id":"https:\/\/vapingnet.de\/vapingnet-de-rueckerstattungs-rueckgaberichtlinie\/#breadcrumb","itemListElement":[{"@type":"ListItem","position":1,"name":"Home","item":"https:\/\/vapingnet.de\/"},{"@type":"ListItem","position":2,"name":"vapingnet.de R\u00fcckerstattungs-\/R\u00fcckgaberichtlinie"}]},{"@type":"WebSite","@id":"https:\/\/vapingnet.de\/#website","url":"https:\/\/vapingnet.de\/","name":"Vapingnet.de","description":"","publisher":{"@id":"https:\/\/vapingnet.de\/#organization"},"potentialAction":[{"@type":"SearchAction","target":{"@type":"EntryPoint","urlTemplate":"https:\/\/vapingnet.de\/?s={search_term_string}"},"query-input":{"@type":"PropertyValueSpecification","valueRequired":true,"valueName":"search_term_string"}}],"inLanguage":"pl-PL"},{"@type":"Organization","@id":"https:\/\/vapingnet.de\/#organization","name":"Vapingnet.de","url":"https:\/\/vapingnet.de\/","logo":{"@type":"ImageObject","inLanguage":"pl-PL","@id":"https:\/\/vapingnet.de\/#\/schema\/logo\/image\/","url":"https:\/\/vapingnet.de\/wp-content\/uploads\/2025\/03\/cropped-vapingnet.de_.jpg","contentUrl":"https:\/\/vapingnet.de\/wp-content\/uploads\/2025\/03\/cropped-vapingnet.de_.jpg","width":512,"height":512,"caption":"Vapingnet.de"},"image":{"@id":"https:\/\/vapingnet.de\/#\/schema\/logo\/image\/"},"sameAs":["https:\/\/www.facebook.com\/vapingnetde\/"]}]}},"_links":{"self":[{"href":"https:\/\/vapingnet.de\/pl\/wp-json\/wp\/v2\/pages\/5615","targetHints":{"allow":["GET"]}}],"collection":[{"href":"https:\/\/vapingnet.de\/pl\/wp-json\/wp\/v2\/pages"}],"about":[{"href":"https:\/\/vapingnet.de\/pl\/wp-json\/wp\/v2\/types\/page"}],"author":[{"embeddable":true,"href":"https:\/\/vapingnet.de\/pl\/wp-json\/wp\/v2\/users\/2"}],"replies":[{"embeddable":true,"href":"https:\/\/vapingnet.de\/pl\/wp-json\/wp\/v2\/comments?post=5615"}],"version-history":[{"count":2,"href":"https:\/\/vapingnet.de\/pl\/wp-json\/wp\/v2\/pages\/5615\/revisions"}],"predecessor-version":[{"id":7104,"href":"https:\/\/vapingnet.de\/pl\/wp-json\/wp\/v2\/pages\/5615\/revisions\/7104"}],"wp:attachment":[{"href":"https:\/\/vapingnet.de\/pl\/wp-json\/wp\/v2\/media?parent=5615"}],"curies":[{"name":"wp","href":"https:\/\/api.w.org\/{rel}","templated":true}]}}