{"id":5627,"date":"2025-03-18T07:16:05","date_gmt":"2025-03-18T07:16:05","guid":{"rendered":"https:\/\/vapingnet.de\/?page_id=5627"},"modified":"2025-12-25T07:50:32","modified_gmt":"2025-12-25T07:50:32","slug":"datenschutzrichtlinie","status":"publish","type":"page","link":"https:\/\/vapingnet.de\/pl\/datenschutzrichtlinie\/","title":{"rendered":"Polityka prywatno\u015bci"},"content":{"rendered":"<p>Niniejsza polityka prywatno\u015bci opisuje, jak Twoje dane osobowe s\u0105 zbierane, wykorzystywane i udost\u0119pniane, gdy odwiedzasz vapingnet.de lub dokonujesz zakupu.<\/p><h4 class=\"wp-block-heading\">Dane osobowe, kt\u00f3re zbieramy<\/h4><p>Gdy odwiedzasz stron\u0119 internetow\u0105, automatycznie zbieramy okre\u015blone informacje o Twoim urz\u0105dzeniu, w tym informacje o Twojej przegl\u0105darce internetowej, adresie IP, strefie czasowej oraz niekt\u00f3rych plikach cookie zainstalowanych na Twoim urz\u0105dzeniu.<br><br>Ponadto podczas przegl\u0105dania strony internetowej zbieramy informacje o poszczeg\u00f3lnych stronach lub produktach, kt\u00f3re ogl\u0105dasz, o stronach lub s\u0142owach kluczowych, do kt\u00f3rych odwo\u0142a\u0142y Ci\u0119 inne strony, oraz informacje o tym, jak wchodzisz w interakcj\u0119 ze stron\u0105. Te automatycznie zbierane informacje nazywamy \u201einformacjami o urz\u0105dzeniu\u201d.<\/p><h4 class=\"wp-block-heading\">Zbieramy informacje o urz\u0105dzeniu za pomoc\u0105 nast\u0119puj\u0105cych technologii:<\/h4><p>\u2013 \u201eCookies\u201d to pliki danych przechowywane na Twoim urz\u0105dzeniu lub komputerze, cz\u0119sto zawieraj\u0105ce anonimowy, unikalny identyfikator. Wi\u0119cej informacji o plikach cookie i ich wy\u0142\u0105czaniu znajdziesz na stronie http:\/\/www.allaboutcookies.org.<br><br>\u2013 \u201ePliki dziennika\u201d \u015bledz\u0105 dzia\u0142ania na stronie i zbieraj\u0105 dane, w tym Tw\u00f3j adres IP, typ przegl\u0105darki, dostawc\u0119 us\u0142ug internetowych, strony odsy\u0142aj\u0105ce\/wyj\u015bciowe oraz dat\u0119 i czas.<br><br>\u2013 \u201eWeb Beacons\u201d, \u201eTagi\u201d i \u201ePiksele\u201d to elektroniczne pliki s\u0142u\u017c\u0105ce do rejestrowania informacji o tym, jak przegl\u0105dasz stron\u0119.<br><br>Gdy dokonujesz zakupu lub pr\u00f3bujesz dokona\u0107 zakupu za po\u015brednictwem strony, zbieramy r\u00f3wnie\u017c okre\u015blone informacje od Ciebie, w tym Twoje imi\u0119 i nazwisko, adres rozliczeniowy, adres dostawy, dane p\u0142atno\u015bci (w tym numery kart kredytowych), adres e-mail i numer telefonu. Te informacje nazywamy \u201einformacjami o zam\u00f3wieniu\u201d.<br><br>Gdy w niniejszej polityce prywatno\u015bci m\u00f3wimy o \u201edanych osobowych\u201d, odnosimy si\u0119 zar\u00f3wno do informacji o urz\u0105dzeniu, jak i do informacji o zam\u00f3wieniu.<\/p><h4 class=\"wp-block-heading\">Jak wykorzystujemy Twoje dane osobowe?<\/h4><p>Zazwyczaj wykorzystujemy zebrane informacje o zam\u00f3wieniach do realizacji wszystkich zam\u00f3wie\u0144 z\u0142o\u017conych za po\u015brednictwem strony (w tym przetwarzania informacji o p\u0142atno\u015bciach, organizacji wysy\u0142ki oraz wystawiania faktur i\/lub potwierdze\u0144 zam\u00f3wie\u0144). Ponadto wykorzystujemy te informacje, aby:<br><br>\u2013 komunikowa\u0107 si\u0119 z Tob\u0105;<br>\u2013 sprawdza\u0107 nasze zam\u00f3wienia pod k\u0105tem potencjalnych ryzyk lub oszustw; oraz<br>\u2013 je\u015bli zgadzaj\u0105 si\u0119 z Twoimi zg\u0142oszonymi preferencjami, przekazywa\u0107 Ci informacje lub reklamy naszych produkt\u00f3w lub us\u0142ug.<br><br>Wykorzystujemy zebrane informacje o urz\u0105dzeniu, aby pom\u00f3c nam w wykrywaniu potencjalnych ryzyk i oszustw (w szczeg\u00f3lno\u015bci Tw\u00f3j adres IP) oraz og\u00f3lnie w ulepszaniu i optymalizacji naszej strony internetowej (np. poprzez tworzenie analiz dotycz\u0105cych tego, jak nasi klienci przegl\u0105daj\u0105 i wchodz\u0105 w interakcj\u0119 ze stron\u0105 oraz oceny skuteczno\u015bci naszych kampanii marketingowych i reklamowych).<\/p><h4 class=\"wp-block-heading\">Udost\u0119pnianie Twoich danych osobowych<\/h4><p>Udost\u0119pniamy Twoje dane osobowe osobom trzecim, aby wspiera\u0107 nas w korzystaniu z Twoich danych osobowych, jak opisano powy\u017cej.<br><br>U\u017cywamy r\u00f3wnie\u017c Google Analytics, aby zrozumie\u0107, jak nasi klienci korzystaj\u0105 ze strony.<\/p><p><br>Ostatecznie mo\u017cemy r\u00f3wnie\u017c udost\u0119pnia\u0107 Twoje dane osobowe w celu przestrzegania obowi\u0105zuj\u0105cych przepis\u00f3w prawa i regulacji, reagowania na wezwania, nakazy przeszukania lub inne legalne \u017c\u0105dania informacji, kt\u00f3re otrzymujemy, lub w celu ochrony naszych praw w inny spos\u00f3b.<\/p><h2 class=\"wp-block-heading\">Jak chronimy Twoje dane?<\/h2><p>Twoje dane osobowe s\u0105 przechowywane w zabezpieczonych sieciach i dost\u0119pne tylko dla ograniczonej liczby os\u00f3b posiadaj\u0105cych specjalne uprawnienia dost\u0119pu do takich system\u00f3w i zobowi\u0105zanych do zachowania poufno\u015bci informacji. Ponadto wszystkie podane przez Ciebie poufne\/dane kredytowe s\u0105 szyfrowane za pomoc\u0105 technologii Secure Socket Layer (SSL).<\/p><p>Wdra\u017camy szereg \u015brodk\u00f3w bezpiecze\u0144stwa, gdy: sk\u0142adasz zam\u00f3wienie, wprowadzasz dane, przesy\u0142asz je lub uzyskujesz do nich dost\u0119p, aby zapewni\u0107 bezpiecze\u0144stwo Twoich danych osobowych.<\/p><p>Wszystkie transakcje s\u0105 obs\u0142ugiwane przez dostawc\u0119 bramki p\u0142atniczej i nie s\u0105 przechowywane ani przetwarzane na naszych serwerach.<br><br><strong>Reklama behawioralna<br><\/strong><br>Jak opisano powy\u017cej, u\u017cywamy Twoich danych osobowych, aby dostarcza\u0107 Ci ukierunkowane reklamy lub komunikaty marketingowe, kt\u00f3re naszym zdaniem mog\u0105 Ci\u0119 zainteresowa\u0107.<br><br><br><strong>Nie \u015bled\u017a<br><\/strong><br>Prosimy pami\u0119ta\u0107, \u017ce nie zmieniamy praktyk zbierania i wykorzystywania danych na naszej stronie internetowej, gdy widzimy w Twojej przegl\u0105darce sygna\u0142 \u201eNie \u015bled\u017a\u201d.<br><br><strong>Twoje prawa<br><\/strong><br>Je\u015bli jeste\u015b mieszka\u0144cem Europy, masz prawo dost\u0119pu do danych osobowych, kt\u00f3re o Tobie przechowujemy, oraz \u017c\u0105dania ich poprawienia, zaktualizowania lub usuni\u0119cia. Je\u015bli chcesz skorzysta\u0107 z tego prawa, skontaktuj si\u0119 z nami za pomoc\u0105 danych kontaktowych podanych poni\u017cej.<br><br>Je\u015bli jeste\u015b mieszka\u0144cem Europy, informujemy r\u00f3wnie\u017c, \u017ce przetwarzamy Twoje dane w celu realizacji um\u00f3w, kt\u00f3re mo\u017cemy mie\u0107 z Tob\u0105 (np. gdy sk\u0142adasz zam\u00f3wienie za po\u015brednictwem strony internetowej), lub w celu realizacji naszych uzasadnionych interes\u00f3w biznesowych wymienionych powy\u017cej. Nale\u017cy r\u00f3wnie\u017c pami\u0119ta\u0107, \u017ce Twoje dane mog\u0105 by\u0107 przekazywane poza Europ\u0119, w tym do Kanady i Stan\u00f3w Zjednoczonych.<br><br><strong>Przechowywanie danych<br><\/strong><br>Gdy sk\u0142adasz zam\u00f3wienie za po\u015brednictwem strony internetowej, przechowujemy informacje o zam\u00f3wieniu w naszych dokumentach, chyba \u017ce poprosisz nas o ich usuni\u0119cie.<br><br><strong>Zmiany<br><\/strong><br>Mo\u017cemy od czasu do czasu aktualizowa\u0107 t\u0119 polityk\u0119 prywatno\u015bci, aby uwzgl\u0119dni\u0107 na przyk\u0142ad zmiany w naszych praktykach lub z innych powod\u00f3w operacyjnych, prawnych lub regulacyjnych.<br><br><strong>Nieletni<br><\/strong><br>Strona internetowa nie jest przeznaczona dla os\u00f3b poni\u017cej 18 roku \u017cycia.<\/p>","protected":false},"excerpt":{"rendered":"<p>Diese Datenschutzrichtlinie beschreibt, wie Ihre pers\u00f6nlichen Daten erfasst, verwendet und weitergegeben werden, wenn Sie vapingnet.de besuchen oder einen Kauf t\u00e4tigen. Pers\u00f6nliche Daten, die wir sammeln&#8230;<\/p>","protected":false},"author":2,"featured_media":0,"parent":0,"menu_order":0,"comment_status":"closed","ping_status":"closed","template":"","meta":{"footnotes":""},"class_list":["post-5627","page","type-page","status-publish","hentry"],"yoast_head":"<!-- This site is optimized with the Yoast SEO plugin v26.5 - https:\/\/yoast.com\/wordpress\/plugins\/seo\/ -->\n<title>Datenschutzrichtlinie | Vapingnet.de<\/title>\n<meta name=\"description\" content=\"A quick overview from vapingnet.de: Datenschutzrichtlinie\" \/>\n<meta name=\"robots\" content=\"index, follow, max-snippet:-1, max-image-preview:large, max-video-preview:-1\" \/>\n<link rel=\"canonical\" href=\"https:\/\/vapingnet.de\/pl\/datenschutzrichtlinie\/\" \/>\n<meta property=\"og:locale\" content=\"pl_PL\" \/>\n<meta property=\"og:type\" content=\"article\" \/>\n<meta property=\"og:title\" content=\"Datenschutzrichtlinie | Vapingnet.de\" \/>\n<meta property=\"og:description\" content=\"A quick overview from vapingnet.de: Datenschutzrichtlinie\" \/>\n<meta property=\"og:url\" content=\"https:\/\/vapingnet.de\/pl\/datenschutzrichtlinie\/\" \/>\n<meta property=\"og:site_name\" content=\"Vapingnet.de\" \/>\n<meta property=\"article:publisher\" content=\"https:\/\/www.facebook.com\/vapingnetde\/\" \/>\n<meta property=\"article:modified_time\" content=\"2025-12-25T07:50:32+00:00\" \/>\n<meta name=\"twitter:card\" content=\"summary_large_image\" \/>\n<meta name=\"twitter:label1\" content=\"Est. reading time\" \/>\n\t<meta name=\"twitter:data1\" content=\"5 minutes\" \/>\n<script type=\"application\/ld+json\" class=\"yoast-schema-graph\">{\"@context\":\"https:\/\/schema.org\",\"@graph\":[{\"@type\":\"WebPage\",\"@id\":\"https:\/\/vapingnet.de\/datenschutzrichtlinie\/\",\"url\":\"https:\/\/vapingnet.de\/datenschutzrichtlinie\/\",\"name\":\"Datenschutzrichtlinie | Vapingnet.de\",\"isPartOf\":{\"@id\":\"https:\/\/vapingnet.de\/#website\"},\"datePublished\":\"2025-03-18T07:16:05+00:00\",\"dateModified\":\"2025-12-25T07:50:32+00:00\",\"description\":\"A quick overview from vapingnet.de: Datenschutzrichtlinie\",\"breadcrumb\":{\"@id\":\"https:\/\/vapingnet.de\/datenschutzrichtlinie\/#breadcrumb\"},\"inLanguage\":\"pl-PL\",\"potentialAction\":[{\"@type\":\"ReadAction\",\"target\":[\"https:\/\/vapingnet.de\/datenschutzrichtlinie\/\"]}]},{\"@type\":\"BreadcrumbList\",\"@id\":\"https:\/\/vapingnet.de\/datenschutzrichtlinie\/#breadcrumb\",\"itemListElement\":[{\"@type\":\"ListItem\",\"position\":1,\"name\":\"Home\",\"item\":\"https:\/\/vapingnet.de\/\"},{\"@type\":\"ListItem\",\"position\":2,\"name\":\"Datenschutzrichtlinie\"}]},{\"@type\":\"WebSite\",\"@id\":\"https:\/\/vapingnet.de\/#website\",\"url\":\"https:\/\/vapingnet.de\/\",\"name\":\"Vapingnet.de\",\"description\":\"\",\"publisher\":{\"@id\":\"https:\/\/vapingnet.de\/#organization\"},\"potentialAction\":[{\"@type\":\"SearchAction\",\"target\":{\"@type\":\"EntryPoint\",\"urlTemplate\":\"https:\/\/vapingnet.de\/?s={search_term_string}\"},\"query-input\":{\"@type\":\"PropertyValueSpecification\",\"valueRequired\":true,\"valueName\":\"search_term_string\"}}],\"inLanguage\":\"pl-PL\"},{\"@type\":\"Organization\",\"@id\":\"https:\/\/vapingnet.de\/#organization\",\"name\":\"Vapingnet.de\",\"url\":\"https:\/\/vapingnet.de\/\",\"logo\":{\"@type\":\"ImageObject\",\"inLanguage\":\"pl-PL\",\"@id\":\"https:\/\/vapingnet.de\/#\/schema\/logo\/image\/\",\"url\":\"https:\/\/vapingnet.de\/wp-content\/uploads\/2025\/03\/cropped-vapingnet.de_.jpg\",\"contentUrl\":\"https:\/\/vapingnet.de\/wp-content\/uploads\/2025\/03\/cropped-vapingnet.de_.jpg\",\"width\":512,\"height\":512,\"caption\":\"Vapingnet.de\"},\"image\":{\"@id\":\"https:\/\/vapingnet.de\/#\/schema\/logo\/image\/\"},\"sameAs\":[\"https:\/\/www.facebook.com\/vapingnetde\/\"]}]}<\/script>\n<!-- \/ Yoast SEO plugin. -->","yoast_head_json":{"title":"Datenschutzrichtlinie | Vapingnet.de","description":"A quick overview from vapingnet.de: Datenschutzrichtlinie","robots":{"index":"index","follow":"follow","max-snippet":"max-snippet:-1","max-image-preview":"max-image-preview:large","max-video-preview":"max-video-preview:-1"},"canonical":"https:\/\/vapingnet.de\/pl\/datenschutzrichtlinie\/","og_locale":"pl_PL","og_type":"article","og_title":"Datenschutzrichtlinie | Vapingnet.de","og_description":"A quick overview from vapingnet.de: Datenschutzrichtlinie","og_url":"https:\/\/vapingnet.de\/pl\/datenschutzrichtlinie\/","og_site_name":"Vapingnet.de","article_publisher":"https:\/\/www.facebook.com\/vapingnetde\/","article_modified_time":"2025-12-25T07:50:32+00:00","twitter_card":"summary_large_image","twitter_misc":{"Est. reading time":"5 minutes"},"schema":{"@context":"https:\/\/schema.org","@graph":[{"@type":"WebPage","@id":"https:\/\/vapingnet.de\/datenschutzrichtlinie\/","url":"https:\/\/vapingnet.de\/datenschutzrichtlinie\/","name":"Datenschutzrichtlinie | Vapingnet.de","isPartOf":{"@id":"https:\/\/vapingnet.de\/#website"},"datePublished":"2025-03-18T07:16:05+00:00","dateModified":"2025-12-25T07:50:32+00:00","description":"A quick overview from vapingnet.de: Datenschutzrichtlinie","breadcrumb":{"@id":"https:\/\/vapingnet.de\/datenschutzrichtlinie\/#breadcrumb"},"inLanguage":"pl-PL","potentialAction":[{"@type":"ReadAction","target":["https:\/\/vapingnet.de\/datenschutzrichtlinie\/"]}]},{"@type":"BreadcrumbList","@id":"https:\/\/vapingnet.de\/datenschutzrichtlinie\/#breadcrumb","itemListElement":[{"@type":"ListItem","position":1,"name":"Home","item":"https:\/\/vapingnet.de\/"},{"@type":"ListItem","position":2,"name":"Datenschutzrichtlinie"}]},{"@type":"WebSite","@id":"https:\/\/vapingnet.de\/#website","url":"https:\/\/vapingnet.de\/","name":"Vapingnet.de","description":"","publisher":{"@id":"https:\/\/vapingnet.de\/#organization"},"potentialAction":[{"@type":"SearchAction","target":{"@type":"EntryPoint","urlTemplate":"https:\/\/vapingnet.de\/?s={search_term_string}"},"query-input":{"@type":"PropertyValueSpecification","valueRequired":true,"valueName":"search_term_string"}}],"inLanguage":"pl-PL"},{"@type":"Organization","@id":"https:\/\/vapingnet.de\/#organization","name":"Vapingnet.de","url":"https:\/\/vapingnet.de\/","logo":{"@type":"ImageObject","inLanguage":"pl-PL","@id":"https:\/\/vapingnet.de\/#\/schema\/logo\/image\/","url":"https:\/\/vapingnet.de\/wp-content\/uploads\/2025\/03\/cropped-vapingnet.de_.jpg","contentUrl":"https:\/\/vapingnet.de\/wp-content\/uploads\/2025\/03\/cropped-vapingnet.de_.jpg","width":512,"height":512,"caption":"Vapingnet.de"},"image":{"@id":"https:\/\/vapingnet.de\/#\/schema\/logo\/image\/"},"sameAs":["https:\/\/www.facebook.com\/vapingnetde\/"]}]}},"_links":{"self":[{"href":"https:\/\/vapingnet.de\/pl\/wp-json\/wp\/v2\/pages\/5627","targetHints":{"allow":["GET"]}}],"collection":[{"href":"https:\/\/vapingnet.de\/pl\/wp-json\/wp\/v2\/pages"}],"about":[{"href":"https:\/\/vapingnet.de\/pl\/wp-json\/wp\/v2\/types\/page"}],"author":[{"embeddable":true,"href":"https:\/\/vapingnet.de\/pl\/wp-json\/wp\/v2\/users\/2"}],"replies":[{"embeddable":true,"href":"https:\/\/vapingnet.de\/pl\/wp-json\/wp\/v2\/comments?post=5627"}],"version-history":[{"count":3,"href":"https:\/\/vapingnet.de\/pl\/wp-json\/wp\/v2\/pages\/5627\/revisions"}],"predecessor-version":[{"id":7417,"href":"https:\/\/vapingnet.de\/pl\/wp-json\/wp\/v2\/pages\/5627\/revisions\/7417"}],"wp:attachment":[{"href":"https:\/\/vapingnet.de\/pl\/wp-json\/wp\/v2\/media?parent=5627"}],"curies":[{"name":"wp","href":"https:\/\/api.w.org\/{rel}","templated":true}]}}