{"id":5630,"date":"2025-03-18T07:18:27","date_gmt":"2025-03-18T07:18:27","guid":{"rendered":"https:\/\/vapingnet.de\/?page_id=5630"},"modified":"2025-12-25T07:59:22","modified_gmt":"2025-12-25T07:59:22","slug":"geschaeftsbedingungen","status":"publish","type":"page","link":"https:\/\/vapingnet.de\/pl\/geschaeftsbedingungen\/","title":{"rendered":"Warunki handlowe"},"content":{"rendered":"<h2 class=\"wp-block-heading\">Warunki korzystania z witryny internetowej i informacje prawne<\/h2><p>PROSZ\u0118 UWA\u017bNIE PRZECZYTA\u0106 TE WARUNKI U\u017bYTKOWANIA PRZED SKORZYSTANIEM Z TEJ STRONY INTERNETOWEJ. KORZYSTAJ\u0104C Z TEJ STRONY, POTWIERDZAJ\u0104 I UZNJ\u0104 TE WARUNKI U\u017bYTKOWANIA. JE\u015aLI NIE ZGADZASZ SI\u0118 Z TYMI WARUNKAMI, NIE KORZYSTAJ Z TEJ STRONY.<\/p><h3 class=\"wp-block-heading\">ZGODA NA WARUNKI PRZEZ KORZYSTANIE<\/h3><p>Korzystaj\u0105c z tej strony internetowej lub klikaj\u0105c \u201eZgadzam si\u0119 z warunkami u\u017cytkowania wymienionymi tutaj\u201d, zgadzasz si\u0119 (\u201eU\u017cytkownik\u201d) na te warunki. Je\u015bli nie zgadzasz si\u0119 z tymi warunkami, nie korzystaj z tej strony i nie klikaj \u201eZgadzam si\u0119\u201d. vapingnet.de zastrzega sobie prawo do zako\u0144czenia korzystania z witryny przez u\u017cytkownika w dowolnym momencie bez uprzedzenia, zw\u0142aszcza w przypadku narusze\u0144 tej umowy lub instrukcji zamieszczonych na stronie.<\/p><h3 class=\"wp-block-heading\">MUSISZ OSI\u0104GN\u0104\u0106 WYMAGANY WIEK PRAWNY DO ZAKUPU WYROB\u00d3W TYTONIOWYCH W TWOIM S\u0104DZE, ABY ZGODZI\u0106 SI\u0118 NA NINIEJSZ\u0104 UMOW\u0118 I KORZYSTA\u0106 Z TEJ STRONY<\/h3><p>Niniejsza umowa jest uznawana i akceptowana przez osoby, kt\u00f3re osi\u0105gn\u0119\u0142y ustawowy minimalny wiek na zakup wyrob\u00f3w tytoniowych w swojej jurysdykcji. Je\u015bli nie spe\u0142niasz tego wymogu, opu\u015b\u0107 t\u0119 stron\u0119. Nie ma wyj\u0105tk\u00f3w od tej zasady.<\/p><h4 class=\"wp-block-heading\">RODO<\/h4><p>Aby w pe\u0142ni zrozumie\u0107 warunki i praktyki dzia\u0142alno\u015bci vapingnet.de oraz dowiedzie\u0107 si\u0119, jak mo\u017cna z nami prowadzi\u0107 interesy, prosimy o przeczytanie naszej polityki prywatno\u015bci.<\/p><h4 class=\"wp-block-heading\">LICENCJA NA KORZYSTANIE Z TEJ STRONY INTERNETOWEJ<\/h4><p>Zgodnie z niniejsz\u0105 umow\u0105, vapingnet.de udziela Ci niewy\u0142\u0105cznej, nieprzenoszalnej, ograniczonej licencji na korzystanie z tej strony zgodnie z postanowieniami tej umowy. Zobowi\u0105zujesz si\u0119 nie podawa\u0107 fa\u0142szywych ani oszuka\u0144czych informacji, aby uzyska\u0107 dost\u0119p do tej strony lub z niej korzysta\u0107. Przyjmujesz do wiadomo\u015bci i zgadzasz si\u0119, \u017ce ca\u0142a zawarto\u015b\u0107 i us\u0142ugi na tej stronie s\u0105 w\u0142asno\u015bci\u0105 elementvape.de i s\u0105 chronione prawami autorskimi, znakami towarowymi oraz innymi prawami w\u0142asno\u015bci w USA i na arenie mi\u0119dzynarodowej. Wszystkie prawa nie wyra\u017anie udzielone pozostaj\u0105 w pe\u0142ni zastrze\u017cone.<\/p><p>Twoje konto vapingnet.de<\/p><p>Korzystaj\u0105c z tej strony, jeste\u015b odpowiedzialny za poufno\u015b\u0107 swojego konta i has\u0142a oraz za ograniczenie dost\u0119pu do swojego komputera. Zgadzasz si\u0119 ponosi\u0107 odpowiedzialno\u015b\u0107 za wszystkie dzia\u0142ania wykonane na Twoim koncie lub przy u\u017cyciu Twojego has\u0142a. vapingnet.de sprzedaje swoje produkty i us\u0142ugi tylko osobom doros\u0142ym w wieku od 21 lat. Je\u015bli masz mniej ni\u017c 21 lat, vapingnet.de odm\u00f3wi \u015bwiadczenia us\u0142ugi i niezw\u0142ocznie zamknie Twoje konto.<\/p><p>Przekazy od u\u017cytkownik\u00f3w<\/p><p>Wszelkie materia\u0142y, informacje, pomys\u0142y lub inne komunikaty przekazywane do tej strony b\u0119d\u0105 traktowane jako niepoufne i nieobj\u0119te prawami autorskimi i mog\u0105 by\u0107 wykorzystywane przez vapingnet.de do dowolnych cel\u00f3w.<\/p><p>Informacje o gwarancji<\/p><p>Wi\u0119cej informacji znajdziesz na naszej stronie \u201eGwarancja, wysy\u0142ka i zwroty\u201d.<\/p><p>PRAWA AUTORSKIE<\/p><p>Prawa autorskie do wszystkich materia\u0142\u00f3w udost\u0119pnionych na tej stronie nale\u017c\u0105 do vapingnet.de. \u017badne materia\u0142y nie mog\u0105 by\u0107 kopiowane, reprodukowane, ponownie publikowane ani wykorzystywane w inny spos\u00f3b bez zgody.<\/p><p>ZAPISY Z RYZYKIEM<\/p><p>Ta strona jest udost\u0119pniana przez vapingnet.de \u201ew stanie takim, w jakim jest\u201d, bez \u017cadnych gwarancji, wyra\u017anych ani domniemanych.<\/p><p>OBOWI\u0104ZUJ\u0104CE PRZEPISY PRAWNE<\/p><p>Ta strona internetowa jest obs\u0142ugiwana w Polsce i podlega polskiemu prawu.<\/p><p>ZMIANY WARUNK\u00d3W U\u017bYTKOWANIA<\/p><p>vapingnet.de zastrzega sobie prawo do zmiany tych warunk\u00f3w u\u017cytkowania w dowolnym momencie. Korzystaj\u0105c z tej strony internetowej, zgadzasz si\u0119 na wszelkie zmiany.<\/p><p>Ostateczne prawo do interpretacji strony internetowej ma vapingnet.de.<\/p><p><\/p>","protected":false},"excerpt":{"rendered":"<p>Website-Nutzungsbedingungen und rechtliche Hinweise BITTE LESEN SIE DIESE NUTZUNGSBEDINGUNGEN SORGF\u00c4LTIG DURCH, BEVOR SIE DIESE WEBSITE NUTZEN. DURCH DIE NUTZUNG DIESER WEBSITE BEST\u00c4TIGEN UND ERKENNEN SIE&#8230;<\/p>","protected":false},"author":2,"featured_media":0,"parent":0,"menu_order":0,"comment_status":"closed","ping_status":"closed","template":"","meta":{"footnotes":""},"class_list":["post-5630","page","type-page","status-publish","hentry"],"yoast_head":"<!-- This site is optimized with the Yoast SEO plugin v26.5 - https:\/\/yoast.com\/wordpress\/plugins\/seo\/ -->\n<title>Nutzungsbedingungen und rechtliche Hinweise f\u00fcr vapingnet.de<\/title>\n<meta name=\"description\" content=\"vapingnet.de ist eine E-Zigaretten-Plattform mit klaren Nutzungsbedingungen, Datenschutz und Rechtsinformationen. Nutzung nur f\u00fcr vollj\u00e4hrige Personen.\" \/>\n<meta name=\"robots\" content=\"index, follow, max-snippet:-1, max-image-preview:large, max-video-preview:-1\" \/>\n<link rel=\"canonical\" href=\"https:\/\/vapingnet.de\/pl\/geschaeftsbedingungen\/\" \/>\n<meta property=\"og:locale\" content=\"pl_PL\" \/>\n<meta property=\"og:type\" content=\"article\" \/>\n<meta property=\"og:title\" content=\"Nutzungsbedingungen und rechtliche Hinweise f\u00fcr vapingnet.de\" \/>\n<meta property=\"og:description\" content=\"vapingnet.de ist eine E-Zigaretten-Plattform mit klaren Nutzungsbedingungen, Datenschutz und Rechtsinformationen. Nutzung nur f\u00fcr vollj\u00e4hrige Personen.\" \/>\n<meta property=\"og:url\" content=\"https:\/\/vapingnet.de\/pl\/geschaeftsbedingungen\/\" \/>\n<meta property=\"og:site_name\" content=\"Vapingnet.de\" \/>\n<meta property=\"article:publisher\" content=\"https:\/\/www.facebook.com\/vapingnetde\/\" \/>\n<meta property=\"article:modified_time\" content=\"2025-12-25T07:59:22+00:00\" \/>\n<meta name=\"twitter:card\" content=\"summary_large_image\" \/>\n<meta name=\"twitter:label1\" content=\"Est. reading time\" \/>\n\t<meta name=\"twitter:data1\" content=\"3 minutes\" \/>\n<script type=\"application\/ld+json\" class=\"yoast-schema-graph\">{\"@context\":\"https:\/\/schema.org\",\"@graph\":[{\"@type\":\"WebPage\",\"@id\":\"https:\/\/vapingnet.de\/geschaeftsbedingungen\/\",\"url\":\"https:\/\/vapingnet.de\/geschaeftsbedingungen\/\",\"name\":\"Nutzungsbedingungen und rechtliche Hinweise f\u00fcr vapingnet.de\",\"isPartOf\":{\"@id\":\"https:\/\/vapingnet.de\/#website\"},\"datePublished\":\"2025-03-18T07:18:27+00:00\",\"dateModified\":\"2025-12-25T07:59:22+00:00\",\"description\":\"vapingnet.de ist eine E-Zigaretten-Plattform mit klaren Nutzungsbedingungen, Datenschutz und Rechtsinformationen. Nutzung nur f\u00fcr vollj\u00e4hrige Personen.\",\"breadcrumb\":{\"@id\":\"https:\/\/vapingnet.de\/geschaeftsbedingungen\/#breadcrumb\"},\"inLanguage\":\"pl-PL\",\"potentialAction\":[{\"@type\":\"ReadAction\",\"target\":[\"https:\/\/vapingnet.de\/geschaeftsbedingungen\/\"]}]},{\"@type\":\"BreadcrumbList\",\"@id\":\"https:\/\/vapingnet.de\/geschaeftsbedingungen\/#breadcrumb\",\"itemListElement\":[{\"@type\":\"ListItem\",\"position\":1,\"name\":\"Home\",\"item\":\"https:\/\/vapingnet.de\/\"},{\"@type\":\"ListItem\",\"position\":2,\"name\":\"Gesch\u00e4ftsbedingungen\"}]},{\"@type\":\"WebSite\",\"@id\":\"https:\/\/vapingnet.de\/#website\",\"url\":\"https:\/\/vapingnet.de\/\",\"name\":\"Vapingnet.de\",\"description\":\"\",\"publisher\":{\"@id\":\"https:\/\/vapingnet.de\/#organization\"},\"potentialAction\":[{\"@type\":\"SearchAction\",\"target\":{\"@type\":\"EntryPoint\",\"urlTemplate\":\"https:\/\/vapingnet.de\/?s={search_term_string}\"},\"query-input\":{\"@type\":\"PropertyValueSpecification\",\"valueRequired\":true,\"valueName\":\"search_term_string\"}}],\"inLanguage\":\"pl-PL\"},{\"@type\":\"Organization\",\"@id\":\"https:\/\/vapingnet.de\/#organization\",\"name\":\"Vapingnet.de\",\"url\":\"https:\/\/vapingnet.de\/\",\"logo\":{\"@type\":\"ImageObject\",\"inLanguage\":\"pl-PL\",\"@id\":\"https:\/\/vapingnet.de\/#\/schema\/logo\/image\/\",\"url\":\"https:\/\/vapingnet.de\/wp-content\/uploads\/2025\/03\/cropped-vapingnet.de_.jpg\",\"contentUrl\":\"https:\/\/vapingnet.de\/wp-content\/uploads\/2025\/03\/cropped-vapingnet.de_.jpg\",\"width\":512,\"height\":512,\"caption\":\"Vapingnet.de\"},\"image\":{\"@id\":\"https:\/\/vapingnet.de\/#\/schema\/logo\/image\/\"},\"sameAs\":[\"https:\/\/www.facebook.com\/vapingnetde\/\"]}]}<\/script>\n<!-- \/ Yoast SEO plugin. -->","yoast_head_json":{"title":"Nutzungsbedingungen und rechtliche Hinweise f\u00fcr vapingnet.de","description":"vapingnet.de ist eine E-Zigaretten-Plattform mit klaren Nutzungsbedingungen, Datenschutz und Rechtsinformationen. Nutzung nur f\u00fcr vollj\u00e4hrige Personen.","robots":{"index":"index","follow":"follow","max-snippet":"max-snippet:-1","max-image-preview":"max-image-preview:large","max-video-preview":"max-video-preview:-1"},"canonical":"https:\/\/vapingnet.de\/pl\/geschaeftsbedingungen\/","og_locale":"pl_PL","og_type":"article","og_title":"Nutzungsbedingungen und rechtliche Hinweise f\u00fcr vapingnet.de","og_description":"vapingnet.de ist eine E-Zigaretten-Plattform mit klaren Nutzungsbedingungen, Datenschutz und Rechtsinformationen. Nutzung nur f\u00fcr vollj\u00e4hrige Personen.","og_url":"https:\/\/vapingnet.de\/pl\/geschaeftsbedingungen\/","og_site_name":"Vapingnet.de","article_publisher":"https:\/\/www.facebook.com\/vapingnetde\/","article_modified_time":"2025-12-25T07:59:22+00:00","twitter_card":"summary_large_image","twitter_misc":{"Est. reading time":"3 minutes"},"schema":{"@context":"https:\/\/schema.org","@graph":[{"@type":"WebPage","@id":"https:\/\/vapingnet.de\/geschaeftsbedingungen\/","url":"https:\/\/vapingnet.de\/geschaeftsbedingungen\/","name":"Nutzungsbedingungen und rechtliche Hinweise f\u00fcr vapingnet.de","isPartOf":{"@id":"https:\/\/vapingnet.de\/#website"},"datePublished":"2025-03-18T07:18:27+00:00","dateModified":"2025-12-25T07:59:22+00:00","description":"vapingnet.de ist eine E-Zigaretten-Plattform mit klaren Nutzungsbedingungen, Datenschutz und Rechtsinformationen. Nutzung nur f\u00fcr vollj\u00e4hrige Personen.","breadcrumb":{"@id":"https:\/\/vapingnet.de\/geschaeftsbedingungen\/#breadcrumb"},"inLanguage":"pl-PL","potentialAction":[{"@type":"ReadAction","target":["https:\/\/vapingnet.de\/geschaeftsbedingungen\/"]}]},{"@type":"BreadcrumbList","@id":"https:\/\/vapingnet.de\/geschaeftsbedingungen\/#breadcrumb","itemListElement":[{"@type":"ListItem","position":1,"name":"Home","item":"https:\/\/vapingnet.de\/"},{"@type":"ListItem","position":2,"name":"Gesch\u00e4ftsbedingungen"}]},{"@type":"WebSite","@id":"https:\/\/vapingnet.de\/#website","url":"https:\/\/vapingnet.de\/","name":"Vapingnet.de","description":"","publisher":{"@id":"https:\/\/vapingnet.de\/#organization"},"potentialAction":[{"@type":"SearchAction","target":{"@type":"EntryPoint","urlTemplate":"https:\/\/vapingnet.de\/?s={search_term_string}"},"query-input":{"@type":"PropertyValueSpecification","valueRequired":true,"valueName":"search_term_string"}}],"inLanguage":"pl-PL"},{"@type":"Organization","@id":"https:\/\/vapingnet.de\/#organization","name":"Vapingnet.de","url":"https:\/\/vapingnet.de\/","logo":{"@type":"ImageObject","inLanguage":"pl-PL","@id":"https:\/\/vapingnet.de\/#\/schema\/logo\/image\/","url":"https:\/\/vapingnet.de\/wp-content\/uploads\/2025\/03\/cropped-vapingnet.de_.jpg","contentUrl":"https:\/\/vapingnet.de\/wp-content\/uploads\/2025\/03\/cropped-vapingnet.de_.jpg","width":512,"height":512,"caption":"Vapingnet.de"},"image":{"@id":"https:\/\/vapingnet.de\/#\/schema\/logo\/image\/"},"sameAs":["https:\/\/www.facebook.com\/vapingnetde\/"]}]}},"_links":{"self":[{"href":"https:\/\/vapingnet.de\/pl\/wp-json\/wp\/v2\/pages\/5630","targetHints":{"allow":["GET"]}}],"collection":[{"href":"https:\/\/vapingnet.de\/pl\/wp-json\/wp\/v2\/pages"}],"about":[{"href":"https:\/\/vapingnet.de\/pl\/wp-json\/wp\/v2\/types\/page"}],"author":[{"embeddable":true,"href":"https:\/\/vapingnet.de\/pl\/wp-json\/wp\/v2\/users\/2"}],"replies":[{"embeddable":true,"href":"https:\/\/vapingnet.de\/pl\/wp-json\/wp\/v2\/comments?post=5630"}],"version-history":[{"count":1,"href":"https:\/\/vapingnet.de\/pl\/wp-json\/wp\/v2\/pages\/5630\/revisions"}],"predecessor-version":[{"id":5631,"href":"https:\/\/vapingnet.de\/pl\/wp-json\/wp\/v2\/pages\/5630\/revisions\/5631"}],"wp:attachment":[{"href":"https:\/\/vapingnet.de\/pl\/wp-json\/wp\/v2\/media?parent=5630"}],"curies":[{"name":"wp","href":"https:\/\/api.w.org\/{rel}","templated":true}]}}