{"id":5632,"date":"2025-03-18T07:22:10","date_gmt":"2025-03-18T07:22:10","guid":{"rendered":"https:\/\/vapingnet.de\/?page_id=5632"},"modified":"2025-12-25T08:09:34","modified_gmt":"2025-12-25T08:09:34","slug":"versandart","status":"publish","type":"page","link":"https:\/\/vapingnet.de\/pl\/versandart\/","title":{"rendered":"Rodzaj wysy\u0142ki"},"content":{"rendered":"<h2 class=\"wp-block-heading\">Warunki wysy\u0142ki przy vapingnet.de<\/h2><p>Dla wszystkich rodzaj\u00f3w wysy\u0142ki vapingnet.de oblicza jedynie koszty wysy\u0142ki, wy\u0142\u0105czaj\u0105c ewentualne podatki i c\u0142a. Prosimy pami\u0119ta\u0107, \u017ce wszelkie podatki i c\u0142a na miejscu docelowym s\u0105 odpowiedzialno\u015bci\u0105 klienta.<\/p><p>Je\u015bli posiadasz w\u0142asny rodzaj wysy\u0142ki lub w\u0142asnego spedytora w Chinach, prosimy o kontakt i podanie odpowiednich informacji. Wtedy wy\u015blemy zam\u00f3wienie do Twojego magazynu lub spedytora.<\/p><h3 class=\"wp-block-heading\">Transport magazynowy w Europie<\/h3><ul class=\"wp-block-list\"><li><strong>Rodzaj wysy\u0142ki<\/strong>: DHL, UPS<\/li>\n\n<li><strong>Czas dostawy do Deutschland<\/strong>: 2-3 dni robocze<\/li>\n\n<li><strong>Czas dostawy do kraj\u00f3w UE<\/strong>: 3-4 dni robocze<\/li><\/ul><h3 class=\"wp-block-heading\">Transport magazynowy poza Europ\u0105<\/h3><ul class=\"wp-block-list\"><li><strong>Rodzaj wysy\u0142ki<\/strong>: DHL, UPS<\/li>\n\n<li><strong>Kraje docelowe<\/strong>: Kraje Unii Europejskiej<\/li>\n\n<li><strong>Szacowany czas dostawy<\/strong>: 12-20 dni roboczych<\/li><\/ul><p><strong>Uwaga:<\/strong>\u00a0Darmowa wysy\u0142ka do kraj\u00f3w UE przy zam\u00f3wieniach powy\u017cej 3000 \u20ac.<\/p><h3 class=\"wp-block-heading\">Jak sprawdzi\u0107 koszty wysy\u0142ki do miejsca docelowego?<\/h3><p>Koszty wysy\u0142ki r\u00f3\u017cni\u0105 si\u0119 w zale\u017cno\u015bci od wagi produktu, miejsca docelowego, rodzaju wysy\u0142ki i innych czynnik\u00f3w. Szczeg\u00f3\u0142owe informacje o cenach znajdziesz na stronie finalizacji zam\u00f3wienia. Prosimy najpierw wpisa\u0107 adres dostawy, aby zobaczy\u0107 dok\u0142adne koszty.<\/p><h3 class=\"wp-block-heading\">Obs\u0142uga cel i op\u0142at importowych<\/h3><p>Zalecamy skonsultowanie si\u0119 z lokalnymi organami celnymi przed z\u0142o\u017ceniem zam\u00f3wienia, aby uzyska\u0107 informacje na temat ewentualnych op\u0142at celnych, podatk\u00f3w i op\u0142at importowych. Dla niekt\u00f3rych produkt\u00f3w mog\u0105 by\u0107 wymagane specjalne pozwolenia lub licencje.<\/p><p><strong>vapingnet.de<\/strong>&nbsp;nie ponosi odpowiedzialno\u015bci za produkty odrzucone, zaj\u0119te lub zniszczone przez s\u0142u\u017cby celne w Twoim kraju. Poniewa\u017c wysy\u0142ka odbywa si\u0119 z Hongkongu (wolny port), rz\u0105d Hongkongu nie pobiera podatku VAT ani ce\u0142. Podatki w kraju docelowym ponosi klient.<\/p>","protected":false},"excerpt":{"rendered":"<p>Versandbedingungen bei vapingnet.de F\u00fcr alle Versandarten berechnet vapingnet.de lediglich die Versandkosten, exklusive etwaiger Steuern und Z\u00f6lle. Bitte beachten Sie, dass alle im Zielland anfallenden Steuern&#8230;<\/p>","protected":false},"author":2,"featured_media":0,"parent":0,"menu_order":0,"comment_status":"closed","ping_status":"closed","template":"","meta":{"footnotes":""},"class_list":["post-5632","page","type-page","status-publish","hentry"],"yoast_head":"<!-- This site is optimized with the Yoast SEO plugin v26.5 - https:\/\/yoast.com\/wordpress\/plugins\/seo\/ -->\n<title>Versandart | Vapingnet.de<\/title>\n<meta name=\"description\" content=\"A quick overview from vapingnet.de: Versandart\" \/>\n<meta name=\"robots\" content=\"index, follow, max-snippet:-1, max-image-preview:large, max-video-preview:-1\" \/>\n<link rel=\"canonical\" href=\"https:\/\/vapingnet.de\/pl\/versandart\/\" \/>\n<meta property=\"og:locale\" content=\"pl_PL\" \/>\n<meta property=\"og:type\" content=\"article\" \/>\n<meta property=\"og:title\" content=\"Versandart | Vapingnet.de\" \/>\n<meta property=\"og:description\" content=\"A quick overview from vapingnet.de: Versandart\" \/>\n<meta property=\"og:url\" content=\"https:\/\/vapingnet.de\/pl\/versandart\/\" \/>\n<meta property=\"og:site_name\" content=\"Vapingnet.de\" \/>\n<meta property=\"article:publisher\" content=\"https:\/\/www.facebook.com\/vapingnetde\/\" \/>\n<meta property=\"article:modified_time\" content=\"2025-12-25T08:09:34+00:00\" \/>\n<meta name=\"twitter:card\" content=\"summary_large_image\" \/>\n<meta name=\"twitter:label1\" content=\"Est. reading time\" \/>\n\t<meta name=\"twitter:data1\" content=\"2 minutes\" \/>\n<script type=\"application\/ld+json\" class=\"yoast-schema-graph\">{\"@context\":\"https:\/\/schema.org\",\"@graph\":[{\"@type\":\"WebPage\",\"@id\":\"https:\/\/vapingnet.de\/versandart\/\",\"url\":\"https:\/\/vapingnet.de\/versandart\/\",\"name\":\"Versandart | Vapingnet.de\",\"isPartOf\":{\"@id\":\"https:\/\/vapingnet.de\/#website\"},\"datePublished\":\"2025-03-18T07:22:10+00:00\",\"dateModified\":\"2025-12-25T08:09:34+00:00\",\"description\":\"A quick overview from vapingnet.de: Versandart\",\"breadcrumb\":{\"@id\":\"https:\/\/vapingnet.de\/versandart\/#breadcrumb\"},\"inLanguage\":\"pl-PL\",\"potentialAction\":[{\"@type\":\"ReadAction\",\"target\":[\"https:\/\/vapingnet.de\/versandart\/\"]}]},{\"@type\":\"BreadcrumbList\",\"@id\":\"https:\/\/vapingnet.de\/versandart\/#breadcrumb\",\"itemListElement\":[{\"@type\":\"ListItem\",\"position\":1,\"name\":\"Home\",\"item\":\"https:\/\/vapingnet.de\/\"},{\"@type\":\"ListItem\",\"position\":2,\"name\":\"Versandart\"}]},{\"@type\":\"WebSite\",\"@id\":\"https:\/\/vapingnet.de\/#website\",\"url\":\"https:\/\/vapingnet.de\/\",\"name\":\"Vapingnet.de\",\"description\":\"\",\"publisher\":{\"@id\":\"https:\/\/vapingnet.de\/#organization\"},\"potentialAction\":[{\"@type\":\"SearchAction\",\"target\":{\"@type\":\"EntryPoint\",\"urlTemplate\":\"https:\/\/vapingnet.de\/?s={search_term_string}\"},\"query-input\":{\"@type\":\"PropertyValueSpecification\",\"valueRequired\":true,\"valueName\":\"search_term_string\"}}],\"inLanguage\":\"pl-PL\"},{\"@type\":\"Organization\",\"@id\":\"https:\/\/vapingnet.de\/#organization\",\"name\":\"Vapingnet.de\",\"url\":\"https:\/\/vapingnet.de\/\",\"logo\":{\"@type\":\"ImageObject\",\"inLanguage\":\"pl-PL\",\"@id\":\"https:\/\/vapingnet.de\/#\/schema\/logo\/image\/\",\"url\":\"https:\/\/vapingnet.de\/wp-content\/uploads\/2025\/03\/cropped-vapingnet.de_.jpg\",\"contentUrl\":\"https:\/\/vapingnet.de\/wp-content\/uploads\/2025\/03\/cropped-vapingnet.de_.jpg\",\"width\":512,\"height\":512,\"caption\":\"Vapingnet.de\"},\"image\":{\"@id\":\"https:\/\/vapingnet.de\/#\/schema\/logo\/image\/\"},\"sameAs\":[\"https:\/\/www.facebook.com\/vapingnetde\/\"]}]}<\/script>\n<!-- \/ Yoast SEO plugin. -->","yoast_head_json":{"title":"Versandart | Vapingnet.de","description":"A quick overview from vapingnet.de: Versandart","robots":{"index":"index","follow":"follow","max-snippet":"max-snippet:-1","max-image-preview":"max-image-preview:large","max-video-preview":"max-video-preview:-1"},"canonical":"https:\/\/vapingnet.de\/pl\/versandart\/","og_locale":"pl_PL","og_type":"article","og_title":"Versandart | Vapingnet.de","og_description":"A quick overview from vapingnet.de: Versandart","og_url":"https:\/\/vapingnet.de\/pl\/versandart\/","og_site_name":"Vapingnet.de","article_publisher":"https:\/\/www.facebook.com\/vapingnetde\/","article_modified_time":"2025-12-25T08:09:34+00:00","twitter_card":"summary_large_image","twitter_misc":{"Est. reading time":"2 minutes"},"schema":{"@context":"https:\/\/schema.org","@graph":[{"@type":"WebPage","@id":"https:\/\/vapingnet.de\/versandart\/","url":"https:\/\/vapingnet.de\/versandart\/","name":"Versandart | Vapingnet.de","isPartOf":{"@id":"https:\/\/vapingnet.de\/#website"},"datePublished":"2025-03-18T07:22:10+00:00","dateModified":"2025-12-25T08:09:34+00:00","description":"A quick overview from vapingnet.de: Versandart","breadcrumb":{"@id":"https:\/\/vapingnet.de\/versandart\/#breadcrumb"},"inLanguage":"pl-PL","potentialAction":[{"@type":"ReadAction","target":["https:\/\/vapingnet.de\/versandart\/"]}]},{"@type":"BreadcrumbList","@id":"https:\/\/vapingnet.de\/versandart\/#breadcrumb","itemListElement":[{"@type":"ListItem","position":1,"name":"Home","item":"https:\/\/vapingnet.de\/"},{"@type":"ListItem","position":2,"name":"Versandart"}]},{"@type":"WebSite","@id":"https:\/\/vapingnet.de\/#website","url":"https:\/\/vapingnet.de\/","name":"Vapingnet.de","description":"","publisher":{"@id":"https:\/\/vapingnet.de\/#organization"},"potentialAction":[{"@type":"SearchAction","target":{"@type":"EntryPoint","urlTemplate":"https:\/\/vapingnet.de\/?s={search_term_string}"},"query-input":{"@type":"PropertyValueSpecification","valueRequired":true,"valueName":"search_term_string"}}],"inLanguage":"pl-PL"},{"@type":"Organization","@id":"https:\/\/vapingnet.de\/#organization","name":"Vapingnet.de","url":"https:\/\/vapingnet.de\/","logo":{"@type":"ImageObject","inLanguage":"pl-PL","@id":"https:\/\/vapingnet.de\/#\/schema\/logo\/image\/","url":"https:\/\/vapingnet.de\/wp-content\/uploads\/2025\/03\/cropped-vapingnet.de_.jpg","contentUrl":"https:\/\/vapingnet.de\/wp-content\/uploads\/2025\/03\/cropped-vapingnet.de_.jpg","width":512,"height":512,"caption":"Vapingnet.de"},"image":{"@id":"https:\/\/vapingnet.de\/#\/schema\/logo\/image\/"},"sameAs":["https:\/\/www.facebook.com\/vapingnetde\/"]}]}},"_links":{"self":[{"href":"https:\/\/vapingnet.de\/pl\/wp-json\/wp\/v2\/pages\/5632","targetHints":{"allow":["GET"]}}],"collection":[{"href":"https:\/\/vapingnet.de\/pl\/wp-json\/wp\/v2\/pages"}],"about":[{"href":"https:\/\/vapingnet.de\/pl\/wp-json\/wp\/v2\/types\/page"}],"author":[{"embeddable":true,"href":"https:\/\/vapingnet.de\/pl\/wp-json\/wp\/v2\/users\/2"}],"replies":[{"embeddable":true,"href":"https:\/\/vapingnet.de\/pl\/wp-json\/wp\/v2\/comments?post=5632"}],"version-history":[{"count":2,"href":"https:\/\/vapingnet.de\/pl\/wp-json\/wp\/v2\/pages\/5632\/revisions"}],"predecessor-version":[{"id":7418,"href":"https:\/\/vapingnet.de\/pl\/wp-json\/wp\/v2\/pages\/5632\/revisions\/7418"}],"wp:attachment":[{"href":"https:\/\/vapingnet.de\/pl\/wp-json\/wp\/v2\/media?parent=5632"}],"curies":[{"name":"wp","href":"https:\/\/api.w.org\/{rel}","templated":true}]}}