{"id":4959,"date":"2025-03-11T03:02:20","date_gmt":"2025-03-11T03:02:20","guid":{"rendered":"https:\/\/vapingnet.de\/?post_type=product&#038;p=4959"},"modified":"2025-12-18T07:47:46","modified_gmt":"2025-12-18T07:47:46","slug":"randm-tornado-7000-peach-ice-dein-sommer-vape-hit","status":"publish","type":"product","link":"https:\/\/vapingnet.de\/pl\/vape\/randm-tornado-7000-peach-ice-dein-sommer-vape-hit\/","title":{"rendered":"RandM Tornado 7000 Peach Ice Tw\u00f3j letni hit vape"},"content":{"rendered":"<h2 data-start=\"0\" data-end=\"66\">RandM Tornado 7000 \u2013 Maksymalna przyjemno\u015b\u0107 z vapingu w stylowym wydaniu!<\/h2>\n<p data-start=\"68\" data-end=\"391\">Szukasz wydajnego, trwa\u0142ego i stylowego <a href=\"https:\/\/vapingnet.de\/pl\/\" target=\"_blank\" rel=\"noopener\"><strong>E-papierosa<\/strong><\/a>? To RandM Tornado 7000 jest idealne dla Ciebie! Z 7000 zaci\u0105gni\u0119ciami, osza\u0142amiaj\u0105cym pod\u015bwietleniem RGB i mesh-coilem dla niezr\u00f3wnanie delikatnego do\u015bwiadczenia vapingu \u0142\u0105czy najnowsz\u0105 technologi\u0119 z modnym designem.<\/p>\n<h4 data-start=\"400\" data-end=\"443\">\ud83d\udd25 Wydajny i d\u0142ugotrwa\u0142y<\/h4>\n<p data-start=\"444\" data-end=\"728\">Akumulator 850mAh z szybkim \u0142adowaniem Type-C zapewnia wyj\u0105tkowo d\u0142ugi czas u\u017cytkowania. Koniec z problemami z pustymi jednorazowymi e-papierosami \u2013 po prostu na\u0142aduj i ciesz si\u0119 dalej! Z <a href=\"https:\/\/vapingnet.de\/pl\/k\/vape-7000-zuege\/\" target=\"_blank\" rel=\"noopener\"><strong>7000 zaci\u0105gni\u0119ciami<\/strong><\/a> RandM Tornado 7000 oferuje znacznie d\u0142u\u017csz\u0105 \u017cywotno\u015b\u0107 ni\u017c tradycyjne modele.<\/p>\n<h4 data-start=\"730\" data-end=\"791\">\ud83c\udf51 Peach Ice \u2013 Owocowa, orze\u017awiaj\u0105ca eksplozja smaku<\/h4>\n<p data-start=\"792\" data-end=\"1124\">Dzi\u0119ki 14ml du\u017cemu zbiornikowi na liquid do\u015bwiadczysz d\u0142ugotrwa\u0142ej przyjemno\u015bci z ka\u017cdym zaci\u0105gni\u0119ciem. Idealne po\u0142\u0105czenie s\u0142odkiego, soczystego brzoskwini i orze\u017awiaj\u0105cej ch\u0142odz\u0105cej nuty zapewnia intensywne doznania smakowe. Z nikotyn\u0105 2 % vapowanie jest przyjemnie delikatne, nie trac\u0105c przy tym po\u017c\u0105danego uczucia mrowienia w gardle.<\/p>\n<h4 data-start=\"1126\" data-end=\"1173\">\ud83c\udf08 Pod\u015bwietlenie RGB \u2013 Vapowanie w stylu<\/h4>\n<p data-start=\"1174\" data-end=\"1384\">Unikalny 6-kolorowy design LED RGB sprawia, \u017ce Tw\u00f3j e-papieros przyci\u0105ga wzrok! Kolory zmieniaj\u0105 si\u0119 w zale\u017cno\u015bci od zaci\u0105gni\u0119cia i tworz\u0105 fajn\u0105 atmosfer\u0119 \u2013 idealne na relaksuj\u0105ce wieczory lub imprezy.<\/p>\n<h4 data-start=\"1386\" data-end=\"1458\">\u26a1 Technologia mesh-coil \u2013 Intensywny smak i delikatny dym<\/h4>\n<p data-start=\"1459\" data-end=\"1686\">Mesh-coil 1,2\u03a9 zapewnia r\u00f3wnomierne odparowywanie liquidu i oferuje pe\u0142ne, intensywne smaki oraz przyjemnie delikatne vapowanie. Brak suchych zaci\u0105gni\u0119\u0107, brak przegrzewania \u2013 tylko czysta przyjemno\u015b\u0107!<\/p>\n<h3>\ud83c\udfaf Dlaczego RandM Tornado 7000?<\/h3>\n<p data-start=\"1734\" data-end=\"2078\">\u2705 7000 zaci\u0105gni\u0119\u0107 \u2013 D\u0142ugotrwa\u0142a przyjemno\u015b\u0107 vapowania<br data-start=\"1784\" data-end=\"1787\" \/>\u2705 Akumulator 850mAh z \u0142adowaniem Type-C \u2013 Wielokrotnego u\u017cytku i przyjazny dla \u015brodowiska<br data-start=\"1861\" data-end=\"1864\" \/>\u2705 Pod\u015bwietlenie RGB \u2013 Sze\u015b\u0107 kolor\u00f3w dla stylowego vapowania<br data-start=\"1933\" data-end=\"1936\" \/>\u2705 Technologia mesh-coil \u2013 Delikatny, intensywny smak bez kompromis\u00f3w<br data-start=\"2012\" data-end=\"2015\" \/>\u2705 14ml pojemno\u015bci p\u0142ynu \u2013 wi\u0119cej zawarto\u015bci dla d\u0142u\u017cszej przyjemno\u015bci<\/p>\n<p data-start=\"2080\" data-end=\"2306\">\ud83d\ude80 RandM Tornado 7000 \u2013 Idealne po\u0142\u0105czenie technologii, stylu i smaku!<br data-start=\"2170\" data-end=\"2173\" \/>Niezale\u017cnie od tego, czy na co dzie\u0144, czy od \u015bwi\u0119ta \u2013 do\u015bwiadcz vapowania na nowym poziomie i ciesz si\u0119 ka\u017cdym zaci\u0105gni\u0119ciem z maksymaln\u0105 przyjemno\u015bci\u0105. \ud83d\udca8\ud83d\udd25<\/p>\n<p data-start=\"2308\" data-end=\"2372\" data-is-last-node=\"\" data-is-only-node=\"\">Wypr\u00f3buj teraz i do\u015bwiadcz najlepszych wra\u017ce\u0144 z vapingu!<\/p>","protected":false},"excerpt":{"rendered":"<p>Wysokiej jako\u015bci elektroniczne papierosy\ud83d\udd25, wysy\u0142ka bezpo\u015brednio z magazynu w Bremie, dostawa w ci\u0105gu 2-4 dni!<\/p>","protected":false},"featured_media":4960,"template":"","meta":[],"etheme_brands":[],"product_brand":[96],"product_cat":[89,59,49,61],"product_tag":[],"class_list":{"0":"post-4959","1":"product","2":"type-product","3":"status-publish","4":"has-post-thumbnail","6":"product_brand-randm-vape","7":"product_cat-vape-7000-zuege","8":"product_cat-de","9":"product_cat-einweg-e-zigarette","10":"product_cat-f","12":"first","13":"instock","14":"shipping-taxable","15":"purchasable","16":"product-type-variable"},"yoast_head":"<!-- This site is optimized with the Yoast SEO plugin v26.5 - https:\/\/yoast.com\/wordpress\/plugins\/seo\/ -->\n<title>RandM Tornado 7000 Peach Ice Dein Sommer Vape Hit | Vapingnet.de<\/title>\n<meta name=\"description\" content=\"Entdecke RandM Tornado 7000 Peach Ice Dein Sommer Vape Hit bei vapingnet.de, \u25ba Gro\u00dfe Auswahl an Geschmacksrichtungen &amp; super g\u00fcnstig!\" \/>\n<meta name=\"robots\" content=\"index, follow, max-snippet:-1, max-image-preview:large, max-video-preview:-1\" \/>\n<link rel=\"canonical\" href=\"https:\/\/vapingnet.de\/pl\/vape\/randm-tornado-7000-peach-ice-dein-sommer-vape-hit\/\" \/>\n<meta property=\"og:locale\" content=\"pl_PL\" \/>\n<meta property=\"og:type\" content=\"article\" \/>\n<meta property=\"og:title\" content=\"RandM Tornado 7000 Peach Ice Dein Sommer Vape Hit | Vapingnet.de\" \/>\n<meta property=\"og:description\" content=\"Entdecke RandM Tornado 7000 Peach Ice Dein Sommer Vape Hit bei vapingnet.de, \u25ba Gro\u00dfe Auswahl an Geschmacksrichtungen &amp; super g\u00fcnstig!\" \/>\n<meta property=\"og:url\" content=\"https:\/\/vapingnet.de\/pl\/vape\/randm-tornado-7000-peach-ice-dein-sommer-vape-hit\/\" \/>\n<meta property=\"og:site_name\" content=\"Vapingnet.de\" \/>\n<meta property=\"article:publisher\" content=\"https:\/\/www.facebook.com\/vapingnetde\/\" \/>\n<meta property=\"article:modified_time\" content=\"2025-12-18T07:47:46+00:00\" \/>\n<meta property=\"og:image\" content=\"https:\/\/vapingnet.de\/wp-content\/uploads\/2025\/03\/randm-tornado-7000-peach-ice.webp\" \/>\n\t<meta property=\"og:image:width\" content=\"1000\" \/>\n\t<meta property=\"og:image:height\" content=\"1000\" \/>\n\t<meta property=\"og:image:type\" content=\"image\/webp\" \/>\n<meta name=\"twitter:card\" content=\"summary_large_image\" \/>\n<meta name=\"twitter:label1\" content=\"Est. reading time\" \/>\n\t<meta name=\"twitter:data1\" content=\"2 minutes\" \/>\n<script type=\"application\/ld+json\" class=\"yoast-schema-graph\">{\"@context\":\"https:\/\/schema.org\",\"@graph\":[{\"@type\":\"WebPage\",\"@id\":\"https:\/\/vapingnet.de\/vape\/randm-tornado-7000-peach-ice-dein-sommer-vape-hit\/\",\"url\":\"https:\/\/vapingnet.de\/vape\/randm-tornado-7000-peach-ice-dein-sommer-vape-hit\/\",\"name\":\"RandM Tornado 7000 Peach Ice Dein Sommer Vape Hit | Vapingnet.de\",\"isPartOf\":{\"@id\":\"https:\/\/vapingnet.de\/#website\"},\"primaryImageOfPage\":{\"@id\":\"https:\/\/vapingnet.de\/vape\/randm-tornado-7000-peach-ice-dein-sommer-vape-hit\/#primaryimage\"},\"image\":{\"@id\":\"https:\/\/vapingnet.de\/vape\/randm-tornado-7000-peach-ice-dein-sommer-vape-hit\/#primaryimage\"},\"thumbnailUrl\":\"https:\/\/vapingnet.de\/wp-content\/uploads\/2025\/03\/randm-tornado-7000-peach-ice.webp\",\"datePublished\":\"2025-03-11T03:02:20+00:00\",\"dateModified\":\"2025-12-18T07:47:46+00:00\",\"description\":\"Entdecke RandM Tornado 7000 Peach Ice Dein Sommer Vape Hit bei vapingnet.de, \u25ba Gro\u00dfe Auswahl an Geschmacksrichtungen & super g\u00fcnstig!\",\"breadcrumb\":{\"@id\":\"https:\/\/vapingnet.de\/vape\/randm-tornado-7000-peach-ice-dein-sommer-vape-hit\/#breadcrumb\"},\"inLanguage\":\"pl-PL\",\"potentialAction\":[{\"@type\":\"ReadAction\",\"target\":[\"https:\/\/vapingnet.de\/vape\/randm-tornado-7000-peach-ice-dein-sommer-vape-hit\/\"]}]},{\"@type\":\"ImageObject\",\"inLanguage\":\"pl-PL\",\"@id\":\"https:\/\/vapingnet.de\/vape\/randm-tornado-7000-peach-ice-dein-sommer-vape-hit\/#primaryimage\",\"url\":\"https:\/\/vapingnet.de\/wp-content\/uploads\/2025\/03\/randm-tornado-7000-peach-ice.webp\",\"contentUrl\":\"https:\/\/vapingnet.de\/wp-content\/uploads\/2025\/03\/randm-tornado-7000-peach-ice.webp\",\"width\":1000,\"height\":1000,\"caption\":\"randm-tornado-7000-peach-ice\"},{\"@type\":\"BreadcrumbList\",\"@id\":\"https:\/\/vapingnet.de\/vape\/randm-tornado-7000-peach-ice-dein-sommer-vape-hit\/#breadcrumb\",\"itemListElement\":[{\"@type\":\"ListItem\",\"position\":1,\"name\":\"Home\",\"item\":\"https:\/\/vapingnet.de\/\"},{\"@type\":\"ListItem\",\"position\":2,\"name\":\"Shop\",\"item\":\"https:\/\/vapingnet.de\/vape\/\"},{\"@type\":\"ListItem\",\"position\":3,\"name\":\"RandM Tornado 7000 Peach Ice Dein Sommer Vape Hit\"}]},{\"@type\":\"WebSite\",\"@id\":\"https:\/\/vapingnet.de\/#website\",\"url\":\"https:\/\/vapingnet.de\/\",\"name\":\"Vapingnet.de\",\"description\":\"\",\"publisher\":{\"@id\":\"https:\/\/vapingnet.de\/#organization\"},\"potentialAction\":[{\"@type\":\"SearchAction\",\"target\":{\"@type\":\"EntryPoint\",\"urlTemplate\":\"https:\/\/vapingnet.de\/?s={search_term_string}\"},\"query-input\":{\"@type\":\"PropertyValueSpecification\",\"valueRequired\":true,\"valueName\":\"search_term_string\"}}],\"inLanguage\":\"pl-PL\"},{\"@type\":\"Organization\",\"@id\":\"https:\/\/vapingnet.de\/#organization\",\"name\":\"Vapingnet.de\",\"url\":\"https:\/\/vapingnet.de\/\",\"logo\":{\"@type\":\"ImageObject\",\"inLanguage\":\"pl-PL\",\"@id\":\"https:\/\/vapingnet.de\/#\/schema\/logo\/image\/\",\"url\":\"https:\/\/vapingnet.de\/wp-content\/uploads\/2025\/03\/cropped-vapingnet.de_.jpg\",\"contentUrl\":\"https:\/\/vapingnet.de\/wp-content\/uploads\/2025\/03\/cropped-vapingnet.de_.jpg\",\"width\":512,\"height\":512,\"caption\":\"Vapingnet.de\"},\"image\":{\"@id\":\"https:\/\/vapingnet.de\/#\/schema\/logo\/image\/\"},\"sameAs\":[\"https:\/\/www.facebook.com\/vapingnetde\/\"]}]}<\/script>\n<!-- \/ Yoast SEO plugin. -->","yoast_head_json":{"title":"RandM Tornado 7000 Peach Ice Dein Sommer Vape Hit | Vapingnet.de","description":"Entdecke RandM Tornado 7000 Peach Ice Dein Sommer Vape Hit bei vapingnet.de, \u25ba Gro\u00dfe Auswahl an Geschmacksrichtungen & super g\u00fcnstig!","robots":{"index":"index","follow":"follow","max-snippet":"max-snippet:-1","max-image-preview":"max-image-preview:large","max-video-preview":"max-video-preview:-1"},"canonical":"https:\/\/vapingnet.de\/pl\/vape\/randm-tornado-7000-peach-ice-dein-sommer-vape-hit\/","og_locale":"pl_PL","og_type":"article","og_title":"RandM Tornado 7000 Peach Ice Dein Sommer Vape Hit | Vapingnet.de","og_description":"Entdecke RandM Tornado 7000 Peach Ice Dein Sommer Vape Hit bei vapingnet.de, \u25ba Gro\u00dfe Auswahl an Geschmacksrichtungen & super g\u00fcnstig!","og_url":"https:\/\/vapingnet.de\/pl\/vape\/randm-tornado-7000-peach-ice-dein-sommer-vape-hit\/","og_site_name":"Vapingnet.de","article_publisher":"https:\/\/www.facebook.com\/vapingnetde\/","article_modified_time":"2025-12-18T07:47:46+00:00","og_image":[{"width":1000,"height":1000,"url":"https:\/\/vapingnet.de\/wp-content\/uploads\/2025\/03\/randm-tornado-7000-peach-ice.webp","type":"image\/webp"}],"twitter_card":"summary_large_image","twitter_misc":{"Est. reading time":"2 minutes"},"schema":{"@context":"https:\/\/schema.org","@graph":[{"@type":"WebPage","@id":"https:\/\/vapingnet.de\/vape\/randm-tornado-7000-peach-ice-dein-sommer-vape-hit\/","url":"https:\/\/vapingnet.de\/vape\/randm-tornado-7000-peach-ice-dein-sommer-vape-hit\/","name":"RandM Tornado 7000 Peach Ice Dein Sommer Vape Hit | Vapingnet.de","isPartOf":{"@id":"https:\/\/vapingnet.de\/#website"},"primaryImageOfPage":{"@id":"https:\/\/vapingnet.de\/vape\/randm-tornado-7000-peach-ice-dein-sommer-vape-hit\/#primaryimage"},"image":{"@id":"https:\/\/vapingnet.de\/vape\/randm-tornado-7000-peach-ice-dein-sommer-vape-hit\/#primaryimage"},"thumbnailUrl":"https:\/\/vapingnet.de\/wp-content\/uploads\/2025\/03\/randm-tornado-7000-peach-ice.webp","datePublished":"2025-03-11T03:02:20+00:00","dateModified":"2025-12-18T07:47:46+00:00","description":"Entdecke RandM Tornado 7000 Peach Ice Dein Sommer Vape Hit bei vapingnet.de, \u25ba Gro\u00dfe Auswahl an Geschmacksrichtungen & super g\u00fcnstig!","breadcrumb":{"@id":"https:\/\/vapingnet.de\/vape\/randm-tornado-7000-peach-ice-dein-sommer-vape-hit\/#breadcrumb"},"inLanguage":"pl-PL","potentialAction":[{"@type":"ReadAction","target":["https:\/\/vapingnet.de\/vape\/randm-tornado-7000-peach-ice-dein-sommer-vape-hit\/"]}]},{"@type":"ImageObject","inLanguage":"pl-PL","@id":"https:\/\/vapingnet.de\/vape\/randm-tornado-7000-peach-ice-dein-sommer-vape-hit\/#primaryimage","url":"https:\/\/vapingnet.de\/wp-content\/uploads\/2025\/03\/randm-tornado-7000-peach-ice.webp","contentUrl":"https:\/\/vapingnet.de\/wp-content\/uploads\/2025\/03\/randm-tornado-7000-peach-ice.webp","width":1000,"height":1000,"caption":"randm-tornado-7000-peach-ice"},{"@type":"BreadcrumbList","@id":"https:\/\/vapingnet.de\/vape\/randm-tornado-7000-peach-ice-dein-sommer-vape-hit\/#breadcrumb","itemListElement":[{"@type":"ListItem","position":1,"name":"Home","item":"https:\/\/vapingnet.de\/"},{"@type":"ListItem","position":2,"name":"Shop","item":"https:\/\/vapingnet.de\/vape\/"},{"@type":"ListItem","position":3,"name":"RandM Tornado 7000 Peach Ice Dein Sommer Vape Hit"}]},{"@type":"WebSite","@id":"https:\/\/vapingnet.de\/#website","url":"https:\/\/vapingnet.de\/","name":"Vapingnet.de","description":"","publisher":{"@id":"https:\/\/vapingnet.de\/#organization"},"potentialAction":[{"@type":"SearchAction","target":{"@type":"EntryPoint","urlTemplate":"https:\/\/vapingnet.de\/?s={search_term_string}"},"query-input":{"@type":"PropertyValueSpecification","valueRequired":true,"valueName":"search_term_string"}}],"inLanguage":"pl-PL"},{"@type":"Organization","@id":"https:\/\/vapingnet.de\/#organization","name":"Vapingnet.de","url":"https:\/\/vapingnet.de\/","logo":{"@type":"ImageObject","inLanguage":"pl-PL","@id":"https:\/\/vapingnet.de\/#\/schema\/logo\/image\/","url":"https:\/\/vapingnet.de\/wp-content\/uploads\/2025\/03\/cropped-vapingnet.de_.jpg","contentUrl":"https:\/\/vapingnet.de\/wp-content\/uploads\/2025\/03\/cropped-vapingnet.de_.jpg","width":512,"height":512,"caption":"Vapingnet.de"},"image":{"@id":"https:\/\/vapingnet.de\/#\/schema\/logo\/image\/"},"sameAs":["https:\/\/www.facebook.com\/vapingnetde\/"]}]}},"tiered_pricing_type":"fixed","tiered_pricing_fixed_rules":{"50":"7.40","110":"6.99","210":"6.58","510":"6.17","1100":"5.75"},"tiered_pricing_product_settings":{"layout":"default","base_unit_name":{"singular":null,"plural":null},"default_variation":null},"tiered_pricing_minimum_quantity":null,"tiered_pricing_roles_data":[],"tiered_pricing_percentage_rules":[],"_links":{"self":[{"href":"https:\/\/vapingnet.de\/pl\/wp-json\/wp\/v2\/product\/4959","targetHints":{"allow":["GET"]}}],"collection":[{"href":"https:\/\/vapingnet.de\/pl\/wp-json\/wp\/v2\/product"}],"about":[{"href":"https:\/\/vapingnet.de\/pl\/wp-json\/wp\/v2\/types\/product"}],"version-history":[{"count":1,"href":"https:\/\/vapingnet.de\/pl\/wp-json\/wp\/v2\/product\/4959\/revisions"}],"predecessor-version":[{"id":4961,"href":"https:\/\/vapingnet.de\/pl\/wp-json\/wp\/v2\/product\/4959\/revisions\/4961"}],"wp:featuredmedia":[{"embeddable":true,"href":"https:\/\/vapingnet.de\/pl\/wp-json\/wp\/v2\/media\/4960"}],"wp:attachment":[{"href":"https:\/\/vapingnet.de\/pl\/wp-json\/wp\/v2\/media?parent=4959"}],"wp:term":[{"taxonomy":"brand","embeddable":true,"href":"https:\/\/vapingnet.de\/pl\/wp-json\/wp\/v2\/etheme_brands?post=4959"},{"taxonomy":"product_brand","embeddable":true,"href":"https:\/\/vapingnet.de\/pl\/wp-json\/wp\/v2\/product_brand?post=4959"},{"taxonomy":"product_cat","embeddable":true,"href":"https:\/\/vapingnet.de\/pl\/wp-json\/wp\/v2\/product_cat?post=4959"},{"taxonomy":"product_tag","embeddable":true,"href":"https:\/\/vapingnet.de\/pl\/wp-json\/wp\/v2\/product_tag?post=4959"}],"curies":[{"name":"wp","href":"https:\/\/api.w.org\/{rel}","templated":true}]}}