{"id":4965,"date":"2025-03-11T03:31:49","date_gmt":"2025-03-11T03:31:49","guid":{"rendered":"https:\/\/vapingnet.de\/?post_type=product&#038;p=4965"},"modified":"2025-06-19T03:43:50","modified_gmt":"2025-06-19T03:43:50","slug":"randm-tornado-7000-blaubeer-bubblegum-fuer-den-ultimativen-genuss","status":"publish","type":"product","link":"https:\/\/vapingnet.de\/pl\/vape\/randm-tornado-7000-blaubeer-bubblegum-fuer-den-ultimativen-genuss\/","title":{"rendered":"RandM Tornado 7000 Blueberry Bubblegum dla ostatecznej przyjemno\u015bci"},"content":{"rendered":"<h2 data-start=\"0\" data-end=\"73\" data-immersive-translate-paragraph=\"1\" data-immersive-translate-walked=\"9f0c36c6-a9f4-46f7-bbbc-2291ea84a2b3\">RandM Tornado 7000 \u2013 Do\u015bwiadcz s\u0142odkiej burzy Blueberry Bubblegum! \ud83c\udf2a\ufe0f\ud83d\udca8<\/h2>\n<p data-start=\"75\" data-end=\"546\" data-immersive-translate-walked=\"9f0c36c6-a9f4-46f7-bbbc-2291ea84a2b3\" data-immersive-translate-paragraph=\"1\">Chcesz do\u015bwiadczy\u0107 e-papierosa, kt\u00f3ry nie tylko zachwyca wytrzyma\u0142o\u015bci\u0105, kusz\u0105cym smakiem i efektami wizualnymi? W takim razie RandM Tornado 7000 to idealny wyb\u00f3r dla Ciebie! Z <a href=\"https:\/\/vapingnet.de\/pl\/k\/vape-7000-zuege\/\" target=\"_blank\" rel=\"noopener\"><strong>7000 zaci\u0105gni\u0119ciami<\/strong><\/a>, unikalnym smakiem Blueberry Bubblegum i innowacyjnym pod\u015bwietleniem RGB, b\u0119dziesz zachwycony pod ka\u017cdym wzgl\u0119dem. Razem odkryjmy, jak to urz\u0105dzenie podnosi Twoje do\u015bwiadczenie z vapowaniem na wy\u017cszy poziom!<\/p>\n<ul>\n<li data-start=\"548\" data-end=\"604\" data-immersive-translate-walked=\"9f0c36c6-a9f4-46f7-bbbc-2291ea84a2b3\" data-immersive-translate-paragraph=\"1\">\ud83c\udf1f Super d\u0142ugi czas pracy dla nieprzerwanego przyjemno\u015bci Akumulator 850mAh i szybkie \u0142adowanie Type-C zapewniaj\u0105, \u017ce nie musisz ci\u0105gle wymienia\u0107 e-papierosa. Przy 7000 poci\u0105gni\u0119ciach otrzymujesz wyj\u0105tkowo d\u0142ugi czas u\u017cytkowania \u2013 idealny dla d\u0142ugotrwa\u0142ej przyjemno\u015bci bez kompromis\u00f3w!<\/li>\n<li data-start=\"856\" data-end=\"915\" data-immersive-translate-walked=\"9f0c36c6-a9f4-46f7-bbbc-2291ea84a2b3\">\ud83e\uded0 Blueberry Bubblegum \u2013 S\u0142odycz i \u015bwie\u017co\u015b\u0107 w jednymKa\u017cde poci\u0105gni\u0119cie przynosi wy\u015bmienity smak soczystych jag\u00f3d wraz z s\u0142odycz\u0105 gumy do \u017cucia, kt\u00f3ry przypomina beztroskie dzieci\u0144stwo. Zawarto\u015b\u0107 nikotyny 2% zapewnia idealny kopniak \u2013 nie za mocny, ale wystarczaj\u0105co, aby cieszy\u0107 si\u0119 vapowaniem bez przesady.<\/li>\n<\/ul>\n<ul>\n<li data-start=\"1239\" data-end=\"1318\">\ud83d\udca1 Sze\u015bciorz\u0119dowe pod\u015bwietlenie RGB \u2013 indywidualno\u015b\u0107 i technologia w jednymSze\u015bciokierne pod\u015bwietlenie LED RGB zapewnia dynamiczn\u0105 gr\u0119 kolor\u00f3w, kt\u00f3ra zmienia si\u0119 przy ka\u017cdym poci\u0105gni\u0119ciu i nadaje Twojemu vapowaniu futurystyczn\u0105 atmosfer\u0119. Niezale\u017cnie od tego, czy korzystasz sam, czy z przyjaci\u00f3\u0142mi, ten e-papieros zawsze przyci\u0105ga spojrzenia!<\/li>\n<\/ul>\n<ul>\n<li data-start=\"1605\" data-end=\"1667\">\u26a1 Mesh-Coil dla lepszego do\u015bwiadczenia smakowegoDzi\u0119ki 1,2\u03a9 Mesh-Coil liquid jest r\u00f3wnomiernie podgrzewany, co zapewnia pe\u0142ny, \u0142agodny dym. Ka\u017cde poci\u0105gni\u0119cie jest bogate w smak, bez suchego powietrza. R\u00f3wnomierne odparowywanie gwarantuje Ci sta\u0142e i satysfakcjonuj\u0105ce do\u015bwiadczenie vapowania.<\/li>\n<\/ul>\n<h3>\ud83d\udce6 RandM Tornado 7000 \u2013 Dodatkowe funkcje<\/h3>\n<ul data-start=\"2009\" data-end=\"2290\">\n<li data-start=\"2009\" data-end=\"2085\">14ml du\u017cego zbiornika na liquid dla d\u0142u\u017cszego korzystania bez cz\u0119stego uzupe\u0142niania<\/li>\n<li data-start=\"2086\" data-end=\"2142\">Szybkie \u0142adowanie Type-C, dla kr\u00f3tkiego czasu \u0142adowania<\/li>\n<li data-start=\"2143\" data-end=\"2215\">Nikotyna 2%, dla przyjemnego i niezbyt mocnego efektu gard\u0142a<\/li>\n<li data-start=\"2216\" data-end=\"2290\">Kompaktowy rozmiar, idealny do codziennego u\u017cytku i w podr\u00f3\u017cy<\/li>\n<\/ul>\n<h3 data-start=\"2297\" data-end=\"2351\">Dlaczego warto wybra\u0107 RandM Tornado 7000?<\/h3>\n<p data-start=\"2353\" data-end=\"2822\">\u2705 7000 poci\u0105gni\u0119\u0107 \u2013 D\u0142uga wytrzyma\u0142o\u015b\u0107 dla d\u0142ugotrwa\u0142ej przyjemno\u015bci vapowania<br data-start=\"2415\" data-end=\"2418\" \/>\u2705 Akumulator 850mAh z szybkim \u0142adowaniem Type-C \u2013 Szybkie \u0142adowanie i d\u0142ugotrwa\u0142e u\u017cytkowanie<br data-start=\"2514\" data-end=\"2517\" \/>\u2705 Smak Blueberry Bubblegum \u2013 S\u0142odki i orze\u017awiaj\u0105cy, idealne po\u0142\u0105czenie smak\u00f3w<br data-start=\"2611\" data-end=\"2614\" \/>\u2705 Pod\u015bwietlenie LED RGB \u2013 6 kolor\u00f3w dla stylowego do\u015bwiadczenia vapowania<br data-start=\"2683\" data-end=\"2686\" \/>\u2705 Mesh-Coil 1,2\u03a9 \u2013 R\u00f3wnomierne odparowywanie i pe\u0142ny smak dymu<br data-start=\"2756\" data-end=\"2759\" \/>Pojemno\u015b\u0107 liquidu 14ml \u2013 Wi\u0119cej liquidu na d\u0142u\u017csz\u0105 przyjemno\u015b\u0107<\/p>\n<p data-start=\"2824\" data-end=\"2994\" data-is-last-node=\"\" data-is-only-node=\"\">Do\u015bwiadcz RandM Tornado 7000 i ciesz si\u0119 s\u0142odk\u0105 burz\u0105 Blueberry Bubblegum! Odwied\u017a <a href=\"https:\/\/vapingnet.de\/pl\/\" target=\"_new\" rel=\"noopener\" data-start=\"2915\" data-end=\"2952\">vapingnet.de<\/a> i rozpocznij swoj\u0105 podr\u00f3\u017c z vapowaniem ju\u017c dzi\u015b!<\/p>","protected":false},"excerpt":{"rendered":"<p>Wysokiej jako\u015bci elektroniczne papierosy\ud83d\udd25, wysy\u0142ka bezpo\u015brednio z magazynu w Bremie, dostawa w ci\u0105gu 2-4 dni!<\/p>","protected":false},"featured_media":4966,"template":"","meta":[],"etheme_brands":[],"product_brand":[96],"product_cat":[89,59,49,61],"product_tag":[],"class_list":{"0":"post-4965","1":"product","2":"type-product","3":"status-publish","4":"has-post-thumbnail","6":"product_brand-randm-vape","7":"product_cat-vape-7000-zuege","8":"product_cat-de","9":"product_cat-einweg-e-zigarette","10":"product_cat-f","12":"first","13":"instock","14":"shipping-taxable","15":"purchasable","16":"product-type-simple"},"yoast_head":"<!-- This site is optimized with the Yoast SEO plugin v26.5 - https:\/\/yoast.com\/wordpress\/plugins\/seo\/ -->\n<title>RandM Tornado 7000 Blaubeer Bubblegum f\u00fcr den ultimativen Genuss | Vapingnet.de<\/title>\n<meta name=\"description\" content=\"Entdecke RandM Tornado 7000 Blaubeer Bubblegum f\u00fcr den ultimativen Genuss bei vapingnet.de, \u25ba Gro\u00dfe Auswahl an Geschmacksrichtungen &amp; super g\u00fcnstig!\" \/>\n<meta name=\"robots\" content=\"index, follow, max-snippet:-1, max-image-preview:large, max-video-preview:-1\" \/>\n<link rel=\"canonical\" href=\"https:\/\/vapingnet.de\/pl\/vape\/randm-tornado-7000-blaubeer-bubblegum-fuer-den-ultimativen-genuss\/\" \/>\n<meta property=\"og:locale\" content=\"pl_PL\" \/>\n<meta property=\"og:type\" content=\"article\" \/>\n<meta property=\"og:title\" content=\"RandM Tornado 7000 Blaubeer Bubblegum f\u00fcr den ultimativen Genuss | Vapingnet.de\" \/>\n<meta property=\"og:description\" content=\"Entdecke RandM Tornado 7000 Blaubeer Bubblegum f\u00fcr den ultimativen Genuss bei vapingnet.de, \u25ba Gro\u00dfe Auswahl an Geschmacksrichtungen &amp; super g\u00fcnstig!\" \/>\n<meta property=\"og:url\" content=\"https:\/\/vapingnet.de\/pl\/vape\/randm-tornado-7000-blaubeer-bubblegum-fuer-den-ultimativen-genuss\/\" \/>\n<meta property=\"og:site_name\" content=\"Vapingnet.de\" \/>\n<meta property=\"article:publisher\" content=\"https:\/\/www.facebook.com\/vapingnetde\/\" \/>\n<meta property=\"article:modified_time\" content=\"2025-06-19T03:43:50+00:00\" \/>\n<meta property=\"og:image\" content=\"https:\/\/vapingnet.de\/wp-content\/uploads\/2025\/03\/randm-tornado-7000-blueberry-bubblegum.webp\" \/>\n\t<meta property=\"og:image:width\" content=\"1000\" \/>\n\t<meta property=\"og:image:height\" content=\"1000\" \/>\n\t<meta property=\"og:image:type\" content=\"image\/webp\" \/>\n<meta name=\"twitter:card\" content=\"summary_large_image\" \/>\n<meta name=\"twitter:label1\" content=\"Est. reading time\" \/>\n\t<meta name=\"twitter:data1\" content=\"3 minutes\" \/>\n<script type=\"application\/ld+json\" class=\"yoast-schema-graph\">{\"@context\":\"https:\/\/schema.org\",\"@graph\":[{\"@type\":\"WebPage\",\"@id\":\"https:\/\/vapingnet.de\/vape\/randm-tornado-7000-blaubeer-bubblegum-fuer-den-ultimativen-genuss\/\",\"url\":\"https:\/\/vapingnet.de\/vape\/randm-tornado-7000-blaubeer-bubblegum-fuer-den-ultimativen-genuss\/\",\"name\":\"RandM Tornado 7000 Blaubeer Bubblegum f\u00fcr den ultimativen Genuss | Vapingnet.de\",\"isPartOf\":{\"@id\":\"https:\/\/vapingnet.de\/#website\"},\"primaryImageOfPage\":{\"@id\":\"https:\/\/vapingnet.de\/vape\/randm-tornado-7000-blaubeer-bubblegum-fuer-den-ultimativen-genuss\/#primaryimage\"},\"image\":{\"@id\":\"https:\/\/vapingnet.de\/vape\/randm-tornado-7000-blaubeer-bubblegum-fuer-den-ultimativen-genuss\/#primaryimage\"},\"thumbnailUrl\":\"https:\/\/vapingnet.de\/wp-content\/uploads\/2025\/03\/randm-tornado-7000-blueberry-bubblegum.webp\",\"datePublished\":\"2025-03-11T03:31:49+00:00\",\"dateModified\":\"2025-06-19T03:43:50+00:00\",\"description\":\"Entdecke RandM Tornado 7000 Blaubeer Bubblegum f\u00fcr den ultimativen Genuss bei vapingnet.de, \u25ba Gro\u00dfe Auswahl an Geschmacksrichtungen & super g\u00fcnstig!\",\"breadcrumb\":{\"@id\":\"https:\/\/vapingnet.de\/vape\/randm-tornado-7000-blaubeer-bubblegum-fuer-den-ultimativen-genuss\/#breadcrumb\"},\"inLanguage\":\"pl-PL\",\"potentialAction\":[{\"@type\":\"ReadAction\",\"target\":[\"https:\/\/vapingnet.de\/vape\/randm-tornado-7000-blaubeer-bubblegum-fuer-den-ultimativen-genuss\/\"]}]},{\"@type\":\"ImageObject\",\"inLanguage\":\"pl-PL\",\"@id\":\"https:\/\/vapingnet.de\/vape\/randm-tornado-7000-blaubeer-bubblegum-fuer-den-ultimativen-genuss\/#primaryimage\",\"url\":\"https:\/\/vapingnet.de\/wp-content\/uploads\/2025\/03\/randm-tornado-7000-blueberry-bubblegum.webp\",\"contentUrl\":\"https:\/\/vapingnet.de\/wp-content\/uploads\/2025\/03\/randm-tornado-7000-blueberry-bubblegum.webp\",\"width\":1000,\"height\":1000,\"caption\":\"randm-tornado-7000-blueberry-bubblegum\"},{\"@type\":\"BreadcrumbList\",\"@id\":\"https:\/\/vapingnet.de\/vape\/randm-tornado-7000-blaubeer-bubblegum-fuer-den-ultimativen-genuss\/#breadcrumb\",\"itemListElement\":[{\"@type\":\"ListItem\",\"position\":1,\"name\":\"Home\",\"item\":\"https:\/\/vapingnet.de\/\"},{\"@type\":\"ListItem\",\"position\":2,\"name\":\"Shop\",\"item\":\"https:\/\/vapingnet.de\/vape\/\"},{\"@type\":\"ListItem\",\"position\":3,\"name\":\"RandM Tornado 7000 Blaubeer Bubblegum f\u00fcr den ultimativen Genuss\"}]},{\"@type\":\"WebSite\",\"@id\":\"https:\/\/vapingnet.de\/#website\",\"url\":\"https:\/\/vapingnet.de\/\",\"name\":\"Vapingnet.de\",\"description\":\"\",\"publisher\":{\"@id\":\"https:\/\/vapingnet.de\/#organization\"},\"potentialAction\":[{\"@type\":\"SearchAction\",\"target\":{\"@type\":\"EntryPoint\",\"urlTemplate\":\"https:\/\/vapingnet.de\/?s={search_term_string}\"},\"query-input\":{\"@type\":\"PropertyValueSpecification\",\"valueRequired\":true,\"valueName\":\"search_term_string\"}}],\"inLanguage\":\"pl-PL\"},{\"@type\":\"Organization\",\"@id\":\"https:\/\/vapingnet.de\/#organization\",\"name\":\"Vapingnet.de\",\"url\":\"https:\/\/vapingnet.de\/\",\"logo\":{\"@type\":\"ImageObject\",\"inLanguage\":\"pl-PL\",\"@id\":\"https:\/\/vapingnet.de\/#\/schema\/logo\/image\/\",\"url\":\"https:\/\/vapingnet.de\/wp-content\/uploads\/2025\/03\/cropped-vapingnet.de_.jpg\",\"contentUrl\":\"https:\/\/vapingnet.de\/wp-content\/uploads\/2025\/03\/cropped-vapingnet.de_.jpg\",\"width\":512,\"height\":512,\"caption\":\"Vapingnet.de\"},\"image\":{\"@id\":\"https:\/\/vapingnet.de\/#\/schema\/logo\/image\/\"},\"sameAs\":[\"https:\/\/www.facebook.com\/vapingnetde\/\"]}]}<\/script>\n<!-- \/ Yoast SEO plugin. -->","yoast_head_json":{"title":"RandM Tornado 7000 Blaubeer Bubblegum f\u00fcr den ultimativen Genuss | Vapingnet.de","description":"Entdecke RandM Tornado 7000 Blaubeer Bubblegum f\u00fcr den ultimativen Genuss bei vapingnet.de, \u25ba Gro\u00dfe Auswahl an Geschmacksrichtungen & super g\u00fcnstig!","robots":{"index":"index","follow":"follow","max-snippet":"max-snippet:-1","max-image-preview":"max-image-preview:large","max-video-preview":"max-video-preview:-1"},"canonical":"https:\/\/vapingnet.de\/pl\/vape\/randm-tornado-7000-blaubeer-bubblegum-fuer-den-ultimativen-genuss\/","og_locale":"pl_PL","og_type":"article","og_title":"RandM Tornado 7000 Blaubeer Bubblegum f\u00fcr den ultimativen Genuss | Vapingnet.de","og_description":"Entdecke RandM Tornado 7000 Blaubeer Bubblegum f\u00fcr den ultimativen Genuss bei vapingnet.de, \u25ba Gro\u00dfe Auswahl an Geschmacksrichtungen & super g\u00fcnstig!","og_url":"https:\/\/vapingnet.de\/pl\/vape\/randm-tornado-7000-blaubeer-bubblegum-fuer-den-ultimativen-genuss\/","og_site_name":"Vapingnet.de","article_publisher":"https:\/\/www.facebook.com\/vapingnetde\/","article_modified_time":"2025-06-19T03:43:50+00:00","og_image":[{"width":1000,"height":1000,"url":"https:\/\/vapingnet.de\/wp-content\/uploads\/2025\/03\/randm-tornado-7000-blueberry-bubblegum.webp","type":"image\/webp"}],"twitter_card":"summary_large_image","twitter_misc":{"Est. reading time":"3 minutes"},"schema":{"@context":"https:\/\/schema.org","@graph":[{"@type":"WebPage","@id":"https:\/\/vapingnet.de\/vape\/randm-tornado-7000-blaubeer-bubblegum-fuer-den-ultimativen-genuss\/","url":"https:\/\/vapingnet.de\/vape\/randm-tornado-7000-blaubeer-bubblegum-fuer-den-ultimativen-genuss\/","name":"RandM Tornado 7000 Blaubeer Bubblegum f\u00fcr den ultimativen Genuss | Vapingnet.de","isPartOf":{"@id":"https:\/\/vapingnet.de\/#website"},"primaryImageOfPage":{"@id":"https:\/\/vapingnet.de\/vape\/randm-tornado-7000-blaubeer-bubblegum-fuer-den-ultimativen-genuss\/#primaryimage"},"image":{"@id":"https:\/\/vapingnet.de\/vape\/randm-tornado-7000-blaubeer-bubblegum-fuer-den-ultimativen-genuss\/#primaryimage"},"thumbnailUrl":"https:\/\/vapingnet.de\/wp-content\/uploads\/2025\/03\/randm-tornado-7000-blueberry-bubblegum.webp","datePublished":"2025-03-11T03:31:49+00:00","dateModified":"2025-06-19T03:43:50+00:00","description":"Entdecke RandM Tornado 7000 Blaubeer Bubblegum f\u00fcr den ultimativen Genuss bei vapingnet.de, \u25ba Gro\u00dfe Auswahl an Geschmacksrichtungen & super g\u00fcnstig!","breadcrumb":{"@id":"https:\/\/vapingnet.de\/vape\/randm-tornado-7000-blaubeer-bubblegum-fuer-den-ultimativen-genuss\/#breadcrumb"},"inLanguage":"pl-PL","potentialAction":[{"@type":"ReadAction","target":["https:\/\/vapingnet.de\/vape\/randm-tornado-7000-blaubeer-bubblegum-fuer-den-ultimativen-genuss\/"]}]},{"@type":"ImageObject","inLanguage":"pl-PL","@id":"https:\/\/vapingnet.de\/vape\/randm-tornado-7000-blaubeer-bubblegum-fuer-den-ultimativen-genuss\/#primaryimage","url":"https:\/\/vapingnet.de\/wp-content\/uploads\/2025\/03\/randm-tornado-7000-blueberry-bubblegum.webp","contentUrl":"https:\/\/vapingnet.de\/wp-content\/uploads\/2025\/03\/randm-tornado-7000-blueberry-bubblegum.webp","width":1000,"height":1000,"caption":"randm-tornado-7000-blueberry-bubblegum"},{"@type":"BreadcrumbList","@id":"https:\/\/vapingnet.de\/vape\/randm-tornado-7000-blaubeer-bubblegum-fuer-den-ultimativen-genuss\/#breadcrumb","itemListElement":[{"@type":"ListItem","position":1,"name":"Home","item":"https:\/\/vapingnet.de\/"},{"@type":"ListItem","position":2,"name":"Shop","item":"https:\/\/vapingnet.de\/vape\/"},{"@type":"ListItem","position":3,"name":"RandM Tornado 7000 Blaubeer Bubblegum f\u00fcr den ultimativen Genuss"}]},{"@type":"WebSite","@id":"https:\/\/vapingnet.de\/#website","url":"https:\/\/vapingnet.de\/","name":"Vapingnet.de","description":"","publisher":{"@id":"https:\/\/vapingnet.de\/#organization"},"potentialAction":[{"@type":"SearchAction","target":{"@type":"EntryPoint","urlTemplate":"https:\/\/vapingnet.de\/?s={search_term_string}"},"query-input":{"@type":"PropertyValueSpecification","valueRequired":true,"valueName":"search_term_string"}}],"inLanguage":"pl-PL"},{"@type":"Organization","@id":"https:\/\/vapingnet.de\/#organization","name":"Vapingnet.de","url":"https:\/\/vapingnet.de\/","logo":{"@type":"ImageObject","inLanguage":"pl-PL","@id":"https:\/\/vapingnet.de\/#\/schema\/logo\/image\/","url":"https:\/\/vapingnet.de\/wp-content\/uploads\/2025\/03\/cropped-vapingnet.de_.jpg","contentUrl":"https:\/\/vapingnet.de\/wp-content\/uploads\/2025\/03\/cropped-vapingnet.de_.jpg","width":512,"height":512,"caption":"Vapingnet.de"},"image":{"@id":"https:\/\/vapingnet.de\/#\/schema\/logo\/image\/"},"sameAs":["https:\/\/www.facebook.com\/vapingnetde\/"]}]}},"tiered_pricing_type":"fixed","tiered_pricing_fixed_rules":{"10":"8.22","50":"7.40","110":"6.99","210":"6.58","510":"6.17","1100":"5.75"},"tiered_pricing_product_settings":{"layout":"default","base_unit_name":{"singular":null,"plural":null},"default_variation":null},"tiered_pricing_minimum_quantity":null,"tiered_pricing_roles_data":[],"tiered_pricing_percentage_rules":[],"_links":{"self":[{"href":"https:\/\/vapingnet.de\/pl\/wp-json\/wp\/v2\/product\/4965","targetHints":{"allow":["GET"]}}],"collection":[{"href":"https:\/\/vapingnet.de\/pl\/wp-json\/wp\/v2\/product"}],"about":[{"href":"https:\/\/vapingnet.de\/pl\/wp-json\/wp\/v2\/types\/product"}],"version-history":[{"count":3,"href":"https:\/\/vapingnet.de\/pl\/wp-json\/wp\/v2\/product\/4965\/revisions"}],"predecessor-version":[{"id":4974,"href":"https:\/\/vapingnet.de\/pl\/wp-json\/wp\/v2\/product\/4965\/revisions\/4974"}],"wp:featuredmedia":[{"embeddable":true,"href":"https:\/\/vapingnet.de\/pl\/wp-json\/wp\/v2\/media\/4966"}],"wp:attachment":[{"href":"https:\/\/vapingnet.de\/pl\/wp-json\/wp\/v2\/media?parent=4965"}],"wp:term":[{"taxonomy":"brand","embeddable":true,"href":"https:\/\/vapingnet.de\/pl\/wp-json\/wp\/v2\/etheme_brands?post=4965"},{"taxonomy":"product_brand","embeddable":true,"href":"https:\/\/vapingnet.de\/pl\/wp-json\/wp\/v2\/product_brand?post=4965"},{"taxonomy":"product_cat","embeddable":true,"href":"https:\/\/vapingnet.de\/pl\/wp-json\/wp\/v2\/product_cat?post=4965"},{"taxonomy":"product_tag","embeddable":true,"href":"https:\/\/vapingnet.de\/pl\/wp-json\/wp\/v2\/product_tag?post=4965"}],"curies":[{"name":"wp","href":"https:\/\/api.w.org\/{rel}","templated":true}]}}