{"id":4969,"date":"2025-03-11T03:41:41","date_gmt":"2025-03-11T03:41:41","guid":{"rendered":"https:\/\/vapingnet.de\/?post_type=product&#038;p=4969"},"modified":"2025-06-19T03:43:50","modified_gmt":"2025-06-19T03:43:50","slug":"randm-tornado-7000-dr-blue-fuer-einen-coolen-moment","status":"publish","type":"product","link":"https:\/\/vapingnet.de\/pl\/vape\/randm-tornado-7000-dr-blue-fuer-einen-coolen-moment\/","title":{"rendered":"RandM Tornado 7000 Dr Blue na ch\u0142odn\u0105 chwil\u0119"},"content":{"rendered":"<h2 data-start=\"0\" data-end=\"108\" data-immersive-translate-paragraph=\"1\" data-immersive-translate-walked=\"39ea698e-f77c-4820-88a2-7372fce13aa9\">RandM Tornado 7000 \u2013 Odkryj tajemniczy urok Dr Blue i ciesz si\u0119 najlepszym do\u015bwiadczeniem! \ud83c\udf2a\ufe0f\ud83d\udca5<\/h2>\n<p data-start=\"110\" data-end=\"512\" data-immersive-translate-walked=\"39ea698e-f77c-4820-88a2-7372fce13aa9\" data-immersive-translate-paragraph=\"1\">Czy jeste\u015b gotowy na zupe\u0142nie nowe do\u015bwiadczenie z e-papierosem? The <a href=\"https:\/\/vapingnet.de\/pl\/randm-tornado-7000\/\" target=\"_blank\" rel=\"noopener\"><strong>RandM Tornado 7000<\/strong><\/a> zosta\u0142o stworzone dla wszystkich, kt\u00f3rzy szukaj\u0105 d\u0142ugiej trwa\u0142o\u015bci, bogatego smaku i unikalnego designu. Z 7000 poci\u0105gni\u0119ciami, unikalnym smakiem Dr Blue i efektami \u015bwietlnymi RGB 6-kolorowymi, to urz\u0105dzenie szybko stanie si\u0119 Twoim nowym ulubie\u0144cem i zaskoczy Ci\u0119 przy ka\u017cdym poci\u0105gni\u0119ciu!<\/p>\n<ul>\n<li data-start=\"514\" data-end=\"571\" data-immersive-translate-walked=\"39ea698e-f77c-4820-88a2-7372fce13aa9\" data-immersive-translate-paragraph=\"1\">\u26a1 D\u0142uga \u017cywotno\u015b\u0107 dla nieprzerwanej przyjemno\u015bci<\/li>\n<\/ul>\n<p data-start=\"572\" data-end=\"976\" data-immersive-translate-walked=\"39ea698e-f77c-4820-88a2-7372fce13aa9\" data-immersive-translate-paragraph=\"1\">Nie martw si\u0119 ju\u017c o czas pracy akumulatora! RandM Tornado 7000 jest wyposa\u017cony w wydajny akumulator 850mAh i obs\u0142uguje szybkie \u0142adowanie Type-C, dzi\u0119ki czemu mo\u017cesz na\u0142adowa\u0107 go w ka\u017cdej chwili. Z 7000 poci\u0105gni\u0119ciami mo\u017cesz cieszy\u0107 si\u0119 bez przerwy, nie musz\u0105c ci\u0105gle \u0142adowa\u0107. Idealny do codziennego u\u017cytku lub w podr\u00f3\u017cy, aby w pe\u0142ni korzysta\u0107 z do\u015bwiadczenia vapingu.<\/p>\n<ul>\n<li data-start=\"978\" data-end=\"1048\" data-immersive-translate-walked=\"39ea698e-f77c-4820-88a2-7372fce13aa9\" data-immersive-translate-paragraph=\"1\">\ud83c\udf47 Smak Dr Blue \u2013 Unikalne nuty owocowe i zio\u0142owe<\/li>\n<\/ul>\n<p data-start=\"1049\" data-end=\"1410\" data-immersive-translate-walked=\"39ea698e-f77c-4820-88a2-7372fce13aa9\">Smak Dr Blue zapewnia Ci zupe\u0142nie wyj\u0105tkowe doznania! Ta e-papieros \u0142\u0105czy owocowe aromaty z nut\u0105 \u015bwie\u017cych zi\u00f3\u0142, dzi\u0119ki czemu ka\u017cde poci\u0105gni\u0119cie to zaskakuj\u0105ce do\u015bwiadczenie smakowe. Z nikotyn\u0105 2% oferuje idealn\u0105 r\u00f3wnowag\u0119 mi\u0119dzy przyjemno\u015bci\u0105 a satysfakcj\u0105, pozwalaj\u0105c cieszy\u0107 si\u0119 vapingiem na maksa.<\/p>\n<ul>\n<li data-start=\"1412\" data-end=\"1507\" data-immersive-translate-walked=\"39ea698e-f77c-4820-88a2-7372fce13aa9\">\ud83d\udca1 Efekty \u015bwietlne RGB 6-kolorowe \u2013 Fajne efekty wizualne dla Twojego indywidualnego stylu<\/li>\n<\/ul>\n<p data-start=\"1508\" data-end=\"1854\" data-immersive-translate-walked=\"39ea698e-f77c-4820-88a2-7372fce13aa9\">RandM Tornado 7000 wyposa\u017cony jest w efekty \u015bwietlne RGB 6-kolorowe, kt\u00f3re zmieniaj\u0105 si\u0119 przy ka\u017cdym poci\u0105gni\u0119ciu. Te fajne efekty wizualne zapewniaj\u0105 wizualn\u0105 przyjemno\u015b\u0107, czyni\u0105c Twoje do\u015bwiadczenie vapingu jeszcze bardziej ekscytuj\u0105cym. Niezale\u017cnie od tego, czy \u015bwi\u0119tujesz, jeste\u015b w podr\u00f3\u017cy czy sam, ta e-papieros z pewno\u015bci\u0105 przyci\u0105gnie uwag\u0119.<\/p>\n<ul>\n<li data-start=\"1856\" data-end=\"1923\">\ud83d\udd25 Mesh-Coil 1,2\u03a9 \u2013 Perfekcyjny smak i g\u0119ste dymy<\/li>\n<\/ul>\n<p data-start=\"1924\" data-end=\"2259\">Mesh-Coil 1,2\u03a9 zapewnia r\u00f3wnomierne odparowywanie liquidu, co prowadzi do bogatego, \u0142agodnego dymu i intensywnego smaku. Ka\u017cde wdech zapewnia g\u0142adkie i sp\u00f3jne do\u015bwiadczenie, pozwalaj\u0105c cieszy\u0107 si\u0119 pe\u0142ni\u0105 smaku. Ta mesh-coil gwarantuje wysok\u0105 jako\u015b\u0107 dymu przy ka\u017cdym poci\u0105gni\u0119ciu.<\/p>\n<h3 data-start=\"2261\" data-end=\"2323\">\ud83d\ude80 Unikalne zalety RandM Tornado 7000<\/h3>\n<ul data-start=\"2324\" data-end=\"2895\">\n<li data-start=\"2324\" data-end=\"2391\">7000 poci\u0105gni\u0119\u0107 \u2013 D\u0142uga \u017cywotno\u015b\u0107 dla trwa\u0142ej przyjemno\u015bci z dymu<\/li>\n<li data-start=\"2392\" data-end=\"2473\">Akumulator 850mAh + szybkie \u0142adowanie Type-C \u2013 Szybkie \u0142adowanie i d\u0142ugie u\u017cytkowanie<\/li>\n<li data-start=\"2474\" data-end=\"2562\">Smak Dr Blue \u2013 Unikalny owocowo-zio\u0142owy smak dla Twojej przyjemno\u015bci<\/li>\n<li data-start=\"2563\" data-end=\"2656\">Efekty \u015bwietlne RGB 6-kolorowe \u2013 Poka\u017c swoj\u0105 osobowo\u015b\u0107 i pozw\u00f3l \u015bwiat\u0142om m\u00f3wi\u0107<\/li>\n<li data-start=\"2657\" data-end=\"2742\">Mesh-Coil 1,2\u03a9 \u2013 Zapewnia bogaty, \u0142agodny dym i intensywny smak<\/li>\n<li data-start=\"2743\" data-end=\"2806\">Pojemno\u015b\u0107 liquidu 14ml \u2013 Wi\u0119cej liquidu na d\u0142u\u017csz\u0105 przyjemno\u015b\u0107<\/li>\n<li data-start=\"2807\" data-end=\"2895\">Nikotyna 2% \u2013 Idealna do uzyskania perfekcyjnego throat hit i d\u0142ugotrwa\u0142ej satysfakcji<\/li>\n<\/ul>\n<p data-start=\"2897\" data-end=\"3162\" data-is-last-node=\"\" data-is-only-node=\"\">RandM Tornado 7000 oferuje nie tylko doskona\u0142\u0105 wydajno\u015b\u0107, ale tak\u017ce fajne efekty \u015bwietlne i bogate doznania smakowe. Odwied\u017a <a href=\"https:\/\/vapingnet.de\/pl\/\" target=\"_new\" rel=\"noopener\" data-start=\"3049\" data-end=\"3086\">vapingnet.de<\/a> i rozpocznij swoj\u0105 podr\u00f3\u017c parow\u0105 z unikalnym smakiem Dr Blue!<\/p>","protected":false},"excerpt":{"rendered":"<p>Wysokiej jako\u015bci elektroniczne papierosy\ud83d\udd25, wysy\u0142ka bezpo\u015brednio z magazynu w Bremie, dostawa w ci\u0105gu 2-4 dni!<\/p>","protected":false},"featured_media":4970,"template":"","meta":[],"etheme_brands":[],"product_brand":[96],"product_cat":[89,59,49,61],"product_tag":[],"class_list":{"0":"post-4969","1":"product","2":"type-product","3":"status-publish","4":"has-post-thumbnail","6":"product_brand-randm-vape","7":"product_cat-vape-7000-zuege","8":"product_cat-de","9":"product_cat-einweg-e-zigarette","10":"product_cat-f","12":"first","13":"instock","14":"shipping-taxable","15":"purchasable","16":"product-type-simple"},"yoast_head":"<!-- This site is optimized with the Yoast SEO plugin v26.5 - https:\/\/yoast.com\/wordpress\/plugins\/seo\/ -->\n<title>RandM Tornado 7000 Dr Blue f\u00fcr einen coolen Moment | Vapingnet.de<\/title>\n<meta name=\"description\" content=\"Entdecke RandM Tornado 7000 Dr Blue f\u00fcr einen coolen Moment bei vapingnet.de, \u25ba Gro\u00dfe Auswahl an Geschmacksrichtungen &amp; super g\u00fcnstig!\" \/>\n<meta name=\"robots\" content=\"index, follow, max-snippet:-1, max-image-preview:large, max-video-preview:-1\" \/>\n<link rel=\"canonical\" href=\"https:\/\/vapingnet.de\/pl\/vape\/randm-tornado-7000-dr-blue-fuer-einen-coolen-moment\/\" \/>\n<meta property=\"og:locale\" content=\"pl_PL\" \/>\n<meta property=\"og:type\" content=\"article\" \/>\n<meta property=\"og:title\" content=\"RandM Tornado 7000 Dr Blue f\u00fcr einen coolen Moment | Vapingnet.de\" \/>\n<meta property=\"og:description\" content=\"Entdecke RandM Tornado 7000 Dr Blue f\u00fcr einen coolen Moment bei vapingnet.de, \u25ba Gro\u00dfe Auswahl an Geschmacksrichtungen &amp; super g\u00fcnstig!\" \/>\n<meta property=\"og:url\" content=\"https:\/\/vapingnet.de\/pl\/vape\/randm-tornado-7000-dr-blue-fuer-einen-coolen-moment\/\" \/>\n<meta property=\"og:site_name\" content=\"Vapingnet.de\" \/>\n<meta property=\"article:publisher\" content=\"https:\/\/www.facebook.com\/vapingnetde\/\" \/>\n<meta property=\"article:modified_time\" content=\"2025-06-19T03:43:50+00:00\" \/>\n<meta property=\"og:image\" content=\"https:\/\/vapingnet.de\/wp-content\/uploads\/2025\/03\/randm-tornado-7000-drblue.webp\" \/>\n\t<meta property=\"og:image:width\" content=\"1000\" \/>\n\t<meta property=\"og:image:height\" content=\"1000\" \/>\n\t<meta property=\"og:image:type\" content=\"image\/webp\" \/>\n<meta name=\"twitter:card\" content=\"summary_large_image\" \/>\n<meta name=\"twitter:label1\" content=\"Est. reading time\" \/>\n\t<meta name=\"twitter:data1\" content=\"3 minutes\" \/>\n<script type=\"application\/ld+json\" class=\"yoast-schema-graph\">{\"@context\":\"https:\/\/schema.org\",\"@graph\":[{\"@type\":\"WebPage\",\"@id\":\"https:\/\/vapingnet.de\/vape\/randm-tornado-7000-dr-blue-fuer-einen-coolen-moment\/\",\"url\":\"https:\/\/vapingnet.de\/vape\/randm-tornado-7000-dr-blue-fuer-einen-coolen-moment\/\",\"name\":\"RandM Tornado 7000 Dr Blue f\u00fcr einen coolen Moment | Vapingnet.de\",\"isPartOf\":{\"@id\":\"https:\/\/vapingnet.de\/#website\"},\"primaryImageOfPage\":{\"@id\":\"https:\/\/vapingnet.de\/vape\/randm-tornado-7000-dr-blue-fuer-einen-coolen-moment\/#primaryimage\"},\"image\":{\"@id\":\"https:\/\/vapingnet.de\/vape\/randm-tornado-7000-dr-blue-fuer-einen-coolen-moment\/#primaryimage\"},\"thumbnailUrl\":\"https:\/\/vapingnet.de\/wp-content\/uploads\/2025\/03\/randm-tornado-7000-drblue.webp\",\"datePublished\":\"2025-03-11T03:41:41+00:00\",\"dateModified\":\"2025-06-19T03:43:50+00:00\",\"description\":\"Entdecke RandM Tornado 7000 Dr Blue f\u00fcr einen coolen Moment bei vapingnet.de, \u25ba Gro\u00dfe Auswahl an Geschmacksrichtungen & super g\u00fcnstig!\",\"breadcrumb\":{\"@id\":\"https:\/\/vapingnet.de\/vape\/randm-tornado-7000-dr-blue-fuer-einen-coolen-moment\/#breadcrumb\"},\"inLanguage\":\"pl-PL\",\"potentialAction\":[{\"@type\":\"ReadAction\",\"target\":[\"https:\/\/vapingnet.de\/vape\/randm-tornado-7000-dr-blue-fuer-einen-coolen-moment\/\"]}]},{\"@type\":\"ImageObject\",\"inLanguage\":\"pl-PL\",\"@id\":\"https:\/\/vapingnet.de\/vape\/randm-tornado-7000-dr-blue-fuer-einen-coolen-moment\/#primaryimage\",\"url\":\"https:\/\/vapingnet.de\/wp-content\/uploads\/2025\/03\/randm-tornado-7000-drblue.webp\",\"contentUrl\":\"https:\/\/vapingnet.de\/wp-content\/uploads\/2025\/03\/randm-tornado-7000-drblue.webp\",\"width\":1000,\"height\":1000,\"caption\":\"randm-tornado-7000-drblue\"},{\"@type\":\"BreadcrumbList\",\"@id\":\"https:\/\/vapingnet.de\/vape\/randm-tornado-7000-dr-blue-fuer-einen-coolen-moment\/#breadcrumb\",\"itemListElement\":[{\"@type\":\"ListItem\",\"position\":1,\"name\":\"Home\",\"item\":\"https:\/\/vapingnet.de\/\"},{\"@type\":\"ListItem\",\"position\":2,\"name\":\"Shop\",\"item\":\"https:\/\/vapingnet.de\/vape\/\"},{\"@type\":\"ListItem\",\"position\":3,\"name\":\"RandM Tornado 7000 Dr Blue f\u00fcr einen coolen Moment\"}]},{\"@type\":\"WebSite\",\"@id\":\"https:\/\/vapingnet.de\/#website\",\"url\":\"https:\/\/vapingnet.de\/\",\"name\":\"Vapingnet.de\",\"description\":\"\",\"publisher\":{\"@id\":\"https:\/\/vapingnet.de\/#organization\"},\"potentialAction\":[{\"@type\":\"SearchAction\",\"target\":{\"@type\":\"EntryPoint\",\"urlTemplate\":\"https:\/\/vapingnet.de\/?s={search_term_string}\"},\"query-input\":{\"@type\":\"PropertyValueSpecification\",\"valueRequired\":true,\"valueName\":\"search_term_string\"}}],\"inLanguage\":\"pl-PL\"},{\"@type\":\"Organization\",\"@id\":\"https:\/\/vapingnet.de\/#organization\",\"name\":\"Vapingnet.de\",\"url\":\"https:\/\/vapingnet.de\/\",\"logo\":{\"@type\":\"ImageObject\",\"inLanguage\":\"pl-PL\",\"@id\":\"https:\/\/vapingnet.de\/#\/schema\/logo\/image\/\",\"url\":\"https:\/\/vapingnet.de\/wp-content\/uploads\/2025\/03\/cropped-vapingnet.de_.jpg\",\"contentUrl\":\"https:\/\/vapingnet.de\/wp-content\/uploads\/2025\/03\/cropped-vapingnet.de_.jpg\",\"width\":512,\"height\":512,\"caption\":\"Vapingnet.de\"},\"image\":{\"@id\":\"https:\/\/vapingnet.de\/#\/schema\/logo\/image\/\"},\"sameAs\":[\"https:\/\/www.facebook.com\/vapingnetde\/\"]}]}<\/script>\n<!-- \/ Yoast SEO plugin. -->","yoast_head_json":{"title":"RandM Tornado 7000 Dr Blue f\u00fcr einen coolen Moment | Vapingnet.de","description":"Entdecke RandM Tornado 7000 Dr Blue f\u00fcr einen coolen Moment bei vapingnet.de, \u25ba Gro\u00dfe Auswahl an Geschmacksrichtungen & super g\u00fcnstig!","robots":{"index":"index","follow":"follow","max-snippet":"max-snippet:-1","max-image-preview":"max-image-preview:large","max-video-preview":"max-video-preview:-1"},"canonical":"https:\/\/vapingnet.de\/pl\/vape\/randm-tornado-7000-dr-blue-fuer-einen-coolen-moment\/","og_locale":"pl_PL","og_type":"article","og_title":"RandM Tornado 7000 Dr Blue f\u00fcr einen coolen Moment | Vapingnet.de","og_description":"Entdecke RandM Tornado 7000 Dr Blue f\u00fcr einen coolen Moment bei vapingnet.de, \u25ba Gro\u00dfe Auswahl an Geschmacksrichtungen & super g\u00fcnstig!","og_url":"https:\/\/vapingnet.de\/pl\/vape\/randm-tornado-7000-dr-blue-fuer-einen-coolen-moment\/","og_site_name":"Vapingnet.de","article_publisher":"https:\/\/www.facebook.com\/vapingnetde\/","article_modified_time":"2025-06-19T03:43:50+00:00","og_image":[{"width":1000,"height":1000,"url":"https:\/\/vapingnet.de\/wp-content\/uploads\/2025\/03\/randm-tornado-7000-drblue.webp","type":"image\/webp"}],"twitter_card":"summary_large_image","twitter_misc":{"Est. reading time":"3 minutes"},"schema":{"@context":"https:\/\/schema.org","@graph":[{"@type":"WebPage","@id":"https:\/\/vapingnet.de\/vape\/randm-tornado-7000-dr-blue-fuer-einen-coolen-moment\/","url":"https:\/\/vapingnet.de\/vape\/randm-tornado-7000-dr-blue-fuer-einen-coolen-moment\/","name":"RandM Tornado 7000 Dr Blue f\u00fcr einen coolen Moment | Vapingnet.de","isPartOf":{"@id":"https:\/\/vapingnet.de\/#website"},"primaryImageOfPage":{"@id":"https:\/\/vapingnet.de\/vape\/randm-tornado-7000-dr-blue-fuer-einen-coolen-moment\/#primaryimage"},"image":{"@id":"https:\/\/vapingnet.de\/vape\/randm-tornado-7000-dr-blue-fuer-einen-coolen-moment\/#primaryimage"},"thumbnailUrl":"https:\/\/vapingnet.de\/wp-content\/uploads\/2025\/03\/randm-tornado-7000-drblue.webp","datePublished":"2025-03-11T03:41:41+00:00","dateModified":"2025-06-19T03:43:50+00:00","description":"Entdecke RandM Tornado 7000 Dr Blue f\u00fcr einen coolen Moment bei vapingnet.de, \u25ba Gro\u00dfe Auswahl an Geschmacksrichtungen & super g\u00fcnstig!","breadcrumb":{"@id":"https:\/\/vapingnet.de\/vape\/randm-tornado-7000-dr-blue-fuer-einen-coolen-moment\/#breadcrumb"},"inLanguage":"pl-PL","potentialAction":[{"@type":"ReadAction","target":["https:\/\/vapingnet.de\/vape\/randm-tornado-7000-dr-blue-fuer-einen-coolen-moment\/"]}]},{"@type":"ImageObject","inLanguage":"pl-PL","@id":"https:\/\/vapingnet.de\/vape\/randm-tornado-7000-dr-blue-fuer-einen-coolen-moment\/#primaryimage","url":"https:\/\/vapingnet.de\/wp-content\/uploads\/2025\/03\/randm-tornado-7000-drblue.webp","contentUrl":"https:\/\/vapingnet.de\/wp-content\/uploads\/2025\/03\/randm-tornado-7000-drblue.webp","width":1000,"height":1000,"caption":"randm-tornado-7000-drblue"},{"@type":"BreadcrumbList","@id":"https:\/\/vapingnet.de\/vape\/randm-tornado-7000-dr-blue-fuer-einen-coolen-moment\/#breadcrumb","itemListElement":[{"@type":"ListItem","position":1,"name":"Home","item":"https:\/\/vapingnet.de\/"},{"@type":"ListItem","position":2,"name":"Shop","item":"https:\/\/vapingnet.de\/vape\/"},{"@type":"ListItem","position":3,"name":"RandM Tornado 7000 Dr Blue f\u00fcr einen coolen Moment"}]},{"@type":"WebSite","@id":"https:\/\/vapingnet.de\/#website","url":"https:\/\/vapingnet.de\/","name":"Vapingnet.de","description":"","publisher":{"@id":"https:\/\/vapingnet.de\/#organization"},"potentialAction":[{"@type":"SearchAction","target":{"@type":"EntryPoint","urlTemplate":"https:\/\/vapingnet.de\/?s={search_term_string}"},"query-input":{"@type":"PropertyValueSpecification","valueRequired":true,"valueName":"search_term_string"}}],"inLanguage":"pl-PL"},{"@type":"Organization","@id":"https:\/\/vapingnet.de\/#organization","name":"Vapingnet.de","url":"https:\/\/vapingnet.de\/","logo":{"@type":"ImageObject","inLanguage":"pl-PL","@id":"https:\/\/vapingnet.de\/#\/schema\/logo\/image\/","url":"https:\/\/vapingnet.de\/wp-content\/uploads\/2025\/03\/cropped-vapingnet.de_.jpg","contentUrl":"https:\/\/vapingnet.de\/wp-content\/uploads\/2025\/03\/cropped-vapingnet.de_.jpg","width":512,"height":512,"caption":"Vapingnet.de"},"image":{"@id":"https:\/\/vapingnet.de\/#\/schema\/logo\/image\/"},"sameAs":["https:\/\/www.facebook.com\/vapingnetde\/"]}]}},"tiered_pricing_type":"fixed","tiered_pricing_fixed_rules":{"10":"8.22","50":"7.40","110":"6.99","210":"6.58","510":"6.17","1100":"5.75"},"tiered_pricing_product_settings":{"layout":"default","base_unit_name":{"singular":null,"plural":null},"default_variation":null},"tiered_pricing_minimum_quantity":null,"tiered_pricing_roles_data":[],"tiered_pricing_percentage_rules":[],"_links":{"self":[{"href":"https:\/\/vapingnet.de\/pl\/wp-json\/wp\/v2\/product\/4969","targetHints":{"allow":["GET"]}}],"collection":[{"href":"https:\/\/vapingnet.de\/pl\/wp-json\/wp\/v2\/product"}],"about":[{"href":"https:\/\/vapingnet.de\/pl\/wp-json\/wp\/v2\/types\/product"}],"version-history":[{"count":1,"href":"https:\/\/vapingnet.de\/pl\/wp-json\/wp\/v2\/product\/4969\/revisions"}],"predecessor-version":[{"id":4971,"href":"https:\/\/vapingnet.de\/pl\/wp-json\/wp\/v2\/product\/4969\/revisions\/4971"}],"wp:featuredmedia":[{"embeddable":true,"href":"https:\/\/vapingnet.de\/pl\/wp-json\/wp\/v2\/media\/4970"}],"wp:attachment":[{"href":"https:\/\/vapingnet.de\/pl\/wp-json\/wp\/v2\/media?parent=4969"}],"wp:term":[{"taxonomy":"brand","embeddable":true,"href":"https:\/\/vapingnet.de\/pl\/wp-json\/wp\/v2\/etheme_brands?post=4969"},{"taxonomy":"product_brand","embeddable":true,"href":"https:\/\/vapingnet.de\/pl\/wp-json\/wp\/v2\/product_brand?post=4969"},{"taxonomy":"product_cat","embeddable":true,"href":"https:\/\/vapingnet.de\/pl\/wp-json\/wp\/v2\/product_cat?post=4969"},{"taxonomy":"product_tag","embeddable":true,"href":"https:\/\/vapingnet.de\/pl\/wp-json\/wp\/v2\/product_tag?post=4969"}],"curies":[{"name":"wp","href":"https:\/\/api.w.org\/{rel}","templated":true}]}}