{"id":4978,"date":"2025-03-11T05:44:15","date_gmt":"2025-03-11T05:44:15","guid":{"rendered":"https:\/\/vapingnet.de\/?post_type=product&#038;p=4978"},"modified":"2026-03-04T06:58:57","modified_gmt":"2026-03-04T06:58:57","slug":"schnell-und-zuverlaessig-randm-tornado-7000-in-2-4-tagen-geliefert","status":"publish","type":"product","link":"https:\/\/vapingnet.de\/pl\/vape\/schnell-und-zuverlaessig-randm-tornado-7000-in-2-4-tagen-geliefert\/","title":{"rendered":"Szybko i niezawodnie RandM Tornado 7000 dostarczane w 2-4 dni"},"content":{"rendered":"<table style=\"height: 639px;\" width=\"2232\" data-start=\"755\" data-end=\"1356\">\n<thead data-start=\"755\" data-end=\"810\">\n<tr data-start=\"755\" data-end=\"810\">\n<th data-start=\"755\" data-end=\"778\">Cechy<\/th>\n<th data-start=\"778\" data-end=\"810\">Specyfikacje<\/th>\n<\/tr>\n<\/thead>\n<tbody data-start=\"865\" data-end=\"1356\">\n<tr data-start=\"865\" data-end=\"917\">\n<td>Model<\/td>\n<td>RandM Tornado 7000<\/td>\n<\/tr>\n<tr data-start=\"918\" data-end=\"975\">\n<td>Akumulator<\/td>\n<td>850mAh (wymienna \u0142adowarka typu C)<\/td>\n<\/tr>\n<tr data-start=\"976\" data-end=\"1029\">\n<td>Poci\u0105gni\u0119cia<\/td>\n<td>7000 puf\u00f3w<\/td>\n<\/tr>\n<tr data-start=\"1030\" data-end=\"1084\">\n<td>Pojemno\u015b\u0107 liquidu<\/td>\n<td>14ml<\/td>\n<\/tr>\n<tr data-start=\"1085\" data-end=\"1138\">\n<td>St\u0119\u017cenie nikotyny<\/td>\n<td>2%<\/td>\n<\/tr>\n<tr data-start=\"1139\" data-end=\"1194\">\n<td>Mesh-Coil<\/td>\n<td>1,2\u03a9 dla intensywnego smaku<\/td>\n<\/tr>\n<tr data-start=\"1195\" data-end=\"1248\">\n<td>Pod\u015bwietlenie LED<\/td>\n<td>RGB-lampki w 6 kolorach<\/td>\n<\/tr>\n<tr data-start=\"1249\" data-end=\"1301\">\n<td>Miejsce wysy\u0142ki<\/td>\n<td>Bremen, Deutschland<\/td>\n<\/tr>\n<tr data-start=\"1302\" data-end=\"1356\">\n<td>Czas dostawy<\/td>\n<td>2-4 dni, brak op\u0142at celnych<\/td>\n<\/tr>\n<\/tbody>\n<\/table>\n<h2 data-start=\"0\" data-end=\"95\">RandM Tornado 7000 \u2013 7000 puf\u00f3w czystej przyjemno\u015bci, efekty \u015bwietlne RGB i mocna wydajno\u015b\u0107! \ud83d\ude80\ud83d\udca8<\/h2>\n<p data-start=\"97\" data-end=\"453\">Szukasz stylowego, intensywnie smakuj\u0105cego i wydajnego e-papierosa? RandM Tornado 7000 \u0142\u0105czy nowoczesn\u0105 technologi\u0119, efektowne efekty \u015bwietlne RGB i d\u0142ugotrwa\u0142e doznania parowe w unikalnym urz\u0105dzeniu. Wysy\u0142ka bezpo\u015brednio z Polski, czas dostawy 2-4 dni, brak op\u0142at celnych \u2013 zakupy jeszcze nigdy nie by\u0142y tak proste!<\/p>\n<p data-start=\"455\" data-end=\"704\">Z mocnym akumulatorem 850mAh, pojemno\u015bci\u0105 liquidu 14ml i 7000 pufami, ten e-papieros zapewnia intensywny smak i maksymaln\u0105 wydajno\u015b\u0107. 6-kolorowe \u015bwiat\u0142a RGB zapewniaj\u0105 osza\u0142amiaj\u0105ce wra\u017cenia wizualne przy ka\u017cdym poci\u0105gni\u0119ciu!<\/p>\n<h2 data-start=\"711\" data-end=\"753\"><\/h2>\n<h4 data-start=\"1363\" data-end=\"1407\">\ud83c\udf53 Wybierz sw\u00f3j ulubiony smak!<\/h4>\n<p data-start=\"1409\" data-end=\"1517\"><a href=\"https:\/\/vapingnet.de\/pl\/randm-tornado-7000\/\" target=\"_blank\" rel=\"noopener\"><strong>RandM Tornado 7000<\/strong><\/a> oferuje szeroki wyb\u00f3r pysznych aromat\u00f3w, kt\u00f3re zapewniaj\u0105 unikalne do\u015bwiadczenie palenia:<\/p>\n<p data-start=\"1519\" data-end=\"1991\">\u2728 Mieszane jagody \u2013 s\u0142odko-kwa\u015bna mieszanka soczystych jag\u00f3d, idealnie dopasowana<br data-start=\"1604\" data-end=\"1607\" \/>\ud83c\udf51 Peach Ice \u2013 Dojrza\u0142a, s\u0142odka brzoskwinia z orze\u017awiaj\u0105cym ch\u0142odem<br data-start=\"1678\" data-end=\"1681\" \/>\ud83e\uded0 Blueberry On Ice \u2013 Owocowe jagody z przyjemnym, lodowatym kopni\u0119ciem<br data-start=\"1762\" data-end=\"1765\" \/>\ud83c\udf6c Blueberry Bubblegum \u2013 S\u0142odka kombinacja jag\u00f3d i gumy do \u017cucia \u2013 nostalgiczna i pyszna<br data-start=\"1868\" data-end=\"1871\" \/>\ud83d\udc99 Dr Blue \u2013 Tajemnicza mieszanka owocowych i zio\u0142owych nut dla niezwyk\u0142ych dozna\u0144 smakowych<\/p>\n<p data-start=\"1993\" data-end=\"2104\">Niezale\u017cnie od tego, czy preferujesz s\u0142odkie, owocowe czy lodowe aromaty \u2013 RandM Tornado 7000 ma co\u015b dla ka\u017cdego!<\/p>\n<h4 data-start=\"2111\" data-end=\"2165\">\ud83c\udf86 Efekty \u015bwietlne RGB \u2013 \u015awieci przy ka\u017cdym zaci\u0105gni\u0119ciu!<\/h4>\n<p data-start=\"2167\" data-end=\"2538\">Opr\u00f3cz doskona\u0142ego smaku, RandM Tornado 7000 zachwyca r\u00f3wnie\u017c swoim fascynuj\u0105cym designem. 6-kolorowe \u015bwiat\u0142a RGB aktywuj\u0105 si\u0119 przy ka\u017cdym zaci\u0105gni\u0119ciu i dodaj\u0105 futurystycznego charakteru Twojemu do\u015bwiadczeniu vapingowemu. Idealne na imprezy, spotkania z przyjaci\u00f3\u0142mi lub po prostu dla stylowego wygl\u0105du \u2013 ta e-papieros na pewno Ci\u0119 wyr\u00f3\u017cni!<\/p>\n<h3 data-start=\"2545\" data-end=\"2633\">\ud83d\ude80 Szybka wysy\u0142ka z Deutschland \u2013 Dostawa w ci\u0105gu 2-4 dni, brak op\u0142at celnych!<\/h3>\n<p data-start=\"2635\" data-end=\"2886\">\ud83d\udd39 Wysy\u0142ka bezpo\u015brednia z Bydgoszczy \u2013 Brak d\u0142ugiego oczekiwania, dostawa w ci\u0105gu 2-4 dni<br data-start=\"2722\" data-end=\"2725\" \/>\ud83d\udd39 Brak op\u0142at celnych \u2013 Brak ukrytych koszt\u00f3w, szybka i prosta dostawa<br data-start=\"2803\" data-end=\"2806\" \/>\ud83d\udd39 Oryginalny produkt % \u2013 Gwarantowana jako\u015b\u0107 dla najlepszych dozna\u0144 vapingowych<\/p>\n<p data-start=\"2888\" data-end=\"2999\" data-is-last-node=\"\" data-is-only-node=\"\">\ud83d\udd25 Zam\u00f3w ju\u017c teraz na <a href=\"https:\/\/vapingnet.de\/pl\/\" target=\"_new\" rel=\"noopener\" data-start=\"2903\" data-end=\"2940\">vapingnet.de<\/a> i do\u015bwiadcz na w\u0142asnej sk\u00f3rze RandM Tornado 7000! \ud83d\udd25<\/p>","protected":false},"excerpt":{"rendered":"<p>Wysokiej jako\u015bci elektroniczne papierosy\ud83d\udd25, wysy\u0142ka bezpo\u015brednio z magazynu w Bremie, dostawa w ci\u0105gu 2-4 dni!<\/p>","protected":false},"featured_media":5326,"template":"","meta":[],"etheme_brands":[],"product_brand":[96],"product_cat":[89,60,59,49,61],"product_tag":[],"class_list":{"0":"post-4978","1":"product","2":"type-product","3":"status-publish","4":"has-post-thumbnail","6":"product_brand-randm-vape","7":"product_cat-vape-7000-zuege","8":"product_cat-c","9":"product_cat-de","10":"product_cat-einweg-e-zigarette","11":"product_cat-f","13":"first","14":"instock","15":"sale","16":"shipping-taxable","17":"purchasable","18":"product-type-variable"},"yoast_head":"<!-- This site is optimized with the Yoast SEO plugin v26.5 - https:\/\/yoast.com\/wordpress\/plugins\/seo\/ -->\n<title>Schnell und zuverl\u00e4ssig RandM Tornado 7000 in 2-4 Tagen geliefert | Vapingnet.de<\/title>\n<meta name=\"description\" content=\"Entdecke Schnell und zuverl\u00e4ssig RandM Tornado 7000 in 2-4 Tagen geliefert bei vapingnet.de, \u25ba Gro\u00dfe Auswahl an Geschmacksrichtungen &amp; super g\u00fcnstig!\" \/>\n<meta name=\"robots\" content=\"index, follow, max-snippet:-1, max-image-preview:large, max-video-preview:-1\" \/>\n<link rel=\"canonical\" href=\"https:\/\/vapingnet.de\/pl\/vape\/schnell-und-zuverlaessig-randm-tornado-7000-in-2-4-tagen-geliefert\/\" \/>\n<meta property=\"og:locale\" content=\"pl_PL\" \/>\n<meta property=\"og:type\" content=\"article\" \/>\n<meta property=\"og:title\" content=\"Schnell und zuverl\u00e4ssig RandM Tornado 7000 in 2-4 Tagen geliefert | Vapingnet.de\" \/>\n<meta property=\"og:description\" content=\"Entdecke Schnell und zuverl\u00e4ssig RandM Tornado 7000 in 2-4 Tagen geliefert bei vapingnet.de, \u25ba Gro\u00dfe Auswahl an Geschmacksrichtungen &amp; super g\u00fcnstig!\" \/>\n<meta property=\"og:url\" content=\"https:\/\/vapingnet.de\/pl\/vape\/schnell-und-zuverlaessig-randm-tornado-7000-in-2-4-tagen-geliefert\/\" \/>\n<meta property=\"og:site_name\" content=\"Vapingnet.de\" \/>\n<meta property=\"article:publisher\" content=\"https:\/\/www.facebook.com\/vapingnetde\/\" \/>\n<meta property=\"article:modified_time\" content=\"2026-03-04T06:58:57+00:00\" \/>\n<meta property=\"og:image\" content=\"https:\/\/vapingnet.de\/wp-content\/uploads\/2025\/03\/randm-7000-1.png\" \/>\n\t<meta property=\"og:image:width\" content=\"1000\" \/>\n\t<meta property=\"og:image:height\" content=\"1000\" \/>\n\t<meta property=\"og:image:type\" content=\"image\/png\" \/>\n<meta name=\"twitter:card\" content=\"summary_large_image\" \/>\n<meta name=\"twitter:label1\" content=\"Est. reading time\" \/>\n\t<meta name=\"twitter:data1\" content=\"2 minutes\" \/>\n<script type=\"application\/ld+json\" class=\"yoast-schema-graph\">{\"@context\":\"https:\/\/schema.org\",\"@graph\":[{\"@type\":\"WebPage\",\"@id\":\"https:\/\/vapingnet.de\/vape\/schnell-und-zuverlaessig-randm-tornado-7000-in-2-4-tagen-geliefert\/\",\"url\":\"https:\/\/vapingnet.de\/vape\/schnell-und-zuverlaessig-randm-tornado-7000-in-2-4-tagen-geliefert\/\",\"name\":\"Schnell und zuverl\u00e4ssig RandM Tornado 7000 in 2-4 Tagen geliefert | Vapingnet.de\",\"isPartOf\":{\"@id\":\"https:\/\/vapingnet.de\/#website\"},\"primaryImageOfPage\":{\"@id\":\"https:\/\/vapingnet.de\/vape\/schnell-und-zuverlaessig-randm-tornado-7000-in-2-4-tagen-geliefert\/#primaryimage\"},\"image\":{\"@id\":\"https:\/\/vapingnet.de\/vape\/schnell-und-zuverlaessig-randm-tornado-7000-in-2-4-tagen-geliefert\/#primaryimage\"},\"thumbnailUrl\":\"https:\/\/vapingnet.de\/wp-content\/uploads\/2025\/03\/randm-7000-1.png\",\"datePublished\":\"2025-03-11T05:44:15+00:00\",\"dateModified\":\"2026-03-04T06:58:57+00:00\",\"description\":\"Entdecke Schnell und zuverl\u00e4ssig RandM Tornado 7000 in 2-4 Tagen geliefert bei vapingnet.de, \u25ba Gro\u00dfe Auswahl an Geschmacksrichtungen & super g\u00fcnstig!\",\"breadcrumb\":{\"@id\":\"https:\/\/vapingnet.de\/vape\/schnell-und-zuverlaessig-randm-tornado-7000-in-2-4-tagen-geliefert\/#breadcrumb\"},\"inLanguage\":\"pl-PL\",\"potentialAction\":[{\"@type\":\"ReadAction\",\"target\":[\"https:\/\/vapingnet.de\/vape\/schnell-und-zuverlaessig-randm-tornado-7000-in-2-4-tagen-geliefert\/\"]}]},{\"@type\":\"ImageObject\",\"inLanguage\":\"pl-PL\",\"@id\":\"https:\/\/vapingnet.de\/vape\/schnell-und-zuverlaessig-randm-tornado-7000-in-2-4-tagen-geliefert\/#primaryimage\",\"url\":\"https:\/\/vapingnet.de\/wp-content\/uploads\/2025\/03\/randm-7000-1.png\",\"contentUrl\":\"https:\/\/vapingnet.de\/wp-content\/uploads\/2025\/03\/randm-7000-1.png\",\"width\":1000,\"height\":1000,\"caption\":\"randm-7000-1\"},{\"@type\":\"BreadcrumbList\",\"@id\":\"https:\/\/vapingnet.de\/vape\/schnell-und-zuverlaessig-randm-tornado-7000-in-2-4-tagen-geliefert\/#breadcrumb\",\"itemListElement\":[{\"@type\":\"ListItem\",\"position\":1,\"name\":\"Home\",\"item\":\"https:\/\/vapingnet.de\/\"},{\"@type\":\"ListItem\",\"position\":2,\"name\":\"Shop\",\"item\":\"https:\/\/vapingnet.de\/vape\/\"},{\"@type\":\"ListItem\",\"position\":3,\"name\":\"Schnell und zuverl\u00e4ssig RandM Tornado 7000 in 2-4 Tagen geliefert\"}]},{\"@type\":\"WebSite\",\"@id\":\"https:\/\/vapingnet.de\/#website\",\"url\":\"https:\/\/vapingnet.de\/\",\"name\":\"Vapingnet.de\",\"description\":\"\",\"publisher\":{\"@id\":\"https:\/\/vapingnet.de\/#organization\"},\"potentialAction\":[{\"@type\":\"SearchAction\",\"target\":{\"@type\":\"EntryPoint\",\"urlTemplate\":\"https:\/\/vapingnet.de\/?s={search_term_string}\"},\"query-input\":{\"@type\":\"PropertyValueSpecification\",\"valueRequired\":true,\"valueName\":\"search_term_string\"}}],\"inLanguage\":\"pl-PL\"},{\"@type\":\"Organization\",\"@id\":\"https:\/\/vapingnet.de\/#organization\",\"name\":\"Vapingnet.de\",\"url\":\"https:\/\/vapingnet.de\/\",\"logo\":{\"@type\":\"ImageObject\",\"inLanguage\":\"pl-PL\",\"@id\":\"https:\/\/vapingnet.de\/#\/schema\/logo\/image\/\",\"url\":\"https:\/\/vapingnet.de\/wp-content\/uploads\/2025\/03\/cropped-vapingnet.de_.jpg\",\"contentUrl\":\"https:\/\/vapingnet.de\/wp-content\/uploads\/2025\/03\/cropped-vapingnet.de_.jpg\",\"width\":512,\"height\":512,\"caption\":\"Vapingnet.de\"},\"image\":{\"@id\":\"https:\/\/vapingnet.de\/#\/schema\/logo\/image\/\"},\"sameAs\":[\"https:\/\/www.facebook.com\/vapingnetde\/\"]}]}<\/script>\n<!-- \/ Yoast SEO plugin. -->","yoast_head_json":{"title":"Schnell und zuverl\u00e4ssig RandM Tornado 7000 in 2-4 Tagen geliefert | Vapingnet.de","description":"Entdecke Schnell und zuverl\u00e4ssig RandM Tornado 7000 in 2-4 Tagen geliefert bei vapingnet.de, \u25ba Gro\u00dfe Auswahl an Geschmacksrichtungen & super g\u00fcnstig!","robots":{"index":"index","follow":"follow","max-snippet":"max-snippet:-1","max-image-preview":"max-image-preview:large","max-video-preview":"max-video-preview:-1"},"canonical":"https:\/\/vapingnet.de\/pl\/vape\/schnell-und-zuverlaessig-randm-tornado-7000-in-2-4-tagen-geliefert\/","og_locale":"pl_PL","og_type":"article","og_title":"Schnell und zuverl\u00e4ssig RandM Tornado 7000 in 2-4 Tagen geliefert | Vapingnet.de","og_description":"Entdecke Schnell und zuverl\u00e4ssig RandM Tornado 7000 in 2-4 Tagen geliefert bei vapingnet.de, \u25ba Gro\u00dfe Auswahl an Geschmacksrichtungen & super g\u00fcnstig!","og_url":"https:\/\/vapingnet.de\/pl\/vape\/schnell-und-zuverlaessig-randm-tornado-7000-in-2-4-tagen-geliefert\/","og_site_name":"Vapingnet.de","article_publisher":"https:\/\/www.facebook.com\/vapingnetde\/","article_modified_time":"2026-03-04T06:58:57+00:00","og_image":[{"width":1000,"height":1000,"url":"https:\/\/vapingnet.de\/wp-content\/uploads\/2025\/03\/randm-7000-1.png","type":"image\/png"}],"twitter_card":"summary_large_image","twitter_misc":{"Est. reading time":"2 minutes"},"schema":{"@context":"https:\/\/schema.org","@graph":[{"@type":"WebPage","@id":"https:\/\/vapingnet.de\/vape\/schnell-und-zuverlaessig-randm-tornado-7000-in-2-4-tagen-geliefert\/","url":"https:\/\/vapingnet.de\/vape\/schnell-und-zuverlaessig-randm-tornado-7000-in-2-4-tagen-geliefert\/","name":"Schnell und zuverl\u00e4ssig RandM Tornado 7000 in 2-4 Tagen geliefert | Vapingnet.de","isPartOf":{"@id":"https:\/\/vapingnet.de\/#website"},"primaryImageOfPage":{"@id":"https:\/\/vapingnet.de\/vape\/schnell-und-zuverlaessig-randm-tornado-7000-in-2-4-tagen-geliefert\/#primaryimage"},"image":{"@id":"https:\/\/vapingnet.de\/vape\/schnell-und-zuverlaessig-randm-tornado-7000-in-2-4-tagen-geliefert\/#primaryimage"},"thumbnailUrl":"https:\/\/vapingnet.de\/wp-content\/uploads\/2025\/03\/randm-7000-1.png","datePublished":"2025-03-11T05:44:15+00:00","dateModified":"2026-03-04T06:58:57+00:00","description":"Entdecke Schnell und zuverl\u00e4ssig RandM Tornado 7000 in 2-4 Tagen geliefert bei vapingnet.de, \u25ba Gro\u00dfe Auswahl an Geschmacksrichtungen & super g\u00fcnstig!","breadcrumb":{"@id":"https:\/\/vapingnet.de\/vape\/schnell-und-zuverlaessig-randm-tornado-7000-in-2-4-tagen-geliefert\/#breadcrumb"},"inLanguage":"pl-PL","potentialAction":[{"@type":"ReadAction","target":["https:\/\/vapingnet.de\/vape\/schnell-und-zuverlaessig-randm-tornado-7000-in-2-4-tagen-geliefert\/"]}]},{"@type":"ImageObject","inLanguage":"pl-PL","@id":"https:\/\/vapingnet.de\/vape\/schnell-und-zuverlaessig-randm-tornado-7000-in-2-4-tagen-geliefert\/#primaryimage","url":"https:\/\/vapingnet.de\/wp-content\/uploads\/2025\/03\/randm-7000-1.png","contentUrl":"https:\/\/vapingnet.de\/wp-content\/uploads\/2025\/03\/randm-7000-1.png","width":1000,"height":1000,"caption":"randm-7000-1"},{"@type":"BreadcrumbList","@id":"https:\/\/vapingnet.de\/vape\/schnell-und-zuverlaessig-randm-tornado-7000-in-2-4-tagen-geliefert\/#breadcrumb","itemListElement":[{"@type":"ListItem","position":1,"name":"Home","item":"https:\/\/vapingnet.de\/"},{"@type":"ListItem","position":2,"name":"Shop","item":"https:\/\/vapingnet.de\/vape\/"},{"@type":"ListItem","position":3,"name":"Schnell und zuverl\u00e4ssig RandM Tornado 7000 in 2-4 Tagen geliefert"}]},{"@type":"WebSite","@id":"https:\/\/vapingnet.de\/#website","url":"https:\/\/vapingnet.de\/","name":"Vapingnet.de","description":"","publisher":{"@id":"https:\/\/vapingnet.de\/#organization"},"potentialAction":[{"@type":"SearchAction","target":{"@type":"EntryPoint","urlTemplate":"https:\/\/vapingnet.de\/?s={search_term_string}"},"query-input":{"@type":"PropertyValueSpecification","valueRequired":true,"valueName":"search_term_string"}}],"inLanguage":"pl-PL"},{"@type":"Organization","@id":"https:\/\/vapingnet.de\/#organization","name":"Vapingnet.de","url":"https:\/\/vapingnet.de\/","logo":{"@type":"ImageObject","inLanguage":"pl-PL","@id":"https:\/\/vapingnet.de\/#\/schema\/logo\/image\/","url":"https:\/\/vapingnet.de\/wp-content\/uploads\/2025\/03\/cropped-vapingnet.de_.jpg","contentUrl":"https:\/\/vapingnet.de\/wp-content\/uploads\/2025\/03\/cropped-vapingnet.de_.jpg","width":512,"height":512,"caption":"Vapingnet.de"},"image":{"@id":"https:\/\/vapingnet.de\/#\/schema\/logo\/image\/"},"sameAs":["https:\/\/www.facebook.com\/vapingnetde\/"]}]}},"tiered_pricing_type":"fixed","tiered_pricing_fixed_rules":{"10":"6.00"},"tiered_pricing_product_settings":{"layout":"default","base_unit_name":{"singular":null,"plural":null},"default_variation":null},"tiered_pricing_minimum_quantity":null,"tiered_pricing_roles_data":[],"tiered_pricing_percentage_rules":[],"_links":{"self":[{"href":"https:\/\/vapingnet.de\/pl\/wp-json\/wp\/v2\/product\/4978","targetHints":{"allow":["GET"]}}],"collection":[{"href":"https:\/\/vapingnet.de\/pl\/wp-json\/wp\/v2\/product"}],"about":[{"href":"https:\/\/vapingnet.de\/pl\/wp-json\/wp\/v2\/types\/product"}],"version-history":[{"count":2,"href":"https:\/\/vapingnet.de\/pl\/wp-json\/wp\/v2\/product\/4978\/revisions"}],"predecessor-version":[{"id":5107,"href":"https:\/\/vapingnet.de\/pl\/wp-json\/wp\/v2\/product\/4978\/revisions\/5107"}],"wp:featuredmedia":[{"embeddable":true,"href":"https:\/\/vapingnet.de\/pl\/wp-json\/wp\/v2\/media\/5326"}],"wp:attachment":[{"href":"https:\/\/vapingnet.de\/pl\/wp-json\/wp\/v2\/media?parent=4978"}],"wp:term":[{"taxonomy":"brand","embeddable":true,"href":"https:\/\/vapingnet.de\/pl\/wp-json\/wp\/v2\/etheme_brands?post=4978"},{"taxonomy":"product_brand","embeddable":true,"href":"https:\/\/vapingnet.de\/pl\/wp-json\/wp\/v2\/product_brand?post=4978"},{"taxonomy":"product_cat","embeddable":true,"href":"https:\/\/vapingnet.de\/pl\/wp-json\/wp\/v2\/product_cat?post=4978"},{"taxonomy":"product_tag","embeddable":true,"href":"https:\/\/vapingnet.de\/pl\/wp-json\/wp\/v2\/product_tag?post=4978"}],"curies":[{"name":"wp","href":"https:\/\/api.w.org\/{rel}","templated":true}]}}