{"id":4988,"date":"2025-03-11T06:47:09","date_gmt":"2025-03-11T06:47:09","guid":{"rendered":"https:\/\/vapingnet.de\/?post_type=product&#038;p=4988"},"modified":"2025-12-18T01:50:05","modified_gmt":"2025-12-18T01:50:05","slug":"randm-tornado-9000-blueberry-ice-eisigem-geschmack-geniessen","status":"publish","type":"product","link":"https:\/\/vapingnet.de\/pl\/vape\/randm-tornado-9000-blueberry-ice-eisigem-geschmack-geniessen\/","title":{"rendered":"Rozkoszuj si\u0119 RandM Tornado 9000 Blueberry Ice o lodowym smaku"},"content":{"rendered":"<h2 data-start=\"119\" data-end=\"179\">RandM Tornado 9000 \u2013 Twoja przysz\u0142o\u015b\u0107 vapingu zaczyna si\u0119 tutaj<\/h2>\n<p data-start=\"181\" data-end=\"443\" data-immersive-translate-walked=\"b7f76c0b-7ca8-4193-bc66-5503ea679803\" data-immersive-translate-paragraph=\"1\">Ten <a href=\"https:\/\/vapingnet.de\/pl\/randm-tornado-9000\/\" target=\"_blank\" rel=\"noopener\"><strong>RandM Tornado 9000<\/strong><\/a> to wi\u0119cej ni\u017c jednorazowy vape \u2013 to idealna symbioza technologii, smaku i wytrzyma\u0142o\u015bci. Ten model oferuje przemy\u015blane wzornictwo i jest idealny dla wszystkich, kt\u00f3rzy szukaj\u0105 niezawodnego, intensywnego i prostego do\u015bwiadczenia vapowania.<\/p>\n<h4 data-start=\"450\" data-end=\"500\" data-immersive-translate-walked=\"b7f76c0b-7ca8-4193-bc66-5503ea679803\" data-immersive-translate-paragraph=\"1\">Wydajna technologia dla bezproblemowej przyjemno\u015bci<\/h4>\n<p data-start=\"502\" data-end=\"562\" data-immersive-translate-walked=\"b7f76c0b-7ca8-4193-bc66-5503ea679803\" data-immersive-translate-paragraph=\"1\">Ponownie \u0142adowany za pomoc\u0105 Type-C \u2013 pe\u0142na kontrola w ka\u017cdej chwili<\/p>\n<p data-start=\"563\" data-end=\"839\" data-immersive-translate-walked=\"b7f76c0b-7ca8-4193-bc66-5503ea679803\" data-immersive-translate-paragraph=\"1\">Wyposa\u017cony w akumulator 850mAh i nowoczesn\u0105 technologi\u0119 \u0142adowania Type-C, RandM Tornado 9000 gwarantuje du\u017c\u0105 wytrzyma\u0142o\u015b\u0107. Korzystasz z nawet do 9000 poci\u0105gni\u0119\u0107 \u2013 to idealne rozwi\u0105zanie dla intensywnych u\u017cytkownik\u00f3w, kt\u00f3rzy chc\u0105 vapowa\u0107 przez kilka dni bez przerwy.<\/p>\n<h3 data-start=\"846\" data-end=\"883\" data-immersive-translate-walked=\"b7f76c0b-7ca8-4193-bc66-5503ea679803\" data-immersive-translate-paragraph=\"1\">Do\u015bwiadczenie smakowe najwy\u017cszej klasy<\/h3>\n<ul>\n<li data-start=\"885\" data-end=\"939\" data-immersive-translate-walked=\"b7f76c0b-7ca8-4193-bc66-5503ea679803\" data-immersive-translate-paragraph=\"1\">18ml e-liquid z mesh-coil dla intensywnych aromat\u00f3w<br \/>\nUrz\u0105dzenie zawiera 18ml premium e-liquid, po\u0142\u0105czony z rezystorem mesh 0,8 Ohma. Efektem jest r\u00f3wnomierny, g\u0119sty dym z wyra\u017anie zdefiniowanymi nutami smakowymi \u2013 przyjemno\u015b\u0107 przy ka\u017cdym poci\u0105gni\u0119ciu.<\/li>\n<li data-start=\"1150\" data-end=\"1202\" data-immersive-translate-walked=\"b7f76c0b-7ca8-4193-bc66-5503ea679803\" data-immersive-translate-paragraph=\"1\">Jagoda spotyka \u015bwie\u017co\u015b\u0107 \u2013 Blueberry Ice w centrum uwagi<br \/>\nWariant Blueberry Ice oferuje harmonijn\u0105 mieszank\u0119 s\u0142odkich jag\u00f3d i ch\u0142odz\u0105cego wyko\u0144czenia mi\u0119towego. Aromat rozwija si\u0119 ju\u017c podczas wdechu i zapewnia orze\u017awiaj\u0105ce do\u015bwiadczenie vapowania zar\u00f3wno w gor\u0105ce dni, jak i w ch\u0142odne noce.<\/li>\n<\/ul>\n<h4 data-start=\"1469\" data-end=\"1510\" data-immersive-translate-walked=\"b7f76c0b-7ca8-4193-bc66-5503ea679803\" data-immersive-translate-paragraph=\"1\">Styl spotyka funkcj\u0119 \u2013 design z pod\u015bwietleniem RGB<\/h4>\n<p data-start=\"1512\" data-end=\"1762\" data-immersive-translate-walked=\"b7f76c0b-7ca8-4193-bc66-5503ea679803\" data-immersive-translate-paragraph=\"1\">Przy ka\u017cdym poci\u0105gni\u0119ciu aktywuje si\u0119 pod\u015bwietlenie RGB, kt\u00f3re delikatnie pulsuje zmieniaj\u0105cymi si\u0119 kolorami. Ta funkcja sprawia, \u017ce urz\u0105dzenie jest nie tylko technicznie interesuj\u0105ce, ale tak\u017ce wizualnie przyci\u0105gaj\u0105ce uwag\u0119 \u2013 szczeg\u00f3lnie w nocnym \u017cyciu lub podczas spotka\u0144 towarzyskich.<\/p>\n<h4 data-start=\"1769\" data-end=\"1807\" data-immersive-translate-walked=\"b7f76c0b-7ca8-4193-bc66-5503ea679803\" data-immersive-translate-paragraph=\"1\">Kompaktowy, lekki i codzienny w u\u017cyciu<\/h4>\n<p data-start=\"1809\" data-end=\"2161\" data-immersive-translate-walked=\"b7f76c0b-7ca8-4193-bc66-5503ea679803\" data-immersive-translate-paragraph=\"1\">Z wag\u0105 oko\u0142o 70g, RandM Tornado 9000 to prawdziwy lekki sprz\u0119t. Dzi\u0119ki ergonomicznej konstrukcji dobrze le\u017cy w d\u0142oni, a do\u0142\u0105czony pasek na r\u0119k\u0119 zapewnia dodatkow\u0105 elastyczno\u015b\u0107. Koncentracja nikotyny 2% zapewnia przyjemn\u0105 r\u00f3wnowag\u0119 mi\u0119dzy intensywno\u015bci\u0105 a komfortem \u2013 idealne do codziennego u\u017cytku.<\/p>\n<h3 data-start=\"2168\" data-end=\"2200\" data-immersive-translate-paragraph=\"1\" data-immersive-translate-walked=\"b7f76c0b-7ca8-4193-bc66-5503ea679803\">Twoje korzy\u015bci w skr\u00f3cie<\/h3>\n<ul data-start=\"2202\" data-end=\"2438\" data-immersive-translate-walked=\"b7f76c0b-7ca8-4193-bc66-5503ea679803\">\n<li data-start=\"2202\" data-end=\"2250\" data-immersive-translate-walked=\"b7f76c0b-7ca8-4193-bc66-5503ea679803\">\n<p data-start=\"2204\" data-end=\"2250\" data-immersive-translate-walked=\"b7f76c0b-7ca8-4193-bc66-5503ea679803\" data-immersive-translate-paragraph=\"1\">Do 9000 poci\u0105gni\u0119\u0107 dla d\u0142ugotrwa\u0142ego u\u017cytkowania<\/p>\n<\/li>\n<li data-start=\"2251\" data-end=\"2315\" data-immersive-translate-walked=\"b7f76c0b-7ca8-4193-bc66-5503ea679803\">\n<p data-start=\"2253\" data-end=\"2315\" data-immersive-translate-walked=\"b7f76c0b-7ca8-4193-bc66-5503ea679803\" data-immersive-translate-paragraph=\"1\">Ponownie \u0142adowany design zmniejsza ilo\u015b\u0107 odpad\u00f3w i oszcz\u0119dza pieni\u0105dze<\/p>\n<\/li>\n<li data-start=\"2316\" data-end=\"2370\" data-immersive-translate-walked=\"b7f76c0b-7ca8-4193-bc66-5503ea679803\">\n<p data-start=\"2318\" data-end=\"2370\" data-immersive-translate-walked=\"b7f76c0b-7ca8-4193-bc66-5503ea679803\" data-immersive-translate-paragraph=\"1\">Nie wymaga wcze\u015bniejszej wiedzy \u2013 gotowy do vapowania od razu<\/p>\n<\/li>\n<li data-start=\"2371\" data-end=\"2438\" data-immersive-translate-walked=\"b7f76c0b-7ca8-4193-bc66-5503ea679803\">\n<p data-start=\"2373\" data-end=\"2438\" data-immersive-translate-walked=\"b7f76c0b-7ca8-4193-bc66-5503ea679803\" data-immersive-translate-paragraph=\"1\">Oryginalny produkt od vapingnet.de \u2013 dla prawdziwej jako\u015bci marki<\/p>\n<\/li>\n<\/ul>\n<h3 data-start=\"2445\" data-end=\"2501\" data-immersive-translate-walked=\"b7f76c0b-7ca8-4193-bc66-5503ea679803\" data-immersive-translate-paragraph=\"1\">Zam\u00f3w teraz RandM Tornado 9000 \u2013 w vapingnet.de<\/h3>\n<p data-start=\"2503\" data-end=\"2711\" data-immersive-translate-walked=\"b7f76c0b-7ca8-4193-bc66-5503ea679803\" data-immersive-translate-paragraph=\"1\">Chcesz zapewni\u0107 sobie pe\u0142ne do\u015bwiadczenie vapowania? RandM Tornado 9000 oferuje wszystko, co nowoczesna technologia vapingu ma do zaoferowania: du\u017c\u0105 wytrzyma\u0142o\u015b\u0107, intensywny smak i charakterystyczny design.<\/p>\n<p data-start=\"2713\" data-end=\"2825\" data-immersive-translate-walked=\"b7f76c0b-7ca8-4193-bc66-5503ea679803\" data-immersive-translate-paragraph=\"1\">Zam\u00f3w teraz bezpo\u015brednio u vapingnet.de \u2013 z szybka wysy\u0142k\u0105 z Deutschland.<\/p>\n<p data-start=\"2832\" data-end=\"2911\" data-immersive-translate-walked=\"b7f76c0b-7ca8-4193-bc66-5503ea679803\">RandM Tornado 9000 \u2013 Definicja nowego vapingu. Prosty. Intensywny. Niezawodny.<\/p>","protected":false},"excerpt":{"rendered":"<p>Wysokiej jako\u015bci elektroniczne papierosy\ud83d\udd25, wysy\u0142ka bezpo\u015brednio z magazynu w Bremie, dostawa w ci\u0105gu 2-4 dni!<\/p>","protected":false},"featured_media":4989,"template":"","meta":[],"etheme_brands":[],"product_brand":[96],"product_cat":[52,59,49,61],"product_tag":[],"class_list":{"0":"post-4988","1":"product","2":"type-product","3":"status-publish","4":"has-post-thumbnail","6":"product_brand-randm-vape","7":"product_cat-vape-9000-zuege","8":"product_cat-de","9":"product_cat-einweg-e-zigarette","10":"product_cat-f","12":"first","13":"instock","14":"shipping-taxable","15":"purchasable","16":"product-type-simple"},"yoast_head":"<!-- This site is optimized with the Yoast SEO plugin v26.5 - https:\/\/yoast.com\/wordpress\/plugins\/seo\/ -->\n<title>RandM Tornado 9000 \u2013 Starke Einweg E-Zigarette mit 9000 Puffs<\/title>\n<meta name=\"description\" content=\"Entdecken Sie den RandM Tornado 9000 mit 9000 Z\u00fcgen, 18ml E-Liquid, starker Ausdauer &amp; intensivem Geschmack. Jetzt bei vapingnet.de kaufen.\" \/>\n<meta name=\"robots\" content=\"index, follow, max-snippet:-1, max-image-preview:large, max-video-preview:-1\" \/>\n<link rel=\"canonical\" href=\"https:\/\/vapingnet.de\/pl\/vape\/randm-tornado-9000-blueberry-ice-eisigem-geschmack-geniessen\/\" \/>\n<meta property=\"og:locale\" content=\"pl_PL\" \/>\n<meta property=\"og:type\" content=\"article\" \/>\n<meta property=\"og:title\" content=\"RandM Tornado 9000 \u2013 Starke Einweg E-Zigarette mit 9000 Puffs\" \/>\n<meta property=\"og:description\" content=\"Entdecken Sie den RandM Tornado 9000 mit 9000 Z\u00fcgen, 18ml E-Liquid, starker Ausdauer &amp; intensivem Geschmack. Jetzt bei vapingnet.de kaufen.\" \/>\n<meta property=\"og:url\" content=\"https:\/\/vapingnet.de\/pl\/vape\/randm-tornado-9000-blueberry-ice-eisigem-geschmack-geniessen\/\" \/>\n<meta property=\"og:site_name\" content=\"Vapingnet.de\" \/>\n<meta property=\"article:publisher\" content=\"https:\/\/www.facebook.com\/vapingnetde\/\" \/>\n<meta property=\"article:modified_time\" content=\"2025-12-18T01:50:05+00:00\" \/>\n<meta property=\"og:image\" content=\"https:\/\/vapingnet.de\/wp-content\/uploads\/2025\/03\/randm-tornado-9000-bluebarry-ice.webp\" \/>\n\t<meta property=\"og:image:width\" content=\"1000\" \/>\n\t<meta property=\"og:image:height\" content=\"1000\" \/>\n\t<meta property=\"og:image:type\" content=\"image\/webp\" \/>\n<meta name=\"twitter:card\" content=\"summary_large_image\" \/>\n<meta name=\"twitter:label1\" content=\"Est. reading time\" \/>\n\t<meta name=\"twitter:data1\" content=\"3 minutes\" \/>\n<script type=\"application\/ld+json\" class=\"yoast-schema-graph\">{\"@context\":\"https:\/\/schema.org\",\"@graph\":[{\"@type\":\"WebPage\",\"@id\":\"https:\/\/vapingnet.de\/vape\/randm-tornado-9000-blueberry-ice-eisigem-geschmack-geniessen\/\",\"url\":\"https:\/\/vapingnet.de\/vape\/randm-tornado-9000-blueberry-ice-eisigem-geschmack-geniessen\/\",\"name\":\"RandM Tornado 9000 \u2013 Starke Einweg E-Zigarette mit 9000 Puffs\",\"isPartOf\":{\"@id\":\"https:\/\/vapingnet.de\/#website\"},\"primaryImageOfPage\":{\"@id\":\"https:\/\/vapingnet.de\/vape\/randm-tornado-9000-blueberry-ice-eisigem-geschmack-geniessen\/#primaryimage\"},\"image\":{\"@id\":\"https:\/\/vapingnet.de\/vape\/randm-tornado-9000-blueberry-ice-eisigem-geschmack-geniessen\/#primaryimage\"},\"thumbnailUrl\":\"https:\/\/vapingnet.de\/wp-content\/uploads\/2025\/03\/randm-tornado-9000-bluebarry-ice.webp\",\"datePublished\":\"2025-03-11T06:47:09+00:00\",\"dateModified\":\"2025-12-18T01:50:05+00:00\",\"description\":\"Entdecken Sie den RandM Tornado 9000 mit 9000 Z\u00fcgen, 18ml E-Liquid, starker Ausdauer & intensivem Geschmack. Jetzt bei vapingnet.de kaufen.\",\"breadcrumb\":{\"@id\":\"https:\/\/vapingnet.de\/vape\/randm-tornado-9000-blueberry-ice-eisigem-geschmack-geniessen\/#breadcrumb\"},\"inLanguage\":\"pl-PL\",\"potentialAction\":[{\"@type\":\"ReadAction\",\"target\":[\"https:\/\/vapingnet.de\/vape\/randm-tornado-9000-blueberry-ice-eisigem-geschmack-geniessen\/\"]}]},{\"@type\":\"ImageObject\",\"inLanguage\":\"pl-PL\",\"@id\":\"https:\/\/vapingnet.de\/vape\/randm-tornado-9000-blueberry-ice-eisigem-geschmack-geniessen\/#primaryimage\",\"url\":\"https:\/\/vapingnet.de\/wp-content\/uploads\/2025\/03\/randm-tornado-9000-bluebarry-ice.webp\",\"contentUrl\":\"https:\/\/vapingnet.de\/wp-content\/uploads\/2025\/03\/randm-tornado-9000-bluebarry-ice.webp\",\"width\":1000,\"height\":1000,\"caption\":\"randm-tornado-9000-bluebarry-ice\"},{\"@type\":\"BreadcrumbList\",\"@id\":\"https:\/\/vapingnet.de\/vape\/randm-tornado-9000-blueberry-ice-eisigem-geschmack-geniessen\/#breadcrumb\",\"itemListElement\":[{\"@type\":\"ListItem\",\"position\":1,\"name\":\"Home\",\"item\":\"https:\/\/vapingnet.de\/\"},{\"@type\":\"ListItem\",\"position\":2,\"name\":\"Shop\",\"item\":\"https:\/\/vapingnet.de\/vape\/\"},{\"@type\":\"ListItem\",\"position\":3,\"name\":\"RandM Tornado 9000 Blueberry Ice eisigem Geschmack genie\u00dfen\"}]},{\"@type\":\"WebSite\",\"@id\":\"https:\/\/vapingnet.de\/#website\",\"url\":\"https:\/\/vapingnet.de\/\",\"name\":\"Vapingnet.de\",\"description\":\"\",\"publisher\":{\"@id\":\"https:\/\/vapingnet.de\/#organization\"},\"potentialAction\":[{\"@type\":\"SearchAction\",\"target\":{\"@type\":\"EntryPoint\",\"urlTemplate\":\"https:\/\/vapingnet.de\/?s={search_term_string}\"},\"query-input\":{\"@type\":\"PropertyValueSpecification\",\"valueRequired\":true,\"valueName\":\"search_term_string\"}}],\"inLanguage\":\"pl-PL\"},{\"@type\":\"Organization\",\"@id\":\"https:\/\/vapingnet.de\/#organization\",\"name\":\"Vapingnet.de\",\"url\":\"https:\/\/vapingnet.de\/\",\"logo\":{\"@type\":\"ImageObject\",\"inLanguage\":\"pl-PL\",\"@id\":\"https:\/\/vapingnet.de\/#\/schema\/logo\/image\/\",\"url\":\"https:\/\/vapingnet.de\/wp-content\/uploads\/2025\/03\/cropped-vapingnet.de_.jpg\",\"contentUrl\":\"https:\/\/vapingnet.de\/wp-content\/uploads\/2025\/03\/cropped-vapingnet.de_.jpg\",\"width\":512,\"height\":512,\"caption\":\"Vapingnet.de\"},\"image\":{\"@id\":\"https:\/\/vapingnet.de\/#\/schema\/logo\/image\/\"},\"sameAs\":[\"https:\/\/www.facebook.com\/vapingnetde\/\"]}]}<\/script>\n<!-- \/ Yoast SEO plugin. -->","yoast_head_json":{"title":"RandM Tornado 9000 \u2013 Starke Einweg E-Zigarette mit 9000 Puffs","description":"Entdecken Sie den RandM Tornado 9000 mit 9000 Z\u00fcgen, 18ml E-Liquid, starker Ausdauer & intensivem Geschmack. Jetzt bei vapingnet.de kaufen.","robots":{"index":"index","follow":"follow","max-snippet":"max-snippet:-1","max-image-preview":"max-image-preview:large","max-video-preview":"max-video-preview:-1"},"canonical":"https:\/\/vapingnet.de\/pl\/vape\/randm-tornado-9000-blueberry-ice-eisigem-geschmack-geniessen\/","og_locale":"pl_PL","og_type":"article","og_title":"RandM Tornado 9000 \u2013 Starke Einweg E-Zigarette mit 9000 Puffs","og_description":"Entdecken Sie den RandM Tornado 9000 mit 9000 Z\u00fcgen, 18ml E-Liquid, starker Ausdauer & intensivem Geschmack. Jetzt bei vapingnet.de kaufen.","og_url":"https:\/\/vapingnet.de\/pl\/vape\/randm-tornado-9000-blueberry-ice-eisigem-geschmack-geniessen\/","og_site_name":"Vapingnet.de","article_publisher":"https:\/\/www.facebook.com\/vapingnetde\/","article_modified_time":"2025-12-18T01:50:05+00:00","og_image":[{"width":1000,"height":1000,"url":"https:\/\/vapingnet.de\/wp-content\/uploads\/2025\/03\/randm-tornado-9000-bluebarry-ice.webp","type":"image\/webp"}],"twitter_card":"summary_large_image","twitter_misc":{"Est. reading time":"3 minutes"},"schema":{"@context":"https:\/\/schema.org","@graph":[{"@type":"WebPage","@id":"https:\/\/vapingnet.de\/vape\/randm-tornado-9000-blueberry-ice-eisigem-geschmack-geniessen\/","url":"https:\/\/vapingnet.de\/vape\/randm-tornado-9000-blueberry-ice-eisigem-geschmack-geniessen\/","name":"RandM Tornado 9000 \u2013 Starke Einweg E-Zigarette mit 9000 Puffs","isPartOf":{"@id":"https:\/\/vapingnet.de\/#website"},"primaryImageOfPage":{"@id":"https:\/\/vapingnet.de\/vape\/randm-tornado-9000-blueberry-ice-eisigem-geschmack-geniessen\/#primaryimage"},"image":{"@id":"https:\/\/vapingnet.de\/vape\/randm-tornado-9000-blueberry-ice-eisigem-geschmack-geniessen\/#primaryimage"},"thumbnailUrl":"https:\/\/vapingnet.de\/wp-content\/uploads\/2025\/03\/randm-tornado-9000-bluebarry-ice.webp","datePublished":"2025-03-11T06:47:09+00:00","dateModified":"2025-12-18T01:50:05+00:00","description":"Entdecken Sie den RandM Tornado 9000 mit 9000 Z\u00fcgen, 18ml E-Liquid, starker Ausdauer & intensivem Geschmack. Jetzt bei vapingnet.de kaufen.","breadcrumb":{"@id":"https:\/\/vapingnet.de\/vape\/randm-tornado-9000-blueberry-ice-eisigem-geschmack-geniessen\/#breadcrumb"},"inLanguage":"pl-PL","potentialAction":[{"@type":"ReadAction","target":["https:\/\/vapingnet.de\/vape\/randm-tornado-9000-blueberry-ice-eisigem-geschmack-geniessen\/"]}]},{"@type":"ImageObject","inLanguage":"pl-PL","@id":"https:\/\/vapingnet.de\/vape\/randm-tornado-9000-blueberry-ice-eisigem-geschmack-geniessen\/#primaryimage","url":"https:\/\/vapingnet.de\/wp-content\/uploads\/2025\/03\/randm-tornado-9000-bluebarry-ice.webp","contentUrl":"https:\/\/vapingnet.de\/wp-content\/uploads\/2025\/03\/randm-tornado-9000-bluebarry-ice.webp","width":1000,"height":1000,"caption":"randm-tornado-9000-bluebarry-ice"},{"@type":"BreadcrumbList","@id":"https:\/\/vapingnet.de\/vape\/randm-tornado-9000-blueberry-ice-eisigem-geschmack-geniessen\/#breadcrumb","itemListElement":[{"@type":"ListItem","position":1,"name":"Home","item":"https:\/\/vapingnet.de\/"},{"@type":"ListItem","position":2,"name":"Shop","item":"https:\/\/vapingnet.de\/vape\/"},{"@type":"ListItem","position":3,"name":"RandM Tornado 9000 Blueberry Ice eisigem Geschmack genie\u00dfen"}]},{"@type":"WebSite","@id":"https:\/\/vapingnet.de\/#website","url":"https:\/\/vapingnet.de\/","name":"Vapingnet.de","description":"","publisher":{"@id":"https:\/\/vapingnet.de\/#organization"},"potentialAction":[{"@type":"SearchAction","target":{"@type":"EntryPoint","urlTemplate":"https:\/\/vapingnet.de\/?s={search_term_string}"},"query-input":{"@type":"PropertyValueSpecification","valueRequired":true,"valueName":"search_term_string"}}],"inLanguage":"pl-PL"},{"@type":"Organization","@id":"https:\/\/vapingnet.de\/#organization","name":"Vapingnet.de","url":"https:\/\/vapingnet.de\/","logo":{"@type":"ImageObject","inLanguage":"pl-PL","@id":"https:\/\/vapingnet.de\/#\/schema\/logo\/image\/","url":"https:\/\/vapingnet.de\/wp-content\/uploads\/2025\/03\/cropped-vapingnet.de_.jpg","contentUrl":"https:\/\/vapingnet.de\/wp-content\/uploads\/2025\/03\/cropped-vapingnet.de_.jpg","width":512,"height":512,"caption":"Vapingnet.de"},"image":{"@id":"https:\/\/vapingnet.de\/#\/schema\/logo\/image\/"},"sameAs":["https:\/\/www.facebook.com\/vapingnetde\/"]}]}},"tiered_pricing_type":"fixed","tiered_pricing_fixed_rules":{"50":"8.30","110":"7.84","210":"7.38","510":"6.92","1100":"6.45"},"tiered_pricing_product_settings":{"layout":"default","base_unit_name":{"singular":null,"plural":null},"default_variation":null},"tiered_pricing_minimum_quantity":null,"tiered_pricing_roles_data":[],"tiered_pricing_percentage_rules":[],"_links":{"self":[{"href":"https:\/\/vapingnet.de\/pl\/wp-json\/wp\/v2\/product\/4988","targetHints":{"allow":["GET"]}}],"collection":[{"href":"https:\/\/vapingnet.de\/pl\/wp-json\/wp\/v2\/product"}],"about":[{"href":"https:\/\/vapingnet.de\/pl\/wp-json\/wp\/v2\/types\/product"}],"version-history":[{"count":3,"href":"https:\/\/vapingnet.de\/pl\/wp-json\/wp\/v2\/product\/4988\/revisions"}],"predecessor-version":[{"id":7221,"href":"https:\/\/vapingnet.de\/pl\/wp-json\/wp\/v2\/product\/4988\/revisions\/7221"}],"wp:featuredmedia":[{"embeddable":true,"href":"https:\/\/vapingnet.de\/pl\/wp-json\/wp\/v2\/media\/4989"}],"wp:attachment":[{"href":"https:\/\/vapingnet.de\/pl\/wp-json\/wp\/v2\/media?parent=4988"}],"wp:term":[{"taxonomy":"brand","embeddable":true,"href":"https:\/\/vapingnet.de\/pl\/wp-json\/wp\/v2\/etheme_brands?post=4988"},{"taxonomy":"product_brand","embeddable":true,"href":"https:\/\/vapingnet.de\/pl\/wp-json\/wp\/v2\/product_brand?post=4988"},{"taxonomy":"product_cat","embeddable":true,"href":"https:\/\/vapingnet.de\/pl\/wp-json\/wp\/v2\/product_cat?post=4988"},{"taxonomy":"product_tag","embeddable":true,"href":"https:\/\/vapingnet.de\/pl\/wp-json\/wp\/v2\/product_tag?post=4988"}],"curies":[{"name":"wp","href":"https:\/\/api.w.org\/{rel}","templated":true}]}}