{"id":4991,"date":"2025-03-11T07:02:49","date_gmt":"2025-03-11T07:02:49","guid":{"rendered":"https:\/\/vapingnet.de\/?post_type=product&#038;p=4991"},"modified":"2025-12-18T08:34:14","modified_gmt":"2025-12-18T08:34:14","slug":"randm-tornado-9000-mr-blue-ohne-zollgebuehren-jetzt-probieren","status":"publish","type":"product","link":"https:\/\/vapingnet.de\/pl\/vape\/randm-tornado-9000-mr-blue-ohne-zollgebuehren-jetzt-probieren\/","title":{"rendered":"Spr\u00f3buj RandM Tornado 9000 Mr Blue bez op\u0142at celnych teraz"},"content":{"rendered":"<h2 data-start=\"192\" data-end=\"267\">RandM Tornado 9000 \u2013 Jednorazowa e-papieros z mocn\u0105 wytrzyma\u0142o\u015bci\u0105 i stylem<\/h2>\n<p data-start=\"269\" data-end=\"626\" data-immersive-translate-walked=\"04ebe2cf-8de1-48e4-ac84-139c9fb60ccd\" data-immersive-translate-paragraph=\"1\">Rynek jednorazowych e-papieros\u00f3w jest du\u017cy \u2013 ale tylko kilka modeli potrafi tak przekonuj\u0105co \u0142\u0105czy\u0107 wydajno\u015b\u0107, smak i design jak RandM Tornado 9000. To urz\u0105dzenie jest skierowane do wszystkich, kt\u00f3rzy szukaj\u0105 nieskomplikowanego, ale mocnego do\u015bwiadczenia vapowania \u2013 bez uzupe\u0142niania, bez skomplikowanych ustawie\u0144, ale z maksymaln\u0105 przyjemno\u015bci\u0105.<\/p>\n<h3 data-start=\"633\" data-end=\"693\" data-immersive-translate-walked=\"04ebe2cf-8de1-48e4-ac84-139c9fb60ccd\" data-immersive-translate-paragraph=\"1\">Przydatny na co dzie\u0144 dzi\u0119ki silnej wytrzyma\u0142o\u015bci i nowoczesnej technologii<\/h3>\n<p data-start=\"695\" data-end=\"1006\" data-immersive-translate-walked=\"04ebe2cf-8de1-48e4-ac84-139c9fb60ccd\" data-immersive-translate-paragraph=\"1\">Kto regularnie vapuje, zna problem: wi\u0119kszo\u015b\u0107 urz\u0105dze\u0144 nie wytrzymuje d\u0142ugo. RandM Tornado 9000 celuje w\u0142a\u015bnie w to. Z wymiennym akumulatorem 850mAh i do 9000 poci\u0105gni\u0119\u0107 na urz\u0105dzenie, jest stworzony dla nowoczesnego stylu \u017cycia \u2013 w podr\u00f3\u017cy, w drodze czy w stresuj\u0105cym dniu.<\/p>\n<ul data-start=\"1008\" data-end=\"1127\" data-immersive-translate-walked=\"04ebe2cf-8de1-48e4-ac84-139c9fb60ccd\">\n<li data-start=\"1008\" data-end=\"1036\" data-immersive-translate-walked=\"04ebe2cf-8de1-48e4-ac84-139c9fb60ccd\">\n<p data-start=\"1010\" data-end=\"1036\" data-immersive-translate-walked=\"04ebe2cf-8de1-48e4-ac84-139c9fb60ccd\" data-immersive-translate-paragraph=\"1\">Port \u0142adowania: USB-C<\/p>\n<\/li>\n<li data-start=\"1037\" data-end=\"1069\" data-immersive-translate-walked=\"04ebe2cf-8de1-48e4-ac84-139c9fb60ccd\">\n<p data-start=\"1039\" data-end=\"1069\" data-immersive-translate-walked=\"04ebe2cf-8de1-48e4-ac84-139c9fb60ccd\" data-immersive-translate-paragraph=\"1\">Czas \u0142adowania: oko\u0142o 60 minut<\/p>\n<\/li>\n<li data-start=\"1070\" data-end=\"1127\" data-immersive-translate-walked=\"04ebe2cf-8de1-48e4-ac84-139c9fb60ccd\">\n<p data-start=\"1072\" data-end=\"1127\" data-immersive-translate-walked=\"04ebe2cf-8de1-48e4-ac84-139c9fb60ccd\" data-immersive-translate-paragraph=\"1\">Czas u\u017cytkowania: kilka dni przy normalnym u\u017cytkowaniu<\/p>\n<\/li>\n<\/ul>\n<h3 data-start=\"1134\" data-end=\"1189\" data-immersive-translate-walked=\"04ebe2cf-8de1-48e4-ac84-139c9fb60ccd\" data-immersive-translate-paragraph=\"1\">Intensywny smak dzi\u0119ki 18ml liquidu i mesh-coilowi<\/h3>\n<p data-start=\"1191\" data-end=\"1479\" data-immersive-translate-walked=\"04ebe2cf-8de1-48e4-ac84-139c9fb60ccd\" data-immersive-translate-paragraph=\"1\">Przyjemno\u015b\u0107 jest na pierwszym miejscu w Tornado 9000. Ca\u0142e 18ml wysokiej jako\u015bci liquidu jest wst\u0119pnie nape\u0142nione \u2013 wystarczy na wiele godzin aromatycznego vapowania. Wbudowany mesh-coil o oporno\u015bci 0,8 Ohma zapewnia g\u0119sty, r\u00f3wnomierny dym i wyra\u017anie podkre\u015bla nawet z\u0142o\u017cone profile smakowe.<\/p>\n<h4 data-start=\"1481\" data-end=\"1515\" data-immersive-translate-walked=\"04ebe2cf-8de1-48e4-ac84-139c9fb60ccd\" data-immersive-translate-paragraph=\"1\">Najwa\u017cniejszy smak: Mr Blue<\/h4>\n<p data-start=\"1516\" data-end=\"1737\" data-immersive-translate-walked=\"04ebe2cf-8de1-48e4-ac84-139c9fb60ccd\" data-immersive-translate-paragraph=\"1\">Szczeg\u00f3ln\u0105 rekomendacj\u0105 jest smak Mr Blue \u2013 po\u0142\u0105czenie ciemnych jag\u00f3d i ch\u0142odnej \u015bwie\u017co\u015bci. Niewymuszony, ale nadal intensywny \u2013 idealny dla tych, kt\u00f3rzy kochaj\u0105 owoce z lekkim mentolowym akcentem.<\/p>\n<h3 data-start=\"1744\" data-end=\"1800\" data-immersive-translate-walked=\"04ebe2cf-8de1-48e4-ac84-139c9fb60ccd\" data-immersive-translate-paragraph=\"1\">Design, kt\u00f3ry si\u0119 wyr\u00f3\u017cnia \u2013 \u015bwiat\u0142o RGB i komfortowa waga<\/h3>\n<p data-start=\"1802\" data-end=\"2105\" data-immersive-translate-walked=\"04ebe2cf-8de1-48e4-ac84-139c9fb60ccd\" data-immersive-translate-paragraph=\"1\">Vaping to dzi\u015b wi\u0119cej ni\u017c tylko nikotyna \u2013 to o\u015bwiadczenie. RandM Tornado 9000 podkre\u015bla to nowoczesnym, wyra\u017anym wygl\u0105dem i zintegrowanym pokazem \u015bwiat\u0142a RGB przy ka\u017cdym poci\u0105gni\u0119ciu. Pomimo funkcji, urz\u0105dzenie wa\u017cy oko\u0142o 70g, co czyni je przyjemnie lekkim i pewnie le\u017c\u0105cym w d\u0142oni.<\/p>\n<ul data-start=\"2107\" data-end=\"2255\" data-immersive-translate-walked=\"04ebe2cf-8de1-48e4-ac84-139c9fb60ccd\">\n<li data-start=\"2107\" data-end=\"2138\" data-immersive-translate-walked=\"04ebe2cf-8de1-48e4-ac84-139c9fb60ccd\">\n<p data-start=\"2109\" data-end=\"2138\" data-immersive-translate-walked=\"04ebe2cf-8de1-48e4-ac84-139c9fb60ccd\" data-immersive-translate-paragraph=\"1\">Kszta\u0142t: ergonomiczny<\/p>\n<\/li>\n<li data-start=\"2139\" data-end=\"2200\" data-immersive-translate-walked=\"04ebe2cf-8de1-48e4-ac84-139c9fb60ccd\">\n<p data-start=\"2141\" data-end=\"2200\" data-immersive-translate-walked=\"04ebe2cf-8de1-48e4-ac84-139c9fb60ccd\" data-immersive-translate-paragraph=\"1\">Opcja noszenia: do\u0142\u0105czony pasek na szyj\u0119 lub do torby<\/p>\n<\/li>\n<li data-start=\"2201\" data-end=\"2255\" data-immersive-translate-walked=\"04ebe2cf-8de1-48e4-ac84-139c9fb60ccd\">\n<p data-start=\"2203\" data-end=\"2255\" data-immersive-translate-walked=\"04ebe2cf-8de1-48e4-ac84-139c9fb60ccd\" data-immersive-translate-paragraph=\"1\">Efekt: subtelne pod\u015bwietlenie lub efekt imprezowy<\/p>\n<\/li>\n<\/ul>\n<h3 data-start=\"2262\" data-end=\"2303\" data-immersive-translate-walked=\"04ebe2cf-8de1-48e4-ac84-139c9fb60ccd\" data-immersive-translate-paragraph=\"1\">Dlaczego RandM Tornado 9000 przekonuje<\/h3>\n<h5 data-start=\"2305\" data-end=\"2325\" data-immersive-translate-walked=\"04ebe2cf-8de1-48e4-ac84-139c9fb60ccd\" data-immersive-translate-paragraph=\"1\">Dla intensywnych u\u017cytkownik\u00f3w<\/h5>\n<p data-start=\"2326\" data-end=\"2508\" data-immersive-translate-walked=\"04ebe2cf-8de1-48e4-ac84-139c9fb60ccd\" data-immersive-translate-paragraph=\"1\">Z 9000 poci\u0105gni\u0119ciami to urz\u0105dzenie oferuje wyj\u0105tkowo dobry stosunek wydajno\u015bci do ceny. Idealne dla tych, kt\u00f3rzy chc\u0105 vapowa\u0107 na sta\u0142e \u2013 bez konieczno\u015bci ci\u0105g\u0142ego kupowania nowych urz\u0105dze\u0144.<\/p>\n<h5 data-start=\"2510\" data-end=\"2530\" data-immersive-translate-walked=\"04ebe2cf-8de1-48e4-ac84-139c9fb60ccd\" data-immersive-translate-paragraph=\"1\">Dla pocz\u0105tkuj\u0105cych<\/h5>\n<p data-start=\"2531\" data-end=\"2681\" data-immersive-translate-walked=\"04ebe2cf-8de1-48e4-ac84-139c9fb60ccd\" data-immersive-translate-paragraph=\"1\">Brak ustawie\u0144, brak uzupe\u0142niania, brak aplikacji \u2013 po prostu rozpakuj i ciesz si\u0119. Zawarto\u015b\u0107 nikotyny 2 % jest przyjemnie zr\u00f3wnowa\u017cona i nie przyt\u0142acza.<\/p>\n<h5 data-start=\"2683\" data-end=\"2701\" data-immersive-translate-walked=\"04ebe2cf-8de1-48e4-ac84-139c9fb60ccd\" data-immersive-translate-paragraph=\"1\">Dla estet\u00f3w<\/h5>\n<p data-start=\"2702\" data-end=\"2834\" data-immersive-translate-walked=\"04ebe2cf-8de1-48e4-ac84-139c9fb60ccd\" data-immersive-translate-paragraph=\"1\">Design, \u015bwiat\u0142o, obs\u0142uga \u2013 Tornado 9000 wygl\u0105da dobrze i dobrze si\u0119 czuje. Dzi\u0119ki temu staje si\u0119 codziennym towarzyszem z charakterem.<\/p>\n<h4 data-start=\"2841\" data-end=\"2877\" data-immersive-translate-walked=\"04ebe2cf-8de1-48e4-ac84-139c9fb60ccd\" data-immersive-translate-paragraph=\"1\">Teraz dost\u0119pny na vapingnet.de<\/h4>\n<p data-start=\"2879\" data-end=\"3173\" data-immersive-translate-walked=\"04ebe2cf-8de1-48e4-ac84-139c9fb60ccd\" data-immersive-translate-paragraph=\"1\">Kto szuka wydajnego<a href=\"https:\/\/vapingnet.de\/pl\/k\/einweg-e-zigarette\/\" target=\"_blank\" rel=\"noopener\"><strong> Jednorazowa e-papieros<\/strong><\/a> z nowoczesnym designem, intensywnymi aromatami i maksymaln\u0105 wytrzyma\u0142o\u015bci\u0105, powinien wypr\u00f3bowa\u0107 RandM Tornado 9000. Zam\u00f3w bezpo\u015brednio na vapingnet.de \u2013 z wysy\u0142k\u0105 z Deutschland, szybk\u0105 dostaw\u0105 i oryginaln\u0105 gwarancj\u0105.<\/p>\n<p data-start=\"3180\" data-end=\"3249\" data-immersive-translate-walked=\"04ebe2cf-8de1-48e4-ac84-139c9fb60ccd\">RandM Tornado 9000 \u2013 wi\u0119cej ni\u017c vape. Do\u015bwiadczenie, kt\u00f3re zostaje.<\/p>","protected":false},"excerpt":{"rendered":"<p>Wysokiej jako\u015bci elektroniczne papierosy\ud83d\udd25, wysy\u0142ka bezpo\u015brednio z magazynu w Bremie, dostawa w ci\u0105gu 2-4 dni!<\/p>","protected":false},"featured_media":4992,"template":"","meta":[],"etheme_brands":[],"product_brand":[96],"product_cat":[52,59,49,61],"product_tag":[],"class_list":{"0":"post-4991","1":"product","2":"type-product","3":"status-publish","4":"has-post-thumbnail","6":"product_brand-randm-vape","7":"product_cat-vape-9000-zuege","8":"product_cat-de","9":"product_cat-einweg-e-zigarette","10":"product_cat-f","12":"first","13":"instock","14":"shipping-taxable","15":"purchasable","16":"product-type-simple"},"yoast_head":"<!-- This site is optimized with the Yoast SEO plugin v26.5 - https:\/\/yoast.com\/wordpress\/plugins\/seo\/ -->\n<title>RandM Tornado 9000 \u2013 Einweg E-Zigarette mit starker Akkulaufzeit<\/title>\n<meta name=\"description\" content=\"Erleben Sie mit dem RandM Tornado 9000 eine neue Generation des Dampfens \u2013 18ml Liquid, modernes Design und zuverl\u00e4ssige Leistung f\u00fcr unterwegs.\" \/>\n<meta name=\"robots\" content=\"index, follow, max-snippet:-1, max-image-preview:large, max-video-preview:-1\" \/>\n<link rel=\"canonical\" href=\"https:\/\/vapingnet.de\/pl\/vape\/randm-tornado-9000-mr-blue-ohne-zollgebuehren-jetzt-probieren\/\" \/>\n<meta property=\"og:locale\" content=\"pl_PL\" \/>\n<meta property=\"og:type\" content=\"article\" \/>\n<meta property=\"og:title\" content=\"RandM Tornado 9000 \u2013 Einweg E-Zigarette mit starker Akkulaufzeit\" \/>\n<meta property=\"og:description\" content=\"Erleben Sie mit dem RandM Tornado 9000 eine neue Generation des Dampfens \u2013 18ml Liquid, modernes Design und zuverl\u00e4ssige Leistung f\u00fcr unterwegs.\" \/>\n<meta property=\"og:url\" content=\"https:\/\/vapingnet.de\/pl\/vape\/randm-tornado-9000-mr-blue-ohne-zollgebuehren-jetzt-probieren\/\" \/>\n<meta property=\"og:site_name\" content=\"Vapingnet.de\" \/>\n<meta property=\"article:publisher\" content=\"https:\/\/www.facebook.com\/vapingnetde\/\" \/>\n<meta property=\"article:modified_time\" content=\"2025-12-18T08:34:14+00:00\" \/>\n<meta property=\"og:image\" content=\"https:\/\/vapingnet.de\/wp-content\/uploads\/2025\/03\/randm-tornado-9000-mr-blue.webp\" \/>\n\t<meta property=\"og:image:width\" content=\"1000\" \/>\n\t<meta property=\"og:image:height\" content=\"1000\" \/>\n\t<meta property=\"og:image:type\" content=\"image\/webp\" \/>\n<meta name=\"twitter:card\" content=\"summary_large_image\" \/>\n<meta name=\"twitter:label1\" content=\"Est. reading time\" \/>\n\t<meta name=\"twitter:data1\" content=\"3 minutes\" \/>\n<script type=\"application\/ld+json\" class=\"yoast-schema-graph\">{\"@context\":\"https:\/\/schema.org\",\"@graph\":[{\"@type\":\"WebPage\",\"@id\":\"https:\/\/vapingnet.de\/vape\/randm-tornado-9000-mr-blue-ohne-zollgebuehren-jetzt-probieren\/\",\"url\":\"https:\/\/vapingnet.de\/vape\/randm-tornado-9000-mr-blue-ohne-zollgebuehren-jetzt-probieren\/\",\"name\":\"RandM Tornado 9000 \u2013 Einweg E-Zigarette mit starker Akkulaufzeit\",\"isPartOf\":{\"@id\":\"https:\/\/vapingnet.de\/#website\"},\"primaryImageOfPage\":{\"@id\":\"https:\/\/vapingnet.de\/vape\/randm-tornado-9000-mr-blue-ohne-zollgebuehren-jetzt-probieren\/#primaryimage\"},\"image\":{\"@id\":\"https:\/\/vapingnet.de\/vape\/randm-tornado-9000-mr-blue-ohne-zollgebuehren-jetzt-probieren\/#primaryimage\"},\"thumbnailUrl\":\"https:\/\/vapingnet.de\/wp-content\/uploads\/2025\/03\/randm-tornado-9000-mr-blue.webp\",\"datePublished\":\"2025-03-11T07:02:49+00:00\",\"dateModified\":\"2025-12-18T08:34:14+00:00\",\"description\":\"Erleben Sie mit dem RandM Tornado 9000 eine neue Generation des Dampfens \u2013 18ml Liquid, modernes Design und zuverl\u00e4ssige Leistung f\u00fcr unterwegs.\",\"breadcrumb\":{\"@id\":\"https:\/\/vapingnet.de\/vape\/randm-tornado-9000-mr-blue-ohne-zollgebuehren-jetzt-probieren\/#breadcrumb\"},\"inLanguage\":\"pl-PL\",\"potentialAction\":[{\"@type\":\"ReadAction\",\"target\":[\"https:\/\/vapingnet.de\/vape\/randm-tornado-9000-mr-blue-ohne-zollgebuehren-jetzt-probieren\/\"]}]},{\"@type\":\"ImageObject\",\"inLanguage\":\"pl-PL\",\"@id\":\"https:\/\/vapingnet.de\/vape\/randm-tornado-9000-mr-blue-ohne-zollgebuehren-jetzt-probieren\/#primaryimage\",\"url\":\"https:\/\/vapingnet.de\/wp-content\/uploads\/2025\/03\/randm-tornado-9000-mr-blue.webp\",\"contentUrl\":\"https:\/\/vapingnet.de\/wp-content\/uploads\/2025\/03\/randm-tornado-9000-mr-blue.webp\",\"width\":1000,\"height\":1000,\"caption\":\"randm-tornado-9000-mr-blue\"},{\"@type\":\"BreadcrumbList\",\"@id\":\"https:\/\/vapingnet.de\/vape\/randm-tornado-9000-mr-blue-ohne-zollgebuehren-jetzt-probieren\/#breadcrumb\",\"itemListElement\":[{\"@type\":\"ListItem\",\"position\":1,\"name\":\"Home\",\"item\":\"https:\/\/vapingnet.de\/\"},{\"@type\":\"ListItem\",\"position\":2,\"name\":\"Shop\",\"item\":\"https:\/\/vapingnet.de\/vape\/\"},{\"@type\":\"ListItem\",\"position\":3,\"name\":\"RandM Tornado 9000 Mr Blue ohne Zollgeb\u00fchren jetzt probieren\"}]},{\"@type\":\"WebSite\",\"@id\":\"https:\/\/vapingnet.de\/#website\",\"url\":\"https:\/\/vapingnet.de\/\",\"name\":\"Vapingnet.de\",\"description\":\"\",\"publisher\":{\"@id\":\"https:\/\/vapingnet.de\/#organization\"},\"potentialAction\":[{\"@type\":\"SearchAction\",\"target\":{\"@type\":\"EntryPoint\",\"urlTemplate\":\"https:\/\/vapingnet.de\/?s={search_term_string}\"},\"query-input\":{\"@type\":\"PropertyValueSpecification\",\"valueRequired\":true,\"valueName\":\"search_term_string\"}}],\"inLanguage\":\"pl-PL\"},{\"@type\":\"Organization\",\"@id\":\"https:\/\/vapingnet.de\/#organization\",\"name\":\"Vapingnet.de\",\"url\":\"https:\/\/vapingnet.de\/\",\"logo\":{\"@type\":\"ImageObject\",\"inLanguage\":\"pl-PL\",\"@id\":\"https:\/\/vapingnet.de\/#\/schema\/logo\/image\/\",\"url\":\"https:\/\/vapingnet.de\/wp-content\/uploads\/2025\/03\/cropped-vapingnet.de_.jpg\",\"contentUrl\":\"https:\/\/vapingnet.de\/wp-content\/uploads\/2025\/03\/cropped-vapingnet.de_.jpg\",\"width\":512,\"height\":512,\"caption\":\"Vapingnet.de\"},\"image\":{\"@id\":\"https:\/\/vapingnet.de\/#\/schema\/logo\/image\/\"},\"sameAs\":[\"https:\/\/www.facebook.com\/vapingnetde\/\"]}]}<\/script>\n<!-- \/ Yoast SEO plugin. -->","yoast_head_json":{"title":"RandM Tornado 9000 \u2013 Einweg E-Zigarette mit starker Akkulaufzeit","description":"Erleben Sie mit dem RandM Tornado 9000 eine neue Generation des Dampfens \u2013 18ml Liquid, modernes Design und zuverl\u00e4ssige Leistung f\u00fcr unterwegs.","robots":{"index":"index","follow":"follow","max-snippet":"max-snippet:-1","max-image-preview":"max-image-preview:large","max-video-preview":"max-video-preview:-1"},"canonical":"https:\/\/vapingnet.de\/pl\/vape\/randm-tornado-9000-mr-blue-ohne-zollgebuehren-jetzt-probieren\/","og_locale":"pl_PL","og_type":"article","og_title":"RandM Tornado 9000 \u2013 Einweg E-Zigarette mit starker Akkulaufzeit","og_description":"Erleben Sie mit dem RandM Tornado 9000 eine neue Generation des Dampfens \u2013 18ml Liquid, modernes Design und zuverl\u00e4ssige Leistung f\u00fcr unterwegs.","og_url":"https:\/\/vapingnet.de\/pl\/vape\/randm-tornado-9000-mr-blue-ohne-zollgebuehren-jetzt-probieren\/","og_site_name":"Vapingnet.de","article_publisher":"https:\/\/www.facebook.com\/vapingnetde\/","article_modified_time":"2025-12-18T08:34:14+00:00","og_image":[{"width":1000,"height":1000,"url":"https:\/\/vapingnet.de\/wp-content\/uploads\/2025\/03\/randm-tornado-9000-mr-blue.webp","type":"image\/webp"}],"twitter_card":"summary_large_image","twitter_misc":{"Est. reading time":"3 minutes"},"schema":{"@context":"https:\/\/schema.org","@graph":[{"@type":"WebPage","@id":"https:\/\/vapingnet.de\/vape\/randm-tornado-9000-mr-blue-ohne-zollgebuehren-jetzt-probieren\/","url":"https:\/\/vapingnet.de\/vape\/randm-tornado-9000-mr-blue-ohne-zollgebuehren-jetzt-probieren\/","name":"RandM Tornado 9000 \u2013 Einweg E-Zigarette mit starker Akkulaufzeit","isPartOf":{"@id":"https:\/\/vapingnet.de\/#website"},"primaryImageOfPage":{"@id":"https:\/\/vapingnet.de\/vape\/randm-tornado-9000-mr-blue-ohne-zollgebuehren-jetzt-probieren\/#primaryimage"},"image":{"@id":"https:\/\/vapingnet.de\/vape\/randm-tornado-9000-mr-blue-ohne-zollgebuehren-jetzt-probieren\/#primaryimage"},"thumbnailUrl":"https:\/\/vapingnet.de\/wp-content\/uploads\/2025\/03\/randm-tornado-9000-mr-blue.webp","datePublished":"2025-03-11T07:02:49+00:00","dateModified":"2025-12-18T08:34:14+00:00","description":"Erleben Sie mit dem RandM Tornado 9000 eine neue Generation des Dampfens \u2013 18ml Liquid, modernes Design und zuverl\u00e4ssige Leistung f\u00fcr unterwegs.","breadcrumb":{"@id":"https:\/\/vapingnet.de\/vape\/randm-tornado-9000-mr-blue-ohne-zollgebuehren-jetzt-probieren\/#breadcrumb"},"inLanguage":"pl-PL","potentialAction":[{"@type":"ReadAction","target":["https:\/\/vapingnet.de\/vape\/randm-tornado-9000-mr-blue-ohne-zollgebuehren-jetzt-probieren\/"]}]},{"@type":"ImageObject","inLanguage":"pl-PL","@id":"https:\/\/vapingnet.de\/vape\/randm-tornado-9000-mr-blue-ohne-zollgebuehren-jetzt-probieren\/#primaryimage","url":"https:\/\/vapingnet.de\/wp-content\/uploads\/2025\/03\/randm-tornado-9000-mr-blue.webp","contentUrl":"https:\/\/vapingnet.de\/wp-content\/uploads\/2025\/03\/randm-tornado-9000-mr-blue.webp","width":1000,"height":1000,"caption":"randm-tornado-9000-mr-blue"},{"@type":"BreadcrumbList","@id":"https:\/\/vapingnet.de\/vape\/randm-tornado-9000-mr-blue-ohne-zollgebuehren-jetzt-probieren\/#breadcrumb","itemListElement":[{"@type":"ListItem","position":1,"name":"Home","item":"https:\/\/vapingnet.de\/"},{"@type":"ListItem","position":2,"name":"Shop","item":"https:\/\/vapingnet.de\/vape\/"},{"@type":"ListItem","position":3,"name":"RandM Tornado 9000 Mr Blue ohne Zollgeb\u00fchren jetzt probieren"}]},{"@type":"WebSite","@id":"https:\/\/vapingnet.de\/#website","url":"https:\/\/vapingnet.de\/","name":"Vapingnet.de","description":"","publisher":{"@id":"https:\/\/vapingnet.de\/#organization"},"potentialAction":[{"@type":"SearchAction","target":{"@type":"EntryPoint","urlTemplate":"https:\/\/vapingnet.de\/?s={search_term_string}"},"query-input":{"@type":"PropertyValueSpecification","valueRequired":true,"valueName":"search_term_string"}}],"inLanguage":"pl-PL"},{"@type":"Organization","@id":"https:\/\/vapingnet.de\/#organization","name":"Vapingnet.de","url":"https:\/\/vapingnet.de\/","logo":{"@type":"ImageObject","inLanguage":"pl-PL","@id":"https:\/\/vapingnet.de\/#\/schema\/logo\/image\/","url":"https:\/\/vapingnet.de\/wp-content\/uploads\/2025\/03\/cropped-vapingnet.de_.jpg","contentUrl":"https:\/\/vapingnet.de\/wp-content\/uploads\/2025\/03\/cropped-vapingnet.de_.jpg","width":512,"height":512,"caption":"Vapingnet.de"},"image":{"@id":"https:\/\/vapingnet.de\/#\/schema\/logo\/image\/"},"sameAs":["https:\/\/www.facebook.com\/vapingnetde\/"]}]}},"tiered_pricing_type":"fixed","tiered_pricing_fixed_rules":{"50":"8.30","110":"7.84","210":"7.38","510":"6.92","1100":"6.45"},"tiered_pricing_product_settings":{"layout":"default","base_unit_name":{"singular":null,"plural":null},"default_variation":null},"tiered_pricing_minimum_quantity":null,"tiered_pricing_roles_data":[],"tiered_pricing_percentage_rules":[],"_links":{"self":[{"href":"https:\/\/vapingnet.de\/pl\/wp-json\/wp\/v2\/product\/4991","targetHints":{"allow":["GET"]}}],"collection":[{"href":"https:\/\/vapingnet.de\/pl\/wp-json\/wp\/v2\/product"}],"about":[{"href":"https:\/\/vapingnet.de\/pl\/wp-json\/wp\/v2\/types\/product"}],"version-history":[{"count":3,"href":"https:\/\/vapingnet.de\/pl\/wp-json\/wp\/v2\/product\/4991\/revisions"}],"predecessor-version":[{"id":7223,"href":"https:\/\/vapingnet.de\/pl\/wp-json\/wp\/v2\/product\/4991\/revisions\/7223"}],"wp:featuredmedia":[{"embeddable":true,"href":"https:\/\/vapingnet.de\/pl\/wp-json\/wp\/v2\/media\/4992"}],"wp:attachment":[{"href":"https:\/\/vapingnet.de\/pl\/wp-json\/wp\/v2\/media?parent=4991"}],"wp:term":[{"taxonomy":"brand","embeddable":true,"href":"https:\/\/vapingnet.de\/pl\/wp-json\/wp\/v2\/etheme_brands?post=4991"},{"taxonomy":"product_brand","embeddable":true,"href":"https:\/\/vapingnet.de\/pl\/wp-json\/wp\/v2\/product_brand?post=4991"},{"taxonomy":"product_cat","embeddable":true,"href":"https:\/\/vapingnet.de\/pl\/wp-json\/wp\/v2\/product_cat?post=4991"},{"taxonomy":"product_tag","embeddable":true,"href":"https:\/\/vapingnet.de\/pl\/wp-json\/wp\/v2\/product_tag?post=4991"}],"curies":[{"name":"wp","href":"https:\/\/api.w.org\/{rel}","templated":true}]}}