{"id":4994,"date":"2025-03-11T07:11:02","date_gmt":"2025-03-11T07:11:02","guid":{"rendered":"https:\/\/vapingnet.de\/?post_type=product&#038;p=4994"},"modified":"2025-06-23T09:49:00","modified_gmt":"2025-06-23T09:49:00","slug":"randm-tornado-9000-watermelon-lce-geniessen-ohne-zollstress","status":"publish","type":"product","link":"https:\/\/vapingnet.de\/pl\/vape\/randm-tornado-9000-watermelon-lce-geniessen-ohne-zollstress\/","title":{"rendered":"Rozkoszuj si\u0119 RandM Tornado 9000 Watermelon Ice bez stresu celnego"},"content":{"rendered":"<h2 data-start=\"74\" data-end=\"158\">RandM Tornado 9000 \u2013 Jednorazowa e-papieros z d\u0142ug\u0105 \u017cywotno\u015bci\u0105 i \u015bwie\u017cym smakiem<\/h2>\n<p data-start=\"160\" data-end=\"446\" data-immersive-translate-walked=\"14796195-96e0-416b-970b-111bf21db616\" data-immersive-translate-paragraph=\"1\">Wyobra\u017a sobie, \u017ce zaczynasz dzie\u0144 spokojnie, w towarzystwie niezawodnego vaporizera, kt\u00f3ry Ci\u0119 nie zawiedzie. Dok\u0142adnie to oferuje RandM Tornado 9000 \u2013 jednorazowy vaporizer, kt\u00f3ry zachwyca mocn\u0105 wydajno\u015bci\u0105 i unikalnym smakiem Watermelon Ice.<\/p>\n<h3 data-start=\"453\" data-end=\"481\" data-immersive-translate-walked=\"14796195-96e0-416b-970b-111bf21db616\" data-immersive-translate-paragraph=\"1\">Dlaczego RandM Tornado 9000?<\/h3>\n<ul data-start=\"483\" data-end=\"1390\" data-immersive-translate-walked=\"14796195-96e0-416b-970b-111bf21db616\">\n<li data-start=\"483\" data-end=\"677\" data-immersive-translate-walked=\"14796195-96e0-416b-970b-111bf21db616\">\n<p data-start=\"485\" data-end=\"677\" data-immersive-translate-walked=\"14796195-96e0-416b-970b-111bf21db616\" data-immersive-translate-paragraph=\"1\">850mAh bateria z funkcj\u0105 \u0142adowania Type-C<br data-start=\"524\" data-end=\"527\" data-immersive-translate-walked=\"14796195-96e0-416b-970b-111bf21db616\" \/>Wydajna bateria gwarantuje u\u017cytkowanie do <a href=\"https:\/\/vapingnet.de\/pl\/k\/vape-9000-zuege\/\" target=\"_blank\" rel=\"noopener\"><strong>9000 poci\u0105gni\u0119\u0107<\/strong><\/a>. Szybkie \u0142adowanie, urz\u0105dzenie pozostaje gotowe do u\u017cycia nawet przy intensywnym u\u017cytkowaniu.<\/p>\n<\/li>\n<li data-start=\"679\" data-end=\"894\" data-immersive-translate-walked=\"14796195-96e0-416b-970b-111bf21db616\">\n<p data-start=\"681\" data-end=\"894\" data-immersive-translate-walked=\"14796195-96e0-416b-970b-111bf21db616\" data-immersive-translate-paragraph=\"1\">Pojemno\u015b\u0107 liquidu 18ml z technologi\u0105 Mesh-Coil<br data-start=\"729\" data-end=\"732\" data-immersive-translate-walked=\"14796195-96e0-416b-970b-111bf21db616\" \/>Za intensywne i r\u00f3wnomierne doznania smakowe odpowiada zaawansowana mesh-coil. Liquid zapewnia d\u0142ugotrwa\u0142\u0105 \u015bwie\u017co\u015b\u0107 i pe\u0142ne wydobycie aromatu.<\/p>\n<\/li>\n<li data-start=\"896\" data-end=\"1096\" data-immersive-translate-walked=\"14796195-96e0-416b-970b-111bf21db616\">\n<p data-start=\"898\" data-end=\"1096\" data-immersive-translate-walked=\"14796195-96e0-416b-970b-111bf21db616\" data-immersive-translate-paragraph=\"1\">Watermelon Ice \u2013 orze\u017awiaj\u0105cy smak<br data-start=\"942\" data-end=\"945\" data-immersive-translate-walked=\"14796195-96e0-416b-970b-111bf21db616\" \/>Po\u0142\u0105czenie s\u0142odkiej arbuza i ch\u0142odz\u0105cej mi\u0119ty zapewnia niezr\u00f3wnane doznania podczas vapowania, szczeg\u00f3lnie latem, dla orze\u017awienia.<\/p>\n<\/li>\n<li data-start=\"1098\" data-end=\"1278\" data-immersive-translate-walked=\"14796195-96e0-416b-970b-111bf21db616\">\n<p data-start=\"1100\" data-end=\"1278\" data-immersive-translate-walked=\"14796195-96e0-416b-970b-111bf21db616\" data-immersive-translate-paragraph=\"1\">Lekka konstrukcja z efektem \u015bwietlnym RGB<br data-start=\"1139\" data-end=\"1142\" data-immersive-translate-walked=\"14796195-96e0-416b-970b-111bf21db616\" \/>Ergonomiczne, wa\u017c\u0105ce tylko 70g urz\u0105dzenie dobrze le\u017cy w d\u0142oni. Wielokolorowe pod\u015bwietlenie LED dodaje efekt\u00f3w wizualnych podczas vapowania.<\/p>\n<\/li>\n<li data-start=\"1280\" data-end=\"1390\" data-immersive-translate-walked=\"14796195-96e0-416b-970b-111bf21db616\">\n<p data-start=\"1282\" data-end=\"1390\" data-immersive-translate-walked=\"14796195-96e0-416b-970b-111bf21db616\" data-immersive-translate-paragraph=\"1\">Nikotyna 2% dla zr\u00f3wnowa\u017conej przyjemno\u015bci<br data-start=\"1320\" data-end=\"1323\" data-immersive-translate-walked=\"14796195-96e0-416b-970b-111bf21db616\" \/>\u0141agodna i przyjemna, odpowiednia dla pocz\u0105tkuj\u0105cych i do\u015bwiadczonych vapist\u00f3w.<\/p>\n<\/li>\n<\/ul>\n<h4 data-start=\"1397\" data-end=\"1444\" data-immersive-translate-walked=\"14796195-96e0-416b-970b-111bf21db616\" data-immersive-translate-paragraph=\"1\">Dla kogo jest przeznaczony RandM Tornado 9000?<\/h4>\n<p data-start=\"1446\" data-end=\"1612\" data-immersive-translate-walked=\"14796195-96e0-416b-970b-111bf21db616\" data-immersive-translate-paragraph=\"1\">To urz\u0105dzenie jest idealne dla tych, kt\u00f3rzy chc\u0105 vapowa\u0107 d\u0142ugo i bezproblemowo. W podr\u00f3\u017cy, w biurze czy w domu \u2013 Tornado 9000 zachwyca komfortem i stylem.<\/p>\n<h4 data-start=\"1619\" data-end=\"1655\" data-immersive-translate-walked=\"14796195-96e0-416b-970b-111bf21db616\" data-immersive-translate-paragraph=\"1\">Dost\u0119pny teraz w vapingnet.de<\/h4>\n<p data-start=\"1657\" data-end=\"1866\" data-immersive-translate-walked=\"14796195-96e0-416b-970b-111bf21db616\" data-immersive-translate-paragraph=\"1\">Do\u015bwiadcz po\u0142\u0105czenia mocnej wydajno\u015bci i \u015bwie\u017cego smaku. Zam\u00f3w RandM Tornado 9000 wygodnie online w vapingnet.de i skorzystaj z szybkiej dostawy z Deutschland.<\/p>\n<p data-start=\"1873\" data-end=\"1947\" data-immersive-translate-walked=\"14796195-96e0-416b-970b-111bf21db616\">RandM Tornado 9000 \u2013 niezawodny towarzysz Twojego vapowania.<\/p>","protected":false},"excerpt":{"rendered":"<p>Wysokiej jako\u015bci elektroniczne papierosy\ud83d\udd25, wysy\u0142ka bezpo\u015brednio z magazynu w Bremie, dostawa w ci\u0105gu 2-4 dni!<\/p>","protected":false},"featured_media":4995,"template":"","meta":[],"etheme_brands":[],"product_brand":[96],"product_cat":[52,59,49,61],"product_tag":[],"class_list":{"0":"post-4994","1":"product","2":"type-product","3":"status-publish","4":"has-post-thumbnail","6":"product_brand-randm-vape","7":"product_cat-vape-9000-zuege","8":"product_cat-de","9":"product_cat-einweg-e-zigarette","10":"product_cat-f","12":"first","13":"instock","14":"shipping-taxable","15":"purchasable","16":"product-type-simple"},"yoast_head":"<!-- This site is optimized with the Yoast SEO plugin v26.5 - https:\/\/yoast.com\/wordpress\/plugins\/seo\/ -->\n<title>RandM Tornado 9000 \u2013 Der Einweg Vape mit Extra langer Laufzeit<\/title>\n<meta name=\"description\" content=\"Entdecken Sie den RandM Tornado 9000 mit 850mAh Akku, 9000 Z\u00fcgen und dem erfrischenden Watermelon Ice Aroma. Jetzt bei vapingnet.de bestellen!\" \/>\n<meta name=\"robots\" content=\"index, follow, max-snippet:-1, max-image-preview:large, max-video-preview:-1\" \/>\n<link rel=\"canonical\" href=\"https:\/\/vapingnet.de\/pl\/vape\/randm-tornado-9000-watermelon-lce-geniessen-ohne-zollstress\/\" \/>\n<meta property=\"og:locale\" content=\"pl_PL\" \/>\n<meta property=\"og:type\" content=\"article\" \/>\n<meta property=\"og:title\" content=\"RandM Tornado 9000 \u2013 Der Einweg Vape mit Extra langer Laufzeit\" \/>\n<meta property=\"og:description\" content=\"Entdecken Sie den RandM Tornado 9000 mit 850mAh Akku, 9000 Z\u00fcgen und dem erfrischenden Watermelon Ice Aroma. Jetzt bei vapingnet.de bestellen!\" \/>\n<meta property=\"og:url\" content=\"https:\/\/vapingnet.de\/pl\/vape\/randm-tornado-9000-watermelon-lce-geniessen-ohne-zollstress\/\" \/>\n<meta property=\"og:site_name\" content=\"Vapingnet.de\" \/>\n<meta property=\"article:publisher\" content=\"https:\/\/www.facebook.com\/vapingnetde\/\" \/>\n<meta property=\"article:modified_time\" content=\"2025-06-23T09:49:00+00:00\" \/>\n<meta property=\"og:image\" content=\"https:\/\/vapingnet.de\/wp-content\/uploads\/2025\/03\/randm_tornado_9000_watermelonice.webp\" \/>\n\t<meta property=\"og:image:width\" content=\"1000\" \/>\n\t<meta property=\"og:image:height\" content=\"1000\" \/>\n\t<meta property=\"og:image:type\" content=\"image\/webp\" \/>\n<meta name=\"twitter:card\" content=\"summary_large_image\" \/>\n<meta name=\"twitter:label1\" content=\"Est. reading time\" \/>\n\t<meta name=\"twitter:data1\" content=\"2 minutes\" \/>\n<script type=\"application\/ld+json\" class=\"yoast-schema-graph\">{\"@context\":\"https:\/\/schema.org\",\"@graph\":[{\"@type\":\"WebPage\",\"@id\":\"https:\/\/vapingnet.de\/vape\/randm-tornado-9000-watermelon-lce-geniessen-ohne-zollstress\/\",\"url\":\"https:\/\/vapingnet.de\/vape\/randm-tornado-9000-watermelon-lce-geniessen-ohne-zollstress\/\",\"name\":\"RandM Tornado 9000 \u2013 Der Einweg Vape mit Extra langer Laufzeit\",\"isPartOf\":{\"@id\":\"https:\/\/vapingnet.de\/#website\"},\"primaryImageOfPage\":{\"@id\":\"https:\/\/vapingnet.de\/vape\/randm-tornado-9000-watermelon-lce-geniessen-ohne-zollstress\/#primaryimage\"},\"image\":{\"@id\":\"https:\/\/vapingnet.de\/vape\/randm-tornado-9000-watermelon-lce-geniessen-ohne-zollstress\/#primaryimage\"},\"thumbnailUrl\":\"https:\/\/vapingnet.de\/wp-content\/uploads\/2025\/03\/randm_tornado_9000_watermelonice.webp\",\"datePublished\":\"2025-03-11T07:11:02+00:00\",\"dateModified\":\"2025-06-23T09:49:00+00:00\",\"description\":\"Entdecken Sie den RandM Tornado 9000 mit 850mAh Akku, 9000 Z\u00fcgen und dem erfrischenden Watermelon Ice Aroma. Jetzt bei vapingnet.de bestellen!\",\"breadcrumb\":{\"@id\":\"https:\/\/vapingnet.de\/vape\/randm-tornado-9000-watermelon-lce-geniessen-ohne-zollstress\/#breadcrumb\"},\"inLanguage\":\"pl-PL\",\"potentialAction\":[{\"@type\":\"ReadAction\",\"target\":[\"https:\/\/vapingnet.de\/vape\/randm-tornado-9000-watermelon-lce-geniessen-ohne-zollstress\/\"]}]},{\"@type\":\"ImageObject\",\"inLanguage\":\"pl-PL\",\"@id\":\"https:\/\/vapingnet.de\/vape\/randm-tornado-9000-watermelon-lce-geniessen-ohne-zollstress\/#primaryimage\",\"url\":\"https:\/\/vapingnet.de\/wp-content\/uploads\/2025\/03\/randm_tornado_9000_watermelonice.webp\",\"contentUrl\":\"https:\/\/vapingnet.de\/wp-content\/uploads\/2025\/03\/randm_tornado_9000_watermelonice.webp\",\"width\":1000,\"height\":1000,\"caption\":\"randm_tornado_9000_watermelonice\"},{\"@type\":\"BreadcrumbList\",\"@id\":\"https:\/\/vapingnet.de\/vape\/randm-tornado-9000-watermelon-lce-geniessen-ohne-zollstress\/#breadcrumb\",\"itemListElement\":[{\"@type\":\"ListItem\",\"position\":1,\"name\":\"Home\",\"item\":\"https:\/\/vapingnet.de\/\"},{\"@type\":\"ListItem\",\"position\":2,\"name\":\"Shop\",\"item\":\"https:\/\/vapingnet.de\/vape\/\"},{\"@type\":\"ListItem\",\"position\":3,\"name\":\"RandM Tornado 9000 Watermelon lce genie\u00dfen ohne Zollstress\"}]},{\"@type\":\"WebSite\",\"@id\":\"https:\/\/vapingnet.de\/#website\",\"url\":\"https:\/\/vapingnet.de\/\",\"name\":\"Vapingnet.de\",\"description\":\"\",\"publisher\":{\"@id\":\"https:\/\/vapingnet.de\/#organization\"},\"potentialAction\":[{\"@type\":\"SearchAction\",\"target\":{\"@type\":\"EntryPoint\",\"urlTemplate\":\"https:\/\/vapingnet.de\/?s={search_term_string}\"},\"query-input\":{\"@type\":\"PropertyValueSpecification\",\"valueRequired\":true,\"valueName\":\"search_term_string\"}}],\"inLanguage\":\"pl-PL\"},{\"@type\":\"Organization\",\"@id\":\"https:\/\/vapingnet.de\/#organization\",\"name\":\"Vapingnet.de\",\"url\":\"https:\/\/vapingnet.de\/\",\"logo\":{\"@type\":\"ImageObject\",\"inLanguage\":\"pl-PL\",\"@id\":\"https:\/\/vapingnet.de\/#\/schema\/logo\/image\/\",\"url\":\"https:\/\/vapingnet.de\/wp-content\/uploads\/2025\/03\/cropped-vapingnet.de_.jpg\",\"contentUrl\":\"https:\/\/vapingnet.de\/wp-content\/uploads\/2025\/03\/cropped-vapingnet.de_.jpg\",\"width\":512,\"height\":512,\"caption\":\"Vapingnet.de\"},\"image\":{\"@id\":\"https:\/\/vapingnet.de\/#\/schema\/logo\/image\/\"},\"sameAs\":[\"https:\/\/www.facebook.com\/vapingnetde\/\"]}]}<\/script>\n<!-- \/ Yoast SEO plugin. -->","yoast_head_json":{"title":"RandM Tornado 9000 \u2013 Der Einweg Vape mit Extra langer Laufzeit","description":"Entdecken Sie den RandM Tornado 9000 mit 850mAh Akku, 9000 Z\u00fcgen und dem erfrischenden Watermelon Ice Aroma. Jetzt bei vapingnet.de bestellen!","robots":{"index":"index","follow":"follow","max-snippet":"max-snippet:-1","max-image-preview":"max-image-preview:large","max-video-preview":"max-video-preview:-1"},"canonical":"https:\/\/vapingnet.de\/pl\/vape\/randm-tornado-9000-watermelon-lce-geniessen-ohne-zollstress\/","og_locale":"pl_PL","og_type":"article","og_title":"RandM Tornado 9000 \u2013 Der Einweg Vape mit Extra langer Laufzeit","og_description":"Entdecken Sie den RandM Tornado 9000 mit 850mAh Akku, 9000 Z\u00fcgen und dem erfrischenden Watermelon Ice Aroma. Jetzt bei vapingnet.de bestellen!","og_url":"https:\/\/vapingnet.de\/pl\/vape\/randm-tornado-9000-watermelon-lce-geniessen-ohne-zollstress\/","og_site_name":"Vapingnet.de","article_publisher":"https:\/\/www.facebook.com\/vapingnetde\/","article_modified_time":"2025-06-23T09:49:00+00:00","og_image":[{"width":1000,"height":1000,"url":"https:\/\/vapingnet.de\/wp-content\/uploads\/2025\/03\/randm_tornado_9000_watermelonice.webp","type":"image\/webp"}],"twitter_card":"summary_large_image","twitter_misc":{"Est. reading time":"2 minutes"},"schema":{"@context":"https:\/\/schema.org","@graph":[{"@type":"WebPage","@id":"https:\/\/vapingnet.de\/vape\/randm-tornado-9000-watermelon-lce-geniessen-ohne-zollstress\/","url":"https:\/\/vapingnet.de\/vape\/randm-tornado-9000-watermelon-lce-geniessen-ohne-zollstress\/","name":"RandM Tornado 9000 \u2013 Der Einweg Vape mit Extra langer Laufzeit","isPartOf":{"@id":"https:\/\/vapingnet.de\/#website"},"primaryImageOfPage":{"@id":"https:\/\/vapingnet.de\/vape\/randm-tornado-9000-watermelon-lce-geniessen-ohne-zollstress\/#primaryimage"},"image":{"@id":"https:\/\/vapingnet.de\/vape\/randm-tornado-9000-watermelon-lce-geniessen-ohne-zollstress\/#primaryimage"},"thumbnailUrl":"https:\/\/vapingnet.de\/wp-content\/uploads\/2025\/03\/randm_tornado_9000_watermelonice.webp","datePublished":"2025-03-11T07:11:02+00:00","dateModified":"2025-06-23T09:49:00+00:00","description":"Entdecken Sie den RandM Tornado 9000 mit 850mAh Akku, 9000 Z\u00fcgen und dem erfrischenden Watermelon Ice Aroma. Jetzt bei vapingnet.de bestellen!","breadcrumb":{"@id":"https:\/\/vapingnet.de\/vape\/randm-tornado-9000-watermelon-lce-geniessen-ohne-zollstress\/#breadcrumb"},"inLanguage":"pl-PL","potentialAction":[{"@type":"ReadAction","target":["https:\/\/vapingnet.de\/vape\/randm-tornado-9000-watermelon-lce-geniessen-ohne-zollstress\/"]}]},{"@type":"ImageObject","inLanguage":"pl-PL","@id":"https:\/\/vapingnet.de\/vape\/randm-tornado-9000-watermelon-lce-geniessen-ohne-zollstress\/#primaryimage","url":"https:\/\/vapingnet.de\/wp-content\/uploads\/2025\/03\/randm_tornado_9000_watermelonice.webp","contentUrl":"https:\/\/vapingnet.de\/wp-content\/uploads\/2025\/03\/randm_tornado_9000_watermelonice.webp","width":1000,"height":1000,"caption":"randm_tornado_9000_watermelonice"},{"@type":"BreadcrumbList","@id":"https:\/\/vapingnet.de\/vape\/randm-tornado-9000-watermelon-lce-geniessen-ohne-zollstress\/#breadcrumb","itemListElement":[{"@type":"ListItem","position":1,"name":"Home","item":"https:\/\/vapingnet.de\/"},{"@type":"ListItem","position":2,"name":"Shop","item":"https:\/\/vapingnet.de\/vape\/"},{"@type":"ListItem","position":3,"name":"RandM Tornado 9000 Watermelon lce genie\u00dfen ohne Zollstress"}]},{"@type":"WebSite","@id":"https:\/\/vapingnet.de\/#website","url":"https:\/\/vapingnet.de\/","name":"Vapingnet.de","description":"","publisher":{"@id":"https:\/\/vapingnet.de\/#organization"},"potentialAction":[{"@type":"SearchAction","target":{"@type":"EntryPoint","urlTemplate":"https:\/\/vapingnet.de\/?s={search_term_string}"},"query-input":{"@type":"PropertyValueSpecification","valueRequired":true,"valueName":"search_term_string"}}],"inLanguage":"pl-PL"},{"@type":"Organization","@id":"https:\/\/vapingnet.de\/#organization","name":"Vapingnet.de","url":"https:\/\/vapingnet.de\/","logo":{"@type":"ImageObject","inLanguage":"pl-PL","@id":"https:\/\/vapingnet.de\/#\/schema\/logo\/image\/","url":"https:\/\/vapingnet.de\/wp-content\/uploads\/2025\/03\/cropped-vapingnet.de_.jpg","contentUrl":"https:\/\/vapingnet.de\/wp-content\/uploads\/2025\/03\/cropped-vapingnet.de_.jpg","width":512,"height":512,"caption":"Vapingnet.de"},"image":{"@id":"https:\/\/vapingnet.de\/#\/schema\/logo\/image\/"},"sameAs":["https:\/\/www.facebook.com\/vapingnetde\/"]}]}},"tiered_pricing_type":"fixed","tiered_pricing_fixed_rules":{"10":"9.22","50":"8.30","110":"7.84","210":"7.38","510":"6.92","1100":"6.45"},"tiered_pricing_product_settings":{"layout":"default","base_unit_name":{"singular":null,"plural":null},"default_variation":null},"tiered_pricing_minimum_quantity":null,"tiered_pricing_roles_data":[],"tiered_pricing_percentage_rules":[],"_links":{"self":[{"href":"https:\/\/vapingnet.de\/pl\/wp-json\/wp\/v2\/product\/4994","targetHints":{"allow":["GET"]}}],"collection":[{"href":"https:\/\/vapingnet.de\/pl\/wp-json\/wp\/v2\/product"}],"about":[{"href":"https:\/\/vapingnet.de\/pl\/wp-json\/wp\/v2\/types\/product"}],"version-history":[{"count":3,"href":"https:\/\/vapingnet.de\/pl\/wp-json\/wp\/v2\/product\/4994\/revisions"}],"predecessor-version":[{"id":7225,"href":"https:\/\/vapingnet.de\/pl\/wp-json\/wp\/v2\/product\/4994\/revisions\/7225"}],"wp:featuredmedia":[{"embeddable":true,"href":"https:\/\/vapingnet.de\/pl\/wp-json\/wp\/v2\/media\/4995"}],"wp:attachment":[{"href":"https:\/\/vapingnet.de\/pl\/wp-json\/wp\/v2\/media?parent=4994"}],"wp:term":[{"taxonomy":"brand","embeddable":true,"href":"https:\/\/vapingnet.de\/pl\/wp-json\/wp\/v2\/etheme_brands?post=4994"},{"taxonomy":"product_brand","embeddable":true,"href":"https:\/\/vapingnet.de\/pl\/wp-json\/wp\/v2\/product_brand?post=4994"},{"taxonomy":"product_cat","embeddable":true,"href":"https:\/\/vapingnet.de\/pl\/wp-json\/wp\/v2\/product_cat?post=4994"},{"taxonomy":"product_tag","embeddable":true,"href":"https:\/\/vapingnet.de\/pl\/wp-json\/wp\/v2\/product_tag?post=4994"}],"curies":[{"name":"wp","href":"https:\/\/api.w.org\/{rel}","templated":true}]}}