{"id":4997,"date":"2025-03-11T07:17:21","date_gmt":"2025-03-11T07:17:21","guid":{"rendered":"https:\/\/vapingnet.de\/?post_type=product&#038;p=4997"},"modified":"2025-06-23T09:57:00","modified_gmt":"2025-06-23T09:57:00","slug":"lush-ice-im-randm-tornado-9000-guenstig-im-grosshandel-erhaeltlich","status":"publish","type":"product","link":"https:\/\/vapingnet.de\/pl\/vape\/lush-ice-im-randm-tornado-9000-guenstig-im-grosshandel-erhaeltlich\/","title":{"rendered":"Lush Ice w RandM Tornado 9000 dost\u0119pne tanio hurtowo"},"content":{"rendered":"<h2 data-start=\"111\" data-end=\"175\">RandM Tornado 9000 \u2013 Jak naprawd\u0119 wypada Fresh Mint Vape?<\/h2>\n<p data-start=\"177\" data-end=\"248\" data-immersive-translate-walked=\"fc78042f-4b5c-4330-8f67-d3365ce31b02\" data-immersive-translate-paragraph=\"1\">Szukasz jednorazowego e-papierosa z smakiem, wytrzyma\u0142o\u015bci\u0105 i stylem?<\/p>\n<p data-start=\"250\" data-end=\"507\" data-immersive-translate-walked=\"fc78042f-4b5c-4330-8f67-d3365ce31b02\" data-immersive-translate-paragraph=\"1\">W takim razie RandM Tornado 9000 to opcja, kt\u00f3r\u0105 warto bli\u017cej obejrze\u0107. To urz\u0105dzenie \u0142\u0105czy nowoczesn\u0105 technologi\u0119 z intensywnym aromatem \u2013 idealne dla tych, kt\u00f3rzy szukaj\u0105 niezawodnego, stylowego i smakowitego do\u015bwiadczenia vapowania.<\/p>\n<h3 data-start=\"514\" data-end=\"560\" data-immersive-translate-walked=\"fc78042f-4b5c-4330-8f67-d3365ce31b02\" data-immersive-translate-paragraph=\"1\">Co wyr\u00f3\u017cnia RandM Tornado 9000?<\/h3>\n<ul>\n<li data-start=\"562\" data-end=\"726\" data-immersive-translate-walked=\"fc78042f-4b5c-4330-8f67-d3365ce31b02\" data-immersive-translate-paragraph=\"1\">Do 9000 poci\u0105gni\u0119\u0107 na urz\u0105dzenie<br data-start=\"594\" data-end=\"597\" data-immersive-translate-walked=\"fc78042f-4b5c-4330-8f67-d3365ce31b02\" \/>Dzi\u0119ki wielokrotnie \u0142adowanemu akumulatorowi 850mAh i efektywnemu rozdzia\u0142owi energii, cieszysz si\u0119 d\u0142ugotrwa\u0142ym vapowaniem bez przerw.<\/li>\n<li data-start=\"728\" data-end=\"935\" data-immersive-translate-walked=\"fc78042f-4b5c-4330-8f67-d3365ce31b02\" data-immersive-translate-paragraph=\"1\">18ml e-liquid z smakiem Fresh Mint<br data-start=\"772\" data-end=\"775\" data-immersive-translate-walked=\"fc78042f-4b5c-4330-8f67-d3365ce31b02\" \/>Du\u017ca ilo\u015b\u0107 liquidu zapewnia d\u0142ugotrwa\u0142\u0105 przyjemno\u015b\u0107. Smak Fresh Mint wprowadza wyra\u017an\u0105, ch\u0142odn\u0105 nut\u0119 przy ka\u017cdym poci\u0105gni\u0119ciu \u2013 idealny dla mi\u0142o\u015bnik\u00f3w \u015bwie\u017co\u015bci.<\/li>\n<li data-start=\"937\" data-end=\"1127\" data-immersive-translate-walked=\"fc78042f-4b5c-4330-8f67-d3365ce31b02\" data-immersive-translate-paragraph=\"1\">Mesh-Coil dla g\u0119stego, aromatycznego dymu<br data-start=\"984\" data-end=\"987\" data-immersive-translate-walked=\"fc78042f-4b5c-4330-8f67-d3365ce31b02\" \/>Zastosowana 0,8-ohmowa mesh-coil zapewnia delikatne i r\u00f3wnomierne uwalnianie aromatu. Powstaje intensywny smak bez podra\u017cniania gard\u0142a.<\/li>\n<li data-start=\"1129\" data-end=\"1297\" data-immersive-translate-walked=\"fc78042f-4b5c-4330-8f67-d3365ce31b02\" data-immersive-translate-paragraph=\"1\">RGB-\u015bwietlna pokaz i ergonomiczny design<br data-start=\"1171\" data-end=\"1174\" data-immersive-translate-walked=\"fc78042f-4b5c-4330-8f67-d3365ce31b02\" \/>Urz\u0105dzenie wa\u017cy tylko oko\u0142o 70g, co u\u0142atwia jego przenoszenie. LED-owe \u015bwiat\u0142a reaguj\u0105 na ka\u017cde poci\u0105gni\u0119cie \u2013 dyskretnie, ale nowocze\u015bnie.<\/li>\n<li data-start=\"1299\" data-end=\"1499\" data-immersive-translate-walked=\"fc78042f-4b5c-4330-8f67-d3365ce31b02\" data-immersive-translate-paragraph=\"1\">Nikotyna 2% \u2013 \u0142agodna, ale skuteczna<br data-start=\"1341\" data-end=\"1344\" data-immersive-translate-walked=\"fc78042f-4b5c-4330-8f67-d3365ce31b02\" \/>Idealny do codziennego vapowania: nie za mocny, nie za lekki. Zr\u00f3wnowa\u017cony kompromis, kt\u00f3ry sprawdzi si\u0119 zar\u00f3wno dla pocz\u0105tkuj\u0105cych, jak i okazjonalnych vapowc\u00f3w.<\/li>\n<\/ul>\n<h4 data-start=\"1506\" data-end=\"1540\" data-immersive-translate-walked=\"fc78042f-4b5c-4330-8f67-d3365ce31b02\" data-immersive-translate-paragraph=\"1\">Dla kogo jest to urz\u0105dzenie?<\/h4>\n<ul data-start=\"1542\" data-end=\"1818\" data-immersive-translate-walked=\"fc78042f-4b5c-4330-8f67-d3365ce31b02\">\n<li data-start=\"1542\" data-end=\"1618\" data-immersive-translate-walked=\"fc78042f-4b5c-4330-8f67-d3365ce31b02\">\n<p data-start=\"1544\" data-end=\"1618\" data-immersive-translate-walked=\"fc78042f-4b5c-4330-8f67-d3365ce31b02\" data-immersive-translate-paragraph=\"1\">Dla pracuj\u0105cych, kt\u00f3rzy szukaj\u0105 d\u0142ugotrwa\u0142ego jednorazowego e-papierosa<\/p>\n<\/li>\n<li data-start=\"1619\" data-end=\"1685\" data-immersive-translate-walked=\"fc78042f-4b5c-4330-8f67-d3365ce31b02\">\n<p data-start=\"1621\" data-end=\"1685\" data-immersive-translate-walked=\"fc78042f-4b5c-4330-8f67-d3365ce31b02\" data-immersive-translate-paragraph=\"1\">Dla vaper\u00f3w ceni\u0105cych intensywne, \u015bwie\u017ce aromaty, takie jak mi\u0119ta<\/p>\n<\/li>\n<li data-start=\"1686\" data-end=\"1751\" data-immersive-translate-walked=\"fc78042f-4b5c-4330-8f67-d3365ce31b02\">\n<p data-start=\"1688\" data-end=\"1751\" data-immersive-translate-walked=\"fc78042f-4b5c-4330-8f67-d3365ce31b02\" data-immersive-translate-paragraph=\"1\">Dla wszystkich, kt\u00f3rzy zwracaj\u0105 uwag\u0119 na design i codzienn\u0105 u\u017cyteczno\u015b\u0107<\/p>\n<\/li>\n<li data-start=\"1752\" data-end=\"1818\" data-immersive-translate-walked=\"fc78042f-4b5c-4330-8f67-d3365ce31b02\">\n<p data-start=\"1754\" data-end=\"1818\" data-immersive-translate-walked=\"fc78042f-4b5c-4330-8f67-d3365ce31b02\" data-immersive-translate-paragraph=\"1\">Dla pocz\u0105tkuj\u0105cych, kt\u00f3rzy nie chc\u0105 skomplikowanych ustawie\u0144<\/p>\n<\/li>\n<\/ul>\n<h4 data-start=\"1825\" data-end=\"1855\" data-immersive-translate-walked=\"fc78042f-4b5c-4330-8f67-d3365ce31b02\" data-immersive-translate-paragraph=\"1\">Czy warto kupi\u0107?<\/h4>\n<p data-start=\"1857\" data-end=\"2121\" data-immersive-translate-walked=\"fc78042f-4b5c-4330-8f67-d3365ce31b02\" data-immersive-translate-paragraph=\"1\">Je\u015bli zale\u017cy Ci na mocnej wydajno\u015bci baterii, \u015bwie\u017cym smaku i nowoczesnym designie, RandM Tornado 9000 to wyra\u017ana rekomendacja. Szczeg\u00f3lnie smak Fresh Mint wyr\u00f3\u017cnia si\u0119 swoj\u0105 czysto\u015bci\u0105 i ch\u0142odem, przyjemnie odr\u00f3\u017cniaj\u0105c si\u0119 od wielu innych aromat\u00f3w.<\/p>\n<h4 data-start=\"2128\" data-end=\"2196\" data-immersive-translate-walked=\"fc78042f-4b5c-4330-8f67-d3365ce31b02\" data-immersive-translate-paragraph=\"1\">Wypr\u00f3buj teraz: RandM Tornado 9000 zam\u00f3w na vapingnet.de<\/h4>\n<p data-start=\"2198\" data-end=\"2374\" data-immersive-translate-walked=\"fc78042f-4b5c-4330-8f67-d3365ce31b02\" data-immersive-translate-paragraph=\"1\">Odwied\u017a vapingnet.de i zabezpiecz sobie RandM Tornado 9000 z szybk\u0105 dostaw\u0105 z Deutschland. Brak rejestracji, brak problem\u00f3w \u2013 tylko czysta przyjemno\u015b\u0107 z parowania.<\/p>\n<p data-start=\"2381\" data-end=\"2445\" data-immersive-translate-walked=\"fc78042f-4b5c-4330-8f67-d3365ce31b02\">RandM Tornado 9000 \u2013 Gdy wytrzyma\u0142o\u015b\u0107 spotyka si\u0119 z prawdziw\u0105 \u015bwie\u017co\u015bci\u0105.<\/p>","protected":false},"excerpt":{"rendered":"<p>Wysokiej jako\u015bci elektroniczne papierosy\ud83d\udd25, wysy\u0142ka bezpo\u015brednio z magazynu w Bremie, dostawa w ci\u0105gu 2-4 dni!<\/p>","protected":false},"featured_media":4998,"template":"","meta":[],"etheme_brands":[],"product_brand":[96],"product_cat":[52,59,49,61],"product_tag":[],"class_list":{"0":"post-4997","1":"product","2":"type-product","3":"status-publish","4":"has-post-thumbnail","6":"product_brand-randm-vape","7":"product_cat-vape-9000-zuege","8":"product_cat-de","9":"product_cat-einweg-e-zigarette","10":"product_cat-f","12":"first","13":"instock","14":"shipping-taxable","15":"purchasable","16":"product-type-simple"},"yoast_head":"<!-- This site is optimized with the Yoast SEO plugin v26.5 - https:\/\/yoast.com\/wordpress\/plugins\/seo\/ -->\n<title>RandM Tornado 9000 \u2013 Fresh Mint Vape mit 9000 Z\u00fcgen &amp; Style<\/title>\n<meta name=\"description\" content=\"Entdecken Sie den RandM Tornado 9000 mit Fresh Mint Geschmack, 9000 Z\u00fcgen, 18ml Liquid und RGB-Design. Jetzt g\u00fcnstig &amp; schnell bei vapingnet.de bestellen.\" \/>\n<meta name=\"robots\" content=\"index, follow, max-snippet:-1, max-image-preview:large, max-video-preview:-1\" \/>\n<link rel=\"canonical\" href=\"https:\/\/vapingnet.de\/pl\/vape\/lush-ice-im-randm-tornado-9000-guenstig-im-grosshandel-erhaeltlich\/\" \/>\n<meta property=\"og:locale\" content=\"pl_PL\" \/>\n<meta property=\"og:type\" content=\"article\" \/>\n<meta property=\"og:title\" content=\"RandM Tornado 9000 \u2013 Fresh Mint Vape mit 9000 Z\u00fcgen &amp; Style\" \/>\n<meta property=\"og:description\" content=\"Entdecken Sie den RandM Tornado 9000 mit Fresh Mint Geschmack, 9000 Z\u00fcgen, 18ml Liquid und RGB-Design. Jetzt g\u00fcnstig &amp; schnell bei vapingnet.de bestellen.\" \/>\n<meta property=\"og:url\" content=\"https:\/\/vapingnet.de\/pl\/vape\/lush-ice-im-randm-tornado-9000-guenstig-im-grosshandel-erhaeltlich\/\" \/>\n<meta property=\"og:site_name\" content=\"Vapingnet.de\" \/>\n<meta property=\"article:publisher\" content=\"https:\/\/www.facebook.com\/vapingnetde\/\" \/>\n<meta property=\"article:modified_time\" content=\"2025-06-23T09:57:00+00:00\" \/>\n<meta property=\"og:image\" content=\"https:\/\/vapingnet.de\/wp-content\/uploads\/2025\/03\/randm-tornado-9000-lush-ice.webp\" \/>\n\t<meta property=\"og:image:width\" content=\"1000\" \/>\n\t<meta property=\"og:image:height\" content=\"1000\" \/>\n\t<meta property=\"og:image:type\" content=\"image\/webp\" \/>\n<meta name=\"twitter:card\" content=\"summary_large_image\" \/>\n<meta name=\"twitter:label1\" content=\"Est. reading time\" \/>\n\t<meta name=\"twitter:data1\" content=\"2 minutes\" \/>\n<script type=\"application\/ld+json\" class=\"yoast-schema-graph\">{\"@context\":\"https:\/\/schema.org\",\"@graph\":[{\"@type\":\"WebPage\",\"@id\":\"https:\/\/vapingnet.de\/vape\/lush-ice-im-randm-tornado-9000-guenstig-im-grosshandel-erhaeltlich\/\",\"url\":\"https:\/\/vapingnet.de\/vape\/lush-ice-im-randm-tornado-9000-guenstig-im-grosshandel-erhaeltlich\/\",\"name\":\"RandM Tornado 9000 \u2013 Fresh Mint Vape mit 9000 Z\u00fcgen & Style\",\"isPartOf\":{\"@id\":\"https:\/\/vapingnet.de\/#website\"},\"primaryImageOfPage\":{\"@id\":\"https:\/\/vapingnet.de\/vape\/lush-ice-im-randm-tornado-9000-guenstig-im-grosshandel-erhaeltlich\/#primaryimage\"},\"image\":{\"@id\":\"https:\/\/vapingnet.de\/vape\/lush-ice-im-randm-tornado-9000-guenstig-im-grosshandel-erhaeltlich\/#primaryimage\"},\"thumbnailUrl\":\"https:\/\/vapingnet.de\/wp-content\/uploads\/2025\/03\/randm-tornado-9000-lush-ice.webp\",\"datePublished\":\"2025-03-11T07:17:21+00:00\",\"dateModified\":\"2025-06-23T09:57:00+00:00\",\"description\":\"Entdecken Sie den RandM Tornado 9000 mit Fresh Mint Geschmack, 9000 Z\u00fcgen, 18ml Liquid und RGB-Design. Jetzt g\u00fcnstig & schnell bei vapingnet.de bestellen.\",\"breadcrumb\":{\"@id\":\"https:\/\/vapingnet.de\/vape\/lush-ice-im-randm-tornado-9000-guenstig-im-grosshandel-erhaeltlich\/#breadcrumb\"},\"inLanguage\":\"pl-PL\",\"potentialAction\":[{\"@type\":\"ReadAction\",\"target\":[\"https:\/\/vapingnet.de\/vape\/lush-ice-im-randm-tornado-9000-guenstig-im-grosshandel-erhaeltlich\/\"]}]},{\"@type\":\"ImageObject\",\"inLanguage\":\"pl-PL\",\"@id\":\"https:\/\/vapingnet.de\/vape\/lush-ice-im-randm-tornado-9000-guenstig-im-grosshandel-erhaeltlich\/#primaryimage\",\"url\":\"https:\/\/vapingnet.de\/wp-content\/uploads\/2025\/03\/randm-tornado-9000-lush-ice.webp\",\"contentUrl\":\"https:\/\/vapingnet.de\/wp-content\/uploads\/2025\/03\/randm-tornado-9000-lush-ice.webp\",\"width\":1000,\"height\":1000,\"caption\":\"randm-tornado-9000-lush-ice\"},{\"@type\":\"BreadcrumbList\",\"@id\":\"https:\/\/vapingnet.de\/vape\/lush-ice-im-randm-tornado-9000-guenstig-im-grosshandel-erhaeltlich\/#breadcrumb\",\"itemListElement\":[{\"@type\":\"ListItem\",\"position\":1,\"name\":\"Home\",\"item\":\"https:\/\/vapingnet.de\/\"},{\"@type\":\"ListItem\",\"position\":2,\"name\":\"Shop\",\"item\":\"https:\/\/vapingnet.de\/vape\/\"},{\"@type\":\"ListItem\",\"position\":3,\"name\":\"Lush Ice im RandM Tornado 9000 G\u00fcnstig im Gro\u00dfhandel erh\u00e4ltlich\"}]},{\"@type\":\"WebSite\",\"@id\":\"https:\/\/vapingnet.de\/#website\",\"url\":\"https:\/\/vapingnet.de\/\",\"name\":\"Vapingnet.de\",\"description\":\"\",\"publisher\":{\"@id\":\"https:\/\/vapingnet.de\/#organization\"},\"potentialAction\":[{\"@type\":\"SearchAction\",\"target\":{\"@type\":\"EntryPoint\",\"urlTemplate\":\"https:\/\/vapingnet.de\/?s={search_term_string}\"},\"query-input\":{\"@type\":\"PropertyValueSpecification\",\"valueRequired\":true,\"valueName\":\"search_term_string\"}}],\"inLanguage\":\"pl-PL\"},{\"@type\":\"Organization\",\"@id\":\"https:\/\/vapingnet.de\/#organization\",\"name\":\"Vapingnet.de\",\"url\":\"https:\/\/vapingnet.de\/\",\"logo\":{\"@type\":\"ImageObject\",\"inLanguage\":\"pl-PL\",\"@id\":\"https:\/\/vapingnet.de\/#\/schema\/logo\/image\/\",\"url\":\"https:\/\/vapingnet.de\/wp-content\/uploads\/2025\/03\/cropped-vapingnet.de_.jpg\",\"contentUrl\":\"https:\/\/vapingnet.de\/wp-content\/uploads\/2025\/03\/cropped-vapingnet.de_.jpg\",\"width\":512,\"height\":512,\"caption\":\"Vapingnet.de\"},\"image\":{\"@id\":\"https:\/\/vapingnet.de\/#\/schema\/logo\/image\/\"},\"sameAs\":[\"https:\/\/www.facebook.com\/vapingnetde\/\"]}]}<\/script>\n<!-- \/ Yoast SEO plugin. -->","yoast_head_json":{"title":"RandM Tornado 9000 \u2013 Fresh Mint Vape mit 9000 Z\u00fcgen & Style","description":"Entdecken Sie den RandM Tornado 9000 mit Fresh Mint Geschmack, 9000 Z\u00fcgen, 18ml Liquid und RGB-Design. Jetzt g\u00fcnstig & schnell bei vapingnet.de bestellen.","robots":{"index":"index","follow":"follow","max-snippet":"max-snippet:-1","max-image-preview":"max-image-preview:large","max-video-preview":"max-video-preview:-1"},"canonical":"https:\/\/vapingnet.de\/pl\/vape\/lush-ice-im-randm-tornado-9000-guenstig-im-grosshandel-erhaeltlich\/","og_locale":"pl_PL","og_type":"article","og_title":"RandM Tornado 9000 \u2013 Fresh Mint Vape mit 9000 Z\u00fcgen & Style","og_description":"Entdecken Sie den RandM Tornado 9000 mit Fresh Mint Geschmack, 9000 Z\u00fcgen, 18ml Liquid und RGB-Design. Jetzt g\u00fcnstig & schnell bei vapingnet.de bestellen.","og_url":"https:\/\/vapingnet.de\/pl\/vape\/lush-ice-im-randm-tornado-9000-guenstig-im-grosshandel-erhaeltlich\/","og_site_name":"Vapingnet.de","article_publisher":"https:\/\/www.facebook.com\/vapingnetde\/","article_modified_time":"2025-06-23T09:57:00+00:00","og_image":[{"width":1000,"height":1000,"url":"https:\/\/vapingnet.de\/wp-content\/uploads\/2025\/03\/randm-tornado-9000-lush-ice.webp","type":"image\/webp"}],"twitter_card":"summary_large_image","twitter_misc":{"Est. reading time":"2 minutes"},"schema":{"@context":"https:\/\/schema.org","@graph":[{"@type":"WebPage","@id":"https:\/\/vapingnet.de\/vape\/lush-ice-im-randm-tornado-9000-guenstig-im-grosshandel-erhaeltlich\/","url":"https:\/\/vapingnet.de\/vape\/lush-ice-im-randm-tornado-9000-guenstig-im-grosshandel-erhaeltlich\/","name":"RandM Tornado 9000 \u2013 Fresh Mint Vape mit 9000 Z\u00fcgen & Style","isPartOf":{"@id":"https:\/\/vapingnet.de\/#website"},"primaryImageOfPage":{"@id":"https:\/\/vapingnet.de\/vape\/lush-ice-im-randm-tornado-9000-guenstig-im-grosshandel-erhaeltlich\/#primaryimage"},"image":{"@id":"https:\/\/vapingnet.de\/vape\/lush-ice-im-randm-tornado-9000-guenstig-im-grosshandel-erhaeltlich\/#primaryimage"},"thumbnailUrl":"https:\/\/vapingnet.de\/wp-content\/uploads\/2025\/03\/randm-tornado-9000-lush-ice.webp","datePublished":"2025-03-11T07:17:21+00:00","dateModified":"2025-06-23T09:57:00+00:00","description":"Entdecken Sie den RandM Tornado 9000 mit Fresh Mint Geschmack, 9000 Z\u00fcgen, 18ml Liquid und RGB-Design. Jetzt g\u00fcnstig & schnell bei vapingnet.de bestellen.","breadcrumb":{"@id":"https:\/\/vapingnet.de\/vape\/lush-ice-im-randm-tornado-9000-guenstig-im-grosshandel-erhaeltlich\/#breadcrumb"},"inLanguage":"pl-PL","potentialAction":[{"@type":"ReadAction","target":["https:\/\/vapingnet.de\/vape\/lush-ice-im-randm-tornado-9000-guenstig-im-grosshandel-erhaeltlich\/"]}]},{"@type":"ImageObject","inLanguage":"pl-PL","@id":"https:\/\/vapingnet.de\/vape\/lush-ice-im-randm-tornado-9000-guenstig-im-grosshandel-erhaeltlich\/#primaryimage","url":"https:\/\/vapingnet.de\/wp-content\/uploads\/2025\/03\/randm-tornado-9000-lush-ice.webp","contentUrl":"https:\/\/vapingnet.de\/wp-content\/uploads\/2025\/03\/randm-tornado-9000-lush-ice.webp","width":1000,"height":1000,"caption":"randm-tornado-9000-lush-ice"},{"@type":"BreadcrumbList","@id":"https:\/\/vapingnet.de\/vape\/lush-ice-im-randm-tornado-9000-guenstig-im-grosshandel-erhaeltlich\/#breadcrumb","itemListElement":[{"@type":"ListItem","position":1,"name":"Home","item":"https:\/\/vapingnet.de\/"},{"@type":"ListItem","position":2,"name":"Shop","item":"https:\/\/vapingnet.de\/vape\/"},{"@type":"ListItem","position":3,"name":"Lush Ice im RandM Tornado 9000 G\u00fcnstig im Gro\u00dfhandel erh\u00e4ltlich"}]},{"@type":"WebSite","@id":"https:\/\/vapingnet.de\/#website","url":"https:\/\/vapingnet.de\/","name":"Vapingnet.de","description":"","publisher":{"@id":"https:\/\/vapingnet.de\/#organization"},"potentialAction":[{"@type":"SearchAction","target":{"@type":"EntryPoint","urlTemplate":"https:\/\/vapingnet.de\/?s={search_term_string}"},"query-input":{"@type":"PropertyValueSpecification","valueRequired":true,"valueName":"search_term_string"}}],"inLanguage":"pl-PL"},{"@type":"Organization","@id":"https:\/\/vapingnet.de\/#organization","name":"Vapingnet.de","url":"https:\/\/vapingnet.de\/","logo":{"@type":"ImageObject","inLanguage":"pl-PL","@id":"https:\/\/vapingnet.de\/#\/schema\/logo\/image\/","url":"https:\/\/vapingnet.de\/wp-content\/uploads\/2025\/03\/cropped-vapingnet.de_.jpg","contentUrl":"https:\/\/vapingnet.de\/wp-content\/uploads\/2025\/03\/cropped-vapingnet.de_.jpg","width":512,"height":512,"caption":"Vapingnet.de"},"image":{"@id":"https:\/\/vapingnet.de\/#\/schema\/logo\/image\/"},"sameAs":["https:\/\/www.facebook.com\/vapingnetde\/"]}]}},"tiered_pricing_type":"fixed","tiered_pricing_fixed_rules":{"10":"9.22","50":"8.30","110":"7.84","210":"7.38","510":"6.92","1100":"6.45"},"tiered_pricing_product_settings":{"layout":"default","base_unit_name":{"singular":null,"plural":null},"default_variation":null},"tiered_pricing_minimum_quantity":null,"tiered_pricing_roles_data":[],"tiered_pricing_percentage_rules":[],"_links":{"self":[{"href":"https:\/\/vapingnet.de\/pl\/wp-json\/wp\/v2\/product\/4997","targetHints":{"allow":["GET"]}}],"collection":[{"href":"https:\/\/vapingnet.de\/pl\/wp-json\/wp\/v2\/product"}],"about":[{"href":"https:\/\/vapingnet.de\/pl\/wp-json\/wp\/v2\/types\/product"}],"version-history":[{"count":4,"href":"https:\/\/vapingnet.de\/pl\/wp-json\/wp\/v2\/product\/4997\/revisions"}],"predecessor-version":[{"id":7226,"href":"https:\/\/vapingnet.de\/pl\/wp-json\/wp\/v2\/product\/4997\/revisions\/7226"}],"wp:featuredmedia":[{"embeddable":true,"href":"https:\/\/vapingnet.de\/pl\/wp-json\/wp\/v2\/media\/4998"}],"wp:attachment":[{"href":"https:\/\/vapingnet.de\/pl\/wp-json\/wp\/v2\/media?parent=4997"}],"wp:term":[{"taxonomy":"brand","embeddable":true,"href":"https:\/\/vapingnet.de\/pl\/wp-json\/wp\/v2\/etheme_brands?post=4997"},{"taxonomy":"product_brand","embeddable":true,"href":"https:\/\/vapingnet.de\/pl\/wp-json\/wp\/v2\/product_brand?post=4997"},{"taxonomy":"product_cat","embeddable":true,"href":"https:\/\/vapingnet.de\/pl\/wp-json\/wp\/v2\/product_cat?post=4997"},{"taxonomy":"product_tag","embeddable":true,"href":"https:\/\/vapingnet.de\/pl\/wp-json\/wp\/v2\/product_tag?post=4997"}],"curies":[{"name":"wp","href":"https:\/\/api.w.org\/{rel}","templated":true}]}}