{"id":5001,"date":"2025-03-11T07:25:03","date_gmt":"2025-03-11T07:25:03","guid":{"rendered":"https:\/\/vapingnet.de\/?post_type=product&#038;p=5001"},"modified":"2025-06-23T10:02:48","modified_gmt":"2025-06-23T10:02:48","slug":"randm-tornado-9000-hol-dir-strawberry-watermelon-zum-besten-grosshandelspreis","status":"publish","type":"product","link":"https:\/\/vapingnet.de\/pl\/vape\/randm-tornado-9000-hol-dir-strawberry-watermelon-zum-besten-grosshandelspreis\/","title":{"rendered":"Zdob\u0105d\u017a RandM Tornado 9000 Strawberry Watermelon w najlepszej cenie hurtowej"},"content":{"rendered":"<h2 data-start=\"139\" data-end=\"235\">RandM Tornado 9000 z truskawkowo-melonowym \u2013 Gdy jednorazowe vapowanie zamienia si\u0119 w eksplozj\u0119 smaku<\/h2>\n<p data-start=\"237\" data-end=\"280\" data-immersive-translate-walked=\"dd6b1906-7691-46a6-9d51-1037fcb1b1f0\" data-immersive-translate-paragraph=\"1\">Dlaczego zawsze pali\u0107 ten sam smak?<\/p>\n<p data-start=\"282\" data-end=\"627\" data-immersive-translate-walked=\"dd6b1906-7691-46a6-9d51-1037fcb1b1f0\" data-immersive-translate-paragraph=\"1\">Je\u015bli do tej pory u\u017cywa\u0142e\u015b prostych jednorazowych vape'\u00f3w, czas na ulepszenie: RandM Tornado 9000 oferuje nie tylko 9000 poci\u0105gni\u0119\u0107, ale tak\u017ce intensywny aromat truskawkowo-melonowy, kt\u00f3ry robi r\u00f3\u017cnic\u0119. W por\u00f3wnaniu z tradycyjnymi modelami, to urz\u0105dzenie pokazuje, co naprawd\u0119 oznacza nowoczesne vapowanie.<\/p>\n<h3 data-start=\"634\" data-end=\"683\" data-immersive-translate-paragraph=\"1\" data-immersive-translate-walked=\"dd6b1906-7691-46a6-9d51-1037fcb1b1f0\">Co czyni RandM Tornado 9000 tak wyj\u0105tkowym?<\/h3>\n<p data-start=\"685\" data-end=\"753\" data-immersive-translate-walked=\"dd6b1906-7691-46a6-9d51-1037fcb1b1f0\" data-immersive-translate-paragraph=\"1\">1. Smak, kt\u00f3ry zostaje \u2013 Truskawkowo-melonowy w czystej formie<\/p>\n<p data-start=\"755\" data-end=\"1022\" data-immersive-translate-walked=\"dd6b1906-7691-46a6-9d51-1037fcb1b1f0\" data-immersive-translate-paragraph=\"1\">Wiele jednorazowych vape'\u00f3w traci aromat po kilku setkach poci\u0105gni\u0119\u0107. W przypadku RandM Tornado 9000 smak pozostaje sta\u0142y. Po\u0142\u0105czenie s\u0142odkiej truskawki i ch\u0142odnej melona przynosi \u015bwie\u017co\u015b\u0107 i owocowo\u015b\u0107 w harmonii \u2013 idealne dla mi\u0142o\u015bnik\u00f3w lata i owoc\u00f3w.<\/p>\n<p data-start=\"1029\" data-end=\"1100\" data-immersive-translate-walked=\"dd6b1906-7691-46a6-9d51-1037fcb1b1f0\" data-immersive-translate-paragraph=\"1\">2. D\u0142ugotrwa\u0142e vapowanie zamiast kr\u00f3tkoterminowego rozwi\u0105zania \u2013 9000 poci\u0105gni\u0119\u0107 i 18ml liquidu<\/p>\n<p data-start=\"1102\" data-end=\"1333\" data-immersive-translate-walked=\"dd6b1906-7691-46a6-9d51-1037fcb1b1f0\" data-immersive-translate-paragraph=\"1\">Z pojemno\u015bci\u0105 zbiornika 18ml i mocnym akumulatorem 850mAh, to urz\u0105dzenie zapewnia do 9000 poci\u0105gni\u0119\u0107 \u2013 znacznie wi\u0119cej ni\u017c wi\u0119kszo\u015b\u0107 jednorazowych e-papieros\u00f3w na rynku. Dla intensywnych u\u017cytkownik\u00f3w i weekendowych wyjazd\u00f3w to wyra\u017ana zaleta.<\/p>\n<p data-start=\"1340\" data-end=\"1400\" data-immersive-translate-walked=\"dd6b1906-7691-46a6-9d51-1037fcb1b1f0\" data-immersive-translate-paragraph=\"1\">3. Technologia spotyka design \u2013 Mesh-Coil i RGB-Style<\/p>\n<p data-start=\"1402\" data-end=\"1671\" data-immersive-translate-walked=\"dd6b1906-7691-46a6-9d51-1037fcb1b1f0\" data-immersive-translate-paragraph=\"1\">Dzi\u0119ki zintegrowanemu 0,8-ohm Mesh-Coil, Tornado 9000 produkuje g\u0119st\u0105, r\u00f3wnomiern\u0105 par\u0119. Do\u015bwiadczenie vapowania wspiera zmieniaj\u0105ce si\u0119 kolory RGB, kt\u00f3re reaguj\u0105 na ka\u017cde poci\u0105gni\u0119cie \u2013 wizualny dodatek dla tych, kt\u00f3rzy ceni\u0105 indywidualno\u015b\u0107.<\/p>\n<p data-start=\"1678\" data-end=\"1741\" data-immersive-translate-walked=\"dd6b1906-7691-46a6-9d51-1037fcb1b1f0\" data-immersive-translate-paragraph=\"1\">4. Prosta obs\u0142uga \u2013 gotowy do u\u017cycia od razu z nikotyn\u0105 2%<\/p>\n<p data-start=\"1743\" data-end=\"1985\" data-immersive-translate-walked=\"dd6b1906-7691-46a6-9d51-1037fcb1b1f0\" data-immersive-translate-paragraph=\"1\">Brak przycisk\u00f3w, brak uzupe\u0142niania, brak komplikacji: Tornado 9000 jest gotowy do dzia\u0142ania od razu. Z nikotyn\u0105 2% zapewnia przyjemny, \u0142agodny efekt gard\u0142a \u2013 idealny dla pocz\u0105tkuj\u0105cych lub okazjonalnych u\u017cytkownik\u00f3w, kt\u00f3rzy chc\u0105 cieszy\u0107 si\u0119 bez wysi\u0142ku.<\/p>\n<h3 data-start=\"1992\" data-end=\"2054\" data-immersive-translate-walked=\"dd6b1906-7691-46a6-9d51-1037fcb1b1f0\" data-immersive-translate-paragraph=\"1\">Przyk\u0142ady zastosowania: Kto korzysta z RandM Tornado 9000?<\/h3>\n<ul data-start=\"2056\" data-end=\"2424\" data-immersive-translate-walked=\"dd6b1906-7691-46a6-9d51-1037fcb1b1f0\">\n<li data-start=\"2056\" data-end=\"2129\" data-immersive-translate-walked=\"dd6b1906-7691-46a6-9d51-1037fcb1b1f0\">\n<p data-start=\"2058\" data-end=\"2129\" data-immersive-translate-walked=\"dd6b1906-7691-46a6-9d51-1037fcb1b1f0\" data-immersive-translate-paragraph=\"1\">W podr\u00f3\u017cy: Brak \u0142adowarki? \u017baden problem \u2013 akumulator wytrzymuje dniami.<\/p>\n<\/li>\n<li data-start=\"2130\" data-end=\"2220\" data-immersive-translate-walked=\"dd6b1906-7691-46a6-9d51-1037fcb1b1f0\">\n<p data-start=\"2132\" data-end=\"2220\" data-immersive-translate-walked=\"dd6b1906-7691-46a6-9d51-1037fcb1b1f0\" data-immersive-translate-paragraph=\"1\">Na wakacjach: Owocowy smak + d\u0142ugi czas pracy = idealny towarzysz podr\u00f3\u017cy.<\/p>\n<\/li>\n<li data-start=\"2221\" data-end=\"2318\" data-immersive-translate-walked=\"dd6b1906-7691-46a6-9d51-1037fcb1b1f0\">\n<p data-start=\"2223\" data-end=\"2318\" data-immersive-translate-walked=\"dd6b1906-7691-46a6-9d51-1037fcb1b1f0\" data-immersive-translate-paragraph=\"1\">Na co dzie\u0144: Prosta obs\u0142uga, szybkie uruchomienie \u2013 brak stresu w biurze lub kawiarni.<\/p>\n<\/li>\n<li data-start=\"2319\" data-end=\"2424\" data-immersive-translate-walked=\"dd6b1906-7691-46a6-9d51-1037fcb1b1f0\">\n<p data-start=\"2321\" data-end=\"2424\" data-immersive-translate-walked=\"dd6b1906-7691-46a6-9d51-1037fcb1b1f0\" data-immersive-translate-paragraph=\"1\">Jako prezent: Smak, styl i wytrzyma\u0142o\u015b\u0107 \u2013 ten model przekonuje nawet wymagaj\u0105cych vapist\u00f3w.<\/p>\n<\/li>\n<\/ul>\n<h4 data-start=\"2431\" data-end=\"2464\" data-immersive-translate-walked=\"dd6b1906-7691-46a6-9d51-1037fcb1b1f0\" data-immersive-translate-paragraph=\"1\">Czy warto si\u0119 przesi\u0105\u015b\u0107?<\/h4>\n<p data-start=\"2466\" data-end=\"2716\" data-immersive-translate-walked=\"dd6b1906-7691-46a6-9d51-1037fcb1b1f0\" data-immersive-translate-paragraph=\"1\">Tak \u2013 zdecydowanie.<br data-start=\"2483\" data-end=\"2486\" data-immersive-translate-walked=\"dd6b1906-7691-46a6-9d51-1037fcb1b1f0\" \/>RandM Tornado 9000 to konsekwentny rozw\u00f3j jednorazowego e-papierosa: trwalszy, bardziej smakowity, bardziej przyjazny dla u\u017cytkownika. Szczeg\u00f3lnie smak truskawkowo-melonowy wyr\u00f3\u017cnia go wyra\u017anie od standardowych produkt\u00f3w.<\/p>\n<h4 data-start=\"2723\" data-end=\"2775\" data-immersive-translate-walked=\"dd6b1906-7691-46a6-9d51-1037fcb1b1f0\" data-immersive-translate-paragraph=\"1\">Zam\u00f3w teraz i do\u015bwiadcz Strawberry Watermelon<\/h4>\n<p data-start=\"2777\" data-end=\"3014\" data-immersive-translate-walked=\"dd6b1906-7691-46a6-9d51-1037fcb1b1f0\" data-immersive-translate-paragraph=\"1\">Odwied\u017a vapingnet.de, aby kupi\u0107 RandM Tornado 9000 o smaku Strawberry Watermelon. Skorzystaj z szybkiej dostawy z Deutschland i ciesz si\u0119 urz\u0105dzeniem, kt\u00f3re nie pozostawia nic do \u017cyczenia.<\/p>\n<p data-start=\"3016\" data-end=\"3092\" data-immersive-translate-walked=\"dd6b1906-7691-46a6-9d51-1037fcb1b1f0\">RandM Tornado 9000 \u2013 gdy s\u0142odycz, \u015bwie\u017co\u015b\u0107 i moc spotykaj\u0105 si\u0119 razem.<\/p>","protected":false},"excerpt":{"rendered":"<p>Wysokiej jako\u015bci elektroniczne papierosy\ud83d\udd25, wysy\u0142ka bezpo\u015brednio z magazynu w Bremie, dostawa w ci\u0105gu 2-4 dni!<\/p>","protected":false},"featured_media":5002,"template":"","meta":[],"etheme_brands":[],"product_brand":[96],"product_cat":[52,59,49,61],"product_tag":[],"class_list":{"0":"post-5001","1":"product","2":"type-product","3":"status-publish","4":"has-post-thumbnail","6":"product_brand-randm-vape","7":"product_cat-vape-9000-zuege","8":"product_cat-de","9":"product_cat-einweg-e-zigarette","10":"product_cat-f","12":"first","13":"instock","14":"shipping-taxable","15":"purchasable","16":"product-type-simple"},"yoast_head":"<!-- This site is optimized with the Yoast SEO plugin v26.5 - https:\/\/yoast.com\/wordpress\/plugins\/seo\/ -->\n<title>Vape mit Mesh-Coil &amp; Erdbeer-Wassermelone \u2013 RandM 9000<\/title>\n<meta name=\"description\" content=\"Jetzt RandM Tornado 9000 entdecken: Einweg E-Zigarette mit 9000 Z\u00fcgen, Mesh-Coil &amp; fruchtigem Strawberry Watermelon Geschmack. Versand aus Deutschland.\" \/>\n<meta name=\"robots\" content=\"index, follow, max-snippet:-1, max-image-preview:large, max-video-preview:-1\" \/>\n<link rel=\"canonical\" href=\"https:\/\/vapingnet.de\/pl\/vape\/randm-tornado-9000-hol-dir-strawberry-watermelon-zum-besten-grosshandelspreis\/\" \/>\n<meta property=\"og:locale\" content=\"pl_PL\" \/>\n<meta property=\"og:type\" content=\"article\" \/>\n<meta property=\"og:title\" content=\"Vape mit Mesh-Coil &amp; Erdbeer-Wassermelone \u2013 RandM 9000\" \/>\n<meta property=\"og:description\" content=\"Jetzt RandM Tornado 9000 entdecken: Einweg E-Zigarette mit 9000 Z\u00fcgen, Mesh-Coil &amp; fruchtigem Strawberry Watermelon Geschmack. Versand aus Deutschland.\" \/>\n<meta property=\"og:url\" content=\"https:\/\/vapingnet.de\/pl\/vape\/randm-tornado-9000-hol-dir-strawberry-watermelon-zum-besten-grosshandelspreis\/\" \/>\n<meta property=\"og:site_name\" content=\"Vapingnet.de\" \/>\n<meta property=\"article:publisher\" content=\"https:\/\/www.facebook.com\/vapingnetde\/\" \/>\n<meta property=\"article:modified_time\" content=\"2025-06-23T10:02:48+00:00\" \/>\n<meta property=\"og:image\" content=\"https:\/\/vapingnet.de\/wp-content\/uploads\/2025\/03\/randm_tornado_9000_strawberrywatermelon.webp\" \/>\n\t<meta property=\"og:image:width\" content=\"1000\" \/>\n\t<meta property=\"og:image:height\" content=\"1000\" \/>\n\t<meta property=\"og:image:type\" content=\"image\/webp\" \/>\n<meta name=\"twitter:card\" content=\"summary_large_image\" \/>\n<meta name=\"twitter:label1\" content=\"Est. reading time\" \/>\n\t<meta name=\"twitter:data1\" content=\"3 minutes\" \/>\n<script type=\"application\/ld+json\" class=\"yoast-schema-graph\">{\"@context\":\"https:\/\/schema.org\",\"@graph\":[{\"@type\":\"WebPage\",\"@id\":\"https:\/\/vapingnet.de\/vape\/randm-tornado-9000-hol-dir-strawberry-watermelon-zum-besten-grosshandelspreis\/\",\"url\":\"https:\/\/vapingnet.de\/vape\/randm-tornado-9000-hol-dir-strawberry-watermelon-zum-besten-grosshandelspreis\/\",\"name\":\"Vape mit Mesh-Coil & Erdbeer-Wassermelone \u2013 RandM 9000\",\"isPartOf\":{\"@id\":\"https:\/\/vapingnet.de\/#website\"},\"primaryImageOfPage\":{\"@id\":\"https:\/\/vapingnet.de\/vape\/randm-tornado-9000-hol-dir-strawberry-watermelon-zum-besten-grosshandelspreis\/#primaryimage\"},\"image\":{\"@id\":\"https:\/\/vapingnet.de\/vape\/randm-tornado-9000-hol-dir-strawberry-watermelon-zum-besten-grosshandelspreis\/#primaryimage\"},\"thumbnailUrl\":\"https:\/\/vapingnet.de\/wp-content\/uploads\/2025\/03\/randm_tornado_9000_strawberrywatermelon.webp\",\"datePublished\":\"2025-03-11T07:25:03+00:00\",\"dateModified\":\"2025-06-23T10:02:48+00:00\",\"description\":\"Jetzt RandM Tornado 9000 entdecken: Einweg E-Zigarette mit 9000 Z\u00fcgen, Mesh-Coil & fruchtigem Strawberry Watermelon Geschmack. Versand aus Deutschland.\",\"breadcrumb\":{\"@id\":\"https:\/\/vapingnet.de\/vape\/randm-tornado-9000-hol-dir-strawberry-watermelon-zum-besten-grosshandelspreis\/#breadcrumb\"},\"inLanguage\":\"pl-PL\",\"potentialAction\":[{\"@type\":\"ReadAction\",\"target\":[\"https:\/\/vapingnet.de\/vape\/randm-tornado-9000-hol-dir-strawberry-watermelon-zum-besten-grosshandelspreis\/\"]}]},{\"@type\":\"ImageObject\",\"inLanguage\":\"pl-PL\",\"@id\":\"https:\/\/vapingnet.de\/vape\/randm-tornado-9000-hol-dir-strawberry-watermelon-zum-besten-grosshandelspreis\/#primaryimage\",\"url\":\"https:\/\/vapingnet.de\/wp-content\/uploads\/2025\/03\/randm_tornado_9000_strawberrywatermelon.webp\",\"contentUrl\":\"https:\/\/vapingnet.de\/wp-content\/uploads\/2025\/03\/randm_tornado_9000_strawberrywatermelon.webp\",\"width\":1000,\"height\":1000,\"caption\":\"randm_tornado_9000_strawberrywatermelon\"},{\"@type\":\"BreadcrumbList\",\"@id\":\"https:\/\/vapingnet.de\/vape\/randm-tornado-9000-hol-dir-strawberry-watermelon-zum-besten-grosshandelspreis\/#breadcrumb\",\"itemListElement\":[{\"@type\":\"ListItem\",\"position\":1,\"name\":\"Home\",\"item\":\"https:\/\/vapingnet.de\/\"},{\"@type\":\"ListItem\",\"position\":2,\"name\":\"Shop\",\"item\":\"https:\/\/vapingnet.de\/vape\/\"},{\"@type\":\"ListItem\",\"position\":3,\"name\":\"RandM Tornado 9000 Hol dir Strawberry Watermelon zum besten Gro\u00dfhandelspreis\"}]},{\"@type\":\"WebSite\",\"@id\":\"https:\/\/vapingnet.de\/#website\",\"url\":\"https:\/\/vapingnet.de\/\",\"name\":\"Vapingnet.de\",\"description\":\"\",\"publisher\":{\"@id\":\"https:\/\/vapingnet.de\/#organization\"},\"potentialAction\":[{\"@type\":\"SearchAction\",\"target\":{\"@type\":\"EntryPoint\",\"urlTemplate\":\"https:\/\/vapingnet.de\/?s={search_term_string}\"},\"query-input\":{\"@type\":\"PropertyValueSpecification\",\"valueRequired\":true,\"valueName\":\"search_term_string\"}}],\"inLanguage\":\"pl-PL\"},{\"@type\":\"Organization\",\"@id\":\"https:\/\/vapingnet.de\/#organization\",\"name\":\"Vapingnet.de\",\"url\":\"https:\/\/vapingnet.de\/\",\"logo\":{\"@type\":\"ImageObject\",\"inLanguage\":\"pl-PL\",\"@id\":\"https:\/\/vapingnet.de\/#\/schema\/logo\/image\/\",\"url\":\"https:\/\/vapingnet.de\/wp-content\/uploads\/2025\/03\/cropped-vapingnet.de_.jpg\",\"contentUrl\":\"https:\/\/vapingnet.de\/wp-content\/uploads\/2025\/03\/cropped-vapingnet.de_.jpg\",\"width\":512,\"height\":512,\"caption\":\"Vapingnet.de\"},\"image\":{\"@id\":\"https:\/\/vapingnet.de\/#\/schema\/logo\/image\/\"},\"sameAs\":[\"https:\/\/www.facebook.com\/vapingnetde\/\"]}]}<\/script>\n<!-- \/ Yoast SEO plugin. -->","yoast_head_json":{"title":"Vape mit Mesh-Coil & Erdbeer-Wassermelone \u2013 RandM 9000","description":"Jetzt RandM Tornado 9000 entdecken: Einweg E-Zigarette mit 9000 Z\u00fcgen, Mesh-Coil & fruchtigem Strawberry Watermelon Geschmack. Versand aus Deutschland.","robots":{"index":"index","follow":"follow","max-snippet":"max-snippet:-1","max-image-preview":"max-image-preview:large","max-video-preview":"max-video-preview:-1"},"canonical":"https:\/\/vapingnet.de\/pl\/vape\/randm-tornado-9000-hol-dir-strawberry-watermelon-zum-besten-grosshandelspreis\/","og_locale":"pl_PL","og_type":"article","og_title":"Vape mit Mesh-Coil & Erdbeer-Wassermelone \u2013 RandM 9000","og_description":"Jetzt RandM Tornado 9000 entdecken: Einweg E-Zigarette mit 9000 Z\u00fcgen, Mesh-Coil & fruchtigem Strawberry Watermelon Geschmack. Versand aus Deutschland.","og_url":"https:\/\/vapingnet.de\/pl\/vape\/randm-tornado-9000-hol-dir-strawberry-watermelon-zum-besten-grosshandelspreis\/","og_site_name":"Vapingnet.de","article_publisher":"https:\/\/www.facebook.com\/vapingnetde\/","article_modified_time":"2025-06-23T10:02:48+00:00","og_image":[{"width":1000,"height":1000,"url":"https:\/\/vapingnet.de\/wp-content\/uploads\/2025\/03\/randm_tornado_9000_strawberrywatermelon.webp","type":"image\/webp"}],"twitter_card":"summary_large_image","twitter_misc":{"Est. reading time":"3 minutes"},"schema":{"@context":"https:\/\/schema.org","@graph":[{"@type":"WebPage","@id":"https:\/\/vapingnet.de\/vape\/randm-tornado-9000-hol-dir-strawberry-watermelon-zum-besten-grosshandelspreis\/","url":"https:\/\/vapingnet.de\/vape\/randm-tornado-9000-hol-dir-strawberry-watermelon-zum-besten-grosshandelspreis\/","name":"Vape mit Mesh-Coil & Erdbeer-Wassermelone \u2013 RandM 9000","isPartOf":{"@id":"https:\/\/vapingnet.de\/#website"},"primaryImageOfPage":{"@id":"https:\/\/vapingnet.de\/vape\/randm-tornado-9000-hol-dir-strawberry-watermelon-zum-besten-grosshandelspreis\/#primaryimage"},"image":{"@id":"https:\/\/vapingnet.de\/vape\/randm-tornado-9000-hol-dir-strawberry-watermelon-zum-besten-grosshandelspreis\/#primaryimage"},"thumbnailUrl":"https:\/\/vapingnet.de\/wp-content\/uploads\/2025\/03\/randm_tornado_9000_strawberrywatermelon.webp","datePublished":"2025-03-11T07:25:03+00:00","dateModified":"2025-06-23T10:02:48+00:00","description":"Jetzt RandM Tornado 9000 entdecken: Einweg E-Zigarette mit 9000 Z\u00fcgen, Mesh-Coil & fruchtigem Strawberry Watermelon Geschmack. Versand aus Deutschland.","breadcrumb":{"@id":"https:\/\/vapingnet.de\/vape\/randm-tornado-9000-hol-dir-strawberry-watermelon-zum-besten-grosshandelspreis\/#breadcrumb"},"inLanguage":"pl-PL","potentialAction":[{"@type":"ReadAction","target":["https:\/\/vapingnet.de\/vape\/randm-tornado-9000-hol-dir-strawberry-watermelon-zum-besten-grosshandelspreis\/"]}]},{"@type":"ImageObject","inLanguage":"pl-PL","@id":"https:\/\/vapingnet.de\/vape\/randm-tornado-9000-hol-dir-strawberry-watermelon-zum-besten-grosshandelspreis\/#primaryimage","url":"https:\/\/vapingnet.de\/wp-content\/uploads\/2025\/03\/randm_tornado_9000_strawberrywatermelon.webp","contentUrl":"https:\/\/vapingnet.de\/wp-content\/uploads\/2025\/03\/randm_tornado_9000_strawberrywatermelon.webp","width":1000,"height":1000,"caption":"randm_tornado_9000_strawberrywatermelon"},{"@type":"BreadcrumbList","@id":"https:\/\/vapingnet.de\/vape\/randm-tornado-9000-hol-dir-strawberry-watermelon-zum-besten-grosshandelspreis\/#breadcrumb","itemListElement":[{"@type":"ListItem","position":1,"name":"Home","item":"https:\/\/vapingnet.de\/"},{"@type":"ListItem","position":2,"name":"Shop","item":"https:\/\/vapingnet.de\/vape\/"},{"@type":"ListItem","position":3,"name":"RandM Tornado 9000 Hol dir Strawberry Watermelon zum besten Gro\u00dfhandelspreis"}]},{"@type":"WebSite","@id":"https:\/\/vapingnet.de\/#website","url":"https:\/\/vapingnet.de\/","name":"Vapingnet.de","description":"","publisher":{"@id":"https:\/\/vapingnet.de\/#organization"},"potentialAction":[{"@type":"SearchAction","target":{"@type":"EntryPoint","urlTemplate":"https:\/\/vapingnet.de\/?s={search_term_string}"},"query-input":{"@type":"PropertyValueSpecification","valueRequired":true,"valueName":"search_term_string"}}],"inLanguage":"pl-PL"},{"@type":"Organization","@id":"https:\/\/vapingnet.de\/#organization","name":"Vapingnet.de","url":"https:\/\/vapingnet.de\/","logo":{"@type":"ImageObject","inLanguage":"pl-PL","@id":"https:\/\/vapingnet.de\/#\/schema\/logo\/image\/","url":"https:\/\/vapingnet.de\/wp-content\/uploads\/2025\/03\/cropped-vapingnet.de_.jpg","contentUrl":"https:\/\/vapingnet.de\/wp-content\/uploads\/2025\/03\/cropped-vapingnet.de_.jpg","width":512,"height":512,"caption":"Vapingnet.de"},"image":{"@id":"https:\/\/vapingnet.de\/#\/schema\/logo\/image\/"},"sameAs":["https:\/\/www.facebook.com\/vapingnetde\/"]}]}},"tiered_pricing_type":"fixed","tiered_pricing_fixed_rules":{"10":"9.22","50":"8.30","110":"7.84","210":"7.38","510":"6.92","1100":"6.45"},"tiered_pricing_product_settings":{"layout":"default","base_unit_name":{"singular":null,"plural":null},"default_variation":null},"tiered_pricing_minimum_quantity":null,"tiered_pricing_roles_data":[],"tiered_pricing_percentage_rules":[],"_links":{"self":[{"href":"https:\/\/vapingnet.de\/pl\/wp-json\/wp\/v2\/product\/5001","targetHints":{"allow":["GET"]}}],"collection":[{"href":"https:\/\/vapingnet.de\/pl\/wp-json\/wp\/v2\/product"}],"about":[{"href":"https:\/\/vapingnet.de\/pl\/wp-json\/wp\/v2\/types\/product"}],"version-history":[{"count":4,"href":"https:\/\/vapingnet.de\/pl\/wp-json\/wp\/v2\/product\/5001\/revisions"}],"predecessor-version":[{"id":7228,"href":"https:\/\/vapingnet.de\/pl\/wp-json\/wp\/v2\/product\/5001\/revisions\/7228"}],"wp:featuredmedia":[{"embeddable":true,"href":"https:\/\/vapingnet.de\/pl\/wp-json\/wp\/v2\/media\/5002"}],"wp:attachment":[{"href":"https:\/\/vapingnet.de\/pl\/wp-json\/wp\/v2\/media?parent=5001"}],"wp:term":[{"taxonomy":"brand","embeddable":true,"href":"https:\/\/vapingnet.de\/pl\/wp-json\/wp\/v2\/etheme_brands?post=5001"},{"taxonomy":"product_brand","embeddable":true,"href":"https:\/\/vapingnet.de\/pl\/wp-json\/wp\/v2\/product_brand?post=5001"},{"taxonomy":"product_cat","embeddable":true,"href":"https:\/\/vapingnet.de\/pl\/wp-json\/wp\/v2\/product_cat?post=5001"},{"taxonomy":"product_tag","embeddable":true,"href":"https:\/\/vapingnet.de\/pl\/wp-json\/wp\/v2\/product_tag?post=5001"}],"curies":[{"name":"wp","href":"https:\/\/api.w.org\/{rel}","templated":true}]}}