{"id":5005,"date":"2025-03-11T07:32:49","date_gmt":"2025-03-11T07:32:49","guid":{"rendered":"https:\/\/vapingnet.de\/?post_type=product&#038;p=5005"},"modified":"2025-06-23T10:12:47","modified_gmt":"2025-06-23T10:12:47","slug":"randm-tornado-9000-vimto-direkt-ab-werk-zu-top-preisen","status":"publish","type":"product","link":"https:\/\/vapingnet.de\/pl\/vape\/randm-tornado-9000-vimto-direkt-ab-werk-zu-top-preisen\/","title":{"rendered":"RandM Tornado 9000 VimTo bezpo\u015brednio z fabryki w najlepszych cenach"},"content":{"rendered":"<h2 data-start=\"75\" data-end=\"161\">RandM Tornado 9000 E-papieros \u2013 wydajny jednorazowy vape z innowacyjnym designem<\/h2>\n<p data-start=\"200\" data-end=\"545\" data-immersive-translate-walked=\"a55bea22-ed02-4d26-9682-3e039c178440\" data-immersive-translate-paragraph=\"1\">RandM Tornado 9000 to nowoczesny <a href=\"https:\/\/vapingnet.de\/pl\/k\/einweg-e-zigarette\/\" target=\"_blank\" rel=\"noopener\"><strong>Jednorazowa e-papieros<\/strong><\/a>, kt\u00f3ry dzi\u0119ki du\u017cemu zbiornikowi 18ml i mocnemu akumulatorowi 850mAh (\u0142adowanie Type-C) umo\u017cliwia do 9000 poci\u0105gni\u0119\u0107. Urz\u0105dzenie zachwyca nie tylko d\u0142ugim czasem u\u017cytkowania, ale tak\u017ce unikalnym designem z dynamicznymi efektami \u015bwietlnymi RGB, kt\u00f3re zmieniaj\u0105 kolor przy ka\u017cdym poci\u0105gni\u0119ciu.<\/p>\n<h4 data-start=\"552\" data-end=\"589\" data-immersive-translate-walked=\"a55bea22-ed02-4d26-9682-3e039c178440\" data-immersive-translate-paragraph=\"1\">Najwa\u017cniejsze funkcje w szczeg\u00f3\u0142ach<\/h4>\n<ul>\n<li data-start=\"591\" data-end=\"637\" data-immersive-translate-walked=\"a55bea22-ed02-4d26-9682-3e039c178440\" data-immersive-translate-paragraph=\"1\">Wydajny akumulator i du\u017ca pojemno\u015b\u0107<br \/>\nZ akumulatorem 850mAh i pojemno\u015bci\u0105 liquidu 18ml, zapewnia d\u0142ugotrwa\u0142e do\u015bwiadczenie vapowania. Szybkie \u0142adowanie przez Type-C, wystarczy 5 do 15 minut, aby przygotowa\u0107 urz\u0105dzenie na 1 do 2 tygodni u\u017cytkowania.<\/li>\n<li data-start=\"870\" data-end=\"916\" data-immersive-translate-walked=\"a55bea22-ed02-4d26-9682-3e039c178440\" data-immersive-translate-paragraph=\"1\">Innowacyjny design z efektami \u015bwietlnymi RGB<br \/>\nDesign nawi\u0105zuje do estetyki obcych z animacji Mars Attack. Kolorowe diody RGB reaguj\u0105 na ka\u017cdy poci\u0105gni\u0119cie i zamieniaj\u0105 vapowanie w wizualne do\u015bwiadczenie.<\/li>\n<li data-start=\"1098\" data-end=\"1128\" data-immersive-translate-walked=\"a55bea22-ed02-4d26-9682-3e039c178440\" data-immersive-translate-paragraph=\"1\">Do\u015bwiadczenie smakowe VimTo<br \/>\nPo\u0142\u0105czenie s\u0142odkich winogron, orze\u017awiaj\u0105cej limonki i \u015bwie\u017cego mi\u0119towego akcentu zapewnia niepowtarzalny aromat. Technologia mesh-coil 0,8 ohma gwarantuje g\u0119sty, aromatyczny dym.<\/li>\n<li data-start=\"1331\" data-end=\"1355\" data-immersive-translate-walked=\"a55bea22-ed02-4d26-9682-3e039c178440\" data-immersive-translate-paragraph=\"1\">Prosta obs\u0142uga<br \/>\nAktywacja poci\u0105gni\u0119ciem dzia\u0142a bez przycisk\u00f3w. Dzi\u0119ki regulowanemu dop\u0142ywowi powietrza ka\u017cdy u\u017cytkownik mo\u017ce indywidualnie dostosowa\u0107 ilo\u015b\u0107 dymu. Umiarkowane st\u0119\u017cenie nikotyny 2% zapewnia przyjemne i delikatne zaspokojenie.<\/li>\n<\/ul>\n<h3 data-start=\"1577\" data-end=\"1623\" data-immersive-translate-walked=\"a55bea22-ed02-4d26-9682-3e039c178440\" data-immersive-translate-paragraph=\"1\">Dla kogo jest RandM Tornado 9000?<\/h3>\n<ul data-start=\"1625\" data-end=\"1881\" data-immersive-translate-walked=\"a55bea22-ed02-4d26-9682-3e039c178440\">\n<li data-start=\"1625\" data-end=\"1681\" data-immersive-translate-walked=\"a55bea22-ed02-4d26-9682-3e039c178440\">\n<p data-start=\"1627\" data-end=\"1681\" data-immersive-translate-walked=\"a55bea22-ed02-4d26-9682-3e039c178440\" data-immersive-translate-paragraph=\"1\">Pocz\u0105tkuj\u0105cy vapery szukaj\u0105cy prostego komfortu<\/p>\n<\/li>\n<li data-start=\"1682\" data-end=\"1755\" data-immersive-translate-walked=\"a55bea22-ed02-4d26-9682-3e039c178440\">\n<p data-start=\"1684\" data-end=\"1755\" data-immersive-translate-walked=\"a55bea22-ed02-4d26-9682-3e039c178440\" data-immersive-translate-paragraph=\"1\">U\u017cytkownicy ceni\u0105cy trwa\u0142e akumulatory i du\u017c\u0105 pojemno\u015b\u0107 liquidu<\/p>\n<\/li>\n<li data-start=\"1756\" data-end=\"1819\" data-immersive-translate-walked=\"a55bea22-ed02-4d26-9682-3e039c178440\">\n<p data-start=\"1758\" data-end=\"1819\" data-immersive-translate-walked=\"a55bea22-ed02-4d26-9682-3e039c178440\" data-immersive-translate-paragraph=\"1\">Mi\u0142o\u015bnicy designu, kt\u00f3rzy lubi\u0105 wyr\u00f3\u017cnia\u0107 si\u0119 stylowymi urz\u0105dzeniami<\/p>\n<\/li>\n<li data-start=\"1820\" data-end=\"1881\" data-immersive-translate-walked=\"a55bea22-ed02-4d26-9682-3e039c178440\">\n<p data-start=\"1822\" data-end=\"1881\" data-immersive-translate-walked=\"a55bea22-ed02-4d26-9682-3e039c178440\" data-immersive-translate-paragraph=\"1\">Ludzie szukaj\u0105cy urz\u0105dzenia na podr\u00f3\u017ce i w drodze<\/p>\n<\/li>\n<\/ul>\n<h4 data-start=\"1888\" data-end=\"1935\" data-immersive-translate-walked=\"a55bea22-ed02-4d26-9682-3e039c178440\" data-immersive-translate-paragraph=\"1\">Gdzie i jak zam\u00f3wi\u0107 RandM Tornado 9000?<\/h4>\n<p data-start=\"1937\" data-end=\"2180\" data-immersive-translate-walked=\"a55bea22-ed02-4d26-9682-3e039c178440\" data-immersive-translate-paragraph=\"1\">Ten <a href=\"https:\/\/vapingnet.de\/pl\/randm-tornado-9000\/\" target=\"_blank\" rel=\"noopener\"><strong>RandM Tornado 9000<\/strong><\/a> jest dost\u0119pny wy\u0142\u0105cznie w vapingnet.de. Tam skorzystasz z szybkiej dostawy z Deutschland i profesjonalnej obs\u0142ugi klienta. Urz\u0105dzenie jest gotowe do u\u017cycia \u2013 wystarczy zam\u00f3wi\u0107, na\u0142adowa\u0107 i cieszy\u0107 si\u0119 vapowaniem.<\/p>\n<h4 data-start=\"2187\" data-end=\"2274\" data-immersive-translate-walked=\"a55bea22-ed02-4d26-9682-3e039c178440\" data-immersive-translate-paragraph=\"1\">RandM Tornado 9000 \u2013 po\u0142\u0105czenie mocy, smaku i stylu<\/h4>\n<p data-start=\"2276\" data-end=\"2481\" data-immersive-translate-walked=\"a55bea22-ed02-4d26-9682-3e039c178440\" data-immersive-translate-paragraph=\"1\">Z trwa\u0142ym akumulatorem, du\u017cym zbiornikiem na liquid, imponuj\u0105cym designem i intensywnym smakiem VimTo, RandM Tornado 9000 to idealny wyb\u00f3r dla tych, kt\u00f3rzy chc\u0105 podnie\u015b\u0107 poziom jednorazowych vape'\u00f3w na nowy poziom.<\/p>","protected":false},"excerpt":{"rendered":"<p>Wysokiej jako\u015bci elektroniczne papierosy\ud83d\udd25, wysy\u0142ka bezpo\u015brednio z magazynu w Bremie, dostawa w ci\u0105gu 2-4 dni!<\/p>","protected":false},"featured_media":5006,"template":"","meta":[],"etheme_brands":[],"product_brand":[96],"product_cat":[52,59,49,61],"product_tag":[],"class_list":{"0":"post-5005","1":"product","2":"type-product","3":"status-publish","4":"has-post-thumbnail","6":"product_brand-randm-vape","7":"product_cat-vape-9000-zuege","8":"product_cat-de","9":"product_cat-einweg-e-zigarette","10":"product_cat-f","12":"first","13":"instock","14":"shipping-taxable","15":"purchasable","16":"product-type-simple"},"yoast_head":"<!-- This site is optimized with the Yoast SEO plugin v26.5 - https:\/\/yoast.com\/wordpress\/plugins\/seo\/ -->\n<title>RandM Tornado 9000 \u2013 Einweg E-Zigarette mit gro\u00dfer Liquidkapazit\u00e4t<\/title>\n<meta name=\"description\" content=\"Entdecken Sie die RandM Tornado 9000 mit bis zu 9000 Z\u00fcgen, 18ml Liquid und starkem 850mAh Akku. Frischer Geschmack und modernes Design bei vapingnet.de.\" \/>\n<meta name=\"robots\" content=\"index, follow, max-snippet:-1, max-image-preview:large, max-video-preview:-1\" \/>\n<link rel=\"canonical\" href=\"https:\/\/vapingnet.de\/pl\/vape\/randm-tornado-9000-vimto-direkt-ab-werk-zu-top-preisen\/\" \/>\n<meta property=\"og:locale\" content=\"pl_PL\" \/>\n<meta property=\"og:type\" content=\"article\" \/>\n<meta property=\"og:title\" content=\"RandM Tornado 9000 \u2013 Einweg E-Zigarette mit gro\u00dfer Liquidkapazit\u00e4t\" \/>\n<meta property=\"og:description\" content=\"Entdecken Sie die RandM Tornado 9000 mit bis zu 9000 Z\u00fcgen, 18ml Liquid und starkem 850mAh Akku. Frischer Geschmack und modernes Design bei vapingnet.de.\" \/>\n<meta property=\"og:url\" content=\"https:\/\/vapingnet.de\/pl\/vape\/randm-tornado-9000-vimto-direkt-ab-werk-zu-top-preisen\/\" \/>\n<meta property=\"og:site_name\" content=\"Vapingnet.de\" \/>\n<meta property=\"article:publisher\" content=\"https:\/\/www.facebook.com\/vapingnetde\/\" \/>\n<meta property=\"article:modified_time\" content=\"2025-06-23T10:12:47+00:00\" \/>\n<meta property=\"og:image\" content=\"https:\/\/vapingnet.de\/wp-content\/uploads\/2025\/03\/randm_tornado_9000_vimto.webp\" \/>\n\t<meta property=\"og:image:width\" content=\"1000\" \/>\n\t<meta property=\"og:image:height\" content=\"955\" \/>\n\t<meta property=\"og:image:type\" content=\"image\/webp\" \/>\n<meta name=\"twitter:card\" content=\"summary_large_image\" \/>\n<meta name=\"twitter:label1\" content=\"Est. reading time\" \/>\n\t<meta name=\"twitter:data1\" content=\"2 minutes\" \/>\n<script type=\"application\/ld+json\" class=\"yoast-schema-graph\">{\"@context\":\"https:\/\/schema.org\",\"@graph\":[{\"@type\":\"WebPage\",\"@id\":\"https:\/\/vapingnet.de\/vape\/randm-tornado-9000-vimto-direkt-ab-werk-zu-top-preisen\/\",\"url\":\"https:\/\/vapingnet.de\/vape\/randm-tornado-9000-vimto-direkt-ab-werk-zu-top-preisen\/\",\"name\":\"RandM Tornado 9000 \u2013 Einweg E-Zigarette mit gro\u00dfer Liquidkapazit\u00e4t\",\"isPartOf\":{\"@id\":\"https:\/\/vapingnet.de\/#website\"},\"primaryImageOfPage\":{\"@id\":\"https:\/\/vapingnet.de\/vape\/randm-tornado-9000-vimto-direkt-ab-werk-zu-top-preisen\/#primaryimage\"},\"image\":{\"@id\":\"https:\/\/vapingnet.de\/vape\/randm-tornado-9000-vimto-direkt-ab-werk-zu-top-preisen\/#primaryimage\"},\"thumbnailUrl\":\"https:\/\/vapingnet.de\/wp-content\/uploads\/2025\/03\/randm_tornado_9000_vimto.webp\",\"datePublished\":\"2025-03-11T07:32:49+00:00\",\"dateModified\":\"2025-06-23T10:12:47+00:00\",\"description\":\"Entdecken Sie die RandM Tornado 9000 mit bis zu 9000 Z\u00fcgen, 18ml Liquid und starkem 850mAh Akku. Frischer Geschmack und modernes Design bei vapingnet.de.\",\"breadcrumb\":{\"@id\":\"https:\/\/vapingnet.de\/vape\/randm-tornado-9000-vimto-direkt-ab-werk-zu-top-preisen\/#breadcrumb\"},\"inLanguage\":\"pl-PL\",\"potentialAction\":[{\"@type\":\"ReadAction\",\"target\":[\"https:\/\/vapingnet.de\/vape\/randm-tornado-9000-vimto-direkt-ab-werk-zu-top-preisen\/\"]}]},{\"@type\":\"ImageObject\",\"inLanguage\":\"pl-PL\",\"@id\":\"https:\/\/vapingnet.de\/vape\/randm-tornado-9000-vimto-direkt-ab-werk-zu-top-preisen\/#primaryimage\",\"url\":\"https:\/\/vapingnet.de\/wp-content\/uploads\/2025\/03\/randm_tornado_9000_vimto.webp\",\"contentUrl\":\"https:\/\/vapingnet.de\/wp-content\/uploads\/2025\/03\/randm_tornado_9000_vimto.webp\",\"width\":1000,\"height\":955,\"caption\":\"randm_tornado_9000_vimto\"},{\"@type\":\"BreadcrumbList\",\"@id\":\"https:\/\/vapingnet.de\/vape\/randm-tornado-9000-vimto-direkt-ab-werk-zu-top-preisen\/#breadcrumb\",\"itemListElement\":[{\"@type\":\"ListItem\",\"position\":1,\"name\":\"Home\",\"item\":\"https:\/\/vapingnet.de\/\"},{\"@type\":\"ListItem\",\"position\":2,\"name\":\"Shop\",\"item\":\"https:\/\/vapingnet.de\/vape\/\"},{\"@type\":\"ListItem\",\"position\":3,\"name\":\"RandM Tornado 9000 VimTo direkt ab Werk zu Top-Preisen\"}]},{\"@type\":\"WebSite\",\"@id\":\"https:\/\/vapingnet.de\/#website\",\"url\":\"https:\/\/vapingnet.de\/\",\"name\":\"Vapingnet.de\",\"description\":\"\",\"publisher\":{\"@id\":\"https:\/\/vapingnet.de\/#organization\"},\"potentialAction\":[{\"@type\":\"SearchAction\",\"target\":{\"@type\":\"EntryPoint\",\"urlTemplate\":\"https:\/\/vapingnet.de\/?s={search_term_string}\"},\"query-input\":{\"@type\":\"PropertyValueSpecification\",\"valueRequired\":true,\"valueName\":\"search_term_string\"}}],\"inLanguage\":\"pl-PL\"},{\"@type\":\"Organization\",\"@id\":\"https:\/\/vapingnet.de\/#organization\",\"name\":\"Vapingnet.de\",\"url\":\"https:\/\/vapingnet.de\/\",\"logo\":{\"@type\":\"ImageObject\",\"inLanguage\":\"pl-PL\",\"@id\":\"https:\/\/vapingnet.de\/#\/schema\/logo\/image\/\",\"url\":\"https:\/\/vapingnet.de\/wp-content\/uploads\/2025\/03\/cropped-vapingnet.de_.jpg\",\"contentUrl\":\"https:\/\/vapingnet.de\/wp-content\/uploads\/2025\/03\/cropped-vapingnet.de_.jpg\",\"width\":512,\"height\":512,\"caption\":\"Vapingnet.de\"},\"image\":{\"@id\":\"https:\/\/vapingnet.de\/#\/schema\/logo\/image\/\"},\"sameAs\":[\"https:\/\/www.facebook.com\/vapingnetde\/\"]}]}<\/script>\n<!-- \/ Yoast SEO plugin. -->","yoast_head_json":{"title":"RandM Tornado 9000 \u2013 Einweg E-Zigarette mit gro\u00dfer Liquidkapazit\u00e4t","description":"Entdecken Sie die RandM Tornado 9000 mit bis zu 9000 Z\u00fcgen, 18ml Liquid und starkem 850mAh Akku. Frischer Geschmack und modernes Design bei vapingnet.de.","robots":{"index":"index","follow":"follow","max-snippet":"max-snippet:-1","max-image-preview":"max-image-preview:large","max-video-preview":"max-video-preview:-1"},"canonical":"https:\/\/vapingnet.de\/pl\/vape\/randm-tornado-9000-vimto-direkt-ab-werk-zu-top-preisen\/","og_locale":"pl_PL","og_type":"article","og_title":"RandM Tornado 9000 \u2013 Einweg E-Zigarette mit gro\u00dfer Liquidkapazit\u00e4t","og_description":"Entdecken Sie die RandM Tornado 9000 mit bis zu 9000 Z\u00fcgen, 18ml Liquid und starkem 850mAh Akku. Frischer Geschmack und modernes Design bei vapingnet.de.","og_url":"https:\/\/vapingnet.de\/pl\/vape\/randm-tornado-9000-vimto-direkt-ab-werk-zu-top-preisen\/","og_site_name":"Vapingnet.de","article_publisher":"https:\/\/www.facebook.com\/vapingnetde\/","article_modified_time":"2025-06-23T10:12:47+00:00","og_image":[{"width":1000,"height":955,"url":"https:\/\/vapingnet.de\/wp-content\/uploads\/2025\/03\/randm_tornado_9000_vimto.webp","type":"image\/webp"}],"twitter_card":"summary_large_image","twitter_misc":{"Est. reading time":"2 minutes"},"schema":{"@context":"https:\/\/schema.org","@graph":[{"@type":"WebPage","@id":"https:\/\/vapingnet.de\/vape\/randm-tornado-9000-vimto-direkt-ab-werk-zu-top-preisen\/","url":"https:\/\/vapingnet.de\/vape\/randm-tornado-9000-vimto-direkt-ab-werk-zu-top-preisen\/","name":"RandM Tornado 9000 \u2013 Einweg E-Zigarette mit gro\u00dfer Liquidkapazit\u00e4t","isPartOf":{"@id":"https:\/\/vapingnet.de\/#website"},"primaryImageOfPage":{"@id":"https:\/\/vapingnet.de\/vape\/randm-tornado-9000-vimto-direkt-ab-werk-zu-top-preisen\/#primaryimage"},"image":{"@id":"https:\/\/vapingnet.de\/vape\/randm-tornado-9000-vimto-direkt-ab-werk-zu-top-preisen\/#primaryimage"},"thumbnailUrl":"https:\/\/vapingnet.de\/wp-content\/uploads\/2025\/03\/randm_tornado_9000_vimto.webp","datePublished":"2025-03-11T07:32:49+00:00","dateModified":"2025-06-23T10:12:47+00:00","description":"Entdecken Sie die RandM Tornado 9000 mit bis zu 9000 Z\u00fcgen, 18ml Liquid und starkem 850mAh Akku. Frischer Geschmack und modernes Design bei vapingnet.de.","breadcrumb":{"@id":"https:\/\/vapingnet.de\/vape\/randm-tornado-9000-vimto-direkt-ab-werk-zu-top-preisen\/#breadcrumb"},"inLanguage":"pl-PL","potentialAction":[{"@type":"ReadAction","target":["https:\/\/vapingnet.de\/vape\/randm-tornado-9000-vimto-direkt-ab-werk-zu-top-preisen\/"]}]},{"@type":"ImageObject","inLanguage":"pl-PL","@id":"https:\/\/vapingnet.de\/vape\/randm-tornado-9000-vimto-direkt-ab-werk-zu-top-preisen\/#primaryimage","url":"https:\/\/vapingnet.de\/wp-content\/uploads\/2025\/03\/randm_tornado_9000_vimto.webp","contentUrl":"https:\/\/vapingnet.de\/wp-content\/uploads\/2025\/03\/randm_tornado_9000_vimto.webp","width":1000,"height":955,"caption":"randm_tornado_9000_vimto"},{"@type":"BreadcrumbList","@id":"https:\/\/vapingnet.de\/vape\/randm-tornado-9000-vimto-direkt-ab-werk-zu-top-preisen\/#breadcrumb","itemListElement":[{"@type":"ListItem","position":1,"name":"Home","item":"https:\/\/vapingnet.de\/"},{"@type":"ListItem","position":2,"name":"Shop","item":"https:\/\/vapingnet.de\/vape\/"},{"@type":"ListItem","position":3,"name":"RandM Tornado 9000 VimTo direkt ab Werk zu Top-Preisen"}]},{"@type":"WebSite","@id":"https:\/\/vapingnet.de\/#website","url":"https:\/\/vapingnet.de\/","name":"Vapingnet.de","description":"","publisher":{"@id":"https:\/\/vapingnet.de\/#organization"},"potentialAction":[{"@type":"SearchAction","target":{"@type":"EntryPoint","urlTemplate":"https:\/\/vapingnet.de\/?s={search_term_string}"},"query-input":{"@type":"PropertyValueSpecification","valueRequired":true,"valueName":"search_term_string"}}],"inLanguage":"pl-PL"},{"@type":"Organization","@id":"https:\/\/vapingnet.de\/#organization","name":"Vapingnet.de","url":"https:\/\/vapingnet.de\/","logo":{"@type":"ImageObject","inLanguage":"pl-PL","@id":"https:\/\/vapingnet.de\/#\/schema\/logo\/image\/","url":"https:\/\/vapingnet.de\/wp-content\/uploads\/2025\/03\/cropped-vapingnet.de_.jpg","contentUrl":"https:\/\/vapingnet.de\/wp-content\/uploads\/2025\/03\/cropped-vapingnet.de_.jpg","width":512,"height":512,"caption":"Vapingnet.de"},"image":{"@id":"https:\/\/vapingnet.de\/#\/schema\/logo\/image\/"},"sameAs":["https:\/\/www.facebook.com\/vapingnetde\/"]}]}},"tiered_pricing_type":"fixed","tiered_pricing_fixed_rules":{"10":"9.22","50":"8.30","110":"7.84","210":"7.38","510":"6.92","1100":"6.45"},"tiered_pricing_product_settings":{"layout":"default","base_unit_name":{"singular":null,"plural":null},"default_variation":null},"tiered_pricing_minimum_quantity":null,"tiered_pricing_roles_data":[],"tiered_pricing_percentage_rules":[],"_links":{"self":[{"href":"https:\/\/vapingnet.de\/pl\/wp-json\/wp\/v2\/product\/5005","targetHints":{"allow":["GET"]}}],"collection":[{"href":"https:\/\/vapingnet.de\/pl\/wp-json\/wp\/v2\/product"}],"about":[{"href":"https:\/\/vapingnet.de\/pl\/wp-json\/wp\/v2\/types\/product"}],"version-history":[{"count":3,"href":"https:\/\/vapingnet.de\/pl\/wp-json\/wp\/v2\/product\/5005\/revisions"}],"predecessor-version":[{"id":7230,"href":"https:\/\/vapingnet.de\/pl\/wp-json\/wp\/v2\/product\/5005\/revisions\/7230"}],"wp:featuredmedia":[{"embeddable":true,"href":"https:\/\/vapingnet.de\/pl\/wp-json\/wp\/v2\/media\/5006"}],"wp:attachment":[{"href":"https:\/\/vapingnet.de\/pl\/wp-json\/wp\/v2\/media?parent=5005"}],"wp:term":[{"taxonomy":"brand","embeddable":true,"href":"https:\/\/vapingnet.de\/pl\/wp-json\/wp\/v2\/etheme_brands?post=5005"},{"taxonomy":"product_brand","embeddable":true,"href":"https:\/\/vapingnet.de\/pl\/wp-json\/wp\/v2\/product_brand?post=5005"},{"taxonomy":"product_cat","embeddable":true,"href":"https:\/\/vapingnet.de\/pl\/wp-json\/wp\/v2\/product_cat?post=5005"},{"taxonomy":"product_tag","embeddable":true,"href":"https:\/\/vapingnet.de\/pl\/wp-json\/wp\/v2\/product_tag?post=5005"}],"curies":[{"name":"wp","href":"https:\/\/api.w.org\/{rel}","templated":true}]}}