{"id":5099,"date":"2025-03-12T03:41:54","date_gmt":"2025-03-12T03:41:54","guid":{"rendered":"https:\/\/vapingnet.de\/?post_type=product&#038;p=5099"},"modified":"2026-03-12T08:36:19","modified_gmt":"2026-03-12T08:36:19","slug":"entdecken-sie-bang-king-digital-15000-puffs-schnell-geliefert-zu-top-grosshandelspreisen","status":"publish","type":"product","link":"https:\/\/vapingnet.de\/pl\/vape\/entdecken-sie-bang-king-digital-15000-puffs-schnell-geliefert-zu-top-grosshandelspreisen\/","title":{"rendered":"Odkryj Bang King Digital 15000 Puffs Szybka dostawa w najlepszych cenach hurtowych"},"content":{"rendered":"<table style=\"height: 619px;\" width=\"1737\" data-start=\"690\" data-end=\"1977\">\n<thead data-start=\"690\" data-end=\"781\">\n<tr data-start=\"690\" data-end=\"781\">\n<th data-start=\"690\" data-end=\"716\">W\u0142a\u015bciwo\u015b\u0107<\/th>\n<th data-start=\"716\" data-end=\"781\">Szczeg\u00f3\u0142y<\/th>\n<\/tr>\n<\/thead>\n<tbody data-start=\"873\" data-end=\"1977\">\n<tr data-start=\"873\" data-end=\"1008\">\n<td>\u017bywotno\u015b\u0107<\/td>\n<td>15000 poci\u0105gni\u0119\u0107 z 25ml liquidu, idealne do d\u0142ugotrwa\u0142ego u\u017cytkowania i rzadszego uzupe\u0142niania.<\/td>\n<\/tr>\n<tr data-start=\"1009\" data-end=\"1165\">\n<td>Wyb\u00f3r aromat\u00f3w<\/td>\n<td>Truskawka Kiwi, Podw\u00f3jne Jab\u0142ko, Brzoskwinia Mango, R\u00f3\u017cowa Lemoniada, Potr\u00f3jne Owoce \u2013 dla ka\u017cdego co\u015b mi\u0142ego.<\/td>\n<\/tr>\n<tr data-start=\"1166\" data-end=\"1299\">\n<td>Koncentrat nikotyny<\/td>\n<td>Wyb\u00f3r: 0%, 2%, 3%, 5% (dla 0% i 3% wymaga si\u0119 zam\u00f3wienia zbiorczego).<\/td>\n<\/tr>\n<tr data-start=\"1300\" data-end=\"1429\">\n<td>Efekty \u015bwietlne<\/td>\n<td>Wbudowane efekty \u015bwietlne RGB, kt\u00f3re zapewniaj\u0105 spektakularne wra\u017cenia wizualne przy ka\u017cdym poci\u0105gni\u0119ciu.<\/td>\n<\/tr>\n<tr data-start=\"1430\" data-end=\"1564\">\n<td>Typ cewki<\/td>\n<td>Cewka Mesh 0,8 Ohm, umo\u017cliwia efektywne odparowywanie dla intensywnego dymu i czystego smaku.<\/td>\n<\/tr>\n<tr data-start=\"1565\" data-end=\"1681\">\n<td>Bateria i \u0142adowanie<\/td>\n<td>Akumulator 650mAh z portem \u0142adowania Type-C, zapewniaj\u0105cy szybkie \u0142adowanie i d\u0142ugotrwa\u0142e u\u017cytkowanie.<\/td>\n<\/tr>\n<tr data-start=\"1682\" data-end=\"1769\">\n<td>Waga<\/td>\n<td>Lekki i por\u0119czny, wa\u017cy tylko 90g, idealny na wycieczki.<\/td>\n<\/tr>\n<tr data-start=\"1770\" data-end=\"1872\">\n<td>Bez c\u0142a<\/td>\n<td>Wysy\u0142ka bezpo\u015brednio z Deutschland, bezc\u0142owa, bez dodatkowych op\u0142at.<\/td>\n<\/tr>\n<tr data-start=\"1873\" data-end=\"1977\">\n<td>Czas dostawy<\/td>\n<td>Szybka dostawa w ci\u0105gu 2-4 dni, aby\u015b m\u00f3g\u0142 otrzyma\u0107 produkt w kr\u00f3tkim czasie.<\/td>\n<\/tr>\n<\/tbody>\n<\/table>\n<h2 data-start=\"0\" data-end=\"120\">Bang King Digital 15000 Puffs: Nast\u0119pna generacja jednorazowych e-papieros\u00f3w dla wyj\u0105tkowych dozna\u0144<\/h2>\n<p data-start=\"122\" data-end=\"658\">Bang King Digital 15000 Puffs to e-papieros nowej generacji, \u0142\u0105cz\u0105cy zaawansowan\u0105 technologi\u0119 i efektowny design. Zosta\u0142 specjalnie opracowany dla palaczy poszukuj\u0105cych najwy\u017cszej jako\u015bci do\u015bwiadczenia. Niezale\u017cnie od tego, czy jeste\u015b pocz\u0105tkuj\u0105cy, czy do\u015bwiadczonym palaczem, ten e-papieros spe\u0142ni wszystkie Twoje oczekiwania dotycz\u0105ce smaku, \u017cywotno\u015bci i indywidualizacji. Jego innowacyjny design, szeroki wyb\u00f3r aromat\u00f3w i niezwykle d\u0142ugi czas u\u017cytkowania zrewolucjonizuj\u0105 Twoje do\u015bwiadczenie palenia.<\/p>\n<p>&nbsp;<\/p>\n<h3 data-start=\"1984\" data-end=\"2053\">Bang King Digital 15000 Puffs \u2013 Ostateczne doznanie dla palaczy<\/h3>\n<ol data-start=\"2055\" data-end=\"3801\">\n<li data-start=\"2055\" data-end=\"2281\">\n<p data-start=\"2058\" data-end=\"2281\">Trwa\u0142o\u015b\u0107: Z 15000 poci\u0105gni\u0119ciami i 25ml liquidu ta elektroniczna papieros zapewnia d\u0142ugi czas u\u017cytkowania. Nie musisz si\u0119 martwi\u0107 o cz\u0119ste uzupe\u0142nianie i mo\u017cesz skupi\u0107 si\u0119 na pe\u0142nym korzystaniu z przyjemno\u015bci.<\/p>\n<\/li>\n<li data-start=\"2283\" data-end=\"2605\">\n<p data-start=\"2286\" data-end=\"2605\">Wszechstronne aromaty: Niezale\u017cnie od tego, czy wolisz \u015bwie\u017cy smak truskawki z kiwi, czy klasycznego Double Apple \u2013 Bang King Digital ma idealny aromat dla ka\u017cdego palacza. Ka\u017cdy aromat jest starannie dopracowany, aby zapewni\u0107 czyste i autentyczne doznania smakowe.<\/p>\n<\/li>\n<li data-start=\"2607\" data-end=\"2923\">\n<p data-start=\"2610\" data-end=\"2923\">Efekty \u015bwietlne RGB: Bang King Digital to nie tylko funkcjonalny produkt, ale tak\u017ce prawdziwa ozdoba. Dzi\u0119ki imponuj\u0105cym efektom \u015bwietlnym RGB ka\u017cdy poci\u0105gni\u0119cie zapewnia ekscytuj\u0105ce wra\u017cenia wizualne. Na imprezie lub spotkaniu z przyjaci\u00f3\u0142mi przyci\u0105ga uwag\u0119 wszystkich.<\/p>\n<\/li>\n<li data-start=\"2925\" data-end=\"3173\">\n<p data-start=\"2928\" data-end=\"3173\">Wyb\u00f3r st\u0119\u017cenia nikotyny: Mo\u017cesz wybra\u0107 spo\u015br\u00f3d nikotyny 0%, 2%, 3% i 5%. Szczeg\u00f3lnie nikotyna 0% i 3% dost\u0119pne s\u0105 przy zam\u00f3wieniach zbiorowych, dzi\u0119ki czemu znajdziesz idealn\u0105 ilo\u015b\u0107 nikotyny dla swoich potrzeb.<\/p>\n<\/li>\n<li data-start=\"3175\" data-end=\"3472\">\n<p data-start=\"3178\" data-end=\"3472\">Szybkie \u0142adowanie i d\u0142u\u017csze u\u017cytkowanie: Akumulator 650mAh pozwala cieszy\u0107 si\u0119 d\u0142u\u017cej z elektronicznego papierosa, nie martwi\u0105c si\u0119 o \u0142adowanie. Dzi\u0119ki portowi Type-C \u0142adowanie jest szybkie i wydajne, aby\u015b m\u00f3g\u0142 szybko wr\u00f3ci\u0107 do palenia.<\/p>\n<\/li>\n<li data-start=\"3474\" data-end=\"3801\">\n<p data-start=\"3477\" data-end=\"3801\">Wysy\u0142ka bezc\u0142owa z Deutschland: Bang King Digital 15000 Puffs jest wysy\u0142any bezpo\u015brednio z naszego magazynu w Deutschland, a co najlepsze: nie p\u0142acisz \u017cadnych dodatkowych op\u0142at celnych. Wysy\u0142ka jest bezc\u0142owa, a czas dostawy wynosi tylko 2-4 dni, co pozwala na szybkie i bezproblemowe otrzymanie produktu.<\/p>\n<\/li>\n<\/ol>\n<h3 data-start=\"3808\" data-end=\"3886\">Dlaczego warto wybra\u0107 Bang King Digital 15000 Puffs?<\/h3>\n<p data-start=\"3888\" data-end=\"4297\">Bang King Digital 15000 Puffs to wi\u0119cej ni\u017c tylko elektroniczny papieros \u2013 to pe\u0142na ulepszenie Twojego do\u015bwiadczenia vapingowego. Z d\u0142ug\u0105 \u017cywotno\u015bci\u0105, szerokim wyborem aromat\u00f3w, regulowanymi st\u0119\u017ceniami nikotyny i efektami \u015bwietlnymi, ten model spe\u0142ni wszystkie oczekiwania palacza. Oferuje nie tylko doskona\u0142\u0105 wydajno\u015b\u0107, ale tak\u017ce stylowy design, kt\u00f3ry pasuje do Twojego indywidualnego stylu \u017cycia.<\/p>\n<p data-start=\"4299\" data-end=\"4507\">Niezale\u017cnie od tego, czy dopiero zaczynasz przygod\u0119 z vapingiem, czy jeste\u015b do\u015bwiadczonym palaczem \u2013 Bang King Digital 15000 Puffs przekroczy Twoje oczekiwania i zapewni niezapomniane doznania vapingowe.<\/p>\n<h4>Zam\u00f3w teraz i ciesz si\u0119 najlepszym do\u015bwiadczeniem vapingowym!<\/h4>\n<p data-start=\"4578\" data-end=\"4901\">Odwied\u017a teraz vapingnet.de, aby kupi\u0107 Bang King Digital 15000 Puffs i uczyni\u0107 ten premium elektroniczny papieros cz\u0119\u015bci\u0105 swojego codziennego \u017cycia. Niezale\u017cnie od tego, czy szukasz niezawodnego e-papierosa do codziennego u\u017cytku, czy stylowego akcesorium dla przyjaci\u00f3\u0142 \u2013 Bang King Digital oferuje Ci idealne rozwi\u0105zanie.<\/p>\n<p data-start=\"4903\" data-end=\"5078\" data-is-last-node=\"\" data-is-only-node=\"\">Szybko zam\u00f3w, bezc\u0142owo dostarcz i ciesz si\u0119 15000 poci\u0105gni\u0119ciami z ostatecznej przyjemno\u015bci \u2013 rozpocznij swoj\u0105 podr\u00f3\u017c z Bang King Digital 15000 Puffs ju\u017c dzi\u015b!<\/p>","protected":false},"excerpt":{"rendered":"<p>Wysokiej jako\u015bci elektroniczne papierosy\ud83d\udd25, wysy\u0142ka bezpo\u015brednio z magazynu w Bremie, dostawa w ci\u0105gu 2-4 dni!<\/p>","protected":false},"featured_media":5100,"template":"","meta":[],"etheme_brands":[],"product_brand":[101],"product_cat":[53,60,59,49,61],"product_tag":[],"class_list":{"0":"post-5099","1":"product","2":"type-product","3":"status-publish","4":"has-post-thumbnail","6":"product_brand-bang-king-vape","7":"product_cat-vape-15000-zuege","8":"product_cat-c","9":"product_cat-de","10":"product_cat-einweg-e-zigarette","11":"product_cat-f","13":"first","14":"instock","15":"shipping-taxable","16":"purchasable","17":"product-type-variable"},"yoast_head":"<!-- This site is optimized with the Yoast SEO plugin v26.5 - https:\/\/yoast.com\/wordpress\/plugins\/seo\/ -->\n<title>Entdecken Sie Bang King Digital 15000 Puffs Schnell geliefert zu Top-Gro\u00dfhandelspreisen | Vapingnet.de<\/title>\n<meta name=\"description\" content=\"Entdecke Entdecken Sie Bang King Digital 15000 Puffs Schnell geliefert zu Top-Gro\u00dfhandelspreisen bei vapingnet.de, \u25ba Gro\u00dfe Auswahl an Geschmacksrichtungen &amp; super g\u00fcnstig!\" \/>\n<meta name=\"robots\" content=\"index, follow, max-snippet:-1, max-image-preview:large, max-video-preview:-1\" \/>\n<link rel=\"canonical\" href=\"https:\/\/vapingnet.de\/pl\/vape\/entdecken-sie-bang-king-digital-15000-puffs-schnell-geliefert-zu-top-grosshandelspreisen\/\" \/>\n<meta property=\"og:locale\" content=\"pl_PL\" \/>\n<meta property=\"og:type\" content=\"article\" \/>\n<meta property=\"og:title\" content=\"Entdecken Sie Bang King Digital 15000 Puffs Schnell geliefert zu Top-Gro\u00dfhandelspreisen | Vapingnet.de\" \/>\n<meta property=\"og:description\" content=\"Entdecke Entdecken Sie Bang King Digital 15000 Puffs Schnell geliefert zu Top-Gro\u00dfhandelspreisen bei vapingnet.de, \u25ba Gro\u00dfe Auswahl an Geschmacksrichtungen &amp; super g\u00fcnstig!\" \/>\n<meta property=\"og:url\" content=\"https:\/\/vapingnet.de\/pl\/vape\/entdecken-sie-bang-king-digital-15000-puffs-schnell-geliefert-zu-top-grosshandelspreisen\/\" \/>\n<meta property=\"og:site_name\" content=\"Vapingnet.de\" \/>\n<meta property=\"article:publisher\" content=\"https:\/\/www.facebook.com\/vapingnetde\/\" \/>\n<meta property=\"article:modified_time\" content=\"2026-03-12T08:36:19+00:00\" \/>\n<meta property=\"og:image\" content=\"https:\/\/vapingnet.de\/wp-content\/uploads\/2025\/03\/1.png\" \/>\n\t<meta property=\"og:image:width\" content=\"900\" \/>\n\t<meta property=\"og:image:height\" content=\"600\" \/>\n\t<meta property=\"og:image:type\" content=\"image\/png\" \/>\n<meta name=\"twitter:card\" content=\"summary_large_image\" \/>\n<meta name=\"twitter:label1\" content=\"Est. reading time\" \/>\n\t<meta name=\"twitter:data1\" content=\"4 minutes\" \/>\n<script type=\"application\/ld+json\" class=\"yoast-schema-graph\">{\"@context\":\"https:\/\/schema.org\",\"@graph\":[{\"@type\":\"WebPage\",\"@id\":\"https:\/\/vapingnet.de\/vape\/entdecken-sie-bang-king-digital-15000-puffs-schnell-geliefert-zu-top-grosshandelspreisen\/\",\"url\":\"https:\/\/vapingnet.de\/vape\/entdecken-sie-bang-king-digital-15000-puffs-schnell-geliefert-zu-top-grosshandelspreisen\/\",\"name\":\"Entdecken Sie Bang King Digital 15000 Puffs Schnell geliefert zu Top-Gro\u00dfhandelspreisen | Vapingnet.de\",\"isPartOf\":{\"@id\":\"https:\/\/vapingnet.de\/#website\"},\"primaryImageOfPage\":{\"@id\":\"https:\/\/vapingnet.de\/vape\/entdecken-sie-bang-king-digital-15000-puffs-schnell-geliefert-zu-top-grosshandelspreisen\/#primaryimage\"},\"image\":{\"@id\":\"https:\/\/vapingnet.de\/vape\/entdecken-sie-bang-king-digital-15000-puffs-schnell-geliefert-zu-top-grosshandelspreisen\/#primaryimage\"},\"thumbnailUrl\":\"https:\/\/vapingnet.de\/wp-content\/uploads\/2025\/03\/1.png\",\"datePublished\":\"2025-03-12T03:41:54+00:00\",\"dateModified\":\"2026-03-12T08:36:19+00:00\",\"description\":\"Entdecke Entdecken Sie Bang King Digital 15000 Puffs Schnell geliefert zu Top-Gro\u00dfhandelspreisen bei vapingnet.de, \u25ba Gro\u00dfe Auswahl an Geschmacksrichtungen & super g\u00fcnstig!\",\"breadcrumb\":{\"@id\":\"https:\/\/vapingnet.de\/vape\/entdecken-sie-bang-king-digital-15000-puffs-schnell-geliefert-zu-top-grosshandelspreisen\/#breadcrumb\"},\"inLanguage\":\"pl-PL\",\"potentialAction\":[{\"@type\":\"ReadAction\",\"target\":[\"https:\/\/vapingnet.de\/vape\/entdecken-sie-bang-king-digital-15000-puffs-schnell-geliefert-zu-top-grosshandelspreisen\/\"]}]},{\"@type\":\"ImageObject\",\"inLanguage\":\"pl-PL\",\"@id\":\"https:\/\/vapingnet.de\/vape\/entdecken-sie-bang-king-digital-15000-puffs-schnell-geliefert-zu-top-grosshandelspreisen\/#primaryimage\",\"url\":\"https:\/\/vapingnet.de\/wp-content\/uploads\/2025\/03\/1.png\",\"contentUrl\":\"https:\/\/vapingnet.de\/wp-content\/uploads\/2025\/03\/1.png\",\"width\":900,\"height\":600},{\"@type\":\"BreadcrumbList\",\"@id\":\"https:\/\/vapingnet.de\/vape\/entdecken-sie-bang-king-digital-15000-puffs-schnell-geliefert-zu-top-grosshandelspreisen\/#breadcrumb\",\"itemListElement\":[{\"@type\":\"ListItem\",\"position\":1,\"name\":\"Home\",\"item\":\"https:\/\/vapingnet.de\/\"},{\"@type\":\"ListItem\",\"position\":2,\"name\":\"Shop\",\"item\":\"https:\/\/vapingnet.de\/vape\/\"},{\"@type\":\"ListItem\",\"position\":3,\"name\":\"Entdecken Sie Bang King Digital 15000 Puffs Schnell geliefert zu Top-Gro\u00dfhandelspreisen\"}]},{\"@type\":\"WebSite\",\"@id\":\"https:\/\/vapingnet.de\/#website\",\"url\":\"https:\/\/vapingnet.de\/\",\"name\":\"Vapingnet.de\",\"description\":\"\",\"publisher\":{\"@id\":\"https:\/\/vapingnet.de\/#organization\"},\"potentialAction\":[{\"@type\":\"SearchAction\",\"target\":{\"@type\":\"EntryPoint\",\"urlTemplate\":\"https:\/\/vapingnet.de\/?s={search_term_string}\"},\"query-input\":{\"@type\":\"PropertyValueSpecification\",\"valueRequired\":true,\"valueName\":\"search_term_string\"}}],\"inLanguage\":\"pl-PL\"},{\"@type\":\"Organization\",\"@id\":\"https:\/\/vapingnet.de\/#organization\",\"name\":\"Vapingnet.de\",\"url\":\"https:\/\/vapingnet.de\/\",\"logo\":{\"@type\":\"ImageObject\",\"inLanguage\":\"pl-PL\",\"@id\":\"https:\/\/vapingnet.de\/#\/schema\/logo\/image\/\",\"url\":\"https:\/\/vapingnet.de\/wp-content\/uploads\/2025\/03\/cropped-vapingnet.de_.jpg\",\"contentUrl\":\"https:\/\/vapingnet.de\/wp-content\/uploads\/2025\/03\/cropped-vapingnet.de_.jpg\",\"width\":512,\"height\":512,\"caption\":\"Vapingnet.de\"},\"image\":{\"@id\":\"https:\/\/vapingnet.de\/#\/schema\/logo\/image\/\"},\"sameAs\":[\"https:\/\/www.facebook.com\/vapingnetde\/\"]}]}<\/script>\n<!-- \/ Yoast SEO plugin. -->","yoast_head_json":{"title":"Entdecken Sie Bang King Digital 15000 Puffs Schnell geliefert zu Top-Gro\u00dfhandelspreisen | Vapingnet.de","description":"Entdecke Entdecken Sie Bang King Digital 15000 Puffs Schnell geliefert zu Top-Gro\u00dfhandelspreisen bei vapingnet.de, \u25ba Gro\u00dfe Auswahl an Geschmacksrichtungen & super g\u00fcnstig!","robots":{"index":"index","follow":"follow","max-snippet":"max-snippet:-1","max-image-preview":"max-image-preview:large","max-video-preview":"max-video-preview:-1"},"canonical":"https:\/\/vapingnet.de\/pl\/vape\/entdecken-sie-bang-king-digital-15000-puffs-schnell-geliefert-zu-top-grosshandelspreisen\/","og_locale":"pl_PL","og_type":"article","og_title":"Entdecken Sie Bang King Digital 15000 Puffs Schnell geliefert zu Top-Gro\u00dfhandelspreisen | Vapingnet.de","og_description":"Entdecke Entdecken Sie Bang King Digital 15000 Puffs Schnell geliefert zu Top-Gro\u00dfhandelspreisen bei vapingnet.de, \u25ba Gro\u00dfe Auswahl an Geschmacksrichtungen & super g\u00fcnstig!","og_url":"https:\/\/vapingnet.de\/pl\/vape\/entdecken-sie-bang-king-digital-15000-puffs-schnell-geliefert-zu-top-grosshandelspreisen\/","og_site_name":"Vapingnet.de","article_publisher":"https:\/\/www.facebook.com\/vapingnetde\/","article_modified_time":"2026-03-12T08:36:19+00:00","og_image":[{"width":900,"height":600,"url":"https:\/\/vapingnet.de\/wp-content\/uploads\/2025\/03\/1.png","type":"image\/png"}],"twitter_card":"summary_large_image","twitter_misc":{"Est. reading time":"4 minutes"},"schema":{"@context":"https:\/\/schema.org","@graph":[{"@type":"WebPage","@id":"https:\/\/vapingnet.de\/vape\/entdecken-sie-bang-king-digital-15000-puffs-schnell-geliefert-zu-top-grosshandelspreisen\/","url":"https:\/\/vapingnet.de\/vape\/entdecken-sie-bang-king-digital-15000-puffs-schnell-geliefert-zu-top-grosshandelspreisen\/","name":"Entdecken Sie Bang King Digital 15000 Puffs Schnell geliefert zu Top-Gro\u00dfhandelspreisen | Vapingnet.de","isPartOf":{"@id":"https:\/\/vapingnet.de\/#website"},"primaryImageOfPage":{"@id":"https:\/\/vapingnet.de\/vape\/entdecken-sie-bang-king-digital-15000-puffs-schnell-geliefert-zu-top-grosshandelspreisen\/#primaryimage"},"image":{"@id":"https:\/\/vapingnet.de\/vape\/entdecken-sie-bang-king-digital-15000-puffs-schnell-geliefert-zu-top-grosshandelspreisen\/#primaryimage"},"thumbnailUrl":"https:\/\/vapingnet.de\/wp-content\/uploads\/2025\/03\/1.png","datePublished":"2025-03-12T03:41:54+00:00","dateModified":"2026-03-12T08:36:19+00:00","description":"Entdecke Entdecken Sie Bang King Digital 15000 Puffs Schnell geliefert zu Top-Gro\u00dfhandelspreisen bei vapingnet.de, \u25ba Gro\u00dfe Auswahl an Geschmacksrichtungen & super g\u00fcnstig!","breadcrumb":{"@id":"https:\/\/vapingnet.de\/vape\/entdecken-sie-bang-king-digital-15000-puffs-schnell-geliefert-zu-top-grosshandelspreisen\/#breadcrumb"},"inLanguage":"pl-PL","potentialAction":[{"@type":"ReadAction","target":["https:\/\/vapingnet.de\/vape\/entdecken-sie-bang-king-digital-15000-puffs-schnell-geliefert-zu-top-grosshandelspreisen\/"]}]},{"@type":"ImageObject","inLanguage":"pl-PL","@id":"https:\/\/vapingnet.de\/vape\/entdecken-sie-bang-king-digital-15000-puffs-schnell-geliefert-zu-top-grosshandelspreisen\/#primaryimage","url":"https:\/\/vapingnet.de\/wp-content\/uploads\/2025\/03\/1.png","contentUrl":"https:\/\/vapingnet.de\/wp-content\/uploads\/2025\/03\/1.png","width":900,"height":600},{"@type":"BreadcrumbList","@id":"https:\/\/vapingnet.de\/vape\/entdecken-sie-bang-king-digital-15000-puffs-schnell-geliefert-zu-top-grosshandelspreisen\/#breadcrumb","itemListElement":[{"@type":"ListItem","position":1,"name":"Home","item":"https:\/\/vapingnet.de\/"},{"@type":"ListItem","position":2,"name":"Shop","item":"https:\/\/vapingnet.de\/vape\/"},{"@type":"ListItem","position":3,"name":"Entdecken Sie Bang King Digital 15000 Puffs Schnell geliefert zu Top-Gro\u00dfhandelspreisen"}]},{"@type":"WebSite","@id":"https:\/\/vapingnet.de\/#website","url":"https:\/\/vapingnet.de\/","name":"Vapingnet.de","description":"","publisher":{"@id":"https:\/\/vapingnet.de\/#organization"},"potentialAction":[{"@type":"SearchAction","target":{"@type":"EntryPoint","urlTemplate":"https:\/\/vapingnet.de\/?s={search_term_string}"},"query-input":{"@type":"PropertyValueSpecification","valueRequired":true,"valueName":"search_term_string"}}],"inLanguage":"pl-PL"},{"@type":"Organization","@id":"https:\/\/vapingnet.de\/#organization","name":"Vapingnet.de","url":"https:\/\/vapingnet.de\/","logo":{"@type":"ImageObject","inLanguage":"pl-PL","@id":"https:\/\/vapingnet.de\/#\/schema\/logo\/image\/","url":"https:\/\/vapingnet.de\/wp-content\/uploads\/2025\/03\/cropped-vapingnet.de_.jpg","contentUrl":"https:\/\/vapingnet.de\/wp-content\/uploads\/2025\/03\/cropped-vapingnet.de_.jpg","width":512,"height":512,"caption":"Vapingnet.de"},"image":{"@id":"https:\/\/vapingnet.de\/#\/schema\/logo\/image\/"},"sameAs":["https:\/\/www.facebook.com\/vapingnetde\/"]}]}},"tiered_pricing_type":"fixed","tiered_pricing_fixed_rules":{"10":"6.83","60":"6.15","110":"5.46","200":"4.78"},"tiered_pricing_product_settings":{"layout":"default","base_unit_name":{"singular":null,"plural":null},"default_variation":null},"tiered_pricing_minimum_quantity":null,"tiered_pricing_roles_data":[],"tiered_pricing_percentage_rules":[],"_links":{"self":[{"href":"https:\/\/vapingnet.de\/pl\/wp-json\/wp\/v2\/product\/5099","targetHints":{"allow":["GET"]}}],"collection":[{"href":"https:\/\/vapingnet.de\/pl\/wp-json\/wp\/v2\/product"}],"about":[{"href":"https:\/\/vapingnet.de\/pl\/wp-json\/wp\/v2\/types\/product"}],"version-history":[{"count":2,"href":"https:\/\/vapingnet.de\/pl\/wp-json\/wp\/v2\/product\/5099\/revisions"}],"predecessor-version":[{"id":6219,"href":"https:\/\/vapingnet.de\/pl\/wp-json\/wp\/v2\/product\/5099\/revisions\/6219"}],"wp:featuredmedia":[{"embeddable":true,"href":"https:\/\/vapingnet.de\/pl\/wp-json\/wp\/v2\/media\/5100"}],"wp:attachment":[{"href":"https:\/\/vapingnet.de\/pl\/wp-json\/wp\/v2\/media?parent=5099"}],"wp:term":[{"taxonomy":"brand","embeddable":true,"href":"https:\/\/vapingnet.de\/pl\/wp-json\/wp\/v2\/etheme_brands?post=5099"},{"taxonomy":"product_brand","embeddable":true,"href":"https:\/\/vapingnet.de\/pl\/wp-json\/wp\/v2\/product_brand?post=5099"},{"taxonomy":"product_cat","embeddable":true,"href":"https:\/\/vapingnet.de\/pl\/wp-json\/wp\/v2\/product_cat?post=5099"},{"taxonomy":"product_tag","embeddable":true,"href":"https:\/\/vapingnet.de\/pl\/wp-json\/wp\/v2\/product_tag?post=5099"}],"curies":[{"name":"wp","href":"https:\/\/api.w.org\/{rel}","templated":true}]}}