{"id":5109,"date":"2025-03-12T06:03:18","date_gmt":"2025-03-12T06:03:18","guid":{"rendered":"https:\/\/vapingnet.de\/?post_type=product&#038;p=5109"},"modified":"2025-06-19T03:42:02","modified_gmt":"2025-06-19T03:42:02","slug":"bang-blaze-20000-puffs-mixed-berries-fruchtig-intensiv-langanhaltend","status":"publish","type":"product","link":"https:\/\/vapingnet.de\/pl\/vape\/bang-blaze-20000-puffs-mixed-berries-fruchtig-intensiv-langanhaltend\/","title":{"rendered":"Bang Blaze 20000 Puffs Mixed Berries \u2013 owocowy, intensywny i d\u0142ugotrwa\u0142y smak"},"content":{"rendered":"<h2 data-start=\"0\" data-end=\"89\">Bang Blaze 20000 Puffs: Ekstremalnie d\u0142uga \u017cywotno\u015b\u0107, najwy\u017csze doznania podczas vapowania! \ud83d\udd25<\/h2>\n<p data-start=\"91\" data-end=\"448\">Szukasz jednorazowego modelu e-papierosa z ekstremaln\u0105 trwa\u0142o\u015bci\u0105 i intensywnym smakiem? To jest to, czego potrzebujesz! <a href=\"https:\/\/vapingnet.de\/pl\/bang-blaze-20000-puffs\/\" target=\"_blank\" rel=\"noopener\"><strong>Bang Blaze 20000 Pali<\/strong><\/a> Dzi\u0119ki technologii Dul Mesh 1.0\u03a9 uzyskujesz delikatny, g\u0119sty dym, kt\u00f3ry zamienia ka\u017cde zaci\u0105gni\u0119cie w przyjemno\u015b\u0107 \u2013 idealne dla pocz\u0105tkuj\u0105cych i do\u015bwiadczonych vapor\u00f3w!<\/p>\n<p data-start=\"455\" data-end=\"499\">\ud83d\udca8 20 000 zaci\u0105gni\u0119\u0107 \u2013 Maksymalna wydajno\u015b\u0107<\/p>\n<p data-start=\"500\" data-end=\"775\">W por\u00f3wnaniu do standardowych jednorazowych vape\u2019\u00f3w z 3 000\u20136 000 zaci\u0105gni\u0119ciami, Bang Blaze 20000 Puffs oferuje a\u017c<a href=\"https:\/\/vapingnet.de\/pl\/k\/vape-20000-zuege\/\" target=\"_blank\" rel=\"noopener\"><strong> 20.000 poci\u0105gni\u0119\u0107<\/strong><\/a> \u2013 co odpowiada 3- do 5-krotnemu \u017cywotowi standardowego vape\u2019a! Nie musisz ju\u017c ci\u0105gle kupowa\u0107 nowych \u2013 ciesz si\u0119 d\u0142u\u017cej i oszcz\u0119dzaj pieni\u0105dze!<\/p>\n<p data-start=\"777\" data-end=\"824\">\ud83d\udd0b Akumulator 1000mAh z funkcj\u0105 szybkiego \u0142adowania Type-C<\/p>\n<p data-start=\"825\" data-end=\"991\">Dzi\u0119ki akumulatorowi 1000mAh i szybkiemu \u0142adowaniu Type-C mo\u017cesz \u0142adowa\u0107 swoje urz\u0105dzenie w dowolnym momencie. Koniec z problemami z bateri\u0105 \u2013 vapuj kiedy i gdzie chcesz!<\/p>\n<p data-start=\"993\" data-end=\"1043\">\ud83c\udf47 Eksplozja smaku \u2013 Mieszane jagody<\/p>\n<p data-start=\"1044\" data-end=\"1212\">Idealne po\u0142\u0105czenie r\u00f3\u017cnych jag\u00f3d, kt\u00f3re oferuje owocowo-s\u0142odki i lekko kwa\u015bny smak. Ka\u017cde zaci\u0105gni\u0119cie to jak \u0142yk orze\u017awiaj\u0105cego soku!<\/p>\n<p data-start=\"1214\" data-end=\"1249\">\ud83d\udcfa Inteligentny wy\u015bwietlacz<\/p>\n<p data-start=\"1250\" data-end=\"1359\">Zawsze miej pod kontrol\u0105 poziom na\u0142adowania baterii i poziom liquidu \u2013 \u017cadnych nieprzyjemnych niespodzianek!<\/p>\n<p data-start=\"1361\" data-end=\"1402\">\ud83d\udca7 Du\u017ca pojemno\u015b\u0107 liquidu \u2013 26ml<\/p>\n<p data-start=\"1403\" data-end=\"1676\">Z 26ml liquidu masz do wyboru koncentracj\u0119 nikotyny 0% \/ 2% \/ 3% \/ 5% (<em data-start=\"1495\" data-end=\"1539\">0% i 3% dost\u0119pne tylko przy du\u017cych zam\u00f3wieniach<\/em>). Niezale\u017cnie od tego, czy wolisz vapowa\u0107 bez nikotyny, czy silniejsz\u0105 intensywno\u015b\u0107 \u2013 Bang Blaze 20000 Puffs ma co\u015b dla ka\u017cdego!<\/p>\n<h3>\ud83d\udcaf Dlaczego Bang Blaze 20000 Puffs?<\/h3>\n<p data-start=\"1726\" data-end=\"1996\">\u2705 Wysy\u0142ka bezpo\u015brednio z magazynu w Polsce \u2013 dostawa w 2\u20134 dni<br data-start=\"1812\" data-end=\"1815\" \/>\u2705 Bez op\u0142at celnych: Brak dodatkowych op\u0142at!<br data-start=\"1863\" data-end=\"1866\" \/>\u2705 Wysoka jako\u015b\u0107: Mesh-spiral, inteligentny wy\u015bwietlacz i wielokrotnego \u0142adowania \u2013 rzadko\u015b\u0107 w\u015br\u00f3d jednorazowych vape\u2019\u00f3w!<\/p>\n<p data-start=\"1998\" data-end=\"2169\" data-is-last-node=\"\" data-is-only-node=\"\">\ud83d\udd25 Dost\u0119pne tylko ograniczone ilo\u015bci \u2013 kup teraz! \ud83d\udd25<br data-start=\"2063\" data-end=\"2066\" \/>\ud83d\udc49 Zam\u00f3w teraz na <a href=\"https:\/\/vapingnet.de\/pl\/\" target=\"_new\" rel=\"noopener\" data-start=\"2090\" data-end=\"2126\">vapingnet.de<\/a> i do\u015bwiadcz niezapomnianej przygody z vapingiem!<\/p>","protected":false},"excerpt":{"rendered":"<p>Bang Blaze 20000 Puffs: Ekstremalna trwa\u0142o\u015b\u0107, maksymalna przyjemno\u015b\u0107 z vapowania! \ud83d\udd25 Szukasz jednorazowego e-papierosa z ekstremaln\u0105 \u017cywotno\u015bci\u0105 i intensywnym smakiem? Wtedy ten jest...<\/p>","protected":false},"featured_media":6851,"template":"","meta":[],"etheme_brands":[],"product_brand":[101],"product_cat":[54,49,61],"product_tag":[],"class_list":{"0":"post-5109","1":"product","2":"type-product","3":"status-publish","4":"has-post-thumbnail","6":"product_brand-bang-king-vape","7":"product_cat-vape-20000-zuege","8":"product_cat-einweg-e-zigarette","9":"product_cat-f","11":"first","12":"instock","13":"shipping-taxable","14":"purchasable","15":"product-type-simple"},"yoast_head":"<!-- This site is optimized with the Yoast SEO plugin v26.5 - https:\/\/yoast.com\/wordpress\/plugins\/seo\/ -->\n<title>Bang Blaze 20000 Puffs Mixed Berries Fruchtig intensiv langanhaltend | Vapingnet.de<\/title>\n<meta name=\"description\" content=\"Entdecke Bang Blaze 20000 Puffs Mixed Berries Fruchtig intensiv langanhaltend bei vapingnet.de, \u25ba Gro\u00dfe Auswahl an Geschmacksrichtungen &amp; super g\u00fcnstig!\" \/>\n<meta name=\"robots\" content=\"index, follow, max-snippet:-1, max-image-preview:large, max-video-preview:-1\" \/>\n<link rel=\"canonical\" href=\"https:\/\/vapingnet.de\/pl\/vape\/bang-blaze-20000-puffs-mixed-berries-fruchtig-intensiv-langanhaltend\/\" \/>\n<meta property=\"og:locale\" content=\"pl_PL\" \/>\n<meta property=\"og:type\" content=\"article\" \/>\n<meta property=\"og:title\" content=\"Bang Blaze 20000 Puffs Mixed Berries Fruchtig intensiv langanhaltend | Vapingnet.de\" \/>\n<meta property=\"og:description\" content=\"Entdecke Bang Blaze 20000 Puffs Mixed Berries Fruchtig intensiv langanhaltend bei vapingnet.de, \u25ba Gro\u00dfe Auswahl an Geschmacksrichtungen &amp; super g\u00fcnstig!\" \/>\n<meta property=\"og:url\" content=\"https:\/\/vapingnet.de\/pl\/vape\/bang-blaze-20000-puffs-mixed-berries-fruchtig-intensiv-langanhaltend\/\" \/>\n<meta property=\"og:site_name\" content=\"Vapingnet.de\" \/>\n<meta property=\"article:publisher\" content=\"https:\/\/www.facebook.com\/vapingnetde\/\" \/>\n<meta property=\"article:modified_time\" content=\"2025-06-19T03:42:02+00:00\" \/>\n<meta property=\"og:image\" content=\"https:\/\/vapingnet.de\/wp-content\/uploads\/2025\/03\/bang-mixed-berries.png\" \/>\n\t<meta property=\"og:image:width\" content=\"1000\" \/>\n\t<meta property=\"og:image:height\" content=\"1000\" \/>\n\t<meta property=\"og:image:type\" content=\"image\/png\" \/>\n<meta name=\"twitter:card\" content=\"summary_large_image\" \/>\n<meta name=\"twitter:label1\" content=\"Est. reading time\" \/>\n\t<meta name=\"twitter:data1\" content=\"2 minutes\" \/>\n<script type=\"application\/ld+json\" class=\"yoast-schema-graph\">{\"@context\":\"https:\/\/schema.org\",\"@graph\":[{\"@type\":\"WebPage\",\"@id\":\"https:\/\/vapingnet.de\/vape\/bang-blaze-20000-puffs-mixed-berries-fruchtig-intensiv-langanhaltend\/\",\"url\":\"https:\/\/vapingnet.de\/vape\/bang-blaze-20000-puffs-mixed-berries-fruchtig-intensiv-langanhaltend\/\",\"name\":\"Bang Blaze 20000 Puffs Mixed Berries Fruchtig intensiv langanhaltend | Vapingnet.de\",\"isPartOf\":{\"@id\":\"https:\/\/vapingnet.de\/#website\"},\"primaryImageOfPage\":{\"@id\":\"https:\/\/vapingnet.de\/vape\/bang-blaze-20000-puffs-mixed-berries-fruchtig-intensiv-langanhaltend\/#primaryimage\"},\"image\":{\"@id\":\"https:\/\/vapingnet.de\/vape\/bang-blaze-20000-puffs-mixed-berries-fruchtig-intensiv-langanhaltend\/#primaryimage\"},\"thumbnailUrl\":\"https:\/\/vapingnet.de\/wp-content\/uploads\/2025\/03\/bang-mixed-berries.png\",\"datePublished\":\"2025-03-12T06:03:18+00:00\",\"dateModified\":\"2025-06-19T03:42:02+00:00\",\"description\":\"Entdecke Bang Blaze 20000 Puffs Mixed Berries Fruchtig intensiv langanhaltend bei vapingnet.de, \u25ba Gro\u00dfe Auswahl an Geschmacksrichtungen & super g\u00fcnstig!\",\"breadcrumb\":{\"@id\":\"https:\/\/vapingnet.de\/vape\/bang-blaze-20000-puffs-mixed-berries-fruchtig-intensiv-langanhaltend\/#breadcrumb\"},\"inLanguage\":\"pl-PL\",\"potentialAction\":[{\"@type\":\"ReadAction\",\"target\":[\"https:\/\/vapingnet.de\/vape\/bang-blaze-20000-puffs-mixed-berries-fruchtig-intensiv-langanhaltend\/\"]}]},{\"@type\":\"ImageObject\",\"inLanguage\":\"pl-PL\",\"@id\":\"https:\/\/vapingnet.de\/vape\/bang-blaze-20000-puffs-mixed-berries-fruchtig-intensiv-langanhaltend\/#primaryimage\",\"url\":\"https:\/\/vapingnet.de\/wp-content\/uploads\/2025\/03\/bang-mixed-berries.png\",\"contentUrl\":\"https:\/\/vapingnet.de\/wp-content\/uploads\/2025\/03\/bang-mixed-berries.png\",\"width\":1000,\"height\":1000},{\"@type\":\"BreadcrumbList\",\"@id\":\"https:\/\/vapingnet.de\/vape\/bang-blaze-20000-puffs-mixed-berries-fruchtig-intensiv-langanhaltend\/#breadcrumb\",\"itemListElement\":[{\"@type\":\"ListItem\",\"position\":1,\"name\":\"Home\",\"item\":\"https:\/\/vapingnet.de\/\"},{\"@type\":\"ListItem\",\"position\":2,\"name\":\"Shop\",\"item\":\"https:\/\/vapingnet.de\/vape\/\"},{\"@type\":\"ListItem\",\"position\":3,\"name\":\"Bang Blaze 20000 Puffs Mixed Berries Fruchtig intensiv langanhaltend\"}]},{\"@type\":\"WebSite\",\"@id\":\"https:\/\/vapingnet.de\/#website\",\"url\":\"https:\/\/vapingnet.de\/\",\"name\":\"Vapingnet.de\",\"description\":\"\",\"publisher\":{\"@id\":\"https:\/\/vapingnet.de\/#organization\"},\"potentialAction\":[{\"@type\":\"SearchAction\",\"target\":{\"@type\":\"EntryPoint\",\"urlTemplate\":\"https:\/\/vapingnet.de\/?s={search_term_string}\"},\"query-input\":{\"@type\":\"PropertyValueSpecification\",\"valueRequired\":true,\"valueName\":\"search_term_string\"}}],\"inLanguage\":\"pl-PL\"},{\"@type\":\"Organization\",\"@id\":\"https:\/\/vapingnet.de\/#organization\",\"name\":\"Vapingnet.de\",\"url\":\"https:\/\/vapingnet.de\/\",\"logo\":{\"@type\":\"ImageObject\",\"inLanguage\":\"pl-PL\",\"@id\":\"https:\/\/vapingnet.de\/#\/schema\/logo\/image\/\",\"url\":\"https:\/\/vapingnet.de\/wp-content\/uploads\/2025\/03\/cropped-vapingnet.de_.jpg\",\"contentUrl\":\"https:\/\/vapingnet.de\/wp-content\/uploads\/2025\/03\/cropped-vapingnet.de_.jpg\",\"width\":512,\"height\":512,\"caption\":\"Vapingnet.de\"},\"image\":{\"@id\":\"https:\/\/vapingnet.de\/#\/schema\/logo\/image\/\"},\"sameAs\":[\"https:\/\/www.facebook.com\/vapingnetde\/\"]}]}<\/script>\n<!-- \/ Yoast SEO plugin. -->","yoast_head_json":{"title":"Bang Blaze 20000 Puffs Mixed Berries Fruchtig intensiv langanhaltend | Vapingnet.de","description":"Entdecke Bang Blaze 20000 Puffs Mixed Berries Fruchtig intensiv langanhaltend bei vapingnet.de, \u25ba Gro\u00dfe Auswahl an Geschmacksrichtungen & super g\u00fcnstig!","robots":{"index":"index","follow":"follow","max-snippet":"max-snippet:-1","max-image-preview":"max-image-preview:large","max-video-preview":"max-video-preview:-1"},"canonical":"https:\/\/vapingnet.de\/pl\/vape\/bang-blaze-20000-puffs-mixed-berries-fruchtig-intensiv-langanhaltend\/","og_locale":"pl_PL","og_type":"article","og_title":"Bang Blaze 20000 Puffs Mixed Berries Fruchtig intensiv langanhaltend | Vapingnet.de","og_description":"Entdecke Bang Blaze 20000 Puffs Mixed Berries Fruchtig intensiv langanhaltend bei vapingnet.de, \u25ba Gro\u00dfe Auswahl an Geschmacksrichtungen & super g\u00fcnstig!","og_url":"https:\/\/vapingnet.de\/pl\/vape\/bang-blaze-20000-puffs-mixed-berries-fruchtig-intensiv-langanhaltend\/","og_site_name":"Vapingnet.de","article_publisher":"https:\/\/www.facebook.com\/vapingnetde\/","article_modified_time":"2025-06-19T03:42:02+00:00","og_image":[{"width":1000,"height":1000,"url":"https:\/\/vapingnet.de\/wp-content\/uploads\/2025\/03\/bang-mixed-berries.png","type":"image\/png"}],"twitter_card":"summary_large_image","twitter_misc":{"Est. reading time":"2 minutes"},"schema":{"@context":"https:\/\/schema.org","@graph":[{"@type":"WebPage","@id":"https:\/\/vapingnet.de\/vape\/bang-blaze-20000-puffs-mixed-berries-fruchtig-intensiv-langanhaltend\/","url":"https:\/\/vapingnet.de\/vape\/bang-blaze-20000-puffs-mixed-berries-fruchtig-intensiv-langanhaltend\/","name":"Bang Blaze 20000 Puffs Mixed Berries Fruchtig intensiv langanhaltend | Vapingnet.de","isPartOf":{"@id":"https:\/\/vapingnet.de\/#website"},"primaryImageOfPage":{"@id":"https:\/\/vapingnet.de\/vape\/bang-blaze-20000-puffs-mixed-berries-fruchtig-intensiv-langanhaltend\/#primaryimage"},"image":{"@id":"https:\/\/vapingnet.de\/vape\/bang-blaze-20000-puffs-mixed-berries-fruchtig-intensiv-langanhaltend\/#primaryimage"},"thumbnailUrl":"https:\/\/vapingnet.de\/wp-content\/uploads\/2025\/03\/bang-mixed-berries.png","datePublished":"2025-03-12T06:03:18+00:00","dateModified":"2025-06-19T03:42:02+00:00","description":"Entdecke Bang Blaze 20000 Puffs Mixed Berries Fruchtig intensiv langanhaltend bei vapingnet.de, \u25ba Gro\u00dfe Auswahl an Geschmacksrichtungen & super g\u00fcnstig!","breadcrumb":{"@id":"https:\/\/vapingnet.de\/vape\/bang-blaze-20000-puffs-mixed-berries-fruchtig-intensiv-langanhaltend\/#breadcrumb"},"inLanguage":"pl-PL","potentialAction":[{"@type":"ReadAction","target":["https:\/\/vapingnet.de\/vape\/bang-blaze-20000-puffs-mixed-berries-fruchtig-intensiv-langanhaltend\/"]}]},{"@type":"ImageObject","inLanguage":"pl-PL","@id":"https:\/\/vapingnet.de\/vape\/bang-blaze-20000-puffs-mixed-berries-fruchtig-intensiv-langanhaltend\/#primaryimage","url":"https:\/\/vapingnet.de\/wp-content\/uploads\/2025\/03\/bang-mixed-berries.png","contentUrl":"https:\/\/vapingnet.de\/wp-content\/uploads\/2025\/03\/bang-mixed-berries.png","width":1000,"height":1000},{"@type":"BreadcrumbList","@id":"https:\/\/vapingnet.de\/vape\/bang-blaze-20000-puffs-mixed-berries-fruchtig-intensiv-langanhaltend\/#breadcrumb","itemListElement":[{"@type":"ListItem","position":1,"name":"Home","item":"https:\/\/vapingnet.de\/"},{"@type":"ListItem","position":2,"name":"Shop","item":"https:\/\/vapingnet.de\/vape\/"},{"@type":"ListItem","position":3,"name":"Bang Blaze 20000 Puffs Mixed Berries Fruchtig intensiv langanhaltend"}]},{"@type":"WebSite","@id":"https:\/\/vapingnet.de\/#website","url":"https:\/\/vapingnet.de\/","name":"Vapingnet.de","description":"","publisher":{"@id":"https:\/\/vapingnet.de\/#organization"},"potentialAction":[{"@type":"SearchAction","target":{"@type":"EntryPoint","urlTemplate":"https:\/\/vapingnet.de\/?s={search_term_string}"},"query-input":{"@type":"PropertyValueSpecification","valueRequired":true,"valueName":"search_term_string"}}],"inLanguage":"pl-PL"},{"@type":"Organization","@id":"https:\/\/vapingnet.de\/#organization","name":"Vapingnet.de","url":"https:\/\/vapingnet.de\/","logo":{"@type":"ImageObject","inLanguage":"pl-PL","@id":"https:\/\/vapingnet.de\/#\/schema\/logo\/image\/","url":"https:\/\/vapingnet.de\/wp-content\/uploads\/2025\/03\/cropped-vapingnet.de_.jpg","contentUrl":"https:\/\/vapingnet.de\/wp-content\/uploads\/2025\/03\/cropped-vapingnet.de_.jpg","width":512,"height":512,"caption":"Vapingnet.de"},"image":{"@id":"https:\/\/vapingnet.de\/#\/schema\/logo\/image\/"},"sameAs":["https:\/\/www.facebook.com\/vapingnetde\/"]}]}},"tiered_pricing_type":"fixed","tiered_pricing_fixed_rules":{"10":"7.59","60":"6.83","110":"6.07","200":"5.31"},"tiered_pricing_product_settings":{"layout":"default","base_unit_name":{"singular":null,"plural":null},"default_variation":null},"tiered_pricing_minimum_quantity":null,"tiered_pricing_roles_data":[],"tiered_pricing_percentage_rules":[],"_links":{"self":[{"href":"https:\/\/vapingnet.de\/pl\/wp-json\/wp\/v2\/product\/5109","targetHints":{"allow":["GET"]}}],"collection":[{"href":"https:\/\/vapingnet.de\/pl\/wp-json\/wp\/v2\/product"}],"about":[{"href":"https:\/\/vapingnet.de\/pl\/wp-json\/wp\/v2\/types\/product"}],"version-history":[{"count":4,"href":"https:\/\/vapingnet.de\/pl\/wp-json\/wp\/v2\/product\/5109\/revisions"}],"predecessor-version":[{"id":6218,"href":"https:\/\/vapingnet.de\/pl\/wp-json\/wp\/v2\/product\/5109\/revisions\/6218"}],"wp:featuredmedia":[{"embeddable":true,"href":"https:\/\/vapingnet.de\/pl\/wp-json\/wp\/v2\/media\/6851"}],"wp:attachment":[{"href":"https:\/\/vapingnet.de\/pl\/wp-json\/wp\/v2\/media?parent=5109"}],"wp:term":[{"taxonomy":"brand","embeddable":true,"href":"https:\/\/vapingnet.de\/pl\/wp-json\/wp\/v2\/etheme_brands?post=5109"},{"taxonomy":"product_brand","embeddable":true,"href":"https:\/\/vapingnet.de\/pl\/wp-json\/wp\/v2\/product_brand?post=5109"},{"taxonomy":"product_cat","embeddable":true,"href":"https:\/\/vapingnet.de\/pl\/wp-json\/wp\/v2\/product_cat?post=5109"},{"taxonomy":"product_tag","embeddable":true,"href":"https:\/\/vapingnet.de\/pl\/wp-json\/wp\/v2\/product_tag?post=5109"}],"curies":[{"name":"wp","href":"https:\/\/api.w.org\/{rel}","templated":true}]}}