{"id":5131,"date":"2025-12-13T07:41:03","date_gmt":"2025-12-13T07:41:03","guid":{"rendered":"https:\/\/vapingnet.de\/?post_type=product&#038;p=5131"},"modified":"2026-01-28T08:37:03","modified_gmt":"2026-01-28T08:37:03","slug":"erlebe-20000-zuege-mit-bang-blaze-mango-peach-watermelon","status":"publish","type":"product","link":"https:\/\/vapingnet.de\/pl\/vape\/erlebe-20000-zuege-mit-bang-blaze-mango-peach-watermelon\/","title":{"rendered":"Do\u015bwiadcz 20000 poci\u0105gni\u0119\u0107 z Bang Blaze Mango Peach Watermelon"},"content":{"rendered":"<h2 data-start=\"0\" data-end=\"129\">Bang Blaze 20000 Puffs \u2013 Idealne doznanie smakowe mango-brzoskwinia-arbuz dla d\u0142ugotrwa\u0142ego do\u015bwiadczenia z vapowaniem!<\/h2>\n<p data-start=\"131\" data-end=\"567\">Na rynku e-papieros\u00f3w Bang Blaze 20000 Puffs wyr\u00f3\u017cnia si\u0119 jako wyj\u0105tkowy produkt. Oferuje nie tylko niezwyk\u0142\u0105 wydajno\u015b\u0107, ale tak\u017ce unikalne doznanie smakowe, kt\u00f3re pozostaje \u015bwie\u017ce przy ka\u017cdym zaci\u0105gni\u0119ciu. Niezale\u017cnie od tego, czy jeste\u015b pocz\u0105tkuj\u0105cym, czy do\u015bwiadczonym vaporem, <a href=\"https:\/\/vapingnet.de\/fr\/Brands\/bang-king-vape\/\" target=\"_blank\" rel=\"noopener\"><strong>Bang<\/strong> <\/a>spe\u0142nia Twoje wysokie oczekiwania dotycz\u0105ce smaku i wydajno\u015bci. Odkryjmy razem najwa\u017cniejsze cechy tego e-papierosa!<\/p>\n<h4 data-start=\"569\" data-end=\"591\">G\u0142\u00f3wne zalety:<\/h4>\n<ol data-start=\"593\" data-end=\"2277\">\n<li data-start=\"593\" data-end=\"921\">\n<p data-start=\"596\" data-end=\"630\">D\u0142uga czas vapowania \u2013 20 000 zaci\u0105gni\u0119\u0107<\/p>\n<ul data-start=\"634\" data-end=\"921\">\n<li data-start=\"634\" data-end=\"921\">Bang Blaze 20000 Puffs zapewnia niesamowity czas vapowania do 20 000 zaci\u0105gni\u0119\u0107, dzi\u0119ki czemu nie musisz ci\u0105gle wymienia\u0107 urz\u0105dzenia. Niezale\u017cnie od tego, czy u\u017cywasz go na co dzie\u0144, czy podczas d\u0142u\u017cszych sesji vapowania, to urz\u0105dzenie zapewni Ci d\u0142ugotrwa\u0142e u\u017cytkowanie.<\/li>\n<\/ul>\n<\/li>\n<li data-start=\"923\" data-end=\"1260\">\n<p data-start=\"926\" data-end=\"994\">Dul Mesh Coil \u2013 Efektywne podgrzewanie dla delikatnego smaku<\/p>\n<ul data-start=\"998\" data-end=\"1260\">\n<li data-start=\"998\" data-end=\"1260\">Dzi\u0119ki zaawansowanemu Dul Mesh Coil (1.0\u03a9) Bang Blaze zapewnia r\u00f3wnomierne i szybkie podgrzewanie, kt\u00f3re gwarantuje delikatny i pe\u0142ny dym. Ka\u017cde zaci\u0105gni\u0119cie jest stabilne i g\u0142adkie, co zapewnia jednolite i przyjemne do\u015bwiadczenie vapowania.<\/li>\n<\/ul>\n<\/li>\n<li data-start=\"1262\" data-end=\"1606\">\n<p data-start=\"1265\" data-end=\"1334\">Mango, brzoskwinia, arbuz \u2013 Idealna letnia mieszanka owocowa<\/p>\n<ul data-start=\"1338\" data-end=\"1606\">\n<li data-start=\"1338\" data-end=\"1606\">Po\u0142\u0105czenie mango, brzoskwini i arbuza zapewnia orze\u017awiaj\u0105cy, s\u0142odki i owocowy smak. Ka\u017cde zaci\u0105gni\u0119cie przypomina stanie w sadzie, podczas gdy Twoje kubki smakowe ciesz\u0105 si\u0119 intensywn\u0105 owocowo\u015bci\u0105.<\/li>\n<\/ul>\n<\/li>\n<li data-start=\"1608\" data-end=\"1996\">\n<p data-start=\"1611\" data-end=\"1682\">R\u00f3\u017cne poziomy nikotyny \u2013 Dla ka\u017cdego smakosza odpowiedni wyb\u00f3r<\/p>\n<ul data-start=\"1686\" data-end=\"1996\">\n<li data-start=\"1686\" data-end=\"1996\">Bang Blaze 20000 Puffs oferuje r\u00f3\u017cne poziomy nikotyny do wyboru: 0%, 2%, 3% i 5%. Niezale\u017cnie od tego, czy preferujesz \u0142agodniejszy, czy mocniejszy smak, znajdziesz odpowiedni\u0105 moc dla siebie. Szczeg\u00f3lnie poziomy nikotyny 0% i 3% mo\u017cna zamawia\u0107 w du\u017cych ilo\u015bciach, co zwi\u0119ksza komfort u\u017cytkowania.<\/li>\n<\/ul>\n<\/li>\n<li data-start=\"1998\" data-end=\"2277\">\n<p data-start=\"2001\" data-end=\"2055\">Z\u0142\u0105cze Typ-C \u2013 Szybkie \u0142adowanie, zawsze gotowy<\/p>\n<ul data-start=\"2059\" data-end=\"2277\">\n<li data-start=\"2059\" data-end=\"2277\">Z\u0142\u0105cze Typ-C umo\u017cliwia szybkie \u0142adowanie, dzi\u0119ki czemu w kr\u00f3tkim czasie zn\u00f3w mo\u017cesz vapowa\u0107. Niezale\u017cnie od tego, czy jeste\u015b w podr\u00f3\u017cy, czy w domu, Bang Blaze jest zawsze gotowy, by zapewni\u0107 Ci \u015bwietne do\u015bwiadczenie vapowania.<\/li>\n<\/ul>\n<\/li>\n<\/ol>\n<h4 data-start=\"2279\" data-end=\"2332\">Szybka dostawa i bezproblemowe zakupy<\/h4>\n<ul data-start=\"2334\" data-end=\"2932\">\n<li data-start=\"2334\" data-end=\"2619\">\n<p data-start=\"2336\" data-end=\"2384\">Wysy\u0142ka bezpo\u015brednia z Bremy, brak op\u0142at celnych<\/p>\n<ul data-start=\"2388\" data-end=\"2619\">\n<li data-start=\"2388\" data-end=\"2619\">Bang Blaze 20000 Puffs jest wysy\u0142any bezpo\u015brednio z naszego magazynu w Bremie, wi\u0119c nie musisz si\u0119 martwi\u0107 o op\u0142aty celne. Dostawa trwa od 2 do 4 dni \u2013 gwarantuj\u0105c p\u0142ynne zakupy.<\/li>\n<\/ul>\n<\/li>\n<li data-start=\"2621\" data-end=\"2932\">\n<p data-start=\"2623\" data-end=\"2666\">Kompaktowy i przeno\u015bny, zawsze gotowy do u\u017cycia<\/p>\n<ul data-start=\"2670\" data-end=\"2932\">\n<li data-start=\"2670\" data-end=\"2932\">Pomimo du\u017cej pojemno\u015bci urz\u0105dzenia, Bang Blaze wa\u017cy tylko 85g, jest lekki i przeno\u015bny. Mo\u017cesz go bez problemu schowa\u0107 do torby lub plecaka i korzysta\u0107 z niego w dowolnym miejscu \u2013 podczas podr\u00f3\u017cy, w pracy czy na spotkaniu z przyjaci\u00f3\u0142mi.<\/li>\n<\/ul>\n<\/li>\n<\/ul>\n<p>Dlaczego warto wybra\u0107 Bang Blaze 20000 Puffs?<\/p>\n<ul data-start=\"2996\" data-end=\"3440\">\n<li data-start=\"2996\" data-end=\"3070\">D\u0142ugi czas vapowania:<a href=\"https:\/\/vapingnet.de\/pl\/k\/vape-20000-zuege\/\" target=\"_blank\" rel=\"noopener\"><strong> 20.000 poci\u0105gni\u0119\u0107<\/strong><\/a> dla d\u0142ugotrwa\u0142ego do\u015bwiadczenia vapowania.<\/li>\n<li data-start=\"3071\" data-end=\"3190\">Wy\u015bmienity smak: Mango, brzoskwinia i arbuz oferuj\u0105 unikaln\u0105, orze\u017awiaj\u0105c\u0105 mieszank\u0119 owoc\u00f3w.<\/li>\n<li data-start=\"3191\" data-end=\"3284\">Szybkie \u0142adowanie: Z\u0142\u0105cze Typ-C do szybkiego \u0142adowania i natychmiastowej dost\u0119pno\u015bci.<\/li>\n<li data-start=\"3285\" data-end=\"3369\">Wysy\u0142ka bezpo\u015brednio z Polski: Dostawa w ci\u0105gu 2-4 dni bez op\u0142at celnych.<\/li>\n<li data-start=\"3370\" data-end=\"3440\">Lekki i przeno\u015bny: Tylko 85g, lekki i wygodny do noszenia w podr\u00f3\u017cy.<\/li>\n<\/ul>\n<h4 data-start=\"3442\" data-end=\"3505\">Kup teraz i ciesz si\u0119 najlepszym do\u015bwiadczeniem vapingu!<\/h4>\n<p data-start=\"3507\" data-end=\"3923\" data-is-last-node=\"\" data-is-only-node=\"\">Je\u015bli szukasz wydajnej, unikalnej w smaku i przeno\u015bnej e-papierosa, Bang Blaze 20000 Puffs jest idealnym wyborem. Odwied\u017a teraz <a href=\"https:\/\/vapingnet.de\/pl\/\" target=\"_new\" rel=\"noopener\" data-start=\"3670\" data-end=\"3706\">vapingnet.de<\/a> i zam\u00f3w bezpo\u015brednio na naszej stronie internetowej. Ciesz si\u0119 szybka wysy\u0142k\u0105 i wyj\u0105tkowym do\u015bwiadczeniem vapingu, kt\u00f3re oferuje Bang Blaze 20000 Puffs! Zam\u00f3w teraz i do\u015bwiadcz najwy\u017cszej wydajno\u015bci tej e-papierosa!<\/p>","protected":false},"excerpt":{"rendered":"<p>Bang Blaze 20000 Puffs \u2013 Idealne doznanie smakowe mango-brzoskwinia-arbuz dla d\u0142ugotrwa\u0142ego palenia! Na rynku e-papieros\u00f3w Bang Blaze 20000 Puffs wyr\u00f3\u017cnia si\u0119 jako wybitny...<\/p>","protected":false},"featured_media":6844,"template":"","meta":[],"etheme_brands":[],"product_brand":[101],"product_cat":[54,49,61],"product_tag":[],"class_list":{"0":"post-5131","1":"product","2":"type-product","3":"status-publish","4":"has-post-thumbnail","6":"product_brand-bang-king-vape","7":"product_cat-vape-20000-zuege","8":"product_cat-einweg-e-zigarette","9":"product_cat-f","11":"first","12":"instock","13":"shipping-taxable","14":"purchasable","15":"product-type-simple"},"yoast_head":"<!-- This site is optimized with the Yoast SEO plugin v26.5 - https:\/\/yoast.com\/wordpress\/plugins\/seo\/ -->\n<title>Erlebe 20000 Z\u00fcge mit Bang Blaze Mango Peach Watermelon | Vapingnet.de<\/title>\n<meta name=\"description\" content=\"Entdecke Erlebe 20000 Z\u00fcge mit Bang Blaze Mango Peach Watermelon bei vapingnet.de, \u25ba Gro\u00dfe Auswahl an Geschmacksrichtungen &amp; super g\u00fcnstig!\" \/>\n<meta name=\"robots\" content=\"index, follow, max-snippet:-1, max-image-preview:large, max-video-preview:-1\" \/>\n<link rel=\"canonical\" href=\"https:\/\/vapingnet.de\/pl\/vape\/erlebe-20000-zuege-mit-bang-blaze-mango-peach-watermelon\/\" \/>\n<meta property=\"og:locale\" content=\"pl_PL\" \/>\n<meta property=\"og:type\" content=\"article\" \/>\n<meta property=\"og:title\" content=\"Erlebe 20000 Z\u00fcge mit Bang Blaze Mango Peach Watermelon | Vapingnet.de\" \/>\n<meta property=\"og:description\" content=\"Entdecke Erlebe 20000 Z\u00fcge mit Bang Blaze Mango Peach Watermelon bei vapingnet.de, \u25ba Gro\u00dfe Auswahl an Geschmacksrichtungen &amp; super g\u00fcnstig!\" \/>\n<meta property=\"og:url\" content=\"https:\/\/vapingnet.de\/pl\/vape\/erlebe-20000-zuege-mit-bang-blaze-mango-peach-watermelon\/\" \/>\n<meta property=\"og:site_name\" content=\"Vapingnet.de\" \/>\n<meta property=\"article:publisher\" content=\"https:\/\/www.facebook.com\/vapingnetde\/\" \/>\n<meta property=\"article:modified_time\" content=\"2026-01-28T08:37:03+00:00\" \/>\n<meta property=\"og:image\" content=\"https:\/\/vapingnet.de\/wp-content\/uploads\/2025\/03\/bang-blaze.jpg\" \/>\n\t<meta property=\"og:image:width\" content=\"1000\" \/>\n\t<meta property=\"og:image:height\" content=\"1000\" \/>\n\t<meta property=\"og:image:type\" content=\"image\/jpeg\" \/>\n<meta name=\"twitter:card\" content=\"summary_large_image\" \/>\n<meta name=\"twitter:label1\" content=\"Est. reading time\" \/>\n\t<meta name=\"twitter:data1\" content=\"4 minutes\" \/>\n<script type=\"application\/ld+json\" class=\"yoast-schema-graph\">{\"@context\":\"https:\/\/schema.org\",\"@graph\":[{\"@type\":\"WebPage\",\"@id\":\"https:\/\/vapingnet.de\/vape\/erlebe-20000-zuege-mit-bang-blaze-mango-peach-watermelon\/\",\"url\":\"https:\/\/vapingnet.de\/vape\/erlebe-20000-zuege-mit-bang-blaze-mango-peach-watermelon\/\",\"name\":\"Erlebe 20000 Z\u00fcge mit Bang Blaze Mango Peach Watermelon | Vapingnet.de\",\"isPartOf\":{\"@id\":\"https:\/\/vapingnet.de\/#website\"},\"primaryImageOfPage\":{\"@id\":\"https:\/\/vapingnet.de\/vape\/erlebe-20000-zuege-mit-bang-blaze-mango-peach-watermelon\/#primaryimage\"},\"image\":{\"@id\":\"https:\/\/vapingnet.de\/vape\/erlebe-20000-zuege-mit-bang-blaze-mango-peach-watermelon\/#primaryimage\"},\"thumbnailUrl\":\"https:\/\/vapingnet.de\/wp-content\/uploads\/2025\/03\/bang-blaze.jpg\",\"datePublished\":\"2025-12-13T07:41:03+00:00\",\"dateModified\":\"2026-01-28T08:37:03+00:00\",\"description\":\"Entdecke Erlebe 20000 Z\u00fcge mit Bang Blaze Mango Peach Watermelon bei vapingnet.de, \u25ba Gro\u00dfe Auswahl an Geschmacksrichtungen & super g\u00fcnstig!\",\"breadcrumb\":{\"@id\":\"https:\/\/vapingnet.de\/vape\/erlebe-20000-zuege-mit-bang-blaze-mango-peach-watermelon\/#breadcrumb\"},\"inLanguage\":\"pl-PL\",\"potentialAction\":[{\"@type\":\"ReadAction\",\"target\":[\"https:\/\/vapingnet.de\/vape\/erlebe-20000-zuege-mit-bang-blaze-mango-peach-watermelon\/\"]}]},{\"@type\":\"ImageObject\",\"inLanguage\":\"pl-PL\",\"@id\":\"https:\/\/vapingnet.de\/vape\/erlebe-20000-zuege-mit-bang-blaze-mango-peach-watermelon\/#primaryimage\",\"url\":\"https:\/\/vapingnet.de\/wp-content\/uploads\/2025\/03\/bang-blaze.jpg\",\"contentUrl\":\"https:\/\/vapingnet.de\/wp-content\/uploads\/2025\/03\/bang-blaze.jpg\",\"width\":1000,\"height\":1000},{\"@type\":\"BreadcrumbList\",\"@id\":\"https:\/\/vapingnet.de\/vape\/erlebe-20000-zuege-mit-bang-blaze-mango-peach-watermelon\/#breadcrumb\",\"itemListElement\":[{\"@type\":\"ListItem\",\"position\":1,\"name\":\"Home\",\"item\":\"https:\/\/vapingnet.de\/\"},{\"@type\":\"ListItem\",\"position\":2,\"name\":\"Shop\",\"item\":\"https:\/\/vapingnet.de\/vape\/\"},{\"@type\":\"ListItem\",\"position\":3,\"name\":\"Erlebe 20000 Z\u00fcge mit Bang Blaze Mango Peach Watermelon\"}]},{\"@type\":\"WebSite\",\"@id\":\"https:\/\/vapingnet.de\/#website\",\"url\":\"https:\/\/vapingnet.de\/\",\"name\":\"Vapingnet.de\",\"description\":\"\",\"publisher\":{\"@id\":\"https:\/\/vapingnet.de\/#organization\"},\"potentialAction\":[{\"@type\":\"SearchAction\",\"target\":{\"@type\":\"EntryPoint\",\"urlTemplate\":\"https:\/\/vapingnet.de\/?s={search_term_string}\"},\"query-input\":{\"@type\":\"PropertyValueSpecification\",\"valueRequired\":true,\"valueName\":\"search_term_string\"}}],\"inLanguage\":\"pl-PL\"},{\"@type\":\"Organization\",\"@id\":\"https:\/\/vapingnet.de\/#organization\",\"name\":\"Vapingnet.de\",\"url\":\"https:\/\/vapingnet.de\/\",\"logo\":{\"@type\":\"ImageObject\",\"inLanguage\":\"pl-PL\",\"@id\":\"https:\/\/vapingnet.de\/#\/schema\/logo\/image\/\",\"url\":\"https:\/\/vapingnet.de\/wp-content\/uploads\/2025\/03\/cropped-vapingnet.de_.jpg\",\"contentUrl\":\"https:\/\/vapingnet.de\/wp-content\/uploads\/2025\/03\/cropped-vapingnet.de_.jpg\",\"width\":512,\"height\":512,\"caption\":\"Vapingnet.de\"},\"image\":{\"@id\":\"https:\/\/vapingnet.de\/#\/schema\/logo\/image\/\"},\"sameAs\":[\"https:\/\/www.facebook.com\/vapingnetde\/\"]}]}<\/script>\n<!-- \/ Yoast SEO plugin. -->","yoast_head_json":{"title":"Erlebe 20000 Z\u00fcge mit Bang Blaze Mango Peach Watermelon | Vapingnet.de","description":"Entdecke Erlebe 20000 Z\u00fcge mit Bang Blaze Mango Peach Watermelon bei vapingnet.de, \u25ba Gro\u00dfe Auswahl an Geschmacksrichtungen & super g\u00fcnstig!","robots":{"index":"index","follow":"follow","max-snippet":"max-snippet:-1","max-image-preview":"max-image-preview:large","max-video-preview":"max-video-preview:-1"},"canonical":"https:\/\/vapingnet.de\/pl\/vape\/erlebe-20000-zuege-mit-bang-blaze-mango-peach-watermelon\/","og_locale":"pl_PL","og_type":"article","og_title":"Erlebe 20000 Z\u00fcge mit Bang Blaze Mango Peach Watermelon | Vapingnet.de","og_description":"Entdecke Erlebe 20000 Z\u00fcge mit Bang Blaze Mango Peach Watermelon bei vapingnet.de, \u25ba Gro\u00dfe Auswahl an Geschmacksrichtungen & super g\u00fcnstig!","og_url":"https:\/\/vapingnet.de\/pl\/vape\/erlebe-20000-zuege-mit-bang-blaze-mango-peach-watermelon\/","og_site_name":"Vapingnet.de","article_publisher":"https:\/\/www.facebook.com\/vapingnetde\/","article_modified_time":"2026-01-28T08:37:03+00:00","og_image":[{"width":1000,"height":1000,"url":"https:\/\/vapingnet.de\/wp-content\/uploads\/2025\/03\/bang-blaze.jpg","type":"image\/jpeg"}],"twitter_card":"summary_large_image","twitter_misc":{"Est. reading time":"4 minutes"},"schema":{"@context":"https:\/\/schema.org","@graph":[{"@type":"WebPage","@id":"https:\/\/vapingnet.de\/vape\/erlebe-20000-zuege-mit-bang-blaze-mango-peach-watermelon\/","url":"https:\/\/vapingnet.de\/vape\/erlebe-20000-zuege-mit-bang-blaze-mango-peach-watermelon\/","name":"Erlebe 20000 Z\u00fcge mit Bang Blaze Mango Peach Watermelon | Vapingnet.de","isPartOf":{"@id":"https:\/\/vapingnet.de\/#website"},"primaryImageOfPage":{"@id":"https:\/\/vapingnet.de\/vape\/erlebe-20000-zuege-mit-bang-blaze-mango-peach-watermelon\/#primaryimage"},"image":{"@id":"https:\/\/vapingnet.de\/vape\/erlebe-20000-zuege-mit-bang-blaze-mango-peach-watermelon\/#primaryimage"},"thumbnailUrl":"https:\/\/vapingnet.de\/wp-content\/uploads\/2025\/03\/bang-blaze.jpg","datePublished":"2025-12-13T07:41:03+00:00","dateModified":"2026-01-28T08:37:03+00:00","description":"Entdecke Erlebe 20000 Z\u00fcge mit Bang Blaze Mango Peach Watermelon bei vapingnet.de, \u25ba Gro\u00dfe Auswahl an Geschmacksrichtungen & super g\u00fcnstig!","breadcrumb":{"@id":"https:\/\/vapingnet.de\/vape\/erlebe-20000-zuege-mit-bang-blaze-mango-peach-watermelon\/#breadcrumb"},"inLanguage":"pl-PL","potentialAction":[{"@type":"ReadAction","target":["https:\/\/vapingnet.de\/vape\/erlebe-20000-zuege-mit-bang-blaze-mango-peach-watermelon\/"]}]},{"@type":"ImageObject","inLanguage":"pl-PL","@id":"https:\/\/vapingnet.de\/vape\/erlebe-20000-zuege-mit-bang-blaze-mango-peach-watermelon\/#primaryimage","url":"https:\/\/vapingnet.de\/wp-content\/uploads\/2025\/03\/bang-blaze.jpg","contentUrl":"https:\/\/vapingnet.de\/wp-content\/uploads\/2025\/03\/bang-blaze.jpg","width":1000,"height":1000},{"@type":"BreadcrumbList","@id":"https:\/\/vapingnet.de\/vape\/erlebe-20000-zuege-mit-bang-blaze-mango-peach-watermelon\/#breadcrumb","itemListElement":[{"@type":"ListItem","position":1,"name":"Home","item":"https:\/\/vapingnet.de\/"},{"@type":"ListItem","position":2,"name":"Shop","item":"https:\/\/vapingnet.de\/vape\/"},{"@type":"ListItem","position":3,"name":"Erlebe 20000 Z\u00fcge mit Bang Blaze Mango Peach Watermelon"}]},{"@type":"WebSite","@id":"https:\/\/vapingnet.de\/#website","url":"https:\/\/vapingnet.de\/","name":"Vapingnet.de","description":"","publisher":{"@id":"https:\/\/vapingnet.de\/#organization"},"potentialAction":[{"@type":"SearchAction","target":{"@type":"EntryPoint","urlTemplate":"https:\/\/vapingnet.de\/?s={search_term_string}"},"query-input":{"@type":"PropertyValueSpecification","valueRequired":true,"valueName":"search_term_string"}}],"inLanguage":"pl-PL"},{"@type":"Organization","@id":"https:\/\/vapingnet.de\/#organization","name":"Vapingnet.de","url":"https:\/\/vapingnet.de\/","logo":{"@type":"ImageObject","inLanguage":"pl-PL","@id":"https:\/\/vapingnet.de\/#\/schema\/logo\/image\/","url":"https:\/\/vapingnet.de\/wp-content\/uploads\/2025\/03\/cropped-vapingnet.de_.jpg","contentUrl":"https:\/\/vapingnet.de\/wp-content\/uploads\/2025\/03\/cropped-vapingnet.de_.jpg","width":512,"height":512,"caption":"Vapingnet.de"},"image":{"@id":"https:\/\/vapingnet.de\/#\/schema\/logo\/image\/"},"sameAs":["https:\/\/www.facebook.com\/vapingnetde\/"]}]}},"tiered_pricing_type":"fixed","tiered_pricing_fixed_rules":{"10":"7.59","60":"6.83","110":"6.07","200":"5.31"},"tiered_pricing_product_settings":{"layout":"default","base_unit_name":{"singular":null,"plural":null},"default_variation":null},"tiered_pricing_minimum_quantity":null,"tiered_pricing_roles_data":[],"tiered_pricing_percentage_rules":[],"_links":{"self":[{"href":"https:\/\/vapingnet.de\/pl\/wp-json\/wp\/v2\/product\/5131","targetHints":{"allow":["GET"]}}],"collection":[{"href":"https:\/\/vapingnet.de\/pl\/wp-json\/wp\/v2\/product"}],"about":[{"href":"https:\/\/vapingnet.de\/pl\/wp-json\/wp\/v2\/types\/product"}],"version-history":[{"count":4,"href":"https:\/\/vapingnet.de\/pl\/wp-json\/wp\/v2\/product\/5131\/revisions"}],"predecessor-version":[{"id":7304,"href":"https:\/\/vapingnet.de\/pl\/wp-json\/wp\/v2\/product\/5131\/revisions\/7304"}],"wp:featuredmedia":[{"embeddable":true,"href":"https:\/\/vapingnet.de\/pl\/wp-json\/wp\/v2\/media\/6844"}],"wp:attachment":[{"href":"https:\/\/vapingnet.de\/pl\/wp-json\/wp\/v2\/media?parent=5131"}],"wp:term":[{"taxonomy":"brand","embeddable":true,"href":"https:\/\/vapingnet.de\/pl\/wp-json\/wp\/v2\/etheme_brands?post=5131"},{"taxonomy":"product_brand","embeddable":true,"href":"https:\/\/vapingnet.de\/pl\/wp-json\/wp\/v2\/product_brand?post=5131"},{"taxonomy":"product_cat","embeddable":true,"href":"https:\/\/vapingnet.de\/pl\/wp-json\/wp\/v2\/product_cat?post=5131"},{"taxonomy":"product_tag","embeddable":true,"href":"https:\/\/vapingnet.de\/pl\/wp-json\/wp\/v2\/product_tag?post=5131"}],"curies":[{"name":"wp","href":"https:\/\/api.w.org\/{rel}","templated":true}]}}