{"id":5139,"date":"2025-03-12T07:54:34","date_gmt":"2025-03-12T07:54:34","guid":{"rendered":"https:\/\/vapingnet.de\/?post_type=product&#038;p=5139"},"modified":"2025-06-19T03:42:00","modified_gmt":"2025-06-19T03:42:00","slug":"bang-blaze-kiwi-passion-fruit-pomegranate-20000-puffs-voller-genuss","status":"publish","type":"product","link":"https:\/\/vapingnet.de\/pl\/vape\/bang-blaze-kiwi-passion-fruit-pomegranate-20000-puffs-voller-genuss\/","title":{"rendered":"Bang Blaze Kiwi Passion Fruit Pomegranate 20000 puffs pe\u0142nych rozkoszy"},"content":{"rendered":"<h2 data-start=\"0\" data-end=\"145\" data-immersive-translate-paragraph=\"1\" data-immersive-translate-walked=\"0bbf4045-d285-4f7d-b72e-79fd8096a181\">Bang Blaze 20000 Pali \u2013 Ciesz si\u0119 idealnym mieszank\u0105 owocow\u0105 z Kiwi, Passion Fruit, Granat dla d\u0142ugotrwa\u0142ego do\u015bwiadczenia z vapowaniem!<\/h2>\n<p data-start=\"147\" data-end=\"646\" data-immersive-translate-walked=\"0bbf4045-d285-4f7d-b72e-79fd8096a181\" data-immersive-translate-paragraph=\"1\">Bang Blaze 20000 Pali to prawdziwe dzie\u0142o sztuki na rynku e-papieros\u00f3w. Dzi\u0119ki unikalnej mieszance smak\u00f3w owocowych i niezwykle d\u0142ugiemu czasowi u\u017cytkowania, ten jednorazowy vape szybko przyci\u0105gn\u0105\u0142 uwag\u0119 wielu vapowicz\u00f3w. Oferuje nie tylko unikalny smak Kiwi, Passion Fruit, Granat, ale tak\u017ce imponuj\u0105c\u0105 trwa\u0142o\u015b\u0107 i \u0142atwo\u015b\u0107 obs\u0142ugi. Zobaczmy, dlaczego ten vape jest absolutnym must-have dla ka\u017cdego vapowicza!<\/p>\n<h4 data-start=\"648\" data-end=\"672\" data-immersive-translate-walked=\"0bbf4045-d285-4f7d-b72e-79fd8096a181\">Cechy produktu:<\/h4>\n<p data-start=\"674\" data-end=\"716\" data-immersive-translate-walked=\"0bbf4045-d285-4f7d-b72e-79fd8096a181\" data-immersive-translate-paragraph=\"1\">1. D\u0142ugi czas vapowania \u2013 20 000 zaci\u0105gni\u0119\u0107<\/p>\n<p data-start=\"717\" data-end=\"1068\" data-immersive-translate-walked=\"0bbf4045-d285-4f7d-b72e-79fd8096a181\" data-immersive-translate-paragraph=\"1\">Bang Blaze 20000 Pali zapewnia niesamowity czas vapowania do <a href=\"https:\/\/vapingnet.de\/pl\/k\/vape-20000-zuege\/\" target=\"_blank\" rel=\"noopener\"><strong>20 000 poci\u0105gni\u0119ciami<\/strong><\/a>. W ten spos\u00f3b wyr\u00f3\u017cnia si\u0119 wyra\u017anie od tradycyjnych urz\u0105dze\u0144, kt\u00f3re zazwyczaj maj\u0105 znacznie kr\u00f3tsz\u0105 \u017cywotno\u015b\u0107. Niezale\u017cnie od tego, czy u\u017cywasz go na co dzie\u0144, czy podczas d\u0142ugich sesji na imprezach lub w podr\u00f3\u017cy \u2013 ten vape dostarcza sta\u0142\u0105 i d\u0142ugotrwa\u0142\u0105 przyjemno\u015b\u0107 z chmurzenia.<\/p>\n<p data-start=\"1070\" data-end=\"1166\" data-immersive-translate-walked=\"0bbf4045-d285-4f7d-b72e-79fd8096a181\" data-immersive-translate-paragraph=\"1\">2. Technologia Dul Mesh Coil \u2013 R\u00f3wnomierne podgrzewanie dla g\u0142adkiego smaku<\/p>\n<p data-start=\"1167\" data-end=\"1473\" data-immersive-translate-walked=\"0bbf4045-d285-4f7d-b72e-79fd8096a181\">Wyposa\u017cony w zaawansowan\u0105 technologi\u0119 Dul Mesh Coil (1.0\u03a9), Bang Blaze 20000 Pali zapewnia r\u00f3wnomierne i szybkie podgrzewanie e-liquidu, co prowadzi do sta\u0142ego, mi\u0119kkiego i intensywnego smaku. Ka\u017cde zaci\u0105gni\u0119cie gwarantuje r\u00f3wnomierny rozw\u00f3j chmury i pyszne doznania.<\/p>\n<p data-start=\"1475\" data-end=\"1561\" data-immersive-translate-walked=\"0bbf4045-d285-4f7d-b72e-79fd8096a181\">3. Smak Kiwi, Passion Fruit, Granat \u2013 Owocowa rozkosz<\/p>\n<p data-start=\"1562\" data-end=\"1967\" data-immersive-translate-walked=\"0bbf4045-d285-4f7d-b72e-79fd8096a181\">Ten <a href=\"https:\/\/vapingnet.de\/pl\/bang-blaze-20000-puffs\/\" target=\"_blank\" rel=\"noopener\"><strong>Bang Blaze 20000 Pali<\/strong> <\/a>oferuje niezwyk\u0142\u0105 mieszank\u0119 smak\u00f3w Kiwi, Passion Fruit i Granat. \u015awie\u017cy smak kiwi, s\u0142odycz marakui i g\u0142\u0119bia granatu \u0142\u0105cz\u0105 si\u0119 w unikalne doznanie smakowe. Ka\u017cde zaci\u0105gni\u0119cie przypomina zanurzenie si\u0119 w tropicznym ogrodzie pe\u0142nym soczystych owoc\u00f3w \u2013 orze\u017awiaj\u0105ce, s\u0142odkie i pe\u0142ne aromat\u00f3w owocowych.<\/p>\n<p data-start=\"1969\" data-end=\"2054\">4. R\u00f3\u017cne st\u0119\u017cenia nikotyny \u2013 Dla ka\u017cdego potrzebuj\u0105cego odpowiednia intensywno\u015b\u0107<\/p>\n<p data-start=\"2055\" data-end=\"2340\">Bang Blaze 20000 Pali jest dost\u0119pny w st\u0119\u017ceniach nikotyny 0%, 2%, 3% i 5%. W zale\u017cno\u015bci od potrzeb i preferencji mo\u017cesz wybra\u0107 odpowiedni\u0105 moc. Szczeg\u00f3lnie wersje 0% i 3% mo\u017cna zamawia\u0107 hurtowo, co czyni je idealnymi do du\u017cych zam\u00f3wie\u0144.<\/p>\n<p data-start=\"2342\" data-end=\"2412\">5. Szybkie \u0142adowanie \u2013 Z\u0142\u0105cze Typ-C dla natychmiastowej przyjemno\u015bci<\/p>\n<p data-start=\"2413\" data-end=\"2685\">Dzi\u0119ki z\u0142\u0105czu Typ-C \u0142adowanie Bang Blaze 20000 Pali jest wyj\u0105tkowo szybkie. Nie musisz si\u0119 martwi\u0107 o d\u0142ugi czas \u0142adowania \u2013 vape jest zawsze gotowy do u\u017cycia w kr\u00f3tkim czasie, umo\u017cliwiaj\u0105c Ci vapowanie bez przerwy.<\/p>\n<h4 data-start=\"2687\" data-end=\"2781\">Wygodne zakupy \u2013 Bez c\u0142a, bezpo\u015brednia dostawa z Deutschland, czas dostawy 2-4 dni<\/h4>\n<ul data-start=\"2783\" data-end=\"3397\">\n<li data-start=\"2783\" data-end=\"3077\">\n<p data-start=\"2785\" data-end=\"3077\">Brak c\u0142a, bezpo\u015brednia dostawa z Bremen<br data-start=\"2828\" data-end=\"2831\" \/>Wszystkie zam\u00f3wienia s\u0105 wysy\u0142ane bezpo\u015brednio z naszego magazynu w Bremen, wi\u0119c nie musisz si\u0119 martwi\u0107 o op\u0142aty celne czy dodatkowe koszty. Przy czasie dostawy tylko 2-4 dni otrzymasz sw\u00f3j vape szybko i niezawodnie.<\/p>\n<\/li>\n<li data-start=\"3079\" data-end=\"3397\">\n<p data-start=\"3081\" data-end=\"3397\">Kompaktowy i przeno\u015bny rozmiar<br data-start=\"3112\" data-end=\"3115\" \/>Pomimo du\u017cej pojemno\u015bci zbiornika i mocnej baterii, Bang Blaze 20000 Pali wa\u017cy zaledwie 85 g, co czyni go wyj\u0105tkowo lekkim i kompaktowym. Mo\u017cesz go wygodnie nosi\u0107 w kieszeni lub plecaku i korzysta\u0107 z niego w ka\u017cdej chwili, czy to podczas podr\u00f3\u017cy, w pracy, czy z przyjaci\u00f3\u0142mi.<\/p>\n<\/li>\n<\/ul>\n<p>Dlaczego warto wybra\u0107 Bang Blaze 20000 Pali:<\/p>\n<ul data-start=\"3461\" data-end=\"4037\">\n<li data-start=\"3461\" data-end=\"3542\">D\u0142ugi czas vapowania: Do 20 000 zaci\u0105gni\u0119\u0107 dla d\u0142ugotrwa\u0142ego do\u015bwiadczenia z vapowaniem.<\/li>\n<li data-start=\"3543\" data-end=\"3680\">Owocowy smak: Unikalna mieszanka Kiwi Passion Fruit Pomegranate dla orze\u017awiaj\u0105cego i s\u0142odkiego doznania.<\/li>\n<li data-start=\"3681\" data-end=\"3798\">Szybkie \u0142adowanie: Z\u0142\u0105cze Typ-C zapewnia szybkie \u0142adowanie, aby\u015b m\u00f3g\u0142 znowu cieszy\u0107 si\u0119 inhalacj\u0105 w kr\u00f3tkim czasie.<\/li>\n<li data-start=\"3799\" data-end=\"3920\">Brak op\u0142at celnych, szybka dostawa: Bezpo\u015brednia dostawa z Deutschland w ci\u0105gu 2-4 dni bez dodatkowych op\u0142at.<\/li>\n<li data-start=\"3921\" data-end=\"4037\">Lekki i przeno\u015bny: Z wag\u0105 zaledwie 85 g, vape jest wyj\u0105tkowo lekki i \u0142atwo go zabra\u0107 wsz\u0119dzie.<\/li>\n<\/ul>\n<h4 data-start=\"4039\" data-end=\"4142\">Kup teraz i ciesz si\u0119 unikalnym smakiem Kiwi Passion Fruit Pomegranate!<\/h4>\n<p data-start=\"4144\" data-end=\"4537\" data-is-last-node=\"\" data-is-only-node=\"\">Je\u015bli szukasz wysokiej jako\u015bci e-papierosa z doskona\u0142ym smakiem i d\u0142ugim czasem u\u017cytkowania, Bang Blaze 20000 Puffs to idealny wyb\u00f3r. Odwied\u017a nasz\u0105 stron\u0119 internetow\u0105 ju\u017c dzi\u015b <a href=\"https:\/\/vapingnet.de\/pl\/\" target=\"_new\" rel=\"noopener\" data-start=\"4353\" data-end=\"4389\">vapingnet.de<\/a>, zam\u00f3w bezpo\u015brednio i ciesz si\u0119 szybk\u0105 wysy\u0142k\u0105 oraz najwy\u017cszej klasy do\u015bwiadczeniem inhalacyjnym. Nie czekaj d\u0142u\u017cej i do\u015bwiadcz niezr\u00f3wnanej przyjemno\u015bci inhalacji!<\/p>","protected":false},"excerpt":{"rendered":"<p>Bang Blaze 20000 Pali \u2013 Ciesz si\u0119 idealnym mieszank\u0105 owoc\u00f3w z kiwi, passion fruit i granatem, dla d\u0142ugotrwa\u0142ego do\u015bwiadczenia inhalacji! Bang Blaze 20000 Pali to...<\/p>","protected":false},"featured_media":6844,"template":"","meta":[],"etheme_brands":[],"product_brand":[101],"product_cat":[54,49,61],"product_tag":[],"class_list":{"0":"post-5139","1":"product","2":"type-product","3":"status-publish","4":"has-post-thumbnail","6":"product_brand-bang-king-vape","7":"product_cat-vape-20000-zuege","8":"product_cat-einweg-e-zigarette","9":"product_cat-f","11":"first","12":"instock","13":"shipping-taxable","14":"purchasable","15":"product-type-simple"},"yoast_head":"<!-- This site is optimized with the Yoast SEO plugin v26.5 - https:\/\/yoast.com\/wordpress\/plugins\/seo\/ -->\n<title>Bang Blaze Kiwi Passion Fruit Pomegranate 20000 Puffs voller Genuss | Vapingnet.de<\/title>\n<meta name=\"description\" content=\"Entdecke Bang Blaze Kiwi Passion Fruit Pomegranate 20000 Puffs voller Genuss bei vapingnet.de, \u25ba Gro\u00dfe Auswahl an Geschmacksrichtungen &amp; super g\u00fcnstig!\" \/>\n<meta name=\"robots\" content=\"index, follow, max-snippet:-1, max-image-preview:large, max-video-preview:-1\" \/>\n<link rel=\"canonical\" href=\"https:\/\/vapingnet.de\/pl\/vape\/bang-blaze-kiwi-passion-fruit-pomegranate-20000-puffs-voller-genuss\/\" \/>\n<meta property=\"og:locale\" content=\"pl_PL\" \/>\n<meta property=\"og:type\" content=\"article\" \/>\n<meta property=\"og:title\" content=\"Bang Blaze Kiwi Passion Fruit Pomegranate 20000 Puffs voller Genuss | Vapingnet.de\" \/>\n<meta property=\"og:description\" content=\"Entdecke Bang Blaze Kiwi Passion Fruit Pomegranate 20000 Puffs voller Genuss bei vapingnet.de, \u25ba Gro\u00dfe Auswahl an Geschmacksrichtungen &amp; super g\u00fcnstig!\" \/>\n<meta property=\"og:url\" content=\"https:\/\/vapingnet.de\/pl\/vape\/bang-blaze-kiwi-passion-fruit-pomegranate-20000-puffs-voller-genuss\/\" \/>\n<meta property=\"og:site_name\" content=\"Vapingnet.de\" \/>\n<meta property=\"article:publisher\" content=\"https:\/\/www.facebook.com\/vapingnetde\/\" \/>\n<meta property=\"article:modified_time\" content=\"2025-06-19T03:42:00+00:00\" \/>\n<meta property=\"og:image\" content=\"https:\/\/vapingnet.de\/wp-content\/uploads\/2025\/03\/bang-blaze.jpg\" \/>\n\t<meta property=\"og:image:width\" content=\"1000\" \/>\n\t<meta property=\"og:image:height\" content=\"1000\" \/>\n\t<meta property=\"og:image:type\" content=\"image\/jpeg\" \/>\n<meta name=\"twitter:card\" content=\"summary_large_image\" \/>\n<meta name=\"twitter:label1\" content=\"Est. reading time\" \/>\n\t<meta name=\"twitter:data1\" content=\"4 minutes\" \/>\n<script type=\"application\/ld+json\" class=\"yoast-schema-graph\">{\"@context\":\"https:\/\/schema.org\",\"@graph\":[{\"@type\":\"WebPage\",\"@id\":\"https:\/\/vapingnet.de\/vape\/bang-blaze-kiwi-passion-fruit-pomegranate-20000-puffs-voller-genuss\/\",\"url\":\"https:\/\/vapingnet.de\/vape\/bang-blaze-kiwi-passion-fruit-pomegranate-20000-puffs-voller-genuss\/\",\"name\":\"Bang Blaze Kiwi Passion Fruit Pomegranate 20000 Puffs voller Genuss | Vapingnet.de\",\"isPartOf\":{\"@id\":\"https:\/\/vapingnet.de\/#website\"},\"primaryImageOfPage\":{\"@id\":\"https:\/\/vapingnet.de\/vape\/bang-blaze-kiwi-passion-fruit-pomegranate-20000-puffs-voller-genuss\/#primaryimage\"},\"image\":{\"@id\":\"https:\/\/vapingnet.de\/vape\/bang-blaze-kiwi-passion-fruit-pomegranate-20000-puffs-voller-genuss\/#primaryimage\"},\"thumbnailUrl\":\"https:\/\/vapingnet.de\/wp-content\/uploads\/2025\/03\/bang-blaze.jpg\",\"datePublished\":\"2025-03-12T07:54:34+00:00\",\"dateModified\":\"2025-06-19T03:42:00+00:00\",\"description\":\"Entdecke Bang Blaze Kiwi Passion Fruit Pomegranate 20000 Puffs voller Genuss bei vapingnet.de, \u25ba Gro\u00dfe Auswahl an Geschmacksrichtungen & super g\u00fcnstig!\",\"breadcrumb\":{\"@id\":\"https:\/\/vapingnet.de\/vape\/bang-blaze-kiwi-passion-fruit-pomegranate-20000-puffs-voller-genuss\/#breadcrumb\"},\"inLanguage\":\"pl-PL\",\"potentialAction\":[{\"@type\":\"ReadAction\",\"target\":[\"https:\/\/vapingnet.de\/vape\/bang-blaze-kiwi-passion-fruit-pomegranate-20000-puffs-voller-genuss\/\"]}]},{\"@type\":\"ImageObject\",\"inLanguage\":\"pl-PL\",\"@id\":\"https:\/\/vapingnet.de\/vape\/bang-blaze-kiwi-passion-fruit-pomegranate-20000-puffs-voller-genuss\/#primaryimage\",\"url\":\"https:\/\/vapingnet.de\/wp-content\/uploads\/2025\/03\/bang-blaze.jpg\",\"contentUrl\":\"https:\/\/vapingnet.de\/wp-content\/uploads\/2025\/03\/bang-blaze.jpg\",\"width\":1000,\"height\":1000},{\"@type\":\"BreadcrumbList\",\"@id\":\"https:\/\/vapingnet.de\/vape\/bang-blaze-kiwi-passion-fruit-pomegranate-20000-puffs-voller-genuss\/#breadcrumb\",\"itemListElement\":[{\"@type\":\"ListItem\",\"position\":1,\"name\":\"Home\",\"item\":\"https:\/\/vapingnet.de\/\"},{\"@type\":\"ListItem\",\"position\":2,\"name\":\"Shop\",\"item\":\"https:\/\/vapingnet.de\/vape\/\"},{\"@type\":\"ListItem\",\"position\":3,\"name\":\"Bang Blaze Kiwi Passion Fruit Pomegranate 20000 Puffs voller Genuss\"}]},{\"@type\":\"WebSite\",\"@id\":\"https:\/\/vapingnet.de\/#website\",\"url\":\"https:\/\/vapingnet.de\/\",\"name\":\"Vapingnet.de\",\"description\":\"\",\"publisher\":{\"@id\":\"https:\/\/vapingnet.de\/#organization\"},\"potentialAction\":[{\"@type\":\"SearchAction\",\"target\":{\"@type\":\"EntryPoint\",\"urlTemplate\":\"https:\/\/vapingnet.de\/?s={search_term_string}\"},\"query-input\":{\"@type\":\"PropertyValueSpecification\",\"valueRequired\":true,\"valueName\":\"search_term_string\"}}],\"inLanguage\":\"pl-PL\"},{\"@type\":\"Organization\",\"@id\":\"https:\/\/vapingnet.de\/#organization\",\"name\":\"Vapingnet.de\",\"url\":\"https:\/\/vapingnet.de\/\",\"logo\":{\"@type\":\"ImageObject\",\"inLanguage\":\"pl-PL\",\"@id\":\"https:\/\/vapingnet.de\/#\/schema\/logo\/image\/\",\"url\":\"https:\/\/vapingnet.de\/wp-content\/uploads\/2025\/03\/cropped-vapingnet.de_.jpg\",\"contentUrl\":\"https:\/\/vapingnet.de\/wp-content\/uploads\/2025\/03\/cropped-vapingnet.de_.jpg\",\"width\":512,\"height\":512,\"caption\":\"Vapingnet.de\"},\"image\":{\"@id\":\"https:\/\/vapingnet.de\/#\/schema\/logo\/image\/\"},\"sameAs\":[\"https:\/\/www.facebook.com\/vapingnetde\/\"]}]}<\/script>\n<!-- \/ Yoast SEO plugin. -->","yoast_head_json":{"title":"Bang Blaze Kiwi Passion Fruit Pomegranate 20000 Puffs voller Genuss | Vapingnet.de","description":"Entdecke Bang Blaze Kiwi Passion Fruit Pomegranate 20000 Puffs voller Genuss bei vapingnet.de, \u25ba Gro\u00dfe Auswahl an Geschmacksrichtungen & super g\u00fcnstig!","robots":{"index":"index","follow":"follow","max-snippet":"max-snippet:-1","max-image-preview":"max-image-preview:large","max-video-preview":"max-video-preview:-1"},"canonical":"https:\/\/vapingnet.de\/pl\/vape\/bang-blaze-kiwi-passion-fruit-pomegranate-20000-puffs-voller-genuss\/","og_locale":"pl_PL","og_type":"article","og_title":"Bang Blaze Kiwi Passion Fruit Pomegranate 20000 Puffs voller Genuss | Vapingnet.de","og_description":"Entdecke Bang Blaze Kiwi Passion Fruit Pomegranate 20000 Puffs voller Genuss bei vapingnet.de, \u25ba Gro\u00dfe Auswahl an Geschmacksrichtungen & super g\u00fcnstig!","og_url":"https:\/\/vapingnet.de\/pl\/vape\/bang-blaze-kiwi-passion-fruit-pomegranate-20000-puffs-voller-genuss\/","og_site_name":"Vapingnet.de","article_publisher":"https:\/\/www.facebook.com\/vapingnetde\/","article_modified_time":"2025-06-19T03:42:00+00:00","og_image":[{"width":1000,"height":1000,"url":"https:\/\/vapingnet.de\/wp-content\/uploads\/2025\/03\/bang-blaze.jpg","type":"image\/jpeg"}],"twitter_card":"summary_large_image","twitter_misc":{"Est. reading time":"4 minutes"},"schema":{"@context":"https:\/\/schema.org","@graph":[{"@type":"WebPage","@id":"https:\/\/vapingnet.de\/vape\/bang-blaze-kiwi-passion-fruit-pomegranate-20000-puffs-voller-genuss\/","url":"https:\/\/vapingnet.de\/vape\/bang-blaze-kiwi-passion-fruit-pomegranate-20000-puffs-voller-genuss\/","name":"Bang Blaze Kiwi Passion Fruit Pomegranate 20000 Puffs voller Genuss | Vapingnet.de","isPartOf":{"@id":"https:\/\/vapingnet.de\/#website"},"primaryImageOfPage":{"@id":"https:\/\/vapingnet.de\/vape\/bang-blaze-kiwi-passion-fruit-pomegranate-20000-puffs-voller-genuss\/#primaryimage"},"image":{"@id":"https:\/\/vapingnet.de\/vape\/bang-blaze-kiwi-passion-fruit-pomegranate-20000-puffs-voller-genuss\/#primaryimage"},"thumbnailUrl":"https:\/\/vapingnet.de\/wp-content\/uploads\/2025\/03\/bang-blaze.jpg","datePublished":"2025-03-12T07:54:34+00:00","dateModified":"2025-06-19T03:42:00+00:00","description":"Entdecke Bang Blaze Kiwi Passion Fruit Pomegranate 20000 Puffs voller Genuss bei vapingnet.de, \u25ba Gro\u00dfe Auswahl an Geschmacksrichtungen & super g\u00fcnstig!","breadcrumb":{"@id":"https:\/\/vapingnet.de\/vape\/bang-blaze-kiwi-passion-fruit-pomegranate-20000-puffs-voller-genuss\/#breadcrumb"},"inLanguage":"pl-PL","potentialAction":[{"@type":"ReadAction","target":["https:\/\/vapingnet.de\/vape\/bang-blaze-kiwi-passion-fruit-pomegranate-20000-puffs-voller-genuss\/"]}]},{"@type":"ImageObject","inLanguage":"pl-PL","@id":"https:\/\/vapingnet.de\/vape\/bang-blaze-kiwi-passion-fruit-pomegranate-20000-puffs-voller-genuss\/#primaryimage","url":"https:\/\/vapingnet.de\/wp-content\/uploads\/2025\/03\/bang-blaze.jpg","contentUrl":"https:\/\/vapingnet.de\/wp-content\/uploads\/2025\/03\/bang-blaze.jpg","width":1000,"height":1000},{"@type":"BreadcrumbList","@id":"https:\/\/vapingnet.de\/vape\/bang-blaze-kiwi-passion-fruit-pomegranate-20000-puffs-voller-genuss\/#breadcrumb","itemListElement":[{"@type":"ListItem","position":1,"name":"Home","item":"https:\/\/vapingnet.de\/"},{"@type":"ListItem","position":2,"name":"Shop","item":"https:\/\/vapingnet.de\/vape\/"},{"@type":"ListItem","position":3,"name":"Bang Blaze Kiwi Passion Fruit Pomegranate 20000 Puffs voller Genuss"}]},{"@type":"WebSite","@id":"https:\/\/vapingnet.de\/#website","url":"https:\/\/vapingnet.de\/","name":"Vapingnet.de","description":"","publisher":{"@id":"https:\/\/vapingnet.de\/#organization"},"potentialAction":[{"@type":"SearchAction","target":{"@type":"EntryPoint","urlTemplate":"https:\/\/vapingnet.de\/?s={search_term_string}"},"query-input":{"@type":"PropertyValueSpecification","valueRequired":true,"valueName":"search_term_string"}}],"inLanguage":"pl-PL"},{"@type":"Organization","@id":"https:\/\/vapingnet.de\/#organization","name":"Vapingnet.de","url":"https:\/\/vapingnet.de\/","logo":{"@type":"ImageObject","inLanguage":"pl-PL","@id":"https:\/\/vapingnet.de\/#\/schema\/logo\/image\/","url":"https:\/\/vapingnet.de\/wp-content\/uploads\/2025\/03\/cropped-vapingnet.de_.jpg","contentUrl":"https:\/\/vapingnet.de\/wp-content\/uploads\/2025\/03\/cropped-vapingnet.de_.jpg","width":512,"height":512,"caption":"Vapingnet.de"},"image":{"@id":"https:\/\/vapingnet.de\/#\/schema\/logo\/image\/"},"sameAs":["https:\/\/www.facebook.com\/vapingnetde\/"]}]}},"tiered_pricing_type":"fixed","tiered_pricing_fixed_rules":{"10":"7.59","60":"6.83","110":"6.07","200":"5.31"},"tiered_pricing_product_settings":{"layout":"default","base_unit_name":{"singular":null,"plural":null},"default_variation":null},"tiered_pricing_minimum_quantity":null,"tiered_pricing_roles_data":[],"tiered_pricing_percentage_rules":[],"_links":{"self":[{"href":"https:\/\/vapingnet.de\/pl\/wp-json\/wp\/v2\/product\/5139","targetHints":{"allow":["GET"]}}],"collection":[{"href":"https:\/\/vapingnet.de\/pl\/wp-json\/wp\/v2\/product"}],"about":[{"href":"https:\/\/vapingnet.de\/pl\/wp-json\/wp\/v2\/types\/product"}],"version-history":[{"count":2,"href":"https:\/\/vapingnet.de\/pl\/wp-json\/wp\/v2\/product\/5139\/revisions"}],"predecessor-version":[{"id":6214,"href":"https:\/\/vapingnet.de\/pl\/wp-json\/wp\/v2\/product\/5139\/revisions\/6214"}],"wp:featuredmedia":[{"embeddable":true,"href":"https:\/\/vapingnet.de\/pl\/wp-json\/wp\/v2\/media\/6844"}],"wp:attachment":[{"href":"https:\/\/vapingnet.de\/pl\/wp-json\/wp\/v2\/media?parent=5139"}],"wp:term":[{"taxonomy":"brand","embeddable":true,"href":"https:\/\/vapingnet.de\/pl\/wp-json\/wp\/v2\/etheme_brands?post=5139"},{"taxonomy":"product_brand","embeddable":true,"href":"https:\/\/vapingnet.de\/pl\/wp-json\/wp\/v2\/product_brand?post=5139"},{"taxonomy":"product_cat","embeddable":true,"href":"https:\/\/vapingnet.de\/pl\/wp-json\/wp\/v2\/product_cat?post=5139"},{"taxonomy":"product_tag","embeddable":true,"href":"https:\/\/vapingnet.de\/pl\/wp-json\/wp\/v2\/product_tag?post=5139"}],"curies":[{"name":"wp","href":"https:\/\/api.w.org\/{rel}","templated":true}]}}