{"id":5142,"date":"2025-03-12T08:02:38","date_gmt":"2025-03-12T08:02:38","guid":{"rendered":"https:\/\/vapingnet.de\/?post_type=product&#038;p=5142"},"modified":"2025-06-19T03:41:35","modified_gmt":"2025-06-19T03:41:35","slug":"fast-delivery-bang-blaze-20000-puffs-for-fruity-pleasure","status":"publish","type":"product","link":"https:\/\/vapingnet.de\/pl\/vape\/fast-delivery-bang-blaze-20000-puffs-for-fruity-pleasure\/","title":{"rendered":"Szybka dostawa Bang Blaze 20000 puffs dla owocowej przyjemno\u015bci"},"content":{"rendered":"<h2 data-start=\"0\" data-end=\"121\">Bang Blaze 20000 Pali \u2013 Ostateczny jednorazowy e-papieros z d\u0142ugotrwa\u0142\u0105 przyjemno\u015bci\u0105 i r\u00f3\u017cnorodnymi smakami!<\/h2>\n<p data-start=\"123\" data-end=\"665\">Je\u015bli szukasz e-papierosa, kt\u00f3ry oferuje niezwykle d\u0142ugi czas u\u017cytkowania, r\u00f3\u017cnorodne smaki i wygodne \u0142adowanie, to <a href=\"https:\/\/vapingnet.de\/pl\/bang-blaze-20000-puffs\/\" target=\"_blank\" rel=\"noopener\"><strong>Bang Blaze 20000 Pali<\/strong> <\/a>w\u0142a\u015bnie to jest dla Ciebie! Ten e-papieros \u0142\u0105czy zaawansowan\u0105 technologi\u0119 z szerokim wyborem pysznych aromat\u00f3w i zosta\u0142 specjalnie zaprojektowany dla palaczy, kt\u00f3rzy poszukuj\u0105 wysokiej jako\u015bci i trwa\u0142ego do\u015bwiadczenia vapowania. Przyjrzyjmy si\u0119 cechom, kt\u00f3re czyni\u0105 ten produkt niezb\u0119dnym dla ka\u017cdego palacza.<\/p>\n<h4 data-start=\"667\" data-end=\"691\">Przegl\u0105d produktu<\/h4>\n<table data-start=\"693\" data-end=\"2349\">\n<thead data-start=\"693\" data-end=\"829\">\n<tr data-start=\"693\" data-end=\"829\">\n<th data-start=\"693\" data-end=\"721\">Cecha<\/th>\n<th data-start=\"721\" data-end=\"829\">Opis<\/th>\n<\/tr>\n<\/thead>\n<tbody data-start=\"967\" data-end=\"2349\">\n<tr data-start=\"967\" data-end=\"1103\">\n<td>Model<\/td>\n<td>Bang Blaze 20000 Pali<\/td>\n<\/tr>\n<tr data-start=\"1104\" data-end=\"1240\">\n<td>Coil<\/td>\n<td>Dul Mesh Coil 1.0\u03a9<\/td>\n<\/tr>\n<tr data-start=\"1241\" data-end=\"1378\">\n<td>Bateria<\/td>\n<td>1000mAh (wymienna)<\/td>\n<\/tr>\n<tr data-start=\"1379\" data-end=\"1516\">\n<td>Po\u0142\u0105czenie<\/td>\n<td>Z\u0142\u0105cze Typ-C do szybkiego \u0142adowania<\/td>\n<\/tr>\n<tr data-start=\"1517\" data-end=\"1654\">\n<td>Poci\u0105gni\u0119cia<\/td>\n<td>20.000 poci\u0105gni\u0119\u0107<\/td>\n<\/tr>\n<tr data-start=\"1655\" data-end=\"1799\">\n<td>Aromaty<\/td>\n<td>Mieszane jagody, Bor\u00f3wka Raspberries, Mango Brzoskwinia Arbuz, Arbuz Guma balonowa, Kiwi Passion Fruit Granat<\/td>\n<\/tr>\n<tr data-start=\"1800\" data-end=\"1936\">\n<td>E-liquid<\/td>\n<td>26ml<\/td>\n<\/tr>\n<tr data-start=\"1937\" data-end=\"2074\">\n<td>St\u0119\u017cenia nikotyny<\/td>\n<td>0%, 2%, 3%, 5% (0% i 3% musz\u0105 by\u0107 zamawiane w du\u017cych ilo\u015bciach)<\/td>\n<\/tr>\n<tr data-start=\"2075\" data-end=\"2211\">\n<td>Waga<\/td>\n<td>85g<\/td>\n<\/tr>\n<tr data-start=\"2212\" data-end=\"2349\">\n<td>Bez c\u0142a<\/td>\n<td>Bez c\u0142a, wysy\u0142ka bezpo\u015brednia z Polski, dostawa w ci\u0105gu 2-4 dni<\/td>\n<\/tr>\n<\/tbody>\n<\/table>\n<h4 data-start=\"2351\" data-end=\"2401\">D\u0142uga trwa\u0142o\u015b\u0107 i efektywny design<\/h4>\n<p data-start=\"2403\" data-end=\"2704\">Bang Blaze 20000 Puffs oferuje imponuj\u0105ce <a href=\"https:\/\/vapingnet.de\/pl\/k\/vape-20000-zuege\/\" target=\"_blank\" rel=\"noopener\"><strong>20.000 poci\u0105gni\u0119\u0107<\/strong><\/a>, co oznacza, \u017ce mo\u017cesz pali\u0107 d\u0142ugo i bez przerwy, nie musz\u0105c ci\u0105gle zmienia\u0107 urz\u0105dzenia. Niezale\u017cnie od codziennego u\u017cytku czy d\u0142ugich sesji na imprezach lub podczas podr\u00f3\u017cy \u2013 ten vape zapewnia d\u0142ugotrwa\u0142e do\u015bwiadczenie inhalacji.<\/p>\n<h4 data-start=\"2706\" data-end=\"2755\">R\u00f3\u017cnorodne smaki \u2013 Ka\u017cde zaci\u0105gni\u0119cie to przyjemno\u015b\u0107<\/h4>\n<p data-start=\"2757\" data-end=\"2897\">Bang Blaze oferuje szeroki wyb\u00f3r pysznych smak\u00f3w, kt\u00f3re przypadn\u0105 do gustu ka\u017cdemu vaporowi. Oto niekt\u00f3re z najpopularniejszych smak\u00f3w:<\/p>\n<ul data-start=\"2899\" data-end=\"3554\">\n<li data-start=\"2899\" data-end=\"3023\">Mieszane jagody: Mieszanka r\u00f3\u017cnych jag\u00f3d, zapewniaj\u0105ca orze\u017awiaj\u0105cy i s\u0142odki smakowy miks.<\/li>\n<li data-start=\"3024\" data-end=\"3126\">Bor\u00f3wka Raspberries: Bor\u00f3wka i malina dla harmonijnego, owocowego wybuchu smaku.<\/li>\n<li data-start=\"3127\" data-end=\"3257\">Mango Brzoskwinia Arbuz: Tropikalne po\u0142\u0105czenie mango, brzoskwini i arbuza, kt\u00f3re przynosi lato w ka\u017cdym zaci\u0105gni\u0119ciu.<\/li>\n<li data-start=\"3258\" data-end=\"3405\">Arbuz Bubblegum: Idealne po\u0142\u0105czenie orze\u017awiaj\u0105cego arbuza i s\u0142odkiego smaku gumy do \u017cucia \u2013 podr\u00f3\u017c do dzieci\u0144stwa pe\u0142na nostalgii.<\/li>\n<li data-start=\"3406\" data-end=\"3554\">Kiwi Passion Fruit Granat: Egzotyczne po\u0142\u0105czenie kiwi, marakui i granatu dla intensywnego i z\u0142o\u017conego smaku.<\/li>\n<\/ul>\n<h4 data-start=\"3556\" data-end=\"3615\">Elastyczna nikotyna \u2013 Dla ka\u017cdego odpowiednie do\u015bwiadczenie<\/h4>\n<p data-start=\"3617\" data-end=\"3912\">Bang Blaze 20000 Puffs jest dost\u0119pny w r\u00f3\u017cnych st\u0119\u017ceniach nikotyny: 0%, 2%, 3% i 5%. Wybierz st\u0119\u017cenie nikotyny, kt\u00f3re odpowiada Twoim potrzebom \u2013 dla \u0142agodniejszego lub bardziej intensywnego do\u015bwiadczenia inhalacji. Pami\u0119taj, \u017ce warianty 0% i 3% musz\u0105 by\u0107 zamawiane w wi\u0119kszych ilo\u015bciach.<\/p>\n<h4 data-start=\"3914\" data-end=\"3960\">Z\u0142\u0105cze Typ-C i szybkie \u0142adowanie<\/h4>\n<p data-start=\"3962\" data-end=\"4196\">Dzi\u0119ki z\u0142\u0105czu Typ-C mo\u017cesz szybko na\u0142adowa\u0107 swojego Bang Blaze, dzi\u0119ki czemu zawsze b\u0119dzie gotowy do u\u017cycia w kr\u00f3tkim czasie. To oznacza, \u017ce nigdy nie b\u0119dziesz musia\u0142 d\u0142ugo czeka\u0107 na swojego vapa \u2013 po prostu na\u0142aduj i kontynuuj.<\/p>\n<h4 data-start=\"4198\" data-end=\"4263\">Bez c\u0142a i szybka dostawa \u2013 Bez stresu, tylko przyjemno\u015b\u0107<\/h4>\n<ul data-start=\"4265\" data-end=\"4514\">\n<li data-start=\"4265\" data-end=\"4406\">Bez c\u0142a: Wszystkie zam\u00f3wienia s\u0105 wysy\u0142ane bezpo\u015brednio z naszego <a href=\"https:\/\/vapingnet.de\/pl\/k\/de\/\" target=\"_blank\" rel=\"noopener\"><strong>magazynu w Bremie<\/strong><\/a> bez dodatkowych op\u0142at celnych lub ukrytych koszt\u00f3w.<\/li>\n<li data-start=\"4407\" data-end=\"4514\">Szybka dostawa: Tw\u00f3j Bang Blaze 20000 Puffs zostanie dostarczony bezpo\u015brednio do Ciebie w ci\u0105gu 2-4 dni.<\/li>\n<\/ul>\n<h4 data-start=\"4516\" data-end=\"4564\">Kompaktowy i przeno\u015bny \u2013 korzystaj zawsze i wsz\u0119dzie<\/h4>\n<p data-start=\"4566\" data-end=\"4836\">O wadze zaledwie 85 g, Bang Blaze 20000 Puffs jest szczeg\u00f3lnie lekki i \u0142atwy do przenoszenia. Mo\u017cesz go bez problemu schowa\u0107 do torby lub plecaka i korzysta\u0107 w dowolnym miejscu \u2013 czy to w podr\u00f3\u017cy, na wycieczce, czy podczas spotkania z przyjaci\u00f3\u0142mi.<\/p>\n<h3>Dlaczego wybra\u0107 Bang Blaze 20000 Puffs?<\/h3>\n<ol data-start=\"4884\" data-end=\"5437\">\n<li data-start=\"4884\" data-end=\"4956\">D\u0142uga \u017cywotno\u015b\u0107: do 20 000 zaci\u0105gni\u0119\u0107 dla d\u0142ugotrwa\u0142ego korzystania z e-papierosa.<\/li>\n<li data-start=\"4957\" data-end=\"5054\">Szeroki wyb\u00f3r smak\u00f3w: bogata gama pysznych aromat\u00f3w na ka\u017cde gusta.<\/li>\n<li data-start=\"5055\" data-end=\"5149\">Elastyczny nikotyn: 0%, 2%, 3% i 5% nikotyny, aby sprosta\u0107 Twoim potrzebom.<\/li>\n<li data-start=\"5150\" data-end=\"5215\">Szybkie \u0142adowanie typu C: na\u0142aduj szybko i od razu korzystaj.<\/li>\n<li data-start=\"5216\" data-end=\"5334\">Bez c\u0142a, szybka dostawa: wysy\u0142ka bezpo\u015brednia z Deutschland z dostaw\u0105 w ci\u0105gu 2-4 dni bez dodatkowych koszt\u00f3w.<\/li>\n<li data-start=\"5335\" data-end=\"5437\">Lekki i przeno\u015bny: kompaktowy rozmiar do \u0142atwego noszenia i korzystania, kiedy tylko chcesz.<\/li>\n<\/ol>\n<p data-start=\"5439\" data-end=\"5528\">Kup teraz i ciesz si\u0119 smakiem kiwi, marakui i granatu!<\/p>\n<p data-start=\"5530\" data-end=\"5901\" data-is-last-node=\"\" data-is-only-node=\"\">Je\u015bli szukasz wysokiej jako\u015bci e-papierosa z d\u0142ugotrwa\u0142ym u\u017cytkowaniem i pysznymi aromatami, Bang Blaze 20000 Puffs to idealny wyb\u00f3r. Odwied\u017a ju\u017c dzi\u015b nasz\u0105 stron\u0119 internetow\u0105 <a href=\"https:\/\/vapingnet.de\/pl\/\" target=\"_new\" rel=\"noopener\" data-start=\"5732\" data-end=\"5768\">vapingnet.de<\/a>, zam\u00f3w teraz i skorzystaj z szybkiej dostawy oraz doskona\u0142ego do\u015bwiadczenia vapingowego. Rozpocznij swoj\u0105 przygod\u0119 z vapingiem ju\u017c dzi\u015b!<\/p>","protected":false},"excerpt":{"rendered":"<p>Wysokiej jako\u015bci elektroniczne papierosy\ud83d\udd25, wysy\u0142ka bezpo\u015brednio z magazynu w Bremie, dostawa w ci\u0105gu 2-4 dni!<\/p>","protected":false},"featured_media":5150,"template":"","meta":[],"etheme_brands":[],"product_brand":[101],"product_cat":[54,60,59,49,61],"product_tag":[],"class_list":{"0":"post-5142","1":"product","2":"type-product","3":"status-publish","4":"has-post-thumbnail","6":"product_brand-bang-king-vape","7":"product_cat-vape-20000-zuege","8":"product_cat-c","9":"product_cat-de","10":"product_cat-einweg-e-zigarette","11":"product_cat-f","13":"first","14":"instock","15":"shipping-taxable","16":"purchasable","17":"product-type-variable"},"yoast_head":"<!-- This site is optimized with the Yoast SEO plugin v26.5 - https:\/\/yoast.com\/wordpress\/plugins\/seo\/ -->\n<title>Fast delivery Bang Blaze 20000 puffs for fruity pleasure | Vapingnet.de<\/title>\n<meta name=\"description\" content=\"Entdecke Fast delivery Bang Blaze 20000 puffs for fruity pleasure bei vapingnet.de, \u25ba Gro\u00dfe Auswahl an Geschmacksrichtungen &amp; super g\u00fcnstig!\" \/>\n<meta name=\"robots\" content=\"index, follow, max-snippet:-1, max-image-preview:large, max-video-preview:-1\" \/>\n<link rel=\"canonical\" href=\"https:\/\/vapingnet.de\/pl\/vape\/fast-delivery-bang-blaze-20000-puffs-for-fruity-pleasure\/\" \/>\n<meta property=\"og:locale\" content=\"pl_PL\" \/>\n<meta property=\"og:type\" content=\"article\" \/>\n<meta property=\"og:title\" content=\"Fast delivery Bang Blaze 20000 puffs for fruity pleasure | Vapingnet.de\" \/>\n<meta property=\"og:description\" content=\"Entdecke Fast delivery Bang Blaze 20000 puffs for fruity pleasure bei vapingnet.de, \u25ba Gro\u00dfe Auswahl an Geschmacksrichtungen &amp; super g\u00fcnstig!\" \/>\n<meta property=\"og:url\" content=\"https:\/\/vapingnet.de\/pl\/vape\/fast-delivery-bang-blaze-20000-puffs-for-fruity-pleasure\/\" \/>\n<meta property=\"og:site_name\" content=\"Vapingnet.de\" \/>\n<meta property=\"article:publisher\" content=\"https:\/\/www.facebook.com\/vapingnetde\/\" \/>\n<meta property=\"article:modified_time\" content=\"2025-06-19T03:41:35+00:00\" \/>\n<meta property=\"og:image\" content=\"https:\/\/vapingnet.de\/wp-content\/uploads\/2025\/03\/bangking.png\" \/>\n\t<meta property=\"og:image:width\" content=\"900\" \/>\n\t<meta property=\"og:image:height\" content=\"600\" \/>\n\t<meta property=\"og:image:type\" content=\"image\/png\" \/>\n<meta name=\"twitter:card\" content=\"summary_large_image\" \/>\n<meta name=\"twitter:label1\" content=\"Est. reading time\" \/>\n\t<meta name=\"twitter:data1\" content=\"4 minutes\" \/>\n<script type=\"application\/ld+json\" class=\"yoast-schema-graph\">{\"@context\":\"https:\/\/schema.org\",\"@graph\":[{\"@type\":\"WebPage\",\"@id\":\"https:\/\/vapingnet.de\/vape\/fast-delivery-bang-blaze-20000-puffs-for-fruity-pleasure\/\",\"url\":\"https:\/\/vapingnet.de\/vape\/fast-delivery-bang-blaze-20000-puffs-for-fruity-pleasure\/\",\"name\":\"Fast delivery Bang Blaze 20000 puffs for fruity pleasure | Vapingnet.de\",\"isPartOf\":{\"@id\":\"https:\/\/vapingnet.de\/#website\"},\"primaryImageOfPage\":{\"@id\":\"https:\/\/vapingnet.de\/vape\/fast-delivery-bang-blaze-20000-puffs-for-fruity-pleasure\/#primaryimage\"},\"image\":{\"@id\":\"https:\/\/vapingnet.de\/vape\/fast-delivery-bang-blaze-20000-puffs-for-fruity-pleasure\/#primaryimage\"},\"thumbnailUrl\":\"https:\/\/vapingnet.de\/wp-content\/uploads\/2025\/03\/bangking.png\",\"datePublished\":\"2025-03-12T08:02:38+00:00\",\"dateModified\":\"2025-06-19T03:41:35+00:00\",\"description\":\"Entdecke Fast delivery Bang Blaze 20000 puffs for fruity pleasure bei vapingnet.de, \u25ba Gro\u00dfe Auswahl an Geschmacksrichtungen & super g\u00fcnstig!\",\"breadcrumb\":{\"@id\":\"https:\/\/vapingnet.de\/vape\/fast-delivery-bang-blaze-20000-puffs-for-fruity-pleasure\/#breadcrumb\"},\"inLanguage\":\"pl-PL\",\"potentialAction\":[{\"@type\":\"ReadAction\",\"target\":[\"https:\/\/vapingnet.de\/vape\/fast-delivery-bang-blaze-20000-puffs-for-fruity-pleasure\/\"]}]},{\"@type\":\"ImageObject\",\"inLanguage\":\"pl-PL\",\"@id\":\"https:\/\/vapingnet.de\/vape\/fast-delivery-bang-blaze-20000-puffs-for-fruity-pleasure\/#primaryimage\",\"url\":\"https:\/\/vapingnet.de\/wp-content\/uploads\/2025\/03\/bangking.png\",\"contentUrl\":\"https:\/\/vapingnet.de\/wp-content\/uploads\/2025\/03\/bangking.png\",\"width\":900,\"height\":600,\"caption\":\"bangking\"},{\"@type\":\"BreadcrumbList\",\"@id\":\"https:\/\/vapingnet.de\/vape\/fast-delivery-bang-blaze-20000-puffs-for-fruity-pleasure\/#breadcrumb\",\"itemListElement\":[{\"@type\":\"ListItem\",\"position\":1,\"name\":\"Home\",\"item\":\"https:\/\/vapingnet.de\/\"},{\"@type\":\"ListItem\",\"position\":2,\"name\":\"Shop\",\"item\":\"https:\/\/vapingnet.de\/vape\/\"},{\"@type\":\"ListItem\",\"position\":3,\"name\":\"Fast delivery Bang Blaze 20000 puffs for fruity pleasure\"}]},{\"@type\":\"WebSite\",\"@id\":\"https:\/\/vapingnet.de\/#website\",\"url\":\"https:\/\/vapingnet.de\/\",\"name\":\"Vapingnet.de\",\"description\":\"\",\"publisher\":{\"@id\":\"https:\/\/vapingnet.de\/#organization\"},\"potentialAction\":[{\"@type\":\"SearchAction\",\"target\":{\"@type\":\"EntryPoint\",\"urlTemplate\":\"https:\/\/vapingnet.de\/?s={search_term_string}\"},\"query-input\":{\"@type\":\"PropertyValueSpecification\",\"valueRequired\":true,\"valueName\":\"search_term_string\"}}],\"inLanguage\":\"pl-PL\"},{\"@type\":\"Organization\",\"@id\":\"https:\/\/vapingnet.de\/#organization\",\"name\":\"Vapingnet.de\",\"url\":\"https:\/\/vapingnet.de\/\",\"logo\":{\"@type\":\"ImageObject\",\"inLanguage\":\"pl-PL\",\"@id\":\"https:\/\/vapingnet.de\/#\/schema\/logo\/image\/\",\"url\":\"https:\/\/vapingnet.de\/wp-content\/uploads\/2025\/03\/cropped-vapingnet.de_.jpg\",\"contentUrl\":\"https:\/\/vapingnet.de\/wp-content\/uploads\/2025\/03\/cropped-vapingnet.de_.jpg\",\"width\":512,\"height\":512,\"caption\":\"Vapingnet.de\"},\"image\":{\"@id\":\"https:\/\/vapingnet.de\/#\/schema\/logo\/image\/\"},\"sameAs\":[\"https:\/\/www.facebook.com\/vapingnetde\/\"]}]}<\/script>\n<!-- \/ Yoast SEO plugin. -->","yoast_head_json":{"title":"Fast delivery Bang Blaze 20000 puffs for fruity pleasure | Vapingnet.de","description":"Entdecke Fast delivery Bang Blaze 20000 puffs for fruity pleasure bei vapingnet.de, \u25ba Gro\u00dfe Auswahl an Geschmacksrichtungen & super g\u00fcnstig!","robots":{"index":"index","follow":"follow","max-snippet":"max-snippet:-1","max-image-preview":"max-image-preview:large","max-video-preview":"max-video-preview:-1"},"canonical":"https:\/\/vapingnet.de\/pl\/vape\/fast-delivery-bang-blaze-20000-puffs-for-fruity-pleasure\/","og_locale":"pl_PL","og_type":"article","og_title":"Fast delivery Bang Blaze 20000 puffs for fruity pleasure | Vapingnet.de","og_description":"Entdecke Fast delivery Bang Blaze 20000 puffs for fruity pleasure bei vapingnet.de, \u25ba Gro\u00dfe Auswahl an Geschmacksrichtungen & super g\u00fcnstig!","og_url":"https:\/\/vapingnet.de\/pl\/vape\/fast-delivery-bang-blaze-20000-puffs-for-fruity-pleasure\/","og_site_name":"Vapingnet.de","article_publisher":"https:\/\/www.facebook.com\/vapingnetde\/","article_modified_time":"2025-06-19T03:41:35+00:00","og_image":[{"width":900,"height":600,"url":"https:\/\/vapingnet.de\/wp-content\/uploads\/2025\/03\/bangking.png","type":"image\/png"}],"twitter_card":"summary_large_image","twitter_misc":{"Est. reading time":"4 minutes"},"schema":{"@context":"https:\/\/schema.org","@graph":[{"@type":"WebPage","@id":"https:\/\/vapingnet.de\/vape\/fast-delivery-bang-blaze-20000-puffs-for-fruity-pleasure\/","url":"https:\/\/vapingnet.de\/vape\/fast-delivery-bang-blaze-20000-puffs-for-fruity-pleasure\/","name":"Fast delivery Bang Blaze 20000 puffs for fruity pleasure | Vapingnet.de","isPartOf":{"@id":"https:\/\/vapingnet.de\/#website"},"primaryImageOfPage":{"@id":"https:\/\/vapingnet.de\/vape\/fast-delivery-bang-blaze-20000-puffs-for-fruity-pleasure\/#primaryimage"},"image":{"@id":"https:\/\/vapingnet.de\/vape\/fast-delivery-bang-blaze-20000-puffs-for-fruity-pleasure\/#primaryimage"},"thumbnailUrl":"https:\/\/vapingnet.de\/wp-content\/uploads\/2025\/03\/bangking.png","datePublished":"2025-03-12T08:02:38+00:00","dateModified":"2025-06-19T03:41:35+00:00","description":"Entdecke Fast delivery Bang Blaze 20000 puffs for fruity pleasure bei vapingnet.de, \u25ba Gro\u00dfe Auswahl an Geschmacksrichtungen & super g\u00fcnstig!","breadcrumb":{"@id":"https:\/\/vapingnet.de\/vape\/fast-delivery-bang-blaze-20000-puffs-for-fruity-pleasure\/#breadcrumb"},"inLanguage":"pl-PL","potentialAction":[{"@type":"ReadAction","target":["https:\/\/vapingnet.de\/vape\/fast-delivery-bang-blaze-20000-puffs-for-fruity-pleasure\/"]}]},{"@type":"ImageObject","inLanguage":"pl-PL","@id":"https:\/\/vapingnet.de\/vape\/fast-delivery-bang-blaze-20000-puffs-for-fruity-pleasure\/#primaryimage","url":"https:\/\/vapingnet.de\/wp-content\/uploads\/2025\/03\/bangking.png","contentUrl":"https:\/\/vapingnet.de\/wp-content\/uploads\/2025\/03\/bangking.png","width":900,"height":600,"caption":"bangking"},{"@type":"BreadcrumbList","@id":"https:\/\/vapingnet.de\/vape\/fast-delivery-bang-blaze-20000-puffs-for-fruity-pleasure\/#breadcrumb","itemListElement":[{"@type":"ListItem","position":1,"name":"Home","item":"https:\/\/vapingnet.de\/"},{"@type":"ListItem","position":2,"name":"Shop","item":"https:\/\/vapingnet.de\/vape\/"},{"@type":"ListItem","position":3,"name":"Fast delivery Bang Blaze 20000 puffs for fruity pleasure"}]},{"@type":"WebSite","@id":"https:\/\/vapingnet.de\/#website","url":"https:\/\/vapingnet.de\/","name":"Vapingnet.de","description":"","publisher":{"@id":"https:\/\/vapingnet.de\/#organization"},"potentialAction":[{"@type":"SearchAction","target":{"@type":"EntryPoint","urlTemplate":"https:\/\/vapingnet.de\/?s={search_term_string}"},"query-input":{"@type":"PropertyValueSpecification","valueRequired":true,"valueName":"search_term_string"}}],"inLanguage":"pl-PL"},{"@type":"Organization","@id":"https:\/\/vapingnet.de\/#organization","name":"Vapingnet.de","url":"https:\/\/vapingnet.de\/","logo":{"@type":"ImageObject","inLanguage":"pl-PL","@id":"https:\/\/vapingnet.de\/#\/schema\/logo\/image\/","url":"https:\/\/vapingnet.de\/wp-content\/uploads\/2025\/03\/cropped-vapingnet.de_.jpg","contentUrl":"https:\/\/vapingnet.de\/wp-content\/uploads\/2025\/03\/cropped-vapingnet.de_.jpg","width":512,"height":512,"caption":"Vapingnet.de"},"image":{"@id":"https:\/\/vapingnet.de\/#\/schema\/logo\/image\/"},"sameAs":["https:\/\/www.facebook.com\/vapingnetde\/"]}]}},"tiered_pricing_type":"fixed","tiered_pricing_fixed_rules":{"10":"7.59","60":"6.83","110":"6.07","200":"5.31"},"tiered_pricing_product_settings":{"layout":"default","base_unit_name":{"singular":null,"plural":null},"default_variation":null},"tiered_pricing_minimum_quantity":null,"tiered_pricing_roles_data":[],"tiered_pricing_percentage_rules":[],"_links":{"self":[{"href":"https:\/\/vapingnet.de\/pl\/wp-json\/wp\/v2\/product\/5142","targetHints":{"allow":["GET"]}}],"collection":[{"href":"https:\/\/vapingnet.de\/pl\/wp-json\/wp\/v2\/product"}],"about":[{"href":"https:\/\/vapingnet.de\/pl\/wp-json\/wp\/v2\/types\/product"}],"version-history":[{"count":2,"href":"https:\/\/vapingnet.de\/pl\/wp-json\/wp\/v2\/product\/5142\/revisions"}],"predecessor-version":[{"id":7726,"href":"https:\/\/vapingnet.de\/pl\/wp-json\/wp\/v2\/product\/5142\/revisions\/7726"}],"wp:featuredmedia":[{"embeddable":true,"href":"https:\/\/vapingnet.de\/pl\/wp-json\/wp\/v2\/media\/5150"}],"wp:attachment":[{"href":"https:\/\/vapingnet.de\/pl\/wp-json\/wp\/v2\/media?parent=5142"}],"wp:term":[{"taxonomy":"brand","embeddable":true,"href":"https:\/\/vapingnet.de\/pl\/wp-json\/wp\/v2\/etheme_brands?post=5142"},{"taxonomy":"product_brand","embeddable":true,"href":"https:\/\/vapingnet.de\/pl\/wp-json\/wp\/v2\/product_brand?post=5142"},{"taxonomy":"product_cat","embeddable":true,"href":"https:\/\/vapingnet.de\/pl\/wp-json\/wp\/v2\/product_cat?post=5142"},{"taxonomy":"product_tag","embeddable":true,"href":"https:\/\/vapingnet.de\/pl\/wp-json\/wp\/v2\/product_tag?post=5142"}],"curies":[{"name":"wp","href":"https:\/\/api.w.org\/{rel}","templated":true}]}}