{"id":5164,"date":"2025-03-12T09:13:18","date_gmt":"2025-03-12T09:13:18","guid":{"rendered":"https:\/\/vapingnet.de\/?post_type=product&#038;p=5164"},"modified":"2025-06-19T03:41:34","modified_gmt":"2025-06-19T03:41:34","slug":"geniessen-sie-die-unvergleichliche-frische-von-bang-15000-puffs-im-cool-mint-geschmack","status":"publish","type":"product","link":"https:\/\/vapingnet.de\/pl\/vape\/geniessen-sie-die-unvergleichliche-frische-von-bang-15000-puffs-im-cool-mint-geschmack\/","title":{"rendered":"Ciesz si\u0119 niezr\u00f3wnan\u0105 \u015bwie\u017co\u015bci\u0105 Bang 15000 Puffs w smaku Cool Mint"},"content":{"rendered":"<h2 data-start=\"0\" data-end=\"84\">Bang15000 Puffs Rechargeable Disposable Pod \u2013 Rewolucja w paleniu pary!<\/h2>\n<p data-start=\"86\" data-end=\"584\">Rynek e-papieros\u00f3w rozwija si\u0119 b\u0142yskawicznie, a wymagania konsument\u00f3w rosn\u0105. Szukaj\u0105 nie tylko nikotyny, ale tak\u017ce intensywniejszych dozna\u0144 smakowych, d\u0142u\u017cszego czasu u\u017cytkowania i maksymalnej wygody. To w\u0142a\u015bnie tutaj wchodzi Bang15000 Puffs Rechargeable Disposable Pod \u2013 z innowacyjn\u0105 technologi\u0105, wyj\u0105tkow\u0105 wydajno\u015bci\u0105 i \u015bwie\u017cym smakiem Cool-Mint. Przyjrzyjmy si\u0119 bli\u017cej temu prze\u0142omowemu modelowi!<\/p>\n<h4 data-start=\"593\" data-end=\"668\">Jednorazowy vape na nowo zdefiniowany: d\u0142ugotrwa\u0142o\u015b\u0107 i najwy\u017csza wydajno\u015b\u0107<\/h4>\n<p data-start=\"669\" data-end=\"954\">Masz do\u015b\u0107 tego, \u017ce musisz ci\u0105gle wymienia\u0107? <a href=\"https:\/\/vapingnet.de\/pl\/k\/einweg-e-zigarette\/\" target=\"_blank\" rel=\"noopener\"><strong>Jednorazowe vape<\/strong><\/a> Czy irytuje Ci\u0119, \u017ce bateria szybko si\u0119 roz\u0142adowuje? W takim razie Bang15000 Puffs jest dla Ciebie! Z do 15 000 zaci\u0105gni\u0119\u0107 ten model wyznacza nowe standardy i znacznie przewy\u017csza tradycyjne jednorazowe urz\u0105dzenia.<\/p>\n<h4 data-start=\"961\" data-end=\"1039\">Technologia, kt\u00f3ra zachwyca \u2013 dla niezr\u00f3wnanego do\u015bwiadczenia palenia pary<\/h4>\n<p data-start=\"1041\" data-end=\"1114\">\u2705 Dul Mesh 1.1\u03a9 Coil \u2013 Intensywniejszy smak i g\u0119stsza chmura<\/p>\n<p data-start=\"1115\" data-end=\"1331\">Nowa technologia Dul Mesh-Coil zapewnia r\u00f3wnomierne odparowywanie liquidu, co sprawia, \u017ce aromat jest bardziej intensywny, a dym szczeg\u00f3lnie mi\u0119kki. Idealne do\u015bwiadczenie dla pocz\u0105tkuj\u0105cych i zaawansowanych!<\/p>\n<p data-start=\"1333\" data-end=\"1409\">\ud83d\udd0b Akumulator 650mAh i szybkie \u0142adowanie Typ-C \u2013 Maksymalna wytrzyma\u0142o\u015b\u0107 i komfort<\/p>\n<p data-start=\"1410\" data-end=\"1701\">Dzi\u0119ki mocnemu akumulatorowi 650mAh mo\u017cesz korzysta\u0107 z urz\u0105dzenia przez d\u0142ugi czas bez obaw o czas pracy baterii. Szybkie \u0142adowanie Typ-C sprawia, \u017ce Tw\u00f3j vape jest gotowy do u\u017cycia w kr\u00f3tkim czasie \u2013 dla p\u0142ynnego do\u015bwiadczenia palenia bez przerw.<\/p>\n<p data-start=\"1703\" data-end=\"1763\">\ud83d\udd25 15 000 zaci\u0105gni\u0119\u0107 \u2013 imponuj\u0105ca d\u0142ugo\u015b\u0107 u\u017cytkowania<\/p>\n<p data-start=\"1764\" data-end=\"1989\">Bang15000 Puffs oferuje niesamowit\u0105 liczb\u0119 15 000 zaci\u0105gni\u0119\u0107, co jest wielokrotno\u015bci\u0105 tradycyjnych jednorazowych vape\u2019\u00f3w. Koniec z ci\u0105g\u0142ymi zakupami \u2013 ten e-papieros b\u0119dzie Ci s\u0142u\u017cy\u0142 przez d\u0142ugi czas.<\/p>\n<p data-start=\"1991\" data-end=\"2048\">\ud83d\udca6 Pojemno\u015b\u0107 liquidu 23ml \u2013 Nigdy wi\u0119cej uzupe\u0142niania<\/p>\n<p data-start=\"2049\" data-end=\"2190\">Z 23ml nape\u0142nionego liquidu ten e-papieros dzia\u0142a bardzo d\u0142ugo. Koniec z uci\u0105\u017cliwym uzupe\u0142nianiem, brak kompromis\u00f3w \u2013 po prostu ciesz si\u0119 nim!<\/p>\n<h4 data-start=\"2197\" data-end=\"2234\"><img fetchpriority=\"high\" decoding=\"async\" class=\"size-full wp-image-6907 aligncenter\" src=\"https:\/\/vapingnet.de\/wp-content\/uploads\/2025\/03\/VAPE-2.jpg\" alt=\"\" width=\"1166\" height=\"1080\" srcset=\"https:\/\/vapingnet.de\/wp-content\/uploads\/2025\/03\/VAPE-2.jpg 1166w, https:\/\/vapingnet.de\/wp-content\/uploads\/2025\/03\/VAPE-2-300x278.jpg 300w, https:\/\/vapingnet.de\/wp-content\/uploads\/2025\/03\/VAPE-2-1024x948.jpg 1024w, https:\/\/vapingnet.de\/wp-content\/uploads\/2025\/03\/VAPE-2-768x711.jpg 768w, https:\/\/vapingnet.de\/wp-content\/uploads\/2025\/03\/VAPE-2-600x556.jpg 600w, https:\/\/vapingnet.de\/wp-content\/uploads\/2025\/03\/VAPE-2-1x1.jpg 1w, https:\/\/vapingnet.de\/wp-content\/uploads\/2025\/03\/VAPE-2-10x10.jpg 10w\" sizes=\"(max-width: 1166px) 100vw, 1166px\" \/><\/h4>\n<h4 data-start=\"2197\" data-end=\"2234\">Cool Mint \u2013 orze\u017awienie w czystej formie!<\/h4>\n<p data-start=\"2235\" data-end=\"2531\">Jednym z g\u0142\u00f3wnych atut\u00f3w jest smak Cool Mint \u2013 idealne po\u0142\u0105czenie ch\u0142odnej mi\u0119ty i orze\u017awiaj\u0105cej lekko\u015bci. Ka\u017cde zaci\u0105gni\u0119cie daje przyjemne, lodowate uczucie i zapewnia klarown\u0105, pobudzaj\u0105c\u0105 przyjemno\u015b\u0107. Idealny na gor\u0105ce dni lub jako codzienny zastrzyk \u015bwie\u017co\u015bci!<\/p>\n<h4>R\u00f3\u017cne poziomy nikotyny \u2013 dla ka\u017cdego palacza<\/h4>\n<p data-start=\"2603\" data-end=\"2681\">Bang15000 Puffs dost\u0119pny jest w czterech r\u00f3\u017cnych poziomach nikotyny:<\/p>\n<p data-start=\"2683\" data-end=\"2888\">\ud83d\udd39 0% i 3% (dost\u0119pne tylko przy du\u017cych zam\u00f3wieniach) \u2013 dla palaczy, kt\u00f3rzy rezygnuj\u0105 z nikotyny lub chc\u0105 ograniczy\u0107 jej spo\u017cycie.<br data-start=\"2814\" data-end=\"2817\" \/>\ud83d\udd39 2% i 5% \u2013 dla tych, kt\u00f3rzy szukaj\u0105 intensywniejszego do\u015bwiadczenia palenia pary.<\/p>\n<p data-start=\"2890\" data-end=\"2992\">Niezale\u017cnie od tego, czy jeste\u015b pocz\u0105tkuj\u0105cy, czy do\u015bwiadczonym palaczem \u2013 tutaj na pewno znajdziesz odpowiedni\u0105 moc nikotyny!<\/p>\n<h3 data-start=\"2999\" data-end=\"3030\">Dlaczego Bang15000 Puffs?<\/h3>\n<p data-start=\"3031\" data-end=\"3524\">\u2705 Ekstremalnie d\u0142uga \u017cywotno\u015b\u0107 \u2013 <a href=\"https:\/\/vapingnet.de\/pl\/k\/vape-15000-zuege\/\" target=\"_blank\" rel=\"noopener\"><strong>15 000 zaci\u0105gni\u0119\u0107<\/strong><\/a>, urz\u0105dzenie na wiele tygodni.<br data-start=\"3104\" data-end=\"3107\" \/>\u2705 Wielokrotnego \u0142adowania akumulator \u2013 pojemno\u015b\u0107 650mAh z szybkim \u0142adowaniem Typ-C.<br data-start=\"3179\" data-end=\"3182\" \/>\u2705 Du\u017cy zbiornik na liquid \u2013 23ml liquidu dla maksymalnego czasu u\u017cytkowania.<br data-start=\"3247\" data-end=\"3250\" \/>\u2705 Intensywne doznania smakowe \u2013 Dul Mesh-Coil dla delikatnego, aromatycznego dymu.<br data-start=\"3334\" data-end=\"3337\" \/>\u2705 Cztery poziomy nikotyny \u2013 dla indywidualnych potrzeb.<br data-start=\"3394\" data-end=\"3397\" \/>\u2705 Smak Cool Mint \u2013 od\u015bwie\u017caj\u0105cy i pobudzaj\u0105cy.<br data-start=\"3450\" data-end=\"3453\" \/>\u2705 Kompaktowy i stylowy \u2013 mie\u015bci si\u0119 w ka\u017cdej torbie, idealny na wycieczki.<\/p>\n<h4 data-start=\"3531\" data-end=\"3594\">Wypr\u00f3buj teraz i do\u015bwiadcz przysz\u0142o\u015bci vapingu!<\/h4>\n<p data-start=\"3595\" data-end=\"3775\">Bang15000 Puffs Rechargeable Disposable Pod to po\u0142\u0105czenie trwa\u0142o\u015bci, najnowszej technologii i intensywnego smaku \u2013 e-papieros, kt\u00f3ry wyznacza standardy!<\/p>\n<p data-start=\"3777\" data-end=\"3893\" data-is-last-node=\"\" data-is-only-node=\"\">\ud83d\udd25 Zam\u00f3w ju\u017c teraz na <a href=\"https:\/\/vapingnet.de\/pl\/\" target=\"_new\" rel=\"noopener\" data-start=\"3792\" data-end=\"3828\">vapingnet.de<\/a> Zam\u00f3w i ciesz si\u0119 ostatecznym do\u015bwiadczeniem Cool-Mint!<\/p>","protected":false},"excerpt":{"rendered":"<p>Bang15000 Puffs Rechargeable Disposable Pod \u2013 Die Revolution des Dampfens! Der Markt f\u00fcr E-Zigaretten entwickelt sich rasant weiter, und die Anspr\u00fcche der Konsumenten steigen. Sie&#8230;<\/p>","protected":false},"featured_media":5165,"template":"","meta":[],"etheme_brands":[],"product_brand":[101],"product_cat":[53,49,61],"product_tag":[],"class_list":{"0":"post-5164","1":"product","2":"type-product","3":"status-publish","4":"has-post-thumbnail","6":"product_brand-bang-king-vape","7":"product_cat-vape-15000-zuege","8":"product_cat-einweg-e-zigarette","9":"product_cat-f","11":"first","12":"instock","13":"shipping-taxable","14":"purchasable","15":"product-type-simple"},"yoast_head":"<!-- This site is optimized with the Yoast SEO plugin v26.5 - https:\/\/yoast.com\/wordpress\/plugins\/seo\/ -->\n<title>Genie\u00dfen Sie die unvergleichliche Frische von Bang 15000 Puffs im Cool Mint Geschmack | Vapingnet.de<\/title>\n<meta name=\"description\" content=\"Entdecke Genie\u00dfen Sie die unvergleichliche Frische von Bang 15000 Puffs im Cool Mint Geschmack bei vapingnet.de, \u25ba Gro\u00dfe Auswahl an Geschmacksrichtungen &amp; super g\u00fcnstig!\" \/>\n<meta name=\"robots\" content=\"index, follow, max-snippet:-1, max-image-preview:large, max-video-preview:-1\" \/>\n<link rel=\"canonical\" href=\"https:\/\/vapingnet.de\/pl\/vape\/geniessen-sie-die-unvergleichliche-frische-von-bang-15000-puffs-im-cool-mint-geschmack\/\" \/>\n<meta property=\"og:locale\" content=\"pl_PL\" \/>\n<meta property=\"og:type\" content=\"article\" \/>\n<meta property=\"og:title\" content=\"Genie\u00dfen Sie die unvergleichliche Frische von Bang 15000 Puffs im Cool Mint Geschmack | Vapingnet.de\" \/>\n<meta property=\"og:description\" content=\"Entdecke Genie\u00dfen Sie die unvergleichliche Frische von Bang 15000 Puffs im Cool Mint Geschmack bei vapingnet.de, \u25ba Gro\u00dfe Auswahl an Geschmacksrichtungen &amp; super g\u00fcnstig!\" \/>\n<meta property=\"og:url\" content=\"https:\/\/vapingnet.de\/pl\/vape\/geniessen-sie-die-unvergleichliche-frische-von-bang-15000-puffs-im-cool-mint-geschmack\/\" \/>\n<meta property=\"og:site_name\" content=\"Vapingnet.de\" \/>\n<meta property=\"article:publisher\" content=\"https:\/\/www.facebook.com\/vapingnetde\/\" \/>\n<meta property=\"article:modified_time\" content=\"2025-06-19T03:41:34+00:00\" \/>\n<meta property=\"og:image\" content=\"https:\/\/vapingnet.de\/wp-content\/uploads\/2025\/03\/Cool-Mint.png\" \/>\n\t<meta property=\"og:image:width\" content=\"900\" \/>\n\t<meta property=\"og:image:height\" content=\"600\" \/>\n\t<meta property=\"og:image:type\" content=\"image\/png\" \/>\n<meta name=\"twitter:card\" content=\"summary_large_image\" \/>\n<meta name=\"twitter:label1\" content=\"Est. reading time\" \/>\n\t<meta name=\"twitter:data1\" content=\"3 minutes\" \/>\n<script type=\"application\/ld+json\" class=\"yoast-schema-graph\">{\"@context\":\"https:\/\/schema.org\",\"@graph\":[{\"@type\":\"WebPage\",\"@id\":\"https:\/\/vapingnet.de\/vape\/geniessen-sie-die-unvergleichliche-frische-von-bang-15000-puffs-im-cool-mint-geschmack\/\",\"url\":\"https:\/\/vapingnet.de\/vape\/geniessen-sie-die-unvergleichliche-frische-von-bang-15000-puffs-im-cool-mint-geschmack\/\",\"name\":\"Genie\u00dfen Sie die unvergleichliche Frische von Bang 15000 Puffs im Cool Mint Geschmack | Vapingnet.de\",\"isPartOf\":{\"@id\":\"https:\/\/vapingnet.de\/#website\"},\"primaryImageOfPage\":{\"@id\":\"https:\/\/vapingnet.de\/vape\/geniessen-sie-die-unvergleichliche-frische-von-bang-15000-puffs-im-cool-mint-geschmack\/#primaryimage\"},\"image\":{\"@id\":\"https:\/\/vapingnet.de\/vape\/geniessen-sie-die-unvergleichliche-frische-von-bang-15000-puffs-im-cool-mint-geschmack\/#primaryimage\"},\"thumbnailUrl\":\"https:\/\/vapingnet.de\/wp-content\/uploads\/2025\/03\/Cool-Mint.png\",\"datePublished\":\"2025-03-12T09:13:18+00:00\",\"dateModified\":\"2025-06-19T03:41:34+00:00\",\"description\":\"Entdecke Genie\u00dfen Sie die unvergleichliche Frische von Bang 15000 Puffs im Cool Mint Geschmack bei vapingnet.de, \u25ba Gro\u00dfe Auswahl an Geschmacksrichtungen & super g\u00fcnstig!\",\"breadcrumb\":{\"@id\":\"https:\/\/vapingnet.de\/vape\/geniessen-sie-die-unvergleichliche-frische-von-bang-15000-puffs-im-cool-mint-geschmack\/#breadcrumb\"},\"inLanguage\":\"pl-PL\",\"potentialAction\":[{\"@type\":\"ReadAction\",\"target\":[\"https:\/\/vapingnet.de\/vape\/geniessen-sie-die-unvergleichliche-frische-von-bang-15000-puffs-im-cool-mint-geschmack\/\"]}]},{\"@type\":\"ImageObject\",\"inLanguage\":\"pl-PL\",\"@id\":\"https:\/\/vapingnet.de\/vape\/geniessen-sie-die-unvergleichliche-frische-von-bang-15000-puffs-im-cool-mint-geschmack\/#primaryimage\",\"url\":\"https:\/\/vapingnet.de\/wp-content\/uploads\/2025\/03\/Cool-Mint.png\",\"contentUrl\":\"https:\/\/vapingnet.de\/wp-content\/uploads\/2025\/03\/Cool-Mint.png\",\"width\":900,\"height\":600,\"caption\":\"Cool Mint\"},{\"@type\":\"BreadcrumbList\",\"@id\":\"https:\/\/vapingnet.de\/vape\/geniessen-sie-die-unvergleichliche-frische-von-bang-15000-puffs-im-cool-mint-geschmack\/#breadcrumb\",\"itemListElement\":[{\"@type\":\"ListItem\",\"position\":1,\"name\":\"Home\",\"item\":\"https:\/\/vapingnet.de\/\"},{\"@type\":\"ListItem\",\"position\":2,\"name\":\"Shop\",\"item\":\"https:\/\/vapingnet.de\/vape\/\"},{\"@type\":\"ListItem\",\"position\":3,\"name\":\"Genie\u00dfen Sie die unvergleichliche Frische von Bang 15000 Puffs im Cool Mint Geschmack\"}]},{\"@type\":\"WebSite\",\"@id\":\"https:\/\/vapingnet.de\/#website\",\"url\":\"https:\/\/vapingnet.de\/\",\"name\":\"Vapingnet.de\",\"description\":\"\",\"publisher\":{\"@id\":\"https:\/\/vapingnet.de\/#organization\"},\"potentialAction\":[{\"@type\":\"SearchAction\",\"target\":{\"@type\":\"EntryPoint\",\"urlTemplate\":\"https:\/\/vapingnet.de\/?s={search_term_string}\"},\"query-input\":{\"@type\":\"PropertyValueSpecification\",\"valueRequired\":true,\"valueName\":\"search_term_string\"}}],\"inLanguage\":\"pl-PL\"},{\"@type\":\"Organization\",\"@id\":\"https:\/\/vapingnet.de\/#organization\",\"name\":\"Vapingnet.de\",\"url\":\"https:\/\/vapingnet.de\/\",\"logo\":{\"@type\":\"ImageObject\",\"inLanguage\":\"pl-PL\",\"@id\":\"https:\/\/vapingnet.de\/#\/schema\/logo\/image\/\",\"url\":\"https:\/\/vapingnet.de\/wp-content\/uploads\/2025\/03\/cropped-vapingnet.de_.jpg\",\"contentUrl\":\"https:\/\/vapingnet.de\/wp-content\/uploads\/2025\/03\/cropped-vapingnet.de_.jpg\",\"width\":512,\"height\":512,\"caption\":\"Vapingnet.de\"},\"image\":{\"@id\":\"https:\/\/vapingnet.de\/#\/schema\/logo\/image\/\"},\"sameAs\":[\"https:\/\/www.facebook.com\/vapingnetde\/\"]}]}<\/script>\n<!-- \/ Yoast SEO plugin. -->","yoast_head_json":{"title":"Genie\u00dfen Sie die unvergleichliche Frische von Bang 15000 Puffs im Cool Mint Geschmack | Vapingnet.de","description":"Entdecke Genie\u00dfen Sie die unvergleichliche Frische von Bang 15000 Puffs im Cool Mint Geschmack bei vapingnet.de, \u25ba Gro\u00dfe Auswahl an Geschmacksrichtungen & super g\u00fcnstig!","robots":{"index":"index","follow":"follow","max-snippet":"max-snippet:-1","max-image-preview":"max-image-preview:large","max-video-preview":"max-video-preview:-1"},"canonical":"https:\/\/vapingnet.de\/pl\/vape\/geniessen-sie-die-unvergleichliche-frische-von-bang-15000-puffs-im-cool-mint-geschmack\/","og_locale":"pl_PL","og_type":"article","og_title":"Genie\u00dfen Sie die unvergleichliche Frische von Bang 15000 Puffs im Cool Mint Geschmack | Vapingnet.de","og_description":"Entdecke Genie\u00dfen Sie die unvergleichliche Frische von Bang 15000 Puffs im Cool Mint Geschmack bei vapingnet.de, \u25ba Gro\u00dfe Auswahl an Geschmacksrichtungen & super g\u00fcnstig!","og_url":"https:\/\/vapingnet.de\/pl\/vape\/geniessen-sie-die-unvergleichliche-frische-von-bang-15000-puffs-im-cool-mint-geschmack\/","og_site_name":"Vapingnet.de","article_publisher":"https:\/\/www.facebook.com\/vapingnetde\/","article_modified_time":"2025-06-19T03:41:34+00:00","og_image":[{"width":900,"height":600,"url":"https:\/\/vapingnet.de\/wp-content\/uploads\/2025\/03\/Cool-Mint.png","type":"image\/png"}],"twitter_card":"summary_large_image","twitter_misc":{"Est. reading time":"3 minutes"},"schema":{"@context":"https:\/\/schema.org","@graph":[{"@type":"WebPage","@id":"https:\/\/vapingnet.de\/vape\/geniessen-sie-die-unvergleichliche-frische-von-bang-15000-puffs-im-cool-mint-geschmack\/","url":"https:\/\/vapingnet.de\/vape\/geniessen-sie-die-unvergleichliche-frische-von-bang-15000-puffs-im-cool-mint-geschmack\/","name":"Genie\u00dfen Sie die unvergleichliche Frische von Bang 15000 Puffs im Cool Mint Geschmack | Vapingnet.de","isPartOf":{"@id":"https:\/\/vapingnet.de\/#website"},"primaryImageOfPage":{"@id":"https:\/\/vapingnet.de\/vape\/geniessen-sie-die-unvergleichliche-frische-von-bang-15000-puffs-im-cool-mint-geschmack\/#primaryimage"},"image":{"@id":"https:\/\/vapingnet.de\/vape\/geniessen-sie-die-unvergleichliche-frische-von-bang-15000-puffs-im-cool-mint-geschmack\/#primaryimage"},"thumbnailUrl":"https:\/\/vapingnet.de\/wp-content\/uploads\/2025\/03\/Cool-Mint.png","datePublished":"2025-03-12T09:13:18+00:00","dateModified":"2025-06-19T03:41:34+00:00","description":"Entdecke Genie\u00dfen Sie die unvergleichliche Frische von Bang 15000 Puffs im Cool Mint Geschmack bei vapingnet.de, \u25ba Gro\u00dfe Auswahl an Geschmacksrichtungen & super g\u00fcnstig!","breadcrumb":{"@id":"https:\/\/vapingnet.de\/vape\/geniessen-sie-die-unvergleichliche-frische-von-bang-15000-puffs-im-cool-mint-geschmack\/#breadcrumb"},"inLanguage":"pl-PL","potentialAction":[{"@type":"ReadAction","target":["https:\/\/vapingnet.de\/vape\/geniessen-sie-die-unvergleichliche-frische-von-bang-15000-puffs-im-cool-mint-geschmack\/"]}]},{"@type":"ImageObject","inLanguage":"pl-PL","@id":"https:\/\/vapingnet.de\/vape\/geniessen-sie-die-unvergleichliche-frische-von-bang-15000-puffs-im-cool-mint-geschmack\/#primaryimage","url":"https:\/\/vapingnet.de\/wp-content\/uploads\/2025\/03\/Cool-Mint.png","contentUrl":"https:\/\/vapingnet.de\/wp-content\/uploads\/2025\/03\/Cool-Mint.png","width":900,"height":600,"caption":"Cool Mint"},{"@type":"BreadcrumbList","@id":"https:\/\/vapingnet.de\/vape\/geniessen-sie-die-unvergleichliche-frische-von-bang-15000-puffs-im-cool-mint-geschmack\/#breadcrumb","itemListElement":[{"@type":"ListItem","position":1,"name":"Home","item":"https:\/\/vapingnet.de\/"},{"@type":"ListItem","position":2,"name":"Shop","item":"https:\/\/vapingnet.de\/vape\/"},{"@type":"ListItem","position":3,"name":"Genie\u00dfen Sie die unvergleichliche Frische von Bang 15000 Puffs im Cool Mint Geschmack"}]},{"@type":"WebSite","@id":"https:\/\/vapingnet.de\/#website","url":"https:\/\/vapingnet.de\/","name":"Vapingnet.de","description":"","publisher":{"@id":"https:\/\/vapingnet.de\/#organization"},"potentialAction":[{"@type":"SearchAction","target":{"@type":"EntryPoint","urlTemplate":"https:\/\/vapingnet.de\/?s={search_term_string}"},"query-input":{"@type":"PropertyValueSpecification","valueRequired":true,"valueName":"search_term_string"}}],"inLanguage":"pl-PL"},{"@type":"Organization","@id":"https:\/\/vapingnet.de\/#organization","name":"Vapingnet.de","url":"https:\/\/vapingnet.de\/","logo":{"@type":"ImageObject","inLanguage":"pl-PL","@id":"https:\/\/vapingnet.de\/#\/schema\/logo\/image\/","url":"https:\/\/vapingnet.de\/wp-content\/uploads\/2025\/03\/cropped-vapingnet.de_.jpg","contentUrl":"https:\/\/vapingnet.de\/wp-content\/uploads\/2025\/03\/cropped-vapingnet.de_.jpg","width":512,"height":512,"caption":"Vapingnet.de"},"image":{"@id":"https:\/\/vapingnet.de\/#\/schema\/logo\/image\/"},"sameAs":["https:\/\/www.facebook.com\/vapingnetde\/"]}]}},"tiered_pricing_type":"fixed","tiered_pricing_fixed_rules":{"10":"7.31","60":"6.58","110":"5.85","200":"5.12"},"tiered_pricing_product_settings":{"layout":"default","base_unit_name":{"singular":null,"plural":null},"default_variation":null},"tiered_pricing_minimum_quantity":null,"tiered_pricing_roles_data":[],"tiered_pricing_percentage_rules":[],"_links":{"self":[{"href":"https:\/\/vapingnet.de\/pl\/wp-json\/wp\/v2\/product\/5164","targetHints":{"allow":["GET"]}}],"collection":[{"href":"https:\/\/vapingnet.de\/pl\/wp-json\/wp\/v2\/product"}],"about":[{"href":"https:\/\/vapingnet.de\/pl\/wp-json\/wp\/v2\/types\/product"}],"version-history":[{"count":2,"href":"https:\/\/vapingnet.de\/pl\/wp-json\/wp\/v2\/product\/5164\/revisions"}],"predecessor-version":[{"id":6918,"href":"https:\/\/vapingnet.de\/pl\/wp-json\/wp\/v2\/product\/5164\/revisions\/6918"}],"wp:featuredmedia":[{"embeddable":true,"href":"https:\/\/vapingnet.de\/pl\/wp-json\/wp\/v2\/media\/5165"}],"wp:attachment":[{"href":"https:\/\/vapingnet.de\/pl\/wp-json\/wp\/v2\/media?parent=5164"}],"wp:term":[{"taxonomy":"brand","embeddable":true,"href":"https:\/\/vapingnet.de\/pl\/wp-json\/wp\/v2\/etheme_brands?post=5164"},{"taxonomy":"product_brand","embeddable":true,"href":"https:\/\/vapingnet.de\/pl\/wp-json\/wp\/v2\/product_brand?post=5164"},{"taxonomy":"product_cat","embeddable":true,"href":"https:\/\/vapingnet.de\/pl\/wp-json\/wp\/v2\/product_cat?post=5164"},{"taxonomy":"product_tag","embeddable":true,"href":"https:\/\/vapingnet.de\/pl\/wp-json\/wp\/v2\/product_tag?post=5164"}],"curies":[{"name":"wp","href":"https:\/\/api.w.org\/{rel}","templated":true}]}}