{"id":5167,"date":"2025-03-12T09:18:53","date_gmt":"2025-03-12T09:18:53","guid":{"rendered":"https:\/\/vapingnet.de\/?post_type=product&#038;p=5167"},"modified":"2025-06-19T03:41:34","modified_gmt":"2025-06-19T03:41:34","slug":"geniessen-sie-die-unvergleichliche-fruchtfrische-von-bang-15000-puffs-im-double-apple-geschmack","status":"publish","type":"product","link":"https:\/\/vapingnet.de\/pl\/vape\/geniessen-sie-die-unvergleichliche-fruchtfrische-von-bang-15000-puffs-im-double-apple-geschmack\/","title":{"rendered":"Rozkoszuj si\u0119 niepowtarzaln\u0105 \u015bwie\u017co\u015bci\u0105 owoc\u00f3w z Bang 15000 Puffs w smaku Double Apple"},"content":{"rendered":"<h2 data-start=\"0\" data-end=\"102\">Bang15000 Puffs Rechargeable Disposable Pod \u2013 Ostateczne do\u015bwiadczenie vapowania z Double Apple!<\/h2>\n<p data-start=\"158\" data-end=\"368\">Wraz z szybkim rozwojem rynku e-papieros\u00f3w rosn\u0105 r\u00f3wnie\u017c oczekiwania konsument\u00f3w. D\u0142u\u017csza \u017cywotno\u015b\u0107, intensywniejsze aromaty i jeszcze bardziej praktyczne u\u017cytkowanie s\u0105 dzi\u015b wa\u017cniejsze ni\u017c kiedykolwiek.<\/p>\n<p data-start=\"370\" data-end=\"572\">Bang15000 Puffs Rechargeable Disposable Pod wyznacza nowe standardy w \u015bwiecie jednorazowych e-papieros\u00f3w dzi\u0119ki <a href=\"https:\/\/vapingnet.de\/pl\/k\/vape-15000-zuege\/\" target=\"_blank\" rel=\"noopener\"><strong>15000 poci\u0105gni\u0119ciami<\/strong><\/a>, wielokrotnie \u0142adowanemu designowi i pysznemu smakowi Double Apple.<\/p>\n<p data-start=\"574\" data-end=\"653\">Niezale\u017cnie od tego, czy jeste\u015b do\u015bwiadczonym vaporem, czy nowicjuszem \u2013 to urz\u0105dzenie Ci\u0119 zachwyci!<\/p>\n<h4 data-start=\"660\" data-end=\"726\">\ud83d\udd25 Rewolucyjna technologia dla najlepszego do\u015bwiadczenia vapowania!<\/h4>\n<p data-start=\"728\" data-end=\"791\">\ud83d\udca1 Dul Mesh 1.1\u03a9 Coil \u2013 Perfekcyjne wydobycie smaku<\/p>\n<p data-start=\"792\" data-end=\"1010\">Innowacyjna technologia Dul Mesh 1.1\u03a9 zapewnia r\u00f3wnomierne odparowywanie p\u0142ynu, dzi\u0119ki czemu za ka\u017cdym razem mo\u017cesz cieszy\u0107 si\u0119 pe\u0142nym aromatem Double Apple \u2013 delikatnym, intensywnym i niezwykle aromatycznym.<\/p>\n<p data-start=\"1012\" data-end=\"1095\">\ud83d\udd0b Akumulator 650mAh \u2013 D\u0142u\u017csze u\u017cytkowanie, mniej odpad\u00f3w<\/p>\n<p data-start=\"1096\" data-end=\"1323\">Wydajny akumulator 650mAh ko\u0144czy z mentalno\u015bci\u0105 jednorazow\u0105! Dzi\u0119ki szybkiemu \u0142adowaniu typu C urz\u0105dzenie mo\u017cna b\u0142yskawicznie na\u0142adowa\u0107, aby by\u0107 gotowym na kolejne vapowanie.<\/p>\n<p data-start=\"1325\" data-end=\"1385\">\ud83d\ude80 15000 puf\u00f3w \u2013 Ciesz si\u0119 d\u0142u\u017cej, rzadziej wymieniaj<\/p>\n<p data-start=\"1386\" data-end=\"1565\">Wi\u0119kszo\u015b\u0107 jednorazowych e-papieros\u00f3w oferuje tylko 3000-5000 puf\u00f3w. Bang15000 Puffs natomiast wytrzymuje imponuj\u0105ce 15000 puf\u00f3w, dzi\u0119ki czemu nie musisz ci\u0105gle kupowa\u0107 nowych urz\u0105dze\u0144.<\/p>\n<p data-start=\"1567\" data-end=\"1639\">\ud83d\udca6 23mL p\u0142ynu \u2013 Maksymalna pojemno\u015b\u0107 dla d\u0142ugotrwa\u0142ej przyjemno\u015bci<\/p>\n<p data-start=\"1640\" data-end=\"1812\">Wiele e-papieros\u00f3w zawiera tylko 10mL p\u0142ynu \u2013 Bang15000 Puffs podwaja t\u0119 ilo\u015b\u0107 do 23mL, pozwalaj\u0105c cieszy\u0107 si\u0119 vapowaniem bez przerw.<\/p>\n<h4 data-start=\"1819\" data-end=\"1891\">\ud83c\udf4f Double Apple \u2013 Idealne po\u0142\u0105czenie s\u0142odyczy i orze\u017awienia<\/h4>\n<p data-start=\"1892\" data-end=\"1978\">Je\u015bli kochasz owocowe smaki, pokochasz Double Apple!<\/p>\n<p data-start=\"1980\" data-end=\"2063\">\ud83d\udc9a Zielone jab\u0142ko \u2013 chrupi\u0105ce i kwa\u015bne<br data-start=\"2023\" data-end=\"2026\" \/>\u2764\ufe0f Czerwone jab\u0142ko \u2013 s\u0142odkie i soczyste<\/p>\n<p data-start=\"2065\" data-end=\"2270\">W po\u0142\u0105czeniu z technologi\u0105 Dul Mesh Coil wyzwala intensywne doznania smakowe, kt\u00f3re dope\u0142nia lekka \u015bwie\u017co\u015b\u0107 \u2013 jakby\u015b gryza\u0142 w idealnie dojrza\u0142e jab\u0142ko!<\/p>\n<h4 data-start=\"2277\" data-end=\"2358\">\ud83c\udfaf Wybierz odpowiedni poziom nikotyny dla swojego indywidualnego do\u015bwiadczenia vapowania<\/h4>\n<p data-start=\"2359\" data-end=\"2475\">Ka\u017cdy palacz e-papieros\u00f3w ma inne preferencje \u2013 dlatego dost\u0119pny jest Bang15000 Puffs w czterech r\u00f3\u017cnych mocach nikotynowych:<\/p>\n<p data-start=\"2477\" data-end=\"2874\">\u2705 0% (beznikotynowy) \u2013 Idealny dla palaczy, kt\u00f3rzy chc\u0105 cieszy\u0107 si\u0119 tylko smakiem. <em data-start=\"2561\" data-end=\"2599\">(Dost\u0119pne tylko przy du\u017cych zam\u00f3wieniach)<\/em><br data-start=\"2599\" data-end=\"2602\" \/>\u2705 2% (lekka moc nikotyny) \u2013 Idealny dla os\u00f3b przechodz\u0105cych z tradycyjnych papieros\u00f3w.<br data-start=\"2688\" data-end=\"2691\" \/>\u2705 3% (\u015brednia moc nikotyny) \u2013 Dla zr\u00f3wnowa\u017conego do\u015bwiadczenia palenia. <em data-start=\"2763\" data-end=\"2801\">(Dost\u0119pne tylko przy du\u017cych zam\u00f3wieniach)<\/em><br data-start=\"2801\" data-end=\"2804\" \/>\u2705 5% (wysoka moc nikotyny) \u2013 Dla mocnego uczucia gard\u0142owego.<\/p>\n<p data-start=\"2876\" data-end=\"2934\">Elastyczny, indywidualny i dok\u0142adnie dopasowany do Ciebie!<\/p>\n<h3 data-start=\"2941\" data-end=\"2975\">\ud83c\udf96 Dlaczego Bang15000 Puffs?<\/h3>\n<p data-start=\"2976\" data-end=\"3346\">\ud83d\udc8e Ekstremalnie d\u0142ugi czas u\u017cytkowania z 15000 poci\u0105gni\u0119ciami!<br data-start=\"3026\" data-end=\"3029\" \/>\u26a1 Dul Mesh Coil dla intensywnego smaku i mi\u0119kkiego dymu!<br data-start=\"3092\" data-end=\"3095\" \/>\ud83d\udd0b Akumulator 650mAh z szybkim \u0142adowaniem Typ-C!<br data-start=\"3156\" data-end=\"3159\" \/>\ud83d\udca6 Pojemno\u015b\u0107 liquidu 23mL \u2013 mniej konieczno\u015bci uzupe\u0142niania!<br data-start=\"3214\" data-end=\"3217\" \/>\ud83c\udf4f Smak podw\u00f3jnego jab\u0142ka \u2013 s\u0142odki, orze\u017awiaj\u0105cy i owocowy!<br data-start=\"3279\" data-end=\"3282\" \/>\ud83c\udfaf Cztery mocne nikotyny dla maksymalnej indywidualnej przyjemno\u015bci!<\/p>\n<h4 data-start=\"3353\" data-end=\"3434\">\ud83d\udca5 Zam\u00f3w ju\u017c teraz i podnie\u015b swoje do\u015bwiadczenie palenia na wy\u017cszy poziom!<\/h4>\n<p data-start=\"3435\" data-end=\"3572\">Do\u015bwiadcz unikalnej kombinacji wydajno\u015bci, smaku i innowacji z Bang15000 Puffs Rechargeable Disposable Pod!<\/p>\n<p data-start=\"3574\" data-end=\"3664\">\ud83d\udc49 Odwied\u017a teraz <a href=\"https:\/\/vapingnet.de\/pl\/\" target=\"_new\" rel=\"noopener\" data-start=\"3593\" data-end=\"3629\">vapingnet.de<\/a> i zdob\u0105d\u017a sw\u00f3j egzemplarz!<\/p>\n<p data-start=\"3666\" data-end=\"3732\" data-is-last-node=\"\" data-is-only-node=\"\">\ud83d\udd25 Palenie jeszcze nigdy nie by\u0142o tak intensywne, praktyczne i przyjemne!<\/p>","protected":false},"excerpt":{"rendered":"<p>Bang15000 Puffs \u0141adowalny Jednorazowy Pod \u2013 Najwy\u017csze do\u015bwiadczenie wapowania z Double Apple! Wraz z dynamicznym rozwojem rynku e-papieros\u00f3w rosn\u0105 tak\u017ce oczekiwania konsument\u00f3w. D\u0142u\u017csze...<\/p>","protected":false},"featured_media":5169,"template":"","meta":[],"etheme_brands":[],"product_brand":[101],"product_cat":[53,49,61],"product_tag":[],"class_list":{"0":"post-5167","1":"product","2":"type-product","3":"status-publish","4":"has-post-thumbnail","6":"product_brand-bang-king-vape","7":"product_cat-vape-15000-zuege","8":"product_cat-einweg-e-zigarette","9":"product_cat-f","11":"first","12":"instock","13":"shipping-taxable","14":"purchasable","15":"product-type-simple"},"yoast_head":"<!-- This site is optimized with the Yoast SEO plugin v26.5 - https:\/\/yoast.com\/wordpress\/plugins\/seo\/ -->\n<title>Genie\u00dfen Sie die unvergleichliche Fruchtfrische von Bang 15000 Puffs im Double Apple Geschmack | Vapingnet.de<\/title>\n<meta name=\"description\" content=\"Entdecke Genie\u00dfen Sie die unvergleichliche Fruchtfrische von Bang 15000 Puffs im Double Apple Geschmack bei vapingnet.de, \u25ba Gro\u00dfe Auswahl an Geschmacksrichtungen &amp; super g\u00fcnstig!\" \/>\n<meta name=\"robots\" content=\"index, follow, max-snippet:-1, max-image-preview:large, max-video-preview:-1\" \/>\n<link rel=\"canonical\" href=\"https:\/\/vapingnet.de\/pl\/vape\/geniessen-sie-die-unvergleichliche-fruchtfrische-von-bang-15000-puffs-im-double-apple-geschmack\/\" \/>\n<meta property=\"og:locale\" content=\"pl_PL\" \/>\n<meta property=\"og:type\" content=\"article\" \/>\n<meta property=\"og:title\" content=\"Genie\u00dfen Sie die unvergleichliche Fruchtfrische von Bang 15000 Puffs im Double Apple Geschmack | Vapingnet.de\" \/>\n<meta property=\"og:description\" content=\"Entdecke Genie\u00dfen Sie die unvergleichliche Fruchtfrische von Bang 15000 Puffs im Double Apple Geschmack bei vapingnet.de, \u25ba Gro\u00dfe Auswahl an Geschmacksrichtungen &amp; super g\u00fcnstig!\" \/>\n<meta property=\"og:url\" content=\"https:\/\/vapingnet.de\/pl\/vape\/geniessen-sie-die-unvergleichliche-fruchtfrische-von-bang-15000-puffs-im-double-apple-geschmack\/\" \/>\n<meta property=\"og:site_name\" content=\"Vapingnet.de\" \/>\n<meta property=\"article:publisher\" content=\"https:\/\/www.facebook.com\/vapingnetde\/\" \/>\n<meta property=\"article:modified_time\" content=\"2025-06-19T03:41:34+00:00\" \/>\n<meta property=\"og:image\" content=\"https:\/\/vapingnet.de\/wp-content\/uploads\/2025\/03\/Double-Apple-1.png\" \/>\n\t<meta property=\"og:image:width\" content=\"900\" \/>\n\t<meta property=\"og:image:height\" content=\"600\" \/>\n\t<meta property=\"og:image:type\" content=\"image\/png\" \/>\n<meta name=\"twitter:card\" content=\"summary_large_image\" \/>\n<meta name=\"twitter:label1\" content=\"Est. reading time\" \/>\n\t<meta name=\"twitter:data1\" content=\"3 minutes\" \/>\n<script type=\"application\/ld+json\" class=\"yoast-schema-graph\">{\"@context\":\"https:\/\/schema.org\",\"@graph\":[{\"@type\":\"WebPage\",\"@id\":\"https:\/\/vapingnet.de\/vape\/geniessen-sie-die-unvergleichliche-fruchtfrische-von-bang-15000-puffs-im-double-apple-geschmack\/\",\"url\":\"https:\/\/vapingnet.de\/vape\/geniessen-sie-die-unvergleichliche-fruchtfrische-von-bang-15000-puffs-im-double-apple-geschmack\/\",\"name\":\"Genie\u00dfen Sie die unvergleichliche Fruchtfrische von Bang 15000 Puffs im Double Apple Geschmack | Vapingnet.de\",\"isPartOf\":{\"@id\":\"https:\/\/vapingnet.de\/#website\"},\"primaryImageOfPage\":{\"@id\":\"https:\/\/vapingnet.de\/vape\/geniessen-sie-die-unvergleichliche-fruchtfrische-von-bang-15000-puffs-im-double-apple-geschmack\/#primaryimage\"},\"image\":{\"@id\":\"https:\/\/vapingnet.de\/vape\/geniessen-sie-die-unvergleichliche-fruchtfrische-von-bang-15000-puffs-im-double-apple-geschmack\/#primaryimage\"},\"thumbnailUrl\":\"https:\/\/vapingnet.de\/wp-content\/uploads\/2025\/03\/Double-Apple-1.png\",\"datePublished\":\"2025-03-12T09:18:53+00:00\",\"dateModified\":\"2025-06-19T03:41:34+00:00\",\"description\":\"Entdecke Genie\u00dfen Sie die unvergleichliche Fruchtfrische von Bang 15000 Puffs im Double Apple Geschmack bei vapingnet.de, \u25ba Gro\u00dfe Auswahl an Geschmacksrichtungen & super g\u00fcnstig!\",\"breadcrumb\":{\"@id\":\"https:\/\/vapingnet.de\/vape\/geniessen-sie-die-unvergleichliche-fruchtfrische-von-bang-15000-puffs-im-double-apple-geschmack\/#breadcrumb\"},\"inLanguage\":\"pl-PL\",\"potentialAction\":[{\"@type\":\"ReadAction\",\"target\":[\"https:\/\/vapingnet.de\/vape\/geniessen-sie-die-unvergleichliche-fruchtfrische-von-bang-15000-puffs-im-double-apple-geschmack\/\"]}]},{\"@type\":\"ImageObject\",\"inLanguage\":\"pl-PL\",\"@id\":\"https:\/\/vapingnet.de\/vape\/geniessen-sie-die-unvergleichliche-fruchtfrische-von-bang-15000-puffs-im-double-apple-geschmack\/#primaryimage\",\"url\":\"https:\/\/vapingnet.de\/wp-content\/uploads\/2025\/03\/Double-Apple-1.png\",\"contentUrl\":\"https:\/\/vapingnet.de\/wp-content\/uploads\/2025\/03\/Double-Apple-1.png\",\"width\":900,\"height\":600,\"caption\":\"Double Apple\"},{\"@type\":\"BreadcrumbList\",\"@id\":\"https:\/\/vapingnet.de\/vape\/geniessen-sie-die-unvergleichliche-fruchtfrische-von-bang-15000-puffs-im-double-apple-geschmack\/#breadcrumb\",\"itemListElement\":[{\"@type\":\"ListItem\",\"position\":1,\"name\":\"Home\",\"item\":\"https:\/\/vapingnet.de\/\"},{\"@type\":\"ListItem\",\"position\":2,\"name\":\"Shop\",\"item\":\"https:\/\/vapingnet.de\/vape\/\"},{\"@type\":\"ListItem\",\"position\":3,\"name\":\"Genie\u00dfen Sie die unvergleichliche Fruchtfrische von Bang 15000 Puffs im Double Apple Geschmack\"}]},{\"@type\":\"WebSite\",\"@id\":\"https:\/\/vapingnet.de\/#website\",\"url\":\"https:\/\/vapingnet.de\/\",\"name\":\"Vapingnet.de\",\"description\":\"\",\"publisher\":{\"@id\":\"https:\/\/vapingnet.de\/#organization\"},\"potentialAction\":[{\"@type\":\"SearchAction\",\"target\":{\"@type\":\"EntryPoint\",\"urlTemplate\":\"https:\/\/vapingnet.de\/?s={search_term_string}\"},\"query-input\":{\"@type\":\"PropertyValueSpecification\",\"valueRequired\":true,\"valueName\":\"search_term_string\"}}],\"inLanguage\":\"pl-PL\"},{\"@type\":\"Organization\",\"@id\":\"https:\/\/vapingnet.de\/#organization\",\"name\":\"Vapingnet.de\",\"url\":\"https:\/\/vapingnet.de\/\",\"logo\":{\"@type\":\"ImageObject\",\"inLanguage\":\"pl-PL\",\"@id\":\"https:\/\/vapingnet.de\/#\/schema\/logo\/image\/\",\"url\":\"https:\/\/vapingnet.de\/wp-content\/uploads\/2025\/03\/cropped-vapingnet.de_.jpg\",\"contentUrl\":\"https:\/\/vapingnet.de\/wp-content\/uploads\/2025\/03\/cropped-vapingnet.de_.jpg\",\"width\":512,\"height\":512,\"caption\":\"Vapingnet.de\"},\"image\":{\"@id\":\"https:\/\/vapingnet.de\/#\/schema\/logo\/image\/\"},\"sameAs\":[\"https:\/\/www.facebook.com\/vapingnetde\/\"]}]}<\/script>\n<!-- \/ Yoast SEO plugin. -->","yoast_head_json":{"title":"Genie\u00dfen Sie die unvergleichliche Fruchtfrische von Bang 15000 Puffs im Double Apple Geschmack | Vapingnet.de","description":"Entdecke Genie\u00dfen Sie die unvergleichliche Fruchtfrische von Bang 15000 Puffs im Double Apple Geschmack bei vapingnet.de, \u25ba Gro\u00dfe Auswahl an Geschmacksrichtungen & super g\u00fcnstig!","robots":{"index":"index","follow":"follow","max-snippet":"max-snippet:-1","max-image-preview":"max-image-preview:large","max-video-preview":"max-video-preview:-1"},"canonical":"https:\/\/vapingnet.de\/pl\/vape\/geniessen-sie-die-unvergleichliche-fruchtfrische-von-bang-15000-puffs-im-double-apple-geschmack\/","og_locale":"pl_PL","og_type":"article","og_title":"Genie\u00dfen Sie die unvergleichliche Fruchtfrische von Bang 15000 Puffs im Double Apple Geschmack | Vapingnet.de","og_description":"Entdecke Genie\u00dfen Sie die unvergleichliche Fruchtfrische von Bang 15000 Puffs im Double Apple Geschmack bei vapingnet.de, \u25ba Gro\u00dfe Auswahl an Geschmacksrichtungen & super g\u00fcnstig!","og_url":"https:\/\/vapingnet.de\/pl\/vape\/geniessen-sie-die-unvergleichliche-fruchtfrische-von-bang-15000-puffs-im-double-apple-geschmack\/","og_site_name":"Vapingnet.de","article_publisher":"https:\/\/www.facebook.com\/vapingnetde\/","article_modified_time":"2025-06-19T03:41:34+00:00","og_image":[{"width":900,"height":600,"url":"https:\/\/vapingnet.de\/wp-content\/uploads\/2025\/03\/Double-Apple-1.png","type":"image\/png"}],"twitter_card":"summary_large_image","twitter_misc":{"Est. reading time":"3 minutes"},"schema":{"@context":"https:\/\/schema.org","@graph":[{"@type":"WebPage","@id":"https:\/\/vapingnet.de\/vape\/geniessen-sie-die-unvergleichliche-fruchtfrische-von-bang-15000-puffs-im-double-apple-geschmack\/","url":"https:\/\/vapingnet.de\/vape\/geniessen-sie-die-unvergleichliche-fruchtfrische-von-bang-15000-puffs-im-double-apple-geschmack\/","name":"Genie\u00dfen Sie die unvergleichliche Fruchtfrische von Bang 15000 Puffs im Double Apple Geschmack | Vapingnet.de","isPartOf":{"@id":"https:\/\/vapingnet.de\/#website"},"primaryImageOfPage":{"@id":"https:\/\/vapingnet.de\/vape\/geniessen-sie-die-unvergleichliche-fruchtfrische-von-bang-15000-puffs-im-double-apple-geschmack\/#primaryimage"},"image":{"@id":"https:\/\/vapingnet.de\/vape\/geniessen-sie-die-unvergleichliche-fruchtfrische-von-bang-15000-puffs-im-double-apple-geschmack\/#primaryimage"},"thumbnailUrl":"https:\/\/vapingnet.de\/wp-content\/uploads\/2025\/03\/Double-Apple-1.png","datePublished":"2025-03-12T09:18:53+00:00","dateModified":"2025-06-19T03:41:34+00:00","description":"Entdecke Genie\u00dfen Sie die unvergleichliche Fruchtfrische von Bang 15000 Puffs im Double Apple Geschmack bei vapingnet.de, \u25ba Gro\u00dfe Auswahl an Geschmacksrichtungen & super g\u00fcnstig!","breadcrumb":{"@id":"https:\/\/vapingnet.de\/vape\/geniessen-sie-die-unvergleichliche-fruchtfrische-von-bang-15000-puffs-im-double-apple-geschmack\/#breadcrumb"},"inLanguage":"pl-PL","potentialAction":[{"@type":"ReadAction","target":["https:\/\/vapingnet.de\/vape\/geniessen-sie-die-unvergleichliche-fruchtfrische-von-bang-15000-puffs-im-double-apple-geschmack\/"]}]},{"@type":"ImageObject","inLanguage":"pl-PL","@id":"https:\/\/vapingnet.de\/vape\/geniessen-sie-die-unvergleichliche-fruchtfrische-von-bang-15000-puffs-im-double-apple-geschmack\/#primaryimage","url":"https:\/\/vapingnet.de\/wp-content\/uploads\/2025\/03\/Double-Apple-1.png","contentUrl":"https:\/\/vapingnet.de\/wp-content\/uploads\/2025\/03\/Double-Apple-1.png","width":900,"height":600,"caption":"Double Apple"},{"@type":"BreadcrumbList","@id":"https:\/\/vapingnet.de\/vape\/geniessen-sie-die-unvergleichliche-fruchtfrische-von-bang-15000-puffs-im-double-apple-geschmack\/#breadcrumb","itemListElement":[{"@type":"ListItem","position":1,"name":"Home","item":"https:\/\/vapingnet.de\/"},{"@type":"ListItem","position":2,"name":"Shop","item":"https:\/\/vapingnet.de\/vape\/"},{"@type":"ListItem","position":3,"name":"Genie\u00dfen Sie die unvergleichliche Fruchtfrische von Bang 15000 Puffs im Double Apple Geschmack"}]},{"@type":"WebSite","@id":"https:\/\/vapingnet.de\/#website","url":"https:\/\/vapingnet.de\/","name":"Vapingnet.de","description":"","publisher":{"@id":"https:\/\/vapingnet.de\/#organization"},"potentialAction":[{"@type":"SearchAction","target":{"@type":"EntryPoint","urlTemplate":"https:\/\/vapingnet.de\/?s={search_term_string}"},"query-input":{"@type":"PropertyValueSpecification","valueRequired":true,"valueName":"search_term_string"}}],"inLanguage":"pl-PL"},{"@type":"Organization","@id":"https:\/\/vapingnet.de\/#organization","name":"Vapingnet.de","url":"https:\/\/vapingnet.de\/","logo":{"@type":"ImageObject","inLanguage":"pl-PL","@id":"https:\/\/vapingnet.de\/#\/schema\/logo\/image\/","url":"https:\/\/vapingnet.de\/wp-content\/uploads\/2025\/03\/cropped-vapingnet.de_.jpg","contentUrl":"https:\/\/vapingnet.de\/wp-content\/uploads\/2025\/03\/cropped-vapingnet.de_.jpg","width":512,"height":512,"caption":"Vapingnet.de"},"image":{"@id":"https:\/\/vapingnet.de\/#\/schema\/logo\/image\/"},"sameAs":["https:\/\/www.facebook.com\/vapingnetde\/"]}]}},"tiered_pricing_type":"fixed","tiered_pricing_fixed_rules":{"10":"7.31","60":"6.58","110":"5.85","200":"5.12"},"tiered_pricing_product_settings":{"layout":"default","base_unit_name":{"singular":null,"plural":null},"default_variation":null},"tiered_pricing_minimum_quantity":null,"tiered_pricing_roles_data":[],"tiered_pricing_percentage_rules":[],"_links":{"self":[{"href":"https:\/\/vapingnet.de\/pl\/wp-json\/wp\/v2\/product\/5167","targetHints":{"allow":["GET"]}}],"collection":[{"href":"https:\/\/vapingnet.de\/pl\/wp-json\/wp\/v2\/product"}],"about":[{"href":"https:\/\/vapingnet.de\/pl\/wp-json\/wp\/v2\/types\/product"}],"version-history":[{"count":2,"href":"https:\/\/vapingnet.de\/pl\/wp-json\/wp\/v2\/product\/5167\/revisions"}],"predecessor-version":[{"id":5170,"href":"https:\/\/vapingnet.de\/pl\/wp-json\/wp\/v2\/product\/5167\/revisions\/5170"}],"wp:featuredmedia":[{"embeddable":true,"href":"https:\/\/vapingnet.de\/pl\/wp-json\/wp\/v2\/media\/5169"}],"wp:attachment":[{"href":"https:\/\/vapingnet.de\/pl\/wp-json\/wp\/v2\/media?parent=5167"}],"wp:term":[{"taxonomy":"brand","embeddable":true,"href":"https:\/\/vapingnet.de\/pl\/wp-json\/wp\/v2\/etheme_brands?post=5167"},{"taxonomy":"product_brand","embeddable":true,"href":"https:\/\/vapingnet.de\/pl\/wp-json\/wp\/v2\/product_brand?post=5167"},{"taxonomy":"product_cat","embeddable":true,"href":"https:\/\/vapingnet.de\/pl\/wp-json\/wp\/v2\/product_cat?post=5167"},{"taxonomy":"product_tag","embeddable":true,"href":"https:\/\/vapingnet.de\/pl\/wp-json\/wp\/v2\/product_tag?post=5167"}],"curies":[{"name":"wp","href":"https:\/\/api.w.org\/{rel}","templated":true}]}}