{"id":5174,"date":"2025-03-12T09:29:26","date_gmt":"2025-03-12T09:29:26","guid":{"rendered":"https:\/\/vapingnet.de\/?post_type=product&#038;p=5174"},"modified":"2025-06-25T06:03:41","modified_gmt":"2025-06-25T06:03:41","slug":"bang15000-puffs-im-koestlichen-melon-blue-ein-vape-trend-den-sie-nicht-verpassen-sollten","status":"publish","type":"product","link":"https:\/\/vapingnet.de\/pl\/vape\/bang15000-puffs-im-koestlichen-melon-blue-ein-vape-trend-den-sie-nicht-verpassen-sollten\/","title":{"rendered":"Bang15000 Puffs w pyszny smak Melon Blue, trend wapowania, kt\u00f3rego nie mo\u017cesz przegapi\u0107"},"content":{"rendered":"<h1>Bang15000 Puffs: Tw\u00f3j dost\u0119p do premiumowego dymu z Melon Blue<\/h1>\n<p>W \u015bwiecie e-papieros\u00f3w Bang15000 Puffs Rechargeable Disposable Pod wyznacza nowe standardy. To urz\u0105dzenie to nie tylko <a href=\"https:\/\/vapingnet.de\/pl\/k\/einweg-e-zigarette\/\" target=\"_blank\" rel=\"noopener\"><strong>Jednorazowa e-papieros<\/strong><\/a>; to o\u015bwiadczenie stylu, wydajno\u015bci i wyj\u0105tkowej jako\u015bci. Zaprojektowane, aby spe\u0142ni\u0107 wszystkie Twoje potrzeby zwi\u0105zane z dymieniem, gwarantuje Bang15000 niezr\u00f3wnan\u0105 przyjemno\u015b\u0107 przy ka\u017cdym zaci\u0105gni\u0119ciu.<\/p>\n<h3>Funkcje, kt\u00f3re przekonuj\u0105<\/h3>\n<ul>\n<li>Ostateczna wytrzyma\u0142o\u015b\u0107: 15 000 zaci\u0105gni\u0119\u0107 przyjemno\u015bci<br \/>\nZapomnij o ci\u0105g\u0142ej wymianie swojego e-papierosa. Bang15000 oferuje imponuj\u0105c\u0105 pojemno\u015b\u0107 15 000 zaci\u0105gni\u0119\u0107. To oznacza d\u0142ugotrwa\u0142\u0105 przyjemno\u015b\u0107 z dymu i maksymaln\u0105 wygod\u0119, szczeg\u00f3lnie dla intensywnych u\u017cytkownik\u00f3w.<\/li>\n<li>Szybkie \u0142adowanie: akumulator 650mAh z portem Typ-C<br \/>\nWyposa\u017cony w solidny akumulator 650mAh i nowoczesne z\u0142\u0105cze Typ-C, Tw\u00f3j Bang15000 jest gotowy do u\u017cycia w mgnieniu oka. Dzi\u0119ki temu Twoja przyjemno\u015b\u0107 z dymienia jest zawsze zapewniona.<\/li>\n<li>R\u00f3\u017cnorodno\u015b\u0107 smak\u00f3w: nieodparty smak Melon Blue<br \/>\nSmak jest sercem dymienia. Bang15000 kusi pysznym aromatem Melon Blue. Jeden zaci\u0105g i otuli Ci\u0119 \u015bwie\u017c\u0105, s\u0142odk\u0105 chmur\u0105 melona \u2013 prawdziwe doznanie smakowe, przypominaj\u0105ce s\u0142oneczny sad owocowy. Delikatny, pe\u0142ny i intensywny, sprawia, \u017ce ka\u017cde zaci\u0105gni\u0119cie to wyj\u0105tkowe prze\u017cycie.<\/li>\n<li>Dostosowywane poziomy nikotyny: od 0% do 5%<br \/>\nBang15000 dost\u0119pny jest w czterech r\u00f3\u017cnych poziomach nikotyny: 0 %, 2 %, 3 % i 5 %. Umo\u017cliwia to precyzyjne dopasowanie do\u015bwiadczenia dymienia do w\u0142asnych preferencji. Niezale\u017cnie od tego, czy szukasz od\u015bwie\u017caj\u0105cego, beznikotynowego odczucia, czy intensywniejszej chmury, Bang15000 ma odpowiedni\u0105 moc dla Ciebie. (Prosimy pami\u0119ta\u0107, \u017ce zam\u00f3wienia na 0 % i 3 % musz\u0105 by\u0107 sk\u0142adane w wi\u0119kszych ilo\u015bciach.)<\/li>\n<li>Perfekcyjne parowanie: technologia Dul Mesh Coil<br \/>\nZaawansowana technologia Dul Mesh Coil (1.1\u03a9) w Bang15000 zapewnia r\u00f3wnomierne i intensywne doznania z dymienia. Ka\u017cde zaci\u0105gni\u0119cie jest sp\u00f3jne i pe\u0142ne smaku, co czyni t\u0119 e-papieros\u0119 idealn\u0105 zar\u00f3wno dla pocz\u0105tkuj\u0105cych, jak i do\u015bwiadczonych dymicieli.<\/li>\n<\/ul>\n<h3>Design i dost\u0119pno\u015b\u0107<\/h3>\n<p>Bang15000 wyr\u00f3\u017cnia si\u0119 nie tylko wydajno\u015bci\u0105, ale tak\u017ce nowoczesnym i minimalistycznym designem. Kompaktowa i lekka, jest idealnym towarzyszem w podr\u00f3\u017cy i harmonijnie wpisuje si\u0119 w ka\u017cdy styl \u017cycia.<\/p>\n<p>Twoje nowe do\u015bwiadczenie z dymieniem jest tylko kilka klikni\u0119\u0107 od Ciebie. Wystarczy odwiedzi\u0107 vapingnet.de, wybra\u0107 Bang15000 i skorzysta\u0107 z naszej szybkiej i niezawodnej wysy\u0142ki. Bez skomplikowanych procedur, tylko czysta przyjemno\u015b\u0107!<\/p>\n<h4>Twoja premiumowa chmura czeka<\/h4>\n<p>Je\u015bli szukasz wysokiej jako\u015bci, niezawodnego i smakowitego e-papierosa, to <a href=\"https:\/\/vapingnet.de\/pl\/bang-15000-puffs\/\" target=\"_blank\" rel=\"noopener\"><strong>Bang15000 Puffs Rechargeable Disposable Pod<\/strong><\/a> jest idealnym wyborem. Przewy\u017csza oczekiwania pod wzgl\u0119dem smaku, produkcji dymu i komfortu.<\/p>\n<p>Gotowy na niezr\u00f3wnane do\u015bwiadczenie z parownikiem? Odwied\u017a teraz vapingnet.de i zacznij ju\u017c dzi\u015b!<\/p>","protected":false},"excerpt":{"rendered":"<p>Bang15000 Puffs: Tw\u00f3j dost\u0119p do premium pary z Melon Blue W \u015bwiecie e-papieros\u00f3w Bang15000 Puffs Rechargeable Disposable Pod wyznacza nowe standardy. To urz\u0105dzenie...<\/p>","protected":false},"featured_media":5175,"template":"","meta":[],"etheme_brands":[],"product_brand":[101],"product_cat":[53,49,61],"product_tag":[],"class_list":{"0":"post-5174","1":"product","2":"type-product","3":"status-publish","4":"has-post-thumbnail","6":"product_brand-bang-king-vape","7":"product_cat-vape-15000-zuege","8":"product_cat-einweg-e-zigarette","9":"product_cat-f","11":"first","12":"instock","13":"shipping-taxable","14":"purchasable","15":"product-type-simple"},"yoast_head":"<!-- This site is optimized with the Yoast SEO plugin v26.5 - https:\/\/yoast.com\/wordpress\/plugins\/seo\/ -->\n<title>Bang15000 Puffs | Melon Blue Einweg E-Zigarette \u2013 Vapingnet.de<\/title>\n<meta name=\"description\" content=\"Erleben Sie 15.000 Z\u00fcge Genuss mit der Bang15000 Puffs. Wiederaufladbare Einweg E-Zigarette mit frischem Melon Blue Aroma &amp; versch. Nikotinst\u00e4rken.\" \/>\n<meta name=\"robots\" content=\"index, follow, max-snippet:-1, max-image-preview:large, max-video-preview:-1\" \/>\n<link rel=\"canonical\" href=\"https:\/\/vapingnet.de\/pl\/vape\/bang15000-puffs-im-koestlichen-melon-blue-ein-vape-trend-den-sie-nicht-verpassen-sollten\/\" \/>\n<meta property=\"og:locale\" content=\"pl_PL\" \/>\n<meta property=\"og:type\" content=\"article\" \/>\n<meta property=\"og:title\" content=\"Bang15000 Puffs | Melon Blue Einweg E-Zigarette \u2013 Vapingnet.de\" \/>\n<meta property=\"og:description\" content=\"Erleben Sie 15.000 Z\u00fcge Genuss mit der Bang15000 Puffs. Wiederaufladbare Einweg E-Zigarette mit frischem Melon Blue Aroma &amp; versch. Nikotinst\u00e4rken.\" \/>\n<meta property=\"og:url\" content=\"https:\/\/vapingnet.de\/pl\/vape\/bang15000-puffs-im-koestlichen-melon-blue-ein-vape-trend-den-sie-nicht-verpassen-sollten\/\" \/>\n<meta property=\"og:site_name\" content=\"Vapingnet.de\" \/>\n<meta property=\"article:publisher\" content=\"https:\/\/www.facebook.com\/vapingnetde\/\" \/>\n<meta property=\"article:modified_time\" content=\"2025-06-25T06:03:41+00:00\" \/>\n<meta property=\"og:image\" content=\"https:\/\/vapingnet.de\/wp-content\/uploads\/2025\/03\/Melon-Blue.png\" \/>\n\t<meta property=\"og:image:width\" content=\"900\" \/>\n\t<meta property=\"og:image:height\" content=\"600\" \/>\n\t<meta property=\"og:image:type\" content=\"image\/png\" \/>\n<meta name=\"twitter:card\" content=\"summary_large_image\" \/>\n<meta name=\"twitter:label1\" content=\"Est. reading time\" \/>\n\t<meta name=\"twitter:data1\" content=\"3 minutes\" \/>\n<script type=\"application\/ld+json\" class=\"yoast-schema-graph\">{\"@context\":\"https:\/\/schema.org\",\"@graph\":[{\"@type\":\"WebPage\",\"@id\":\"https:\/\/vapingnet.de\/vape\/bang15000-puffs-im-koestlichen-melon-blue-ein-vape-trend-den-sie-nicht-verpassen-sollten\/\",\"url\":\"https:\/\/vapingnet.de\/vape\/bang15000-puffs-im-koestlichen-melon-blue-ein-vape-trend-den-sie-nicht-verpassen-sollten\/\",\"name\":\"Bang15000 Puffs | Melon Blue Einweg E-Zigarette \u2013 Vapingnet.de\",\"isPartOf\":{\"@id\":\"https:\/\/vapingnet.de\/#website\"},\"primaryImageOfPage\":{\"@id\":\"https:\/\/vapingnet.de\/vape\/bang15000-puffs-im-koestlichen-melon-blue-ein-vape-trend-den-sie-nicht-verpassen-sollten\/#primaryimage\"},\"image\":{\"@id\":\"https:\/\/vapingnet.de\/vape\/bang15000-puffs-im-koestlichen-melon-blue-ein-vape-trend-den-sie-nicht-verpassen-sollten\/#primaryimage\"},\"thumbnailUrl\":\"https:\/\/vapingnet.de\/wp-content\/uploads\/2025\/03\/Melon-Blue.png\",\"datePublished\":\"2025-03-12T09:29:26+00:00\",\"dateModified\":\"2025-06-25T06:03:41+00:00\",\"description\":\"Erleben Sie 15.000 Z\u00fcge Genuss mit der Bang15000 Puffs. Wiederaufladbare Einweg E-Zigarette mit frischem Melon Blue Aroma & versch. Nikotinst\u00e4rken.\",\"breadcrumb\":{\"@id\":\"https:\/\/vapingnet.de\/vape\/bang15000-puffs-im-koestlichen-melon-blue-ein-vape-trend-den-sie-nicht-verpassen-sollten\/#breadcrumb\"},\"inLanguage\":\"pl-PL\",\"potentialAction\":[{\"@type\":\"ReadAction\",\"target\":[\"https:\/\/vapingnet.de\/vape\/bang15000-puffs-im-koestlichen-melon-blue-ein-vape-trend-den-sie-nicht-verpassen-sollten\/\"]}]},{\"@type\":\"ImageObject\",\"inLanguage\":\"pl-PL\",\"@id\":\"https:\/\/vapingnet.de\/vape\/bang15000-puffs-im-koestlichen-melon-blue-ein-vape-trend-den-sie-nicht-verpassen-sollten\/#primaryimage\",\"url\":\"https:\/\/vapingnet.de\/wp-content\/uploads\/2025\/03\/Melon-Blue.png\",\"contentUrl\":\"https:\/\/vapingnet.de\/wp-content\/uploads\/2025\/03\/Melon-Blue.png\",\"width\":900,\"height\":600,\"caption\":\"Melon Blue\"},{\"@type\":\"BreadcrumbList\",\"@id\":\"https:\/\/vapingnet.de\/vape\/bang15000-puffs-im-koestlichen-melon-blue-ein-vape-trend-den-sie-nicht-verpassen-sollten\/#breadcrumb\",\"itemListElement\":[{\"@type\":\"ListItem\",\"position\":1,\"name\":\"Home\",\"item\":\"https:\/\/vapingnet.de\/\"},{\"@type\":\"ListItem\",\"position\":2,\"name\":\"Shop\",\"item\":\"https:\/\/vapingnet.de\/vape\/\"},{\"@type\":\"ListItem\",\"position\":3,\"name\":\"Bang15000 Puffs im k\u00f6stlichen Melon Blue Ein Vape-Trend den Sie nicht verpassen sollten\"}]},{\"@type\":\"WebSite\",\"@id\":\"https:\/\/vapingnet.de\/#website\",\"url\":\"https:\/\/vapingnet.de\/\",\"name\":\"Vapingnet.de\",\"description\":\"\",\"publisher\":{\"@id\":\"https:\/\/vapingnet.de\/#organization\"},\"potentialAction\":[{\"@type\":\"SearchAction\",\"target\":{\"@type\":\"EntryPoint\",\"urlTemplate\":\"https:\/\/vapingnet.de\/?s={search_term_string}\"},\"query-input\":{\"@type\":\"PropertyValueSpecification\",\"valueRequired\":true,\"valueName\":\"search_term_string\"}}],\"inLanguage\":\"pl-PL\"},{\"@type\":\"Organization\",\"@id\":\"https:\/\/vapingnet.de\/#organization\",\"name\":\"Vapingnet.de\",\"url\":\"https:\/\/vapingnet.de\/\",\"logo\":{\"@type\":\"ImageObject\",\"inLanguage\":\"pl-PL\",\"@id\":\"https:\/\/vapingnet.de\/#\/schema\/logo\/image\/\",\"url\":\"https:\/\/vapingnet.de\/wp-content\/uploads\/2025\/03\/cropped-vapingnet.de_.jpg\",\"contentUrl\":\"https:\/\/vapingnet.de\/wp-content\/uploads\/2025\/03\/cropped-vapingnet.de_.jpg\",\"width\":512,\"height\":512,\"caption\":\"Vapingnet.de\"},\"image\":{\"@id\":\"https:\/\/vapingnet.de\/#\/schema\/logo\/image\/\"},\"sameAs\":[\"https:\/\/www.facebook.com\/vapingnetde\/\"]}]}<\/script>\n<!-- \/ Yoast SEO plugin. -->","yoast_head_json":{"title":"Bang15000 Puffs | Melon Blue Einweg E-Zigarette \u2013 Vapingnet.de","description":"Erleben Sie 15.000 Z\u00fcge Genuss mit der Bang15000 Puffs. Wiederaufladbare Einweg E-Zigarette mit frischem Melon Blue Aroma & versch. Nikotinst\u00e4rken.","robots":{"index":"index","follow":"follow","max-snippet":"max-snippet:-1","max-image-preview":"max-image-preview:large","max-video-preview":"max-video-preview:-1"},"canonical":"https:\/\/vapingnet.de\/pl\/vape\/bang15000-puffs-im-koestlichen-melon-blue-ein-vape-trend-den-sie-nicht-verpassen-sollten\/","og_locale":"pl_PL","og_type":"article","og_title":"Bang15000 Puffs | Melon Blue Einweg E-Zigarette \u2013 Vapingnet.de","og_description":"Erleben Sie 15.000 Z\u00fcge Genuss mit der Bang15000 Puffs. Wiederaufladbare Einweg E-Zigarette mit frischem Melon Blue Aroma & versch. Nikotinst\u00e4rken.","og_url":"https:\/\/vapingnet.de\/pl\/vape\/bang15000-puffs-im-koestlichen-melon-blue-ein-vape-trend-den-sie-nicht-verpassen-sollten\/","og_site_name":"Vapingnet.de","article_publisher":"https:\/\/www.facebook.com\/vapingnetde\/","article_modified_time":"2025-06-25T06:03:41+00:00","og_image":[{"width":900,"height":600,"url":"https:\/\/vapingnet.de\/wp-content\/uploads\/2025\/03\/Melon-Blue.png","type":"image\/png"}],"twitter_card":"summary_large_image","twitter_misc":{"Est. reading time":"3 minutes"},"schema":{"@context":"https:\/\/schema.org","@graph":[{"@type":"WebPage","@id":"https:\/\/vapingnet.de\/vape\/bang15000-puffs-im-koestlichen-melon-blue-ein-vape-trend-den-sie-nicht-verpassen-sollten\/","url":"https:\/\/vapingnet.de\/vape\/bang15000-puffs-im-koestlichen-melon-blue-ein-vape-trend-den-sie-nicht-verpassen-sollten\/","name":"Bang15000 Puffs | Melon Blue Einweg E-Zigarette \u2013 Vapingnet.de","isPartOf":{"@id":"https:\/\/vapingnet.de\/#website"},"primaryImageOfPage":{"@id":"https:\/\/vapingnet.de\/vape\/bang15000-puffs-im-koestlichen-melon-blue-ein-vape-trend-den-sie-nicht-verpassen-sollten\/#primaryimage"},"image":{"@id":"https:\/\/vapingnet.de\/vape\/bang15000-puffs-im-koestlichen-melon-blue-ein-vape-trend-den-sie-nicht-verpassen-sollten\/#primaryimage"},"thumbnailUrl":"https:\/\/vapingnet.de\/wp-content\/uploads\/2025\/03\/Melon-Blue.png","datePublished":"2025-03-12T09:29:26+00:00","dateModified":"2025-06-25T06:03:41+00:00","description":"Erleben Sie 15.000 Z\u00fcge Genuss mit der Bang15000 Puffs. Wiederaufladbare Einweg E-Zigarette mit frischem Melon Blue Aroma & versch. Nikotinst\u00e4rken.","breadcrumb":{"@id":"https:\/\/vapingnet.de\/vape\/bang15000-puffs-im-koestlichen-melon-blue-ein-vape-trend-den-sie-nicht-verpassen-sollten\/#breadcrumb"},"inLanguage":"pl-PL","potentialAction":[{"@type":"ReadAction","target":["https:\/\/vapingnet.de\/vape\/bang15000-puffs-im-koestlichen-melon-blue-ein-vape-trend-den-sie-nicht-verpassen-sollten\/"]}]},{"@type":"ImageObject","inLanguage":"pl-PL","@id":"https:\/\/vapingnet.de\/vape\/bang15000-puffs-im-koestlichen-melon-blue-ein-vape-trend-den-sie-nicht-verpassen-sollten\/#primaryimage","url":"https:\/\/vapingnet.de\/wp-content\/uploads\/2025\/03\/Melon-Blue.png","contentUrl":"https:\/\/vapingnet.de\/wp-content\/uploads\/2025\/03\/Melon-Blue.png","width":900,"height":600,"caption":"Melon Blue"},{"@type":"BreadcrumbList","@id":"https:\/\/vapingnet.de\/vape\/bang15000-puffs-im-koestlichen-melon-blue-ein-vape-trend-den-sie-nicht-verpassen-sollten\/#breadcrumb","itemListElement":[{"@type":"ListItem","position":1,"name":"Home","item":"https:\/\/vapingnet.de\/"},{"@type":"ListItem","position":2,"name":"Shop","item":"https:\/\/vapingnet.de\/vape\/"},{"@type":"ListItem","position":3,"name":"Bang15000 Puffs im k\u00f6stlichen Melon Blue Ein Vape-Trend den Sie nicht verpassen sollten"}]},{"@type":"WebSite","@id":"https:\/\/vapingnet.de\/#website","url":"https:\/\/vapingnet.de\/","name":"Vapingnet.de","description":"","publisher":{"@id":"https:\/\/vapingnet.de\/#organization"},"potentialAction":[{"@type":"SearchAction","target":{"@type":"EntryPoint","urlTemplate":"https:\/\/vapingnet.de\/?s={search_term_string}"},"query-input":{"@type":"PropertyValueSpecification","valueRequired":true,"valueName":"search_term_string"}}],"inLanguage":"pl-PL"},{"@type":"Organization","@id":"https:\/\/vapingnet.de\/#organization","name":"Vapingnet.de","url":"https:\/\/vapingnet.de\/","logo":{"@type":"ImageObject","inLanguage":"pl-PL","@id":"https:\/\/vapingnet.de\/#\/schema\/logo\/image\/","url":"https:\/\/vapingnet.de\/wp-content\/uploads\/2025\/03\/cropped-vapingnet.de_.jpg","contentUrl":"https:\/\/vapingnet.de\/wp-content\/uploads\/2025\/03\/cropped-vapingnet.de_.jpg","width":512,"height":512,"caption":"Vapingnet.de"},"image":{"@id":"https:\/\/vapingnet.de\/#\/schema\/logo\/image\/"},"sameAs":["https:\/\/www.facebook.com\/vapingnetde\/"]}]}},"tiered_pricing_type":"fixed","tiered_pricing_fixed_rules":{"10":"7.31","60":"6.58","110":"5.85","200":"5.12"},"tiered_pricing_product_settings":{"layout":"default","base_unit_name":{"singular":null,"plural":null},"default_variation":null},"tiered_pricing_minimum_quantity":null,"tiered_pricing_roles_data":[],"tiered_pricing_percentage_rules":[],"_links":{"self":[{"href":"https:\/\/vapingnet.de\/pl\/wp-json\/wp\/v2\/product\/5174","targetHints":{"allow":["GET"]}}],"collection":[{"href":"https:\/\/vapingnet.de\/pl\/wp-json\/wp\/v2\/product"}],"about":[{"href":"https:\/\/vapingnet.de\/pl\/wp-json\/wp\/v2\/types\/product"}],"version-history":[{"count":3,"href":"https:\/\/vapingnet.de\/pl\/wp-json\/wp\/v2\/product\/5174\/revisions"}],"predecessor-version":[{"id":7233,"href":"https:\/\/vapingnet.de\/pl\/wp-json\/wp\/v2\/product\/5174\/revisions\/7233"}],"wp:featuredmedia":[{"embeddable":true,"href":"https:\/\/vapingnet.de\/pl\/wp-json\/wp\/v2\/media\/5175"}],"wp:attachment":[{"href":"https:\/\/vapingnet.de\/pl\/wp-json\/wp\/v2\/media?parent=5174"}],"wp:term":[{"taxonomy":"brand","embeddable":true,"href":"https:\/\/vapingnet.de\/pl\/wp-json\/wp\/v2\/etheme_brands?post=5174"},{"taxonomy":"product_brand","embeddable":true,"href":"https:\/\/vapingnet.de\/pl\/wp-json\/wp\/v2\/product_brand?post=5174"},{"taxonomy":"product_cat","embeddable":true,"href":"https:\/\/vapingnet.de\/pl\/wp-json\/wp\/v2\/product_cat?post=5174"},{"taxonomy":"product_tag","embeddable":true,"href":"https:\/\/vapingnet.de\/pl\/wp-json\/wp\/v2\/product_tag?post=5174"}],"curies":[{"name":"wp","href":"https:\/\/api.w.org\/{rel}","templated":true}]}}