{"id":5177,"date":"2025-03-12T09:37:08","date_gmt":"2025-03-12T09:37:08","guid":{"rendered":"https:\/\/vapingnet.de\/?post_type=product&#038;p=5177"},"modified":"2025-06-25T06:21:22","modified_gmt":"2025-06-25T06:21:22","slug":"entzueckender-geschmack-bang-15000-puffs-mit-melon-mint-ein-muss-fuer-alle-vape-liebhaber","status":"publish","type":"product","link":"https:\/\/vapingnet.de\/pl\/vape\/entzueckender-geschmack-bang-15000-puffs-mit-melon-mint-ein-muss-fuer-alle-vape-liebhaber\/","title":{"rendered":"Uroczy smak Bang 15000 Puffs z Melon Mint, must-have dla mi\u0142o\u015bnik\u00f3w vape"},"content":{"rendered":"<h2 dir=\"auto\">Bang15000 Puffs \u0141adowalny Jednorazowy Pod D\u0142ugotrwa\u0142o\u015b\u0107 i intensywny smak<\/h2>\n<p dir=\"auto\">Poszukiwanie e-papierosa, kt\u00f3ry oferuje zar\u00f3wno d\u0142ugi czas u\u017cytkowania, jak i wybitny smak, mo\u017ce by\u0107 wyzwaniem. Z Bang15000 Puffs \u0141adowalny Jednorazowy Pod prezentujemy innowacyjny produkt, kt\u00f3ry spe\u0142nia te wymagania bez wysi\u0142ku. Ten wielokrotnego \u0142adowania jednorazowy e-papieros \u0142\u0105czy najnowsz\u0105 technologi\u0119 z od\u015bwie\u017caj\u0105cym doznaniem smakowym i jest idealnym wyborem dla wymagaj\u0105cych palaczy.<\/p>\n<h3 dir=\"auto\">Dlaczego wybra\u0107 Bang15000 Puffs \u0141adowalny Jednorazowy Pod?<\/h3>\n<p dir=\"auto\">Bang15000 Puffs \u0141adowalny Jednorazowy Pod wyr\u00f3\u017cnia si\u0119 imponuj\u0105cymi cechami na tle konkurencji. Zar\u00f3wno do codziennego u\u017cytku, jak i w podr\u00f3\u017cy \u2013 to urz\u0105dzenie zapewnia komfort, jako\u015b\u0107 i wszechstronno\u015b\u0107.<\/p>\n<p dir=\"auto\">1. Imponuj\u0105cy czas u\u017cytkowania z 15 000 poci\u0105gni\u0119\u0107<\/p>\n<p dir=\"auto\">Z pojemno\u015bci\u0105 <a href=\"https:\/\/vapingnet.de\/pl\/k\/vape-15000-zuege\/\" target=\"_blank\" rel=\"noopener\"><strong>15 000 zaci\u0105gni\u0119\u0107<\/strong><\/a> przewy\u017csza tradycyjne jednorazowe e-papierosy. Ta trwa\u0142o\u015b\u0107 oznacza, \u017ce rzadziej musisz wymienia\u0107 urz\u0105dzenie, co jest zar\u00f3wno praktyczne, jak i ekonomiczne. Niezale\u017cnie od tego, czy jeste\u015b okazjonalnym palaczem, czy intensywnym u\u017cytkownikiem, to urz\u0105dzenie niezawodnie towarzyszy Ci na co dzie\u0144.<\/p>\n<p dir=\"auto\">2. Wydajny i wielokrotnego \u0142adowania akumulator<\/p>\n<p dir=\"auto\">Wyposa\u017cony w akumulator 650mAh i nowoczesne z\u0142\u0105cze Type-C, Bang15000 Puffs umo\u017cliwia szybkie i efektywne \u0142adowanie. W kr\u00f3tkim czasie urz\u0105dzenie jest gotowe do u\u017cycia, dzi\u0119ki czemu mo\u017cesz cieszy\u0107 si\u0119 nieprzerwanym do\u015bwiadczeniem palenia. Z\u0142\u0105cze Type-C sprawia, \u017ce \u0142adowanie jest nie tylko szybsze, ale tak\u017ce uniwersalnie kompatybilne.<\/p>\n<p dir=\"auto\">3. Zaawansowana technologia Mesh-Coil dla intensywnego smaku<\/p>\n<p dir=\"auto\">Bang15000 Puffs korzysta z innowacyjnej technologii Dual Mesh Coil (1.1\u03a9), kt\u00f3ra zapewnia r\u00f3wnomierne wytwarzanie pary i intensywniejsze odczucia smakowe. Ka\u017cde poci\u0105gni\u0119cie to g\u0142adkie i luksusowe doznanie, kt\u00f3re zachwyci nawet wymagaj\u0105cych palaczy.<\/p>\n<p dir=\"auto\">4. Od\u015bwie\u017caj\u0105cy smak Melon Mint<\/p>\n<p dir=\"auto\">Smak Melon Mint \u0142\u0105czy s\u0142odk\u0105 \u015bwie\u017co\u015b\u0107 melona z nut\u0105 mi\u0119ty. Ta harmonijna mieszanka zapewnia orze\u017awiaj\u0105ce i pobudzaj\u0105ce doznania podczas palenia, kt\u00f3re przekonuj\u0105 przy ka\u017cdym poci\u0105gni\u0119ciu.<\/p>\n<p dir=\"auto\">5. Elastyczne st\u0119\u017cenia nikotyny dla indywidualnych potrzeb<\/p>\n<p dir=\"auto\">Bang15000 Puffs \u0141adowalny Jednorazowy Pod jest dost\u0119pny w r\u00f3\u017cnych st\u0119\u017ceniach nikotyny: 0%, 2%, 3% i 5%. Dzi\u0119ki temu mo\u017cesz wybra\u0107 opcj\u0119 odpowiedni\u0105 dla siebie, niezale\u017cnie od tego, czy chcesz pali\u0107 bez nikotyny, czy preferujesz intensywniejsze doznania. Dla du\u017cych zam\u00f3wie\u0144 oferujemy r\u00f3wnie\u017c spersonalizowane opcje z nikotyn\u0105 0% i 3%.<\/p>\n<h3 dir=\"auto\">Zalety Bang15000 Puffs \u0141adowalny Jednorazowy Pod<\/h3>\n<p dir=\"auto\">Bang15000 Puffs to wi\u0119cej ni\u017c tylko e-papieros \u2013 to wyraz jako\u015bci i przyjazno\u015bci dla u\u017cytkownika. Oto najwa\u017cniejsze zalety w skr\u00f3cie:<\/p>\n<ul dir=\"auto\">\n<li>D\u0142ugotrwa\u0142e u\u017cytkowanie: do 15 000 poci\u0105gni\u0119\u0107 na urz\u0105dzenie znacznie zmniejsza konieczno\u015b\u0107 wymiany.<\/li>\n<li>Szybkie \u0142adowanie: z\u0142\u0105cze Type-C umo\u017cliwia efektywne \u0142adowanie dla nieprzerwanego korzystania.<\/li>\n<li>Intensywny smak: technologia Mesh-Coil zapewnia niezr\u00f3wnane doznania smakowe.<\/li>\n<li>Wszechstronno\u015b\u0107: R\u00f3\u017cne poziomy nikotyny i od\u015bwie\u017caj\u0105cy smak dopasowuj\u0105 si\u0119 do Twoich preferencji.<\/li>\n<li>Przeno\u015bno\u015b\u0107: Kompaktowy i lekki, idealny na co dzie\u0144 lub w podr\u00f3\u017cy.<\/li>\n<\/ul>\n<h4 dir=\"auto\">Jak kupi\u0107 Bang15000 Puffs Rechargeable Disposable Pod?<\/h4>\n<p dir=\"auto\">Zam\u00f3wienie Bang15000 Puffs Rechargeable Disposable Pod jest niezwykle proste. Odwied\u017a nasz\u0105 stron\u0119 internetow\u0105 pod adresem vapingnet.de i wybierz preferowany poziom nikotyny oraz smak. Oferujemy szybk\u0105 wysy\u0142k\u0119 dla zam\u00f3wie\u0144 detalicznych i hurtowych, dzi\u0119ki czemu w kr\u00f3tkim czasie b\u0119dziesz mia\u0142 sw\u00f3j produkt w r\u0119kach.<\/p>\n<h4 dir=\"auto\">Bang15000 Puffs \u2013 przysz\u0142o\u015b\u0107 vapingu<\/h4>\n<p dir=\"auto\">Bang15000 Puffs Rechargeable Disposable Pod to idealny wyb\u00f3r dla tych, kt\u00f3rzy ceni\u0105 trwa\u0142o\u015b\u0107, intensywny smak i \u0142atwo\u015b\u0107 obs\u0142ugi. Dzi\u0119ki zaawansowanej technologii, od\u015bwie\u017caj\u0105cemu smakowi Melon Mint i elastycznym poziomom nikotyny, zapewnia do\u015bwiadczenie vapingu, kt\u00f3re nie zawiedzie. Zam\u00f3w ju\u017c dzi\u015b na vapingnet.de i odkryj nowy wymiar vapingu!<\/p>","protected":false},"excerpt":{"rendered":"<p>Bang15000 Puffs \u0141adowalny Jednorazowy Pod \u2013 Trwa\u0142o\u015b\u0107 i intensywny smak. Poszukiwanie e-papierosa, kt\u00f3ry zapewnia zar\u00f3wno d\u0142ugi czas u\u017cytkowania, jak i wyj\u0105tkowy smak,...<\/p>","protected":false},"featured_media":5178,"template":"","meta":[],"etheme_brands":[],"product_brand":[101],"product_cat":[53,49,61],"product_tag":[],"class_list":{"0":"post-5177","1":"product","2":"type-product","3":"status-publish","4":"has-post-thumbnail","6":"product_brand-bang-king-vape","7":"product_cat-vape-15000-zuege","8":"product_cat-einweg-e-zigarette","9":"product_cat-f","11":"first","12":"instock","13":"shipping-taxable","14":"purchasable","15":"product-type-simple"},"yoast_head":"<!-- This site is optimized with the Yoast SEO plugin v26.5 - https:\/\/yoast.com\/wordpress\/plugins\/seo\/ -->\n<title>Bang15000 Puffs E-Zigarette: Melon Mint &amp; 15.000 Z\u00fcge<\/title>\n<meta name=\"description\" content=\"Bang15000 Puffs Rechargeable Pod: 15.000 Z\u00fcge, 650mAh-Akku, Mesh-Coil f\u00fcr intensiven Melon Mint Geschmack. Jetzt auf vapingnet.de kaufen!\" \/>\n<meta name=\"robots\" content=\"index, follow, max-snippet:-1, max-image-preview:large, max-video-preview:-1\" \/>\n<link rel=\"canonical\" href=\"https:\/\/vapingnet.de\/pl\/vape\/entzueckender-geschmack-bang-15000-puffs-mit-melon-mint-ein-muss-fuer-alle-vape-liebhaber\/\" \/>\n<meta property=\"og:locale\" content=\"pl_PL\" \/>\n<meta property=\"og:type\" content=\"article\" \/>\n<meta property=\"og:title\" content=\"Bang15000 Puffs E-Zigarette: Melon Mint &amp; 15.000 Z\u00fcge\" \/>\n<meta property=\"og:description\" content=\"Bang15000 Puffs Rechargeable Pod: 15.000 Z\u00fcge, 650mAh-Akku, Mesh-Coil f\u00fcr intensiven Melon Mint Geschmack. Jetzt auf vapingnet.de kaufen!\" \/>\n<meta property=\"og:url\" content=\"https:\/\/vapingnet.de\/pl\/vape\/entzueckender-geschmack-bang-15000-puffs-mit-melon-mint-ein-muss-fuer-alle-vape-liebhaber\/\" \/>\n<meta property=\"og:site_name\" content=\"Vapingnet.de\" \/>\n<meta property=\"article:publisher\" content=\"https:\/\/www.facebook.com\/vapingnetde\/\" \/>\n<meta property=\"article:modified_time\" content=\"2025-06-25T06:21:22+00:00\" \/>\n<meta property=\"og:image\" content=\"https:\/\/vapingnet.de\/wp-content\/uploads\/2025\/03\/Melon-Mint.png\" \/>\n\t<meta property=\"og:image:width\" content=\"900\" \/>\n\t<meta property=\"og:image:height\" content=\"600\" \/>\n\t<meta property=\"og:image:type\" content=\"image\/png\" \/>\n<meta name=\"twitter:card\" content=\"summary_large_image\" \/>\n<meta name=\"twitter:label1\" content=\"Est. reading time\" \/>\n\t<meta name=\"twitter:data1\" content=\"4 minutes\" \/>\n<script type=\"application\/ld+json\" class=\"yoast-schema-graph\">{\"@context\":\"https:\/\/schema.org\",\"@graph\":[{\"@type\":\"WebPage\",\"@id\":\"https:\/\/vapingnet.de\/vape\/entzueckender-geschmack-bang-15000-puffs-mit-melon-mint-ein-muss-fuer-alle-vape-liebhaber\/\",\"url\":\"https:\/\/vapingnet.de\/vape\/entzueckender-geschmack-bang-15000-puffs-mit-melon-mint-ein-muss-fuer-alle-vape-liebhaber\/\",\"name\":\"Bang15000 Puffs E-Zigarette: Melon Mint & 15.000 Z\u00fcge\",\"isPartOf\":{\"@id\":\"https:\/\/vapingnet.de\/#website\"},\"primaryImageOfPage\":{\"@id\":\"https:\/\/vapingnet.de\/vape\/entzueckender-geschmack-bang-15000-puffs-mit-melon-mint-ein-muss-fuer-alle-vape-liebhaber\/#primaryimage\"},\"image\":{\"@id\":\"https:\/\/vapingnet.de\/vape\/entzueckender-geschmack-bang-15000-puffs-mit-melon-mint-ein-muss-fuer-alle-vape-liebhaber\/#primaryimage\"},\"thumbnailUrl\":\"https:\/\/vapingnet.de\/wp-content\/uploads\/2025\/03\/Melon-Mint.png\",\"datePublished\":\"2025-03-12T09:37:08+00:00\",\"dateModified\":\"2025-06-25T06:21:22+00:00\",\"description\":\"Bang15000 Puffs Rechargeable Pod: 15.000 Z\u00fcge, 650mAh-Akku, Mesh-Coil f\u00fcr intensiven Melon Mint Geschmack. Jetzt auf vapingnet.de kaufen!\",\"breadcrumb\":{\"@id\":\"https:\/\/vapingnet.de\/vape\/entzueckender-geschmack-bang-15000-puffs-mit-melon-mint-ein-muss-fuer-alle-vape-liebhaber\/#breadcrumb\"},\"inLanguage\":\"pl-PL\",\"potentialAction\":[{\"@type\":\"ReadAction\",\"target\":[\"https:\/\/vapingnet.de\/vape\/entzueckender-geschmack-bang-15000-puffs-mit-melon-mint-ein-muss-fuer-alle-vape-liebhaber\/\"]}]},{\"@type\":\"ImageObject\",\"inLanguage\":\"pl-PL\",\"@id\":\"https:\/\/vapingnet.de\/vape\/entzueckender-geschmack-bang-15000-puffs-mit-melon-mint-ein-muss-fuer-alle-vape-liebhaber\/#primaryimage\",\"url\":\"https:\/\/vapingnet.de\/wp-content\/uploads\/2025\/03\/Melon-Mint.png\",\"contentUrl\":\"https:\/\/vapingnet.de\/wp-content\/uploads\/2025\/03\/Melon-Mint.png\",\"width\":900,\"height\":600,\"caption\":\"Melon Mint\"},{\"@type\":\"BreadcrumbList\",\"@id\":\"https:\/\/vapingnet.de\/vape\/entzueckender-geschmack-bang-15000-puffs-mit-melon-mint-ein-muss-fuer-alle-vape-liebhaber\/#breadcrumb\",\"itemListElement\":[{\"@type\":\"ListItem\",\"position\":1,\"name\":\"Home\",\"item\":\"https:\/\/vapingnet.de\/\"},{\"@type\":\"ListItem\",\"position\":2,\"name\":\"Shop\",\"item\":\"https:\/\/vapingnet.de\/vape\/\"},{\"@type\":\"ListItem\",\"position\":3,\"name\":\"Entz\u00fcckender Geschmack Bang 15000 Puffs mit Melon Mint Ein Muss f\u00fcr alle Vape Liebhaber\"}]},{\"@type\":\"WebSite\",\"@id\":\"https:\/\/vapingnet.de\/#website\",\"url\":\"https:\/\/vapingnet.de\/\",\"name\":\"Vapingnet.de\",\"description\":\"\",\"publisher\":{\"@id\":\"https:\/\/vapingnet.de\/#organization\"},\"potentialAction\":[{\"@type\":\"SearchAction\",\"target\":{\"@type\":\"EntryPoint\",\"urlTemplate\":\"https:\/\/vapingnet.de\/?s={search_term_string}\"},\"query-input\":{\"@type\":\"PropertyValueSpecification\",\"valueRequired\":true,\"valueName\":\"search_term_string\"}}],\"inLanguage\":\"pl-PL\"},{\"@type\":\"Organization\",\"@id\":\"https:\/\/vapingnet.de\/#organization\",\"name\":\"Vapingnet.de\",\"url\":\"https:\/\/vapingnet.de\/\",\"logo\":{\"@type\":\"ImageObject\",\"inLanguage\":\"pl-PL\",\"@id\":\"https:\/\/vapingnet.de\/#\/schema\/logo\/image\/\",\"url\":\"https:\/\/vapingnet.de\/wp-content\/uploads\/2025\/03\/cropped-vapingnet.de_.jpg\",\"contentUrl\":\"https:\/\/vapingnet.de\/wp-content\/uploads\/2025\/03\/cropped-vapingnet.de_.jpg\",\"width\":512,\"height\":512,\"caption\":\"Vapingnet.de\"},\"image\":{\"@id\":\"https:\/\/vapingnet.de\/#\/schema\/logo\/image\/\"},\"sameAs\":[\"https:\/\/www.facebook.com\/vapingnetde\/\"]}]}<\/script>\n<!-- \/ Yoast SEO plugin. -->","yoast_head_json":{"title":"Bang15000 Puffs E-Zigarette: Melon Mint & 15.000 Z\u00fcge","description":"Bang15000 Puffs Rechargeable Pod: 15.000 Z\u00fcge, 650mAh-Akku, Mesh-Coil f\u00fcr intensiven Melon Mint Geschmack. Jetzt auf vapingnet.de kaufen!","robots":{"index":"index","follow":"follow","max-snippet":"max-snippet:-1","max-image-preview":"max-image-preview:large","max-video-preview":"max-video-preview:-1"},"canonical":"https:\/\/vapingnet.de\/pl\/vape\/entzueckender-geschmack-bang-15000-puffs-mit-melon-mint-ein-muss-fuer-alle-vape-liebhaber\/","og_locale":"pl_PL","og_type":"article","og_title":"Bang15000 Puffs E-Zigarette: Melon Mint & 15.000 Z\u00fcge","og_description":"Bang15000 Puffs Rechargeable Pod: 15.000 Z\u00fcge, 650mAh-Akku, Mesh-Coil f\u00fcr intensiven Melon Mint Geschmack. Jetzt auf vapingnet.de kaufen!","og_url":"https:\/\/vapingnet.de\/pl\/vape\/entzueckender-geschmack-bang-15000-puffs-mit-melon-mint-ein-muss-fuer-alle-vape-liebhaber\/","og_site_name":"Vapingnet.de","article_publisher":"https:\/\/www.facebook.com\/vapingnetde\/","article_modified_time":"2025-06-25T06:21:22+00:00","og_image":[{"width":900,"height":600,"url":"https:\/\/vapingnet.de\/wp-content\/uploads\/2025\/03\/Melon-Mint.png","type":"image\/png"}],"twitter_card":"summary_large_image","twitter_misc":{"Est. reading time":"4 minutes"},"schema":{"@context":"https:\/\/schema.org","@graph":[{"@type":"WebPage","@id":"https:\/\/vapingnet.de\/vape\/entzueckender-geschmack-bang-15000-puffs-mit-melon-mint-ein-muss-fuer-alle-vape-liebhaber\/","url":"https:\/\/vapingnet.de\/vape\/entzueckender-geschmack-bang-15000-puffs-mit-melon-mint-ein-muss-fuer-alle-vape-liebhaber\/","name":"Bang15000 Puffs E-Zigarette: Melon Mint & 15.000 Z\u00fcge","isPartOf":{"@id":"https:\/\/vapingnet.de\/#website"},"primaryImageOfPage":{"@id":"https:\/\/vapingnet.de\/vape\/entzueckender-geschmack-bang-15000-puffs-mit-melon-mint-ein-muss-fuer-alle-vape-liebhaber\/#primaryimage"},"image":{"@id":"https:\/\/vapingnet.de\/vape\/entzueckender-geschmack-bang-15000-puffs-mit-melon-mint-ein-muss-fuer-alle-vape-liebhaber\/#primaryimage"},"thumbnailUrl":"https:\/\/vapingnet.de\/wp-content\/uploads\/2025\/03\/Melon-Mint.png","datePublished":"2025-03-12T09:37:08+00:00","dateModified":"2025-06-25T06:21:22+00:00","description":"Bang15000 Puffs Rechargeable Pod: 15.000 Z\u00fcge, 650mAh-Akku, Mesh-Coil f\u00fcr intensiven Melon Mint Geschmack. Jetzt auf vapingnet.de kaufen!","breadcrumb":{"@id":"https:\/\/vapingnet.de\/vape\/entzueckender-geschmack-bang-15000-puffs-mit-melon-mint-ein-muss-fuer-alle-vape-liebhaber\/#breadcrumb"},"inLanguage":"pl-PL","potentialAction":[{"@type":"ReadAction","target":["https:\/\/vapingnet.de\/vape\/entzueckender-geschmack-bang-15000-puffs-mit-melon-mint-ein-muss-fuer-alle-vape-liebhaber\/"]}]},{"@type":"ImageObject","inLanguage":"pl-PL","@id":"https:\/\/vapingnet.de\/vape\/entzueckender-geschmack-bang-15000-puffs-mit-melon-mint-ein-muss-fuer-alle-vape-liebhaber\/#primaryimage","url":"https:\/\/vapingnet.de\/wp-content\/uploads\/2025\/03\/Melon-Mint.png","contentUrl":"https:\/\/vapingnet.de\/wp-content\/uploads\/2025\/03\/Melon-Mint.png","width":900,"height":600,"caption":"Melon Mint"},{"@type":"BreadcrumbList","@id":"https:\/\/vapingnet.de\/vape\/entzueckender-geschmack-bang-15000-puffs-mit-melon-mint-ein-muss-fuer-alle-vape-liebhaber\/#breadcrumb","itemListElement":[{"@type":"ListItem","position":1,"name":"Home","item":"https:\/\/vapingnet.de\/"},{"@type":"ListItem","position":2,"name":"Shop","item":"https:\/\/vapingnet.de\/vape\/"},{"@type":"ListItem","position":3,"name":"Entz\u00fcckender Geschmack Bang 15000 Puffs mit Melon Mint Ein Muss f\u00fcr alle Vape Liebhaber"}]},{"@type":"WebSite","@id":"https:\/\/vapingnet.de\/#website","url":"https:\/\/vapingnet.de\/","name":"Vapingnet.de","description":"","publisher":{"@id":"https:\/\/vapingnet.de\/#organization"},"potentialAction":[{"@type":"SearchAction","target":{"@type":"EntryPoint","urlTemplate":"https:\/\/vapingnet.de\/?s={search_term_string}"},"query-input":{"@type":"PropertyValueSpecification","valueRequired":true,"valueName":"search_term_string"}}],"inLanguage":"pl-PL"},{"@type":"Organization","@id":"https:\/\/vapingnet.de\/#organization","name":"Vapingnet.de","url":"https:\/\/vapingnet.de\/","logo":{"@type":"ImageObject","inLanguage":"pl-PL","@id":"https:\/\/vapingnet.de\/#\/schema\/logo\/image\/","url":"https:\/\/vapingnet.de\/wp-content\/uploads\/2025\/03\/cropped-vapingnet.de_.jpg","contentUrl":"https:\/\/vapingnet.de\/wp-content\/uploads\/2025\/03\/cropped-vapingnet.de_.jpg","width":512,"height":512,"caption":"Vapingnet.de"},"image":{"@id":"https:\/\/vapingnet.de\/#\/schema\/logo\/image\/"},"sameAs":["https:\/\/www.facebook.com\/vapingnetde\/"]}]}},"tiered_pricing_type":"fixed","tiered_pricing_fixed_rules":{"10":"7.31","60":"6.58","110":"5.85","200":"5.12"},"tiered_pricing_product_settings":{"layout":"default","base_unit_name":{"singular":null,"plural":null},"default_variation":null},"tiered_pricing_minimum_quantity":null,"tiered_pricing_roles_data":[],"tiered_pricing_percentage_rules":[],"_links":{"self":[{"href":"https:\/\/vapingnet.de\/pl\/wp-json\/wp\/v2\/product\/5177","targetHints":{"allow":["GET"]}}],"collection":[{"href":"https:\/\/vapingnet.de\/pl\/wp-json\/wp\/v2\/product"}],"about":[{"href":"https:\/\/vapingnet.de\/pl\/wp-json\/wp\/v2\/types\/product"}],"version-history":[{"count":3,"href":"https:\/\/vapingnet.de\/pl\/wp-json\/wp\/v2\/product\/5177\/revisions"}],"predecessor-version":[{"id":7235,"href":"https:\/\/vapingnet.de\/pl\/wp-json\/wp\/v2\/product\/5177\/revisions\/7235"}],"wp:featuredmedia":[{"embeddable":true,"href":"https:\/\/vapingnet.de\/pl\/wp-json\/wp\/v2\/media\/5178"}],"wp:attachment":[{"href":"https:\/\/vapingnet.de\/pl\/wp-json\/wp\/v2\/media?parent=5177"}],"wp:term":[{"taxonomy":"brand","embeddable":true,"href":"https:\/\/vapingnet.de\/pl\/wp-json\/wp\/v2\/etheme_brands?post=5177"},{"taxonomy":"product_brand","embeddable":true,"href":"https:\/\/vapingnet.de\/pl\/wp-json\/wp\/v2\/product_brand?post=5177"},{"taxonomy":"product_cat","embeddable":true,"href":"https:\/\/vapingnet.de\/pl\/wp-json\/wp\/v2\/product_cat?post=5177"},{"taxonomy":"product_tag","embeddable":true,"href":"https:\/\/vapingnet.de\/pl\/wp-json\/wp\/v2\/product_tag?post=5177"}],"curies":[{"name":"wp","href":"https:\/\/api.w.org\/{rel}","templated":true}]}}