{"id":5180,"date":"2025-03-12T09:44:18","date_gmt":"2025-03-12T09:44:18","guid":{"rendered":"https:\/\/vapingnet.de\/?post_type=product&#038;p=5180"},"modified":"2025-06-19T03:41:32","modified_gmt":"2025-06-19T03:41:32","slug":"bang15000-puffs-in-exotischem-passion-kiss-erleben-sie-die-ultimative-vape-freude","status":"publish","type":"product","link":"https:\/\/vapingnet.de\/pl\/vape\/bang15000-puffs-in-exotischem-passion-kiss-erleben-sie-die-ultimative-vape-freude\/","title":{"rendered":"Bang15000 Puffs w egzotycznym Passion Kiss Do\u015bwiadcz niezr\u00f3wnanej rado\u015bci z wapowania"},"content":{"rendered":"<h2 data-start=\"0\" data-end=\"105\">Bang15000 Puffs Rechargeable Disposable Pod \u2013 Idealny wyb\u00f3r na niezapomniane do\u015bwiadczenie z vapowaniem<\/h2>\n<p data-start=\"107\" data-end=\"611\">Rynek e-papieros\u00f3w nieustannie si\u0119 rozwija, a poszukiwanie produktu, kt\u00f3ry \u0142\u0105czy doskona\u0142\u0105 wydajno\u015b\u0107, wy\u015bmienity smak i \u0142atwo\u015b\u0107 obs\u0142ugi, mo\u017ce by\u0107 wyzwaniem. Dzi\u015b chcemy przedstawi\u0107 nowy Bang15000 Puffs Rechargeable Disposable Pod. Ten e-papieros \u0142\u0105czy zaawansowan\u0105 technologi\u0119 z wyj\u0105tkowym do\u015bwiadczeniem u\u017cytkownika, zapewniaj\u0105c, \u017ce nie tylko b\u0119dziesz cieszy\u0107 si\u0119 ka\u017cdym momentem, ale tak\u017ce d\u0142ugo b\u0119dziesz korzysta\u0107 z urz\u0105dzenia.<\/p>\n<h4 data-start=\"613\" data-end=\"655\">Wyj\u0105tkowa wydajno\u015b\u0107 i design<\/h4>\n<ul data-start=\"657\" data-end=\"1456\">\n<li data-start=\"657\" data-end=\"1001\">\n<p data-start=\"659\" data-end=\"1001\">Trwa\u0142o\u015b\u0107: Ka\u017cdy Bang15000 Puffs Rechargeable Disposable Pod jest wyposa\u017cony w \u0142adowalny akumulator o pojemno\u015bci 650mAh i oferuje czas u\u017cytkowania do <a href=\"https:\/\/vapingnet.de\/pl\/k\/vape-15000-zuege\/\" target=\"_blank\" rel=\"noopener\"><strong>15000 poci\u0105gni\u0119ciami<\/strong><\/a>. To oznacza, \u017ce mo\u017cesz cieszy\u0107 si\u0119 tym e-papierosem znacznie d\u0142u\u017cej, nie musz\u0105c go tak cz\u0119sto wymienia\u0107. Idealny do codziennego u\u017cytku lub podr\u00f3\u017cy.<\/p>\n<\/li>\n<li data-start=\"1003\" data-end=\"1225\">\n<p data-start=\"1005\" data-end=\"1225\">Szybkie \u0142adowanie: Dzi\u0119ki z\u0142\u0105czu Type-C \u0142adowanie jest znacznie przyspieszone. W zaledwie kilka minut Twoje urz\u0105dzenie jest ponownie na\u0142adowane i gotowe do u\u017cycia. Koniec z d\u0142ugim oczekiwaniem!<\/p>\n<\/li>\n<li data-start=\"1227\" data-end=\"1456\">\n<p data-start=\"1229\" data-end=\"1456\">Technologia Mesh-Coil: Dul Mesh-Coil (1.1\u03a9) zapewnia r\u00f3wnomierne odparowywanie i delikatny, pe\u0142ny smak. Ka\u017cde poci\u0105gni\u0119cie zamienia si\u0119 w luksusowe do\u015bwiadczenie, kt\u00f3re doskonale podkre\u015bla aromaty liquidu.<\/p>\n<\/li>\n<\/ul>\n<h4 data-start=\"1458\" data-end=\"1520\">Unikalny smak dla orze\u017awiaj\u0105cego do\u015bwiadczenia<\/h4>\n<p data-start=\"1522\" data-end=\"1943\">Smak Passion Kiss (Marakuja i mi\u0119ta) to absolutny hit Bang15000 Puffs Rechargeable Disposable Pod. Idealne po\u0142\u0105czenie tropikalnej marakui i orze\u017awiaj\u0105cej mi\u0119ty, kt\u00f3re za ka\u017cdym razem zapewni ekscytuj\u0105ce doznania smakowe. Niezale\u017cnie od tego, czy to poranek, czy przerwa w pracy \u2013 Passion Kiss rozpieszcza Twoje kubki smakowe i zapewnia przyjemne orze\u017awienie.<\/p>\n<h4 data-start=\"1945\" data-end=\"2013\">Elastyczno\u015b\u0107 w zakresie st\u0119\u017cenia nikotyny \u2013 Tw\u00f3j wyb\u00f3r, Twoje do\u015bwiadczenie<\/h4>\n<p data-start=\"2015\" data-end=\"2511\">Aby sprosta\u0107 r\u00f3\u017cnorodnym potrzebom naszych klient\u00f3w, Bang15000 Puffs oferuje r\u00f3\u017cne st\u0119\u017cenia nikotyny: 0%, 2%, 3% i 5%. Osoby preferuj\u0105ce beznikotynowe do\u015bwiadczenie mog\u0105 wybra\u0107 wersj\u0119 0%, podczas gdy mocniejsze aromaty mo\u017cna uzyska\u0107 dzi\u0119ki st\u0119\u017ceniom 3% i 5%. Dla du\u017cych zam\u00f3wie\u0144 oferujemy r\u00f3wnie\u017c mo\u017cliwo\u015b\u0107 zam\u00f3wienia nikotyny 0% i 3%, aby sprosta\u0107 Twoim specjalnym wymaganiom.<\/p>\n<h3 data-start=\"2513\" data-end=\"2567\">Praktyczny jednorazowy design \u2013 idealny na podr\u00f3\u017c<\/h3>\n<p data-start=\"2569\" data-end=\"2970\">Bang15000 Puffs zachwyca unikalnym designem i jednocze\u015bnie umo\u017cliwia wielokrotne \u0142adowanie, dzi\u0119ki czemu nie musisz si\u0119 martwi\u0107 o akumulator. Po prostu na\u0142aduj i ciesz si\u0119 15000 poci\u0105gni\u0119ciami \u2013 tak proste jest vapowanie! Ponadto urz\u0105dzenie jest kompaktowe i lekkie, co pozwala na \u0142atwe schowanie go do torby i korzystanie z niego w dowolnym miejscu i czasie.<\/p>\n<h4 data-start=\"2972\" data-end=\"3009\">Tak \u0142atwo mo\u017cna kupi\u0107:<\/h4>\n<p data-start=\"3011\" data-end=\"3399\">Przekonaj si\u0119 sam, jak dzia\u0142a Bang15000 Puffs Rechargeable Disposable Pod, odwiedzaj\u0105c nasz\u0105 stron\u0119 internetow\u0105 <a href=\"https:\/\/vapingnet.de\/pl\/\" target=\"_new\" rel=\"noopener\" data-start=\"3114\" data-end=\"3150\">vapingnet.de<\/a> i sk\u0142adaj\u0105c zam\u00f3wienie. Niezale\u017cnie od tego, czy potrzebujesz produktu do u\u017cytku osobistego, czy hurtowego, oferujemy szybk\u0105 i niezawodn\u0105 dostaw\u0119, aby\u015b m\u00f3g\u0142 otrzyma\u0107 swoje zam\u00f3wienie tak szybko, jak to mo\u017cliwe.<\/p>\n<p data-start=\"3417\" data-end=\"3811\" data-is-last-node=\"\" data-is-only-node=\"\">Bang15000 Puffs Rechargeable Disposable Pod oferuje wszystko, czego oczekujesz od e-papierosa: d\u0142ug\u0105 \u017cywotno\u015b\u0107, zaawansowan\u0105 technologi\u0119 Mesh-Coil, \u015bwie\u017cy smak i wygodne \u0142adowanie. To urz\u0105dzenie podniesie Twoje do\u015bwiadczenie vapowania na nowy poziom. Nie zwlekaj \u2013 zam\u00f3w ju\u017c dzi\u015b i ciesz si\u0119 wyj\u0105tkowym vapowaniem!<\/p>","protected":false},"excerpt":{"rendered":"<p>Bang15000 Puffs Rechargeable Disposable Pod \u2013 Idealny wyb\u00f3r dla niezapomnianego do\u015bwiadczenia vaping Rynek e-papieros\u00f3w stale si\u0119 rozwija, a poszukiwanie produktu,...<\/p>","protected":false},"featured_media":5181,"template":"","meta":[],"etheme_brands":[],"product_brand":[101],"product_cat":[53,49,61],"product_tag":[],"class_list":{"0":"post-5180","1":"product","2":"type-product","3":"status-publish","4":"has-post-thumbnail","6":"product_brand-bang-king-vape","7":"product_cat-vape-15000-zuege","8":"product_cat-einweg-e-zigarette","9":"product_cat-f","11":"first","12":"instock","13":"shipping-taxable","14":"purchasable","15":"product-type-simple"},"yoast_head":"<!-- This site is optimized with the Yoast SEO plugin v26.5 - https:\/\/yoast.com\/wordpress\/plugins\/seo\/ -->\n<title>Bang15000 Puffs in exotischem Passion Kiss Erleben Sie die ultimative Vape Freude | Vapingnet.de<\/title>\n<meta name=\"description\" content=\"Entdecke Bang15000 Puffs in exotischem Passion Kiss Erleben Sie die ultimative Vape Freude bei vapingnet.de, \u25ba Gro\u00dfe Auswahl an Geschmacksrichtungen &amp; super g\u00fcnstig!\" \/>\n<meta name=\"robots\" content=\"index, follow, max-snippet:-1, max-image-preview:large, max-video-preview:-1\" \/>\n<link rel=\"canonical\" href=\"https:\/\/vapingnet.de\/pl\/vape\/bang15000-puffs-in-exotischem-passion-kiss-erleben-sie-die-ultimative-vape-freude\/\" \/>\n<meta property=\"og:locale\" content=\"pl_PL\" \/>\n<meta property=\"og:type\" content=\"article\" \/>\n<meta property=\"og:title\" content=\"Bang15000 Puffs in exotischem Passion Kiss Erleben Sie die ultimative Vape Freude | Vapingnet.de\" \/>\n<meta property=\"og:description\" content=\"Entdecke Bang15000 Puffs in exotischem Passion Kiss Erleben Sie die ultimative Vape Freude bei vapingnet.de, \u25ba Gro\u00dfe Auswahl an Geschmacksrichtungen &amp; super g\u00fcnstig!\" \/>\n<meta property=\"og:url\" content=\"https:\/\/vapingnet.de\/pl\/vape\/bang15000-puffs-in-exotischem-passion-kiss-erleben-sie-die-ultimative-vape-freude\/\" \/>\n<meta property=\"og:site_name\" content=\"Vapingnet.de\" \/>\n<meta property=\"article:publisher\" content=\"https:\/\/www.facebook.com\/vapingnetde\/\" \/>\n<meta property=\"article:modified_time\" content=\"2025-06-19T03:41:32+00:00\" \/>\n<meta property=\"og:image\" content=\"https:\/\/vapingnet.de\/wp-content\/uploads\/2025\/03\/Passion-Kiss.png\" \/>\n\t<meta property=\"og:image:width\" content=\"900\" \/>\n\t<meta property=\"og:image:height\" content=\"600\" \/>\n\t<meta property=\"og:image:type\" content=\"image\/png\" \/>\n<meta name=\"twitter:card\" content=\"summary_large_image\" \/>\n<meta name=\"twitter:label1\" content=\"Est. reading time\" \/>\n\t<meta name=\"twitter:data1\" content=\"3 minutes\" \/>\n<script type=\"application\/ld+json\" class=\"yoast-schema-graph\">{\"@context\":\"https:\/\/schema.org\",\"@graph\":[{\"@type\":\"WebPage\",\"@id\":\"https:\/\/vapingnet.de\/vape\/bang15000-puffs-in-exotischem-passion-kiss-erleben-sie-die-ultimative-vape-freude\/\",\"url\":\"https:\/\/vapingnet.de\/vape\/bang15000-puffs-in-exotischem-passion-kiss-erleben-sie-die-ultimative-vape-freude\/\",\"name\":\"Bang15000 Puffs in exotischem Passion Kiss Erleben Sie die ultimative Vape Freude | Vapingnet.de\",\"isPartOf\":{\"@id\":\"https:\/\/vapingnet.de\/#website\"},\"primaryImageOfPage\":{\"@id\":\"https:\/\/vapingnet.de\/vape\/bang15000-puffs-in-exotischem-passion-kiss-erleben-sie-die-ultimative-vape-freude\/#primaryimage\"},\"image\":{\"@id\":\"https:\/\/vapingnet.de\/vape\/bang15000-puffs-in-exotischem-passion-kiss-erleben-sie-die-ultimative-vape-freude\/#primaryimage\"},\"thumbnailUrl\":\"https:\/\/vapingnet.de\/wp-content\/uploads\/2025\/03\/Passion-Kiss.png\",\"datePublished\":\"2025-03-12T09:44:18+00:00\",\"dateModified\":\"2025-06-19T03:41:32+00:00\",\"description\":\"Entdecke Bang15000 Puffs in exotischem Passion Kiss Erleben Sie die ultimative Vape Freude bei vapingnet.de, \u25ba Gro\u00dfe Auswahl an Geschmacksrichtungen & super g\u00fcnstig!\",\"breadcrumb\":{\"@id\":\"https:\/\/vapingnet.de\/vape\/bang15000-puffs-in-exotischem-passion-kiss-erleben-sie-die-ultimative-vape-freude\/#breadcrumb\"},\"inLanguage\":\"pl-PL\",\"potentialAction\":[{\"@type\":\"ReadAction\",\"target\":[\"https:\/\/vapingnet.de\/vape\/bang15000-puffs-in-exotischem-passion-kiss-erleben-sie-die-ultimative-vape-freude\/\"]}]},{\"@type\":\"ImageObject\",\"inLanguage\":\"pl-PL\",\"@id\":\"https:\/\/vapingnet.de\/vape\/bang15000-puffs-in-exotischem-passion-kiss-erleben-sie-die-ultimative-vape-freude\/#primaryimage\",\"url\":\"https:\/\/vapingnet.de\/wp-content\/uploads\/2025\/03\/Passion-Kiss.png\",\"contentUrl\":\"https:\/\/vapingnet.de\/wp-content\/uploads\/2025\/03\/Passion-Kiss.png\",\"width\":900,\"height\":600,\"caption\":\"Passion Kiss\"},{\"@type\":\"BreadcrumbList\",\"@id\":\"https:\/\/vapingnet.de\/vape\/bang15000-puffs-in-exotischem-passion-kiss-erleben-sie-die-ultimative-vape-freude\/#breadcrumb\",\"itemListElement\":[{\"@type\":\"ListItem\",\"position\":1,\"name\":\"Home\",\"item\":\"https:\/\/vapingnet.de\/\"},{\"@type\":\"ListItem\",\"position\":2,\"name\":\"Shop\",\"item\":\"https:\/\/vapingnet.de\/vape\/\"},{\"@type\":\"ListItem\",\"position\":3,\"name\":\"Bang15000 Puffs in exotischem Passion Kiss Erleben Sie die ultimative Vape Freude\"}]},{\"@type\":\"WebSite\",\"@id\":\"https:\/\/vapingnet.de\/#website\",\"url\":\"https:\/\/vapingnet.de\/\",\"name\":\"Vapingnet.de\",\"description\":\"\",\"publisher\":{\"@id\":\"https:\/\/vapingnet.de\/#organization\"},\"potentialAction\":[{\"@type\":\"SearchAction\",\"target\":{\"@type\":\"EntryPoint\",\"urlTemplate\":\"https:\/\/vapingnet.de\/?s={search_term_string}\"},\"query-input\":{\"@type\":\"PropertyValueSpecification\",\"valueRequired\":true,\"valueName\":\"search_term_string\"}}],\"inLanguage\":\"pl-PL\"},{\"@type\":\"Organization\",\"@id\":\"https:\/\/vapingnet.de\/#organization\",\"name\":\"Vapingnet.de\",\"url\":\"https:\/\/vapingnet.de\/\",\"logo\":{\"@type\":\"ImageObject\",\"inLanguage\":\"pl-PL\",\"@id\":\"https:\/\/vapingnet.de\/#\/schema\/logo\/image\/\",\"url\":\"https:\/\/vapingnet.de\/wp-content\/uploads\/2025\/03\/cropped-vapingnet.de_.jpg\",\"contentUrl\":\"https:\/\/vapingnet.de\/wp-content\/uploads\/2025\/03\/cropped-vapingnet.de_.jpg\",\"width\":512,\"height\":512,\"caption\":\"Vapingnet.de\"},\"image\":{\"@id\":\"https:\/\/vapingnet.de\/#\/schema\/logo\/image\/\"},\"sameAs\":[\"https:\/\/www.facebook.com\/vapingnetde\/\"]}]}<\/script>\n<!-- \/ Yoast SEO plugin. -->","yoast_head_json":{"title":"Bang15000 Puffs in exotischem Passion Kiss Erleben Sie die ultimative Vape Freude | Vapingnet.de","description":"Entdecke Bang15000 Puffs in exotischem Passion Kiss Erleben Sie die ultimative Vape Freude bei vapingnet.de, \u25ba Gro\u00dfe Auswahl an Geschmacksrichtungen & super g\u00fcnstig!","robots":{"index":"index","follow":"follow","max-snippet":"max-snippet:-1","max-image-preview":"max-image-preview:large","max-video-preview":"max-video-preview:-1"},"canonical":"https:\/\/vapingnet.de\/pl\/vape\/bang15000-puffs-in-exotischem-passion-kiss-erleben-sie-die-ultimative-vape-freude\/","og_locale":"pl_PL","og_type":"article","og_title":"Bang15000 Puffs in exotischem Passion Kiss Erleben Sie die ultimative Vape Freude | Vapingnet.de","og_description":"Entdecke Bang15000 Puffs in exotischem Passion Kiss Erleben Sie die ultimative Vape Freude bei vapingnet.de, \u25ba Gro\u00dfe Auswahl an Geschmacksrichtungen & super g\u00fcnstig!","og_url":"https:\/\/vapingnet.de\/pl\/vape\/bang15000-puffs-in-exotischem-passion-kiss-erleben-sie-die-ultimative-vape-freude\/","og_site_name":"Vapingnet.de","article_publisher":"https:\/\/www.facebook.com\/vapingnetde\/","article_modified_time":"2025-06-19T03:41:32+00:00","og_image":[{"width":900,"height":600,"url":"https:\/\/vapingnet.de\/wp-content\/uploads\/2025\/03\/Passion-Kiss.png","type":"image\/png"}],"twitter_card":"summary_large_image","twitter_misc":{"Est. reading time":"3 minutes"},"schema":{"@context":"https:\/\/schema.org","@graph":[{"@type":"WebPage","@id":"https:\/\/vapingnet.de\/vape\/bang15000-puffs-in-exotischem-passion-kiss-erleben-sie-die-ultimative-vape-freude\/","url":"https:\/\/vapingnet.de\/vape\/bang15000-puffs-in-exotischem-passion-kiss-erleben-sie-die-ultimative-vape-freude\/","name":"Bang15000 Puffs in exotischem Passion Kiss Erleben Sie die ultimative Vape Freude | Vapingnet.de","isPartOf":{"@id":"https:\/\/vapingnet.de\/#website"},"primaryImageOfPage":{"@id":"https:\/\/vapingnet.de\/vape\/bang15000-puffs-in-exotischem-passion-kiss-erleben-sie-die-ultimative-vape-freude\/#primaryimage"},"image":{"@id":"https:\/\/vapingnet.de\/vape\/bang15000-puffs-in-exotischem-passion-kiss-erleben-sie-die-ultimative-vape-freude\/#primaryimage"},"thumbnailUrl":"https:\/\/vapingnet.de\/wp-content\/uploads\/2025\/03\/Passion-Kiss.png","datePublished":"2025-03-12T09:44:18+00:00","dateModified":"2025-06-19T03:41:32+00:00","description":"Entdecke Bang15000 Puffs in exotischem Passion Kiss Erleben Sie die ultimative Vape Freude bei vapingnet.de, \u25ba Gro\u00dfe Auswahl an Geschmacksrichtungen & super g\u00fcnstig!","breadcrumb":{"@id":"https:\/\/vapingnet.de\/vape\/bang15000-puffs-in-exotischem-passion-kiss-erleben-sie-die-ultimative-vape-freude\/#breadcrumb"},"inLanguage":"pl-PL","potentialAction":[{"@type":"ReadAction","target":["https:\/\/vapingnet.de\/vape\/bang15000-puffs-in-exotischem-passion-kiss-erleben-sie-die-ultimative-vape-freude\/"]}]},{"@type":"ImageObject","inLanguage":"pl-PL","@id":"https:\/\/vapingnet.de\/vape\/bang15000-puffs-in-exotischem-passion-kiss-erleben-sie-die-ultimative-vape-freude\/#primaryimage","url":"https:\/\/vapingnet.de\/wp-content\/uploads\/2025\/03\/Passion-Kiss.png","contentUrl":"https:\/\/vapingnet.de\/wp-content\/uploads\/2025\/03\/Passion-Kiss.png","width":900,"height":600,"caption":"Passion Kiss"},{"@type":"BreadcrumbList","@id":"https:\/\/vapingnet.de\/vape\/bang15000-puffs-in-exotischem-passion-kiss-erleben-sie-die-ultimative-vape-freude\/#breadcrumb","itemListElement":[{"@type":"ListItem","position":1,"name":"Home","item":"https:\/\/vapingnet.de\/"},{"@type":"ListItem","position":2,"name":"Shop","item":"https:\/\/vapingnet.de\/vape\/"},{"@type":"ListItem","position":3,"name":"Bang15000 Puffs in exotischem Passion Kiss Erleben Sie die ultimative Vape Freude"}]},{"@type":"WebSite","@id":"https:\/\/vapingnet.de\/#website","url":"https:\/\/vapingnet.de\/","name":"Vapingnet.de","description":"","publisher":{"@id":"https:\/\/vapingnet.de\/#organization"},"potentialAction":[{"@type":"SearchAction","target":{"@type":"EntryPoint","urlTemplate":"https:\/\/vapingnet.de\/?s={search_term_string}"},"query-input":{"@type":"PropertyValueSpecification","valueRequired":true,"valueName":"search_term_string"}}],"inLanguage":"pl-PL"},{"@type":"Organization","@id":"https:\/\/vapingnet.de\/#organization","name":"Vapingnet.de","url":"https:\/\/vapingnet.de\/","logo":{"@type":"ImageObject","inLanguage":"pl-PL","@id":"https:\/\/vapingnet.de\/#\/schema\/logo\/image\/","url":"https:\/\/vapingnet.de\/wp-content\/uploads\/2025\/03\/cropped-vapingnet.de_.jpg","contentUrl":"https:\/\/vapingnet.de\/wp-content\/uploads\/2025\/03\/cropped-vapingnet.de_.jpg","width":512,"height":512,"caption":"Vapingnet.de"},"image":{"@id":"https:\/\/vapingnet.de\/#\/schema\/logo\/image\/"},"sameAs":["https:\/\/www.facebook.com\/vapingnetde\/"]}]}},"tiered_pricing_type":"fixed","tiered_pricing_fixed_rules":{"10":"7.31","60":"6.58","110":"5.85","200":"5.12"},"tiered_pricing_product_settings":{"layout":"default","base_unit_name":{"singular":null,"plural":null},"default_variation":null},"tiered_pricing_minimum_quantity":null,"tiered_pricing_roles_data":[],"tiered_pricing_percentage_rules":[],"_links":{"self":[{"href":"https:\/\/vapingnet.de\/pl\/wp-json\/wp\/v2\/product\/5180","targetHints":{"allow":["GET"]}}],"collection":[{"href":"https:\/\/vapingnet.de\/pl\/wp-json\/wp\/v2\/product"}],"about":[{"href":"https:\/\/vapingnet.de\/pl\/wp-json\/wp\/v2\/types\/product"}],"version-history":[{"count":1,"href":"https:\/\/vapingnet.de\/pl\/wp-json\/wp\/v2\/product\/5180\/revisions"}],"predecessor-version":[{"id":5182,"href":"https:\/\/vapingnet.de\/pl\/wp-json\/wp\/v2\/product\/5180\/revisions\/5182"}],"wp:featuredmedia":[{"embeddable":true,"href":"https:\/\/vapingnet.de\/pl\/wp-json\/wp\/v2\/media\/5181"}],"wp:attachment":[{"href":"https:\/\/vapingnet.de\/pl\/wp-json\/wp\/v2\/media?parent=5180"}],"wp:term":[{"taxonomy":"brand","embeddable":true,"href":"https:\/\/vapingnet.de\/pl\/wp-json\/wp\/v2\/etheme_brands?post=5180"},{"taxonomy":"product_brand","embeddable":true,"href":"https:\/\/vapingnet.de\/pl\/wp-json\/wp\/v2\/product_brand?post=5180"},{"taxonomy":"product_cat","embeddable":true,"href":"https:\/\/vapingnet.de\/pl\/wp-json\/wp\/v2\/product_cat?post=5180"},{"taxonomy":"product_tag","embeddable":true,"href":"https:\/\/vapingnet.de\/pl\/wp-json\/wp\/v2\/product_tag?post=5180"}],"curies":[{"name":"wp","href":"https:\/\/api.w.org\/{rel}","templated":true}]}}