{"id":5183,"date":"2025-03-12T09:49:29","date_gmt":"2025-03-12T09:49:29","guid":{"rendered":"https:\/\/vapingnet.de\/?post_type=product&#038;p=5183"},"modified":"2025-06-19T03:41:32","modified_gmt":"2025-06-19T03:41:32","slug":"entzuecken-sie-ihren-gaumen-mit-den-bang15000-puffs-im-himmlischen-peach-berry-geschmack","status":"publish","type":"product","link":"https:\/\/vapingnet.de\/pl\/vape\/entzuecken-sie-ihren-gaumen-mit-den-bang15000-puffs-im-himmlischen-peach-berry-geschmack\/","title":{"rendered":"Rozkoszuj si\u0119 swoim podniebieniem z Bang15000 Puffs o niebia\u0144skim smaku Peach Berry"},"content":{"rendered":"<h2 data-start=\"0\" data-end=\"117\">Bang15000 Puffs Rechargeable Disposable Pod \u2013 Ciesz si\u0119 ostatecznym smakiem i d\u0142ugotrwa\u0142ym do\u015bwiadczeniem<\/h2>\n<p data-start=\"173\" data-end=\"652\">Bang15000 Puffs Rechargeable Disposable Pod oferuje niezr\u00f3wnane doznania z d\u0142ugotrwa\u0142ym u\u017cytkowaniem. Wyposa\u017cony w 650mAh na\u0142adowany akumulator, ka\u017cda jednostka dostarcza do<a href=\"https:\/\/vapingnet.de\/pl\/k\/vape-15000-zuege\/\" target=\"_blank\" rel=\"noopener\"><strong> 15000 zaci\u0105gni\u0119\u0107<\/strong><\/a>, co oznacza, \u017ce mo\u017cesz cieszy\u0107 si\u0119 nim przez d\u0142ugi czas, nie musz\u0105c cz\u0119sto wymienia\u0107 urz\u0105dzenia. Niezale\u017cnie od tego, czy u\u017cywasz go na co dzie\u0144, czy podczas podr\u00f3\u017cy, to urz\u0105dzenie zapewni Ci d\u0142ugotrwa\u0142e towarzystwo, dzi\u0119ki czemu nie musisz martwi\u0107 si\u0119 o akumulator.<\/p>\n<p data-start=\"654\" data-end=\"901\">Urz\u0105dzenie korzysta r\u00f3wnie\u017c z portu Type-C, kt\u00f3ry umo\u017cliwia szybkie \u0142adowanie. W zaledwie kilka minut urz\u0105dzenie jest ponownie w pe\u0142ni na\u0142adowane, minimalizuj\u0105c czas oczekiwania, dzi\u0119ki czemu mo\u017cesz kontynuowa\u0107 korzystanie z niego wsz\u0119dzie i o ka\u017cdej porze.<\/p>\n<p data-start=\"654\" data-end=\"901\"><img fetchpriority=\"high\" decoding=\"async\" class=\"size-full wp-image-6909 aligncenter\" src=\"https:\/\/vapingnet.de\/wp-content\/uploads\/2025\/03\/VAPE-1.jpg\" alt=\"\" width=\"1296\" height=\"1080\" srcset=\"https:\/\/vapingnet.de\/wp-content\/uploads\/2025\/03\/VAPE-1.jpg 1296w, https:\/\/vapingnet.de\/wp-content\/uploads\/2025\/03\/VAPE-1-300x250.jpg 300w, https:\/\/vapingnet.de\/wp-content\/uploads\/2025\/03\/VAPE-1-1024x853.jpg 1024w, https:\/\/vapingnet.de\/wp-content\/uploads\/2025\/03\/VAPE-1-768x640.jpg 768w, https:\/\/vapingnet.de\/wp-content\/uploads\/2025\/03\/VAPE-1-600x500.jpg 600w, https:\/\/vapingnet.de\/wp-content\/uploads\/2025\/03\/VAPE-1-1x1.jpg 1w, https:\/\/vapingnet.de\/wp-content\/uploads\/2025\/03\/VAPE-1-10x8.jpg 10w\" sizes=\"(max-width: 1296px) 100vw, 1296px\" \/><\/p>\n<h4 data-start=\"903\" data-end=\"978\">Smak Peach Berry \u2013 Idealne po\u0142\u0105czenie \u015bwie\u017co\u015bci i s\u0142odyczy<\/h4>\n<p data-start=\"980\" data-end=\"1486\">Smak jest jednym z najwa\u017cniejszych czynnik\u00f3w przy wyborze produktu e-papierosowego. Bang15000 Puffs Rechargeable Disposable Pod oferuje unikalny smak Peach Berry. \u0141\u0105czy s\u0142odk\u0105 brzoskwini\u0119 z orze\u017awiaj\u0105c\u0105 jagod\u0105, zapewniaj\u0105c ekscytuj\u0105ce, s\u0142odkie i orze\u017awiaj\u0105ce doznania smakowe przy ka\u017cdym zaci\u0105gni\u0119ciu. Niezale\u017cnie od tego, czy jeste\u015b pocz\u0105tkuj\u0105cym, czy do\u015bwiadczonym palaczem, ten smak na pewno zachwyci Twoje kubki smakowe.<\/p>\n<h4 data-start=\"1488\" data-end=\"1545\">Elastyczny wyb\u00f3r \u2013 spersonalizowane do\u015bwiadczenie palenia<\/h4>\n<p data-start=\"1547\" data-end=\"1939\">Aby sprosta\u0107 r\u00f3\u017cnorodnym potrzebom, Bang15000 Puffs Rechargeable Disposable Pod oferuje cztery poziomy nikotyny: 0%, 2%, 3% i 5%. Dzi\u0119ki temu mo\u017cesz wybra\u0107 zawarto\u015b\u0107 nikotyny, kt\u00f3ra najlepiej odpowiada Twoim preferencjom i potrzebom. Niezale\u017cnie od tego, czy szukasz beznikotynowego do\u015bwiadczenia, czy silniejszego efektu nikotynowego \u2013 ka\u017cdy znajdzie co\u015b dla siebie.<\/p>\n<p data-start=\"1941\" data-end=\"2116\">Dla du\u017cych zam\u00f3wie\u0144 oferujemy r\u00f3wnie\u017c mo\u017cliwo\u015b\u0107 zam\u00f3wienia nikotyny 0% i 3%, aby Twoje zam\u00f3wienia mog\u0142y by\u0107 realizowane w du\u017cych ilo\u015bciach w spos\u00f3b elastyczny.<\/p>\n<h4 data-start=\"2118\" data-end=\"2151\">Praktyczny jednorazowy design<\/h4>\n<p data-start=\"2153\" data-end=\"2484\">W przeciwie\u0144stwie do tradycyjnych e-papieros\u00f3w z wymiennymi podami, Bang15000 Puffs oferuje <a href=\"https:\/\/vapingnet.de\/pl\/k\/einweg-e-zigarette\/\" target=\"_blank\" rel=\"noopener\"><strong>Design jednorazowy<\/strong><\/a>, kt\u00f3ry nie tylko upraszcza czyszczenie i konserwacj\u0119, ale tak\u017ce czyni korzystanie z niego bardziej wygodnym. Po prostu na\u0142aduj i kontynuuj. Gdy urz\u0105dzenie si\u0119 wyczerpie, mo\u017cesz je \u0142atwo zutylizowa\u0107.<\/p>\n<p data-start=\"2486\" data-end=\"2660\">Dzi\u0119ki kompaktowym rozmiarom jest r\u00f3wnie\u017c \u0142atwe do przenoszenia. Mo\u017cesz je bez problemu schowa\u0107 do torby lub plecaka i korzysta\u0107 z niego w dowolnym miejscu i czasie.<\/p>\n<h4 data-start=\"2662\" data-end=\"2712\">Proste zam\u00f3wienie i szybka dostawa<\/h4>\n<p data-start=\"2714\" data-end=\"3030\">Odwied\u017a nasz\u0105 stron\u0119 internetow\u0105 vapingnet.de, aby \u0142atwo zam\u00f3wi\u0107 Bang15000 Puffs Rechargeable Disposable Pod. Niezale\u017cnie od tego, czy na u\u017cytek osobisty, czy na du\u017ce zam\u00f3wienia, oferujemy szybk\u0105 i niezawodn\u0105 dostaw\u0119, aby\u015b m\u00f3g\u0142 jak najszybciej otrzyma\u0107 sw\u00f3j produkt.<\/p>\n<h3>Dlaczego warto wybra\u0107 Bang15000 Puffs Rechargeable Disposable Pod?<\/h3>\n<p data-start=\"3115\" data-end=\"3550\" data-is-last-node=\"\" data-is-only-node=\"\">Bang15000 Puffs Rechargeable Disposable Pod oferuje nie tylko d\u0142ugotrwa\u0142e u\u017cytkowanie i r\u00f3\u017cnorodne smaki, ale tak\u017ce szybkie \u0142adowanie i praktyczny design. Z tym urz\u0105dzeniem do\u015bwiadczysz lepszego, wygodniejszego i trwalszego do\u015bwiadczenia palenia. Odwied\u017a ju\u017c dzi\u015b <a href=\"https:\/\/vapingnet.de\/pl\/\" target=\"_new\" rel=\"noopener\" data-start=\"3442\" data-end=\"3478\">vapingnet.de<\/a> i rozpocznij swoj\u0105 podr\u00f3\u017c z tym niezwyk\u0142ym e-papierosem!<\/p>","protected":false},"excerpt":{"rendered":"<p>Bang15000 Puffs \u0141adowalny Jednorazowy Pod \u2013 Ciesz si\u0119 najwy\u017cszym smakiem i d\u0142ugotrwa\u0142ym do\u015bwiadczeniem. Bang15000 Puffs \u0141adowalny Jednorazowy Pod oferuje niezr\u00f3wnane doznania...<\/p>","protected":false},"featured_media":5184,"template":"","meta":[],"etheme_brands":[],"product_brand":[101],"product_cat":[53,49,61],"product_tag":[],"class_list":{"0":"post-5183","1":"product","2":"type-product","3":"status-publish","4":"has-post-thumbnail","6":"product_brand-bang-king-vape","7":"product_cat-vape-15000-zuege","8":"product_cat-einweg-e-zigarette","9":"product_cat-f","11":"first","12":"instock","13":"shipping-taxable","14":"purchasable","15":"product-type-simple"},"yoast_head":"<!-- This site is optimized with the Yoast SEO plugin v26.5 - https:\/\/yoast.com\/wordpress\/plugins\/seo\/ -->\n<title>Entz\u00fccken Sie Ihren Gaumen mit den Bang15000 Puffs im himmlischen Peach Berry Geschmack | Vapingnet.de<\/title>\n<meta name=\"description\" content=\"Entdecke Entz\u00fccken Sie Ihren Gaumen mit den Bang15000 Puffs im himmlischen Peach Berry Geschmack bei vapingnet.de, \u25ba Gro\u00dfe Auswahl an Geschmacksrichtungen &amp; super g\u00fcnstig!\" \/>\n<meta name=\"robots\" content=\"index, follow, max-snippet:-1, max-image-preview:large, max-video-preview:-1\" \/>\n<link rel=\"canonical\" href=\"https:\/\/vapingnet.de\/pl\/vape\/entzuecken-sie-ihren-gaumen-mit-den-bang15000-puffs-im-himmlischen-peach-berry-geschmack\/\" \/>\n<meta property=\"og:locale\" content=\"pl_PL\" \/>\n<meta property=\"og:type\" content=\"article\" \/>\n<meta property=\"og:title\" content=\"Entz\u00fccken Sie Ihren Gaumen mit den Bang15000 Puffs im himmlischen Peach Berry Geschmack | Vapingnet.de\" \/>\n<meta property=\"og:description\" content=\"Entdecke Entz\u00fccken Sie Ihren Gaumen mit den Bang15000 Puffs im himmlischen Peach Berry Geschmack bei vapingnet.de, \u25ba Gro\u00dfe Auswahl an Geschmacksrichtungen &amp; super g\u00fcnstig!\" \/>\n<meta property=\"og:url\" content=\"https:\/\/vapingnet.de\/pl\/vape\/entzuecken-sie-ihren-gaumen-mit-den-bang15000-puffs-im-himmlischen-peach-berry-geschmack\/\" \/>\n<meta property=\"og:site_name\" content=\"Vapingnet.de\" \/>\n<meta property=\"article:publisher\" content=\"https:\/\/www.facebook.com\/vapingnetde\/\" \/>\n<meta property=\"article:modified_time\" content=\"2025-06-19T03:41:32+00:00\" \/>\n<meta property=\"og:image\" content=\"https:\/\/vapingnet.de\/wp-content\/uploads\/2025\/03\/Peach-Berry.png\" \/>\n\t<meta property=\"og:image:width\" content=\"900\" \/>\n\t<meta property=\"og:image:height\" content=\"600\" \/>\n\t<meta property=\"og:image:type\" content=\"image\/png\" \/>\n<meta name=\"twitter:card\" content=\"summary_large_image\" \/>\n<meta name=\"twitter:label1\" content=\"Est. reading time\" \/>\n\t<meta name=\"twitter:data1\" content=\"3 minutes\" \/>\n<script type=\"application\/ld+json\" class=\"yoast-schema-graph\">{\"@context\":\"https:\/\/schema.org\",\"@graph\":[{\"@type\":\"WebPage\",\"@id\":\"https:\/\/vapingnet.de\/vape\/entzuecken-sie-ihren-gaumen-mit-den-bang15000-puffs-im-himmlischen-peach-berry-geschmack\/\",\"url\":\"https:\/\/vapingnet.de\/vape\/entzuecken-sie-ihren-gaumen-mit-den-bang15000-puffs-im-himmlischen-peach-berry-geschmack\/\",\"name\":\"Entz\u00fccken Sie Ihren Gaumen mit den Bang15000 Puffs im himmlischen Peach Berry Geschmack | Vapingnet.de\",\"isPartOf\":{\"@id\":\"https:\/\/vapingnet.de\/#website\"},\"primaryImageOfPage\":{\"@id\":\"https:\/\/vapingnet.de\/vape\/entzuecken-sie-ihren-gaumen-mit-den-bang15000-puffs-im-himmlischen-peach-berry-geschmack\/#primaryimage\"},\"image\":{\"@id\":\"https:\/\/vapingnet.de\/vape\/entzuecken-sie-ihren-gaumen-mit-den-bang15000-puffs-im-himmlischen-peach-berry-geschmack\/#primaryimage\"},\"thumbnailUrl\":\"https:\/\/vapingnet.de\/wp-content\/uploads\/2025\/03\/Peach-Berry.png\",\"datePublished\":\"2025-03-12T09:49:29+00:00\",\"dateModified\":\"2025-06-19T03:41:32+00:00\",\"description\":\"Entdecke Entz\u00fccken Sie Ihren Gaumen mit den Bang15000 Puffs im himmlischen Peach Berry Geschmack bei vapingnet.de, \u25ba Gro\u00dfe Auswahl an Geschmacksrichtungen & super g\u00fcnstig!\",\"breadcrumb\":{\"@id\":\"https:\/\/vapingnet.de\/vape\/entzuecken-sie-ihren-gaumen-mit-den-bang15000-puffs-im-himmlischen-peach-berry-geschmack\/#breadcrumb\"},\"inLanguage\":\"pl-PL\",\"potentialAction\":[{\"@type\":\"ReadAction\",\"target\":[\"https:\/\/vapingnet.de\/vape\/entzuecken-sie-ihren-gaumen-mit-den-bang15000-puffs-im-himmlischen-peach-berry-geschmack\/\"]}]},{\"@type\":\"ImageObject\",\"inLanguage\":\"pl-PL\",\"@id\":\"https:\/\/vapingnet.de\/vape\/entzuecken-sie-ihren-gaumen-mit-den-bang15000-puffs-im-himmlischen-peach-berry-geschmack\/#primaryimage\",\"url\":\"https:\/\/vapingnet.de\/wp-content\/uploads\/2025\/03\/Peach-Berry.png\",\"contentUrl\":\"https:\/\/vapingnet.de\/wp-content\/uploads\/2025\/03\/Peach-Berry.png\",\"width\":900,\"height\":600,\"caption\":\"Peach Berry\"},{\"@type\":\"BreadcrumbList\",\"@id\":\"https:\/\/vapingnet.de\/vape\/entzuecken-sie-ihren-gaumen-mit-den-bang15000-puffs-im-himmlischen-peach-berry-geschmack\/#breadcrumb\",\"itemListElement\":[{\"@type\":\"ListItem\",\"position\":1,\"name\":\"Home\",\"item\":\"https:\/\/vapingnet.de\/\"},{\"@type\":\"ListItem\",\"position\":2,\"name\":\"Shop\",\"item\":\"https:\/\/vapingnet.de\/vape\/\"},{\"@type\":\"ListItem\",\"position\":3,\"name\":\"Entz\u00fccken Sie Ihren Gaumen mit den Bang15000 Puffs im himmlischen Peach Berry Geschmack\"}]},{\"@type\":\"WebSite\",\"@id\":\"https:\/\/vapingnet.de\/#website\",\"url\":\"https:\/\/vapingnet.de\/\",\"name\":\"Vapingnet.de\",\"description\":\"\",\"publisher\":{\"@id\":\"https:\/\/vapingnet.de\/#organization\"},\"potentialAction\":[{\"@type\":\"SearchAction\",\"target\":{\"@type\":\"EntryPoint\",\"urlTemplate\":\"https:\/\/vapingnet.de\/?s={search_term_string}\"},\"query-input\":{\"@type\":\"PropertyValueSpecification\",\"valueRequired\":true,\"valueName\":\"search_term_string\"}}],\"inLanguage\":\"pl-PL\"},{\"@type\":\"Organization\",\"@id\":\"https:\/\/vapingnet.de\/#organization\",\"name\":\"Vapingnet.de\",\"url\":\"https:\/\/vapingnet.de\/\",\"logo\":{\"@type\":\"ImageObject\",\"inLanguage\":\"pl-PL\",\"@id\":\"https:\/\/vapingnet.de\/#\/schema\/logo\/image\/\",\"url\":\"https:\/\/vapingnet.de\/wp-content\/uploads\/2025\/03\/cropped-vapingnet.de_.jpg\",\"contentUrl\":\"https:\/\/vapingnet.de\/wp-content\/uploads\/2025\/03\/cropped-vapingnet.de_.jpg\",\"width\":512,\"height\":512,\"caption\":\"Vapingnet.de\"},\"image\":{\"@id\":\"https:\/\/vapingnet.de\/#\/schema\/logo\/image\/\"},\"sameAs\":[\"https:\/\/www.facebook.com\/vapingnetde\/\"]}]}<\/script>\n<!-- \/ Yoast SEO plugin. -->","yoast_head_json":{"title":"Entz\u00fccken Sie Ihren Gaumen mit den Bang15000 Puffs im himmlischen Peach Berry Geschmack | Vapingnet.de","description":"Entdecke Entz\u00fccken Sie Ihren Gaumen mit den Bang15000 Puffs im himmlischen Peach Berry Geschmack bei vapingnet.de, \u25ba Gro\u00dfe Auswahl an Geschmacksrichtungen & super g\u00fcnstig!","robots":{"index":"index","follow":"follow","max-snippet":"max-snippet:-1","max-image-preview":"max-image-preview:large","max-video-preview":"max-video-preview:-1"},"canonical":"https:\/\/vapingnet.de\/pl\/vape\/entzuecken-sie-ihren-gaumen-mit-den-bang15000-puffs-im-himmlischen-peach-berry-geschmack\/","og_locale":"pl_PL","og_type":"article","og_title":"Entz\u00fccken Sie Ihren Gaumen mit den Bang15000 Puffs im himmlischen Peach Berry Geschmack | Vapingnet.de","og_description":"Entdecke Entz\u00fccken Sie Ihren Gaumen mit den Bang15000 Puffs im himmlischen Peach Berry Geschmack bei vapingnet.de, \u25ba Gro\u00dfe Auswahl an Geschmacksrichtungen & super g\u00fcnstig!","og_url":"https:\/\/vapingnet.de\/pl\/vape\/entzuecken-sie-ihren-gaumen-mit-den-bang15000-puffs-im-himmlischen-peach-berry-geschmack\/","og_site_name":"Vapingnet.de","article_publisher":"https:\/\/www.facebook.com\/vapingnetde\/","article_modified_time":"2025-06-19T03:41:32+00:00","og_image":[{"width":900,"height":600,"url":"https:\/\/vapingnet.de\/wp-content\/uploads\/2025\/03\/Peach-Berry.png","type":"image\/png"}],"twitter_card":"summary_large_image","twitter_misc":{"Est. reading time":"3 minutes"},"schema":{"@context":"https:\/\/schema.org","@graph":[{"@type":"WebPage","@id":"https:\/\/vapingnet.de\/vape\/entzuecken-sie-ihren-gaumen-mit-den-bang15000-puffs-im-himmlischen-peach-berry-geschmack\/","url":"https:\/\/vapingnet.de\/vape\/entzuecken-sie-ihren-gaumen-mit-den-bang15000-puffs-im-himmlischen-peach-berry-geschmack\/","name":"Entz\u00fccken Sie Ihren Gaumen mit den Bang15000 Puffs im himmlischen Peach Berry Geschmack | Vapingnet.de","isPartOf":{"@id":"https:\/\/vapingnet.de\/#website"},"primaryImageOfPage":{"@id":"https:\/\/vapingnet.de\/vape\/entzuecken-sie-ihren-gaumen-mit-den-bang15000-puffs-im-himmlischen-peach-berry-geschmack\/#primaryimage"},"image":{"@id":"https:\/\/vapingnet.de\/vape\/entzuecken-sie-ihren-gaumen-mit-den-bang15000-puffs-im-himmlischen-peach-berry-geschmack\/#primaryimage"},"thumbnailUrl":"https:\/\/vapingnet.de\/wp-content\/uploads\/2025\/03\/Peach-Berry.png","datePublished":"2025-03-12T09:49:29+00:00","dateModified":"2025-06-19T03:41:32+00:00","description":"Entdecke Entz\u00fccken Sie Ihren Gaumen mit den Bang15000 Puffs im himmlischen Peach Berry Geschmack bei vapingnet.de, \u25ba Gro\u00dfe Auswahl an Geschmacksrichtungen & super g\u00fcnstig!","breadcrumb":{"@id":"https:\/\/vapingnet.de\/vape\/entzuecken-sie-ihren-gaumen-mit-den-bang15000-puffs-im-himmlischen-peach-berry-geschmack\/#breadcrumb"},"inLanguage":"pl-PL","potentialAction":[{"@type":"ReadAction","target":["https:\/\/vapingnet.de\/vape\/entzuecken-sie-ihren-gaumen-mit-den-bang15000-puffs-im-himmlischen-peach-berry-geschmack\/"]}]},{"@type":"ImageObject","inLanguage":"pl-PL","@id":"https:\/\/vapingnet.de\/vape\/entzuecken-sie-ihren-gaumen-mit-den-bang15000-puffs-im-himmlischen-peach-berry-geschmack\/#primaryimage","url":"https:\/\/vapingnet.de\/wp-content\/uploads\/2025\/03\/Peach-Berry.png","contentUrl":"https:\/\/vapingnet.de\/wp-content\/uploads\/2025\/03\/Peach-Berry.png","width":900,"height":600,"caption":"Peach Berry"},{"@type":"BreadcrumbList","@id":"https:\/\/vapingnet.de\/vape\/entzuecken-sie-ihren-gaumen-mit-den-bang15000-puffs-im-himmlischen-peach-berry-geschmack\/#breadcrumb","itemListElement":[{"@type":"ListItem","position":1,"name":"Home","item":"https:\/\/vapingnet.de\/"},{"@type":"ListItem","position":2,"name":"Shop","item":"https:\/\/vapingnet.de\/vape\/"},{"@type":"ListItem","position":3,"name":"Entz\u00fccken Sie Ihren Gaumen mit den Bang15000 Puffs im himmlischen Peach Berry Geschmack"}]},{"@type":"WebSite","@id":"https:\/\/vapingnet.de\/#website","url":"https:\/\/vapingnet.de\/","name":"Vapingnet.de","description":"","publisher":{"@id":"https:\/\/vapingnet.de\/#organization"},"potentialAction":[{"@type":"SearchAction","target":{"@type":"EntryPoint","urlTemplate":"https:\/\/vapingnet.de\/?s={search_term_string}"},"query-input":{"@type":"PropertyValueSpecification","valueRequired":true,"valueName":"search_term_string"}}],"inLanguage":"pl-PL"},{"@type":"Organization","@id":"https:\/\/vapingnet.de\/#organization","name":"Vapingnet.de","url":"https:\/\/vapingnet.de\/","logo":{"@type":"ImageObject","inLanguage":"pl-PL","@id":"https:\/\/vapingnet.de\/#\/schema\/logo\/image\/","url":"https:\/\/vapingnet.de\/wp-content\/uploads\/2025\/03\/cropped-vapingnet.de_.jpg","contentUrl":"https:\/\/vapingnet.de\/wp-content\/uploads\/2025\/03\/cropped-vapingnet.de_.jpg","width":512,"height":512,"caption":"Vapingnet.de"},"image":{"@id":"https:\/\/vapingnet.de\/#\/schema\/logo\/image\/"},"sameAs":["https:\/\/www.facebook.com\/vapingnetde\/"]}]}},"tiered_pricing_type":"fixed","tiered_pricing_fixed_rules":{"10":"7.31","60":"6.58","110":"5.85","200":"5.12"},"tiered_pricing_product_settings":{"layout":"default","base_unit_name":{"singular":null,"plural":null},"default_variation":null},"tiered_pricing_minimum_quantity":null,"tiered_pricing_roles_data":[],"tiered_pricing_percentage_rules":[],"_links":{"self":[{"href":"https:\/\/vapingnet.de\/pl\/wp-json\/wp\/v2\/product\/5183","targetHints":{"allow":["GET"]}}],"collection":[{"href":"https:\/\/vapingnet.de\/pl\/wp-json\/wp\/v2\/product"}],"about":[{"href":"https:\/\/vapingnet.de\/pl\/wp-json\/wp\/v2\/types\/product"}],"version-history":[{"count":3,"href":"https:\/\/vapingnet.de\/pl\/wp-json\/wp\/v2\/product\/5183\/revisions"}],"predecessor-version":[{"id":6917,"href":"https:\/\/vapingnet.de\/pl\/wp-json\/wp\/v2\/product\/5183\/revisions\/6917"}],"wp:featuredmedia":[{"embeddable":true,"href":"https:\/\/vapingnet.de\/pl\/wp-json\/wp\/v2\/media\/5184"}],"wp:attachment":[{"href":"https:\/\/vapingnet.de\/pl\/wp-json\/wp\/v2\/media?parent=5183"}],"wp:term":[{"taxonomy":"brand","embeddable":true,"href":"https:\/\/vapingnet.de\/pl\/wp-json\/wp\/v2\/etheme_brands?post=5183"},{"taxonomy":"product_brand","embeddable":true,"href":"https:\/\/vapingnet.de\/pl\/wp-json\/wp\/v2\/product_brand?post=5183"},{"taxonomy":"product_cat","embeddable":true,"href":"https:\/\/vapingnet.de\/pl\/wp-json\/wp\/v2\/product_cat?post=5183"},{"taxonomy":"product_tag","embeddable":true,"href":"https:\/\/vapingnet.de\/pl\/wp-json\/wp\/v2\/product_tag?post=5183"}],"curies":[{"name":"wp","href":"https:\/\/api.w.org\/{rel}","templated":true}]}}