{"id":5186,"date":"2025-03-12T09:55:21","date_gmt":"2025-03-12T09:55:21","guid":{"rendered":"https:\/\/vapingnet.de\/?post_type=product&#038;p=5186"},"modified":"2025-06-19T03:41:31","modified_gmt":"2025-06-19T03:41:31","slug":"entdecke-das-sensationelle-bang-15000-puffs-peach-ice-der-perfekte-genuss-fuer-dich","status":"publish","type":"product","link":"https:\/\/vapingnet.de\/pl\/vape\/entdecke-das-sensationelle-bang-15000-puffs-peach-ice-der-perfekte-genuss-fuer-dich\/","title":{"rendered":"Odkryj sensacyjne Bang 15000 Puffs Peach Ice, idealne doznanie dla Ciebie"},"content":{"rendered":"<h2 data-start=\"0\" data-end=\"104\">Prze\u0142am normy, ciesz si\u0119 par\u0105 \u2013 Bang15000 Puffs wielokrotnego \u0142adowania jednorazowa e-papieros<\/h2>\n<p data-start=\"106\" data-end=\"585\">Czy jako mi\u0142o\u015bnik e-papieros\u00f3w szukasz produktu, kt\u00f3ry jest zar\u00f3wno stylowy, jak i praktyczny, oferuj\u0105c Ci idealn\u0105 r\u00f3wnowag\u0119 mi\u0119dzy d\u0142ugotrwa\u0142ym do\u015bwiadczeniem u\u017cytkowania a smakiem? Dzi\u015b przedstawiamy Ci Bang15000 Puffs Rechargeable Disposable Pod \u2013 innowacyjny i wydajny wielokrotnego \u0142adowania <a href=\"https:\/\/vapingnet.de\/pl\/k\/einweg-e-zigarette\/\" target=\"_blank\" rel=\"noopener\"><strong>Jednorazowa e-papieros<\/strong><\/a>. Niezale\u017cnie od tego, czy jeste\u015b pocz\u0105tkuj\u0105cym, czy do\u015bwiadczonym u\u017cytkownikiem, ten produkt zapewni Ci unikalne do\u015bwiadczenie.<\/p>\n<ul>\n<li data-start=\"587\" data-end=\"631\">Du\u017ca ilo\u015b\u0107 pary, d\u0142ugotrwa\u0142a przyjemno\u015b\u0107<br \/>\nBang15000 Puffs wielokrotnego \u0142adowania jednorazowy e-papieros oferuje imponuj\u0105ce 15000 zaci\u0105gni\u0119\u0107, kt\u00f3re zapewni\u0105 Ci trwa\u0142e do\u015bwiadczenie parowania. Niezale\u017cnie od tego, czy jeste\u015b w codziennym u\u017cytkowaniu, czy w podr\u00f3\u017cy \u2013 mo\u017cesz cieszy\u0107 si\u0119 niespotykanym komfortem i pe\u0142n\u0105 satysfakcj\u0105. Ka\u017cde zaci\u0105gni\u0119cie to jak chmura mi\u0119kkiej, pe\u0142nej pary, kt\u00f3ra spe\u0142nia Twoje potrzeby pod ka\u017cdym wzgl\u0119dem.<\/li>\n<li data-start=\"996\" data-end=\"1045\">Unikalne doznania smakowe \u2013 Peach Ice<br \/>\nBang15000 Puffs oferuje wy\u015bmienity smak Peach Ice \u2013 po\u0142\u0105czenie s\u0142odkiego smaku brzoskwini i orze\u017awiaj\u0105cej nuty mentolu. Ka\u017cde wdychanie przynosi intensywny smak owocu i ch\u0142odz\u0105cy orze\u017awienie na podniebieniu, idealna r\u00f3wnowaga mi\u0119dzy od\u015bwie\u017ceniem a smakiem. Pozw\u00f3l si\u0119 oczarowa\u0107 temu kusz\u0105cemu smakowi.<\/li>\n<li data-start=\"1421\" data-end=\"1478\">Wysokiej jako\u015bci Dul Mesh Coil i wydajna bateria<br \/>\nBang15000 Puffs wyposa\u017cony jest w Dul Mesh Coil (1,1\u03a9), kt\u00f3ry zapewnia szczeg\u00f3lnie \u0142agodne przep\u0142ywy pary i zachowuje czysto\u015b\u0107 smaku. Bateria o pojemno\u015bci 650mAh, wielokrotnego \u0142adowania, zapewnia stabilne i d\u0142ugotrwa\u0142e \u017ar\u00f3d\u0142o energii, dzi\u0119ki czemu mo\u017cesz cieszy\u0107 si\u0119 sp\u00f3jnym do\u015bwiadczeniem parowania. Nie musisz wymienia\u0107 baterii \u2013 wystarczy na\u0142adowa\u0107 i korzysta\u0107 z tysi\u0119cy zaci\u0105gni\u0119\u0107.<\/li>\n<li data-start=\"1869\" data-end=\"1918\">R\u00f3\u017cne poziomy nikotyny dla ka\u017cdego potrzebuj\u0105cego<br \/>\nAby sprosta\u0107 potrzebom wszystkich u\u017cytkownik\u00f3w, Bang15000 Puffs oferuje cztery poziomy nikotyny do wyboru: 0%, 2%, 3% i 5%. Mo\u017cesz wybra\u0107 odpowiedni poziom w zale\u017cno\u015bci od preferencji. Je\u015bli zdecydujesz si\u0119 na nikotyn\u0119 0% lub 3%, konieczne jest z\u0142o\u017cenie du\u017cego zam\u00f3wienia, aby dostawa przebieg\u0142a bez problem\u00f3w. Dzi\u0119ki temu mo\u017cesz cieszy\u0107 si\u0119 optymalnym do\u015bwiadczeniem parowania.<\/li>\n<li data-start=\"2298\" data-end=\"2351\">Praktyczny port Type-C, szybkie \u0142adowanie<br \/>\nBang15000 Puffs wyposa\u017cony jest w nowoczesny port Type-C, kt\u00f3ry umo\u017cliwia szybsze \u0142adowanie. W ten spos\u00f3b mo\u017cesz szybko na\u0142adowa\u0107 bateri\u0119 i korzysta\u0107 z urz\u0105dzenia w dowolnym miejscu, czy to w biurze, w podr\u00f3\u017cy, czy na wycieczce.<\/li>\n<li data-start=\"2582\" data-end=\"2623\">Idealny do sprzeda\u017cy detalicznej i hurtowej<br \/>\nNiezale\u017cnie od tego, czy do u\u017cytku osobistego, czy w du\u017cych zam\u00f3wieniach, Bang15000 Puffs jest doskona\u0142ym wyborem. Nadaje si\u0119 nie tylko do codziennego u\u017cytku, ale tak\u017ce \u015bwietnie sprawdza si\u0119 w handlu hurtowym. Zam\u00f3w ten wydajny produkt bez problemu i skorzystaj z szybkiej wysy\u0142ki, aby cieszy\u0107 si\u0119 wysokiej jako\u015bci doznaniami parowania.<\/li>\n<\/ul>\n<h3 data-start=\"2997\" data-end=\"3061\">Dlaczego warto wybra\u0107 Bang15000 Puffs?<\/h3>\n<ul data-start=\"3062\" data-end=\"3497\">\n<li data-start=\"3062\" data-end=\"3179\">Du\u017ca ilo\u015b\u0107 pary: Z <a href=\"https:\/\/vapingnet.de\/pl\/k\/vape-15000-zuege\/\" target=\"_blank\" rel=\"noopener\"><strong>15000 poci\u0105gni\u0119ciami<\/strong><\/a> masz d\u0142ugotrwa\u0142e do\u015bwiadczenie parowania bez konieczno\u015bci cz\u0119stej wymiany urz\u0105dzenia.<\/li>\n<li data-start=\"3180\" data-end=\"3295\">R\u00f3\u017cne poziomy nikotyny: Wybierz odpowiedni dla siebie poziom i ciesz si\u0119 doskona\u0142ym smakiem.<\/li>\n<li data-start=\"3296\" data-end=\"3400\">Wysokiej jako\u015bci coil i bateria: Dla r\u00f3wnomiernego przep\u0142ywu pary i stabilnego \u017ar\u00f3d\u0142a energii.<\/li>\n<li data-start=\"3401\" data-end=\"3497\">Szybkie \u0142adowanie przez Type-C: Szybka opcja \u0142adowania, kt\u00f3ra zawsze utrzymuje Twoje urz\u0105dzenie gotowe do u\u017cycia.<\/li>\n<\/ul>\n<h4 data-start=\"3499\" data-end=\"3547\">Do\u015bwiadcz tego teraz, ciesz si\u0119 par\u0105<\/h4>\n<p data-start=\"3548\" data-end=\"3857\" data-is-last-node=\"\" data-is-only-node=\"\">Niezale\u017cnie od tego, czy chcesz si\u0119 zrelaksowa\u0107, czy szukasz wydajnego e-papierosa \u2013 Bang15000 Puffs to idealny wyb\u00f3r. Odwied\u017a vapingnet.de i do\u0142\u0105cz do naszego \u015bwiata e-papieros\u00f3w, aby cieszy\u0107 si\u0119 wyj\u0105tkowym do\u015bwiadczeniem vapowania. Kup teraz i rozpocznij swoj\u0105 przygod\u0119 z parowaniem!<\/p>","protected":false},"excerpt":{"rendered":"<p>Brechen Sie die Normen, genie\u00dfen Sie den Dampf \u2013 Bang15000 Puffs wiederaufladbare Einweg E-Zigarette Sind Sie als E-Zigaretten-Liebhaber auf der Suche nach einem Produkt, das&#8230;<\/p>","protected":false},"featured_media":5187,"template":"","meta":[],"etheme_brands":[],"product_brand":[101],"product_cat":[53,49,61],"product_tag":[],"class_list":{"0":"post-5186","1":"product","2":"type-product","3":"status-publish","4":"has-post-thumbnail","6":"product_brand-bang-king-vape","7":"product_cat-vape-15000-zuege","8":"product_cat-einweg-e-zigarette","9":"product_cat-f","11":"first","12":"instock","13":"shipping-taxable","14":"purchasable","15":"product-type-simple"},"yoast_head":"<!-- This site is optimized with the Yoast SEO plugin v26.5 - https:\/\/yoast.com\/wordpress\/plugins\/seo\/ -->\n<title>Entdecke das sensationelle Bang 15000 Puffs Peach Ice Der perfekte Genuss f\u00fcr dich | Vapingnet.de<\/title>\n<meta name=\"description\" content=\"Entdecke Entdecke das sensationelle Bang 15000 Puffs Peach Ice Der perfekte Genuss f\u00fcr dich bei vapingnet.de, \u25ba Gro\u00dfe Auswahl an Geschmacksrichtungen &amp; super g\u00fcnstig!\" \/>\n<meta name=\"robots\" content=\"index, follow, max-snippet:-1, max-image-preview:large, max-video-preview:-1\" \/>\n<link rel=\"canonical\" href=\"https:\/\/vapingnet.de\/pl\/vape\/entdecke-das-sensationelle-bang-15000-puffs-peach-ice-der-perfekte-genuss-fuer-dich\/\" \/>\n<meta property=\"og:locale\" content=\"pl_PL\" \/>\n<meta property=\"og:type\" content=\"article\" \/>\n<meta property=\"og:title\" content=\"Entdecke das sensationelle Bang 15000 Puffs Peach Ice Der perfekte Genuss f\u00fcr dich | Vapingnet.de\" \/>\n<meta property=\"og:description\" content=\"Entdecke Entdecke das sensationelle Bang 15000 Puffs Peach Ice Der perfekte Genuss f\u00fcr dich bei vapingnet.de, \u25ba Gro\u00dfe Auswahl an Geschmacksrichtungen &amp; super g\u00fcnstig!\" \/>\n<meta property=\"og:url\" content=\"https:\/\/vapingnet.de\/pl\/vape\/entdecke-das-sensationelle-bang-15000-puffs-peach-ice-der-perfekte-genuss-fuer-dich\/\" \/>\n<meta property=\"og:site_name\" content=\"Vapingnet.de\" \/>\n<meta property=\"article:publisher\" content=\"https:\/\/www.facebook.com\/vapingnetde\/\" \/>\n<meta property=\"article:modified_time\" content=\"2025-06-19T03:41:31+00:00\" \/>\n<meta property=\"og:image\" content=\"https:\/\/vapingnet.de\/wp-content\/uploads\/2025\/03\/Peach-Ice.png\" \/>\n\t<meta property=\"og:image:width\" content=\"900\" \/>\n\t<meta property=\"og:image:height\" content=\"600\" \/>\n\t<meta property=\"og:image:type\" content=\"image\/png\" \/>\n<meta name=\"twitter:card\" content=\"summary_large_image\" \/>\n<meta name=\"twitter:label1\" content=\"Est. reading time\" \/>\n\t<meta name=\"twitter:data1\" content=\"4 minutes\" \/>\n<script type=\"application\/ld+json\" class=\"yoast-schema-graph\">{\"@context\":\"https:\/\/schema.org\",\"@graph\":[{\"@type\":\"WebPage\",\"@id\":\"https:\/\/vapingnet.de\/vape\/entdecke-das-sensationelle-bang-15000-puffs-peach-ice-der-perfekte-genuss-fuer-dich\/\",\"url\":\"https:\/\/vapingnet.de\/vape\/entdecke-das-sensationelle-bang-15000-puffs-peach-ice-der-perfekte-genuss-fuer-dich\/\",\"name\":\"Entdecke das sensationelle Bang 15000 Puffs Peach Ice Der perfekte Genuss f\u00fcr dich | Vapingnet.de\",\"isPartOf\":{\"@id\":\"https:\/\/vapingnet.de\/#website\"},\"primaryImageOfPage\":{\"@id\":\"https:\/\/vapingnet.de\/vape\/entdecke-das-sensationelle-bang-15000-puffs-peach-ice-der-perfekte-genuss-fuer-dich\/#primaryimage\"},\"image\":{\"@id\":\"https:\/\/vapingnet.de\/vape\/entdecke-das-sensationelle-bang-15000-puffs-peach-ice-der-perfekte-genuss-fuer-dich\/#primaryimage\"},\"thumbnailUrl\":\"https:\/\/vapingnet.de\/wp-content\/uploads\/2025\/03\/Peach-Ice.png\",\"datePublished\":\"2025-03-12T09:55:21+00:00\",\"dateModified\":\"2025-06-19T03:41:31+00:00\",\"description\":\"Entdecke Entdecke das sensationelle Bang 15000 Puffs Peach Ice Der perfekte Genuss f\u00fcr dich bei vapingnet.de, \u25ba Gro\u00dfe Auswahl an Geschmacksrichtungen & super g\u00fcnstig!\",\"breadcrumb\":{\"@id\":\"https:\/\/vapingnet.de\/vape\/entdecke-das-sensationelle-bang-15000-puffs-peach-ice-der-perfekte-genuss-fuer-dich\/#breadcrumb\"},\"inLanguage\":\"pl-PL\",\"potentialAction\":[{\"@type\":\"ReadAction\",\"target\":[\"https:\/\/vapingnet.de\/vape\/entdecke-das-sensationelle-bang-15000-puffs-peach-ice-der-perfekte-genuss-fuer-dich\/\"]}]},{\"@type\":\"ImageObject\",\"inLanguage\":\"pl-PL\",\"@id\":\"https:\/\/vapingnet.de\/vape\/entdecke-das-sensationelle-bang-15000-puffs-peach-ice-der-perfekte-genuss-fuer-dich\/#primaryimage\",\"url\":\"https:\/\/vapingnet.de\/wp-content\/uploads\/2025\/03\/Peach-Ice.png\",\"contentUrl\":\"https:\/\/vapingnet.de\/wp-content\/uploads\/2025\/03\/Peach-Ice.png\",\"width\":900,\"height\":600,\"caption\":\"Peach Ice\"},{\"@type\":\"BreadcrumbList\",\"@id\":\"https:\/\/vapingnet.de\/vape\/entdecke-das-sensationelle-bang-15000-puffs-peach-ice-der-perfekte-genuss-fuer-dich\/#breadcrumb\",\"itemListElement\":[{\"@type\":\"ListItem\",\"position\":1,\"name\":\"Home\",\"item\":\"https:\/\/vapingnet.de\/\"},{\"@type\":\"ListItem\",\"position\":2,\"name\":\"Shop\",\"item\":\"https:\/\/vapingnet.de\/vape\/\"},{\"@type\":\"ListItem\",\"position\":3,\"name\":\"Entdecke das sensationelle Bang 15000 Puffs Peach Ice Der perfekte Genuss f\u00fcr dich\"}]},{\"@type\":\"WebSite\",\"@id\":\"https:\/\/vapingnet.de\/#website\",\"url\":\"https:\/\/vapingnet.de\/\",\"name\":\"Vapingnet.de\",\"description\":\"\",\"publisher\":{\"@id\":\"https:\/\/vapingnet.de\/#organization\"},\"potentialAction\":[{\"@type\":\"SearchAction\",\"target\":{\"@type\":\"EntryPoint\",\"urlTemplate\":\"https:\/\/vapingnet.de\/?s={search_term_string}\"},\"query-input\":{\"@type\":\"PropertyValueSpecification\",\"valueRequired\":true,\"valueName\":\"search_term_string\"}}],\"inLanguage\":\"pl-PL\"},{\"@type\":\"Organization\",\"@id\":\"https:\/\/vapingnet.de\/#organization\",\"name\":\"Vapingnet.de\",\"url\":\"https:\/\/vapingnet.de\/\",\"logo\":{\"@type\":\"ImageObject\",\"inLanguage\":\"pl-PL\",\"@id\":\"https:\/\/vapingnet.de\/#\/schema\/logo\/image\/\",\"url\":\"https:\/\/vapingnet.de\/wp-content\/uploads\/2025\/03\/cropped-vapingnet.de_.jpg\",\"contentUrl\":\"https:\/\/vapingnet.de\/wp-content\/uploads\/2025\/03\/cropped-vapingnet.de_.jpg\",\"width\":512,\"height\":512,\"caption\":\"Vapingnet.de\"},\"image\":{\"@id\":\"https:\/\/vapingnet.de\/#\/schema\/logo\/image\/\"},\"sameAs\":[\"https:\/\/www.facebook.com\/vapingnetde\/\"]}]}<\/script>\n<!-- \/ Yoast SEO plugin. -->","yoast_head_json":{"title":"Entdecke das sensationelle Bang 15000 Puffs Peach Ice Der perfekte Genuss f\u00fcr dich | Vapingnet.de","description":"Entdecke Entdecke das sensationelle Bang 15000 Puffs Peach Ice Der perfekte Genuss f\u00fcr dich bei vapingnet.de, \u25ba Gro\u00dfe Auswahl an Geschmacksrichtungen & super g\u00fcnstig!","robots":{"index":"index","follow":"follow","max-snippet":"max-snippet:-1","max-image-preview":"max-image-preview:large","max-video-preview":"max-video-preview:-1"},"canonical":"https:\/\/vapingnet.de\/pl\/vape\/entdecke-das-sensationelle-bang-15000-puffs-peach-ice-der-perfekte-genuss-fuer-dich\/","og_locale":"pl_PL","og_type":"article","og_title":"Entdecke das sensationelle Bang 15000 Puffs Peach Ice Der perfekte Genuss f\u00fcr dich | Vapingnet.de","og_description":"Entdecke Entdecke das sensationelle Bang 15000 Puffs Peach Ice Der perfekte Genuss f\u00fcr dich bei vapingnet.de, \u25ba Gro\u00dfe Auswahl an Geschmacksrichtungen & super g\u00fcnstig!","og_url":"https:\/\/vapingnet.de\/pl\/vape\/entdecke-das-sensationelle-bang-15000-puffs-peach-ice-der-perfekte-genuss-fuer-dich\/","og_site_name":"Vapingnet.de","article_publisher":"https:\/\/www.facebook.com\/vapingnetde\/","article_modified_time":"2025-06-19T03:41:31+00:00","og_image":[{"width":900,"height":600,"url":"https:\/\/vapingnet.de\/wp-content\/uploads\/2025\/03\/Peach-Ice.png","type":"image\/png"}],"twitter_card":"summary_large_image","twitter_misc":{"Est. reading time":"4 minutes"},"schema":{"@context":"https:\/\/schema.org","@graph":[{"@type":"WebPage","@id":"https:\/\/vapingnet.de\/vape\/entdecke-das-sensationelle-bang-15000-puffs-peach-ice-der-perfekte-genuss-fuer-dich\/","url":"https:\/\/vapingnet.de\/vape\/entdecke-das-sensationelle-bang-15000-puffs-peach-ice-der-perfekte-genuss-fuer-dich\/","name":"Entdecke das sensationelle Bang 15000 Puffs Peach Ice Der perfekte Genuss f\u00fcr dich | Vapingnet.de","isPartOf":{"@id":"https:\/\/vapingnet.de\/#website"},"primaryImageOfPage":{"@id":"https:\/\/vapingnet.de\/vape\/entdecke-das-sensationelle-bang-15000-puffs-peach-ice-der-perfekte-genuss-fuer-dich\/#primaryimage"},"image":{"@id":"https:\/\/vapingnet.de\/vape\/entdecke-das-sensationelle-bang-15000-puffs-peach-ice-der-perfekte-genuss-fuer-dich\/#primaryimage"},"thumbnailUrl":"https:\/\/vapingnet.de\/wp-content\/uploads\/2025\/03\/Peach-Ice.png","datePublished":"2025-03-12T09:55:21+00:00","dateModified":"2025-06-19T03:41:31+00:00","description":"Entdecke Entdecke das sensationelle Bang 15000 Puffs Peach Ice Der perfekte Genuss f\u00fcr dich bei vapingnet.de, \u25ba Gro\u00dfe Auswahl an Geschmacksrichtungen & super g\u00fcnstig!","breadcrumb":{"@id":"https:\/\/vapingnet.de\/vape\/entdecke-das-sensationelle-bang-15000-puffs-peach-ice-der-perfekte-genuss-fuer-dich\/#breadcrumb"},"inLanguage":"pl-PL","potentialAction":[{"@type":"ReadAction","target":["https:\/\/vapingnet.de\/vape\/entdecke-das-sensationelle-bang-15000-puffs-peach-ice-der-perfekte-genuss-fuer-dich\/"]}]},{"@type":"ImageObject","inLanguage":"pl-PL","@id":"https:\/\/vapingnet.de\/vape\/entdecke-das-sensationelle-bang-15000-puffs-peach-ice-der-perfekte-genuss-fuer-dich\/#primaryimage","url":"https:\/\/vapingnet.de\/wp-content\/uploads\/2025\/03\/Peach-Ice.png","contentUrl":"https:\/\/vapingnet.de\/wp-content\/uploads\/2025\/03\/Peach-Ice.png","width":900,"height":600,"caption":"Peach Ice"},{"@type":"BreadcrumbList","@id":"https:\/\/vapingnet.de\/vape\/entdecke-das-sensationelle-bang-15000-puffs-peach-ice-der-perfekte-genuss-fuer-dich\/#breadcrumb","itemListElement":[{"@type":"ListItem","position":1,"name":"Home","item":"https:\/\/vapingnet.de\/"},{"@type":"ListItem","position":2,"name":"Shop","item":"https:\/\/vapingnet.de\/vape\/"},{"@type":"ListItem","position":3,"name":"Entdecke das sensationelle Bang 15000 Puffs Peach Ice Der perfekte Genuss f\u00fcr dich"}]},{"@type":"WebSite","@id":"https:\/\/vapingnet.de\/#website","url":"https:\/\/vapingnet.de\/","name":"Vapingnet.de","description":"","publisher":{"@id":"https:\/\/vapingnet.de\/#organization"},"potentialAction":[{"@type":"SearchAction","target":{"@type":"EntryPoint","urlTemplate":"https:\/\/vapingnet.de\/?s={search_term_string}"},"query-input":{"@type":"PropertyValueSpecification","valueRequired":true,"valueName":"search_term_string"}}],"inLanguage":"pl-PL"},{"@type":"Organization","@id":"https:\/\/vapingnet.de\/#organization","name":"Vapingnet.de","url":"https:\/\/vapingnet.de\/","logo":{"@type":"ImageObject","inLanguage":"pl-PL","@id":"https:\/\/vapingnet.de\/#\/schema\/logo\/image\/","url":"https:\/\/vapingnet.de\/wp-content\/uploads\/2025\/03\/cropped-vapingnet.de_.jpg","contentUrl":"https:\/\/vapingnet.de\/wp-content\/uploads\/2025\/03\/cropped-vapingnet.de_.jpg","width":512,"height":512,"caption":"Vapingnet.de"},"image":{"@id":"https:\/\/vapingnet.de\/#\/schema\/logo\/image\/"},"sameAs":["https:\/\/www.facebook.com\/vapingnetde\/"]}]}},"tiered_pricing_type":"fixed","tiered_pricing_fixed_rules":{"10":"7.31","60":"6.58","110":"5.85","200":"5.12"},"tiered_pricing_product_settings":{"layout":"default","base_unit_name":{"singular":null,"plural":null},"default_variation":null},"tiered_pricing_minimum_quantity":null,"tiered_pricing_roles_data":[],"tiered_pricing_percentage_rules":[],"_links":{"self":[{"href":"https:\/\/vapingnet.de\/pl\/wp-json\/wp\/v2\/product\/5186","targetHints":{"allow":["GET"]}}],"collection":[{"href":"https:\/\/vapingnet.de\/pl\/wp-json\/wp\/v2\/product"}],"about":[{"href":"https:\/\/vapingnet.de\/pl\/wp-json\/wp\/v2\/types\/product"}],"version-history":[{"count":1,"href":"https:\/\/vapingnet.de\/pl\/wp-json\/wp\/v2\/product\/5186\/revisions"}],"predecessor-version":[{"id":5188,"href":"https:\/\/vapingnet.de\/pl\/wp-json\/wp\/v2\/product\/5186\/revisions\/5188"}],"wp:featuredmedia":[{"embeddable":true,"href":"https:\/\/vapingnet.de\/pl\/wp-json\/wp\/v2\/media\/5187"}],"wp:attachment":[{"href":"https:\/\/vapingnet.de\/pl\/wp-json\/wp\/v2\/media?parent=5186"}],"wp:term":[{"taxonomy":"brand","embeddable":true,"href":"https:\/\/vapingnet.de\/pl\/wp-json\/wp\/v2\/etheme_brands?post=5186"},{"taxonomy":"product_brand","embeddable":true,"href":"https:\/\/vapingnet.de\/pl\/wp-json\/wp\/v2\/product_brand?post=5186"},{"taxonomy":"product_cat","embeddable":true,"href":"https:\/\/vapingnet.de\/pl\/wp-json\/wp\/v2\/product_cat?post=5186"},{"taxonomy":"product_tag","embeddable":true,"href":"https:\/\/vapingnet.de\/pl\/wp-json\/wp\/v2\/product_tag?post=5186"}],"curies":[{"name":"wp","href":"https:\/\/api.w.org\/{rel}","templated":true}]}}