{"id":5193,"date":"2025-03-13T02:43:42","date_gmt":"2025-03-13T02:43:42","guid":{"rendered":"https:\/\/vapingnet.de\/?post_type=product&#038;p=5193"},"modified":"2025-06-19T03:41:31","modified_gmt":"2025-06-19T03:41:31","slug":"pineapple-coconut-ice-bang15000-puffs-jetzt-ohne-zoll","status":"publish","type":"product","link":"https:\/\/vapingnet.de\/pl\/vape\/pineapple-coconut-ice-bang15000-puffs-jetzt-ohne-zoll\/","title":{"rendered":"Pineapple Coconut Ice Bang15000 puffs teraz bez Z..."},"content":{"rendered":"<h2 data-pm-slice=\"1 1 []\">Do\u015bwiadcz najlepszych wra\u017ce\u0144 z vapingu \u2013 Bang 15000 Puffs Jednorazowa E-papieros<\/h2>\n<p>W \u015bwiecie e-papieros\u00f3w smak, trwa\u0142o\u015b\u0107 i \u0142atwo\u015b\u0107 obs\u0142ugi s\u0105 kluczowe. The <a href=\"https:\/\/vapingnet.de\/pl\/bang-15000-puffs\/\" target=\"_blank\" rel=\"noopener\"><strong>Bang 15000 Puffs Pod wielokrotnego u\u017cytku z \u0142adowaniem <\/strong><\/a>jest dok\u0142adnie do tego stworzony \u2013 dla wszystkich, kt\u00f3rzy stawiaj\u0105 najwy\u017csze wymagania wobec swojego vapingu!<\/p>\n<div><\/div>\n<ul>\n<li>Ekstremalna wytrzyma\u0142o\u015b\u0107 \u2013 15000 zaci\u0105gni\u0119\u0107 dla nieko\u0144cz\u0105cej si\u0119 przyjemno\u015bci<br \/>\nPodczas gdy wiele jednorazowych e-papieros\u00f3w oferuje tylko kilka tysi\u0119cy zaci\u0105gni\u0119\u0107, Bang 15000 wyznacza nowe standardy:<a href=\"https:\/\/vapingnet.de\/pl\/k\/vape-15000-zuege\/\" target=\"_blank\" rel=\"noopener\"><strong> 15000 zaci\u0105gni\u0119\u0107<\/strong><\/a>, wi\u0119c nie musisz si\u0119 martwi\u0107 o cz\u0119ste wymiany.<\/li>\n<li>\u0141adowalny dla maksymalnego komfortu<br \/>\nZ akumulatorem 650mAh i szybkim \u0142adowaniem Type-C mo\u017cesz na\u0142adowa\u0107 Bang 15000 w ka\u017cdej chwili i zapewni\u0107, \u017ce \u017cadna kropla liquidu si\u0119 nie zmarnuje \u2013 dla zr\u00f3wnowa\u017conego i bezproblemowego vapingu.<\/li>\n<li>Dul Mesh grza\u0142ka 1,1\u03a9 \u2013 delikatne i intensywne chmury dymu<br \/>\nDzi\u0119ki podw\u00f3jnej grza\u0142ce Dul Mesh liquid jest r\u00f3wnomiernie odparowywany, co prowadzi do intensywniejszego i \u0142agodniejszego smaku. Ka\u017cde wdech to rozkosz!<\/li>\n<li>23ml pojemno\u015bci liquidu \u2013 na d\u0142ugotrwa\u0142e doznania vapingu<br \/>\nZ 23ml liquidu Bang 15000 przewy\u017csza wi\u0119kszo\u015b\u0107 jednorazowych e-papieros\u00f3w na rynku. Idealny na codzienne u\u017cytkowanie lub d\u0142u\u017csze wycieczki.<\/li>\n<\/ul>\n<div><\/div>\n<h4>Nowy smak: Ananas Kokos L\u00f3d<\/h4>\n<p>Tropikalna \u015bwie\u017co\u015b\u0107 przy ka\u017cdym zaci\u0105gni\u0119ciu!<\/p>\n<p>\ud83c\udf4d Soczysty ananas z egzotyczn\u0105 s\u0142odycz\u0105, po\u0142\u0105czony z kremow\u0105 kokosow\u0105 nut\u0105 i orze\u017awiaj\u0105cym ch\u0142odnym akcentem \u2013 smak, kt\u00f3ry przeniesie Ci\u0119 na tropikaln\u0105 wysp\u0119. Idealny na gor\u0105ce dni lub po prostu do delektowania si\u0119 w przerwach.<\/p>\n<div><\/div>\n<h4>Cztery poziomy nikotyny dla indywidualnych potrzeb<\/h4>\n<p>Dost\u0119pny w nikotynie 0, %, 2, %, 3, % i 5, %, przy czym nikotyna 0, % i 3, % s\u0105 dost\u0119pne tylko przy du\u017cych zam\u00f3wieniach. Niezale\u017cnie od tego, czy chcesz zrezygnowa\u0107 z nikotyny, czy preferujesz mocniejsz\u0105 intensywno\u015b\u0107 \u2013 Bang 15000 oferuje odpowiedni\u0105 opcj\u0119 dla ka\u017cdego.<\/p>\n<div><\/div>\n<h3>Dlaczego Bang 15000?<\/h3>\n<p>\u2705 15000 zaci\u0105gni\u0119\u0107 \u2013 ekstremalnie d\u0142ugi czas u\u017cytkowania<br \/>\n\u2705 Akumulator 650mAh z mo\u017cliwo\u015bci\u0105 wielokrotnego \u0142adowania \u2013 przyjazny dla \u015brodowiska i wydajny<br \/>\n\u2705 Dul Mesh podw\u00f3jna cewka \u2013 dla intensywnego smaku<br \/>\n\u2705 Pojemno\u015b\u0107 liquidu 23ml \u2013 dla maksymalnej przyjemno\u015bci<br \/>\n\u2705 Cztery poziomy nikotyny \u2013 idealne dla r\u00f3\u017cnych potrzeb<br \/>\n\u2705 Bez c\u0142a \u2013 brak ukrytych op\u0142at<\/p>\n<p>Odwied\u017a teraz <a href=\"https:\/\/vapingnet.de\/pl\/\">Vapingnet.de<\/a> i zdob\u0105d\u017a Bang 15000 puffs na niezr\u00f3wnane do\u015bwiadczenie vapowania. Szybko si\u0119gnij, zanim wyprzedadz\u0105!<\/p>\n<p>&nbsp;<\/p>","protected":false},"excerpt":{"rendered":"<p>Prze\u017cyj najwy\u017csze doznania z wapowania \u2013 Bang 15000 Puffs Jednorazowy E-Papieros W \u015bwiecie e-papieros\u00f3w smak, trwa\u0142o\u015b\u0107 i \u0142atwo\u015b\u0107 obs\u0142ugi s\u0105 kluczowe. Bang 15000 Puffs Rechargeable...<\/p>","protected":false},"featured_media":5194,"template":"","meta":[],"etheme_brands":[],"product_brand":[101],"product_cat":[53,49,61],"product_tag":[],"class_list":{"0":"post-5193","1":"product","2":"type-product","3":"status-publish","4":"has-post-thumbnail","6":"product_brand-bang-king-vape","7":"product_cat-vape-15000-zuege","8":"product_cat-einweg-e-zigarette","9":"product_cat-f","11":"first","12":"instock","13":"shipping-taxable","14":"purchasable","15":"product-type-simple"},"yoast_head":"<!-- This site is optimized with the Yoast SEO plugin v26.5 - https:\/\/yoast.com\/wordpress\/plugins\/seo\/ -->\n<title>Pineapple Coconut Ice Bang15000 Puffs jetzt ohne Zoll | Vapingnet.de<\/title>\n<meta name=\"description\" content=\"Entdecke Pineapple Coconut Ice Bang15000 Puffs jetzt ohne Zoll bei vapingnet.de, \u25ba Gro\u00dfe Auswahl an Geschmacksrichtungen &amp; super g\u00fcnstig!\" \/>\n<meta name=\"robots\" content=\"index, follow, max-snippet:-1, max-image-preview:large, max-video-preview:-1\" \/>\n<link rel=\"canonical\" href=\"https:\/\/vapingnet.de\/pl\/vape\/pineapple-coconut-ice-bang15000-puffs-jetzt-ohne-zoll\/\" \/>\n<meta property=\"og:locale\" content=\"pl_PL\" \/>\n<meta property=\"og:type\" content=\"article\" \/>\n<meta property=\"og:title\" content=\"Pineapple Coconut Ice Bang15000 Puffs jetzt ohne Zoll | Vapingnet.de\" \/>\n<meta property=\"og:description\" content=\"Entdecke Pineapple Coconut Ice Bang15000 Puffs jetzt ohne Zoll bei vapingnet.de, \u25ba Gro\u00dfe Auswahl an Geschmacksrichtungen &amp; super g\u00fcnstig!\" \/>\n<meta property=\"og:url\" content=\"https:\/\/vapingnet.de\/pl\/vape\/pineapple-coconut-ice-bang15000-puffs-jetzt-ohne-zoll\/\" \/>\n<meta property=\"og:site_name\" content=\"Vapingnet.de\" \/>\n<meta property=\"article:publisher\" content=\"https:\/\/www.facebook.com\/vapingnetde\/\" \/>\n<meta property=\"article:modified_time\" content=\"2025-06-19T03:41:31+00:00\" \/>\n<meta property=\"og:image\" content=\"https:\/\/vapingnet.de\/wp-content\/uploads\/2025\/03\/Pineapple-Coconut-Ice.png\" \/>\n\t<meta property=\"og:image:width\" content=\"900\" \/>\n\t<meta property=\"og:image:height\" content=\"600\" \/>\n\t<meta property=\"og:image:type\" content=\"image\/png\" \/>\n<meta name=\"twitter:card\" content=\"summary_large_image\" \/>\n<meta name=\"twitter:label1\" content=\"Est. reading time\" \/>\n\t<meta name=\"twitter:data1\" content=\"2 minutes\" \/>\n<script type=\"application\/ld+json\" class=\"yoast-schema-graph\">{\"@context\":\"https:\/\/schema.org\",\"@graph\":[{\"@type\":\"WebPage\",\"@id\":\"https:\/\/vapingnet.de\/vape\/pineapple-coconut-ice-bang15000-puffs-jetzt-ohne-zoll\/\",\"url\":\"https:\/\/vapingnet.de\/vape\/pineapple-coconut-ice-bang15000-puffs-jetzt-ohne-zoll\/\",\"name\":\"Pineapple Coconut Ice Bang15000 Puffs jetzt ohne Zoll | Vapingnet.de\",\"isPartOf\":{\"@id\":\"https:\/\/vapingnet.de\/#website\"},\"primaryImageOfPage\":{\"@id\":\"https:\/\/vapingnet.de\/vape\/pineapple-coconut-ice-bang15000-puffs-jetzt-ohne-zoll\/#primaryimage\"},\"image\":{\"@id\":\"https:\/\/vapingnet.de\/vape\/pineapple-coconut-ice-bang15000-puffs-jetzt-ohne-zoll\/#primaryimage\"},\"thumbnailUrl\":\"https:\/\/vapingnet.de\/wp-content\/uploads\/2025\/03\/Pineapple-Coconut-Ice.png\",\"datePublished\":\"2025-03-13T02:43:42+00:00\",\"dateModified\":\"2025-06-19T03:41:31+00:00\",\"description\":\"Entdecke Pineapple Coconut Ice Bang15000 Puffs jetzt ohne Zoll bei vapingnet.de, \u25ba Gro\u00dfe Auswahl an Geschmacksrichtungen & super g\u00fcnstig!\",\"breadcrumb\":{\"@id\":\"https:\/\/vapingnet.de\/vape\/pineapple-coconut-ice-bang15000-puffs-jetzt-ohne-zoll\/#breadcrumb\"},\"inLanguage\":\"pl-PL\",\"potentialAction\":[{\"@type\":\"ReadAction\",\"target\":[\"https:\/\/vapingnet.de\/vape\/pineapple-coconut-ice-bang15000-puffs-jetzt-ohne-zoll\/\"]}]},{\"@type\":\"ImageObject\",\"inLanguage\":\"pl-PL\",\"@id\":\"https:\/\/vapingnet.de\/vape\/pineapple-coconut-ice-bang15000-puffs-jetzt-ohne-zoll\/#primaryimage\",\"url\":\"https:\/\/vapingnet.de\/wp-content\/uploads\/2025\/03\/Pineapple-Coconut-Ice.png\",\"contentUrl\":\"https:\/\/vapingnet.de\/wp-content\/uploads\/2025\/03\/Pineapple-Coconut-Ice.png\",\"width\":900,\"height\":600,\"caption\":\"Pineapple Coconut Ice\"},{\"@type\":\"BreadcrumbList\",\"@id\":\"https:\/\/vapingnet.de\/vape\/pineapple-coconut-ice-bang15000-puffs-jetzt-ohne-zoll\/#breadcrumb\",\"itemListElement\":[{\"@type\":\"ListItem\",\"position\":1,\"name\":\"Home\",\"item\":\"https:\/\/vapingnet.de\/\"},{\"@type\":\"ListItem\",\"position\":2,\"name\":\"Shop\",\"item\":\"https:\/\/vapingnet.de\/vape\/\"},{\"@type\":\"ListItem\",\"position\":3,\"name\":\"Pineapple Coconut Ice Bang15000 Puffs jetzt ohne Zoll\"}]},{\"@type\":\"WebSite\",\"@id\":\"https:\/\/vapingnet.de\/#website\",\"url\":\"https:\/\/vapingnet.de\/\",\"name\":\"Vapingnet.de\",\"description\":\"\",\"publisher\":{\"@id\":\"https:\/\/vapingnet.de\/#organization\"},\"potentialAction\":[{\"@type\":\"SearchAction\",\"target\":{\"@type\":\"EntryPoint\",\"urlTemplate\":\"https:\/\/vapingnet.de\/?s={search_term_string}\"},\"query-input\":{\"@type\":\"PropertyValueSpecification\",\"valueRequired\":true,\"valueName\":\"search_term_string\"}}],\"inLanguage\":\"pl-PL\"},{\"@type\":\"Organization\",\"@id\":\"https:\/\/vapingnet.de\/#organization\",\"name\":\"Vapingnet.de\",\"url\":\"https:\/\/vapingnet.de\/\",\"logo\":{\"@type\":\"ImageObject\",\"inLanguage\":\"pl-PL\",\"@id\":\"https:\/\/vapingnet.de\/#\/schema\/logo\/image\/\",\"url\":\"https:\/\/vapingnet.de\/wp-content\/uploads\/2025\/03\/cropped-vapingnet.de_.jpg\",\"contentUrl\":\"https:\/\/vapingnet.de\/wp-content\/uploads\/2025\/03\/cropped-vapingnet.de_.jpg\",\"width\":512,\"height\":512,\"caption\":\"Vapingnet.de\"},\"image\":{\"@id\":\"https:\/\/vapingnet.de\/#\/schema\/logo\/image\/\"},\"sameAs\":[\"https:\/\/www.facebook.com\/vapingnetde\/\"]}]}<\/script>\n<!-- \/ Yoast SEO plugin. -->","yoast_head_json":{"title":"Pineapple Coconut Ice Bang15000 Puffs jetzt ohne Zoll | Vapingnet.de","description":"Entdecke Pineapple Coconut Ice Bang15000 Puffs jetzt ohne Zoll bei vapingnet.de, \u25ba Gro\u00dfe Auswahl an Geschmacksrichtungen & super g\u00fcnstig!","robots":{"index":"index","follow":"follow","max-snippet":"max-snippet:-1","max-image-preview":"max-image-preview:large","max-video-preview":"max-video-preview:-1"},"canonical":"https:\/\/vapingnet.de\/pl\/vape\/pineapple-coconut-ice-bang15000-puffs-jetzt-ohne-zoll\/","og_locale":"pl_PL","og_type":"article","og_title":"Pineapple Coconut Ice Bang15000 Puffs jetzt ohne Zoll | Vapingnet.de","og_description":"Entdecke Pineapple Coconut Ice Bang15000 Puffs jetzt ohne Zoll bei vapingnet.de, \u25ba Gro\u00dfe Auswahl an Geschmacksrichtungen & super g\u00fcnstig!","og_url":"https:\/\/vapingnet.de\/pl\/vape\/pineapple-coconut-ice-bang15000-puffs-jetzt-ohne-zoll\/","og_site_name":"Vapingnet.de","article_publisher":"https:\/\/www.facebook.com\/vapingnetde\/","article_modified_time":"2025-06-19T03:41:31+00:00","og_image":[{"width":900,"height":600,"url":"https:\/\/vapingnet.de\/wp-content\/uploads\/2025\/03\/Pineapple-Coconut-Ice.png","type":"image\/png"}],"twitter_card":"summary_large_image","twitter_misc":{"Est. reading time":"2 minutes"},"schema":{"@context":"https:\/\/schema.org","@graph":[{"@type":"WebPage","@id":"https:\/\/vapingnet.de\/vape\/pineapple-coconut-ice-bang15000-puffs-jetzt-ohne-zoll\/","url":"https:\/\/vapingnet.de\/vape\/pineapple-coconut-ice-bang15000-puffs-jetzt-ohne-zoll\/","name":"Pineapple Coconut Ice Bang15000 Puffs jetzt ohne Zoll | Vapingnet.de","isPartOf":{"@id":"https:\/\/vapingnet.de\/#website"},"primaryImageOfPage":{"@id":"https:\/\/vapingnet.de\/vape\/pineapple-coconut-ice-bang15000-puffs-jetzt-ohne-zoll\/#primaryimage"},"image":{"@id":"https:\/\/vapingnet.de\/vape\/pineapple-coconut-ice-bang15000-puffs-jetzt-ohne-zoll\/#primaryimage"},"thumbnailUrl":"https:\/\/vapingnet.de\/wp-content\/uploads\/2025\/03\/Pineapple-Coconut-Ice.png","datePublished":"2025-03-13T02:43:42+00:00","dateModified":"2025-06-19T03:41:31+00:00","description":"Entdecke Pineapple Coconut Ice Bang15000 Puffs jetzt ohne Zoll bei vapingnet.de, \u25ba Gro\u00dfe Auswahl an Geschmacksrichtungen & super g\u00fcnstig!","breadcrumb":{"@id":"https:\/\/vapingnet.de\/vape\/pineapple-coconut-ice-bang15000-puffs-jetzt-ohne-zoll\/#breadcrumb"},"inLanguage":"pl-PL","potentialAction":[{"@type":"ReadAction","target":["https:\/\/vapingnet.de\/vape\/pineapple-coconut-ice-bang15000-puffs-jetzt-ohne-zoll\/"]}]},{"@type":"ImageObject","inLanguage":"pl-PL","@id":"https:\/\/vapingnet.de\/vape\/pineapple-coconut-ice-bang15000-puffs-jetzt-ohne-zoll\/#primaryimage","url":"https:\/\/vapingnet.de\/wp-content\/uploads\/2025\/03\/Pineapple-Coconut-Ice.png","contentUrl":"https:\/\/vapingnet.de\/wp-content\/uploads\/2025\/03\/Pineapple-Coconut-Ice.png","width":900,"height":600,"caption":"Pineapple Coconut Ice"},{"@type":"BreadcrumbList","@id":"https:\/\/vapingnet.de\/vape\/pineapple-coconut-ice-bang15000-puffs-jetzt-ohne-zoll\/#breadcrumb","itemListElement":[{"@type":"ListItem","position":1,"name":"Home","item":"https:\/\/vapingnet.de\/"},{"@type":"ListItem","position":2,"name":"Shop","item":"https:\/\/vapingnet.de\/vape\/"},{"@type":"ListItem","position":3,"name":"Pineapple Coconut Ice Bang15000 Puffs jetzt ohne Zoll"}]},{"@type":"WebSite","@id":"https:\/\/vapingnet.de\/#website","url":"https:\/\/vapingnet.de\/","name":"Vapingnet.de","description":"","publisher":{"@id":"https:\/\/vapingnet.de\/#organization"},"potentialAction":[{"@type":"SearchAction","target":{"@type":"EntryPoint","urlTemplate":"https:\/\/vapingnet.de\/?s={search_term_string}"},"query-input":{"@type":"PropertyValueSpecification","valueRequired":true,"valueName":"search_term_string"}}],"inLanguage":"pl-PL"},{"@type":"Organization","@id":"https:\/\/vapingnet.de\/#organization","name":"Vapingnet.de","url":"https:\/\/vapingnet.de\/","logo":{"@type":"ImageObject","inLanguage":"pl-PL","@id":"https:\/\/vapingnet.de\/#\/schema\/logo\/image\/","url":"https:\/\/vapingnet.de\/wp-content\/uploads\/2025\/03\/cropped-vapingnet.de_.jpg","contentUrl":"https:\/\/vapingnet.de\/wp-content\/uploads\/2025\/03\/cropped-vapingnet.de_.jpg","width":512,"height":512,"caption":"Vapingnet.de"},"image":{"@id":"https:\/\/vapingnet.de\/#\/schema\/logo\/image\/"},"sameAs":["https:\/\/www.facebook.com\/vapingnetde\/"]}]}},"tiered_pricing_type":"fixed","tiered_pricing_fixed_rules":{"10":"7.31","60":"6.58","110":"5.85","200":"5.12"},"tiered_pricing_product_settings":{"layout":"default","base_unit_name":{"singular":null,"plural":null},"default_variation":null},"tiered_pricing_minimum_quantity":null,"tiered_pricing_roles_data":[],"tiered_pricing_percentage_rules":[],"_links":{"self":[{"href":"https:\/\/vapingnet.de\/pl\/wp-json\/wp\/v2\/product\/5193","targetHints":{"allow":["GET"]}}],"collection":[{"href":"https:\/\/vapingnet.de\/pl\/wp-json\/wp\/v2\/product"}],"about":[{"href":"https:\/\/vapingnet.de\/pl\/wp-json\/wp\/v2\/types\/product"}],"version-history":[{"count":1,"href":"https:\/\/vapingnet.de\/pl\/wp-json\/wp\/v2\/product\/5193\/revisions"}],"predecessor-version":[{"id":5195,"href":"https:\/\/vapingnet.de\/pl\/wp-json\/wp\/v2\/product\/5193\/revisions\/5195"}],"wp:featuredmedia":[{"embeddable":true,"href":"https:\/\/vapingnet.de\/pl\/wp-json\/wp\/v2\/media\/5194"}],"wp:attachment":[{"href":"https:\/\/vapingnet.de\/pl\/wp-json\/wp\/v2\/media?parent=5193"}],"wp:term":[{"taxonomy":"brand","embeddable":true,"href":"https:\/\/vapingnet.de\/pl\/wp-json\/wp\/v2\/etheme_brands?post=5193"},{"taxonomy":"product_brand","embeddable":true,"href":"https:\/\/vapingnet.de\/pl\/wp-json\/wp\/v2\/product_brand?post=5193"},{"taxonomy":"product_cat","embeddable":true,"href":"https:\/\/vapingnet.de\/pl\/wp-json\/wp\/v2\/product_cat?post=5193"},{"taxonomy":"product_tag","embeddable":true,"href":"https:\/\/vapingnet.de\/pl\/wp-json\/wp\/v2\/product_tag?post=5193"}],"curies":[{"name":"wp","href":"https:\/\/api.w.org\/{rel}","templated":true}]}}