{"id":5209,"date":"2025-03-13T05:35:21","date_gmt":"2025-03-13T05:35:21","guid":{"rendered":"https:\/\/vapingnet.de\/?post_type=product&#038;p=5209"},"modified":"2025-06-19T03:41:29","modified_gmt":"2025-06-19T03:41:29","slug":"bang15000-puffs-strawberry-kiwi-genuss-der-ewig-haelt","status":"publish","type":"product","link":"https:\/\/vapingnet.de\/pl\/vape\/bang15000-puffs-strawberry-kiwi-genuss-der-ewig-haelt\/","title":{"rendered":"Bang15000 Puffs Strawberry Kiwi Rozkosz na zawsze h\u00e4..."},"content":{"rendered":"<h2 data-start=\"0\" data-end=\"117\">Bang15000 Puffs Wielokrotnego \u0142adowania jednorazowa e-papieros: smak truskawkowo-kiwi dla d\u0142ugotrwa\u0142ego do\u015bwiadczenia vapowania<\/h2>\n<p data-start=\"145\" data-end=\"637\">Bang15000 Puffs Wielokrotnego \u0142adowania <a href=\"https:\/\/vapingnet.de\/pl\/k\/einweg-e-zigarette\/\" target=\"_blank\" rel=\"noopener\"><strong>Jednorazowa e-papieros<\/strong><\/a> jest produktem specjalnie zaprojektowanym dla u\u017cytkownik\u00f3w poszukuj\u0105cych d\u0142ugotrwa\u0142ego do\u015bwiadczenia vapowania i wysokiej jako\u015bci smaku. Z bateri\u0105 650mAh do wielokrotnego \u0142adowania, \u017cywotno\u015bci\u0105 do 15000 zaci\u0105gni\u0119\u0107 oraz zaawansowan\u0105 technologi\u0105 Dul Mesh Coil, stanie si\u0119 Twoim idealnym towarzyszem na co dzie\u0144. Niezale\u017cnie od smaku, ilo\u015bci pary czy czasu pracy baterii \u2013 Bang15000 zapewnia wyj\u0105tkowe doznania.<\/p>\n<h4 data-start=\"644\" data-end=\"661\">G\u0142\u00f3wne cechy<\/h4>\n<ul data-start=\"663\" data-end=\"1592\">\n<li data-start=\"663\" data-end=\"863\">D\u0142ugi czas u\u017cytkowania: Ka\u017cdy Bang15000 Puffs e-papieros oferuje do 15000 zaci\u0105gni\u0119\u0107, co znacznie przewy\u017csza tradycyjne jednorazowe e-papierosy i umo\u017cliwia d\u0142ugotrwa\u0142e do\u015bwiadczenie vapowania.<\/li>\n<li data-start=\"864\" data-end=\"1045\">Wielokrotnego \u0142adowania: Wyposa\u017cony w bateri\u0119 650mAh i port Type-C do szybkiego \u0142adowania \u2013 nie musisz si\u0119 ju\u017c martwi\u0107 o roz\u0142adowan\u0105 bateri\u0119.<\/li>\n<li data-start=\"1046\" data-end=\"1208\">Technologia Dul Mesh Coil: Dzi\u0119ki 1,1\u03a9 Dul Mesh Coil zapewnia stabilne podgrzewanie, co przek\u0142ada si\u0119 na bogat\u0105 chmur\u0119 i intensywny smak.<\/li>\n<li data-start=\"1209\" data-end=\"1410\">Smak truskawkowo-kiwi: Idealne po\u0142\u0105czenie s\u0142odkiej truskawki i orze\u017awiaj\u0105cej kiwi zapewnia niezapomniane doznania smakowe \u2013 idealne dla tych, kt\u00f3rzy lubi\u0105 \u015bwie\u017cy i s\u0142odki akcent.<\/li>\n<li data-start=\"1411\" data-end=\"1592\">R\u00f3\u017cne st\u0119\u017cenia nikotyny: Bang15000 oferuje st\u0119\u017cenia nikotyny 0%, 2%, 3% i 5%. Nale\u017cy pami\u0119ta\u0107, \u017ce zam\u00f3wienia na 0% i 3% wymagaj\u0105 wi\u0119kszych ilo\u015bci nikotyny.<\/li>\n<\/ul>\n<h4 data-start=\"1599\" data-end=\"1629\">Wyb\u00f3r st\u0119\u017ce\u0144 nikotyny<\/h4>\n<p data-start=\"1631\" data-end=\"1743\">Aby sprosta\u0107 r\u00f3\u017cnym potrzebom u\u017cytkownik\u00f3w, Bang15000 oferuje kilka st\u0119\u017ce\u0144 nikotyny:<\/p>\n<ul data-start=\"1745\" data-end=\"2143\">\n<li data-start=\"1745\" data-end=\"1831\">0% Nikotyna: Brak nikotyny \u2013 idealne dla u\u017cytkownik\u00f3w, kt\u00f3rzy chc\u0105 unika\u0107 nikotyny.<\/li>\n<li data-start=\"1832\" data-end=\"1912\">2% Nikotyna: Dla lekkich palaczy, kt\u00f3rzy chc\u0105 umiarkowanego spo\u017cycia nikotyny.<\/li>\n<li data-start=\"1913\" data-end=\"2045\">3% Nikotyna: Dla silniejszych u\u017cytkownik\u00f3w, kt\u00f3rzy szukaj\u0105 intensywniejszego do\u015bwiadczenia (wymagane zam\u00f3wienie hurtowe).<\/li>\n<li data-start=\"2046\" data-end=\"2143\">5% Nikotyna: Wysokie st\u0119\u017cenie nikotyny dla mocnych palaczy, poszukuj\u0105cych intensywnych dozna\u0144.<\/li>\n<\/ul>\n<h4 data-start=\"2150\" data-end=\"2191\">Brak op\u0142at celnych, \u0142atwe zakupy<\/h4>\n<p data-start=\"2193\" data-end=\"2449\">Oferujemy us\u0142ug\u0119 bez op\u0142at celnych, dzi\u0119ki czemu podczas zakupu w ramach Deutschland nie musisz si\u0119 martwi\u0107 o dodatkowe koszty. Zar\u00f3wno do u\u017cytku osobistego, jak i na wi\u0119ksze zam\u00f3wienia \u2013 Bang15000 Puffs spe\u0142ni wszystkie Twoje oczekiwania.<\/p>\n<h3>Dlaczego warto wybra\u0107 Bang15000 Puffs?<\/h3>\n<ol data-start=\"2517\" data-end=\"2996\">\n<li data-start=\"2517\" data-end=\"2634\">D\u0142ugi czas u\u017cytkowania: <a href=\"https:\/\/vapingnet.de\/pl\/k\/vape-15000-zuege\/\" target=\"_blank\" rel=\"noopener\"><strong>15000 zaci\u0105gni\u0119\u0107<\/strong><\/a> zapewniaj\u0105 d\u0142ugotrwa\u0142e do\u015bwiadczenie vapowania \u2013 ciesz si\u0119 ka\u017cd\u0105 sekund\u0105.<\/li>\n<li data-start=\"2635\" data-end=\"2793\">Doskona\u0142y smak: Po\u0142\u0105czenie truskawki i kiwi oferuje orze\u017awiaj\u0105cy i s\u0142odki smak, kt\u00f3ry zamienia ka\u017cd\u0105 inhalacj\u0119 w przyjemno\u015b\u0107.<\/li>\n<li data-start=\"2794\" data-end=\"2878\">Szybkie \u0142adowanie: Z\u0142\u0105cze Type-C do szybkiego \u0142adowania i d\u0142u\u017cszego u\u017cytkowania.<\/li>\n<li data-start=\"2879\" data-end=\"2996\">Wszechstronny wyb\u00f3r: R\u00f3\u017cne poziomy nikotyny dla ka\u017cdego zapotrzebowania \u2013 idealnie dopasowane do Twoich nawyk\u00f3w.<\/li>\n<\/ol>\n<h4 data-start=\"3003\" data-end=\"3028\">Jak mo\u017cesz kupi\u0107?<\/h4>\n<p data-start=\"3030\" data-end=\"3342\">Odwied\u017a ju\u017c dzi\u015b nasz\u0105 stron\u0119 internetow\u0105 vapingnet.de i wybierz sw\u00f3j ulubiony smak truskawki z kiwi. Rozpocznij swoj\u0105 podr\u00f3\u017c z Bang15000 Puffs i do\u015bwiadcz niezapomnianego do\u015bwiadczenia vapingu! Niezale\u017cnie od tego, czy dla w\u0142asnego u\u017cytku, czy na prezent, Bang15000 Puffs to idealny wyb\u00f3r.<\/p>\n<p data-start=\"3349\" data-end=\"3507\" data-is-last-node=\"\" data-is-only-node=\"\">Niech Bang15000 Puffs przeniesie Ci\u0119 w \u015bwiat e-palenia i ciesz si\u0119 orze\u017awiaj\u0105cym smakiem truskawki i kiwi przy ka\u017cdym zaci\u0105gni\u0119ciu!<\/p>","protected":false},"excerpt":{"rendered":"<p>Bang15000 Puffs Wymienialny jednorazowy e-papieros: smak Strawberry Kiwi dla d\u0142ugotrwa\u0142ego do\u015bwiadczenia vaping Bang15000 Puffs Wymienialny jednorazowy e-papieros to produkt specjalnie zaprojektowany dla u\u017cytkownik\u00f3w,...<\/p>","protected":false},"featured_media":5210,"template":"","meta":[],"etheme_brands":[],"product_brand":[101],"product_cat":[53,49,61],"product_tag":[],"class_list":{"0":"post-5209","1":"product","2":"type-product","3":"status-publish","4":"has-post-thumbnail","6":"product_brand-bang-king-vape","7":"product_cat-vape-15000-zuege","8":"product_cat-einweg-e-zigarette","9":"product_cat-f","11":"first","12":"instock","13":"shipping-taxable","14":"purchasable","15":"product-type-simple"},"yoast_head":"<!-- This site is optimized with the Yoast SEO plugin v26.5 - https:\/\/yoast.com\/wordpress\/plugins\/seo\/ -->\n<title>Bang15000 Puffs Strawberry Kiwi Genuss der ewig h\u00e4lt | Vapingnet.de<\/title>\n<meta name=\"description\" content=\"Entdecke Bang15000 Puffs Strawberry Kiwi Genuss der ewig h\u00e4lt bei vapingnet.de, \u25ba Gro\u00dfe Auswahl an Geschmacksrichtungen &amp; super g\u00fcnstig!\" \/>\n<meta name=\"robots\" content=\"index, follow, max-snippet:-1, max-image-preview:large, max-video-preview:-1\" \/>\n<link rel=\"canonical\" href=\"https:\/\/vapingnet.de\/pl\/vape\/bang15000-puffs-strawberry-kiwi-genuss-der-ewig-haelt\/\" \/>\n<meta property=\"og:locale\" content=\"pl_PL\" \/>\n<meta property=\"og:type\" content=\"article\" \/>\n<meta property=\"og:title\" content=\"Bang15000 Puffs Strawberry Kiwi Genuss der ewig h\u00e4lt | Vapingnet.de\" \/>\n<meta property=\"og:description\" content=\"Entdecke Bang15000 Puffs Strawberry Kiwi Genuss der ewig h\u00e4lt bei vapingnet.de, \u25ba Gro\u00dfe Auswahl an Geschmacksrichtungen &amp; super g\u00fcnstig!\" \/>\n<meta property=\"og:url\" content=\"https:\/\/vapingnet.de\/pl\/vape\/bang15000-puffs-strawberry-kiwi-genuss-der-ewig-haelt\/\" \/>\n<meta property=\"og:site_name\" content=\"Vapingnet.de\" \/>\n<meta property=\"article:publisher\" content=\"https:\/\/www.facebook.com\/vapingnetde\/\" \/>\n<meta property=\"article:modified_time\" content=\"2025-06-19T03:41:29+00:00\" \/>\n<meta property=\"og:image\" content=\"https:\/\/vapingnet.de\/wp-content\/uploads\/2025\/03\/Strawberry-Kiwi-1.png\" \/>\n\t<meta property=\"og:image:width\" content=\"900\" \/>\n\t<meta property=\"og:image:height\" content=\"600\" \/>\n\t<meta property=\"og:image:type\" content=\"image\/png\" \/>\n<meta name=\"twitter:card\" content=\"summary_large_image\" \/>\n<meta name=\"twitter:label1\" content=\"Est. reading time\" \/>\n\t<meta name=\"twitter:data1\" content=\"3 minutes\" \/>\n<script type=\"application\/ld+json\" class=\"yoast-schema-graph\">{\"@context\":\"https:\/\/schema.org\",\"@graph\":[{\"@type\":\"WebPage\",\"@id\":\"https:\/\/vapingnet.de\/vape\/bang15000-puffs-strawberry-kiwi-genuss-der-ewig-haelt\/\",\"url\":\"https:\/\/vapingnet.de\/vape\/bang15000-puffs-strawberry-kiwi-genuss-der-ewig-haelt\/\",\"name\":\"Bang15000 Puffs Strawberry Kiwi Genuss der ewig h\u00e4lt | Vapingnet.de\",\"isPartOf\":{\"@id\":\"https:\/\/vapingnet.de\/#website\"},\"primaryImageOfPage\":{\"@id\":\"https:\/\/vapingnet.de\/vape\/bang15000-puffs-strawberry-kiwi-genuss-der-ewig-haelt\/#primaryimage\"},\"image\":{\"@id\":\"https:\/\/vapingnet.de\/vape\/bang15000-puffs-strawberry-kiwi-genuss-der-ewig-haelt\/#primaryimage\"},\"thumbnailUrl\":\"https:\/\/vapingnet.de\/wp-content\/uploads\/2025\/03\/Strawberry-Kiwi-1.png\",\"datePublished\":\"2025-03-13T05:35:21+00:00\",\"dateModified\":\"2025-06-19T03:41:29+00:00\",\"description\":\"Entdecke Bang15000 Puffs Strawberry Kiwi Genuss der ewig h\u00e4lt bei vapingnet.de, \u25ba Gro\u00dfe Auswahl an Geschmacksrichtungen & super g\u00fcnstig!\",\"breadcrumb\":{\"@id\":\"https:\/\/vapingnet.de\/vape\/bang15000-puffs-strawberry-kiwi-genuss-der-ewig-haelt\/#breadcrumb\"},\"inLanguage\":\"pl-PL\",\"potentialAction\":[{\"@type\":\"ReadAction\",\"target\":[\"https:\/\/vapingnet.de\/vape\/bang15000-puffs-strawberry-kiwi-genuss-der-ewig-haelt\/\"]}]},{\"@type\":\"ImageObject\",\"inLanguage\":\"pl-PL\",\"@id\":\"https:\/\/vapingnet.de\/vape\/bang15000-puffs-strawberry-kiwi-genuss-der-ewig-haelt\/#primaryimage\",\"url\":\"https:\/\/vapingnet.de\/wp-content\/uploads\/2025\/03\/Strawberry-Kiwi-1.png\",\"contentUrl\":\"https:\/\/vapingnet.de\/wp-content\/uploads\/2025\/03\/Strawberry-Kiwi-1.png\",\"width\":900,\"height\":600,\"caption\":\"Strawberry Kiwi\"},{\"@type\":\"BreadcrumbList\",\"@id\":\"https:\/\/vapingnet.de\/vape\/bang15000-puffs-strawberry-kiwi-genuss-der-ewig-haelt\/#breadcrumb\",\"itemListElement\":[{\"@type\":\"ListItem\",\"position\":1,\"name\":\"Home\",\"item\":\"https:\/\/vapingnet.de\/\"},{\"@type\":\"ListItem\",\"position\":2,\"name\":\"Shop\",\"item\":\"https:\/\/vapingnet.de\/vape\/\"},{\"@type\":\"ListItem\",\"position\":3,\"name\":\"Bang15000 Puffs Strawberry Kiwi Genuss der ewig h\u00e4lt\"}]},{\"@type\":\"WebSite\",\"@id\":\"https:\/\/vapingnet.de\/#website\",\"url\":\"https:\/\/vapingnet.de\/\",\"name\":\"Vapingnet.de\",\"description\":\"\",\"publisher\":{\"@id\":\"https:\/\/vapingnet.de\/#organization\"},\"potentialAction\":[{\"@type\":\"SearchAction\",\"target\":{\"@type\":\"EntryPoint\",\"urlTemplate\":\"https:\/\/vapingnet.de\/?s={search_term_string}\"},\"query-input\":{\"@type\":\"PropertyValueSpecification\",\"valueRequired\":true,\"valueName\":\"search_term_string\"}}],\"inLanguage\":\"pl-PL\"},{\"@type\":\"Organization\",\"@id\":\"https:\/\/vapingnet.de\/#organization\",\"name\":\"Vapingnet.de\",\"url\":\"https:\/\/vapingnet.de\/\",\"logo\":{\"@type\":\"ImageObject\",\"inLanguage\":\"pl-PL\",\"@id\":\"https:\/\/vapingnet.de\/#\/schema\/logo\/image\/\",\"url\":\"https:\/\/vapingnet.de\/wp-content\/uploads\/2025\/03\/cropped-vapingnet.de_.jpg\",\"contentUrl\":\"https:\/\/vapingnet.de\/wp-content\/uploads\/2025\/03\/cropped-vapingnet.de_.jpg\",\"width\":512,\"height\":512,\"caption\":\"Vapingnet.de\"},\"image\":{\"@id\":\"https:\/\/vapingnet.de\/#\/schema\/logo\/image\/\"},\"sameAs\":[\"https:\/\/www.facebook.com\/vapingnetde\/\"]}]}<\/script>\n<!-- \/ Yoast SEO plugin. -->","yoast_head_json":{"title":"Bang15000 Puffs Strawberry Kiwi Genuss der ewig h\u00e4lt | Vapingnet.de","description":"Entdecke Bang15000 Puffs Strawberry Kiwi Genuss der ewig h\u00e4lt bei vapingnet.de, \u25ba Gro\u00dfe Auswahl an Geschmacksrichtungen & super g\u00fcnstig!","robots":{"index":"index","follow":"follow","max-snippet":"max-snippet:-1","max-image-preview":"max-image-preview:large","max-video-preview":"max-video-preview:-1"},"canonical":"https:\/\/vapingnet.de\/pl\/vape\/bang15000-puffs-strawberry-kiwi-genuss-der-ewig-haelt\/","og_locale":"pl_PL","og_type":"article","og_title":"Bang15000 Puffs Strawberry Kiwi Genuss der ewig h\u00e4lt | Vapingnet.de","og_description":"Entdecke Bang15000 Puffs Strawberry Kiwi Genuss der ewig h\u00e4lt bei vapingnet.de, \u25ba Gro\u00dfe Auswahl an Geschmacksrichtungen & super g\u00fcnstig!","og_url":"https:\/\/vapingnet.de\/pl\/vape\/bang15000-puffs-strawberry-kiwi-genuss-der-ewig-haelt\/","og_site_name":"Vapingnet.de","article_publisher":"https:\/\/www.facebook.com\/vapingnetde\/","article_modified_time":"2025-06-19T03:41:29+00:00","og_image":[{"width":900,"height":600,"url":"https:\/\/vapingnet.de\/wp-content\/uploads\/2025\/03\/Strawberry-Kiwi-1.png","type":"image\/png"}],"twitter_card":"summary_large_image","twitter_misc":{"Est. reading time":"3 minutes"},"schema":{"@context":"https:\/\/schema.org","@graph":[{"@type":"WebPage","@id":"https:\/\/vapingnet.de\/vape\/bang15000-puffs-strawberry-kiwi-genuss-der-ewig-haelt\/","url":"https:\/\/vapingnet.de\/vape\/bang15000-puffs-strawberry-kiwi-genuss-der-ewig-haelt\/","name":"Bang15000 Puffs Strawberry Kiwi Genuss der ewig h\u00e4lt | Vapingnet.de","isPartOf":{"@id":"https:\/\/vapingnet.de\/#website"},"primaryImageOfPage":{"@id":"https:\/\/vapingnet.de\/vape\/bang15000-puffs-strawberry-kiwi-genuss-der-ewig-haelt\/#primaryimage"},"image":{"@id":"https:\/\/vapingnet.de\/vape\/bang15000-puffs-strawberry-kiwi-genuss-der-ewig-haelt\/#primaryimage"},"thumbnailUrl":"https:\/\/vapingnet.de\/wp-content\/uploads\/2025\/03\/Strawberry-Kiwi-1.png","datePublished":"2025-03-13T05:35:21+00:00","dateModified":"2025-06-19T03:41:29+00:00","description":"Entdecke Bang15000 Puffs Strawberry Kiwi Genuss der ewig h\u00e4lt bei vapingnet.de, \u25ba Gro\u00dfe Auswahl an Geschmacksrichtungen & super g\u00fcnstig!","breadcrumb":{"@id":"https:\/\/vapingnet.de\/vape\/bang15000-puffs-strawberry-kiwi-genuss-der-ewig-haelt\/#breadcrumb"},"inLanguage":"pl-PL","potentialAction":[{"@type":"ReadAction","target":["https:\/\/vapingnet.de\/vape\/bang15000-puffs-strawberry-kiwi-genuss-der-ewig-haelt\/"]}]},{"@type":"ImageObject","inLanguage":"pl-PL","@id":"https:\/\/vapingnet.de\/vape\/bang15000-puffs-strawberry-kiwi-genuss-der-ewig-haelt\/#primaryimage","url":"https:\/\/vapingnet.de\/wp-content\/uploads\/2025\/03\/Strawberry-Kiwi-1.png","contentUrl":"https:\/\/vapingnet.de\/wp-content\/uploads\/2025\/03\/Strawberry-Kiwi-1.png","width":900,"height":600,"caption":"Strawberry Kiwi"},{"@type":"BreadcrumbList","@id":"https:\/\/vapingnet.de\/vape\/bang15000-puffs-strawberry-kiwi-genuss-der-ewig-haelt\/#breadcrumb","itemListElement":[{"@type":"ListItem","position":1,"name":"Home","item":"https:\/\/vapingnet.de\/"},{"@type":"ListItem","position":2,"name":"Shop","item":"https:\/\/vapingnet.de\/vape\/"},{"@type":"ListItem","position":3,"name":"Bang15000 Puffs Strawberry Kiwi Genuss der ewig h\u00e4lt"}]},{"@type":"WebSite","@id":"https:\/\/vapingnet.de\/#website","url":"https:\/\/vapingnet.de\/","name":"Vapingnet.de","description":"","publisher":{"@id":"https:\/\/vapingnet.de\/#organization"},"potentialAction":[{"@type":"SearchAction","target":{"@type":"EntryPoint","urlTemplate":"https:\/\/vapingnet.de\/?s={search_term_string}"},"query-input":{"@type":"PropertyValueSpecification","valueRequired":true,"valueName":"search_term_string"}}],"inLanguage":"pl-PL"},{"@type":"Organization","@id":"https:\/\/vapingnet.de\/#organization","name":"Vapingnet.de","url":"https:\/\/vapingnet.de\/","logo":{"@type":"ImageObject","inLanguage":"pl-PL","@id":"https:\/\/vapingnet.de\/#\/schema\/logo\/image\/","url":"https:\/\/vapingnet.de\/wp-content\/uploads\/2025\/03\/cropped-vapingnet.de_.jpg","contentUrl":"https:\/\/vapingnet.de\/wp-content\/uploads\/2025\/03\/cropped-vapingnet.de_.jpg","width":512,"height":512,"caption":"Vapingnet.de"},"image":{"@id":"https:\/\/vapingnet.de\/#\/schema\/logo\/image\/"},"sameAs":["https:\/\/www.facebook.com\/vapingnetde\/"]}]}},"tiered_pricing_type":"fixed","tiered_pricing_fixed_rules":{"10":"7.31","60":"6.58","110":"5.85","200":"5.12"},"tiered_pricing_product_settings":{"layout":"default","base_unit_name":{"singular":null,"plural":null},"default_variation":null},"tiered_pricing_minimum_quantity":null,"tiered_pricing_roles_data":[],"tiered_pricing_percentage_rules":[],"_links":{"self":[{"href":"https:\/\/vapingnet.de\/pl\/wp-json\/wp\/v2\/product\/5209","targetHints":{"allow":["GET"]}}],"collection":[{"href":"https:\/\/vapingnet.de\/pl\/wp-json\/wp\/v2\/product"}],"about":[{"href":"https:\/\/vapingnet.de\/pl\/wp-json\/wp\/v2\/types\/product"}],"version-history":[{"count":1,"href":"https:\/\/vapingnet.de\/pl\/wp-json\/wp\/v2\/product\/5209\/revisions"}],"predecessor-version":[{"id":5211,"href":"https:\/\/vapingnet.de\/pl\/wp-json\/wp\/v2\/product\/5209\/revisions\/5211"}],"wp:featuredmedia":[{"embeddable":true,"href":"https:\/\/vapingnet.de\/pl\/wp-json\/wp\/v2\/media\/5210"}],"wp:attachment":[{"href":"https:\/\/vapingnet.de\/pl\/wp-json\/wp\/v2\/media?parent=5209"}],"wp:term":[{"taxonomy":"brand","embeddable":true,"href":"https:\/\/vapingnet.de\/pl\/wp-json\/wp\/v2\/etheme_brands?post=5209"},{"taxonomy":"product_brand","embeddable":true,"href":"https:\/\/vapingnet.de\/pl\/wp-json\/wp\/v2\/product_brand?post=5209"},{"taxonomy":"product_cat","embeddable":true,"href":"https:\/\/vapingnet.de\/pl\/wp-json\/wp\/v2\/product_cat?post=5209"},{"taxonomy":"product_tag","embeddable":true,"href":"https:\/\/vapingnet.de\/pl\/wp-json\/wp\/v2\/product_tag?post=5209"}],"curies":[{"name":"wp","href":"https:\/\/api.w.org\/{rel}","templated":true}]}}