{"id":5215,"date":"2025-03-13T05:46:38","date_gmt":"2025-03-13T05:46:38","guid":{"rendered":"https:\/\/vapingnet.de\/?post_type=product&#038;p=5215"},"modified":"2025-06-19T03:41:28","modified_gmt":"2025-06-19T03:41:28","slug":"bang15000-puffs-strawberry-watermelon-dein-fruchtgenuss-fuer-tage","status":"publish","type":"product","link":"https:\/\/vapingnet.de\/pl\/vape\/bang15000-puffs-strawberry-watermelon-dein-fruchtgenuss-fuer-tage\/","title":{"rendered":"Bang15000 Puffs Strawberry Watermelon Tw\u00f3j owocowy relaks na dni"},"content":{"rendered":"<h2 data-start=\"0\" data-end=\"89\">Bang15000 Puffs Wielokrotnego \u0142adowania jednorazowa e-papieros o smaku truskawkowo-melonowym<\/h2>\n<p data-start=\"91\" data-end=\"513\">Je\u015bli szukasz e-papierosa, kt\u00f3ry zapewni intensywny smak, d\u0142ugi czas u\u017cytkowania i wygodn\u0105 funkcj\u0119 \u0142adowania, Bang15000 Puffs Wielokrotnego \u0142adowania<a href=\"https:\/\/vapingnet.de\/pl\/k\/einweg-e-zigarette\/\" target=\"_blank\" rel=\"noopener\"><strong> Jednorazowa e-papieros<\/strong><\/a> jest idealnym wyborem dla Ciebie! Oferuje nie tylko od\u015bwie\u017caj\u0105cy smak truskawki z melonem, ale tak\u017ce niesamowicie d\u0142ugi czas u\u017cytkowania, spe\u0142niaj\u0105c wszystkie Twoje wymagania dotycz\u0105ce wysokiej jako\u015bci e-papierosa.<\/p>\n<h4 data-start=\"520\" data-end=\"547\">Najwa\u017cniejsze cechy produktu:<\/h4>\n<ul data-start=\"549\" data-end=\"1551\">\n<li data-start=\"549\" data-end=\"824\">\n<p data-start=\"551\" data-end=\"824\">15000 poci\u0105gni\u0119\u0107 dla d\u0142ugotrwa\u0142ej przyjemno\u015bci<br data-start=\"592\" data-end=\"595\" \/>Ka\u017cdy Bang15000 Puffs e-papieros oferuje do 15000 poci\u0105gni\u0119\u0107, co czyni konieczno\u015b\u0107 cz\u0119stej wymiany urz\u0105dze\u0144 zb\u0119dn\u0105. Nie musisz si\u0119 martwi\u0107, \u017ce bateria szybko si\u0119 roz\u0142aduje \u2013 ciesz si\u0119 d\u0142ugotrwa\u0142ym do\u015bwiadczeniem parowania.<\/p>\n<\/li>\n<li data-start=\"826\" data-end=\"1084\">\n<p data-start=\"828\" data-end=\"1084\">Od\u015bwie\u017caj\u0105cy smak truskawki z melonem<br data-start=\"877\" data-end=\"880\" \/>S\u0142odki smak truskawek po\u0142\u0105czony z orze\u017awieniem melona zapewnia wyj\u0105tkowe doznania smakowe. Ka\u017cde poci\u0105gni\u0119cie przypomina orze\u017awiaj\u0105ce lato, kt\u00f3re o\u017cywia Twoje zmys\u0142y.<\/p>\n<\/li>\n<li data-start=\"1086\" data-end=\"1350\">\n<p data-start=\"1088\" data-end=\"1350\">Szybkie \u0142adowanie przez port Type-C<br data-start=\"1119\" data-end=\"1122\" \/>Z portem \u0142adowania Type-C dla szybszego \u0142adowania i kr\u00f3tszego czasu \u0142adowania. Pojemno\u015b\u0107 baterii 650mAh zapewnia d\u0142ugi czas u\u017cytkowania i \u0142aduje si\u0119 w kilka minut, aby\u015b zawsze by\u0142 gotowy na kolejne poci\u0105gni\u0119cie.<\/p>\n<\/li>\n<li data-start=\"1352\" data-end=\"1551\">\n<p data-start=\"1354\" data-end=\"1551\">Brak op\u0142at celnych<br data-start=\"1376\" data-end=\"1379\" \/>Przy zakupie nie obowi\u0105zuj\u0105 dodatkowe op\u0142aty celne, wi\u0119c nie musisz si\u0119 martwi\u0107 o ukryte koszty. Tw\u00f3j zakup zostanie dostarczony bezproblemowo i szybko.<\/p>\n<\/li>\n<\/ul>\n<h4 data-start=\"1558\" data-end=\"1582\">Szczeg\u00f3\u0142y produktu:<\/h4>\n<ul data-start=\"1584\" data-end=\"1928\">\n<li data-start=\"1584\" data-end=\"1651\">Model: Bang15000 Puffs Wielokrotnego \u0142adowania jednorazowy e-papieros<\/li>\n<li data-start=\"1652\" data-end=\"1692\">Smak: Truskawka z arbuzem<\/li>\n<li data-start=\"1693\" data-end=\"1772\">Zawarto\u015b\u0107 nikotyny: 0%, 2%, 3%, 5% (0% i 3% wymagaj\u0105 du\u017cego zam\u00f3wienia)<\/li>\n<li data-start=\"1773\" data-end=\"1796\">Pojemno\u015b\u0107: 23ml<\/li>\n<li data-start=\"1797\" data-end=\"1848\">Pojemno\u015b\u0107 baterii: 650mAh (wielokrotnego \u0142adowania)<\/li>\n<li data-start=\"1849\" data-end=\"1873\">Zaci\u0105gni\u0119cia: 15000 zaci\u0105gni\u0119\u0107<\/li>\n<li data-start=\"1874\" data-end=\"1899\">Po\u0142\u0105czenie: Type-C<\/li>\n<li data-start=\"1900\" data-end=\"1928\">Brak op\u0142at celnych: Tak<\/li>\n<\/ul>\n<h3>Dlaczego wybra\u0107 Bang15000 Puffs?<\/h3>\n<ul data-start=\"1974\" data-end=\"2559\">\n<li data-start=\"1974\" data-end=\"2085\">D\u0142ugi czas u\u017cytkowania: Z 15000 poci\u0105gni\u0119ciami nie musisz si\u0119 ju\u017c martwi\u0107 o cz\u0119st\u0105 wymian\u0119.<\/li>\n<li data-start=\"2086\" data-end=\"2212\">Unikalny smak: Od\u015bwie\u017caj\u0105cy smak truskawki z melonem zapewnia niezapomniane doznania owocowe.<\/li>\n<li data-start=\"2213\" data-end=\"2353\">Szybkie \u0142adowanie: Bateria 650mAh z portem Type-C zapewnia efektywne \u0142adowanie, dzi\u0119ki czemu zawsze mo\u017cesz szybko wr\u00f3ci\u0107 do parowania.<\/li>\n<li data-start=\"2354\" data-end=\"2466\">Elastyczna zawarto\u015b\u0107 nikotyny: wybierz spo\u015br\u00f3d 0%, 2%, 3% i 5% nikotyny \u2013 idealne dla r\u00f3\u017cnych potrzeb.<\/li>\n<li data-start=\"2467\" data-end=\"2559\">Brak op\u0142at celnych: ciesz si\u0119 bezproblemowymi zakupami bez dodatkowych koszt\u00f3w.<\/li>\n<\/ul>\n<h4 data-start=\"2566\" data-end=\"2632\">Smak truskawkowo-arbuzowy \u2013 orze\u017awiaj\u0105cy i owocowy<\/h4>\n<p data-start=\"2634\" data-end=\"2883\">Smak truskawkowo-arbuzowy to doskona\u0142e po\u0142\u0105czenie s\u0142odyczy truskawek i \u015bwie\u017co\u015bci arbuza \u2013 idealny na lato. Ka\u017cde poci\u0105gni\u0119cie zapewnia orze\u017awiaj\u0105ce, owocowe doznania, kt\u00f3re b\u0119d\u0105 Ci towarzyszy\u0107 przez ca\u0142y dzie\u0144.<\/p>\n<h4 data-start=\"2890\" data-end=\"2911\">Jak kupowa\u0107<\/h4>\n<p data-start=\"2913\" data-end=\"3165\">Odwied\u017a nasz\u0105 stron\u0119 internetow\u0105 vapingnet.de, aby kupi\u0107 e-papieros Strawberry Watermelon Bang15000 Puffs. Niezale\u017cnie od tego, czy na w\u0142asny u\u017cytek, czy na du\u017ce zam\u00f3wienie, oferujemy Ci prosty i wygodny proces zakup\u00f3w.<\/p>\n<p data-start=\"3172\" data-end=\"3328\" data-is-last-node=\"\" data-is-only-node=\"\">Bang15000 Puffs \u2013 idealny wyb\u00f3r na d\u0142ugotrwa\u0142e korzystanie i orze\u017awiaj\u0105cy smak. Zdobywaj swojego e-papierosa Strawberry Watermelon i ciesz si\u0119 ka\u017cdym poci\u0105gni\u0119ciem!<\/p>","protected":false},"excerpt":{"rendered":"<p>Bang15000 Puffs Wymienialny jednorazowy e-papieros smak Strawberry Watermelon Je\u015bli szukasz e-papierosa, kt\u00f3ry zapewni Ci intensywny smak, d\u0142ug\u0105 \u017cywotno\u015b\u0107 i wygod\u0119 u\u017cytkowania,...<\/p>","protected":false},"featured_media":5220,"template":"","meta":[],"etheme_brands":[],"product_brand":[101],"product_cat":[53,49,61],"product_tag":[],"class_list":{"0":"post-5215","1":"product","2":"type-product","3":"status-publish","4":"has-post-thumbnail","6":"product_brand-bang-king-vape","7":"product_cat-vape-15000-zuege","8":"product_cat-einweg-e-zigarette","9":"product_cat-f","11":"first","12":"instock","13":"shipping-taxable","14":"purchasable","15":"product-type-simple"},"yoast_head":"<!-- This site is optimized with the Yoast SEO plugin v26.5 - https:\/\/yoast.com\/wordpress\/plugins\/seo\/ -->\n<title>Bang15000 Puffs Strawberry Watermelon Dein Fruchtgenuss f\u00fcr Tage | Vapingnet.de<\/title>\n<meta name=\"description\" content=\"Entdecke Bang15000 Puffs Strawberry Watermelon Dein Fruchtgenuss f\u00fcr Tage bei vapingnet.de, \u25ba Gro\u00dfe Auswahl an Geschmacksrichtungen &amp; super g\u00fcnstig!\" \/>\n<meta name=\"robots\" content=\"index, follow, max-snippet:-1, max-image-preview:large, max-video-preview:-1\" \/>\n<link rel=\"canonical\" href=\"https:\/\/vapingnet.de\/pl\/vape\/bang15000-puffs-strawberry-watermelon-dein-fruchtgenuss-fuer-tage\/\" \/>\n<meta property=\"og:locale\" content=\"pl_PL\" \/>\n<meta property=\"og:type\" content=\"article\" \/>\n<meta property=\"og:title\" content=\"Bang15000 Puffs Strawberry Watermelon Dein Fruchtgenuss f\u00fcr Tage | Vapingnet.de\" \/>\n<meta property=\"og:description\" content=\"Entdecke Bang15000 Puffs Strawberry Watermelon Dein Fruchtgenuss f\u00fcr Tage bei vapingnet.de, \u25ba Gro\u00dfe Auswahl an Geschmacksrichtungen &amp; super g\u00fcnstig!\" \/>\n<meta property=\"og:url\" content=\"https:\/\/vapingnet.de\/pl\/vape\/bang15000-puffs-strawberry-watermelon-dein-fruchtgenuss-fuer-tage\/\" \/>\n<meta property=\"og:site_name\" content=\"Vapingnet.de\" \/>\n<meta property=\"article:publisher\" content=\"https:\/\/www.facebook.com\/vapingnetde\/\" \/>\n<meta property=\"article:modified_time\" content=\"2025-06-19T03:41:28+00:00\" \/>\n<meta property=\"og:image\" content=\"https:\/\/vapingnet.de\/wp-content\/uploads\/2025\/03\/Strawberry-Watermelon.png\" \/>\n\t<meta property=\"og:image:width\" content=\"900\" \/>\n\t<meta property=\"og:image:height\" content=\"600\" \/>\n\t<meta property=\"og:image:type\" content=\"image\/png\" \/>\n<meta name=\"twitter:card\" content=\"summary_large_image\" \/>\n<meta name=\"twitter:label1\" content=\"Est. reading time\" \/>\n\t<meta name=\"twitter:data1\" content=\"3 minutes\" \/>\n<script type=\"application\/ld+json\" class=\"yoast-schema-graph\">{\"@context\":\"https:\/\/schema.org\",\"@graph\":[{\"@type\":\"WebPage\",\"@id\":\"https:\/\/vapingnet.de\/vape\/bang15000-puffs-strawberry-watermelon-dein-fruchtgenuss-fuer-tage\/\",\"url\":\"https:\/\/vapingnet.de\/vape\/bang15000-puffs-strawberry-watermelon-dein-fruchtgenuss-fuer-tage\/\",\"name\":\"Bang15000 Puffs Strawberry Watermelon Dein Fruchtgenuss f\u00fcr Tage | Vapingnet.de\",\"isPartOf\":{\"@id\":\"https:\/\/vapingnet.de\/#website\"},\"primaryImageOfPage\":{\"@id\":\"https:\/\/vapingnet.de\/vape\/bang15000-puffs-strawberry-watermelon-dein-fruchtgenuss-fuer-tage\/#primaryimage\"},\"image\":{\"@id\":\"https:\/\/vapingnet.de\/vape\/bang15000-puffs-strawberry-watermelon-dein-fruchtgenuss-fuer-tage\/#primaryimage\"},\"thumbnailUrl\":\"https:\/\/vapingnet.de\/wp-content\/uploads\/2025\/03\/Strawberry-Watermelon.png\",\"datePublished\":\"2025-03-13T05:46:38+00:00\",\"dateModified\":\"2025-06-19T03:41:28+00:00\",\"description\":\"Entdecke Bang15000 Puffs Strawberry Watermelon Dein Fruchtgenuss f\u00fcr Tage bei vapingnet.de, \u25ba Gro\u00dfe Auswahl an Geschmacksrichtungen & super g\u00fcnstig!\",\"breadcrumb\":{\"@id\":\"https:\/\/vapingnet.de\/vape\/bang15000-puffs-strawberry-watermelon-dein-fruchtgenuss-fuer-tage\/#breadcrumb\"},\"inLanguage\":\"pl-PL\",\"potentialAction\":[{\"@type\":\"ReadAction\",\"target\":[\"https:\/\/vapingnet.de\/vape\/bang15000-puffs-strawberry-watermelon-dein-fruchtgenuss-fuer-tage\/\"]}]},{\"@type\":\"ImageObject\",\"inLanguage\":\"pl-PL\",\"@id\":\"https:\/\/vapingnet.de\/vape\/bang15000-puffs-strawberry-watermelon-dein-fruchtgenuss-fuer-tage\/#primaryimage\",\"url\":\"https:\/\/vapingnet.de\/wp-content\/uploads\/2025\/03\/Strawberry-Watermelon.png\",\"contentUrl\":\"https:\/\/vapingnet.de\/wp-content\/uploads\/2025\/03\/Strawberry-Watermelon.png\",\"width\":900,\"height\":600,\"caption\":\"Strawberry Watermelon\"},{\"@type\":\"BreadcrumbList\",\"@id\":\"https:\/\/vapingnet.de\/vape\/bang15000-puffs-strawberry-watermelon-dein-fruchtgenuss-fuer-tage\/#breadcrumb\",\"itemListElement\":[{\"@type\":\"ListItem\",\"position\":1,\"name\":\"Home\",\"item\":\"https:\/\/vapingnet.de\/\"},{\"@type\":\"ListItem\",\"position\":2,\"name\":\"Shop\",\"item\":\"https:\/\/vapingnet.de\/vape\/\"},{\"@type\":\"ListItem\",\"position\":3,\"name\":\"Bang15000 Puffs Strawberry Watermelon Dein Fruchtgenuss f\u00fcr Tage\"}]},{\"@type\":\"WebSite\",\"@id\":\"https:\/\/vapingnet.de\/#website\",\"url\":\"https:\/\/vapingnet.de\/\",\"name\":\"Vapingnet.de\",\"description\":\"\",\"publisher\":{\"@id\":\"https:\/\/vapingnet.de\/#organization\"},\"potentialAction\":[{\"@type\":\"SearchAction\",\"target\":{\"@type\":\"EntryPoint\",\"urlTemplate\":\"https:\/\/vapingnet.de\/?s={search_term_string}\"},\"query-input\":{\"@type\":\"PropertyValueSpecification\",\"valueRequired\":true,\"valueName\":\"search_term_string\"}}],\"inLanguage\":\"pl-PL\"},{\"@type\":\"Organization\",\"@id\":\"https:\/\/vapingnet.de\/#organization\",\"name\":\"Vapingnet.de\",\"url\":\"https:\/\/vapingnet.de\/\",\"logo\":{\"@type\":\"ImageObject\",\"inLanguage\":\"pl-PL\",\"@id\":\"https:\/\/vapingnet.de\/#\/schema\/logo\/image\/\",\"url\":\"https:\/\/vapingnet.de\/wp-content\/uploads\/2025\/03\/cropped-vapingnet.de_.jpg\",\"contentUrl\":\"https:\/\/vapingnet.de\/wp-content\/uploads\/2025\/03\/cropped-vapingnet.de_.jpg\",\"width\":512,\"height\":512,\"caption\":\"Vapingnet.de\"},\"image\":{\"@id\":\"https:\/\/vapingnet.de\/#\/schema\/logo\/image\/\"},\"sameAs\":[\"https:\/\/www.facebook.com\/vapingnetde\/\"]}]}<\/script>\n<!-- \/ Yoast SEO plugin. -->","yoast_head_json":{"title":"Bang15000 Puffs Strawberry Watermelon Dein Fruchtgenuss f\u00fcr Tage | Vapingnet.de","description":"Entdecke Bang15000 Puffs Strawberry Watermelon Dein Fruchtgenuss f\u00fcr Tage bei vapingnet.de, \u25ba Gro\u00dfe Auswahl an Geschmacksrichtungen & super g\u00fcnstig!","robots":{"index":"index","follow":"follow","max-snippet":"max-snippet:-1","max-image-preview":"max-image-preview:large","max-video-preview":"max-video-preview:-1"},"canonical":"https:\/\/vapingnet.de\/pl\/vape\/bang15000-puffs-strawberry-watermelon-dein-fruchtgenuss-fuer-tage\/","og_locale":"pl_PL","og_type":"article","og_title":"Bang15000 Puffs Strawberry Watermelon Dein Fruchtgenuss f\u00fcr Tage | Vapingnet.de","og_description":"Entdecke Bang15000 Puffs Strawberry Watermelon Dein Fruchtgenuss f\u00fcr Tage bei vapingnet.de, \u25ba Gro\u00dfe Auswahl an Geschmacksrichtungen & super g\u00fcnstig!","og_url":"https:\/\/vapingnet.de\/pl\/vape\/bang15000-puffs-strawberry-watermelon-dein-fruchtgenuss-fuer-tage\/","og_site_name":"Vapingnet.de","article_publisher":"https:\/\/www.facebook.com\/vapingnetde\/","article_modified_time":"2025-06-19T03:41:28+00:00","og_image":[{"width":900,"height":600,"url":"https:\/\/vapingnet.de\/wp-content\/uploads\/2025\/03\/Strawberry-Watermelon.png","type":"image\/png"}],"twitter_card":"summary_large_image","twitter_misc":{"Est. reading time":"3 minutes"},"schema":{"@context":"https:\/\/schema.org","@graph":[{"@type":"WebPage","@id":"https:\/\/vapingnet.de\/vape\/bang15000-puffs-strawberry-watermelon-dein-fruchtgenuss-fuer-tage\/","url":"https:\/\/vapingnet.de\/vape\/bang15000-puffs-strawberry-watermelon-dein-fruchtgenuss-fuer-tage\/","name":"Bang15000 Puffs Strawberry Watermelon Dein Fruchtgenuss f\u00fcr Tage | Vapingnet.de","isPartOf":{"@id":"https:\/\/vapingnet.de\/#website"},"primaryImageOfPage":{"@id":"https:\/\/vapingnet.de\/vape\/bang15000-puffs-strawberry-watermelon-dein-fruchtgenuss-fuer-tage\/#primaryimage"},"image":{"@id":"https:\/\/vapingnet.de\/vape\/bang15000-puffs-strawberry-watermelon-dein-fruchtgenuss-fuer-tage\/#primaryimage"},"thumbnailUrl":"https:\/\/vapingnet.de\/wp-content\/uploads\/2025\/03\/Strawberry-Watermelon.png","datePublished":"2025-03-13T05:46:38+00:00","dateModified":"2025-06-19T03:41:28+00:00","description":"Entdecke Bang15000 Puffs Strawberry Watermelon Dein Fruchtgenuss f\u00fcr Tage bei vapingnet.de, \u25ba Gro\u00dfe Auswahl an Geschmacksrichtungen & super g\u00fcnstig!","breadcrumb":{"@id":"https:\/\/vapingnet.de\/vape\/bang15000-puffs-strawberry-watermelon-dein-fruchtgenuss-fuer-tage\/#breadcrumb"},"inLanguage":"pl-PL","potentialAction":[{"@type":"ReadAction","target":["https:\/\/vapingnet.de\/vape\/bang15000-puffs-strawberry-watermelon-dein-fruchtgenuss-fuer-tage\/"]}]},{"@type":"ImageObject","inLanguage":"pl-PL","@id":"https:\/\/vapingnet.de\/vape\/bang15000-puffs-strawberry-watermelon-dein-fruchtgenuss-fuer-tage\/#primaryimage","url":"https:\/\/vapingnet.de\/wp-content\/uploads\/2025\/03\/Strawberry-Watermelon.png","contentUrl":"https:\/\/vapingnet.de\/wp-content\/uploads\/2025\/03\/Strawberry-Watermelon.png","width":900,"height":600,"caption":"Strawberry Watermelon"},{"@type":"BreadcrumbList","@id":"https:\/\/vapingnet.de\/vape\/bang15000-puffs-strawberry-watermelon-dein-fruchtgenuss-fuer-tage\/#breadcrumb","itemListElement":[{"@type":"ListItem","position":1,"name":"Home","item":"https:\/\/vapingnet.de\/"},{"@type":"ListItem","position":2,"name":"Shop","item":"https:\/\/vapingnet.de\/vape\/"},{"@type":"ListItem","position":3,"name":"Bang15000 Puffs Strawberry Watermelon Dein Fruchtgenuss f\u00fcr Tage"}]},{"@type":"WebSite","@id":"https:\/\/vapingnet.de\/#website","url":"https:\/\/vapingnet.de\/","name":"Vapingnet.de","description":"","publisher":{"@id":"https:\/\/vapingnet.de\/#organization"},"potentialAction":[{"@type":"SearchAction","target":{"@type":"EntryPoint","urlTemplate":"https:\/\/vapingnet.de\/?s={search_term_string}"},"query-input":{"@type":"PropertyValueSpecification","valueRequired":true,"valueName":"search_term_string"}}],"inLanguage":"pl-PL"},{"@type":"Organization","@id":"https:\/\/vapingnet.de\/#organization","name":"Vapingnet.de","url":"https:\/\/vapingnet.de\/","logo":{"@type":"ImageObject","inLanguage":"pl-PL","@id":"https:\/\/vapingnet.de\/#\/schema\/logo\/image\/","url":"https:\/\/vapingnet.de\/wp-content\/uploads\/2025\/03\/cropped-vapingnet.de_.jpg","contentUrl":"https:\/\/vapingnet.de\/wp-content\/uploads\/2025\/03\/cropped-vapingnet.de_.jpg","width":512,"height":512,"caption":"Vapingnet.de"},"image":{"@id":"https:\/\/vapingnet.de\/#\/schema\/logo\/image\/"},"sameAs":["https:\/\/www.facebook.com\/vapingnetde\/"]}]}},"tiered_pricing_type":"fixed","tiered_pricing_fixed_rules":{"10":"7.31","60":"6.58","110":"5.85","200":"5.12"},"tiered_pricing_product_settings":{"layout":"default","base_unit_name":{"singular":null,"plural":null},"default_variation":null},"tiered_pricing_minimum_quantity":null,"tiered_pricing_roles_data":[],"tiered_pricing_percentage_rules":[],"_links":{"self":[{"href":"https:\/\/vapingnet.de\/pl\/wp-json\/wp\/v2\/product\/5215","targetHints":{"allow":["GET"]}}],"collection":[{"href":"https:\/\/vapingnet.de\/pl\/wp-json\/wp\/v2\/product"}],"about":[{"href":"https:\/\/vapingnet.de\/pl\/wp-json\/wp\/v2\/types\/product"}],"version-history":[{"count":2,"href":"https:\/\/vapingnet.de\/pl\/wp-json\/wp\/v2\/product\/5215\/revisions"}],"predecessor-version":[{"id":5221,"href":"https:\/\/vapingnet.de\/pl\/wp-json\/wp\/v2\/product\/5215\/revisions\/5221"}],"wp:featuredmedia":[{"embeddable":true,"href":"https:\/\/vapingnet.de\/pl\/wp-json\/wp\/v2\/media\/5220"}],"wp:attachment":[{"href":"https:\/\/vapingnet.de\/pl\/wp-json\/wp\/v2\/media?parent=5215"}],"wp:term":[{"taxonomy":"brand","embeddable":true,"href":"https:\/\/vapingnet.de\/pl\/wp-json\/wp\/v2\/etheme_brands?post=5215"},{"taxonomy":"product_brand","embeddable":true,"href":"https:\/\/vapingnet.de\/pl\/wp-json\/wp\/v2\/product_brand?post=5215"},{"taxonomy":"product_cat","embeddable":true,"href":"https:\/\/vapingnet.de\/pl\/wp-json\/wp\/v2\/product_cat?post=5215"},{"taxonomy":"product_tag","embeddable":true,"href":"https:\/\/vapingnet.de\/pl\/wp-json\/wp\/v2\/product_tag?post=5215"}],"curies":[{"name":"wp","href":"https:\/\/api.w.org\/{rel}","templated":true}]}}