{"id":5222,"date":"2025-03-13T05:59:32","date_gmt":"2025-03-13T05:59:32","guid":{"rendered":"https:\/\/vapingnet.de\/?post_type=product&#038;p=5222"},"modified":"2025-06-19T03:41:27","modified_gmt":"2025-06-19T03:41:27","slug":"bang15000-puffs-triple-berry-ice-fruchtig-und-kuehl-direkt-vom-hersteller","status":"publish","type":"product","link":"https:\/\/vapingnet.de\/pl\/vape\/bang15000-puffs-triple-berry-ice-fruchtig-und-kuehl-direkt-vom-hersteller\/","title":{"rendered":"Bang15000 Puffs Triple Berry Ice Owocowy i ch\u0142odny, prosto od producenta"},"content":{"rendered":"<h2 data-start=\"0\" data-end=\"94\">Bang15000 Puffs Wielorazowa Jednorazowa E-papieros \u2013 Idealny wyb\u00f3r, ciesz si\u0119 bez obaw!<\/h2>\n<p data-start=\"96\" data-end=\"709\">Je\u015bli szukasz e-papierosa, kt\u00f3ry oferuje niezwykle d\u0142ug\u0105 \u017cywotno\u015b\u0107 i niezr\u00f3wnane doznania smakowe, to jest <a href=\"https:\/\/vapingnet.de\/pl\/bang-15000-puffs\/\" target=\"_blank\" rel=\"noopener\"><strong>Bang15000 Puffs Rechargeable Disposable Pod<\/strong><\/a> idealnym wyborem dla Ciebie! Ten e-papieros nie tylko obs\u0142uguje \u0142adowanie, ale jest tak\u017ce wyposa\u017cony w zaawansowan\u0105 cewk\u0119 Dul Mesh, kt\u00f3ra gwarantuje dot\u0105d niespotykane, delikatne parowanie i bogate doznania smakowe. A co najlepsze: jednorazowy e-papieros Bang15000 jest w pe\u0142ni wolny od ce\u0142, co czyni go idealnym do u\u017cytku osobistego lub du\u017cych zam\u00f3wie\u0144.<\/p>\n<p data-start=\"96\" data-end=\"709\"><img fetchpriority=\"high\" decoding=\"async\" class=\"size-full wp-image-6911 aligncenter\" src=\"https:\/\/vapingnet.de\/wp-content\/uploads\/2025\/03\/2-scaled.jpg\" alt=\"\" width=\"2560\" height=\"1438\" srcset=\"https:\/\/vapingnet.de\/wp-content\/uploads\/2025\/03\/2-scaled.jpg 2560w, https:\/\/vapingnet.de\/wp-content\/uploads\/2025\/03\/2-300x169.jpg 300w, https:\/\/vapingnet.de\/wp-content\/uploads\/2025\/03\/2-1024x575.jpg 1024w, https:\/\/vapingnet.de\/wp-content\/uploads\/2025\/03\/2-768x431.jpg 768w, https:\/\/vapingnet.de\/wp-content\/uploads\/2025\/03\/2-1536x863.jpg 1536w, https:\/\/vapingnet.de\/wp-content\/uploads\/2025\/03\/2-2048x1150.jpg 2048w, https:\/\/vapingnet.de\/wp-content\/uploads\/2025\/03\/2-600x337.jpg 600w, https:\/\/vapingnet.de\/wp-content\/uploads\/2025\/03\/2-1x1.jpg 1w, https:\/\/vapingnet.de\/wp-content\/uploads\/2025\/03\/2-10x6.jpg 10w\" sizes=\"(max-width: 2560px) 100vw, 2560px\" \/><\/p>\n<h4 data-start=\"711\" data-end=\"734\">Cechy produktu<\/h4>\n<p data-start=\"736\" data-end=\"955\">1. 15000 zaci\u0105gni\u0119\u0107 Przyjemno\u015b\u0107 Bang15000 jest zaprojektowany do jednorazowego u\u017cytku, oferuje jednak a\u017c do 15000 zaci\u0105gni\u0119\u0107, dzi\u0119ki czemu mo\u017cesz cieszy\u0107 si\u0119 nieprzerwanym parowaniem przez d\u0142ugi czas, nie musz\u0105c ci\u0105gle wymienia\u0107 urz\u0105dzenia.<\/p>\n<p data-start=\"957\" data-end=\"1273\">2. Wielorazowy design Wyposa\u017cony w bateri\u0119 o pojemno\u015bci 650mAh, korzysta z portu Type-C, kt\u00f3ry zapewnia szybkie \u0142adowanie i jeszcze wi\u0119kszy komfort u\u017cytkowania. Po prostu na\u0142aduj i kontynuuj cieszenie si\u0119 parowaniem \u2013 nie martw si\u0119 ju\u017c o roz\u0142adowany akumulator!<\/p>\n<p data-start=\"1275\" data-end=\"1556\">3. Technologia cewki Dul Mesh Bang15000 wyposa\u017cony jest w cewk\u0119 Dul Mesh (1,1\u03a9), kt\u00f3ra gwarantuje, \u017ce ka\u017cde zaci\u0105gni\u0119cie dostarczy idealny smak i g\u0119ste, r\u00f3wnomierne wytwarzanie pary. Do\u015bwiadczysz niezwykle delikatnego i aromatycznego parowania.<\/p>\n<p data-start=\"1558\" data-end=\"1730\">4. Du\u017ca pojemno\u015b\u0107 e-liquid Ka\u017cdy Bang15000 zawiera 23ml e-liquid, dzi\u0119ki czemu mo\u017cesz d\u0142ugo parowa\u0107 bez konieczno\u015bci ci\u0105g\u0142ego uzupe\u0142niania liquidu.<\/p>\n<p data-start=\"1732\" data-end=\"2042\">5. R\u00f3\u017cne st\u0119\u017cenia nikotyny do wyboru Niezale\u017cnie od tego, czy wolisz delikatne do\u015bwiadczenie bez nikotyny, czy chcesz troch\u0119 wi\u0119cej nikotynowego kopa, Bang15000 oferuje Ci idealny wyb\u00f3r: st\u0119\u017cenia nikotyny 0%, 2%, 3% i 5%. Zwr\u00f3\u0107 uwag\u0119, \u017ce st\u0119\u017cenia nikotyny 0% i 3% s\u0105 dost\u0119pne tylko przy du\u017cych zam\u00f3wieniach.<\/p>\n<p data-start=\"2044\" data-end=\"2432\">6. Wyb\u00f3r smak\u00f3w \u2013 Triple Berry Ice Bang15000 oferuje szeroki wyb\u00f3r smak\u00f3w, w tym popularny Triple Berry Ice. Ta mieszanka trzech r\u00f3\u017cnych jag\u00f3d i orze\u017awiaj\u0105cego ch\u0142odzenia zapewnia unikalne doznania \u015bwie\u017co\u015bci. Ka\u017cde zaci\u0105gni\u0119cie smakuje jak naj\u015bwie\u017csze jagody, a towarzyszy mu przyjemne ch\u0142odzenie.<\/p>\n<h3>Wolne od ce\u0142 \u2013 Bezpieczne zakupy<\/h3>\n<p data-start=\"2477\" data-end=\"2799\">Niezale\u017cnie od tego, czy chcesz kupi\u0107 Bang15000 do u\u017cytku osobistego, czy na du\u017c\u0105 skal\u0119, mo\u017cesz skorzysta\u0107 z naszej us\u0142ugi bezc\u0142owej. Oferujemy szybk\u0105 i niezawodn\u0105 dostaw\u0119, dzi\u0119ki czemu nie musisz martwi\u0107 si\u0119 o problemy z wysy\u0142k\u0105 i mo\u017cesz cieszy\u0107 si\u0119 najlepszym produktem e-papierosa bez przeszk\u00f3d.<\/p>\n<h3>Kup teraz i ciesz si\u0119 bez obaw!<\/h3>\n<p data-start=\"2849\" data-end=\"3184\">Odwied\u017a ju\u017c dzi\u015b nasz\u0105 stron\u0119 internetow\u0105 <a href=\"https:\/\/vapingnet.de\/pl\/\" target=\"_new\" rel=\"noopener\" data-start=\"2883\" data-end=\"2919\">vapingnet.de<\/a>, aby kupi\u0107 wielorazowego jednorazowego e-papierosa Bang15000 Puffs. Wybierz preferowane st\u0119\u017cenie nikotyny i smak, i ciesz si\u0119 15000 zaci\u0105gni\u0119ciami czystej przyjemno\u015bci! Niezale\u017cnie od tego, czy do codziennego u\u017cytku, czy na du\u017ce zam\u00f3wienia, Bang15000 to idealny wyb\u00f3r.<\/p>\n<p data-start=\"3186\" data-end=\"3296\" data-is-last-node=\"\" data-is-only-node=\"\">Pozw\u00f3l nam zabra\u0107 Ci\u0119 w nowy \u015bwiat e-papieros\u00f3w i ciesz si\u0119 ka\u017cdym zaci\u0105gni\u0119ciem w jego czysto\u015bci i rado\u015bci!<\/p>","protected":false},"excerpt":{"rendered":"<p>Bang15000 Puffs Wymienialny jednorazowy e-papieros \u2013 Idealny wyb\u00f3r, ciesz si\u0119 bez zmartwie\u0144! Je\u015bli szukasz e-papierosa, kt\u00f3ry oferuje wyj\u0105tkowo d\u0142ug\u0105 \u017cywotno\u015b\u0107 i...<\/p>","protected":false},"featured_media":5223,"template":"","meta":[],"etheme_brands":[],"product_brand":[101],"product_cat":[53,49,61],"product_tag":[],"class_list":{"0":"post-5222","1":"product","2":"type-product","3":"status-publish","4":"has-post-thumbnail","6":"product_brand-bang-king-vape","7":"product_cat-vape-15000-zuege","8":"product_cat-einweg-e-zigarette","9":"product_cat-f","11":"first","12":"instock","13":"shipping-taxable","14":"purchasable","15":"product-type-simple"},"yoast_head":"<!-- This site is optimized with the Yoast SEO plugin v26.5 - https:\/\/yoast.com\/wordpress\/plugins\/seo\/ -->\n<title>Bang15000 Puffs Triple Berry Ice Fruchtig und k\u00fchl direkt vom Hersteller | Vapingnet.de<\/title>\n<meta name=\"description\" content=\"Entdecke Bang15000 Puffs Triple Berry Ice Fruchtig und k\u00fchl direkt vom Hersteller bei vapingnet.de, \u25ba Gro\u00dfe Auswahl an Geschmacksrichtungen &amp; super g\u00fcnstig!\" \/>\n<meta name=\"robots\" content=\"index, follow, max-snippet:-1, max-image-preview:large, max-video-preview:-1\" \/>\n<link rel=\"canonical\" href=\"https:\/\/vapingnet.de\/pl\/vape\/bang15000-puffs-triple-berry-ice-fruchtig-und-kuehl-direkt-vom-hersteller\/\" \/>\n<meta property=\"og:locale\" content=\"pl_PL\" \/>\n<meta property=\"og:type\" content=\"article\" \/>\n<meta property=\"og:title\" content=\"Bang15000 Puffs Triple Berry Ice Fruchtig und k\u00fchl direkt vom Hersteller | Vapingnet.de\" \/>\n<meta property=\"og:description\" content=\"Entdecke Bang15000 Puffs Triple Berry Ice Fruchtig und k\u00fchl direkt vom Hersteller bei vapingnet.de, \u25ba Gro\u00dfe Auswahl an Geschmacksrichtungen &amp; super g\u00fcnstig!\" \/>\n<meta property=\"og:url\" content=\"https:\/\/vapingnet.de\/pl\/vape\/bang15000-puffs-triple-berry-ice-fruchtig-und-kuehl-direkt-vom-hersteller\/\" \/>\n<meta property=\"og:site_name\" content=\"Vapingnet.de\" \/>\n<meta property=\"article:publisher\" content=\"https:\/\/www.facebook.com\/vapingnetde\/\" \/>\n<meta property=\"article:modified_time\" content=\"2025-06-19T03:41:27+00:00\" \/>\n<meta property=\"og:image\" content=\"https:\/\/vapingnet.de\/wp-content\/uploads\/2025\/03\/Triple-Berry-Ice.png\" \/>\n\t<meta property=\"og:image:width\" content=\"900\" \/>\n\t<meta property=\"og:image:height\" content=\"600\" \/>\n\t<meta property=\"og:image:type\" content=\"image\/png\" \/>\n<meta name=\"twitter:card\" content=\"summary_large_image\" \/>\n<meta name=\"twitter:label1\" content=\"Est. reading time\" \/>\n\t<meta name=\"twitter:data1\" content=\"3 minutes\" \/>\n<script type=\"application\/ld+json\" class=\"yoast-schema-graph\">{\"@context\":\"https:\/\/schema.org\",\"@graph\":[{\"@type\":\"WebPage\",\"@id\":\"https:\/\/vapingnet.de\/vape\/bang15000-puffs-triple-berry-ice-fruchtig-und-kuehl-direkt-vom-hersteller\/\",\"url\":\"https:\/\/vapingnet.de\/vape\/bang15000-puffs-triple-berry-ice-fruchtig-und-kuehl-direkt-vom-hersteller\/\",\"name\":\"Bang15000 Puffs Triple Berry Ice Fruchtig und k\u00fchl direkt vom Hersteller | Vapingnet.de\",\"isPartOf\":{\"@id\":\"https:\/\/vapingnet.de\/#website\"},\"primaryImageOfPage\":{\"@id\":\"https:\/\/vapingnet.de\/vape\/bang15000-puffs-triple-berry-ice-fruchtig-und-kuehl-direkt-vom-hersteller\/#primaryimage\"},\"image\":{\"@id\":\"https:\/\/vapingnet.de\/vape\/bang15000-puffs-triple-berry-ice-fruchtig-und-kuehl-direkt-vom-hersteller\/#primaryimage\"},\"thumbnailUrl\":\"https:\/\/vapingnet.de\/wp-content\/uploads\/2025\/03\/Triple-Berry-Ice.png\",\"datePublished\":\"2025-03-13T05:59:32+00:00\",\"dateModified\":\"2025-06-19T03:41:27+00:00\",\"description\":\"Entdecke Bang15000 Puffs Triple Berry Ice Fruchtig und k\u00fchl direkt vom Hersteller bei vapingnet.de, \u25ba Gro\u00dfe Auswahl an Geschmacksrichtungen & super g\u00fcnstig!\",\"breadcrumb\":{\"@id\":\"https:\/\/vapingnet.de\/vape\/bang15000-puffs-triple-berry-ice-fruchtig-und-kuehl-direkt-vom-hersteller\/#breadcrumb\"},\"inLanguage\":\"pl-PL\",\"potentialAction\":[{\"@type\":\"ReadAction\",\"target\":[\"https:\/\/vapingnet.de\/vape\/bang15000-puffs-triple-berry-ice-fruchtig-und-kuehl-direkt-vom-hersteller\/\"]}]},{\"@type\":\"ImageObject\",\"inLanguage\":\"pl-PL\",\"@id\":\"https:\/\/vapingnet.de\/vape\/bang15000-puffs-triple-berry-ice-fruchtig-und-kuehl-direkt-vom-hersteller\/#primaryimage\",\"url\":\"https:\/\/vapingnet.de\/wp-content\/uploads\/2025\/03\/Triple-Berry-Ice.png\",\"contentUrl\":\"https:\/\/vapingnet.de\/wp-content\/uploads\/2025\/03\/Triple-Berry-Ice.png\",\"width\":900,\"height\":600,\"caption\":\"Triple Berry Ice\"},{\"@type\":\"BreadcrumbList\",\"@id\":\"https:\/\/vapingnet.de\/vape\/bang15000-puffs-triple-berry-ice-fruchtig-und-kuehl-direkt-vom-hersteller\/#breadcrumb\",\"itemListElement\":[{\"@type\":\"ListItem\",\"position\":1,\"name\":\"Home\",\"item\":\"https:\/\/vapingnet.de\/\"},{\"@type\":\"ListItem\",\"position\":2,\"name\":\"Shop\",\"item\":\"https:\/\/vapingnet.de\/vape\/\"},{\"@type\":\"ListItem\",\"position\":3,\"name\":\"Bang15000 Puffs Triple Berry Ice Fruchtig und k\u00fchl direkt vom Hersteller\"}]},{\"@type\":\"WebSite\",\"@id\":\"https:\/\/vapingnet.de\/#website\",\"url\":\"https:\/\/vapingnet.de\/\",\"name\":\"Vapingnet.de\",\"description\":\"\",\"publisher\":{\"@id\":\"https:\/\/vapingnet.de\/#organization\"},\"potentialAction\":[{\"@type\":\"SearchAction\",\"target\":{\"@type\":\"EntryPoint\",\"urlTemplate\":\"https:\/\/vapingnet.de\/?s={search_term_string}\"},\"query-input\":{\"@type\":\"PropertyValueSpecification\",\"valueRequired\":true,\"valueName\":\"search_term_string\"}}],\"inLanguage\":\"pl-PL\"},{\"@type\":\"Organization\",\"@id\":\"https:\/\/vapingnet.de\/#organization\",\"name\":\"Vapingnet.de\",\"url\":\"https:\/\/vapingnet.de\/\",\"logo\":{\"@type\":\"ImageObject\",\"inLanguage\":\"pl-PL\",\"@id\":\"https:\/\/vapingnet.de\/#\/schema\/logo\/image\/\",\"url\":\"https:\/\/vapingnet.de\/wp-content\/uploads\/2025\/03\/cropped-vapingnet.de_.jpg\",\"contentUrl\":\"https:\/\/vapingnet.de\/wp-content\/uploads\/2025\/03\/cropped-vapingnet.de_.jpg\",\"width\":512,\"height\":512,\"caption\":\"Vapingnet.de\"},\"image\":{\"@id\":\"https:\/\/vapingnet.de\/#\/schema\/logo\/image\/\"},\"sameAs\":[\"https:\/\/www.facebook.com\/vapingnetde\/\"]}]}<\/script>\n<!-- \/ Yoast SEO plugin. -->","yoast_head_json":{"title":"Bang15000 Puffs Triple Berry Ice Fruchtig und k\u00fchl direkt vom Hersteller | Vapingnet.de","description":"Entdecke Bang15000 Puffs Triple Berry Ice Fruchtig und k\u00fchl direkt vom Hersteller bei vapingnet.de, \u25ba Gro\u00dfe Auswahl an Geschmacksrichtungen & super g\u00fcnstig!","robots":{"index":"index","follow":"follow","max-snippet":"max-snippet:-1","max-image-preview":"max-image-preview:large","max-video-preview":"max-video-preview:-1"},"canonical":"https:\/\/vapingnet.de\/pl\/vape\/bang15000-puffs-triple-berry-ice-fruchtig-und-kuehl-direkt-vom-hersteller\/","og_locale":"pl_PL","og_type":"article","og_title":"Bang15000 Puffs Triple Berry Ice Fruchtig und k\u00fchl direkt vom Hersteller | Vapingnet.de","og_description":"Entdecke Bang15000 Puffs Triple Berry Ice Fruchtig und k\u00fchl direkt vom Hersteller bei vapingnet.de, \u25ba Gro\u00dfe Auswahl an Geschmacksrichtungen & super g\u00fcnstig!","og_url":"https:\/\/vapingnet.de\/pl\/vape\/bang15000-puffs-triple-berry-ice-fruchtig-und-kuehl-direkt-vom-hersteller\/","og_site_name":"Vapingnet.de","article_publisher":"https:\/\/www.facebook.com\/vapingnetde\/","article_modified_time":"2025-06-19T03:41:27+00:00","og_image":[{"width":900,"height":600,"url":"https:\/\/vapingnet.de\/wp-content\/uploads\/2025\/03\/Triple-Berry-Ice.png","type":"image\/png"}],"twitter_card":"summary_large_image","twitter_misc":{"Est. reading time":"3 minutes"},"schema":{"@context":"https:\/\/schema.org","@graph":[{"@type":"WebPage","@id":"https:\/\/vapingnet.de\/vape\/bang15000-puffs-triple-berry-ice-fruchtig-und-kuehl-direkt-vom-hersteller\/","url":"https:\/\/vapingnet.de\/vape\/bang15000-puffs-triple-berry-ice-fruchtig-und-kuehl-direkt-vom-hersteller\/","name":"Bang15000 Puffs Triple Berry Ice Fruchtig und k\u00fchl direkt vom Hersteller | Vapingnet.de","isPartOf":{"@id":"https:\/\/vapingnet.de\/#website"},"primaryImageOfPage":{"@id":"https:\/\/vapingnet.de\/vape\/bang15000-puffs-triple-berry-ice-fruchtig-und-kuehl-direkt-vom-hersteller\/#primaryimage"},"image":{"@id":"https:\/\/vapingnet.de\/vape\/bang15000-puffs-triple-berry-ice-fruchtig-und-kuehl-direkt-vom-hersteller\/#primaryimage"},"thumbnailUrl":"https:\/\/vapingnet.de\/wp-content\/uploads\/2025\/03\/Triple-Berry-Ice.png","datePublished":"2025-03-13T05:59:32+00:00","dateModified":"2025-06-19T03:41:27+00:00","description":"Entdecke Bang15000 Puffs Triple Berry Ice Fruchtig und k\u00fchl direkt vom Hersteller bei vapingnet.de, \u25ba Gro\u00dfe Auswahl an Geschmacksrichtungen & super g\u00fcnstig!","breadcrumb":{"@id":"https:\/\/vapingnet.de\/vape\/bang15000-puffs-triple-berry-ice-fruchtig-und-kuehl-direkt-vom-hersteller\/#breadcrumb"},"inLanguage":"pl-PL","potentialAction":[{"@type":"ReadAction","target":["https:\/\/vapingnet.de\/vape\/bang15000-puffs-triple-berry-ice-fruchtig-und-kuehl-direkt-vom-hersteller\/"]}]},{"@type":"ImageObject","inLanguage":"pl-PL","@id":"https:\/\/vapingnet.de\/vape\/bang15000-puffs-triple-berry-ice-fruchtig-und-kuehl-direkt-vom-hersteller\/#primaryimage","url":"https:\/\/vapingnet.de\/wp-content\/uploads\/2025\/03\/Triple-Berry-Ice.png","contentUrl":"https:\/\/vapingnet.de\/wp-content\/uploads\/2025\/03\/Triple-Berry-Ice.png","width":900,"height":600,"caption":"Triple Berry Ice"},{"@type":"BreadcrumbList","@id":"https:\/\/vapingnet.de\/vape\/bang15000-puffs-triple-berry-ice-fruchtig-und-kuehl-direkt-vom-hersteller\/#breadcrumb","itemListElement":[{"@type":"ListItem","position":1,"name":"Home","item":"https:\/\/vapingnet.de\/"},{"@type":"ListItem","position":2,"name":"Shop","item":"https:\/\/vapingnet.de\/vape\/"},{"@type":"ListItem","position":3,"name":"Bang15000 Puffs Triple Berry Ice Fruchtig und k\u00fchl direkt vom Hersteller"}]},{"@type":"WebSite","@id":"https:\/\/vapingnet.de\/#website","url":"https:\/\/vapingnet.de\/","name":"Vapingnet.de","description":"","publisher":{"@id":"https:\/\/vapingnet.de\/#organization"},"potentialAction":[{"@type":"SearchAction","target":{"@type":"EntryPoint","urlTemplate":"https:\/\/vapingnet.de\/?s={search_term_string}"},"query-input":{"@type":"PropertyValueSpecification","valueRequired":true,"valueName":"search_term_string"}}],"inLanguage":"pl-PL"},{"@type":"Organization","@id":"https:\/\/vapingnet.de\/#organization","name":"Vapingnet.de","url":"https:\/\/vapingnet.de\/","logo":{"@type":"ImageObject","inLanguage":"pl-PL","@id":"https:\/\/vapingnet.de\/#\/schema\/logo\/image\/","url":"https:\/\/vapingnet.de\/wp-content\/uploads\/2025\/03\/cropped-vapingnet.de_.jpg","contentUrl":"https:\/\/vapingnet.de\/wp-content\/uploads\/2025\/03\/cropped-vapingnet.de_.jpg","width":512,"height":512,"caption":"Vapingnet.de"},"image":{"@id":"https:\/\/vapingnet.de\/#\/schema\/logo\/image\/"},"sameAs":["https:\/\/www.facebook.com\/vapingnetde\/"]}]}},"tiered_pricing_type":"fixed","tiered_pricing_fixed_rules":{"10":"7.31","60":"6.58","110":"5.85","200":"5.12"},"tiered_pricing_product_settings":{"layout":"default","base_unit_name":{"singular":null,"plural":null},"default_variation":null},"tiered_pricing_minimum_quantity":null,"tiered_pricing_roles_data":[],"tiered_pricing_percentage_rules":[],"_links":{"self":[{"href":"https:\/\/vapingnet.de\/pl\/wp-json\/wp\/v2\/product\/5222","targetHints":{"allow":["GET"]}}],"collection":[{"href":"https:\/\/vapingnet.de\/pl\/wp-json\/wp\/v2\/product"}],"about":[{"href":"https:\/\/vapingnet.de\/pl\/wp-json\/wp\/v2\/types\/product"}],"version-history":[{"count":2,"href":"https:\/\/vapingnet.de\/pl\/wp-json\/wp\/v2\/product\/5222\/revisions"}],"predecessor-version":[{"id":6912,"href":"https:\/\/vapingnet.de\/pl\/wp-json\/wp\/v2\/product\/5222\/revisions\/6912"}],"wp:featuredmedia":[{"embeddable":true,"href":"https:\/\/vapingnet.de\/pl\/wp-json\/wp\/v2\/media\/5223"}],"wp:attachment":[{"href":"https:\/\/vapingnet.de\/pl\/wp-json\/wp\/v2\/media?parent=5222"}],"wp:term":[{"taxonomy":"brand","embeddable":true,"href":"https:\/\/vapingnet.de\/pl\/wp-json\/wp\/v2\/etheme_brands?post=5222"},{"taxonomy":"product_brand","embeddable":true,"href":"https:\/\/vapingnet.de\/pl\/wp-json\/wp\/v2\/product_brand?post=5222"},{"taxonomy":"product_cat","embeddable":true,"href":"https:\/\/vapingnet.de\/pl\/wp-json\/wp\/v2\/product_cat?post=5222"},{"taxonomy":"product_tag","embeddable":true,"href":"https:\/\/vapingnet.de\/pl\/wp-json\/wp\/v2\/product_tag?post=5222"}],"curies":[{"name":"wp","href":"https:\/\/api.w.org\/{rel}","templated":true}]}}