{"id":5225,"date":"2025-03-13T06:03:28","date_gmt":"2025-03-13T06:03:28","guid":{"rendered":"https:\/\/vapingnet.de\/?post_type=product&#038;p=5225"},"modified":"2025-06-19T03:41:27","modified_gmt":"2025-06-19T03:41:27","slug":"bang-15000-puffs-watermelon-bubblegum-frisch-fruchtig-und-langanhaltend","status":"publish","type":"product","link":"https:\/\/vapingnet.de\/pl\/vape\/bang-15000-puffs-watermelon-bubblegum-frisch-fruchtig-und-langanhaltend\/","title":{"rendered":"Bang 15000 Puffs Watermelon Bubblegum, \u015bwie\u017cy, owocowy i d\u0142ugotrwa\u0142y smak"},"content":{"rendered":"<h2 data-start=\"0\" data-end=\"117\">Bang15000 Puffs Wielokrotnego \u0142adowania jednorazowa e-papieros Watermelon Bubblegum smak, 15000 zaci\u0105gni\u0119\u0107 pe\u0142nych przyjemno\u015bci!<\/h2>\n<p data-start=\"119\" data-end=\"636\">Bang15000 Puffs Wielokrotnego \u0142adowania jednorazowy wk\u0142ad to innowacyjny, wielokrotnego \u0142adowania <a href=\"https:\/\/vapingnet.de\/pl\/k\/einweg-e-zigarette\/\" target=\"_blank\" rel=\"noopener\"><strong>Jednorazowa e-papieros<\/strong><\/a>, kt\u00f3ry \u0142\u0105czy niezwykle d\u0142ug\u0105 \u017cywotno\u015b\u0107, wy\u015bmienity smak i wygodn\u0105 funkcj\u0119 \u0142adowania. Zosta\u0142 specjalnie zaprojektowany dla u\u017cytkownik\u00f3w poszukuj\u0105cych niezr\u00f3wnanego do\u015bwiadczenia vapowania. Dzi\u0119ki zaawansowanej technologii Dul Mesh, du\u017cej pojemno\u015bci liquidu i r\u00f3\u017cnym poziomom nikotyny, Bang15000 to idealny wyb\u00f3r na niezapomniane doznania vapowania!<\/p>\n<h4 data-start=\"638\" data-end=\"656\">G\u0142\u00f3wne cechy:<\/h4>\n<ul data-start=\"658\" data-end=\"2222\">\n<li data-start=\"658\" data-end=\"861\">\n<p data-start=\"660\" data-end=\"861\">D\u0142uga \u017cywotno\u015b\u0107: 15000 zaci\u0105gni\u0119\u0107. Bang15000 Puffs jednorazowy e-papieros oferuje do 15000 zaci\u0105gni\u0119\u0107, dzi\u0119ki czemu mo\u017cesz cieszy\u0107 si\u0119 nim przez d\u0142ugi czas, nie musz\u0105c cz\u0119sto wymienia\u0107 urz\u0105dzenia. Ka\u017cde zaci\u0105gni\u0119cie to przyjemno\u015b\u0107!<\/p>\n<\/li>\n<li data-start=\"863\" data-end=\"1100\">\n<p data-start=\"865\" data-end=\"1100\">Wielokrotnego \u0142adowania, port Type-C. Z wymienn\u0105 bateri\u0105 650mAh i szybkim portem Type-C, Bang15000 \u0142aduje si\u0119 szybko, dzi\u0119ki czemu mo\u017cesz by\u0107 gotowy do dalszego vapowania bez przerw.<\/p>\n<\/li>\n<li data-start=\"1102\" data-end=\"1334\">\n<p data-start=\"1104\" data-end=\"1334\">Technologia Dul Mesh (1.1\u03a9). Wyposa\u017cony w dysz\u0119 Dul Mesh (1.1\u03a9), Bang15000 zapewnia r\u00f3wnomierne wytwarzanie pary i pe\u0142ny, mi\u0119kki smak przy ka\u017cdym zaci\u0105gni\u0119ciu \u2013 pierwszorz\u0119dne do\u015bwiadczenie vapowania!<\/p>\n<\/li>\n<li data-start=\"1336\" data-end=\"1509\">\n<p data-start=\"1338\" data-end=\"1509\">Du\u017ca pojemno\u015b\u0107 liquidu na d\u0142ugie u\u017cytkowanie. Ka\u017cdy Bang15000 zawiera 23 ml e-liquidu, co pozwala na d\u0142ugotrwa\u0142e korzystanie bez konieczno\u015bci ci\u0105g\u0142ego uzupe\u0142niania.<\/p>\n<\/li>\n<li data-start=\"1511\" data-end=\"1746\">\n<p data-start=\"1513\" data-end=\"1746\">R\u00f3\u017cne poziomy nikotyny do wyboru. Mo\u017cesz wybra\u0107 spo\u015br\u00f3d poziom\u00f3w nikotyny 0%, 2%, 3% i 5%, w zale\u017cno\u015bci od gustu i preferencji. Uwaga: poziomy nikotyny 0% i 3% s\u0105 dost\u0119pne tylko dla du\u017cych zam\u00f3wie\u0144.<\/p>\n<\/li>\n<li data-start=\"1748\" data-end=\"2018\">\n<p data-start=\"1750\" data-end=\"2018\">Unikalny smak \u2013 Watermelon Bubblegum. Smak Watermelon Bubblegum \u0142\u0105czy \u015bwie\u017c\u0105 s\u0142odycz arbuza z aromatycznym nutami gumy do \u017cucia. Ka\u017cde zaci\u0105gni\u0119cie to orze\u017awiaj\u0105ce i s\u0142odkie do\u015bwiadczenie, kt\u00f3re przypomni Ci dzieci\u0144stwo!<\/p>\n<\/li>\n<li data-start=\"2020\" data-end=\"2222\">\n<p data-start=\"2022\" data-end=\"2222\">Bez c\u0142a, \u0142atwe zakupy. Kupuj\u0105c Bang15000 Puffs, unikasz op\u0142at celnych, co zapewnia bezproblemowe zakupy. Ciesz si\u0119 swoim e-papierosem bez obaw i w najprostszy spos\u00f3b!<\/p>\n<\/li>\n<\/ul>\n<h4 data-start=\"2224\" data-end=\"2248\">Zastosowania:<\/h4>\n<ul data-start=\"2249\" data-end=\"2682\">\n<li data-start=\"2249\" data-end=\"2415\">Do u\u017cytku osobistego: Je\u015bli jeste\u015b mi\u0142o\u015bnikiem e-papieros\u00f3w, Bang15000 zapewni Ci d\u0142ugotrwa\u0142e, wygodne i r\u00f3wnomierne do\u015bwiadczenie vapowania.<\/li>\n<li data-start=\"2416\" data-end=\"2682\">Dla hurtownik\u00f3w: Bang15000 to tak\u017ce idealny wyb\u00f3r dla du\u017cych zam\u00f3wie\u0144. Dzi\u0119ki du\u017cej pojemno\u015bci i doskona\u0142emu stosunkowi jako\u015bci do ceny, jest idealny do hurtowej sprzeda\u017cy i oferuje dodatkowe mo\u017cliwo\u015bci zysku dzi\u0119ki zwolnieniu z c\u0142a.<\/li>\n<\/ul>\n<h4 data-start=\"2684\" data-end=\"3097\">Kup teraz i ciesz si\u0119 bez obaw!<\/h4>\n<p data-start=\"2684\" data-end=\"3097\">Nie przegap okazji, aby kupi\u0107 wielokrotnego \u0142adowania jednorazowego e-papierosa Bang15000 Puffs! Odwied\u017a ju\u017c dzi\u015b nasz\u0105 stron\u0119 internetow\u0105 <a href=\"https:\/\/vapingnet.de\/pl\/\" target=\"_new\" rel=\"noopener\" data-start=\"2865\" data-end=\"2901\">vapingnet.de<\/a>, wybierz sw\u00f3j ulubiony smak i poziom nikotyny i ciesz si\u0119 15000 zaci\u0105gni\u0119ciami czystej przyjemno\u015bci. Niezale\u017cnie od tego, czy do u\u017cytku osobistego, czy dla hurtu, Bang15000 to idealny wyb\u00f3r!<\/p>\n<p data-start=\"3099\" data-end=\"3199\" data-is-last-node=\"\" data-is-only-node=\"\">Prze\u017cyjmy razem now\u0105 er\u0119 e-papieros\u00f3w i cieszmy si\u0119 ka\u017cdym zaci\u0105gni\u0119ciem w pe\u0142ni!<\/p>","protected":false},"excerpt":{"rendered":"<p>Bang15000 Puffs Wielokrotnego \u0142adowania jednorazowy e-papieros o smaku arbuzowej gumy do \u017cucia, 15000 zaci\u0105gni\u0119\u0107 pe\u0142nych przyjemno\u015bci! Bang15000 Puffs Rechargeable Disposable Pod to innowacyjny, wielokrotnie \u0142adowany jednorazowy e-papieros, kt\u00f3ry oferuje niezwyk\u0142e...<\/p>","protected":false},"featured_media":5226,"template":"","meta":[],"etheme_brands":[],"product_brand":[101],"product_cat":[53,49,61],"product_tag":[],"class_list":{"0":"post-5225","1":"product","2":"type-product","3":"status-publish","4":"has-post-thumbnail","6":"product_brand-bang-king-vape","7":"product_cat-vape-15000-zuege","8":"product_cat-einweg-e-zigarette","9":"product_cat-f","11":"first","12":"instock","13":"shipping-taxable","14":"purchasable","15":"product-type-simple"},"yoast_head":"<!-- This site is optimized with the Yoast SEO plugin v26.5 - https:\/\/yoast.com\/wordpress\/plugins\/seo\/ -->\n<title>Bang 15000 Puffs Watermelon Bubblegum Frisch fruchtig und langanhaltend | Vapingnet.de<\/title>\n<meta name=\"description\" content=\"Entdecke Bang 15000 Puffs Watermelon Bubblegum Frisch fruchtig und langanhaltend bei vapingnet.de, \u25ba Gro\u00dfe Auswahl an Geschmacksrichtungen &amp; super g\u00fcnstig!\" \/>\n<meta name=\"robots\" content=\"index, follow, max-snippet:-1, max-image-preview:large, max-video-preview:-1\" \/>\n<link rel=\"canonical\" href=\"https:\/\/vapingnet.de\/pl\/vape\/bang-15000-puffs-watermelon-bubblegum-frisch-fruchtig-und-langanhaltend\/\" \/>\n<meta property=\"og:locale\" content=\"pl_PL\" \/>\n<meta property=\"og:type\" content=\"article\" \/>\n<meta property=\"og:title\" content=\"Bang 15000 Puffs Watermelon Bubblegum Frisch fruchtig und langanhaltend | Vapingnet.de\" \/>\n<meta property=\"og:description\" content=\"Entdecke Bang 15000 Puffs Watermelon Bubblegum Frisch fruchtig und langanhaltend bei vapingnet.de, \u25ba Gro\u00dfe Auswahl an Geschmacksrichtungen &amp; super g\u00fcnstig!\" \/>\n<meta property=\"og:url\" content=\"https:\/\/vapingnet.de\/pl\/vape\/bang-15000-puffs-watermelon-bubblegum-frisch-fruchtig-und-langanhaltend\/\" \/>\n<meta property=\"og:site_name\" content=\"Vapingnet.de\" \/>\n<meta property=\"article:publisher\" content=\"https:\/\/www.facebook.com\/vapingnetde\/\" \/>\n<meta property=\"article:modified_time\" content=\"2025-06-19T03:41:27+00:00\" \/>\n<meta property=\"og:image\" content=\"https:\/\/vapingnet.de\/wp-content\/uploads\/2025\/03\/Watermelon-Bubblegum-1.png\" \/>\n\t<meta property=\"og:image:width\" content=\"900\" \/>\n\t<meta property=\"og:image:height\" content=\"600\" \/>\n\t<meta property=\"og:image:type\" content=\"image\/png\" \/>\n<meta name=\"twitter:card\" content=\"summary_large_image\" \/>\n<meta name=\"twitter:label1\" content=\"Est. reading time\" \/>\n\t<meta name=\"twitter:data1\" content=\"3 minutes\" \/>\n<script type=\"application\/ld+json\" class=\"yoast-schema-graph\">{\"@context\":\"https:\/\/schema.org\",\"@graph\":[{\"@type\":\"WebPage\",\"@id\":\"https:\/\/vapingnet.de\/vape\/bang-15000-puffs-watermelon-bubblegum-frisch-fruchtig-und-langanhaltend\/\",\"url\":\"https:\/\/vapingnet.de\/vape\/bang-15000-puffs-watermelon-bubblegum-frisch-fruchtig-und-langanhaltend\/\",\"name\":\"Bang 15000 Puffs Watermelon Bubblegum Frisch fruchtig und langanhaltend | Vapingnet.de\",\"isPartOf\":{\"@id\":\"https:\/\/vapingnet.de\/#website\"},\"primaryImageOfPage\":{\"@id\":\"https:\/\/vapingnet.de\/vape\/bang-15000-puffs-watermelon-bubblegum-frisch-fruchtig-und-langanhaltend\/#primaryimage\"},\"image\":{\"@id\":\"https:\/\/vapingnet.de\/vape\/bang-15000-puffs-watermelon-bubblegum-frisch-fruchtig-und-langanhaltend\/#primaryimage\"},\"thumbnailUrl\":\"https:\/\/vapingnet.de\/wp-content\/uploads\/2025\/03\/Watermelon-Bubblegum-1.png\",\"datePublished\":\"2025-03-13T06:03:28+00:00\",\"dateModified\":\"2025-06-19T03:41:27+00:00\",\"description\":\"Entdecke Bang 15000 Puffs Watermelon Bubblegum Frisch fruchtig und langanhaltend bei vapingnet.de, \u25ba Gro\u00dfe Auswahl an Geschmacksrichtungen & super g\u00fcnstig!\",\"breadcrumb\":{\"@id\":\"https:\/\/vapingnet.de\/vape\/bang-15000-puffs-watermelon-bubblegum-frisch-fruchtig-und-langanhaltend\/#breadcrumb\"},\"inLanguage\":\"pl-PL\",\"potentialAction\":[{\"@type\":\"ReadAction\",\"target\":[\"https:\/\/vapingnet.de\/vape\/bang-15000-puffs-watermelon-bubblegum-frisch-fruchtig-und-langanhaltend\/\"]}]},{\"@type\":\"ImageObject\",\"inLanguage\":\"pl-PL\",\"@id\":\"https:\/\/vapingnet.de\/vape\/bang-15000-puffs-watermelon-bubblegum-frisch-fruchtig-und-langanhaltend\/#primaryimage\",\"url\":\"https:\/\/vapingnet.de\/wp-content\/uploads\/2025\/03\/Watermelon-Bubblegum-1.png\",\"contentUrl\":\"https:\/\/vapingnet.de\/wp-content\/uploads\/2025\/03\/Watermelon-Bubblegum-1.png\",\"width\":900,\"height\":600,\"caption\":\"Watermelon Bubblegum\"},{\"@type\":\"BreadcrumbList\",\"@id\":\"https:\/\/vapingnet.de\/vape\/bang-15000-puffs-watermelon-bubblegum-frisch-fruchtig-und-langanhaltend\/#breadcrumb\",\"itemListElement\":[{\"@type\":\"ListItem\",\"position\":1,\"name\":\"Home\",\"item\":\"https:\/\/vapingnet.de\/\"},{\"@type\":\"ListItem\",\"position\":2,\"name\":\"Shop\",\"item\":\"https:\/\/vapingnet.de\/vape\/\"},{\"@type\":\"ListItem\",\"position\":3,\"name\":\"Bang 15000 Puffs Watermelon Bubblegum Frisch fruchtig und langanhaltend\"}]},{\"@type\":\"WebSite\",\"@id\":\"https:\/\/vapingnet.de\/#website\",\"url\":\"https:\/\/vapingnet.de\/\",\"name\":\"Vapingnet.de\",\"description\":\"\",\"publisher\":{\"@id\":\"https:\/\/vapingnet.de\/#organization\"},\"potentialAction\":[{\"@type\":\"SearchAction\",\"target\":{\"@type\":\"EntryPoint\",\"urlTemplate\":\"https:\/\/vapingnet.de\/?s={search_term_string}\"},\"query-input\":{\"@type\":\"PropertyValueSpecification\",\"valueRequired\":true,\"valueName\":\"search_term_string\"}}],\"inLanguage\":\"pl-PL\"},{\"@type\":\"Organization\",\"@id\":\"https:\/\/vapingnet.de\/#organization\",\"name\":\"Vapingnet.de\",\"url\":\"https:\/\/vapingnet.de\/\",\"logo\":{\"@type\":\"ImageObject\",\"inLanguage\":\"pl-PL\",\"@id\":\"https:\/\/vapingnet.de\/#\/schema\/logo\/image\/\",\"url\":\"https:\/\/vapingnet.de\/wp-content\/uploads\/2025\/03\/cropped-vapingnet.de_.jpg\",\"contentUrl\":\"https:\/\/vapingnet.de\/wp-content\/uploads\/2025\/03\/cropped-vapingnet.de_.jpg\",\"width\":512,\"height\":512,\"caption\":\"Vapingnet.de\"},\"image\":{\"@id\":\"https:\/\/vapingnet.de\/#\/schema\/logo\/image\/\"},\"sameAs\":[\"https:\/\/www.facebook.com\/vapingnetde\/\"]}]}<\/script>\n<!-- \/ Yoast SEO plugin. -->","yoast_head_json":{"title":"Bang 15000 Puffs Watermelon Bubblegum Frisch fruchtig und langanhaltend | Vapingnet.de","description":"Entdecke Bang 15000 Puffs Watermelon Bubblegum Frisch fruchtig und langanhaltend bei vapingnet.de, \u25ba Gro\u00dfe Auswahl an Geschmacksrichtungen & super g\u00fcnstig!","robots":{"index":"index","follow":"follow","max-snippet":"max-snippet:-1","max-image-preview":"max-image-preview:large","max-video-preview":"max-video-preview:-1"},"canonical":"https:\/\/vapingnet.de\/pl\/vape\/bang-15000-puffs-watermelon-bubblegum-frisch-fruchtig-und-langanhaltend\/","og_locale":"pl_PL","og_type":"article","og_title":"Bang 15000 Puffs Watermelon Bubblegum Frisch fruchtig und langanhaltend | Vapingnet.de","og_description":"Entdecke Bang 15000 Puffs Watermelon Bubblegum Frisch fruchtig und langanhaltend bei vapingnet.de, \u25ba Gro\u00dfe Auswahl an Geschmacksrichtungen & super g\u00fcnstig!","og_url":"https:\/\/vapingnet.de\/pl\/vape\/bang-15000-puffs-watermelon-bubblegum-frisch-fruchtig-und-langanhaltend\/","og_site_name":"Vapingnet.de","article_publisher":"https:\/\/www.facebook.com\/vapingnetde\/","article_modified_time":"2025-06-19T03:41:27+00:00","og_image":[{"width":900,"height":600,"url":"https:\/\/vapingnet.de\/wp-content\/uploads\/2025\/03\/Watermelon-Bubblegum-1.png","type":"image\/png"}],"twitter_card":"summary_large_image","twitter_misc":{"Est. reading time":"3 minutes"},"schema":{"@context":"https:\/\/schema.org","@graph":[{"@type":"WebPage","@id":"https:\/\/vapingnet.de\/vape\/bang-15000-puffs-watermelon-bubblegum-frisch-fruchtig-und-langanhaltend\/","url":"https:\/\/vapingnet.de\/vape\/bang-15000-puffs-watermelon-bubblegum-frisch-fruchtig-und-langanhaltend\/","name":"Bang 15000 Puffs Watermelon Bubblegum Frisch fruchtig und langanhaltend | Vapingnet.de","isPartOf":{"@id":"https:\/\/vapingnet.de\/#website"},"primaryImageOfPage":{"@id":"https:\/\/vapingnet.de\/vape\/bang-15000-puffs-watermelon-bubblegum-frisch-fruchtig-und-langanhaltend\/#primaryimage"},"image":{"@id":"https:\/\/vapingnet.de\/vape\/bang-15000-puffs-watermelon-bubblegum-frisch-fruchtig-und-langanhaltend\/#primaryimage"},"thumbnailUrl":"https:\/\/vapingnet.de\/wp-content\/uploads\/2025\/03\/Watermelon-Bubblegum-1.png","datePublished":"2025-03-13T06:03:28+00:00","dateModified":"2025-06-19T03:41:27+00:00","description":"Entdecke Bang 15000 Puffs Watermelon Bubblegum Frisch fruchtig und langanhaltend bei vapingnet.de, \u25ba Gro\u00dfe Auswahl an Geschmacksrichtungen & super g\u00fcnstig!","breadcrumb":{"@id":"https:\/\/vapingnet.de\/vape\/bang-15000-puffs-watermelon-bubblegum-frisch-fruchtig-und-langanhaltend\/#breadcrumb"},"inLanguage":"pl-PL","potentialAction":[{"@type":"ReadAction","target":["https:\/\/vapingnet.de\/vape\/bang-15000-puffs-watermelon-bubblegum-frisch-fruchtig-und-langanhaltend\/"]}]},{"@type":"ImageObject","inLanguage":"pl-PL","@id":"https:\/\/vapingnet.de\/vape\/bang-15000-puffs-watermelon-bubblegum-frisch-fruchtig-und-langanhaltend\/#primaryimage","url":"https:\/\/vapingnet.de\/wp-content\/uploads\/2025\/03\/Watermelon-Bubblegum-1.png","contentUrl":"https:\/\/vapingnet.de\/wp-content\/uploads\/2025\/03\/Watermelon-Bubblegum-1.png","width":900,"height":600,"caption":"Watermelon Bubblegum"},{"@type":"BreadcrumbList","@id":"https:\/\/vapingnet.de\/vape\/bang-15000-puffs-watermelon-bubblegum-frisch-fruchtig-und-langanhaltend\/#breadcrumb","itemListElement":[{"@type":"ListItem","position":1,"name":"Home","item":"https:\/\/vapingnet.de\/"},{"@type":"ListItem","position":2,"name":"Shop","item":"https:\/\/vapingnet.de\/vape\/"},{"@type":"ListItem","position":3,"name":"Bang 15000 Puffs Watermelon Bubblegum Frisch fruchtig und langanhaltend"}]},{"@type":"WebSite","@id":"https:\/\/vapingnet.de\/#website","url":"https:\/\/vapingnet.de\/","name":"Vapingnet.de","description":"","publisher":{"@id":"https:\/\/vapingnet.de\/#organization"},"potentialAction":[{"@type":"SearchAction","target":{"@type":"EntryPoint","urlTemplate":"https:\/\/vapingnet.de\/?s={search_term_string}"},"query-input":{"@type":"PropertyValueSpecification","valueRequired":true,"valueName":"search_term_string"}}],"inLanguage":"pl-PL"},{"@type":"Organization","@id":"https:\/\/vapingnet.de\/#organization","name":"Vapingnet.de","url":"https:\/\/vapingnet.de\/","logo":{"@type":"ImageObject","inLanguage":"pl-PL","@id":"https:\/\/vapingnet.de\/#\/schema\/logo\/image\/","url":"https:\/\/vapingnet.de\/wp-content\/uploads\/2025\/03\/cropped-vapingnet.de_.jpg","contentUrl":"https:\/\/vapingnet.de\/wp-content\/uploads\/2025\/03\/cropped-vapingnet.de_.jpg","width":512,"height":512,"caption":"Vapingnet.de"},"image":{"@id":"https:\/\/vapingnet.de\/#\/schema\/logo\/image\/"},"sameAs":["https:\/\/www.facebook.com\/vapingnetde\/"]}]}},"tiered_pricing_type":"fixed","tiered_pricing_fixed_rules":{"10":"7.31","60":"6.58","110":"5.85","200":"5.12"},"tiered_pricing_product_settings":{"layout":"default","base_unit_name":{"singular":null,"plural":null},"default_variation":null},"tiered_pricing_minimum_quantity":null,"tiered_pricing_roles_data":[],"tiered_pricing_percentage_rules":[],"_links":{"self":[{"href":"https:\/\/vapingnet.de\/pl\/wp-json\/wp\/v2\/product\/5225","targetHints":{"allow":["GET"]}}],"collection":[{"href":"https:\/\/vapingnet.de\/pl\/wp-json\/wp\/v2\/product"}],"about":[{"href":"https:\/\/vapingnet.de\/pl\/wp-json\/wp\/v2\/types\/product"}],"version-history":[{"count":1,"href":"https:\/\/vapingnet.de\/pl\/wp-json\/wp\/v2\/product\/5225\/revisions"}],"predecessor-version":[{"id":5227,"href":"https:\/\/vapingnet.de\/pl\/wp-json\/wp\/v2\/product\/5225\/revisions\/5227"}],"wp:featuredmedia":[{"embeddable":true,"href":"https:\/\/vapingnet.de\/pl\/wp-json\/wp\/v2\/media\/5226"}],"wp:attachment":[{"href":"https:\/\/vapingnet.de\/pl\/wp-json\/wp\/v2\/media?parent=5225"}],"wp:term":[{"taxonomy":"brand","embeddable":true,"href":"https:\/\/vapingnet.de\/pl\/wp-json\/wp\/v2\/etheme_brands?post=5225"},{"taxonomy":"product_brand","embeddable":true,"href":"https:\/\/vapingnet.de\/pl\/wp-json\/wp\/v2\/product_brand?post=5225"},{"taxonomy":"product_cat","embeddable":true,"href":"https:\/\/vapingnet.de\/pl\/wp-json\/wp\/v2\/product_cat?post=5225"},{"taxonomy":"product_tag","embeddable":true,"href":"https:\/\/vapingnet.de\/pl\/wp-json\/wp\/v2\/product_tag?post=5225"}],"curies":[{"name":"wp","href":"https:\/\/api.w.org\/{rel}","templated":true}]}}