{"id":5228,"date":"2025-03-13T06:10:14","date_gmt":"2025-03-13T06:10:14","guid":{"rendered":"https:\/\/vapingnet.de\/?post_type=product&#038;p=5228"},"modified":"2025-06-19T03:41:27","modified_gmt":"2025-06-19T03:41:27","slug":"langer-dampfgenuss-mit-watermelon-ice-bang15000-puffs","status":"publish","type":"product","link":"https:\/\/vapingnet.de\/pl\/vape\/langer-dampfgenuss-mit-watermelon-ice-bang15000-puffs\/","title":{"rendered":"D\u0142ugi czas parowania z Watermelon Ice Bang15000 Puffs"},"content":{"rendered":"<h2 data-start=\"0\" data-end=\"108\">Bang15000 Puffs Wielokrotnego \u0142adowania jednorazowa e-papieros \u2013 Watermelon Ice, 15000 poci\u0105gni\u0119\u0107 pe\u0142nych przyjemno\u015bci<\/h2>\n<p data-start=\"115\" data-end=\"573\">The <a href=\"https:\/\/vapingnet.de\/pl\/bang-15000-puffs\/\" target=\"_blank\" rel=\"noopener\"><strong>Bang15000 Puffs Rechargeable Disposable Pod<\/strong><\/a> jest innowacyjnym, wielokrotnego \u0142adowania jednorazowym e-papierosem, kt\u00f3ry oferuje do 15000 poci\u0105gni\u0119\u0107. \u0142\u0105czy zaawansowan\u0105 technologi\u0119 Dul Mesh-spirali, 650mAh bateri\u0119 wielokrotnego \u0142adowania oraz pojemno\u015b\u0107 e-liquid 23mL, zapewniaj\u0105c niezr\u00f3wnane doznania podczas vapowania. Z ch\u0142odzonym wodnym melonem smak ka\u017cdego poci\u0105gni\u0119cia staje si\u0119 orze\u017awiaj\u0105cym i przyjemnym do\u015bwiadczeniem.<\/p>\n<h3 data-start=\"580\" data-end=\"599\">Cechy produktu<\/h3>\n<ul data-start=\"601\" data-end=\"2439\">\n<li data-start=\"601\" data-end=\"869\">\n<p data-start=\"603\" data-end=\"869\">15000 poci\u0105gni\u0119\u0107 dla d\u0142ugotrwa\u0142ych dozna\u0144<br data-start=\"651\" data-end=\"654\" \/>Ka\u017cdy Bang15000 e-papieros oferuje do 15000 poci\u0105gni\u0119\u0107, co czyni go idealnym wyborem do d\u0142ugotrwa\u0142ego u\u017cytkowania. Brak konieczno\u015bci cz\u0119stej wymiany urz\u0105dze\u0144, tylko d\u0142ugotrwa\u0142a rado\u015b\u0107 z ka\u017cdego inhalacji.<\/p>\n<\/li>\n<li data-start=\"871\" data-end=\"1126\">\n<p data-start=\"873\" data-end=\"1126\">Wielokrotnego \u0142adowania bateria z portem Type-C<br data-start=\"923\" data-end=\"926\" \/>Wyposa\u017cony w bateri\u0119 650mAh wielokrotnego \u0142adowania oraz szybki port Type-C, Bang15000 gwarantuje szybkie i \u0142atwe \u0142adowanie, dzi\u0119ki czemu nigdy nie zostaniesz bez przyjemno\u015bci vapowania.<\/p>\n<\/li>\n<li data-start=\"1128\" data-end=\"1354\">\n<p data-start=\"1130\" data-end=\"1354\">Technologia Dul Mesh 1.1\u03a9 spirali<br data-start=\"1165\" data-end=\"1168\" \/>Dzi\u0119ki zaawansowanej spirali Dul Mesh (1.1\u03a9) Bang15000 zapewnia r\u00f3wnomierny i pe\u0142ny dym, kt\u00f3ry przy ka\u017cdym poci\u0105gni\u0119ciu oferuje intensywne i sta\u0142e doznania smakowe.<\/p>\n<\/li>\n<li data-start=\"1356\" data-end=\"1607\">\n<p data-start=\"1358\" data-end=\"1607\">Du\u017ca pojemno\u015b\u0107 liquidu (23mL)<br data-start=\"1391\" data-end=\"1394\" \/>Ka\u017cdy e-papieros zawiera 23mL liquidu, wi\u0119c nie musisz si\u0119 martwi\u0107 o ci\u0105g\u0142e uzupe\u0142nianie. Ta wysoka pojemno\u015b\u0107 zapewnia d\u0142u\u017csze doznania vapowania i komfortowe u\u017cytkowanie bez przerw.<\/p>\n<\/li>\n<li data-start=\"1609\" data-end=\"1879\">\n<p data-start=\"1611\" data-end=\"1879\">Watermelon Ice<br data-start=\"1639\" data-end=\"1642\" \/>Smak Watermelon Ice \u0142\u0105czy s\u0142odycz arbuza z orze\u017awiaj\u0105cym ch\u0142odnym akcentem. Ka\u017cde poci\u0105gni\u0119cie przynosi uczucie orze\u017awiaj\u0105cej letniej podr\u00f3\u017cy \u2013 od\u015bwie\u017caj\u0105ce i jednocze\u015bnie pyszne.<\/p>\n<\/li>\n<li data-start=\"1881\" data-end=\"2149\">\n<p data-start=\"1883\" data-end=\"2149\">R\u00f3\u017cne st\u0119\u017cenia nikotyny<br data-start=\"1914\" data-end=\"1917\" \/>Bang15000 jest dost\u0119pny w mocach nikotynowych 0%, 2%, 3% i 5%, co pozwala dostosowa\u0107 zawarto\u015b\u0107 nikotyny do w\u0142asnych preferencji. Nale\u017cy pami\u0119ta\u0107, \u017ce 0% i 3% nikotyna s\u0105 dost\u0119pne tylko dla du\u017cych zam\u00f3wie\u0144.<\/p>\n<\/li>\n<li data-start=\"2151\" data-end=\"2439\">\n<p data-start=\"2153\" data-end=\"2439\">Bez c\u0142a i wygodne zakupy<br data-start=\"2186\" data-end=\"2189\" \/>Zakup e-papierosa Bang15000 jest <a href=\"https:\/\/vapingnet.de\/pl\/k\/f\/\" target=\"_blank\" rel=\"noopener\"><strong>ca\u0142kowicie bezc\u0142owy<\/strong><\/a>, co pozwala cieszy\u0107 si\u0119 bezstresowym do\u015bwiadczeniem zakupowym. Niezale\u017cnie od tego, czy do u\u017cytku osobistego, czy hurtowego \u2013 ten e-papieros oferuje doskona\u0142y stosunek jako\u015bci do ceny.<\/p>\n<\/li>\n<\/ul>\n<h4 data-start=\"2446\" data-end=\"2461\"><img fetchpriority=\"high\" decoding=\"async\" class=\"size-full wp-image-6909 aligncenter\" src=\"https:\/\/vapingnet.de\/wp-content\/uploads\/2025\/03\/VAPE-1.jpg\" alt=\"\" width=\"1296\" height=\"1080\" srcset=\"https:\/\/vapingnet.de\/wp-content\/uploads\/2025\/03\/VAPE-1.jpg 1296w, https:\/\/vapingnet.de\/wp-content\/uploads\/2025\/03\/VAPE-1-300x250.jpg 300w, https:\/\/vapingnet.de\/wp-content\/uploads\/2025\/03\/VAPE-1-1024x853.jpg 1024w, https:\/\/vapingnet.de\/wp-content\/uploads\/2025\/03\/VAPE-1-768x640.jpg 768w, https:\/\/vapingnet.de\/wp-content\/uploads\/2025\/03\/VAPE-1-600x500.jpg 600w, https:\/\/vapingnet.de\/wp-content\/uploads\/2025\/03\/VAPE-1-1x1.jpg 1w, https:\/\/vapingnet.de\/wp-content\/uploads\/2025\/03\/VAPE-1-10x8.jpg 10w\" sizes=\"(max-width: 1296px) 100vw, 1296px\" \/><\/h4>\n<h4 data-start=\"2446\" data-end=\"2461\">Grupy docelowe<\/h4>\n<ul data-start=\"2463\" data-end=\"2917\">\n<li data-start=\"2463\" data-end=\"2697\">Do u\u017cytku osobistego: Je\u015bli jeste\u015b mi\u0142o\u015bnikiem e-papieros\u00f3w, Bang15000 jest idealnym wyborem dla Ciebie. Oferuje d\u0142ugotrwa\u0142e u\u017cytkowanie, \u015bwietny smak i przyjazn\u0105 funkcj\u0119 \u0142adowania.<\/li>\n<li data-start=\"2698\" data-end=\"2917\">Dla hurtownik\u00f3w: Bang15000 jest r\u00f3wnie\u017c idealny do hurtowej sprzeda\u017cy. Dzi\u0119ki du\u017cej pojemno\u015bci, atrakcyjnej relacji jako\u015bci do ceny i braku c\u0142a, jest doskona\u0142ym wyborem dla du\u017cych zam\u00f3wie\u0144.<\/li>\n<\/ul>\n<h4 data-start=\"2924\" data-end=\"3220\">Jak mo\u017cesz go kupi\u0107<\/h4>\n<p data-start=\"2924\" data-end=\"3220\">Odwied\u017a teraz nasz\u0105 stron\u0119 internetow\u0105 <a href=\"https:\/\/vapingnet.de\/pl\/\" target=\"_new\" rel=\"noopener\" data-start=\"2983\" data-end=\"3019\">vapingnet.de<\/a>, wybierz sw\u00f3j preferowany smak i zawarto\u015b\u0107 nikotyny i ciesz si\u0119 15000 poci\u0105gni\u0119ciami czystej przyjemno\u015bci z parowania. Niezale\u017cnie czy do u\u017cytku osobistego, czy na du\u017ce zam\u00f3wienia \u2013 Bang15000 to idealny wyb\u00f3r!<\/p>\n<p data-start=\"3222\" data-end=\"3335\" data-is-last-node=\"\" data-is-only-node=\"\">Do\u015bwiadcz od\u015bwie\u017caj\u0105cego smaku mro\u017conej arbuzowej wody i wkrocz w now\u0105 er\u0119 vapingu!<\/p>","protected":false},"excerpt":{"rendered":"<p>Bang15000 Puffs Wiederaufladbare Einweg-E-Zigarette \u2013 Watermelon Ice, 15000 Z\u00fcge voller Genuss Die Bang15000 Puffs Rechargeable Disposable Pod ist eine innovative, wiederaufladbare Einweg-E-Zigarette, die bis zu&#8230;<\/p>","protected":false},"featured_media":5230,"template":"","meta":[],"etheme_brands":[],"product_brand":[101],"product_cat":[53,49,61],"product_tag":[],"class_list":{"0":"post-5228","1":"product","2":"type-product","3":"status-publish","4":"has-post-thumbnail","6":"product_brand-bang-king-vape","7":"product_cat-vape-15000-zuege","8":"product_cat-einweg-e-zigarette","9":"product_cat-f","11":"first","12":"instock","13":"shipping-taxable","14":"purchasable","15":"product-type-simple"},"yoast_head":"<!-- This site is optimized with the Yoast SEO plugin v26.5 - https:\/\/yoast.com\/wordpress\/plugins\/seo\/ -->\n<title>Langer Dampfgenuss mit Watermelon Ice Bang15000 Puffs | Vapingnet.de<\/title>\n<meta name=\"description\" content=\"Entdecke Langer Dampfgenuss mit Watermelon Ice Bang15000 Puffs bei vapingnet.de, \u25ba Gro\u00dfe Auswahl an Geschmacksrichtungen &amp; super g\u00fcnstig!\" \/>\n<meta name=\"robots\" content=\"index, follow, max-snippet:-1, max-image-preview:large, max-video-preview:-1\" \/>\n<link rel=\"canonical\" href=\"https:\/\/vapingnet.de\/pl\/vape\/langer-dampfgenuss-mit-watermelon-ice-bang15000-puffs\/\" \/>\n<meta property=\"og:locale\" content=\"pl_PL\" \/>\n<meta property=\"og:type\" content=\"article\" \/>\n<meta property=\"og:title\" content=\"Langer Dampfgenuss mit Watermelon Ice Bang15000 Puffs | Vapingnet.de\" \/>\n<meta property=\"og:description\" content=\"Entdecke Langer Dampfgenuss mit Watermelon Ice Bang15000 Puffs bei vapingnet.de, \u25ba Gro\u00dfe Auswahl an Geschmacksrichtungen &amp; super g\u00fcnstig!\" \/>\n<meta property=\"og:url\" content=\"https:\/\/vapingnet.de\/pl\/vape\/langer-dampfgenuss-mit-watermelon-ice-bang15000-puffs\/\" \/>\n<meta property=\"og:site_name\" content=\"Vapingnet.de\" \/>\n<meta property=\"article:publisher\" content=\"https:\/\/www.facebook.com\/vapingnetde\/\" \/>\n<meta property=\"article:modified_time\" content=\"2025-06-19T03:41:27+00:00\" \/>\n<meta property=\"og:image\" content=\"https:\/\/vapingnet.de\/wp-content\/uploads\/2025\/03\/Watermelon-Ice.png\" \/>\n\t<meta property=\"og:image:width\" content=\"900\" \/>\n\t<meta property=\"og:image:height\" content=\"600\" \/>\n\t<meta property=\"og:image:type\" content=\"image\/png\" \/>\n<meta name=\"twitter:card\" content=\"summary_large_image\" \/>\n<meta name=\"twitter:label1\" content=\"Est. reading time\" \/>\n\t<meta name=\"twitter:data1\" content=\"3 minutes\" \/>\n<script type=\"application\/ld+json\" class=\"yoast-schema-graph\">{\"@context\":\"https:\/\/schema.org\",\"@graph\":[{\"@type\":\"WebPage\",\"@id\":\"https:\/\/vapingnet.de\/vape\/langer-dampfgenuss-mit-watermelon-ice-bang15000-puffs\/\",\"url\":\"https:\/\/vapingnet.de\/vape\/langer-dampfgenuss-mit-watermelon-ice-bang15000-puffs\/\",\"name\":\"Langer Dampfgenuss mit Watermelon Ice Bang15000 Puffs | Vapingnet.de\",\"isPartOf\":{\"@id\":\"https:\/\/vapingnet.de\/#website\"},\"primaryImageOfPage\":{\"@id\":\"https:\/\/vapingnet.de\/vape\/langer-dampfgenuss-mit-watermelon-ice-bang15000-puffs\/#primaryimage\"},\"image\":{\"@id\":\"https:\/\/vapingnet.de\/vape\/langer-dampfgenuss-mit-watermelon-ice-bang15000-puffs\/#primaryimage\"},\"thumbnailUrl\":\"https:\/\/vapingnet.de\/wp-content\/uploads\/2025\/03\/Watermelon-Ice.png\",\"datePublished\":\"2025-03-13T06:10:14+00:00\",\"dateModified\":\"2025-06-19T03:41:27+00:00\",\"description\":\"Entdecke Langer Dampfgenuss mit Watermelon Ice Bang15000 Puffs bei vapingnet.de, \u25ba Gro\u00dfe Auswahl an Geschmacksrichtungen & super g\u00fcnstig!\",\"breadcrumb\":{\"@id\":\"https:\/\/vapingnet.de\/vape\/langer-dampfgenuss-mit-watermelon-ice-bang15000-puffs\/#breadcrumb\"},\"inLanguage\":\"pl-PL\",\"potentialAction\":[{\"@type\":\"ReadAction\",\"target\":[\"https:\/\/vapingnet.de\/vape\/langer-dampfgenuss-mit-watermelon-ice-bang15000-puffs\/\"]}]},{\"@type\":\"ImageObject\",\"inLanguage\":\"pl-PL\",\"@id\":\"https:\/\/vapingnet.de\/vape\/langer-dampfgenuss-mit-watermelon-ice-bang15000-puffs\/#primaryimage\",\"url\":\"https:\/\/vapingnet.de\/wp-content\/uploads\/2025\/03\/Watermelon-Ice.png\",\"contentUrl\":\"https:\/\/vapingnet.de\/wp-content\/uploads\/2025\/03\/Watermelon-Ice.png\",\"width\":900,\"height\":600,\"caption\":\"Watermelon Ice\"},{\"@type\":\"BreadcrumbList\",\"@id\":\"https:\/\/vapingnet.de\/vape\/langer-dampfgenuss-mit-watermelon-ice-bang15000-puffs\/#breadcrumb\",\"itemListElement\":[{\"@type\":\"ListItem\",\"position\":1,\"name\":\"Home\",\"item\":\"https:\/\/vapingnet.de\/\"},{\"@type\":\"ListItem\",\"position\":2,\"name\":\"Shop\",\"item\":\"https:\/\/vapingnet.de\/vape\/\"},{\"@type\":\"ListItem\",\"position\":3,\"name\":\"Langer Dampfgenuss mit Watermelon Ice Bang15000 Puffs\"}]},{\"@type\":\"WebSite\",\"@id\":\"https:\/\/vapingnet.de\/#website\",\"url\":\"https:\/\/vapingnet.de\/\",\"name\":\"Vapingnet.de\",\"description\":\"\",\"publisher\":{\"@id\":\"https:\/\/vapingnet.de\/#organization\"},\"potentialAction\":[{\"@type\":\"SearchAction\",\"target\":{\"@type\":\"EntryPoint\",\"urlTemplate\":\"https:\/\/vapingnet.de\/?s={search_term_string}\"},\"query-input\":{\"@type\":\"PropertyValueSpecification\",\"valueRequired\":true,\"valueName\":\"search_term_string\"}}],\"inLanguage\":\"pl-PL\"},{\"@type\":\"Organization\",\"@id\":\"https:\/\/vapingnet.de\/#organization\",\"name\":\"Vapingnet.de\",\"url\":\"https:\/\/vapingnet.de\/\",\"logo\":{\"@type\":\"ImageObject\",\"inLanguage\":\"pl-PL\",\"@id\":\"https:\/\/vapingnet.de\/#\/schema\/logo\/image\/\",\"url\":\"https:\/\/vapingnet.de\/wp-content\/uploads\/2025\/03\/cropped-vapingnet.de_.jpg\",\"contentUrl\":\"https:\/\/vapingnet.de\/wp-content\/uploads\/2025\/03\/cropped-vapingnet.de_.jpg\",\"width\":512,\"height\":512,\"caption\":\"Vapingnet.de\"},\"image\":{\"@id\":\"https:\/\/vapingnet.de\/#\/schema\/logo\/image\/\"},\"sameAs\":[\"https:\/\/www.facebook.com\/vapingnetde\/\"]}]}<\/script>\n<!-- \/ Yoast SEO plugin. -->","yoast_head_json":{"title":"Langer Dampfgenuss mit Watermelon Ice Bang15000 Puffs | Vapingnet.de","description":"Entdecke Langer Dampfgenuss mit Watermelon Ice Bang15000 Puffs bei vapingnet.de, \u25ba Gro\u00dfe Auswahl an Geschmacksrichtungen & super g\u00fcnstig!","robots":{"index":"index","follow":"follow","max-snippet":"max-snippet:-1","max-image-preview":"max-image-preview:large","max-video-preview":"max-video-preview:-1"},"canonical":"https:\/\/vapingnet.de\/pl\/vape\/langer-dampfgenuss-mit-watermelon-ice-bang15000-puffs\/","og_locale":"pl_PL","og_type":"article","og_title":"Langer Dampfgenuss mit Watermelon Ice Bang15000 Puffs | Vapingnet.de","og_description":"Entdecke Langer Dampfgenuss mit Watermelon Ice Bang15000 Puffs bei vapingnet.de, \u25ba Gro\u00dfe Auswahl an Geschmacksrichtungen & super g\u00fcnstig!","og_url":"https:\/\/vapingnet.de\/pl\/vape\/langer-dampfgenuss-mit-watermelon-ice-bang15000-puffs\/","og_site_name":"Vapingnet.de","article_publisher":"https:\/\/www.facebook.com\/vapingnetde\/","article_modified_time":"2025-06-19T03:41:27+00:00","og_image":[{"width":900,"height":600,"url":"https:\/\/vapingnet.de\/wp-content\/uploads\/2025\/03\/Watermelon-Ice.png","type":"image\/png"}],"twitter_card":"summary_large_image","twitter_misc":{"Est. reading time":"3 minutes"},"schema":{"@context":"https:\/\/schema.org","@graph":[{"@type":"WebPage","@id":"https:\/\/vapingnet.de\/vape\/langer-dampfgenuss-mit-watermelon-ice-bang15000-puffs\/","url":"https:\/\/vapingnet.de\/vape\/langer-dampfgenuss-mit-watermelon-ice-bang15000-puffs\/","name":"Langer Dampfgenuss mit Watermelon Ice Bang15000 Puffs | Vapingnet.de","isPartOf":{"@id":"https:\/\/vapingnet.de\/#website"},"primaryImageOfPage":{"@id":"https:\/\/vapingnet.de\/vape\/langer-dampfgenuss-mit-watermelon-ice-bang15000-puffs\/#primaryimage"},"image":{"@id":"https:\/\/vapingnet.de\/vape\/langer-dampfgenuss-mit-watermelon-ice-bang15000-puffs\/#primaryimage"},"thumbnailUrl":"https:\/\/vapingnet.de\/wp-content\/uploads\/2025\/03\/Watermelon-Ice.png","datePublished":"2025-03-13T06:10:14+00:00","dateModified":"2025-06-19T03:41:27+00:00","description":"Entdecke Langer Dampfgenuss mit Watermelon Ice Bang15000 Puffs bei vapingnet.de, \u25ba Gro\u00dfe Auswahl an Geschmacksrichtungen & super g\u00fcnstig!","breadcrumb":{"@id":"https:\/\/vapingnet.de\/vape\/langer-dampfgenuss-mit-watermelon-ice-bang15000-puffs\/#breadcrumb"},"inLanguage":"pl-PL","potentialAction":[{"@type":"ReadAction","target":["https:\/\/vapingnet.de\/vape\/langer-dampfgenuss-mit-watermelon-ice-bang15000-puffs\/"]}]},{"@type":"ImageObject","inLanguage":"pl-PL","@id":"https:\/\/vapingnet.de\/vape\/langer-dampfgenuss-mit-watermelon-ice-bang15000-puffs\/#primaryimage","url":"https:\/\/vapingnet.de\/wp-content\/uploads\/2025\/03\/Watermelon-Ice.png","contentUrl":"https:\/\/vapingnet.de\/wp-content\/uploads\/2025\/03\/Watermelon-Ice.png","width":900,"height":600,"caption":"Watermelon Ice"},{"@type":"BreadcrumbList","@id":"https:\/\/vapingnet.de\/vape\/langer-dampfgenuss-mit-watermelon-ice-bang15000-puffs\/#breadcrumb","itemListElement":[{"@type":"ListItem","position":1,"name":"Home","item":"https:\/\/vapingnet.de\/"},{"@type":"ListItem","position":2,"name":"Shop","item":"https:\/\/vapingnet.de\/vape\/"},{"@type":"ListItem","position":3,"name":"Langer Dampfgenuss mit Watermelon Ice Bang15000 Puffs"}]},{"@type":"WebSite","@id":"https:\/\/vapingnet.de\/#website","url":"https:\/\/vapingnet.de\/","name":"Vapingnet.de","description":"","publisher":{"@id":"https:\/\/vapingnet.de\/#organization"},"potentialAction":[{"@type":"SearchAction","target":{"@type":"EntryPoint","urlTemplate":"https:\/\/vapingnet.de\/?s={search_term_string}"},"query-input":{"@type":"PropertyValueSpecification","valueRequired":true,"valueName":"search_term_string"}}],"inLanguage":"pl-PL"},{"@type":"Organization","@id":"https:\/\/vapingnet.de\/#organization","name":"Vapingnet.de","url":"https:\/\/vapingnet.de\/","logo":{"@type":"ImageObject","inLanguage":"pl-PL","@id":"https:\/\/vapingnet.de\/#\/schema\/logo\/image\/","url":"https:\/\/vapingnet.de\/wp-content\/uploads\/2025\/03\/cropped-vapingnet.de_.jpg","contentUrl":"https:\/\/vapingnet.de\/wp-content\/uploads\/2025\/03\/cropped-vapingnet.de_.jpg","width":512,"height":512,"caption":"Vapingnet.de"},"image":{"@id":"https:\/\/vapingnet.de\/#\/schema\/logo\/image\/"},"sameAs":["https:\/\/www.facebook.com\/vapingnetde\/"]}]}},"tiered_pricing_type":"fixed","tiered_pricing_fixed_rules":{"10":"7.31","60":"6.58","110":"5.85","200":"5.12"},"tiered_pricing_product_settings":{"layout":"default","base_unit_name":{"singular":null,"plural":null},"default_variation":null},"tiered_pricing_minimum_quantity":null,"tiered_pricing_roles_data":[],"tiered_pricing_percentage_rules":[],"_links":{"self":[{"href":"https:\/\/vapingnet.de\/pl\/wp-json\/wp\/v2\/product\/5228","targetHints":{"allow":["GET"]}}],"collection":[{"href":"https:\/\/vapingnet.de\/pl\/wp-json\/wp\/v2\/product"}],"about":[{"href":"https:\/\/vapingnet.de\/pl\/wp-json\/wp\/v2\/types\/product"}],"version-history":[{"count":2,"href":"https:\/\/vapingnet.de\/pl\/wp-json\/wp\/v2\/product\/5228\/revisions"}],"predecessor-version":[{"id":6910,"href":"https:\/\/vapingnet.de\/pl\/wp-json\/wp\/v2\/product\/5228\/revisions\/6910"}],"wp:featuredmedia":[{"embeddable":true,"href":"https:\/\/vapingnet.de\/pl\/wp-json\/wp\/v2\/media\/5230"}],"wp:attachment":[{"href":"https:\/\/vapingnet.de\/pl\/wp-json\/wp\/v2\/media?parent=5228"}],"wp:term":[{"taxonomy":"brand","embeddable":true,"href":"https:\/\/vapingnet.de\/pl\/wp-json\/wp\/v2\/etheme_brands?post=5228"},{"taxonomy":"product_brand","embeddable":true,"href":"https:\/\/vapingnet.de\/pl\/wp-json\/wp\/v2\/product_brand?post=5228"},{"taxonomy":"product_cat","embeddable":true,"href":"https:\/\/vapingnet.de\/pl\/wp-json\/wp\/v2\/product_cat?post=5228"},{"taxonomy":"product_tag","embeddable":true,"href":"https:\/\/vapingnet.de\/pl\/wp-json\/wp\/v2\/product_tag?post=5228"}],"curies":[{"name":"wp","href":"https:\/\/api.w.org\/{rel}","templated":true}]}}