{"id":5239,"date":"2025-03-13T06:56:14","date_gmt":"2025-03-13T06:56:14","guid":{"rendered":"https:\/\/vapingnet.de\/?post_type=product&#038;p=5239"},"modified":"2025-06-19T03:41:26","modified_gmt":"2025-06-19T03:41:26","slug":"bang-30000-puffs-dual-flavor-duty-free-einweg-vape-mit-red-bull-und-blueberry-watermelon-fuer-langanhaltenden-geschmack","status":"publish","type":"product","link":"https:\/\/vapingnet.de\/pl\/vape\/bang-30000-puffs-dual-flavor-duty-free-einweg-vape-mit-red-bull-und-blueberry-watermelon-fuer-langanhaltenden-geschmack\/","title":{"rendered":"Bang 30000 Puffs Dual Flavor Duty free jednorazowy vape z Red Bull i Blueberry Watermelon na d\u0142ugi smak"},"content":{"rendered":"<h2 data-start=\"0\" data-end=\"94\">Bang 30000 Puffs Dual Flavor \u2013 D\u0142ugotrwa\u0142a przyjemno\u015b\u0107 z dwoma smakami!<\/h2>\n<p data-start=\"96\" data-end=\"477\">Szukasz wysokiej jako\u015bci jednorazowego vape, kt\u00f3ry wytrzymuje ekstremalnie d\u0142ugo i jednocze\u015bnie oferuje dwa fantastyczne smaki? W takim razie Bang 30000 Puffs Dual Flavor Disposable jest dok\u0142adnie dla Ciebie! Z <a href=\"https:\/\/vapingnet.de\/pl\/k\/vape-30000-zuege\/\" target=\"_blank\" rel=\"noopener\"><strong>30 000 zaci\u0105gni\u0119\u0107<\/strong><\/a>, wymiennym akumulatorem i regulowanym przep\u0142ywem powietrza ciesz si\u0119 maksymaln\u0105 swobod\u0105 i unikalnym do\u015bwiadczeniem parowania.<\/p>\n<h4 data-start=\"486\" data-end=\"534\">\ud83d\udd25 Najwa\u017cniejsze cechy produktu w skr\u00f3cie!<\/h4>\n<p data-start=\"535\" data-end=\"1373\">\u2705 Ultra d\u0142ugi czas u\u017cytkowania \u2013 do 30 000 zaci\u0105gni\u0119\u0107, dla nieko\u0144cz\u0105cej si\u0119 przyjemno\u015bci z parowania!<br data-start=\"615\" data-end=\"618\" \/>\u2705 Dwa smaki \u2013 \u0142atwo prze\u0142\u0105czaj mi\u0119dzy Red Bull a Blueberry Watermelon!<br data-start=\"714\" data-end=\"717\" \/>\u2705 Regulowany przep\u0142yw powietrza \u2013 dostosuj op\u00f3r zaci\u0105gni\u0119cia do swoich preferencji!<br data-start=\"805\" data-end=\"808\" \/>\u2705 Innowacyjna mesh coil (1,0\u03a9) \u2013 r\u00f3wnomierne, intensywne chmury pary z pe\u0142nym smakiem!<br data-start=\"901\" data-end=\"904\" \/>\u2705 LED-owy wy\u015bwietlacz cyfrowy \u2013 zawsze na bie\u017c\u0105co z poziomem baterii i stanem smaku!<br data-start=\"973\" data-end=\"976\" \/>\u2705 550mAh wymienny akumulator \u2013 port USB-C do szybkiego i wygodnego \u0142adowania!<br data-start=\"1063\" data-end=\"1066\" \/>\u2705 Ogromna pojemno\u015b\u0107 liquidu \u2013 36ml na jeszcze d\u0142u\u017csze u\u017cytkowanie!<br data-start=\"1138\" data-end=\"1141\" \/>\u2705 R\u00f3\u017cne poziomy nikotyny \u2013 0% \/ 2% \/ 3% \/ 5%, dopasowane do ka\u017cdego gustu! (0% i 3% dost\u0119pne tylko na zam\u00f3wienie w du\u017cych ilo\u015bciach)<\/p>\n<h4 data-start=\"1382\" data-end=\"1445\">\ud83d\udca8 Dwa smaki dla nieograniczonej przyjemno\u015bci!<\/h4>\n<p data-start=\"1446\" data-end=\"1749\">Dzi\u0119ki podw\u00f3jnemu smakowi Dual-Flavor mo\u017cesz prze\u0142\u0105cza\u0107 si\u0119 mi\u0119dzy Red Bull a Blueberry Watermelon \u2013 idealne na ka\u017cd\u0105 okazj\u0119! Rozpocznij dzie\u0144 od orze\u017awiaj\u0105cego smaku energii lub zrelaksuj si\u0119 po po\u0142udniu z owocow\u0105, \u015bwie\u017c\u0105 s\u0142odycz\u0105!<\/p>\n<h3 data-start=\"1758\" data-end=\"1794\">\u26a1 Dlaczego wybra\u0107 Bang 30000?<\/h3>\n<p data-start=\"1795\" data-end=\"2198\">\ud83d\udd39 D\u0142u\u017cej dzia\u0142aj\u0105cy ni\u017c tradycyjne jednoraz\u00f3wki \u2013 z 30 000 zaci\u0105gni\u0119ciami oszcz\u0119dzasz pieni\u0105dze!<br data-start=\"1888\" data-end=\"1891\" \/>\ud83d\udd39 Wi\u0119cej kontroli, wi\u0119cej komfortu \u2013 wy\u015bwietlacz LED + regulacja przep\u0142ywu powietrza dla indywidualnego do\u015bwiadczenia parowania!<br data-start=\"1999\" data-end=\"2002\" \/>\ud83d\udd39 Wyb\u00f3r zawarto\u015bci nikotyny \u2013 idealne dla tych, kt\u00f3rzy chc\u0105 dostosowa\u0107 lub zmniejszy\u0107 sw\u00f3j konsumpcj\u0119!<br data-start=\"2101\" data-end=\"2104\" \/>\ud83d\udd39 Bez c\u0142a, bez stresu \u2013 wysy\u0142ka bezpo\u015brednio z Deutschland, szybko i bezproblemowo!<\/p>\n<p data-start=\"2207\" data-end=\"2331\">Zam\u00f3w ju\u017c teraz i ciesz si\u0119 najlepszym do\u015bwiadczeniem vapowania!<br data-start=\"2272\" data-end=\"2275\" \/>\ud83d\udc49 Link do sklepu: <a href=\"https:\/\/vapingnet.de\/pl\/\" target=\"_new\" rel=\"noopener\" data-start=\"2293\" data-end=\"2329\">vapingnet.de<\/a><\/p>\n<p data-start=\"2333\" data-end=\"2405\" data-is-last-node=\"\" data-is-only-node=\"\">Zdob\u0105d\u017a Bang 30000 i do\u015bwiadcz vaping na nowym poziomie! \ud83d\ude80\ud83d\udd25<\/p>","protected":false},"excerpt":{"rendered":"<p>Bang 30000 Puffs Dual Flavor \u2013 D\u0142ugotrwa\u0142a przyjemno\u015b\u0107 z dwoma smakami! Szukasz wysokiej jako\u015bci jednorazowego vape, kt\u00f3ry wytrzyma ekstremalnie d\u0142ugo i jednocze\u015bnie oferuje dwa fantastyczne smaki...<\/p>","protected":false},"featured_media":5240,"template":"","meta":[],"etheme_brands":[],"product_brand":[101],"product_cat":[56,49,61],"product_tag":[],"class_list":{"0":"post-5239","1":"product","2":"type-product","3":"status-publish","4":"has-post-thumbnail","6":"product_brand-bang-king-vape","7":"product_cat-vape-30000-zuege","8":"product_cat-einweg-e-zigarette","9":"product_cat-f","11":"first","12":"instock","13":"shipping-taxable","14":"purchasable","15":"product-type-simple"},"yoast_head":"<!-- This site is optimized with the Yoast SEO plugin v26.5 - https:\/\/yoast.com\/wordpress\/plugins\/seo\/ -->\n<title>Bang 30000 Puffs Dual Flavor Duty free Einweg Vape mit Red Bull und Blueberry Watermelon f\u00fcr langanhaltenden Geschmack | Vapingnet.de<\/title>\n<meta name=\"description\" content=\"Entdecke Bang 30000 Puffs Dual Flavor Duty free Einweg Vape mit Red Bull und Blueberry Watermelon f\u00fcr langanhaltenden Geschmack bei vapingnet.de, \u25ba Gro\u00dfe Auswahl an Geschmacksrichtungen &amp; super g\u00fcnstig!\" \/>\n<meta name=\"robots\" content=\"index, follow, max-snippet:-1, max-image-preview:large, max-video-preview:-1\" \/>\n<link rel=\"canonical\" href=\"https:\/\/vapingnet.de\/pl\/vape\/bang-30000-puffs-dual-flavor-duty-free-einweg-vape-mit-red-bull-und-blueberry-watermelon-fuer-langanhaltenden-geschmack\/\" \/>\n<meta property=\"og:locale\" content=\"pl_PL\" \/>\n<meta property=\"og:type\" content=\"article\" \/>\n<meta property=\"og:title\" content=\"Bang 30000 Puffs Dual Flavor Duty free Einweg Vape mit Red Bull und Blueberry Watermelon f\u00fcr langanhaltenden Geschmack | Vapingnet.de\" \/>\n<meta property=\"og:description\" content=\"Entdecke Bang 30000 Puffs Dual Flavor Duty free Einweg Vape mit Red Bull und Blueberry Watermelon f\u00fcr langanhaltenden Geschmack bei vapingnet.de, \u25ba Gro\u00dfe Auswahl an Geschmacksrichtungen &amp; super g\u00fcnstig!\" \/>\n<meta property=\"og:url\" content=\"https:\/\/vapingnet.de\/pl\/vape\/bang-30000-puffs-dual-flavor-duty-free-einweg-vape-mit-red-bull-und-blueberry-watermelon-fuer-langanhaltenden-geschmack\/\" \/>\n<meta property=\"og:site_name\" content=\"Vapingnet.de\" \/>\n<meta property=\"article:publisher\" content=\"https:\/\/www.facebook.com\/vapingnetde\/\" \/>\n<meta property=\"article:modified_time\" content=\"2025-06-19T03:41:26+00:00\" \/>\n<meta property=\"og:image\" content=\"https:\/\/vapingnet.de\/wp-content\/uploads\/2025\/03\/Red-Bull-und-Blueberry-Watermelon.png\" \/>\n\t<meta property=\"og:image:width\" content=\"900\" \/>\n\t<meta property=\"og:image:height\" content=\"600\" \/>\n\t<meta property=\"og:image:type\" content=\"image\/png\" \/>\n<meta name=\"twitter:card\" content=\"summary_large_image\" \/>\n<meta name=\"twitter:label1\" content=\"Est. reading time\" \/>\n\t<meta name=\"twitter:data1\" content=\"2 minutes\" \/>\n<script type=\"application\/ld+json\" class=\"yoast-schema-graph\">{\"@context\":\"https:\/\/schema.org\",\"@graph\":[{\"@type\":\"WebPage\",\"@id\":\"https:\/\/vapingnet.de\/vape\/bang-30000-puffs-dual-flavor-duty-free-einweg-vape-mit-red-bull-und-blueberry-watermelon-fuer-langanhaltenden-geschmack\/\",\"url\":\"https:\/\/vapingnet.de\/vape\/bang-30000-puffs-dual-flavor-duty-free-einweg-vape-mit-red-bull-und-blueberry-watermelon-fuer-langanhaltenden-geschmack\/\",\"name\":\"Bang 30000 Puffs Dual Flavor Duty free Einweg Vape mit Red Bull und Blueberry Watermelon f\u00fcr langanhaltenden Geschmack | Vapingnet.de\",\"isPartOf\":{\"@id\":\"https:\/\/vapingnet.de\/#website\"},\"primaryImageOfPage\":{\"@id\":\"https:\/\/vapingnet.de\/vape\/bang-30000-puffs-dual-flavor-duty-free-einweg-vape-mit-red-bull-und-blueberry-watermelon-fuer-langanhaltenden-geschmack\/#primaryimage\"},\"image\":{\"@id\":\"https:\/\/vapingnet.de\/vape\/bang-30000-puffs-dual-flavor-duty-free-einweg-vape-mit-red-bull-und-blueberry-watermelon-fuer-langanhaltenden-geschmack\/#primaryimage\"},\"thumbnailUrl\":\"https:\/\/vapingnet.de\/wp-content\/uploads\/2025\/03\/Red-Bull-und-Blueberry-Watermelon.png\",\"datePublished\":\"2025-03-13T06:56:14+00:00\",\"dateModified\":\"2025-06-19T03:41:26+00:00\",\"description\":\"Entdecke Bang 30000 Puffs Dual Flavor Duty free Einweg Vape mit Red Bull und Blueberry Watermelon f\u00fcr langanhaltenden Geschmack bei vapingnet.de, \u25ba Gro\u00dfe Auswahl an Geschmacksrichtungen & super g\u00fcnstig!\",\"breadcrumb\":{\"@id\":\"https:\/\/vapingnet.de\/vape\/bang-30000-puffs-dual-flavor-duty-free-einweg-vape-mit-red-bull-und-blueberry-watermelon-fuer-langanhaltenden-geschmack\/#breadcrumb\"},\"inLanguage\":\"pl-PL\",\"potentialAction\":[{\"@type\":\"ReadAction\",\"target\":[\"https:\/\/vapingnet.de\/vape\/bang-30000-puffs-dual-flavor-duty-free-einweg-vape-mit-red-bull-und-blueberry-watermelon-fuer-langanhaltenden-geschmack\/\"]}]},{\"@type\":\"ImageObject\",\"inLanguage\":\"pl-PL\",\"@id\":\"https:\/\/vapingnet.de\/vape\/bang-30000-puffs-dual-flavor-duty-free-einweg-vape-mit-red-bull-und-blueberry-watermelon-fuer-langanhaltenden-geschmack\/#primaryimage\",\"url\":\"https:\/\/vapingnet.de\/wp-content\/uploads\/2025\/03\/Red-Bull-und-Blueberry-Watermelon.png\",\"contentUrl\":\"https:\/\/vapingnet.de\/wp-content\/uploads\/2025\/03\/Red-Bull-und-Blueberry-Watermelon.png\",\"width\":900,\"height\":600,\"caption\":\"Red Bull und Blueberry Watermelon\"},{\"@type\":\"BreadcrumbList\",\"@id\":\"https:\/\/vapingnet.de\/vape\/bang-30000-puffs-dual-flavor-duty-free-einweg-vape-mit-red-bull-und-blueberry-watermelon-fuer-langanhaltenden-geschmack\/#breadcrumb\",\"itemListElement\":[{\"@type\":\"ListItem\",\"position\":1,\"name\":\"Home\",\"item\":\"https:\/\/vapingnet.de\/\"},{\"@type\":\"ListItem\",\"position\":2,\"name\":\"Shop\",\"item\":\"https:\/\/vapingnet.de\/vape\/\"},{\"@type\":\"ListItem\",\"position\":3,\"name\":\"Bang 30000 Puffs Dual Flavor Duty free Einweg Vape mit Red Bull und Blueberry Watermelon f\u00fcr langanhaltenden Geschmack\"}]},{\"@type\":\"WebSite\",\"@id\":\"https:\/\/vapingnet.de\/#website\",\"url\":\"https:\/\/vapingnet.de\/\",\"name\":\"Vapingnet.de\",\"description\":\"\",\"publisher\":{\"@id\":\"https:\/\/vapingnet.de\/#organization\"},\"potentialAction\":[{\"@type\":\"SearchAction\",\"target\":{\"@type\":\"EntryPoint\",\"urlTemplate\":\"https:\/\/vapingnet.de\/?s={search_term_string}\"},\"query-input\":{\"@type\":\"PropertyValueSpecification\",\"valueRequired\":true,\"valueName\":\"search_term_string\"}}],\"inLanguage\":\"pl-PL\"},{\"@type\":\"Organization\",\"@id\":\"https:\/\/vapingnet.de\/#organization\",\"name\":\"Vapingnet.de\",\"url\":\"https:\/\/vapingnet.de\/\",\"logo\":{\"@type\":\"ImageObject\",\"inLanguage\":\"pl-PL\",\"@id\":\"https:\/\/vapingnet.de\/#\/schema\/logo\/image\/\",\"url\":\"https:\/\/vapingnet.de\/wp-content\/uploads\/2025\/03\/cropped-vapingnet.de_.jpg\",\"contentUrl\":\"https:\/\/vapingnet.de\/wp-content\/uploads\/2025\/03\/cropped-vapingnet.de_.jpg\",\"width\":512,\"height\":512,\"caption\":\"Vapingnet.de\"},\"image\":{\"@id\":\"https:\/\/vapingnet.de\/#\/schema\/logo\/image\/\"},\"sameAs\":[\"https:\/\/www.facebook.com\/vapingnetde\/\"]}]}<\/script>\n<!-- \/ Yoast SEO plugin. -->","yoast_head_json":{"title":"Bang 30000 Puffs Dual Flavor Duty free Einweg Vape mit Red Bull und Blueberry Watermelon f\u00fcr langanhaltenden Geschmack | Vapingnet.de","description":"Entdecke Bang 30000 Puffs Dual Flavor Duty free Einweg Vape mit Red Bull und Blueberry Watermelon f\u00fcr langanhaltenden Geschmack bei vapingnet.de, \u25ba Gro\u00dfe Auswahl an Geschmacksrichtungen & super g\u00fcnstig!","robots":{"index":"index","follow":"follow","max-snippet":"max-snippet:-1","max-image-preview":"max-image-preview:large","max-video-preview":"max-video-preview:-1"},"canonical":"https:\/\/vapingnet.de\/pl\/vape\/bang-30000-puffs-dual-flavor-duty-free-einweg-vape-mit-red-bull-und-blueberry-watermelon-fuer-langanhaltenden-geschmack\/","og_locale":"pl_PL","og_type":"article","og_title":"Bang 30000 Puffs Dual Flavor Duty free Einweg Vape mit Red Bull und Blueberry Watermelon f\u00fcr langanhaltenden Geschmack | Vapingnet.de","og_description":"Entdecke Bang 30000 Puffs Dual Flavor Duty free Einweg Vape mit Red Bull und Blueberry Watermelon f\u00fcr langanhaltenden Geschmack bei vapingnet.de, \u25ba Gro\u00dfe Auswahl an Geschmacksrichtungen & super g\u00fcnstig!","og_url":"https:\/\/vapingnet.de\/pl\/vape\/bang-30000-puffs-dual-flavor-duty-free-einweg-vape-mit-red-bull-und-blueberry-watermelon-fuer-langanhaltenden-geschmack\/","og_site_name":"Vapingnet.de","article_publisher":"https:\/\/www.facebook.com\/vapingnetde\/","article_modified_time":"2025-06-19T03:41:26+00:00","og_image":[{"width":900,"height":600,"url":"https:\/\/vapingnet.de\/wp-content\/uploads\/2025\/03\/Red-Bull-und-Blueberry-Watermelon.png","type":"image\/png"}],"twitter_card":"summary_large_image","twitter_misc":{"Est. reading time":"2 minutes"},"schema":{"@context":"https:\/\/schema.org","@graph":[{"@type":"WebPage","@id":"https:\/\/vapingnet.de\/vape\/bang-30000-puffs-dual-flavor-duty-free-einweg-vape-mit-red-bull-und-blueberry-watermelon-fuer-langanhaltenden-geschmack\/","url":"https:\/\/vapingnet.de\/vape\/bang-30000-puffs-dual-flavor-duty-free-einweg-vape-mit-red-bull-und-blueberry-watermelon-fuer-langanhaltenden-geschmack\/","name":"Bang 30000 Puffs Dual Flavor Duty free Einweg Vape mit Red Bull und Blueberry Watermelon f\u00fcr langanhaltenden Geschmack | Vapingnet.de","isPartOf":{"@id":"https:\/\/vapingnet.de\/#website"},"primaryImageOfPage":{"@id":"https:\/\/vapingnet.de\/vape\/bang-30000-puffs-dual-flavor-duty-free-einweg-vape-mit-red-bull-und-blueberry-watermelon-fuer-langanhaltenden-geschmack\/#primaryimage"},"image":{"@id":"https:\/\/vapingnet.de\/vape\/bang-30000-puffs-dual-flavor-duty-free-einweg-vape-mit-red-bull-und-blueberry-watermelon-fuer-langanhaltenden-geschmack\/#primaryimage"},"thumbnailUrl":"https:\/\/vapingnet.de\/wp-content\/uploads\/2025\/03\/Red-Bull-und-Blueberry-Watermelon.png","datePublished":"2025-03-13T06:56:14+00:00","dateModified":"2025-06-19T03:41:26+00:00","description":"Entdecke Bang 30000 Puffs Dual Flavor Duty free Einweg Vape mit Red Bull und Blueberry Watermelon f\u00fcr langanhaltenden Geschmack bei vapingnet.de, \u25ba Gro\u00dfe Auswahl an Geschmacksrichtungen & super g\u00fcnstig!","breadcrumb":{"@id":"https:\/\/vapingnet.de\/vape\/bang-30000-puffs-dual-flavor-duty-free-einweg-vape-mit-red-bull-und-blueberry-watermelon-fuer-langanhaltenden-geschmack\/#breadcrumb"},"inLanguage":"pl-PL","potentialAction":[{"@type":"ReadAction","target":["https:\/\/vapingnet.de\/vape\/bang-30000-puffs-dual-flavor-duty-free-einweg-vape-mit-red-bull-und-blueberry-watermelon-fuer-langanhaltenden-geschmack\/"]}]},{"@type":"ImageObject","inLanguage":"pl-PL","@id":"https:\/\/vapingnet.de\/vape\/bang-30000-puffs-dual-flavor-duty-free-einweg-vape-mit-red-bull-und-blueberry-watermelon-fuer-langanhaltenden-geschmack\/#primaryimage","url":"https:\/\/vapingnet.de\/wp-content\/uploads\/2025\/03\/Red-Bull-und-Blueberry-Watermelon.png","contentUrl":"https:\/\/vapingnet.de\/wp-content\/uploads\/2025\/03\/Red-Bull-und-Blueberry-Watermelon.png","width":900,"height":600,"caption":"Red Bull und Blueberry Watermelon"},{"@type":"BreadcrumbList","@id":"https:\/\/vapingnet.de\/vape\/bang-30000-puffs-dual-flavor-duty-free-einweg-vape-mit-red-bull-und-blueberry-watermelon-fuer-langanhaltenden-geschmack\/#breadcrumb","itemListElement":[{"@type":"ListItem","position":1,"name":"Home","item":"https:\/\/vapingnet.de\/"},{"@type":"ListItem","position":2,"name":"Shop","item":"https:\/\/vapingnet.de\/vape\/"},{"@type":"ListItem","position":3,"name":"Bang 30000 Puffs Dual Flavor Duty free Einweg Vape mit Red Bull und Blueberry Watermelon f\u00fcr langanhaltenden Geschmack"}]},{"@type":"WebSite","@id":"https:\/\/vapingnet.de\/#website","url":"https:\/\/vapingnet.de\/","name":"Vapingnet.de","description":"","publisher":{"@id":"https:\/\/vapingnet.de\/#organization"},"potentialAction":[{"@type":"SearchAction","target":{"@type":"EntryPoint","urlTemplate":"https:\/\/vapingnet.de\/?s={search_term_string}"},"query-input":{"@type":"PropertyValueSpecification","valueRequired":true,"valueName":"search_term_string"}}],"inLanguage":"pl-PL"},{"@type":"Organization","@id":"https:\/\/vapingnet.de\/#organization","name":"Vapingnet.de","url":"https:\/\/vapingnet.de\/","logo":{"@type":"ImageObject","inLanguage":"pl-PL","@id":"https:\/\/vapingnet.de\/#\/schema\/logo\/image\/","url":"https:\/\/vapingnet.de\/wp-content\/uploads\/2025\/03\/cropped-vapingnet.de_.jpg","contentUrl":"https:\/\/vapingnet.de\/wp-content\/uploads\/2025\/03\/cropped-vapingnet.de_.jpg","width":512,"height":512,"caption":"Vapingnet.de"},"image":{"@id":"https:\/\/vapingnet.de\/#\/schema\/logo\/image\/"},"sameAs":["https:\/\/www.facebook.com\/vapingnetde\/"]}]}},"tiered_pricing_type":"fixed","tiered_pricing_fixed_rules":{"10":"9.49","60":"8.54","110":"7.59","200":"6.64"},"tiered_pricing_product_settings":{"layout":"default","base_unit_name":{"singular":null,"plural":null},"default_variation":null},"tiered_pricing_minimum_quantity":null,"tiered_pricing_roles_data":[],"tiered_pricing_percentage_rules":[],"_links":{"self":[{"href":"https:\/\/vapingnet.de\/pl\/wp-json\/wp\/v2\/product\/5239","targetHints":{"allow":["GET"]}}],"collection":[{"href":"https:\/\/vapingnet.de\/pl\/wp-json\/wp\/v2\/product"}],"about":[{"href":"https:\/\/vapingnet.de\/pl\/wp-json\/wp\/v2\/types\/product"}],"version-history":[{"count":2,"href":"https:\/\/vapingnet.de\/pl\/wp-json\/wp\/v2\/product\/5239\/revisions"}],"predecessor-version":[{"id":5246,"href":"https:\/\/vapingnet.de\/pl\/wp-json\/wp\/v2\/product\/5239\/revisions\/5246"}],"wp:featuredmedia":[{"embeddable":true,"href":"https:\/\/vapingnet.de\/pl\/wp-json\/wp\/v2\/media\/5240"}],"wp:attachment":[{"href":"https:\/\/vapingnet.de\/pl\/wp-json\/wp\/v2\/media?parent=5239"}],"wp:term":[{"taxonomy":"brand","embeddable":true,"href":"https:\/\/vapingnet.de\/pl\/wp-json\/wp\/v2\/etheme_brands?post=5239"},{"taxonomy":"product_brand","embeddable":true,"href":"https:\/\/vapingnet.de\/pl\/wp-json\/wp\/v2\/product_brand?post=5239"},{"taxonomy":"product_cat","embeddable":true,"href":"https:\/\/vapingnet.de\/pl\/wp-json\/wp\/v2\/product_cat?post=5239"},{"taxonomy":"product_tag","embeddable":true,"href":"https:\/\/vapingnet.de\/pl\/wp-json\/wp\/v2\/product_tag?post=5239"}],"curies":[{"name":"wp","href":"https:\/\/api.w.org\/{rel}","templated":true}]}}