{"id":5264,"date":"2025-03-13T08:59:56","date_gmt":"2025-03-13T08:59:56","guid":{"rendered":"https:\/\/vapingnet.de\/?post_type=product&#038;p=5264"},"modified":"2025-06-19T03:41:24","modified_gmt":"2025-06-19T03:41:24","slug":"bang-30000-puffs-einweg-e-zigarette-watermelon-ice-und-strawberry-and-mango-fuer-maximalen-geschmack","status":"publish","type":"product","link":"https:\/\/vapingnet.de\/pl\/vape\/bang-30000-puffs-einweg-e-zigarette-watermelon-ice-und-strawberry-and-mango-fuer-maximalen-geschmack\/","title":{"rendered":"Bang 30000 Puffs Jednorazowy e-papieros Watermelon Ice i Strawberry and Mango dla maksymalnego smaku"},"content":{"rendered":"<h2 data-start=\"0\" data-end=\"87\">Bang King 30000 Puffs \u2013 Maksymalna przyjemno\u015b\u0107 z chmurami dzi\u0119ki technologii Dual-Flavor!<\/h2>\n<p data-start=\"89\" data-end=\"429\">Szukasz wydajnego, intensywnie smakowego i trwa\u0142ego e-papierosa? W takim razie Bang King 30000 Puffs Dual Flavor Disposable jest dla Ciebie! Z 30 000 zaci\u0105gni\u0119ciami, dwoma wymiennymi smakami i innowacyjn\u0105 technologi\u0105 Mesh Coil zapewnia niezr\u00f3wnane doznania podczas vapowania!<\/p>\n<h3>\ud83d\udd25 Najwa\u017cniejsze cechy produktu \u2013 Tw\u00f3j idealny towarzysz do intensywnego vapowania! \ud83d\udd25<\/h3>\n<p data-start=\"522\" data-end=\"584\">\u2705 Dwa smaki \u2013 r\u00f3\u017cnorodno\u015b\u0107 przy ka\u017cdym zaci\u0105gni\u0119ciu!<\/p>\n<ul data-start=\"585\" data-end=\"871\">\n<li data-start=\"585\" data-end=\"727\">Watermelon Ice \u2013 Soczysta, s\u0142odka arbuzowa nuta po\u0142\u0105czona z orze\u017awiaj\u0105cym ch\u0142odem dla mro\u017anego do\u015bwiadczenia vapowania!<\/li>\n<li data-start=\"728\" data-end=\"871\">Strawberry and Mango \u2013 Owocowa s\u0142odycz truskawek spotyka egzotyczne mango \u2013 prawdziwa uczta smakowa!<\/li>\n<\/ul>\n<p data-start=\"873\" data-end=\"1058\">\u2705 Niezwyk\u0142e <a href=\"https:\/\/vapingnet.de\/pl\/k\/vape-30000-zuege\/\" target=\"_blank\" rel=\"noopener\"><strong>30 000 wdech\u00f3w<\/strong><\/a> \u2013 Nie trzeba wymienia\u0107 ca\u0142y czas!<br data-start=\"936\" data-end=\"939\" \/>Dzi\u0119ki d\u0142ugiej \u017cywotno\u015bci mo\u017cesz vapowa\u0107 przez tygodnie bez konieczno\u015bci martwienia si\u0119 o zapasowe urz\u0105dzenia!<\/p>\n<p data-start=\"1060\" data-end=\"1271\">\u2705 Mesh Coil 1.0\u03a9 \u2013 G\u0119ste chmury i intensywny smak!<br data-start=\"1120\" data-end=\"1123\" \/>Dzi\u0119ki nowoczesnej technologii Mesh Coil liquid jest r\u00f3wnomiernie odparowywany, co zapewnia \u0142agodne, aromatyczne i intensywne doznania smakowe!<\/p>\n<p data-start=\"1273\" data-end=\"1477\">\u2705 Indywidualnie regulowany przep\u0142yw powietrza \u2013 Perfekcyjna kontrola!<br data-start=\"1336\" data-end=\"1339\" \/>Czy wolisz delikatne, lekkie zaci\u0105gni\u0119cia, czy mocne, intensywne \u2013 dostosuj przep\u0142yw powietrza do swoich preferencji!<\/p>\n<p data-start=\"1479\" data-end=\"1685\">\u2705 Wydajna bateria 550mAh i szybkie \u0142adowanie Type-C!<br data-start=\"1537\" data-end=\"1540\" \/>Ciesz si\u0119 d\u0142ugotrwa\u0142ym vapowaniem dzi\u0119ki \u0142adowalnej baterii, kt\u00f3r\u0105 mo\u017cna szybko na\u0142adowa\u0107 przez Type-C \u2013 zawsze gotowe do u\u017cycia!<\/p>\n<p data-start=\"1687\" data-end=\"1753\">\u2705 Cyfrowy wy\u015bwietlacz LED \u2013 Wszystkie wa\u017cne informacje na pierwszy rzut oka!<\/p>\n<ul data-start=\"1754\" data-end=\"1968\">\n<li data-start=\"1754\" data-end=\"1853\">Wska\u017anik poziomu na\u0142adowania \u2013 Zawsze kontroluj stan baterii, aby unikn\u0105\u0107 przerw w vapowaniu!<\/li>\n<li data-start=\"1854\" data-end=\"1968\">Wska\u017anik wyboru smaku \u2013 \u0141atwo prze\u0142\u0105czaj mi\u0119dzy dwoma aromatami i ciesz si\u0119 swoim ulubionym smakiem!<\/li>\n<\/ul>\n<p data-start=\"1970\" data-end=\"2183\">\u2705 36ml zbiornik na liquid \u2013 Cztery poziomy nikotyny do wyboru!<br data-start=\"2026\" data-end=\"2029\" \/>Dost\u0119pne w nikotynie 0%, 2%, 3% lub 5% \u2013 wed\u0142ug indywidualnych potrzeb.<br data-start=\"2105\" data-end=\"2108\" \/>(Uwaga: 0% i 3% Nikotyna s\u0105 dost\u0119pne tylko przy du\u017cych zam\u00f3wieniach.)<\/p>\n<p data-start=\"2185\" data-end=\"2331\">\u2705 Jednorazowy Vape \u2013 Brak op\u0142at celnych!<br data-start=\"2224\" data-end=\"2227\" \/>Prosty zakup, natychmiastowe korzystanie \u2013 bez skomplikowanych procedur celnych czy dodatkowych koszt\u00f3w!<\/p>\n<h3 data-start=\"2338\" data-end=\"2381\">\ud83c\udf1f Dlaczego Bang King 30000 Puffs? \ud83c\udf1f<\/h3>\n<p data-start=\"2383\" data-end=\"2957\">\u2714 Ultra d\u0142ugi czas u\u017cytkowania \u2013 do 30 000 poci\u0105gni\u0119\u0107 dla d\u0142ugotrwa\u0142ej przyjemno\u015bci z parowania!<br data-start=\"2473\" data-end=\"2476\" \/>\u2714 Dualny system smak\u00f3w \u2013 dwa smaki w jednym urz\u0105dzeniu \u2013 zmieniaj wed\u0142ug uznania!<br data-start=\"2568\" data-end=\"2571\" \/>\u2714 Zaawansowana technologia Mesh Coil \u2013 g\u0119ste chmury pary i intensywne doznania smakowe!<br data-start=\"2659\" data-end=\"2662\" \/>\u2714 Maksymalna kontrola \u2013 regulacja przep\u0142ywu powietrza i wska\u017anik LED dla spersonalizowanego do\u015bwiadczenia parowania!<br data-start=\"2762\" data-end=\"2765\" \/>\u2714 Idealny dla mi\u0142o\u015bnik\u00f3w chmur \u2013 pe\u0142na para dla intensywnych dozna\u0144!<br data-start=\"2837\" data-end=\"2840\" \/>\u2714 Wygodny i prosty w u\u017cyciu \u2013 brak konserwacji, brak nape\u0142niania, brak skomplikowanych ustawie\u0144 \u2013 po prostu wyci\u0105gnij z opakowania i korzystaj!<\/p>\n<h4 data-start=\"2964\" data-end=\"3033\">\u26a1 Zam\u00f3w teraz i do\u015bwiadcz najlepszych wra\u017ce\u0144 z parowania! \u26a1<\/h4>\n<p data-start=\"3034\" data-end=\"3198\">\ud83d\udd17 Odwied\u017a <a href=\"https:\/\/vapingnet.de\/pl\/\" target=\"_new\" rel=\"noopener\" data-start=\"3047\" data-end=\"3083\">vapingnet.de<\/a> i zdob\u0105d\u017a jednorazowego Bang King 30000 Puffs Dual Flavor \u2013 dla maksymalnej wydajno\u015bci i smaku!<\/p>\n<p data-start=\"3200\" data-end=\"3294\" data-is-last-node=\"\" data-is-only-node=\"\">\ud83d\ude80 30 000 poci\u0105gni\u0119\u0107, podw\u00f3jny wyb\u00f3r smak\u00f3w \u2013 Twoje nowe ulubione urz\u0105dzenie czeka na Ciebie! \ud83d\ude80<\/p>","protected":false},"excerpt":{"rendered":"<p>Bang King 30000 Puffs \u2013 Maksymalna przyjemno\u015b\u0107 z parowania z technologi\u0105 Dual-Flavor! Szukasz mocnego, intensywnego i trwa\u0142ego e-papierosa? W takim razie Bang King 30000 Puffs...<\/p>","protected":false},"featured_media":5265,"template":"","meta":[],"etheme_brands":[],"product_brand":[101],"product_cat":[56,49,61],"product_tag":[],"class_list":{"0":"post-5264","1":"product","2":"type-product","3":"status-publish","4":"has-post-thumbnail","6":"product_brand-bang-king-vape","7":"product_cat-vape-30000-zuege","8":"product_cat-einweg-e-zigarette","9":"product_cat-f","11":"first","12":"instock","13":"shipping-taxable","14":"purchasable","15":"product-type-simple"},"yoast_head":"<!-- This site is optimized with the Yoast SEO plugin v26.5 - https:\/\/yoast.com\/wordpress\/plugins\/seo\/ -->\n<title>Bang 30000 Puffs Einweg E-Zigarette Watermelon Ice und Strawberry and Mango f\u00fcr maximalen Geschmack | Vapingnet.de<\/title>\n<meta name=\"description\" content=\"Entdecke Bang 30000 Puffs Einweg E-Zigarette Watermelon Ice und Strawberry and Mango f\u00fcr maximalen Geschmack bei vapingnet.de, \u25ba Gro\u00dfe Auswahl an Geschmacksrichtungen &amp; super g\u00fcnstig!\" \/>\n<meta name=\"robots\" content=\"index, follow, max-snippet:-1, max-image-preview:large, max-video-preview:-1\" \/>\n<link rel=\"canonical\" href=\"https:\/\/vapingnet.de\/pl\/vape\/bang-30000-puffs-einweg-e-zigarette-watermelon-ice-und-strawberry-and-mango-fuer-maximalen-geschmack\/\" \/>\n<meta property=\"og:locale\" content=\"pl_PL\" \/>\n<meta property=\"og:type\" content=\"article\" \/>\n<meta property=\"og:title\" content=\"Bang 30000 Puffs Einweg E-Zigarette Watermelon Ice und Strawberry and Mango f\u00fcr maximalen Geschmack | Vapingnet.de\" \/>\n<meta property=\"og:description\" content=\"Entdecke Bang 30000 Puffs Einweg E-Zigarette Watermelon Ice und Strawberry and Mango f\u00fcr maximalen Geschmack bei vapingnet.de, \u25ba Gro\u00dfe Auswahl an Geschmacksrichtungen &amp; super g\u00fcnstig!\" \/>\n<meta property=\"og:url\" content=\"https:\/\/vapingnet.de\/pl\/vape\/bang-30000-puffs-einweg-e-zigarette-watermelon-ice-und-strawberry-and-mango-fuer-maximalen-geschmack\/\" \/>\n<meta property=\"og:site_name\" content=\"Vapingnet.de\" \/>\n<meta property=\"article:publisher\" content=\"https:\/\/www.facebook.com\/vapingnetde\/\" \/>\n<meta property=\"article:modified_time\" content=\"2025-06-19T03:41:24+00:00\" \/>\n<meta property=\"og:image\" content=\"https:\/\/vapingnet.de\/wp-content\/uploads\/2025\/03\/Watermelon-Ice-und-Strawberry-and-Mango.png\" \/>\n\t<meta property=\"og:image:width\" content=\"900\" \/>\n\t<meta property=\"og:image:height\" content=\"600\" \/>\n\t<meta property=\"og:image:type\" content=\"image\/png\" \/>\n<meta name=\"twitter:card\" content=\"summary_large_image\" \/>\n<meta name=\"twitter:label1\" content=\"Est. reading time\" \/>\n\t<meta name=\"twitter:data1\" content=\"3 minutes\" \/>\n<script type=\"application\/ld+json\" class=\"yoast-schema-graph\">{\"@context\":\"https:\/\/schema.org\",\"@graph\":[{\"@type\":\"WebPage\",\"@id\":\"https:\/\/vapingnet.de\/vape\/bang-30000-puffs-einweg-e-zigarette-watermelon-ice-und-strawberry-and-mango-fuer-maximalen-geschmack\/\",\"url\":\"https:\/\/vapingnet.de\/vape\/bang-30000-puffs-einweg-e-zigarette-watermelon-ice-und-strawberry-and-mango-fuer-maximalen-geschmack\/\",\"name\":\"Bang 30000 Puffs Einweg E-Zigarette Watermelon Ice und Strawberry and Mango f\u00fcr maximalen Geschmack | Vapingnet.de\",\"isPartOf\":{\"@id\":\"https:\/\/vapingnet.de\/#website\"},\"primaryImageOfPage\":{\"@id\":\"https:\/\/vapingnet.de\/vape\/bang-30000-puffs-einweg-e-zigarette-watermelon-ice-und-strawberry-and-mango-fuer-maximalen-geschmack\/#primaryimage\"},\"image\":{\"@id\":\"https:\/\/vapingnet.de\/vape\/bang-30000-puffs-einweg-e-zigarette-watermelon-ice-und-strawberry-and-mango-fuer-maximalen-geschmack\/#primaryimage\"},\"thumbnailUrl\":\"https:\/\/vapingnet.de\/wp-content\/uploads\/2025\/03\/Watermelon-Ice-und-Strawberry-and-Mango.png\",\"datePublished\":\"2025-03-13T08:59:56+00:00\",\"dateModified\":\"2025-06-19T03:41:24+00:00\",\"description\":\"Entdecke Bang 30000 Puffs Einweg E-Zigarette Watermelon Ice und Strawberry and Mango f\u00fcr maximalen Geschmack bei vapingnet.de, \u25ba Gro\u00dfe Auswahl an Geschmacksrichtungen & super g\u00fcnstig!\",\"breadcrumb\":{\"@id\":\"https:\/\/vapingnet.de\/vape\/bang-30000-puffs-einweg-e-zigarette-watermelon-ice-und-strawberry-and-mango-fuer-maximalen-geschmack\/#breadcrumb\"},\"inLanguage\":\"pl-PL\",\"potentialAction\":[{\"@type\":\"ReadAction\",\"target\":[\"https:\/\/vapingnet.de\/vape\/bang-30000-puffs-einweg-e-zigarette-watermelon-ice-und-strawberry-and-mango-fuer-maximalen-geschmack\/\"]}]},{\"@type\":\"ImageObject\",\"inLanguage\":\"pl-PL\",\"@id\":\"https:\/\/vapingnet.de\/vape\/bang-30000-puffs-einweg-e-zigarette-watermelon-ice-und-strawberry-and-mango-fuer-maximalen-geschmack\/#primaryimage\",\"url\":\"https:\/\/vapingnet.de\/wp-content\/uploads\/2025\/03\/Watermelon-Ice-und-Strawberry-and-Mango.png\",\"contentUrl\":\"https:\/\/vapingnet.de\/wp-content\/uploads\/2025\/03\/Watermelon-Ice-und-Strawberry-and-Mango.png\",\"width\":900,\"height\":600,\"caption\":\"Watermelon Ice und Strawberry and Mango\"},{\"@type\":\"BreadcrumbList\",\"@id\":\"https:\/\/vapingnet.de\/vape\/bang-30000-puffs-einweg-e-zigarette-watermelon-ice-und-strawberry-and-mango-fuer-maximalen-geschmack\/#breadcrumb\",\"itemListElement\":[{\"@type\":\"ListItem\",\"position\":1,\"name\":\"Home\",\"item\":\"https:\/\/vapingnet.de\/\"},{\"@type\":\"ListItem\",\"position\":2,\"name\":\"Shop\",\"item\":\"https:\/\/vapingnet.de\/vape\/\"},{\"@type\":\"ListItem\",\"position\":3,\"name\":\"Bang 30000 Puffs Einweg E-Zigarette Watermelon Ice und Strawberry and Mango f\u00fcr maximalen Geschmack\"}]},{\"@type\":\"WebSite\",\"@id\":\"https:\/\/vapingnet.de\/#website\",\"url\":\"https:\/\/vapingnet.de\/\",\"name\":\"Vapingnet.de\",\"description\":\"\",\"publisher\":{\"@id\":\"https:\/\/vapingnet.de\/#organization\"},\"potentialAction\":[{\"@type\":\"SearchAction\",\"target\":{\"@type\":\"EntryPoint\",\"urlTemplate\":\"https:\/\/vapingnet.de\/?s={search_term_string}\"},\"query-input\":{\"@type\":\"PropertyValueSpecification\",\"valueRequired\":true,\"valueName\":\"search_term_string\"}}],\"inLanguage\":\"pl-PL\"},{\"@type\":\"Organization\",\"@id\":\"https:\/\/vapingnet.de\/#organization\",\"name\":\"Vapingnet.de\",\"url\":\"https:\/\/vapingnet.de\/\",\"logo\":{\"@type\":\"ImageObject\",\"inLanguage\":\"pl-PL\",\"@id\":\"https:\/\/vapingnet.de\/#\/schema\/logo\/image\/\",\"url\":\"https:\/\/vapingnet.de\/wp-content\/uploads\/2025\/03\/cropped-vapingnet.de_.jpg\",\"contentUrl\":\"https:\/\/vapingnet.de\/wp-content\/uploads\/2025\/03\/cropped-vapingnet.de_.jpg\",\"width\":512,\"height\":512,\"caption\":\"Vapingnet.de\"},\"image\":{\"@id\":\"https:\/\/vapingnet.de\/#\/schema\/logo\/image\/\"},\"sameAs\":[\"https:\/\/www.facebook.com\/vapingnetde\/\"]}]}<\/script>\n<!-- \/ Yoast SEO plugin. -->","yoast_head_json":{"title":"Bang 30000 Puffs Einweg E-Zigarette Watermelon Ice und Strawberry and Mango f\u00fcr maximalen Geschmack | Vapingnet.de","description":"Entdecke Bang 30000 Puffs Einweg E-Zigarette Watermelon Ice und Strawberry and Mango f\u00fcr maximalen Geschmack bei vapingnet.de, \u25ba Gro\u00dfe Auswahl an Geschmacksrichtungen & super g\u00fcnstig!","robots":{"index":"index","follow":"follow","max-snippet":"max-snippet:-1","max-image-preview":"max-image-preview:large","max-video-preview":"max-video-preview:-1"},"canonical":"https:\/\/vapingnet.de\/pl\/vape\/bang-30000-puffs-einweg-e-zigarette-watermelon-ice-und-strawberry-and-mango-fuer-maximalen-geschmack\/","og_locale":"pl_PL","og_type":"article","og_title":"Bang 30000 Puffs Einweg E-Zigarette Watermelon Ice und Strawberry and Mango f\u00fcr maximalen Geschmack | Vapingnet.de","og_description":"Entdecke Bang 30000 Puffs Einweg E-Zigarette Watermelon Ice und Strawberry and Mango f\u00fcr maximalen Geschmack bei vapingnet.de, \u25ba Gro\u00dfe Auswahl an Geschmacksrichtungen & super g\u00fcnstig!","og_url":"https:\/\/vapingnet.de\/pl\/vape\/bang-30000-puffs-einweg-e-zigarette-watermelon-ice-und-strawberry-and-mango-fuer-maximalen-geschmack\/","og_site_name":"Vapingnet.de","article_publisher":"https:\/\/www.facebook.com\/vapingnetde\/","article_modified_time":"2025-06-19T03:41:24+00:00","og_image":[{"width":900,"height":600,"url":"https:\/\/vapingnet.de\/wp-content\/uploads\/2025\/03\/Watermelon-Ice-und-Strawberry-and-Mango.png","type":"image\/png"}],"twitter_card":"summary_large_image","twitter_misc":{"Est. reading time":"3 minutes"},"schema":{"@context":"https:\/\/schema.org","@graph":[{"@type":"WebPage","@id":"https:\/\/vapingnet.de\/vape\/bang-30000-puffs-einweg-e-zigarette-watermelon-ice-und-strawberry-and-mango-fuer-maximalen-geschmack\/","url":"https:\/\/vapingnet.de\/vape\/bang-30000-puffs-einweg-e-zigarette-watermelon-ice-und-strawberry-and-mango-fuer-maximalen-geschmack\/","name":"Bang 30000 Puffs Einweg E-Zigarette Watermelon Ice und Strawberry and Mango f\u00fcr maximalen Geschmack | Vapingnet.de","isPartOf":{"@id":"https:\/\/vapingnet.de\/#website"},"primaryImageOfPage":{"@id":"https:\/\/vapingnet.de\/vape\/bang-30000-puffs-einweg-e-zigarette-watermelon-ice-und-strawberry-and-mango-fuer-maximalen-geschmack\/#primaryimage"},"image":{"@id":"https:\/\/vapingnet.de\/vape\/bang-30000-puffs-einweg-e-zigarette-watermelon-ice-und-strawberry-and-mango-fuer-maximalen-geschmack\/#primaryimage"},"thumbnailUrl":"https:\/\/vapingnet.de\/wp-content\/uploads\/2025\/03\/Watermelon-Ice-und-Strawberry-and-Mango.png","datePublished":"2025-03-13T08:59:56+00:00","dateModified":"2025-06-19T03:41:24+00:00","description":"Entdecke Bang 30000 Puffs Einweg E-Zigarette Watermelon Ice und Strawberry and Mango f\u00fcr maximalen Geschmack bei vapingnet.de, \u25ba Gro\u00dfe Auswahl an Geschmacksrichtungen & super g\u00fcnstig!","breadcrumb":{"@id":"https:\/\/vapingnet.de\/vape\/bang-30000-puffs-einweg-e-zigarette-watermelon-ice-und-strawberry-and-mango-fuer-maximalen-geschmack\/#breadcrumb"},"inLanguage":"pl-PL","potentialAction":[{"@type":"ReadAction","target":["https:\/\/vapingnet.de\/vape\/bang-30000-puffs-einweg-e-zigarette-watermelon-ice-und-strawberry-and-mango-fuer-maximalen-geschmack\/"]}]},{"@type":"ImageObject","inLanguage":"pl-PL","@id":"https:\/\/vapingnet.de\/vape\/bang-30000-puffs-einweg-e-zigarette-watermelon-ice-und-strawberry-and-mango-fuer-maximalen-geschmack\/#primaryimage","url":"https:\/\/vapingnet.de\/wp-content\/uploads\/2025\/03\/Watermelon-Ice-und-Strawberry-and-Mango.png","contentUrl":"https:\/\/vapingnet.de\/wp-content\/uploads\/2025\/03\/Watermelon-Ice-und-Strawberry-and-Mango.png","width":900,"height":600,"caption":"Watermelon Ice und Strawberry and Mango"},{"@type":"BreadcrumbList","@id":"https:\/\/vapingnet.de\/vape\/bang-30000-puffs-einweg-e-zigarette-watermelon-ice-und-strawberry-and-mango-fuer-maximalen-geschmack\/#breadcrumb","itemListElement":[{"@type":"ListItem","position":1,"name":"Home","item":"https:\/\/vapingnet.de\/"},{"@type":"ListItem","position":2,"name":"Shop","item":"https:\/\/vapingnet.de\/vape\/"},{"@type":"ListItem","position":3,"name":"Bang 30000 Puffs Einweg E-Zigarette Watermelon Ice und Strawberry and Mango f\u00fcr maximalen Geschmack"}]},{"@type":"WebSite","@id":"https:\/\/vapingnet.de\/#website","url":"https:\/\/vapingnet.de\/","name":"Vapingnet.de","description":"","publisher":{"@id":"https:\/\/vapingnet.de\/#organization"},"potentialAction":[{"@type":"SearchAction","target":{"@type":"EntryPoint","urlTemplate":"https:\/\/vapingnet.de\/?s={search_term_string}"},"query-input":{"@type":"PropertyValueSpecification","valueRequired":true,"valueName":"search_term_string"}}],"inLanguage":"pl-PL"},{"@type":"Organization","@id":"https:\/\/vapingnet.de\/#organization","name":"Vapingnet.de","url":"https:\/\/vapingnet.de\/","logo":{"@type":"ImageObject","inLanguage":"pl-PL","@id":"https:\/\/vapingnet.de\/#\/schema\/logo\/image\/","url":"https:\/\/vapingnet.de\/wp-content\/uploads\/2025\/03\/cropped-vapingnet.de_.jpg","contentUrl":"https:\/\/vapingnet.de\/wp-content\/uploads\/2025\/03\/cropped-vapingnet.de_.jpg","width":512,"height":512,"caption":"Vapingnet.de"},"image":{"@id":"https:\/\/vapingnet.de\/#\/schema\/logo\/image\/"},"sameAs":["https:\/\/www.facebook.com\/vapingnetde\/"]}]}},"tiered_pricing_type":"fixed","tiered_pricing_fixed_rules":{"10":"9.49","60":"8.54","110":"7.59","200":"6.64"},"tiered_pricing_product_settings":{"layout":"default","base_unit_name":{"singular":null,"plural":null},"default_variation":null},"tiered_pricing_minimum_quantity":null,"tiered_pricing_roles_data":[],"tiered_pricing_percentage_rules":[],"_links":{"self":[{"href":"https:\/\/vapingnet.de\/pl\/wp-json\/wp\/v2\/product\/5264","targetHints":{"allow":["GET"]}}],"collection":[{"href":"https:\/\/vapingnet.de\/pl\/wp-json\/wp\/v2\/product"}],"about":[{"href":"https:\/\/vapingnet.de\/pl\/wp-json\/wp\/v2\/types\/product"}],"version-history":[{"count":1,"href":"https:\/\/vapingnet.de\/pl\/wp-json\/wp\/v2\/product\/5264\/revisions"}],"predecessor-version":[{"id":5266,"href":"https:\/\/vapingnet.de\/pl\/wp-json\/wp\/v2\/product\/5264\/revisions\/5266"}],"wp:featuredmedia":[{"embeddable":true,"href":"https:\/\/vapingnet.de\/pl\/wp-json\/wp\/v2\/media\/5265"}],"wp:attachment":[{"href":"https:\/\/vapingnet.de\/pl\/wp-json\/wp\/v2\/media?parent=5264"}],"wp:term":[{"taxonomy":"brand","embeddable":true,"href":"https:\/\/vapingnet.de\/pl\/wp-json\/wp\/v2\/etheme_brands?post=5264"},{"taxonomy":"product_brand","embeddable":true,"href":"https:\/\/vapingnet.de\/pl\/wp-json\/wp\/v2\/product_brand?post=5264"},{"taxonomy":"product_cat","embeddable":true,"href":"https:\/\/vapingnet.de\/pl\/wp-json\/wp\/v2\/product_cat?post=5264"},{"taxonomy":"product_tag","embeddable":true,"href":"https:\/\/vapingnet.de\/pl\/wp-json\/wp\/v2\/product_tag?post=5264"}],"curies":[{"name":"wp","href":"https:\/\/api.w.org\/{rel}","templated":true}]}}