{"id":5267,"date":"2025-12-13T09:04:10","date_gmt":"2025-12-13T09:04:10","guid":{"rendered":"https:\/\/vapingnet.de\/?post_type=product&#038;p=5267"},"modified":"2026-01-28T08:36:47","modified_gmt":"2026-01-28T08:36:47","slug":"bang-30000-puffs-strawberry-watermelon-und-kiwi-passion-fruit-guava-intensiver-fruchtmix","status":"publish","type":"product","link":"https:\/\/vapingnet.de\/pl\/vape\/bang-30000-puffs-strawberry-watermelon-und-kiwi-passion-fruit-guava-intensiver-fruchtmix\/","title":{"rendered":"Bang 30000 Puffs Strawberry Watermelon i Kiwi Passion Fruit Guava intensywniejszy mix owocowy"},"content":{"rendered":"<h2 data-start=\"0\" data-end=\"89\">Bang King 30000 Puffs Dual Flavor Disposable \u2013 Twoje ostateczne do\u015bwiadczenie vapingowe<\/h2>\n<p data-start=\"91\" data-end=\"358\">Czy masz do\u015b\u0107 ci\u0105g\u0142ej wymiany e-papieros\u00f3w? T\u0119sknisz za trwalszym i intensywniejszym doznaniem parowania? Jednorazowy Bang King 30000 Puffs Dual Flavor to idealne rozwi\u0105zanie dla wszystkich Twoich potrzeb i zapewnia Ci niezr\u00f3wnany zastrzyk nikotyny!<\/p>\n<p data-start=\"360\" data-end=\"749\">Ta innowacyjna jednorazowa vape nie tylko oferuje ekstremalnie d\u0142ugi czas u\u017cytkowania (do 30 000 poci\u0105gni\u0119\u0107), ale tak\u017ce podw\u00f3jny wyb\u00f3r smak\u00f3w, dzi\u0119ki czemu za ka\u017cdym razem mo\u017cesz cieszy\u0107 si\u0119 nowym, ekscytuj\u0105cym smakiem. Niezale\u017cnie od tego, czy jeste\u015b pocz\u0105tkuj\u0105cym, czy do\u015bwiadczonym vaporyst\u0105, <a href=\"https:\/\/vapingnet.de\/fr\/Brands\/bang-king-vape\/\" target=\"_blank\" rel=\"noopener\"><strong>Bang King<\/strong><\/a> podniesie Tw\u00f3j smak, dym i czas pracy baterii na zupe\u0142nie nowy poziom.<\/p>\n<h4 data-start=\"756\" data-end=\"779\">Cechy produktu:<\/h4>\n<h5 data-start=\"781\" data-end=\"839\">Podw\u00f3jny wyb\u00f3r smak\u00f3w \u2013 zmieniaj wed\u0142ug uznania<\/h5>\n<ul data-start=\"840\" data-end=\"1233\">\n<li data-start=\"840\" data-end=\"1058\">Truskawka Arbuz: S\u0142odki smak truskawek i orze\u017awiaj\u0105cy arbuz \u0142\u0105cz\u0105 si\u0119, tworz\u0105c idealne letnie doznanie. Ka\u017cde poci\u0105gni\u0119cie to jak \u015bwie\u017cy k\u0119s soczystego arbuza.<\/li>\n<li data-start=\"1059\" data-end=\"1233\">Kiwi Passion Fruit Guava: Egzotyczna mieszanka kwa\u015bnego kiwi, s\u0142odkiej marakui i tropikalnej guawy \u2013 smak, kt\u00f3ry ka\u017cdego poci\u0105gni\u0119cia kusi Twoje podniebienie.<\/li>\n<\/ul>\n<h5 data-start=\"1235\" data-end=\"1288\">Ekstremalnie d\u0142ugi czas u\u017cytkowania \u2013 Nieko\u0144cz\u0105ce si\u0119 parowanie<\/h5>\n<p data-start=\"1289\" data-end=\"1471\">Dzi\u0119ki czasowi u\u017cytkowania do 30 000 poci\u0105gni\u0119\u0107, ten jednorazowy vape przewy\u017csza wszystkie popularne urz\u0105dzenia. Nie musisz go ci\u0105gle wymienia\u0107, mo\u017cesz cieszy\u0107 si\u0119 nim d\u0142ugo i bez przerwy.<\/p>\n<h5 data-start=\"1473\" data-end=\"1509\">Innowacyjny Mesh-Coil (1.0\u03a9)<\/h5>\n<p data-start=\"1510\" data-end=\"1697\">Mesh-Coil o oporno\u015bci 1.0\u03a9 zapewnia r\u00f3wnomierne odparowywanie e-liquidu, co prowadzi do bogatych chmur i intensywnego smaku. Ka\u017cde poci\u0105gni\u0119cie staje si\u0119 jeszcze przyjemniejsze.<\/p>\n<h5 data-start=\"1699\" data-end=\"1755\">Regulowany przep\u0142yw powietrza \u2013 idealny dla ka\u017cdego vaporysty<\/h5>\n<p data-start=\"1756\" data-end=\"1979\">\u0141atwo dostosuj ustawienia przep\u0142ywu powietrza, aby kontrolowa\u0107 sw\u00f3j indywidualny op\u00f3r podczas wdychania. Niezale\u017cnie od tego, czy preferujesz delikatne, czy mocniejsze parowanie, tutaj znajdziesz sw\u00f3j styl.<\/p>\n<h5 data-start=\"1981\" data-end=\"2041\">Akumulator 550mAh z mo\u017cliwo\u015bci\u0105 ponownego \u0142adowania + szybkie \u0142adowanie Type-C<\/h5>\n<p data-start=\"2042\" data-end=\"2212\">Dzi\u0119ki mocnemu akumulatorowi i portowi Type-C do szybkiego \u0142adowania, \u0142atwo na\u0142adujesz Bang King w kr\u00f3tkim czasie, aby nigdy nie zabrak\u0142o Ci dymu.<\/p>\n<h5 data-start=\"2214\" data-end=\"2240\">Wy\u015bwietlacz LED cyfrowy<\/h5>\n<p data-start=\"2241\" data-end=\"2434\">Urz\u0105dzenie wyposa\u017cone jest w cyfrowy wy\u015bwietlacz LED, kt\u00f3ry na bie\u017c\u0105co pokazuje stan na\u0142adowania i wybrany smak. Zawsze masz pe\u0142n\u0105 kontrol\u0119.<\/p>\n<h5 data-start=\"2436\" data-end=\"2464\">Pojemno\u015b\u0107 e-liquidu 36ml<\/h5>\n<p data-start=\"2465\" data-end=\"2684\">Z 36ml liquidu w ka\u017cdej vape mo\u017cesz cieszy\u0107 si\u0119 d\u0142ugim u\u017cytkowaniem bez konieczno\u015bci uzupe\u0142niania. Wybierz spo\u015br\u00f3d r\u00f3\u017cnych opcji nikotynowych: 0%, 2%, 3%, 5%. (Dla nikotyn 0% i 3% wymagana jest hurtowa zam\u00f3wienie.)<\/p>\n<h5 data-start=\"2686\" data-end=\"2729\">Brak op\u0142at celnych \u2013 \u0142atwy zakup<\/h5>\n<p data-start=\"2730\" data-end=\"2867\">Kupuj t\u0119 e-papieros bez obaw o dodatkowe op\u0142aty celne, brak op\u0142at celnych! Dzi\u0119ki temu Tw\u00f3j zakup b\u0119dzie bezstresowy i wygodny.<\/p>\n<h3 data-start=\"2874\" data-end=\"2932\">Dlaczego warto wybra\u0107 Bang King 30000 Puffs?<\/h3>\n<ul data-start=\"2933\" data-end=\"3495\">\n<li data-start=\"2933\" data-end=\"3007\">D\u0142uga \u017cywotno\u015b\u0107: <a href=\"https:\/\/vapingnet.de\/pl\/k\/vape-30000-zuege\/\" target=\"_blank\" rel=\"noopener\"><strong>30 000 wdech\u00f3w<\/strong> <\/a>\u2013 brak konieczno\u015bci cz\u0119stej wymiany urz\u0105dze\u0144.<\/li>\n<li data-start=\"3008\" data-end=\"3113\">Podw\u00f3jne opcje smakowe: prze\u0142\u0105czaj si\u0119 wed\u0142ug nastroju mi\u0119dzy dwoma \u015bwietnymi smakami.<\/li>\n<li data-start=\"3114\" data-end=\"3250\">Przyjazny dla u\u017cytkownika: wielokrotnego \u0142adowania akumulator, szybkie z\u0142\u0105cze \u0142adowania i cyfrowy wy\u015bwietlacz dla inteligentnego do\u015bwiadczenia vapowania.<\/li>\n<li data-start=\"3251\" data-end=\"3338\">Indywidualnie regulowany przep\u0142yw powietrza: ustaw op\u00f3r wed\u0142ug w\u0142asnych preferencji.<\/li>\n<li data-start=\"3339\" data-end=\"3414\">Du\u017ca pojemno\u015b\u0107 e-liquid: 36 ml e-liquid dla d\u0142ugotrwa\u0142ego vapowania.<\/li>\n<li data-start=\"3415\" data-end=\"3495\">Brak op\u0142at celnych: kupuj bez obaw i otrzymuj zam\u00f3wienie bezpo\u015brednio.<\/li>\n<\/ul>\n<h4 data-start=\"3502\" data-end=\"3555\">Do\u015bwiadcz natychmiastowego najwy\u017cszego poziomu vapowania!<\/h4>\n<p data-start=\"3556\" data-end=\"3840\" data-is-last-node=\"\" data-is-only-node=\"\">Odwied\u017a vapingnet.de, wybierz sw\u00f3j ulubiony smak i rozpocznij now\u0105 podr\u00f3\u017c vapowania!<br data-start=\"3673\" data-end=\"3676\" \/>Bang King 30000 Puffs Dual Flavor Disposable \u2013 dla intensywnego doznania smakowego i d\u0142ugotrwa\u0142ego vapowania, vape, kt\u00f3rego nie mo\u017cesz przegapi\u0107!<\/p>","protected":false},"excerpt":{"rendered":"<p>Bang King 30000 Puffs Dual Flavor Disposable \u2013 Twoje ostateczne do\u015bwiadczenie vapingowe Czy masz do\u015b\u0107 ci\u0105g\u0142ej wymiany e-papieros\u00f3w? Marzysz o trwalszym...<\/p>","protected":false},"featured_media":5268,"template":"","meta":[],"etheme_brands":[],"product_brand":[101],"product_cat":[56,49,61],"product_tag":[],"class_list":{"0":"post-5267","1":"product","2":"type-product","3":"status-publish","4":"has-post-thumbnail","6":"product_brand-bang-king-vape","7":"product_cat-vape-30000-zuege","8":"product_cat-einweg-e-zigarette","9":"product_cat-f","11":"first","12":"instock","13":"shipping-taxable","14":"purchasable","15":"product-type-simple"},"yoast_head":"<!-- This site is optimized with the Yoast SEO plugin v26.5 - https:\/\/yoast.com\/wordpress\/plugins\/seo\/ -->\n<title>Bang 30000 Puffs Strawberry Watermelon und Kiwi Passion Fruit Guava intensiver Fruchtmix | Vapingnet.de<\/title>\n<meta name=\"description\" content=\"Entdecke Bang 30000 Puffs Strawberry Watermelon und Kiwi Passion Fruit Guava intensiver Fruchtmix bei vapingnet.de, \u25ba Gro\u00dfe Auswahl an Geschmacksrichtungen &amp; super g\u00fcnstig!\" \/>\n<meta name=\"robots\" content=\"index, follow, max-snippet:-1, max-image-preview:large, max-video-preview:-1\" \/>\n<link rel=\"canonical\" href=\"https:\/\/vapingnet.de\/pl\/vape\/bang-30000-puffs-strawberry-watermelon-und-kiwi-passion-fruit-guava-intensiver-fruchtmix\/\" \/>\n<meta property=\"og:locale\" content=\"pl_PL\" \/>\n<meta property=\"og:type\" content=\"article\" \/>\n<meta property=\"og:title\" content=\"Bang 30000 Puffs Strawberry Watermelon und Kiwi Passion Fruit Guava intensiver Fruchtmix | Vapingnet.de\" \/>\n<meta property=\"og:description\" content=\"Entdecke Bang 30000 Puffs Strawberry Watermelon und Kiwi Passion Fruit Guava intensiver Fruchtmix bei vapingnet.de, \u25ba Gro\u00dfe Auswahl an Geschmacksrichtungen &amp; super g\u00fcnstig!\" \/>\n<meta property=\"og:url\" content=\"https:\/\/vapingnet.de\/pl\/vape\/bang-30000-puffs-strawberry-watermelon-und-kiwi-passion-fruit-guava-intensiver-fruchtmix\/\" \/>\n<meta property=\"og:site_name\" content=\"Vapingnet.de\" \/>\n<meta property=\"article:publisher\" content=\"https:\/\/www.facebook.com\/vapingnetde\/\" \/>\n<meta property=\"article:modified_time\" content=\"2026-01-28T08:36:47+00:00\" \/>\n<meta property=\"og:image\" content=\"https:\/\/vapingnet.de\/wp-content\/uploads\/2025\/03\/Strawberry-Watermelon-und-Kiwi-Passion-Fruit-Guava.png\" \/>\n\t<meta property=\"og:image:width\" content=\"900\" \/>\n\t<meta property=\"og:image:height\" content=\"600\" \/>\n\t<meta property=\"og:image:type\" content=\"image\/png\" \/>\n<meta name=\"twitter:card\" content=\"summary_large_image\" \/>\n<meta name=\"twitter:label1\" content=\"Est. reading time\" \/>\n\t<meta name=\"twitter:data1\" content=\"3 minutes\" \/>\n<script type=\"application\/ld+json\" class=\"yoast-schema-graph\">{\"@context\":\"https:\/\/schema.org\",\"@graph\":[{\"@type\":\"WebPage\",\"@id\":\"https:\/\/vapingnet.de\/vape\/bang-30000-puffs-strawberry-watermelon-und-kiwi-passion-fruit-guava-intensiver-fruchtmix\/\",\"url\":\"https:\/\/vapingnet.de\/vape\/bang-30000-puffs-strawberry-watermelon-und-kiwi-passion-fruit-guava-intensiver-fruchtmix\/\",\"name\":\"Bang 30000 Puffs Strawberry Watermelon und Kiwi Passion Fruit Guava intensiver Fruchtmix | Vapingnet.de\",\"isPartOf\":{\"@id\":\"https:\/\/vapingnet.de\/#website\"},\"primaryImageOfPage\":{\"@id\":\"https:\/\/vapingnet.de\/vape\/bang-30000-puffs-strawberry-watermelon-und-kiwi-passion-fruit-guava-intensiver-fruchtmix\/#primaryimage\"},\"image\":{\"@id\":\"https:\/\/vapingnet.de\/vape\/bang-30000-puffs-strawberry-watermelon-und-kiwi-passion-fruit-guava-intensiver-fruchtmix\/#primaryimage\"},\"thumbnailUrl\":\"https:\/\/vapingnet.de\/wp-content\/uploads\/2025\/03\/Strawberry-Watermelon-und-Kiwi-Passion-Fruit-Guava.png\",\"datePublished\":\"2025-12-13T09:04:10+00:00\",\"dateModified\":\"2026-01-28T08:36:47+00:00\",\"description\":\"Entdecke Bang 30000 Puffs Strawberry Watermelon und Kiwi Passion Fruit Guava intensiver Fruchtmix bei vapingnet.de, \u25ba Gro\u00dfe Auswahl an Geschmacksrichtungen & super g\u00fcnstig!\",\"breadcrumb\":{\"@id\":\"https:\/\/vapingnet.de\/vape\/bang-30000-puffs-strawberry-watermelon-und-kiwi-passion-fruit-guava-intensiver-fruchtmix\/#breadcrumb\"},\"inLanguage\":\"pl-PL\",\"potentialAction\":[{\"@type\":\"ReadAction\",\"target\":[\"https:\/\/vapingnet.de\/vape\/bang-30000-puffs-strawberry-watermelon-und-kiwi-passion-fruit-guava-intensiver-fruchtmix\/\"]}]},{\"@type\":\"ImageObject\",\"inLanguage\":\"pl-PL\",\"@id\":\"https:\/\/vapingnet.de\/vape\/bang-30000-puffs-strawberry-watermelon-und-kiwi-passion-fruit-guava-intensiver-fruchtmix\/#primaryimage\",\"url\":\"https:\/\/vapingnet.de\/wp-content\/uploads\/2025\/03\/Strawberry-Watermelon-und-Kiwi-Passion-Fruit-Guava.png\",\"contentUrl\":\"https:\/\/vapingnet.de\/wp-content\/uploads\/2025\/03\/Strawberry-Watermelon-und-Kiwi-Passion-Fruit-Guava.png\",\"width\":900,\"height\":600,\"caption\":\"Strawberry Watermelon und Kiwi Passion Fruit Guava\"},{\"@type\":\"BreadcrumbList\",\"@id\":\"https:\/\/vapingnet.de\/vape\/bang-30000-puffs-strawberry-watermelon-und-kiwi-passion-fruit-guava-intensiver-fruchtmix\/#breadcrumb\",\"itemListElement\":[{\"@type\":\"ListItem\",\"position\":1,\"name\":\"Home\",\"item\":\"https:\/\/vapingnet.de\/\"},{\"@type\":\"ListItem\",\"position\":2,\"name\":\"Shop\",\"item\":\"https:\/\/vapingnet.de\/vape\/\"},{\"@type\":\"ListItem\",\"position\":3,\"name\":\"Bang 30000 Puffs Strawberry Watermelon und Kiwi Passion Fruit Guava intensiver Fruchtmix\"}]},{\"@type\":\"WebSite\",\"@id\":\"https:\/\/vapingnet.de\/#website\",\"url\":\"https:\/\/vapingnet.de\/\",\"name\":\"Vapingnet.de\",\"description\":\"\",\"publisher\":{\"@id\":\"https:\/\/vapingnet.de\/#organization\"},\"potentialAction\":[{\"@type\":\"SearchAction\",\"target\":{\"@type\":\"EntryPoint\",\"urlTemplate\":\"https:\/\/vapingnet.de\/?s={search_term_string}\"},\"query-input\":{\"@type\":\"PropertyValueSpecification\",\"valueRequired\":true,\"valueName\":\"search_term_string\"}}],\"inLanguage\":\"pl-PL\"},{\"@type\":\"Organization\",\"@id\":\"https:\/\/vapingnet.de\/#organization\",\"name\":\"Vapingnet.de\",\"url\":\"https:\/\/vapingnet.de\/\",\"logo\":{\"@type\":\"ImageObject\",\"inLanguage\":\"pl-PL\",\"@id\":\"https:\/\/vapingnet.de\/#\/schema\/logo\/image\/\",\"url\":\"https:\/\/vapingnet.de\/wp-content\/uploads\/2025\/03\/cropped-vapingnet.de_.jpg\",\"contentUrl\":\"https:\/\/vapingnet.de\/wp-content\/uploads\/2025\/03\/cropped-vapingnet.de_.jpg\",\"width\":512,\"height\":512,\"caption\":\"Vapingnet.de\"},\"image\":{\"@id\":\"https:\/\/vapingnet.de\/#\/schema\/logo\/image\/\"},\"sameAs\":[\"https:\/\/www.facebook.com\/vapingnetde\/\"]}]}<\/script>\n<!-- \/ Yoast SEO plugin. -->","yoast_head_json":{"title":"Bang 30000 Puffs Strawberry Watermelon und Kiwi Passion Fruit Guava intensiver Fruchtmix | Vapingnet.de","description":"Entdecke Bang 30000 Puffs Strawberry Watermelon und Kiwi Passion Fruit Guava intensiver Fruchtmix bei vapingnet.de, \u25ba Gro\u00dfe Auswahl an Geschmacksrichtungen & super g\u00fcnstig!","robots":{"index":"index","follow":"follow","max-snippet":"max-snippet:-1","max-image-preview":"max-image-preview:large","max-video-preview":"max-video-preview:-1"},"canonical":"https:\/\/vapingnet.de\/pl\/vape\/bang-30000-puffs-strawberry-watermelon-und-kiwi-passion-fruit-guava-intensiver-fruchtmix\/","og_locale":"pl_PL","og_type":"article","og_title":"Bang 30000 Puffs Strawberry Watermelon und Kiwi Passion Fruit Guava intensiver Fruchtmix | Vapingnet.de","og_description":"Entdecke Bang 30000 Puffs Strawberry Watermelon und Kiwi Passion Fruit Guava intensiver Fruchtmix bei vapingnet.de, \u25ba Gro\u00dfe Auswahl an Geschmacksrichtungen & super g\u00fcnstig!","og_url":"https:\/\/vapingnet.de\/pl\/vape\/bang-30000-puffs-strawberry-watermelon-und-kiwi-passion-fruit-guava-intensiver-fruchtmix\/","og_site_name":"Vapingnet.de","article_publisher":"https:\/\/www.facebook.com\/vapingnetde\/","article_modified_time":"2026-01-28T08:36:47+00:00","og_image":[{"width":900,"height":600,"url":"https:\/\/vapingnet.de\/wp-content\/uploads\/2025\/03\/Strawberry-Watermelon-und-Kiwi-Passion-Fruit-Guava.png","type":"image\/png"}],"twitter_card":"summary_large_image","twitter_misc":{"Est. reading time":"3 minutes"},"schema":{"@context":"https:\/\/schema.org","@graph":[{"@type":"WebPage","@id":"https:\/\/vapingnet.de\/vape\/bang-30000-puffs-strawberry-watermelon-und-kiwi-passion-fruit-guava-intensiver-fruchtmix\/","url":"https:\/\/vapingnet.de\/vape\/bang-30000-puffs-strawberry-watermelon-und-kiwi-passion-fruit-guava-intensiver-fruchtmix\/","name":"Bang 30000 Puffs Strawberry Watermelon und Kiwi Passion Fruit Guava intensiver Fruchtmix | Vapingnet.de","isPartOf":{"@id":"https:\/\/vapingnet.de\/#website"},"primaryImageOfPage":{"@id":"https:\/\/vapingnet.de\/vape\/bang-30000-puffs-strawberry-watermelon-und-kiwi-passion-fruit-guava-intensiver-fruchtmix\/#primaryimage"},"image":{"@id":"https:\/\/vapingnet.de\/vape\/bang-30000-puffs-strawberry-watermelon-und-kiwi-passion-fruit-guava-intensiver-fruchtmix\/#primaryimage"},"thumbnailUrl":"https:\/\/vapingnet.de\/wp-content\/uploads\/2025\/03\/Strawberry-Watermelon-und-Kiwi-Passion-Fruit-Guava.png","datePublished":"2025-12-13T09:04:10+00:00","dateModified":"2026-01-28T08:36:47+00:00","description":"Entdecke Bang 30000 Puffs Strawberry Watermelon und Kiwi Passion Fruit Guava intensiver Fruchtmix bei vapingnet.de, \u25ba Gro\u00dfe Auswahl an Geschmacksrichtungen & super g\u00fcnstig!","breadcrumb":{"@id":"https:\/\/vapingnet.de\/vape\/bang-30000-puffs-strawberry-watermelon-und-kiwi-passion-fruit-guava-intensiver-fruchtmix\/#breadcrumb"},"inLanguage":"pl-PL","potentialAction":[{"@type":"ReadAction","target":["https:\/\/vapingnet.de\/vape\/bang-30000-puffs-strawberry-watermelon-und-kiwi-passion-fruit-guava-intensiver-fruchtmix\/"]}]},{"@type":"ImageObject","inLanguage":"pl-PL","@id":"https:\/\/vapingnet.de\/vape\/bang-30000-puffs-strawberry-watermelon-und-kiwi-passion-fruit-guava-intensiver-fruchtmix\/#primaryimage","url":"https:\/\/vapingnet.de\/wp-content\/uploads\/2025\/03\/Strawberry-Watermelon-und-Kiwi-Passion-Fruit-Guava.png","contentUrl":"https:\/\/vapingnet.de\/wp-content\/uploads\/2025\/03\/Strawberry-Watermelon-und-Kiwi-Passion-Fruit-Guava.png","width":900,"height":600,"caption":"Strawberry Watermelon und Kiwi Passion Fruit Guava"},{"@type":"BreadcrumbList","@id":"https:\/\/vapingnet.de\/vape\/bang-30000-puffs-strawberry-watermelon-und-kiwi-passion-fruit-guava-intensiver-fruchtmix\/#breadcrumb","itemListElement":[{"@type":"ListItem","position":1,"name":"Home","item":"https:\/\/vapingnet.de\/"},{"@type":"ListItem","position":2,"name":"Shop","item":"https:\/\/vapingnet.de\/vape\/"},{"@type":"ListItem","position":3,"name":"Bang 30000 Puffs Strawberry Watermelon und Kiwi Passion Fruit Guava intensiver Fruchtmix"}]},{"@type":"WebSite","@id":"https:\/\/vapingnet.de\/#website","url":"https:\/\/vapingnet.de\/","name":"Vapingnet.de","description":"","publisher":{"@id":"https:\/\/vapingnet.de\/#organization"},"potentialAction":[{"@type":"SearchAction","target":{"@type":"EntryPoint","urlTemplate":"https:\/\/vapingnet.de\/?s={search_term_string}"},"query-input":{"@type":"PropertyValueSpecification","valueRequired":true,"valueName":"search_term_string"}}],"inLanguage":"pl-PL"},{"@type":"Organization","@id":"https:\/\/vapingnet.de\/#organization","name":"Vapingnet.de","url":"https:\/\/vapingnet.de\/","logo":{"@type":"ImageObject","inLanguage":"pl-PL","@id":"https:\/\/vapingnet.de\/#\/schema\/logo\/image\/","url":"https:\/\/vapingnet.de\/wp-content\/uploads\/2025\/03\/cropped-vapingnet.de_.jpg","contentUrl":"https:\/\/vapingnet.de\/wp-content\/uploads\/2025\/03\/cropped-vapingnet.de_.jpg","width":512,"height":512,"caption":"Vapingnet.de"},"image":{"@id":"https:\/\/vapingnet.de\/#\/schema\/logo\/image\/"},"sameAs":["https:\/\/www.facebook.com\/vapingnetde\/"]}]}},"tiered_pricing_type":"fixed","tiered_pricing_fixed_rules":{"10":"9.49","60":"8.54","110":"7.59","200":"6.64"},"tiered_pricing_product_settings":{"layout":"default","base_unit_name":{"singular":null,"plural":null},"default_variation":null},"tiered_pricing_minimum_quantity":null,"tiered_pricing_roles_data":[],"tiered_pricing_percentage_rules":[],"_links":{"self":[{"href":"https:\/\/vapingnet.de\/pl\/wp-json\/wp\/v2\/product\/5267","targetHints":{"allow":["GET"]}}],"collection":[{"href":"https:\/\/vapingnet.de\/pl\/wp-json\/wp\/v2\/product"}],"about":[{"href":"https:\/\/vapingnet.de\/pl\/wp-json\/wp\/v2\/types\/product"}],"version-history":[{"count":2,"href":"https:\/\/vapingnet.de\/pl\/wp-json\/wp\/v2\/product\/5267\/revisions"}],"predecessor-version":[{"id":7307,"href":"https:\/\/vapingnet.de\/pl\/wp-json\/wp\/v2\/product\/5267\/revisions\/7307"}],"wp:featuredmedia":[{"embeddable":true,"href":"https:\/\/vapingnet.de\/pl\/wp-json\/wp\/v2\/media\/5268"}],"wp:attachment":[{"href":"https:\/\/vapingnet.de\/pl\/wp-json\/wp\/v2\/media?parent=5267"}],"wp:term":[{"taxonomy":"brand","embeddable":true,"href":"https:\/\/vapingnet.de\/pl\/wp-json\/wp\/v2\/etheme_brands?post=5267"},{"taxonomy":"product_brand","embeddable":true,"href":"https:\/\/vapingnet.de\/pl\/wp-json\/wp\/v2\/product_brand?post=5267"},{"taxonomy":"product_cat","embeddable":true,"href":"https:\/\/vapingnet.de\/pl\/wp-json\/wp\/v2\/product_cat?post=5267"},{"taxonomy":"product_tag","embeddable":true,"href":"https:\/\/vapingnet.de\/pl\/wp-json\/wp\/v2\/product_tag?post=5267"}],"curies":[{"name":"wp","href":"https:\/\/api.w.org\/{rel}","templated":true}]}}