{"id":5273,"date":"2025-03-13T09:17:42","date_gmt":"2025-03-13T09:17:42","guid":{"rendered":"https:\/\/vapingnet.de\/?post_type=product&#038;p=5273"},"modified":"2025-06-19T03:41:22","modified_gmt":"2025-06-19T03:41:22","slug":"bang-30000-puffs-dual-flavor-blueberry-ice-und-black-dragon-ice-direktverkauf-ab-werk-und-weltweit-meistverkauft","status":"publish","type":"product","link":"https:\/\/vapingnet.de\/pl\/vape\/bang-30000-puffs-dual-flavor-blueberry-ice-und-black-dragon-ice-direktverkauf-ab-werk-und-weltweit-meistverkauft\/","title":{"rendered":"Bang 30000 Puffs Dual Flavor Blueberry Ice i Black Dragon Ice bezpo\u015brednia sprzeda\u017c z fabryki i najcz\u0119\u015bciej sprzedawany na \u015bwiecie"},"content":{"rendered":"<h2 data-start=\"0\" data-end=\"102\">Bang King 30000 Puffs Dual Flavor Jednorazowa E-papieros: Ostateczne doznania smakowe, gotowy w ka\u017cdej chwili<\/h2>\n<p data-start=\"104\" data-end=\"466\">Odkryj nowe doznania z e-papierosem Bang King 30000 Puffs Dual Flavor <a href=\"https:\/\/vapingnet.de\/pl\/k\/einweg-e-zigarette\/\" target=\"_blank\" rel=\"noopener\"><strong>Jednorazowa e-papieros<\/strong><\/a>Niezale\u017cnie od tego, czy jeste\u015b pocz\u0105tkuj\u0105cym w \u015bwiecie e-papieros\u00f3w, czy do\u015bwiadczonym palaczem, to urz\u0105dzenie zapewni Ci niezr\u00f3wnane doznania. Dzi\u0119ki unikalnemu dwukrotnemu smakowi i niesamowicie d\u0142ugiej \u017cywotno\u015bci b\u0119dzie Twoim codziennym towarzyszem.<\/p>\n<h4 data-start=\"473\" data-end=\"498\">Cechy produktu:<\/h4>\n<ul data-start=\"500\" data-end=\"2179\">\n<li data-start=\"500\" data-end=\"761\">\n<p data-start=\"502\" data-end=\"761\">D\u0142uga \u017cywotno\u015b\u0107 z 30000 poci\u0105gni\u0119ciami: Dzi\u0119ki mo\u017cliwo\u015bci u\u017cytkowania do 30000 poci\u0105gni\u0119\u0107, e-papieros Bang King zapewnia d\u0142ugotrwa\u0142e i bezproblemowe doznania. Koniec z cz\u0119st\u0105 wymian\u0105 \u2013 ciesz si\u0119 paleniem przez d\u0142ugi czas.<\/p>\n<\/li>\n<li data-start=\"763\" data-end=\"1030\">\n<p data-start=\"765\" data-end=\"1030\">Podw\u00f3jne doznania smakowe: Unikalne po\u0142\u0105czenie Blueberry Ice i Black Dragon Ice oferuje r\u00f3\u017cnorodne i intensywne smaki. Ka\u017cde poci\u0105gni\u0119cie to nowe do\u015bwiadczenie, kt\u00f3re przynosi \u015bwie\u017ce jagody lub mro\u017an\u0105 \u015bwie\u017co\u015b\u0107.<\/p>\n<\/li>\n<li data-start=\"1032\" data-end=\"1231\">\n<p data-start=\"1034\" data-end=\"1231\">Wysokiej jako\u015bci mesh-coil (1.0\u03a9): Mesh-coil zapewnia r\u00f3wnomierne odparowanie liquidu i umo\u017cliwia szczeg\u00f3lnie delikatne, jednolite palenie. B\u0119dziesz cieszy\u0107 si\u0119 ka\u017cd\u0105 sekund\u0105!<\/p>\n<\/li>\n<li data-start=\"1233\" data-end=\"1417\">\n<p data-start=\"1235\" data-end=\"1417\">Regulowana funkcja przep\u0142ywu powietrza: Dostosuj dop\u0142yw powietrza do swoich preferencji. Mo\u017cesz kontrolowa\u0107 intensywno\u015b\u0107 palenia i tworzy\u0107 w\u0142asne, indywidualne doznania.<\/p>\n<\/li>\n<li data-start=\"1419\" data-end=\"1654\">\n<p data-start=\"1421\" data-end=\"1654\">Akumulator 550mAh, wielokrotnego \u0142adowania: Z akumulatorem 550mAh i portem Type-C zawsze jeste\u015b gotowy. Dzi\u0119ki szybkiemu \u0142adowaniu nie musisz si\u0119 martwi\u0107 o niewystarczaj\u0105c\u0105 moc i mo\u017cesz cieszy\u0107 si\u0119 paleniem w ka\u017cdej chwili.<\/p>\n<\/li>\n<li data-start=\"1656\" data-end=\"1856\">\n<p data-start=\"1658\" data-end=\"1856\">Pojemno\u015b\u0107 liquidu 36ml: Ciesz si\u0119 d\u0142ugim paleniem dzi\u0119ki du\u017cej pojemno\u015bci liquidu 36ml. Nie musisz ci\u0105gle uzupe\u0142nia\u0107 i mo\u017cesz cieszy\u0107 si\u0119 paleniem przez d\u0142ugi czas.<\/p>\n<\/li>\n<li data-start=\"1858\" data-end=\"2031\">\n<p data-start=\"1860\" data-end=\"2031\">Wy\u015bwietlacz cyfrowy LED: Wy\u015bwietlacz cyfrowy LED informuje Ci\u0119 na bie\u017c\u0105co o poziomie na\u0142adowania i pozosta\u0142ym czasie u\u017cytkowania, dzi\u0119ki czemu zawsze masz pe\u0142en obraz sytuacji.<\/p>\n<\/li>\n<li data-start=\"2033\" data-end=\"2179\">\n<p data-start=\"2035\" data-end=\"2179\">Brak op\u0142at celnych: Zam\u00f3w teraz bezpo\u015brednio u vapingnet.de i korzystaj z braku op\u0142at celnych \u2013 prosty proces zakupu!<\/p>\n<\/li>\n<\/ul>\n<h3 data-start=\"2186\" data-end=\"2230\">Dlaczego wybra\u0107 Bang King 30000 Puffs?<\/h3>\n<ol data-start=\"2232\" data-end=\"3002\">\n<li data-start=\"2232\" data-end=\"2477\">\n<p data-start=\"2235\" data-end=\"2477\">Niezr\u00f3wnane doznania smakowe: Dzi\u0119ki unikalnym aromatom Blueberry Ice i Black Dragon Ice ka\u017cdy poci\u0105gni\u0119cie to ekscytuj\u0105ce prze\u017cycie. Zmieniaj smak wed\u0142ug w\u0142asnych upodoba\u0144, aby ci\u0105gle cieszy\u0107 si\u0119 nowymi od\u015bwie\u017ceniami.<\/p>\n<\/li>\n<li data-start=\"2479\" data-end=\"2636\">\n<p data-start=\"2482\" data-end=\"2636\">Ekstremalnie d\u0142uga \u017cywotno\u015b\u0107: Z <a href=\"https:\/\/vapingnet.de\/pl\/k\/vape-30000-zuege\/\" target=\"_blank\" rel=\"noopener\"><strong>30000 poci\u0105gni\u0119ciami<\/strong><\/a> mo\u017cesz korzysta\u0107 z e-papierosa przez bardzo d\u0142ugi czas, nie szukaj\u0105c cz\u0119sto zamiennik\u00f3w.<\/p>\n<\/li>\n<li data-start=\"2638\" data-end=\"2809\">\n<p data-start=\"2641\" data-end=\"2809\">Precyzyjna kontrola: Regulowana funkcja przep\u0142ywu powietrza i mesh-coil zapewniaj\u0105 Ci idealn\u0105 kontrol\u0119 nad doznaniami \u2013 od delikatnych po intensywne.<\/p>\n<\/li>\n<li data-start=\"2811\" data-end=\"3002\">\n<p data-start=\"2814\" data-end=\"3002\">Design i \u0142atwo\u015b\u0107 obs\u0142ugi: Kompaktowy, \u0142atwy do \u0142adowania i z du\u017c\u0105 pojemno\u015bci\u0105 liquidu, ten e-papieros zapewnia bezproblemowe palenie w ka\u017cdej chwili i miejscu.<\/p>\n<\/li>\n<\/ol>\n<h4>Wypr\u00f3buj teraz i ciesz si\u0119 ostatecznymi doznaniami palenia<\/h4>\n<p data-start=\"3081\" data-end=\"3292\">Czy jeste\u015b gotowy, aby do\u015bwiadczy\u0107 jednorazowego e-papierosa Bang King 30000 Puffs Dual Flavor? Odwied\u017a <a href=\"https:\/\/vapingnet.de\/pl\/\" target=\"_new\" rel=\"noopener\" data-start=\"3180\" data-end=\"3216\">vapingnet.de<\/a> i zdob\u0105d\u017a sw\u00f3j sprz\u0119t do idealnego parowania, kiedy tylko chcesz!<\/p>\n<p data-start=\"3299\" data-end=\"3487\" data-is-last-node=\"\" data-is-only-node=\"\">S\u0142owa kluczowe: Bang King, e-papieros, Dual Flavor, Blueberry Ice, Black Dragon Ice, 30000 poci\u0105gni\u0119\u0107, d\u0142ugi czas u\u017cytkowania, regulowany przep\u0142yw powietrza, wy\u015bwietlacz LED, 36ml liquidu, brak op\u0142at celnych<\/p>","protected":false},"excerpt":{"rendered":"<p>Bang King 30000 Puffs Dual Flavor Jednorazowy e-papieros: Maksymalna przyjemno\u015b\u0107, zawsze gotowy Odkryj nowe do\u015bwiadczenie vapowania z Bang King 30000 Puffs Dual Flavor...<\/p>","protected":false},"featured_media":5274,"template":"","meta":[],"etheme_brands":[],"product_brand":[101],"product_cat":[56,49,61],"product_tag":[],"class_list":{"0":"post-5273","1":"product","2":"type-product","3":"status-publish","4":"has-post-thumbnail","6":"product_brand-bang-king-vape","7":"product_cat-vape-30000-zuege","8":"product_cat-einweg-e-zigarette","9":"product_cat-f","11":"first","12":"instock","13":"shipping-taxable","14":"purchasable","15":"product-type-simple"},"yoast_head":"<!-- This site is optimized with the Yoast SEO plugin v26.5 - https:\/\/yoast.com\/wordpress\/plugins\/seo\/ -->\n<title>Bang 30000 Puffs Dual Flavor Blueberry Ice und Black Dragon Ice Direktverkauf ab Werk und weltweit meistverkauft | Vapingnet.de<\/title>\n<meta name=\"description\" content=\"Entdecke Bang 30000 Puffs Dual Flavor Blueberry Ice und Black Dragon Ice Direktverkauf ab Werk und weltweit meistverkauft bei vapingnet.de, \u25ba Gro\u00dfe Auswahl an Geschmacksrichtungen &amp; super g\u00fcnstig!\" \/>\n<meta name=\"robots\" content=\"index, follow, max-snippet:-1, max-image-preview:large, max-video-preview:-1\" \/>\n<link rel=\"canonical\" href=\"https:\/\/vapingnet.de\/pl\/vape\/bang-30000-puffs-dual-flavor-blueberry-ice-und-black-dragon-ice-direktverkauf-ab-werk-und-weltweit-meistverkauft\/\" \/>\n<meta property=\"og:locale\" content=\"pl_PL\" \/>\n<meta property=\"og:type\" content=\"article\" \/>\n<meta property=\"og:title\" content=\"Bang 30000 Puffs Dual Flavor Blueberry Ice und Black Dragon Ice Direktverkauf ab Werk und weltweit meistverkauft | Vapingnet.de\" \/>\n<meta property=\"og:description\" content=\"Entdecke Bang 30000 Puffs Dual Flavor Blueberry Ice und Black Dragon Ice Direktverkauf ab Werk und weltweit meistverkauft bei vapingnet.de, \u25ba Gro\u00dfe Auswahl an Geschmacksrichtungen &amp; super g\u00fcnstig!\" \/>\n<meta property=\"og:url\" content=\"https:\/\/vapingnet.de\/pl\/vape\/bang-30000-puffs-dual-flavor-blueberry-ice-und-black-dragon-ice-direktverkauf-ab-werk-und-weltweit-meistverkauft\/\" \/>\n<meta property=\"og:site_name\" content=\"Vapingnet.de\" \/>\n<meta property=\"article:publisher\" content=\"https:\/\/www.facebook.com\/vapingnetde\/\" \/>\n<meta property=\"article:modified_time\" content=\"2025-06-19T03:41:22+00:00\" \/>\n<meta property=\"og:image\" content=\"https:\/\/vapingnet.de\/wp-content\/uploads\/2025\/03\/Blueberry-Ice-und-Black-Dragon-Ice.png\" \/>\n\t<meta property=\"og:image:width\" content=\"900\" \/>\n\t<meta property=\"og:image:height\" content=\"600\" \/>\n\t<meta property=\"og:image:type\" content=\"image\/png\" \/>\n<meta name=\"twitter:card\" content=\"summary_large_image\" \/>\n<meta name=\"twitter:label1\" content=\"Est. reading time\" \/>\n\t<meta name=\"twitter:data1\" content=\"3 minutes\" \/>\n<script type=\"application\/ld+json\" class=\"yoast-schema-graph\">{\"@context\":\"https:\/\/schema.org\",\"@graph\":[{\"@type\":\"WebPage\",\"@id\":\"https:\/\/vapingnet.de\/vape\/bang-30000-puffs-dual-flavor-blueberry-ice-und-black-dragon-ice-direktverkauf-ab-werk-und-weltweit-meistverkauft\/\",\"url\":\"https:\/\/vapingnet.de\/vape\/bang-30000-puffs-dual-flavor-blueberry-ice-und-black-dragon-ice-direktverkauf-ab-werk-und-weltweit-meistverkauft\/\",\"name\":\"Bang 30000 Puffs Dual Flavor Blueberry Ice und Black Dragon Ice Direktverkauf ab Werk und weltweit meistverkauft | Vapingnet.de\",\"isPartOf\":{\"@id\":\"https:\/\/vapingnet.de\/#website\"},\"primaryImageOfPage\":{\"@id\":\"https:\/\/vapingnet.de\/vape\/bang-30000-puffs-dual-flavor-blueberry-ice-und-black-dragon-ice-direktverkauf-ab-werk-und-weltweit-meistverkauft\/#primaryimage\"},\"image\":{\"@id\":\"https:\/\/vapingnet.de\/vape\/bang-30000-puffs-dual-flavor-blueberry-ice-und-black-dragon-ice-direktverkauf-ab-werk-und-weltweit-meistverkauft\/#primaryimage\"},\"thumbnailUrl\":\"https:\/\/vapingnet.de\/wp-content\/uploads\/2025\/03\/Blueberry-Ice-und-Black-Dragon-Ice.png\",\"datePublished\":\"2025-03-13T09:17:42+00:00\",\"dateModified\":\"2025-06-19T03:41:22+00:00\",\"description\":\"Entdecke Bang 30000 Puffs Dual Flavor Blueberry Ice und Black Dragon Ice Direktverkauf ab Werk und weltweit meistverkauft bei vapingnet.de, \u25ba Gro\u00dfe Auswahl an Geschmacksrichtungen & super g\u00fcnstig!\",\"breadcrumb\":{\"@id\":\"https:\/\/vapingnet.de\/vape\/bang-30000-puffs-dual-flavor-blueberry-ice-und-black-dragon-ice-direktverkauf-ab-werk-und-weltweit-meistverkauft\/#breadcrumb\"},\"inLanguage\":\"pl-PL\",\"potentialAction\":[{\"@type\":\"ReadAction\",\"target\":[\"https:\/\/vapingnet.de\/vape\/bang-30000-puffs-dual-flavor-blueberry-ice-und-black-dragon-ice-direktverkauf-ab-werk-und-weltweit-meistverkauft\/\"]}]},{\"@type\":\"ImageObject\",\"inLanguage\":\"pl-PL\",\"@id\":\"https:\/\/vapingnet.de\/vape\/bang-30000-puffs-dual-flavor-blueberry-ice-und-black-dragon-ice-direktverkauf-ab-werk-und-weltweit-meistverkauft\/#primaryimage\",\"url\":\"https:\/\/vapingnet.de\/wp-content\/uploads\/2025\/03\/Blueberry-Ice-und-Black-Dragon-Ice.png\",\"contentUrl\":\"https:\/\/vapingnet.de\/wp-content\/uploads\/2025\/03\/Blueberry-Ice-und-Black-Dragon-Ice.png\",\"width\":900,\"height\":600,\"caption\":\"Blueberry Ice und Black Dragon Ice\"},{\"@type\":\"BreadcrumbList\",\"@id\":\"https:\/\/vapingnet.de\/vape\/bang-30000-puffs-dual-flavor-blueberry-ice-und-black-dragon-ice-direktverkauf-ab-werk-und-weltweit-meistverkauft\/#breadcrumb\",\"itemListElement\":[{\"@type\":\"ListItem\",\"position\":1,\"name\":\"Home\",\"item\":\"https:\/\/vapingnet.de\/\"},{\"@type\":\"ListItem\",\"position\":2,\"name\":\"Shop\",\"item\":\"https:\/\/vapingnet.de\/vape\/\"},{\"@type\":\"ListItem\",\"position\":3,\"name\":\"Bang 30000 Puffs Dual Flavor Blueberry Ice und Black Dragon Ice Direktverkauf ab Werk und weltweit meistverkauft\"}]},{\"@type\":\"WebSite\",\"@id\":\"https:\/\/vapingnet.de\/#website\",\"url\":\"https:\/\/vapingnet.de\/\",\"name\":\"Vapingnet.de\",\"description\":\"\",\"publisher\":{\"@id\":\"https:\/\/vapingnet.de\/#organization\"},\"potentialAction\":[{\"@type\":\"SearchAction\",\"target\":{\"@type\":\"EntryPoint\",\"urlTemplate\":\"https:\/\/vapingnet.de\/?s={search_term_string}\"},\"query-input\":{\"@type\":\"PropertyValueSpecification\",\"valueRequired\":true,\"valueName\":\"search_term_string\"}}],\"inLanguage\":\"pl-PL\"},{\"@type\":\"Organization\",\"@id\":\"https:\/\/vapingnet.de\/#organization\",\"name\":\"Vapingnet.de\",\"url\":\"https:\/\/vapingnet.de\/\",\"logo\":{\"@type\":\"ImageObject\",\"inLanguage\":\"pl-PL\",\"@id\":\"https:\/\/vapingnet.de\/#\/schema\/logo\/image\/\",\"url\":\"https:\/\/vapingnet.de\/wp-content\/uploads\/2025\/03\/cropped-vapingnet.de_.jpg\",\"contentUrl\":\"https:\/\/vapingnet.de\/wp-content\/uploads\/2025\/03\/cropped-vapingnet.de_.jpg\",\"width\":512,\"height\":512,\"caption\":\"Vapingnet.de\"},\"image\":{\"@id\":\"https:\/\/vapingnet.de\/#\/schema\/logo\/image\/\"},\"sameAs\":[\"https:\/\/www.facebook.com\/vapingnetde\/\"]}]}<\/script>\n<!-- \/ Yoast SEO plugin. -->","yoast_head_json":{"title":"Bang 30000 Puffs Dual Flavor Blueberry Ice und Black Dragon Ice Direktverkauf ab Werk und weltweit meistverkauft | Vapingnet.de","description":"Entdecke Bang 30000 Puffs Dual Flavor Blueberry Ice und Black Dragon Ice Direktverkauf ab Werk und weltweit meistverkauft bei vapingnet.de, \u25ba Gro\u00dfe Auswahl an Geschmacksrichtungen & super g\u00fcnstig!","robots":{"index":"index","follow":"follow","max-snippet":"max-snippet:-1","max-image-preview":"max-image-preview:large","max-video-preview":"max-video-preview:-1"},"canonical":"https:\/\/vapingnet.de\/pl\/vape\/bang-30000-puffs-dual-flavor-blueberry-ice-und-black-dragon-ice-direktverkauf-ab-werk-und-weltweit-meistverkauft\/","og_locale":"pl_PL","og_type":"article","og_title":"Bang 30000 Puffs Dual Flavor Blueberry Ice und Black Dragon Ice Direktverkauf ab Werk und weltweit meistverkauft | Vapingnet.de","og_description":"Entdecke Bang 30000 Puffs Dual Flavor Blueberry Ice und Black Dragon Ice Direktverkauf ab Werk und weltweit meistverkauft bei vapingnet.de, \u25ba Gro\u00dfe Auswahl an Geschmacksrichtungen & super g\u00fcnstig!","og_url":"https:\/\/vapingnet.de\/pl\/vape\/bang-30000-puffs-dual-flavor-blueberry-ice-und-black-dragon-ice-direktverkauf-ab-werk-und-weltweit-meistverkauft\/","og_site_name":"Vapingnet.de","article_publisher":"https:\/\/www.facebook.com\/vapingnetde\/","article_modified_time":"2025-06-19T03:41:22+00:00","og_image":[{"width":900,"height":600,"url":"https:\/\/vapingnet.de\/wp-content\/uploads\/2025\/03\/Blueberry-Ice-und-Black-Dragon-Ice.png","type":"image\/png"}],"twitter_card":"summary_large_image","twitter_misc":{"Est. reading time":"3 minutes"},"schema":{"@context":"https:\/\/schema.org","@graph":[{"@type":"WebPage","@id":"https:\/\/vapingnet.de\/vape\/bang-30000-puffs-dual-flavor-blueberry-ice-und-black-dragon-ice-direktverkauf-ab-werk-und-weltweit-meistverkauft\/","url":"https:\/\/vapingnet.de\/vape\/bang-30000-puffs-dual-flavor-blueberry-ice-und-black-dragon-ice-direktverkauf-ab-werk-und-weltweit-meistverkauft\/","name":"Bang 30000 Puffs Dual Flavor Blueberry Ice und Black Dragon Ice Direktverkauf ab Werk und weltweit meistverkauft | Vapingnet.de","isPartOf":{"@id":"https:\/\/vapingnet.de\/#website"},"primaryImageOfPage":{"@id":"https:\/\/vapingnet.de\/vape\/bang-30000-puffs-dual-flavor-blueberry-ice-und-black-dragon-ice-direktverkauf-ab-werk-und-weltweit-meistverkauft\/#primaryimage"},"image":{"@id":"https:\/\/vapingnet.de\/vape\/bang-30000-puffs-dual-flavor-blueberry-ice-und-black-dragon-ice-direktverkauf-ab-werk-und-weltweit-meistverkauft\/#primaryimage"},"thumbnailUrl":"https:\/\/vapingnet.de\/wp-content\/uploads\/2025\/03\/Blueberry-Ice-und-Black-Dragon-Ice.png","datePublished":"2025-03-13T09:17:42+00:00","dateModified":"2025-06-19T03:41:22+00:00","description":"Entdecke Bang 30000 Puffs Dual Flavor Blueberry Ice und Black Dragon Ice Direktverkauf ab Werk und weltweit meistverkauft bei vapingnet.de, \u25ba Gro\u00dfe Auswahl an Geschmacksrichtungen & super g\u00fcnstig!","breadcrumb":{"@id":"https:\/\/vapingnet.de\/vape\/bang-30000-puffs-dual-flavor-blueberry-ice-und-black-dragon-ice-direktverkauf-ab-werk-und-weltweit-meistverkauft\/#breadcrumb"},"inLanguage":"pl-PL","potentialAction":[{"@type":"ReadAction","target":["https:\/\/vapingnet.de\/vape\/bang-30000-puffs-dual-flavor-blueberry-ice-und-black-dragon-ice-direktverkauf-ab-werk-und-weltweit-meistverkauft\/"]}]},{"@type":"ImageObject","inLanguage":"pl-PL","@id":"https:\/\/vapingnet.de\/vape\/bang-30000-puffs-dual-flavor-blueberry-ice-und-black-dragon-ice-direktverkauf-ab-werk-und-weltweit-meistverkauft\/#primaryimage","url":"https:\/\/vapingnet.de\/wp-content\/uploads\/2025\/03\/Blueberry-Ice-und-Black-Dragon-Ice.png","contentUrl":"https:\/\/vapingnet.de\/wp-content\/uploads\/2025\/03\/Blueberry-Ice-und-Black-Dragon-Ice.png","width":900,"height":600,"caption":"Blueberry Ice und Black Dragon Ice"},{"@type":"BreadcrumbList","@id":"https:\/\/vapingnet.de\/vape\/bang-30000-puffs-dual-flavor-blueberry-ice-und-black-dragon-ice-direktverkauf-ab-werk-und-weltweit-meistverkauft\/#breadcrumb","itemListElement":[{"@type":"ListItem","position":1,"name":"Home","item":"https:\/\/vapingnet.de\/"},{"@type":"ListItem","position":2,"name":"Shop","item":"https:\/\/vapingnet.de\/vape\/"},{"@type":"ListItem","position":3,"name":"Bang 30000 Puffs Dual Flavor Blueberry Ice und Black Dragon Ice Direktverkauf ab Werk und weltweit meistverkauft"}]},{"@type":"WebSite","@id":"https:\/\/vapingnet.de\/#website","url":"https:\/\/vapingnet.de\/","name":"Vapingnet.de","description":"","publisher":{"@id":"https:\/\/vapingnet.de\/#organization"},"potentialAction":[{"@type":"SearchAction","target":{"@type":"EntryPoint","urlTemplate":"https:\/\/vapingnet.de\/?s={search_term_string}"},"query-input":{"@type":"PropertyValueSpecification","valueRequired":true,"valueName":"search_term_string"}}],"inLanguage":"pl-PL"},{"@type":"Organization","@id":"https:\/\/vapingnet.de\/#organization","name":"Vapingnet.de","url":"https:\/\/vapingnet.de\/","logo":{"@type":"ImageObject","inLanguage":"pl-PL","@id":"https:\/\/vapingnet.de\/#\/schema\/logo\/image\/","url":"https:\/\/vapingnet.de\/wp-content\/uploads\/2025\/03\/cropped-vapingnet.de_.jpg","contentUrl":"https:\/\/vapingnet.de\/wp-content\/uploads\/2025\/03\/cropped-vapingnet.de_.jpg","width":512,"height":512,"caption":"Vapingnet.de"},"image":{"@id":"https:\/\/vapingnet.de\/#\/schema\/logo\/image\/"},"sameAs":["https:\/\/www.facebook.com\/vapingnetde\/"]}]}},"tiered_pricing_type":"fixed","tiered_pricing_fixed_rules":{"10":"9.49","60":"8.54","110":"7.59","200":"6.64"},"tiered_pricing_product_settings":{"layout":"default","base_unit_name":{"singular":null,"plural":null},"default_variation":null},"tiered_pricing_minimum_quantity":null,"tiered_pricing_roles_data":[],"tiered_pricing_percentage_rules":[],"_links":{"self":[{"href":"https:\/\/vapingnet.de\/pl\/wp-json\/wp\/v2\/product\/5273","targetHints":{"allow":["GET"]}}],"collection":[{"href":"https:\/\/vapingnet.de\/pl\/wp-json\/wp\/v2\/product"}],"about":[{"href":"https:\/\/vapingnet.de\/pl\/wp-json\/wp\/v2\/types\/product"}],"version-history":[{"count":1,"href":"https:\/\/vapingnet.de\/pl\/wp-json\/wp\/v2\/product\/5273\/revisions"}],"predecessor-version":[{"id":5275,"href":"https:\/\/vapingnet.de\/pl\/wp-json\/wp\/v2\/product\/5273\/revisions\/5275"}],"wp:featuredmedia":[{"embeddable":true,"href":"https:\/\/vapingnet.de\/pl\/wp-json\/wp\/v2\/media\/5274"}],"wp:attachment":[{"href":"https:\/\/vapingnet.de\/pl\/wp-json\/wp\/v2\/media?parent=5273"}],"wp:term":[{"taxonomy":"brand","embeddable":true,"href":"https:\/\/vapingnet.de\/pl\/wp-json\/wp\/v2\/etheme_brands?post=5273"},{"taxonomy":"product_brand","embeddable":true,"href":"https:\/\/vapingnet.de\/pl\/wp-json\/wp\/v2\/product_brand?post=5273"},{"taxonomy":"product_cat","embeddable":true,"href":"https:\/\/vapingnet.de\/pl\/wp-json\/wp\/v2\/product_cat?post=5273"},{"taxonomy":"product_tag","embeddable":true,"href":"https:\/\/vapingnet.de\/pl\/wp-json\/wp\/v2\/product_tag?post=5273"}],"curies":[{"name":"wp","href":"https:\/\/api.w.org\/{rel}","templated":true}]}}