{"id":5281,"date":"2025-03-14T02:56:25","date_gmt":"2025-03-14T02:56:25","guid":{"rendered":"https:\/\/vapingnet.de\/?post_type=product&#038;p=5281"},"modified":"2025-06-19T03:41:21","modified_gmt":"2025-06-19T03:41:21","slug":"strawberry-kiwi-36000-puffs-power-von-bang-king-vape","status":"publish","type":"product","link":"https:\/\/vapingnet.de\/pl\/vape\/strawberry-kiwi-36000-puffs-power-von-bang-king-vape\/","title":{"rendered":"Strawberry Kiwi 36000 Puffs Power od Bang King Va..."},"content":{"rendered":"<h2 data-start=\"0\" data-end=\"93\">Bang King 36000 Puffs \u2013 Maksymalne doznania podczas vapowania, e-papieros dla prawdziwych koneser\u00f3w!<\/h2>\n<p data-start=\"95\" data-end=\"401\">Je\u015bli szukasz ultrad\u0142ugotrwa\u0142ego, wydajnego i intensywnie smakowego e-papierosa, to <a href=\"https:\/\/vapingnet.de\/pl\/bang-36000-puffs-mesh-coil\/\" target=\"_blank\" rel=\"noopener\"><strong>Bang King 36000 Puffs<\/strong><\/a> jest w\u0142a\u015bnie dla Ciebie! Dzi\u0119ki du\u017cemu zbiornikowi na liquid i wysokiej jako\u015bci technologii Mesh Coil zapewnia niezr\u00f3wnane doznania podczas vapowania.<\/p>\n<h4 data-start=\"408\" data-end=\"460\">\ud83d\udca8 36000 Puffs \u2013 Ekstra d\u0142ugi czas u\u017cytkowania!<\/h4>\n<ul data-start=\"461\" data-end=\"649\">\n<li data-start=\"461\" data-end=\"574\">Podw\u00f3jny zbiornik na e-liquid z 40 ml nape\u0142nionym liquidem \u2013 na tygodnie vapowania bez konieczno\u015bci uzupe\u0142niania.<\/li>\n<li data-start=\"575\" data-end=\"649\">Idealny dla os\u00f3b vapuj\u0105cych cz\u0119sto, ceni\u0105cych d\u0142ug\u0105 trwa\u0142o\u015b\u0107.<\/li>\n<\/ul>\n<h4 data-start=\"656\" data-end=\"722\">\ud83d\udd25 DTL (Direct Lung Inhalation) \u2013 Intensywne doznania podczas vapowania!<\/h4>\n<ul data-start=\"723\" data-end=\"1013\">\n<li data-start=\"723\" data-end=\"824\">0,6 \u03a9 Sub-Ohm Mesh Coil dla r\u00f3wnomiernego odparowania, g\u0119stego dymu i intensywnego smaku.<\/li>\n<li data-start=\"825\" data-end=\"929\">Zaprojektowany do DTL (Direct-to-Lung), aby tworzy\u0107 ob\u0142oki du\u017cego dymu i pe\u0142ne aromaty.<\/li>\n<li data-start=\"930\" data-end=\"1013\">Idealny dla tych, kt\u00f3rzy kochaj\u0105 mocne doznania z du\u017cymi chmurami!<\/li>\n<\/ul>\n<h4 data-start=\"1020\" data-end=\"1067\">\ud83d\udd0b Akumulator 650mAh + szybkie \u0142adowanie Type-C!<\/h4>\n<ul data-start=\"1068\" data-end=\"1244\">\n<li data-start=\"1068\" data-end=\"1135\">Ponownie \u0142adowalny akumulator 650mAh zapewniaj\u0105cy d\u0142ugi czas u\u017cytkowania.<\/li>\n<li data-start=\"1136\" data-end=\"1244\">Szybkie \u0142adowanie Type-C umo\u017cliwia szybkie i wygodne \u0142adowanie \u2013 bez czekania, dalej vapuj!<\/li>\n<\/ul>\n<h4 data-start=\"1251\" data-end=\"1312\">\ud83c\udf08 Pod\u015bwietlenie LED \u2013 Stylowy design z efektem wow!<\/h4>\n<ul data-start=\"1313\" data-end=\"1490\">\n<li data-start=\"1313\" data-end=\"1398\">Fajne pod\u015bwietlenie LED, kt\u00f3re za ka\u017cdym razem podczas zaci\u0105gni\u0119cia si\u0119 mieni r\u00f3\u017cnymi kolorami.<\/li>\n<li data-start=\"1399\" data-end=\"1490\">Kompaktowy rozmiar dla maksymalnej mobilno\u015bci \u2013 idealny na wycieczki i przyci\u0105gaj\u0105cy wzrok!<\/li>\n<\/ul>\n<h4 data-start=\"1497\" data-end=\"1543\">\ud83c\udf53\ud83c\udf43 Porada smakowa \u2013 Strawberry Kiwi<\/h4>\n<p data-start=\"1544\" data-end=\"1618\">Owocowa \u015bwie\u017co\u015b\u0107 z harmonijn\u0105 r\u00f3wnowag\u0105 s\u0142odyczy i kwasowo\u015bci!<\/p>\n<ul data-start=\"1619\" data-end=\"1934\">\n<li data-start=\"1619\" data-end=\"1733\">Soczyste truskawki spotykaj\u0105 si\u0119 z orze\u017awiaj\u0105cym akcentem kiwi, tworz\u0105c intensywny i pobudzaj\u0105cy aromat.<\/li>\n<li data-start=\"1734\" data-end=\"1839\">Podczas wdechu czujesz s\u0142odk\u0105 truskawk\u0119, podczas wydechu pozostaje przyjemny powiew kiwi.<\/li>\n<li data-start=\"1840\" data-end=\"1934\">Idealne dla mi\u0142o\u015bnik\u00f3w owocowych e-liquid\u00f3w \u2013 d\u0142ugotrwa\u0142a przyjemno\u015b\u0107 przy ka\u017cdym zaci\u0105gni\u0119ciu!<\/li>\n<\/ul>\n<h3 data-start=\"1941\" data-end=\"1992\">\ud83d\uded2 Zam\u00f3w teraz i ciesz si\u0119 bezproblemowym vapowaniem!<\/h3>\n<p data-start=\"1993\" data-end=\"2280\">\u2714 Czas dostawy: 7\u201315 dni roboczych \u2013 warto czeka\u0107 na t\u0119 rado\u015b\u0107!<br data-start=\"2052\" data-end=\"2055\" \/>\u2714 Bez c\u0142a \u2013 bezproblemowe zakupy i dostawa prosto do domu.<br data-start=\"2132\" data-end=\"2135\" \/>\u2714 Idealne do u\u017cytku w\u0142asnego lub jako hurtowe zam\u00f3wienie \u2013 wydajny jednorazowy e-papieros w niesamowitej cenie!<\/p>\n<p data-start=\"2282\" data-end=\"2342\" data-is-last-node=\"\" data-is-only-node=\"\">\ud83d\udccd Zam\u00f3w teraz: <a href=\"https:\/\/vapingnet.de\/pl\/\" target=\"_blank\" rel=\"noopener\"><strong>vapingnet.de<\/strong><\/a><\/p>","protected":false},"excerpt":{"rendered":"<p>Bang King 36000 Puffs \u2013 Maksymalne doznanie vapowania, e-papieros dla prawdziwych koneser\u00f3w! Je\u015bli szukasz ultrad\u0142ugotrwa\u0142ego, mocnego i intensywnie smakowego e-papierosa,...<\/p>","protected":false},"featured_media":5282,"template":"","meta":[],"etheme_brands":[],"product_brand":[101],"product_cat":[57,49,61],"product_tag":[],"class_list":{"0":"post-5281","1":"product","2":"type-product","3":"status-publish","4":"has-post-thumbnail","6":"product_brand-bang-king-vape","7":"product_cat-vape-36000-zuege","8":"product_cat-einweg-e-zigarette","9":"product_cat-f","11":"first","12":"instock","13":"shipping-taxable","14":"purchasable","15":"product-type-simple"},"yoast_head":"<!-- This site is optimized with the Yoast SEO plugin v26.5 - https:\/\/yoast.com\/wordpress\/plugins\/seo\/ -->\n<title>Strawberry Kiwi 36000 Puffs Power von Bang King Vape | vapingnet.de<\/title>\n<meta name=\"description\" content=\"Strawberry Kiwi 36000 Puffs Power von Bang King Vape \u25ba Viele Geschmacksrichtungen &amp; g\u00fcnstig bei vapingnet.de f\u00fcr Einsteiger\" \/>\n<meta name=\"robots\" content=\"index, follow, max-snippet:-1, max-image-preview:large, max-video-preview:-1\" \/>\n<link rel=\"canonical\" href=\"https:\/\/vapingnet.de\/pl\/vape\/strawberry-kiwi-36000-puffs-power-von-bang-king-vape\/\" \/>\n<meta property=\"og:locale\" content=\"pl_PL\" \/>\n<meta property=\"og:type\" content=\"article\" \/>\n<meta property=\"og:title\" content=\"Strawberry Kiwi 36000 Puffs Power von Bang King Vape | vapingnet.de\" \/>\n<meta property=\"og:description\" content=\"Strawberry Kiwi 36000 Puffs Power von Bang King Vape \u25ba Viele Geschmacksrichtungen &amp; g\u00fcnstig bei vapingnet.de f\u00fcr Einsteiger\" \/>\n<meta property=\"og:url\" content=\"https:\/\/vapingnet.de\/pl\/vape\/strawberry-kiwi-36000-puffs-power-von-bang-king-vape\/\" \/>\n<meta property=\"og:site_name\" content=\"Vapingnet.de\" \/>\n<meta property=\"article:publisher\" content=\"https:\/\/www.facebook.com\/vapingnetde\/\" \/>\n<meta property=\"article:modified_time\" content=\"2025-06-19T03:41:21+00:00\" \/>\n<meta property=\"og:image\" content=\"https:\/\/vapingnet.de\/wp-content\/uploads\/2025\/03\/Strawberry-Kiwi-2.png\" \/>\n\t<meta property=\"og:image:width\" content=\"900\" \/>\n\t<meta property=\"og:image:height\" content=\"600\" \/>\n\t<meta property=\"og:image:type\" content=\"image\/png\" \/>\n<meta name=\"twitter:card\" content=\"summary_large_image\" \/>\n<meta name=\"twitter:label1\" content=\"Est. reading time\" \/>\n\t<meta name=\"twitter:data1\" content=\"2 minutes\" \/>\n<script type=\"application\/ld+json\" class=\"yoast-schema-graph\">{\"@context\":\"https:\/\/schema.org\",\"@graph\":[{\"@type\":\"WebPage\",\"@id\":\"https:\/\/vapingnet.de\/vape\/strawberry-kiwi-36000-puffs-power-von-bang-king-vape\/\",\"url\":\"https:\/\/vapingnet.de\/vape\/strawberry-kiwi-36000-puffs-power-von-bang-king-vape\/\",\"name\":\"Strawberry Kiwi 36000 Puffs Power von Bang King Vape | vapingnet.de\",\"isPartOf\":{\"@id\":\"https:\/\/vapingnet.de\/#website\"},\"primaryImageOfPage\":{\"@id\":\"https:\/\/vapingnet.de\/vape\/strawberry-kiwi-36000-puffs-power-von-bang-king-vape\/#primaryimage\"},\"image\":{\"@id\":\"https:\/\/vapingnet.de\/vape\/strawberry-kiwi-36000-puffs-power-von-bang-king-vape\/#primaryimage\"},\"thumbnailUrl\":\"https:\/\/vapingnet.de\/wp-content\/uploads\/2025\/03\/Strawberry-Kiwi-2.png\",\"datePublished\":\"2025-03-14T02:56:25+00:00\",\"dateModified\":\"2025-06-19T03:41:21+00:00\",\"description\":\"Strawberry Kiwi 36000 Puffs Power von Bang King Vape \u25ba Viele Geschmacksrichtungen & g\u00fcnstig bei vapingnet.de f\u00fcr Einsteiger\",\"breadcrumb\":{\"@id\":\"https:\/\/vapingnet.de\/vape\/strawberry-kiwi-36000-puffs-power-von-bang-king-vape\/#breadcrumb\"},\"inLanguage\":\"pl-PL\",\"potentialAction\":[{\"@type\":\"ReadAction\",\"target\":[\"https:\/\/vapingnet.de\/vape\/strawberry-kiwi-36000-puffs-power-von-bang-king-vape\/\"]}]},{\"@type\":\"ImageObject\",\"inLanguage\":\"pl-PL\",\"@id\":\"https:\/\/vapingnet.de\/vape\/strawberry-kiwi-36000-puffs-power-von-bang-king-vape\/#primaryimage\",\"url\":\"https:\/\/vapingnet.de\/wp-content\/uploads\/2025\/03\/Strawberry-Kiwi-2.png\",\"contentUrl\":\"https:\/\/vapingnet.de\/wp-content\/uploads\/2025\/03\/Strawberry-Kiwi-2.png\",\"width\":900,\"height\":600,\"caption\":\"Strawberry Kiwi\"},{\"@type\":\"BreadcrumbList\",\"@id\":\"https:\/\/vapingnet.de\/vape\/strawberry-kiwi-36000-puffs-power-von-bang-king-vape\/#breadcrumb\",\"itemListElement\":[{\"@type\":\"ListItem\",\"position\":1,\"name\":\"Home\",\"item\":\"https:\/\/vapingnet.de\/\"},{\"@type\":\"ListItem\",\"position\":2,\"name\":\"Shop\",\"item\":\"https:\/\/vapingnet.de\/vape\/\"},{\"@type\":\"ListItem\",\"position\":3,\"name\":\"Strawberry Kiwi 36000 Puffs Power von Bang King Vape\"}]},{\"@type\":\"WebSite\",\"@id\":\"https:\/\/vapingnet.de\/#website\",\"url\":\"https:\/\/vapingnet.de\/\",\"name\":\"Vapingnet.de\",\"description\":\"\",\"publisher\":{\"@id\":\"https:\/\/vapingnet.de\/#organization\"},\"potentialAction\":[{\"@type\":\"SearchAction\",\"target\":{\"@type\":\"EntryPoint\",\"urlTemplate\":\"https:\/\/vapingnet.de\/?s={search_term_string}\"},\"query-input\":{\"@type\":\"PropertyValueSpecification\",\"valueRequired\":true,\"valueName\":\"search_term_string\"}}],\"inLanguage\":\"pl-PL\"},{\"@type\":\"Organization\",\"@id\":\"https:\/\/vapingnet.de\/#organization\",\"name\":\"Vapingnet.de\",\"url\":\"https:\/\/vapingnet.de\/\",\"logo\":{\"@type\":\"ImageObject\",\"inLanguage\":\"pl-PL\",\"@id\":\"https:\/\/vapingnet.de\/#\/schema\/logo\/image\/\",\"url\":\"https:\/\/vapingnet.de\/wp-content\/uploads\/2025\/03\/cropped-vapingnet.de_.jpg\",\"contentUrl\":\"https:\/\/vapingnet.de\/wp-content\/uploads\/2025\/03\/cropped-vapingnet.de_.jpg\",\"width\":512,\"height\":512,\"caption\":\"Vapingnet.de\"},\"image\":{\"@id\":\"https:\/\/vapingnet.de\/#\/schema\/logo\/image\/\"},\"sameAs\":[\"https:\/\/www.facebook.com\/vapingnetde\/\"]}]}<\/script>\n<!-- \/ Yoast SEO plugin. -->","yoast_head_json":{"title":"Strawberry Kiwi 36000 Puffs Power von Bang King Vape | vapingnet.de","description":"Strawberry Kiwi 36000 Puffs Power von Bang King Vape \u25ba Viele Geschmacksrichtungen & g\u00fcnstig bei vapingnet.de f\u00fcr Einsteiger","robots":{"index":"index","follow":"follow","max-snippet":"max-snippet:-1","max-image-preview":"max-image-preview:large","max-video-preview":"max-video-preview:-1"},"canonical":"https:\/\/vapingnet.de\/pl\/vape\/strawberry-kiwi-36000-puffs-power-von-bang-king-vape\/","og_locale":"pl_PL","og_type":"article","og_title":"Strawberry Kiwi 36000 Puffs Power von Bang King Vape | vapingnet.de","og_description":"Strawberry Kiwi 36000 Puffs Power von Bang King Vape \u25ba Viele Geschmacksrichtungen & g\u00fcnstig bei vapingnet.de f\u00fcr Einsteiger","og_url":"https:\/\/vapingnet.de\/pl\/vape\/strawberry-kiwi-36000-puffs-power-von-bang-king-vape\/","og_site_name":"Vapingnet.de","article_publisher":"https:\/\/www.facebook.com\/vapingnetde\/","article_modified_time":"2025-06-19T03:41:21+00:00","og_image":[{"width":900,"height":600,"url":"https:\/\/vapingnet.de\/wp-content\/uploads\/2025\/03\/Strawberry-Kiwi-2.png","type":"image\/png"}],"twitter_card":"summary_large_image","twitter_misc":{"Est. reading time":"2 minutes"},"schema":{"@context":"https:\/\/schema.org","@graph":[{"@type":"WebPage","@id":"https:\/\/vapingnet.de\/vape\/strawberry-kiwi-36000-puffs-power-von-bang-king-vape\/","url":"https:\/\/vapingnet.de\/vape\/strawberry-kiwi-36000-puffs-power-von-bang-king-vape\/","name":"Strawberry Kiwi 36000 Puffs Power von Bang King Vape | vapingnet.de","isPartOf":{"@id":"https:\/\/vapingnet.de\/#website"},"primaryImageOfPage":{"@id":"https:\/\/vapingnet.de\/vape\/strawberry-kiwi-36000-puffs-power-von-bang-king-vape\/#primaryimage"},"image":{"@id":"https:\/\/vapingnet.de\/vape\/strawberry-kiwi-36000-puffs-power-von-bang-king-vape\/#primaryimage"},"thumbnailUrl":"https:\/\/vapingnet.de\/wp-content\/uploads\/2025\/03\/Strawberry-Kiwi-2.png","datePublished":"2025-03-14T02:56:25+00:00","dateModified":"2025-06-19T03:41:21+00:00","description":"Strawberry Kiwi 36000 Puffs Power von Bang King Vape \u25ba Viele Geschmacksrichtungen & g\u00fcnstig bei vapingnet.de f\u00fcr Einsteiger","breadcrumb":{"@id":"https:\/\/vapingnet.de\/vape\/strawberry-kiwi-36000-puffs-power-von-bang-king-vape\/#breadcrumb"},"inLanguage":"pl-PL","potentialAction":[{"@type":"ReadAction","target":["https:\/\/vapingnet.de\/vape\/strawberry-kiwi-36000-puffs-power-von-bang-king-vape\/"]}]},{"@type":"ImageObject","inLanguage":"pl-PL","@id":"https:\/\/vapingnet.de\/vape\/strawberry-kiwi-36000-puffs-power-von-bang-king-vape\/#primaryimage","url":"https:\/\/vapingnet.de\/wp-content\/uploads\/2025\/03\/Strawberry-Kiwi-2.png","contentUrl":"https:\/\/vapingnet.de\/wp-content\/uploads\/2025\/03\/Strawberry-Kiwi-2.png","width":900,"height":600,"caption":"Strawberry Kiwi"},{"@type":"BreadcrumbList","@id":"https:\/\/vapingnet.de\/vape\/strawberry-kiwi-36000-puffs-power-von-bang-king-vape\/#breadcrumb","itemListElement":[{"@type":"ListItem","position":1,"name":"Home","item":"https:\/\/vapingnet.de\/"},{"@type":"ListItem","position":2,"name":"Shop","item":"https:\/\/vapingnet.de\/vape\/"},{"@type":"ListItem","position":3,"name":"Strawberry Kiwi 36000 Puffs Power von Bang King Vape"}]},{"@type":"WebSite","@id":"https:\/\/vapingnet.de\/#website","url":"https:\/\/vapingnet.de\/","name":"Vapingnet.de","description":"","publisher":{"@id":"https:\/\/vapingnet.de\/#organization"},"potentialAction":[{"@type":"SearchAction","target":{"@type":"EntryPoint","urlTemplate":"https:\/\/vapingnet.de\/?s={search_term_string}"},"query-input":{"@type":"PropertyValueSpecification","valueRequired":true,"valueName":"search_term_string"}}],"inLanguage":"pl-PL"},{"@type":"Organization","@id":"https:\/\/vapingnet.de\/#organization","name":"Vapingnet.de","url":"https:\/\/vapingnet.de\/","logo":{"@type":"ImageObject","inLanguage":"pl-PL","@id":"https:\/\/vapingnet.de\/#\/schema\/logo\/image\/","url":"https:\/\/vapingnet.de\/wp-content\/uploads\/2025\/03\/cropped-vapingnet.de_.jpg","contentUrl":"https:\/\/vapingnet.de\/wp-content\/uploads\/2025\/03\/cropped-vapingnet.de_.jpg","width":512,"height":512,"caption":"Vapingnet.de"},"image":{"@id":"https:\/\/vapingnet.de\/#\/schema\/logo\/image\/"},"sameAs":["https:\/\/www.facebook.com\/vapingnetde\/"]}]}},"tiered_pricing_type":"fixed","tiered_pricing_fixed_rules":{"8":"10.44","60":"9.40","110":"8.35","200":"7.31"},"tiered_pricing_product_settings":{"layout":"default","base_unit_name":{"singular":null,"plural":null},"default_variation":null},"tiered_pricing_minimum_quantity":null,"tiered_pricing_roles_data":[],"tiered_pricing_percentage_rules":[],"_links":{"self":[{"href":"https:\/\/vapingnet.de\/pl\/wp-json\/wp\/v2\/product\/5281","targetHints":{"allow":["GET"]}}],"collection":[{"href":"https:\/\/vapingnet.de\/pl\/wp-json\/wp\/v2\/product"}],"about":[{"href":"https:\/\/vapingnet.de\/pl\/wp-json\/wp\/v2\/types\/product"}],"version-history":[{"count":2,"href":"https:\/\/vapingnet.de\/pl\/wp-json\/wp\/v2\/product\/5281\/revisions"}],"predecessor-version":[{"id":5284,"href":"https:\/\/vapingnet.de\/pl\/wp-json\/wp\/v2\/product\/5281\/revisions\/5284"}],"wp:featuredmedia":[{"embeddable":true,"href":"https:\/\/vapingnet.de\/pl\/wp-json\/wp\/v2\/media\/5282"}],"wp:attachment":[{"href":"https:\/\/vapingnet.de\/pl\/wp-json\/wp\/v2\/media?parent=5281"}],"wp:term":[{"taxonomy":"brand","embeddable":true,"href":"https:\/\/vapingnet.de\/pl\/wp-json\/wp\/v2\/etheme_brands?post=5281"},{"taxonomy":"product_brand","embeddable":true,"href":"https:\/\/vapingnet.de\/pl\/wp-json\/wp\/v2\/product_brand?post=5281"},{"taxonomy":"product_cat","embeddable":true,"href":"https:\/\/vapingnet.de\/pl\/wp-json\/wp\/v2\/product_cat?post=5281"},{"taxonomy":"product_tag","embeddable":true,"href":"https:\/\/vapingnet.de\/pl\/wp-json\/wp\/v2\/product_tag?post=5281"}],"curies":[{"name":"wp","href":"https:\/\/api.w.org\/{rel}","templated":true}]}}