{"id":5285,"date":"2025-03-14T03:22:57","date_gmt":"2025-03-14T03:22:57","guid":{"rendered":"https:\/\/vapingnet.de\/?post_type=product&#038;p=5285"},"modified":"2025-06-19T03:41:21","modified_gmt":"2025-06-19T03:41:21","slug":"bang-36000-puffs-mesh-coil-einweg-e-zigarette-peach-mango-watermelon-duty-free-genuss-in-jedem-zug","status":"publish","type":"product","link":"https:\/\/vapingnet.de\/pl\/vape\/bang-36000-puffs-mesh-coil-einweg-e-zigarette-peach-mango-watermelon-duty-free-genuss-in-jedem-zug\/","title":{"rendered":"Bang 36000 Puffs Mesh Coil Jednorazowa E-papieros Peach Mango Watermelon bezc\u0142owa przyjemno\u015b\u0107 przy ka\u017cdym zaci\u0105gni\u0119ciu"},"content":{"rendered":"<h2 data-start=\"0\" data-end=\"106\">Bang King 36000 Puffs Mesh Coil \u2013 Ultra d\u0142ugi czas dzia\u0142ania, topowy model jednorazowej e-papierosa!<\/h2>\n<p data-start=\"108\" data-end=\"255\">Chcesz do\u015bwiadczy\u0107 naprawd\u0119 trwa\u0142ego i mocnego e-papierosa? Bang King 36000 Puffs Mesh Coil to zdecydowanie Tw\u00f3j ostateczny wyb\u00f3r!<\/p>\n<h3 data-start=\"262\" data-end=\"290\">\ud83d\udd25 Najwa\u017cniejsze cechy produktu<\/h3>\n<p data-start=\"291\" data-end=\"888\">\u2705 36000 zaci\u0105gni\u0119\u0107 \u2013 znacznie wi\u0119cej ni\u017c w tradycyjnych jednorazowych e-papierosach, dla d\u0142ugotrwa\u0142ej przyjemno\u015bci<br data-start=\"389\" data-end=\"392\" \/>\u2705 Dwa razy wi\u0119cej e-liquid \u2013 40 ml nape\u0142nionego e-liquidu, trwa\u0142y i pe\u0142ny smak przy ka\u017cdym zaci\u0105gni\u0119ciu<br data-start=\"500\" data-end=\"503\" \/>\u2705 Silna wydajno\u015b\u0107 \u2013 650 mAh akumulator wielokrotnego \u0142adowania + szybkie \u0142adowanie Type-C, zawsze gotowy do u\u017cycia<br data-start=\"620\" data-end=\"623\" \/>\u2705 Technologia Mesh Coil \u2013 r\u00f3wnomierne podgrzewanie, g\u0119stszy dym, intensywniejszy smak<br data-start=\"716\" data-end=\"719\" \/>\u2705 R\u00f3\u017cne st\u0119\u017cenia nikotyny \u2013 0\/2\/3\/5% do wyboru, dla ka\u017cdego potrzebuj\u0105cego<br data-start=\"800\" data-end=\"803\" \/>\u2705 Efekty \u015bwietlne LED \u2013 za ka\u017cdym razem, gdy zaci\u0105gasz si\u0119, aktywuje si\u0119 efektowne pod\u015bwietlenie<\/p>\n<h4 data-start=\"895\" data-end=\"959\">\ud83c\udf51 Popularny smak: Peach Mango Watermelon \ud83c\udf49<\/h4>\n<p data-start=\"960\" data-end=\"1119\">S\u0142odki brzoskwiniowy, tropikalny smak mango i orze\u017awiaj\u0105ca soczysta arbuzowa rozkosz \u0142\u0105cz\u0105 si\u0119 idealnie \u2013 doznanie smakowe przy ka\u017cdym zaci\u0105gni\u0119ciu!<\/p>\n<p data-start=\"1126\" data-end=\"1365\">\ud83d\udca8 Design Direct-to-Lung (DTL) dla wi\u0119kszych chmur dymu<br data-start=\"1184\" data-end=\"1187\" \/>\u26a1 Sub-Ohm Coil 0,6 \u03a9 dla intensywnego efektu gard\u0142a<br data-start=\"1237\" data-end=\"1240\" \/>\ud83d\udccc Jednorazowy e-papieros, gotowy do u\u017cycia od razu, bez konieczno\u015bci konserwacji<br data-start=\"1308\" data-end=\"1311\" \/>\ud83c\udd93 Brak op\u0142at celnych, po prostu kup i ciesz si\u0119<\/p>\n<p data-start=\"1367\" data-end=\"1504\" data-is-last-node=\"\" data-is-only-node=\"\">Do\u015bwiadcz teraz pot\u0119\u017cnego uczucia Bang King 36000 Puffs!<br data-start=\"1428\" data-end=\"1431\" \/>\ud83d\udd17 Kup teraz na stronie internetowej:<a href=\"https:\/\/vapingnet.de\/pl\/\" target=\"_blank\" rel=\"noopener\"><strong> vapingnet.de<\/strong><\/a><\/p>","protected":false},"excerpt":{"rendered":"<p>Bang King 36000 Puffs Mesh Coil \u2013 Ultra d\u0142ugotrwa\u0142a \u017cywotno\u015b\u0107, topowy model jednorazowego e-papierosa! Chcesz do\u015bwiadczy\u0107 naprawd\u0119 trwa\u0142ego i mocnego e-papierosa? Bang...<\/p>","protected":false},"featured_media":5286,"template":"","meta":[],"etheme_brands":[],"product_brand":[101],"product_cat":[57,49,61],"product_tag":[],"class_list":{"0":"post-5285","1":"product","2":"type-product","3":"status-publish","4":"has-post-thumbnail","6":"product_brand-bang-king-vape","7":"product_cat-vape-36000-zuege","8":"product_cat-einweg-e-zigarette","9":"product_cat-f","11":"first","12":"instock","13":"shipping-taxable","14":"purchasable","15":"product-type-simple"},"yoast_head":"<!-- This site is optimized with the Yoast SEO plugin v26.5 - https:\/\/yoast.com\/wordpress\/plugins\/seo\/ -->\n<title>Bang 36000 Puffs Mesh Coil Einweg E-Zigarette Peach Mango Watermelon Duty-free Genuss in jedem Zug | vapingnet.de<\/title>\n<meta name=\"description\" content=\"Bang 36000 Puffs Mesh Coil Einweg E-Zigarette Peach Mango Watermelon Duty-free Genuss in jedem Zug \u25ba Viele Geschmacksrichtungen &amp; g\u00fcnstig bei vapingnet.de f\u00fcr E-Zigaretten-Liebhaber\" \/>\n<meta name=\"robots\" content=\"index, follow, max-snippet:-1, max-image-preview:large, max-video-preview:-1\" \/>\n<link rel=\"canonical\" href=\"https:\/\/vapingnet.de\/pl\/vape\/bang-36000-puffs-mesh-coil-einweg-e-zigarette-peach-mango-watermelon-duty-free-genuss-in-jedem-zug\/\" \/>\n<meta property=\"og:locale\" content=\"pl_PL\" \/>\n<meta property=\"og:type\" content=\"article\" \/>\n<meta property=\"og:title\" content=\"Bang 36000 Puffs Mesh Coil Einweg E-Zigarette Peach Mango Watermelon Duty-free Genuss in jedem Zug | vapingnet.de\" \/>\n<meta property=\"og:description\" content=\"Bang 36000 Puffs Mesh Coil Einweg E-Zigarette Peach Mango Watermelon Duty-free Genuss in jedem Zug \u25ba Viele Geschmacksrichtungen &amp; g\u00fcnstig bei vapingnet.de f\u00fcr E-Zigaretten-Liebhaber\" \/>\n<meta property=\"og:url\" content=\"https:\/\/vapingnet.de\/pl\/vape\/bang-36000-puffs-mesh-coil-einweg-e-zigarette-peach-mango-watermelon-duty-free-genuss-in-jedem-zug\/\" \/>\n<meta property=\"og:site_name\" content=\"Vapingnet.de\" \/>\n<meta property=\"article:publisher\" content=\"https:\/\/www.facebook.com\/vapingnetde\/\" \/>\n<meta property=\"article:modified_time\" content=\"2025-06-19T03:41:21+00:00\" \/>\n<meta property=\"og:image\" content=\"https:\/\/vapingnet.de\/wp-content\/uploads\/2025\/03\/Peach-Mango-Watermelon.png\" \/>\n\t<meta property=\"og:image:width\" content=\"900\" \/>\n\t<meta property=\"og:image:height\" content=\"600\" \/>\n\t<meta property=\"og:image:type\" content=\"image\/png\" \/>\n<meta name=\"twitter:card\" content=\"summary_large_image\" \/>\n<meta name=\"twitter:label1\" content=\"Est. reading time\" \/>\n\t<meta name=\"twitter:data1\" content=\"2 minutes\" \/>\n<script type=\"application\/ld+json\" class=\"yoast-schema-graph\">{\"@context\":\"https:\/\/schema.org\",\"@graph\":[{\"@type\":\"WebPage\",\"@id\":\"https:\/\/vapingnet.de\/vape\/bang-36000-puffs-mesh-coil-einweg-e-zigarette-peach-mango-watermelon-duty-free-genuss-in-jedem-zug\/\",\"url\":\"https:\/\/vapingnet.de\/vape\/bang-36000-puffs-mesh-coil-einweg-e-zigarette-peach-mango-watermelon-duty-free-genuss-in-jedem-zug\/\",\"name\":\"Bang 36000 Puffs Mesh Coil Einweg E-Zigarette Peach Mango Watermelon Duty-free Genuss in jedem Zug | vapingnet.de\",\"isPartOf\":{\"@id\":\"https:\/\/vapingnet.de\/#website\"},\"primaryImageOfPage\":{\"@id\":\"https:\/\/vapingnet.de\/vape\/bang-36000-puffs-mesh-coil-einweg-e-zigarette-peach-mango-watermelon-duty-free-genuss-in-jedem-zug\/#primaryimage\"},\"image\":{\"@id\":\"https:\/\/vapingnet.de\/vape\/bang-36000-puffs-mesh-coil-einweg-e-zigarette-peach-mango-watermelon-duty-free-genuss-in-jedem-zug\/#primaryimage\"},\"thumbnailUrl\":\"https:\/\/vapingnet.de\/wp-content\/uploads\/2025\/03\/Peach-Mango-Watermelon.png\",\"datePublished\":\"2025-03-14T03:22:57+00:00\",\"dateModified\":\"2025-06-19T03:41:21+00:00\",\"description\":\"Bang 36000 Puffs Mesh Coil Einweg E-Zigarette Peach Mango Watermelon Duty-free Genuss in jedem Zug \u25ba Viele Geschmacksrichtungen & g\u00fcnstig bei vapingnet.de f\u00fcr E-Zigaretten-Liebhaber\",\"breadcrumb\":{\"@id\":\"https:\/\/vapingnet.de\/vape\/bang-36000-puffs-mesh-coil-einweg-e-zigarette-peach-mango-watermelon-duty-free-genuss-in-jedem-zug\/#breadcrumb\"},\"inLanguage\":\"pl-PL\",\"potentialAction\":[{\"@type\":\"ReadAction\",\"target\":[\"https:\/\/vapingnet.de\/vape\/bang-36000-puffs-mesh-coil-einweg-e-zigarette-peach-mango-watermelon-duty-free-genuss-in-jedem-zug\/\"]}]},{\"@type\":\"ImageObject\",\"inLanguage\":\"pl-PL\",\"@id\":\"https:\/\/vapingnet.de\/vape\/bang-36000-puffs-mesh-coil-einweg-e-zigarette-peach-mango-watermelon-duty-free-genuss-in-jedem-zug\/#primaryimage\",\"url\":\"https:\/\/vapingnet.de\/wp-content\/uploads\/2025\/03\/Peach-Mango-Watermelon.png\",\"contentUrl\":\"https:\/\/vapingnet.de\/wp-content\/uploads\/2025\/03\/Peach-Mango-Watermelon.png\",\"width\":900,\"height\":600,\"caption\":\"Peach Mango Watermelon\"},{\"@type\":\"BreadcrumbList\",\"@id\":\"https:\/\/vapingnet.de\/vape\/bang-36000-puffs-mesh-coil-einweg-e-zigarette-peach-mango-watermelon-duty-free-genuss-in-jedem-zug\/#breadcrumb\",\"itemListElement\":[{\"@type\":\"ListItem\",\"position\":1,\"name\":\"Home\",\"item\":\"https:\/\/vapingnet.de\/\"},{\"@type\":\"ListItem\",\"position\":2,\"name\":\"Shop\",\"item\":\"https:\/\/vapingnet.de\/vape\/\"},{\"@type\":\"ListItem\",\"position\":3,\"name\":\"Bang 36000 Puffs Mesh Coil Einweg E-Zigarette Peach Mango Watermelon Duty-free Genuss in jedem Zug\"}]},{\"@type\":\"WebSite\",\"@id\":\"https:\/\/vapingnet.de\/#website\",\"url\":\"https:\/\/vapingnet.de\/\",\"name\":\"Vapingnet.de\",\"description\":\"\",\"publisher\":{\"@id\":\"https:\/\/vapingnet.de\/#organization\"},\"potentialAction\":[{\"@type\":\"SearchAction\",\"target\":{\"@type\":\"EntryPoint\",\"urlTemplate\":\"https:\/\/vapingnet.de\/?s={search_term_string}\"},\"query-input\":{\"@type\":\"PropertyValueSpecification\",\"valueRequired\":true,\"valueName\":\"search_term_string\"}}],\"inLanguage\":\"pl-PL\"},{\"@type\":\"Organization\",\"@id\":\"https:\/\/vapingnet.de\/#organization\",\"name\":\"Vapingnet.de\",\"url\":\"https:\/\/vapingnet.de\/\",\"logo\":{\"@type\":\"ImageObject\",\"inLanguage\":\"pl-PL\",\"@id\":\"https:\/\/vapingnet.de\/#\/schema\/logo\/image\/\",\"url\":\"https:\/\/vapingnet.de\/wp-content\/uploads\/2025\/03\/cropped-vapingnet.de_.jpg\",\"contentUrl\":\"https:\/\/vapingnet.de\/wp-content\/uploads\/2025\/03\/cropped-vapingnet.de_.jpg\",\"width\":512,\"height\":512,\"caption\":\"Vapingnet.de\"},\"image\":{\"@id\":\"https:\/\/vapingnet.de\/#\/schema\/logo\/image\/\"},\"sameAs\":[\"https:\/\/www.facebook.com\/vapingnetde\/\"]}]}<\/script>\n<!-- \/ Yoast SEO plugin. -->","yoast_head_json":{"title":"Bang 36000 Puffs Mesh Coil Einweg E-Zigarette Peach Mango Watermelon Duty-free Genuss in jedem Zug | vapingnet.de","description":"Bang 36000 Puffs Mesh Coil Einweg E-Zigarette Peach Mango Watermelon Duty-free Genuss in jedem Zug \u25ba Viele Geschmacksrichtungen & g\u00fcnstig bei vapingnet.de f\u00fcr E-Zigaretten-Liebhaber","robots":{"index":"index","follow":"follow","max-snippet":"max-snippet:-1","max-image-preview":"max-image-preview:large","max-video-preview":"max-video-preview:-1"},"canonical":"https:\/\/vapingnet.de\/pl\/vape\/bang-36000-puffs-mesh-coil-einweg-e-zigarette-peach-mango-watermelon-duty-free-genuss-in-jedem-zug\/","og_locale":"pl_PL","og_type":"article","og_title":"Bang 36000 Puffs Mesh Coil Einweg E-Zigarette Peach Mango Watermelon Duty-free Genuss in jedem Zug | vapingnet.de","og_description":"Bang 36000 Puffs Mesh Coil Einweg E-Zigarette Peach Mango Watermelon Duty-free Genuss in jedem Zug \u25ba Viele Geschmacksrichtungen & g\u00fcnstig bei vapingnet.de f\u00fcr E-Zigaretten-Liebhaber","og_url":"https:\/\/vapingnet.de\/pl\/vape\/bang-36000-puffs-mesh-coil-einweg-e-zigarette-peach-mango-watermelon-duty-free-genuss-in-jedem-zug\/","og_site_name":"Vapingnet.de","article_publisher":"https:\/\/www.facebook.com\/vapingnetde\/","article_modified_time":"2025-06-19T03:41:21+00:00","og_image":[{"width":900,"height":600,"url":"https:\/\/vapingnet.de\/wp-content\/uploads\/2025\/03\/Peach-Mango-Watermelon.png","type":"image\/png"}],"twitter_card":"summary_large_image","twitter_misc":{"Est. reading time":"2 minutes"},"schema":{"@context":"https:\/\/schema.org","@graph":[{"@type":"WebPage","@id":"https:\/\/vapingnet.de\/vape\/bang-36000-puffs-mesh-coil-einweg-e-zigarette-peach-mango-watermelon-duty-free-genuss-in-jedem-zug\/","url":"https:\/\/vapingnet.de\/vape\/bang-36000-puffs-mesh-coil-einweg-e-zigarette-peach-mango-watermelon-duty-free-genuss-in-jedem-zug\/","name":"Bang 36000 Puffs Mesh Coil Einweg E-Zigarette Peach Mango Watermelon Duty-free Genuss in jedem Zug | vapingnet.de","isPartOf":{"@id":"https:\/\/vapingnet.de\/#website"},"primaryImageOfPage":{"@id":"https:\/\/vapingnet.de\/vape\/bang-36000-puffs-mesh-coil-einweg-e-zigarette-peach-mango-watermelon-duty-free-genuss-in-jedem-zug\/#primaryimage"},"image":{"@id":"https:\/\/vapingnet.de\/vape\/bang-36000-puffs-mesh-coil-einweg-e-zigarette-peach-mango-watermelon-duty-free-genuss-in-jedem-zug\/#primaryimage"},"thumbnailUrl":"https:\/\/vapingnet.de\/wp-content\/uploads\/2025\/03\/Peach-Mango-Watermelon.png","datePublished":"2025-03-14T03:22:57+00:00","dateModified":"2025-06-19T03:41:21+00:00","description":"Bang 36000 Puffs Mesh Coil Einweg E-Zigarette Peach Mango Watermelon Duty-free Genuss in jedem Zug \u25ba Viele Geschmacksrichtungen & g\u00fcnstig bei vapingnet.de f\u00fcr E-Zigaretten-Liebhaber","breadcrumb":{"@id":"https:\/\/vapingnet.de\/vape\/bang-36000-puffs-mesh-coil-einweg-e-zigarette-peach-mango-watermelon-duty-free-genuss-in-jedem-zug\/#breadcrumb"},"inLanguage":"pl-PL","potentialAction":[{"@type":"ReadAction","target":["https:\/\/vapingnet.de\/vape\/bang-36000-puffs-mesh-coil-einweg-e-zigarette-peach-mango-watermelon-duty-free-genuss-in-jedem-zug\/"]}]},{"@type":"ImageObject","inLanguage":"pl-PL","@id":"https:\/\/vapingnet.de\/vape\/bang-36000-puffs-mesh-coil-einweg-e-zigarette-peach-mango-watermelon-duty-free-genuss-in-jedem-zug\/#primaryimage","url":"https:\/\/vapingnet.de\/wp-content\/uploads\/2025\/03\/Peach-Mango-Watermelon.png","contentUrl":"https:\/\/vapingnet.de\/wp-content\/uploads\/2025\/03\/Peach-Mango-Watermelon.png","width":900,"height":600,"caption":"Peach Mango Watermelon"},{"@type":"BreadcrumbList","@id":"https:\/\/vapingnet.de\/vape\/bang-36000-puffs-mesh-coil-einweg-e-zigarette-peach-mango-watermelon-duty-free-genuss-in-jedem-zug\/#breadcrumb","itemListElement":[{"@type":"ListItem","position":1,"name":"Home","item":"https:\/\/vapingnet.de\/"},{"@type":"ListItem","position":2,"name":"Shop","item":"https:\/\/vapingnet.de\/vape\/"},{"@type":"ListItem","position":3,"name":"Bang 36000 Puffs Mesh Coil Einweg E-Zigarette Peach Mango Watermelon Duty-free Genuss in jedem Zug"}]},{"@type":"WebSite","@id":"https:\/\/vapingnet.de\/#website","url":"https:\/\/vapingnet.de\/","name":"Vapingnet.de","description":"","publisher":{"@id":"https:\/\/vapingnet.de\/#organization"},"potentialAction":[{"@type":"SearchAction","target":{"@type":"EntryPoint","urlTemplate":"https:\/\/vapingnet.de\/?s={search_term_string}"},"query-input":{"@type":"PropertyValueSpecification","valueRequired":true,"valueName":"search_term_string"}}],"inLanguage":"pl-PL"},{"@type":"Organization","@id":"https:\/\/vapingnet.de\/#organization","name":"Vapingnet.de","url":"https:\/\/vapingnet.de\/","logo":{"@type":"ImageObject","inLanguage":"pl-PL","@id":"https:\/\/vapingnet.de\/#\/schema\/logo\/image\/","url":"https:\/\/vapingnet.de\/wp-content\/uploads\/2025\/03\/cropped-vapingnet.de_.jpg","contentUrl":"https:\/\/vapingnet.de\/wp-content\/uploads\/2025\/03\/cropped-vapingnet.de_.jpg","width":512,"height":512,"caption":"Vapingnet.de"},"image":{"@id":"https:\/\/vapingnet.de\/#\/schema\/logo\/image\/"},"sameAs":["https:\/\/www.facebook.com\/vapingnetde\/"]}]}},"tiered_pricing_type":"fixed","tiered_pricing_fixed_rules":{"8":"10.44","60":"9.40","110":"8.35","200":"7.31"},"tiered_pricing_product_settings":{"layout":"default","base_unit_name":{"singular":null,"plural":null},"default_variation":null},"tiered_pricing_minimum_quantity":null,"tiered_pricing_roles_data":[],"tiered_pricing_percentage_rules":[],"_links":{"self":[{"href":"https:\/\/vapingnet.de\/pl\/wp-json\/wp\/v2\/product\/5285","targetHints":{"allow":["GET"]}}],"collection":[{"href":"https:\/\/vapingnet.de\/pl\/wp-json\/wp\/v2\/product"}],"about":[{"href":"https:\/\/vapingnet.de\/pl\/wp-json\/wp\/v2\/types\/product"}],"version-history":[{"count":1,"href":"https:\/\/vapingnet.de\/pl\/wp-json\/wp\/v2\/product\/5285\/revisions"}],"predecessor-version":[{"id":5287,"href":"https:\/\/vapingnet.de\/pl\/wp-json\/wp\/v2\/product\/5285\/revisions\/5287"}],"wp:featuredmedia":[{"embeddable":true,"href":"https:\/\/vapingnet.de\/pl\/wp-json\/wp\/v2\/media\/5286"}],"wp:attachment":[{"href":"https:\/\/vapingnet.de\/pl\/wp-json\/wp\/v2\/media?parent=5285"}],"wp:term":[{"taxonomy":"brand","embeddable":true,"href":"https:\/\/vapingnet.de\/pl\/wp-json\/wp\/v2\/etheme_brands?post=5285"},{"taxonomy":"product_brand","embeddable":true,"href":"https:\/\/vapingnet.de\/pl\/wp-json\/wp\/v2\/product_brand?post=5285"},{"taxonomy":"product_cat","embeddable":true,"href":"https:\/\/vapingnet.de\/pl\/wp-json\/wp\/v2\/product_cat?post=5285"},{"taxonomy":"product_tag","embeddable":true,"href":"https:\/\/vapingnet.de\/pl\/wp-json\/wp\/v2\/product_tag?post=5285"}],"curies":[{"name":"wp","href":"https:\/\/api.w.org\/{rel}","templated":true}]}}