{"id":5288,"date":"2025-03-14T03:29:30","date_gmt":"2025-03-14T03:29:30","guid":{"rendered":"https:\/\/vapingnet.de\/?post_type=product&#038;p=5288"},"modified":"2025-06-19T03:41:20","modified_gmt":"2025-06-19T03:41:20","slug":"weltweit-meistverkauft-bang-36000-puffs-mesh-coil-mixed-fruits-fuer-ultimativen-dampfspass","status":"publish","type":"product","link":"https:\/\/vapingnet.de\/pl\/vape\/weltweit-meistverkauft-bang-36000-puffs-mesh-coil-mixed-fruits-fuer-ultimativen-dampfspass\/","title":{"rendered":"Najlepiej sprzedaj\u0105cy si\u0119 na \u015bwiecie Bang 36000 Puffs Mesh Coil Mixed Fruits dla maksymalnej przyjemno\u015bci z wapowania"},"content":{"rendered":"<h2 data-start=\"0\" data-end=\"98\">Bang King 36000 Puffs Mesh Coil \u2013 Do\u015bwiadcz ultra-d\u0142ugiej trwa\u0142o\u015bci i intensywnego smaku!<\/h2>\n<p data-start=\"100\" data-end=\"394\">Czy szukasz wydajnego, smakowo intensywnego i d\u0142ugotrwa\u0142ego e-papierosa? W takim razie Bang King 36000 Puffs Mesh Coil jest zdecydowanie idealnym wyborem dla Ciebie. Jako nowa gwiazda na rynku podnosi tradycyjne do\u015bwiadczenie vapingu na zupe\u0142nie nowy poziom!<\/p>\n<h3 data-start=\"401\" data-end=\"429\">\ud83d\udca5 Najwa\u017cniejsze cechy produktu<\/h3>\n<h5 data-start=\"431\" data-end=\"485\">Niezr\u00f3wnana trwa\u0142o\u015b\u0107, d\u0142ugotrwa\u0142a przyjemno\u015b\u0107<\/h5>\n<ul data-start=\"486\" data-end=\"679\">\n<li data-start=\"486\" data-end=\"587\">36000 puf\u00f3w \u2013 O wiele wi\u0119cej ni\u017c w tradycyjnych <a href=\"https:\/\/vapingnet.de\/pl\/k\/einweg-e-zigarette\/\" target=\"_blank\" rel=\"noopener\"><strong>Jednorazowe e-papierosy<\/strong><\/a>, dla d\u0142ugotrwa\u0142ej przyjemno\u015bci.<\/li>\n<li data-start=\"588\" data-end=\"679\">40ml nape\u0142nionego e-liquidu \u2013 Wi\u0119ksza pojemno\u015b\u0107 na ca\u0142y dzie\u0144, bez konieczno\u015bci uzupe\u0142niania.<\/li>\n<\/ul>\n<h5 data-start=\"681\" data-end=\"725\">Silna wydajno\u015b\u0107, szybkie \u0142adowanie<\/h5>\n<ul data-start=\"726\" data-end=\"915\">\n<li data-start=\"726\" data-end=\"824\">Wyposa\u017cony w 650mAh akumulator wielokrotnego \u0142adowania, zapewniaj\u0105cy imponuj\u0105c\u0105 czas pracy.<\/li>\n<li data-start=\"825\" data-end=\"915\">Szybkie \u0142adowanie Type-C \u2013 Szybko gotowy do u\u017cycia, bez d\u0142ugiego czasu \u0142adowania.<\/li>\n<\/ul>\n<h5 data-start=\"917\" data-end=\"957\">Innowacyjna technologia Mesh Coil<\/h5>\n<ul data-start=\"958\" data-end=\"1191\">\n<li data-start=\"958\" data-end=\"1069\">0,6\u03a9 Sub-Ohm Mesh Coil dla lepszej pary, mocniejszej chmury i bardziej wyrazistego smaku.<\/li>\n<li data-start=\"1070\" data-end=\"1191\">Design Direct-Lung (DTL) \u2013 Zapewnia zar\u00f3wno pocz\u0105tkuj\u0105cym, jak i do\u015bwiadczonym vaporom czyste i mocne odczucie podczas zaci\u0105gni\u0119cia.<\/li>\n<\/ul>\n<h5 data-start=\"1193\" data-end=\"1240\">R\u00f3\u017cne poziomy nikotyny do wyboru<\/h5>\n<ul data-start=\"1241\" data-end=\"1353\">\n<li data-start=\"1241\" data-end=\"1353\">Wybierz spo\u015br\u00f3d 0\/2\/3\/5% nikotyny, aby znale\u017a\u0107 swoj\u0105 preferowan\u0105 moc i cieszy\u0107 si\u0119 idealnym zaci\u0105gni\u0119ciem.<\/li>\n<\/ul>\n<h5 data-start=\"1355\" data-end=\"1379\">Efekty \u015bwietlne LED<\/h5>\n<ul data-start=\"1380\" data-end=\"1500\">\n<li data-start=\"1380\" data-end=\"1500\">Przy ka\u017cdym zaci\u0105gni\u0119ciu pod\u015bwietla si\u0119 stylowe pod\u015bwietlenie LED, kt\u00f3re podnosi wizualne doznania z vapingu.<\/li>\n<\/ul>\n<h4 data-start=\"1507\" data-end=\"1558\">\ud83c\udf53 Popularny smak: Mixed Fruits<\/h4>\n<p data-start=\"1559\" data-end=\"1797\">Je\u015bli lubisz owocowe i orze\u017awiaj\u0105ce mieszanki smakowe, pokochasz Mixed Fruits! Idealne po\u0142\u0105czenie tropikalnych owoc\u00f3w, kt\u00f3re oferuje wyra\u017any, nie za s\u0142odki smak \u2013 przyjemno\u015b\u0107 przy ka\u017cdym zaci\u0105gni\u0119ciu.<\/p>\n<h3 data-start=\"1804\" data-end=\"1849\">\ud83d\ude80 Dlaczego warto wybra\u0107 Bang King 36000 Puffs?<\/h3>\n<ul data-start=\"1851\" data-end=\"2175\">\n<li data-start=\"1851\" data-end=\"1941\">Brak op\u0142at celnych \u2013 Ciesz si\u0119 zakupami bez ukrytych koszt\u00f3w lub dop\u0142at.<\/li>\n<li data-start=\"1942\" data-end=\"2042\">Jednorazowy e-papieros \u2013 Nie wymaga konserwacji ani czyszczenia, po prostu u\u017cywaj i ciesz si\u0119.<\/li>\n<li data-start=\"2043\" data-end=\"2175\">12 r\u00f3\u017cnych smak\u00f3w \u2013 Niezale\u017cnie od tego, czy owocowe, mro\u017ane czy s\u0142odkie \u2013 Bang King oferuje co\u015b dla ka\u017cdego gustu.<\/li>\n<\/ul>\n<p data-start=\"2177\" data-end=\"2312\" data-is-last-node=\"\" data-is-only-node=\"\">Odwied\u017a teraz nasz\u0105 stron\u0119 internetow\u0105 i do\u015bwiadcz tej rewolucyjnej przygody z parowaniem!<br data-start=\"2252\" data-end=\"2255\" \/>\ud83d\udd17 Kup teraz: <a href=\"https:\/\/vapingnet.de\/pl\/\" target=\"_new\" rel=\"noopener\" data-start=\"2274\" data-end=\"2310\">vapingnet.de<\/a><\/p>","protected":false},"excerpt":{"rendered":"<p>Bang King 36000 Puffs Mesh Coil \u2013 Erlebe ultra-lange Haltbarkeit und intensiven Geschmack! Bist du auf der Suche nach einer leistungsstarken, geschmacklich intensiven und langanhaltenden&#8230;<\/p>","protected":false},"featured_media":5290,"template":"","meta":[],"etheme_brands":[],"product_brand":[101],"product_cat":[57,49,61],"product_tag":[],"class_list":{"0":"post-5288","1":"product","2":"type-product","3":"status-publish","4":"has-post-thumbnail","6":"product_brand-bang-king-vape","7":"product_cat-vape-36000-zuege","8":"product_cat-einweg-e-zigarette","9":"product_cat-f","11":"first","12":"instock","13":"shipping-taxable","14":"purchasable","15":"product-type-simple"},"yoast_head":"<!-- This site is optimized with the Yoast SEO plugin v26.5 - https:\/\/yoast.com\/wordpress\/plugins\/seo\/ -->\n<title>Weltweit meistverkauft Bang 36000 Puffs Mesh Coil Mixed Fruits f\u00fcr ultimativen Dampfspa\u00df | vapingnet.de<\/title>\n<meta name=\"description\" content=\"Weltweit meistverkauft Bang 36000 Puffs Mesh Coil Mixed Fruits f\u00fcr ultimativen Dampfspa\u00df \u25ba Viele Geschmacksrichtungen &amp; g\u00fcnstig bei vapingnet.de f\u00fcr E-Zigaretten-Liebhaber\" \/>\n<meta name=\"robots\" content=\"index, follow, max-snippet:-1, max-image-preview:large, max-video-preview:-1\" \/>\n<link rel=\"canonical\" href=\"https:\/\/vapingnet.de\/pl\/vape\/weltweit-meistverkauft-bang-36000-puffs-mesh-coil-mixed-fruits-fuer-ultimativen-dampfspass\/\" \/>\n<meta property=\"og:locale\" content=\"pl_PL\" \/>\n<meta property=\"og:type\" content=\"article\" \/>\n<meta property=\"og:title\" content=\"Weltweit meistverkauft Bang 36000 Puffs Mesh Coil Mixed Fruits f\u00fcr ultimativen Dampfspa\u00df | vapingnet.de\" \/>\n<meta property=\"og:description\" content=\"Weltweit meistverkauft Bang 36000 Puffs Mesh Coil Mixed Fruits f\u00fcr ultimativen Dampfspa\u00df \u25ba Viele Geschmacksrichtungen &amp; g\u00fcnstig bei vapingnet.de f\u00fcr E-Zigaretten-Liebhaber\" \/>\n<meta property=\"og:url\" content=\"https:\/\/vapingnet.de\/pl\/vape\/weltweit-meistverkauft-bang-36000-puffs-mesh-coil-mixed-fruits-fuer-ultimativen-dampfspass\/\" \/>\n<meta property=\"og:site_name\" content=\"Vapingnet.de\" \/>\n<meta property=\"article:publisher\" content=\"https:\/\/www.facebook.com\/vapingnetde\/\" \/>\n<meta property=\"article:modified_time\" content=\"2025-06-19T03:41:20+00:00\" \/>\n<meta property=\"og:image\" content=\"https:\/\/vapingnet.de\/wp-content\/uploads\/2025\/03\/Mixed-Fruits.png\" \/>\n\t<meta property=\"og:image:width\" content=\"900\" \/>\n\t<meta property=\"og:image:height\" content=\"600\" \/>\n\t<meta property=\"og:image:type\" content=\"image\/png\" \/>\n<meta name=\"twitter:card\" content=\"summary_large_image\" \/>\n<meta name=\"twitter:label1\" content=\"Est. reading time\" \/>\n\t<meta name=\"twitter:data1\" content=\"2 minutes\" \/>\n<script type=\"application\/ld+json\" class=\"yoast-schema-graph\">{\"@context\":\"https:\/\/schema.org\",\"@graph\":[{\"@type\":\"WebPage\",\"@id\":\"https:\/\/vapingnet.de\/vape\/weltweit-meistverkauft-bang-36000-puffs-mesh-coil-mixed-fruits-fuer-ultimativen-dampfspass\/\",\"url\":\"https:\/\/vapingnet.de\/vape\/weltweit-meistverkauft-bang-36000-puffs-mesh-coil-mixed-fruits-fuer-ultimativen-dampfspass\/\",\"name\":\"Weltweit meistverkauft Bang 36000 Puffs Mesh Coil Mixed Fruits f\u00fcr ultimativen Dampfspa\u00df | vapingnet.de\",\"isPartOf\":{\"@id\":\"https:\/\/vapingnet.de\/#website\"},\"primaryImageOfPage\":{\"@id\":\"https:\/\/vapingnet.de\/vape\/weltweit-meistverkauft-bang-36000-puffs-mesh-coil-mixed-fruits-fuer-ultimativen-dampfspass\/#primaryimage\"},\"image\":{\"@id\":\"https:\/\/vapingnet.de\/vape\/weltweit-meistverkauft-bang-36000-puffs-mesh-coil-mixed-fruits-fuer-ultimativen-dampfspass\/#primaryimage\"},\"thumbnailUrl\":\"https:\/\/vapingnet.de\/wp-content\/uploads\/2025\/03\/Mixed-Fruits.png\",\"datePublished\":\"2025-03-14T03:29:30+00:00\",\"dateModified\":\"2025-06-19T03:41:20+00:00\",\"description\":\"Weltweit meistverkauft Bang 36000 Puffs Mesh Coil Mixed Fruits f\u00fcr ultimativen Dampfspa\u00df \u25ba Viele Geschmacksrichtungen & g\u00fcnstig bei vapingnet.de f\u00fcr E-Zigaretten-Liebhaber\",\"breadcrumb\":{\"@id\":\"https:\/\/vapingnet.de\/vape\/weltweit-meistverkauft-bang-36000-puffs-mesh-coil-mixed-fruits-fuer-ultimativen-dampfspass\/#breadcrumb\"},\"inLanguage\":\"pl-PL\",\"potentialAction\":[{\"@type\":\"ReadAction\",\"target\":[\"https:\/\/vapingnet.de\/vape\/weltweit-meistverkauft-bang-36000-puffs-mesh-coil-mixed-fruits-fuer-ultimativen-dampfspass\/\"]}]},{\"@type\":\"ImageObject\",\"inLanguage\":\"pl-PL\",\"@id\":\"https:\/\/vapingnet.de\/vape\/weltweit-meistverkauft-bang-36000-puffs-mesh-coil-mixed-fruits-fuer-ultimativen-dampfspass\/#primaryimage\",\"url\":\"https:\/\/vapingnet.de\/wp-content\/uploads\/2025\/03\/Mixed-Fruits.png\",\"contentUrl\":\"https:\/\/vapingnet.de\/wp-content\/uploads\/2025\/03\/Mixed-Fruits.png\",\"width\":900,\"height\":600,\"caption\":\"Mixed Fruits\"},{\"@type\":\"BreadcrumbList\",\"@id\":\"https:\/\/vapingnet.de\/vape\/weltweit-meistverkauft-bang-36000-puffs-mesh-coil-mixed-fruits-fuer-ultimativen-dampfspass\/#breadcrumb\",\"itemListElement\":[{\"@type\":\"ListItem\",\"position\":1,\"name\":\"Home\",\"item\":\"https:\/\/vapingnet.de\/\"},{\"@type\":\"ListItem\",\"position\":2,\"name\":\"Shop\",\"item\":\"https:\/\/vapingnet.de\/vape\/\"},{\"@type\":\"ListItem\",\"position\":3,\"name\":\"Weltweit meistverkauft Bang 36000 Puffs Mesh Coil Mixed Fruits f\u00fcr ultimativen Dampfspa\u00df\"}]},{\"@type\":\"WebSite\",\"@id\":\"https:\/\/vapingnet.de\/#website\",\"url\":\"https:\/\/vapingnet.de\/\",\"name\":\"Vapingnet.de\",\"description\":\"\",\"publisher\":{\"@id\":\"https:\/\/vapingnet.de\/#organization\"},\"potentialAction\":[{\"@type\":\"SearchAction\",\"target\":{\"@type\":\"EntryPoint\",\"urlTemplate\":\"https:\/\/vapingnet.de\/?s={search_term_string}\"},\"query-input\":{\"@type\":\"PropertyValueSpecification\",\"valueRequired\":true,\"valueName\":\"search_term_string\"}}],\"inLanguage\":\"pl-PL\"},{\"@type\":\"Organization\",\"@id\":\"https:\/\/vapingnet.de\/#organization\",\"name\":\"Vapingnet.de\",\"url\":\"https:\/\/vapingnet.de\/\",\"logo\":{\"@type\":\"ImageObject\",\"inLanguage\":\"pl-PL\",\"@id\":\"https:\/\/vapingnet.de\/#\/schema\/logo\/image\/\",\"url\":\"https:\/\/vapingnet.de\/wp-content\/uploads\/2025\/03\/cropped-vapingnet.de_.jpg\",\"contentUrl\":\"https:\/\/vapingnet.de\/wp-content\/uploads\/2025\/03\/cropped-vapingnet.de_.jpg\",\"width\":512,\"height\":512,\"caption\":\"Vapingnet.de\"},\"image\":{\"@id\":\"https:\/\/vapingnet.de\/#\/schema\/logo\/image\/\"},\"sameAs\":[\"https:\/\/www.facebook.com\/vapingnetde\/\"]}]}<\/script>\n<!-- \/ Yoast SEO plugin. -->","yoast_head_json":{"title":"Weltweit meistverkauft Bang 36000 Puffs Mesh Coil Mixed Fruits f\u00fcr ultimativen Dampfspa\u00df | vapingnet.de","description":"Weltweit meistverkauft Bang 36000 Puffs Mesh Coil Mixed Fruits f\u00fcr ultimativen Dampfspa\u00df \u25ba Viele Geschmacksrichtungen & g\u00fcnstig bei vapingnet.de f\u00fcr E-Zigaretten-Liebhaber","robots":{"index":"index","follow":"follow","max-snippet":"max-snippet:-1","max-image-preview":"max-image-preview:large","max-video-preview":"max-video-preview:-1"},"canonical":"https:\/\/vapingnet.de\/pl\/vape\/weltweit-meistverkauft-bang-36000-puffs-mesh-coil-mixed-fruits-fuer-ultimativen-dampfspass\/","og_locale":"pl_PL","og_type":"article","og_title":"Weltweit meistverkauft Bang 36000 Puffs Mesh Coil Mixed Fruits f\u00fcr ultimativen Dampfspa\u00df | vapingnet.de","og_description":"Weltweit meistverkauft Bang 36000 Puffs Mesh Coil Mixed Fruits f\u00fcr ultimativen Dampfspa\u00df \u25ba Viele Geschmacksrichtungen & g\u00fcnstig bei vapingnet.de f\u00fcr E-Zigaretten-Liebhaber","og_url":"https:\/\/vapingnet.de\/pl\/vape\/weltweit-meistverkauft-bang-36000-puffs-mesh-coil-mixed-fruits-fuer-ultimativen-dampfspass\/","og_site_name":"Vapingnet.de","article_publisher":"https:\/\/www.facebook.com\/vapingnetde\/","article_modified_time":"2025-06-19T03:41:20+00:00","og_image":[{"width":900,"height":600,"url":"https:\/\/vapingnet.de\/wp-content\/uploads\/2025\/03\/Mixed-Fruits.png","type":"image\/png"}],"twitter_card":"summary_large_image","twitter_misc":{"Est. reading time":"2 minutes"},"schema":{"@context":"https:\/\/schema.org","@graph":[{"@type":"WebPage","@id":"https:\/\/vapingnet.de\/vape\/weltweit-meistverkauft-bang-36000-puffs-mesh-coil-mixed-fruits-fuer-ultimativen-dampfspass\/","url":"https:\/\/vapingnet.de\/vape\/weltweit-meistverkauft-bang-36000-puffs-mesh-coil-mixed-fruits-fuer-ultimativen-dampfspass\/","name":"Weltweit meistverkauft Bang 36000 Puffs Mesh Coil Mixed Fruits f\u00fcr ultimativen Dampfspa\u00df | vapingnet.de","isPartOf":{"@id":"https:\/\/vapingnet.de\/#website"},"primaryImageOfPage":{"@id":"https:\/\/vapingnet.de\/vape\/weltweit-meistverkauft-bang-36000-puffs-mesh-coil-mixed-fruits-fuer-ultimativen-dampfspass\/#primaryimage"},"image":{"@id":"https:\/\/vapingnet.de\/vape\/weltweit-meistverkauft-bang-36000-puffs-mesh-coil-mixed-fruits-fuer-ultimativen-dampfspass\/#primaryimage"},"thumbnailUrl":"https:\/\/vapingnet.de\/wp-content\/uploads\/2025\/03\/Mixed-Fruits.png","datePublished":"2025-03-14T03:29:30+00:00","dateModified":"2025-06-19T03:41:20+00:00","description":"Weltweit meistverkauft Bang 36000 Puffs Mesh Coil Mixed Fruits f\u00fcr ultimativen Dampfspa\u00df \u25ba Viele Geschmacksrichtungen & g\u00fcnstig bei vapingnet.de f\u00fcr E-Zigaretten-Liebhaber","breadcrumb":{"@id":"https:\/\/vapingnet.de\/vape\/weltweit-meistverkauft-bang-36000-puffs-mesh-coil-mixed-fruits-fuer-ultimativen-dampfspass\/#breadcrumb"},"inLanguage":"pl-PL","potentialAction":[{"@type":"ReadAction","target":["https:\/\/vapingnet.de\/vape\/weltweit-meistverkauft-bang-36000-puffs-mesh-coil-mixed-fruits-fuer-ultimativen-dampfspass\/"]}]},{"@type":"ImageObject","inLanguage":"pl-PL","@id":"https:\/\/vapingnet.de\/vape\/weltweit-meistverkauft-bang-36000-puffs-mesh-coil-mixed-fruits-fuer-ultimativen-dampfspass\/#primaryimage","url":"https:\/\/vapingnet.de\/wp-content\/uploads\/2025\/03\/Mixed-Fruits.png","contentUrl":"https:\/\/vapingnet.de\/wp-content\/uploads\/2025\/03\/Mixed-Fruits.png","width":900,"height":600,"caption":"Mixed Fruits"},{"@type":"BreadcrumbList","@id":"https:\/\/vapingnet.de\/vape\/weltweit-meistverkauft-bang-36000-puffs-mesh-coil-mixed-fruits-fuer-ultimativen-dampfspass\/#breadcrumb","itemListElement":[{"@type":"ListItem","position":1,"name":"Home","item":"https:\/\/vapingnet.de\/"},{"@type":"ListItem","position":2,"name":"Shop","item":"https:\/\/vapingnet.de\/vape\/"},{"@type":"ListItem","position":3,"name":"Weltweit meistverkauft Bang 36000 Puffs Mesh Coil Mixed Fruits f\u00fcr ultimativen Dampfspa\u00df"}]},{"@type":"WebSite","@id":"https:\/\/vapingnet.de\/#website","url":"https:\/\/vapingnet.de\/","name":"Vapingnet.de","description":"","publisher":{"@id":"https:\/\/vapingnet.de\/#organization"},"potentialAction":[{"@type":"SearchAction","target":{"@type":"EntryPoint","urlTemplate":"https:\/\/vapingnet.de\/?s={search_term_string}"},"query-input":{"@type":"PropertyValueSpecification","valueRequired":true,"valueName":"search_term_string"}}],"inLanguage":"pl-PL"},{"@type":"Organization","@id":"https:\/\/vapingnet.de\/#organization","name":"Vapingnet.de","url":"https:\/\/vapingnet.de\/","logo":{"@type":"ImageObject","inLanguage":"pl-PL","@id":"https:\/\/vapingnet.de\/#\/schema\/logo\/image\/","url":"https:\/\/vapingnet.de\/wp-content\/uploads\/2025\/03\/cropped-vapingnet.de_.jpg","contentUrl":"https:\/\/vapingnet.de\/wp-content\/uploads\/2025\/03\/cropped-vapingnet.de_.jpg","width":512,"height":512,"caption":"Vapingnet.de"},"image":{"@id":"https:\/\/vapingnet.de\/#\/schema\/logo\/image\/"},"sameAs":["https:\/\/www.facebook.com\/vapingnetde\/"]}]}},"tiered_pricing_type":"fixed","tiered_pricing_fixed_rules":{"8":"10.44","60":"9.40","110":"8.35","200":"7.31"},"tiered_pricing_product_settings":{"layout":"default","base_unit_name":{"singular":null,"plural":null},"default_variation":null},"tiered_pricing_minimum_quantity":null,"tiered_pricing_roles_data":[],"tiered_pricing_percentage_rules":[],"_links":{"self":[{"href":"https:\/\/vapingnet.de\/pl\/wp-json\/wp\/v2\/product\/5288","targetHints":{"allow":["GET"]}}],"collection":[{"href":"https:\/\/vapingnet.de\/pl\/wp-json\/wp\/v2\/product"}],"about":[{"href":"https:\/\/vapingnet.de\/pl\/wp-json\/wp\/v2\/types\/product"}],"version-history":[{"count":1,"href":"https:\/\/vapingnet.de\/pl\/wp-json\/wp\/v2\/product\/5288\/revisions"}],"predecessor-version":[{"id":5291,"href":"https:\/\/vapingnet.de\/pl\/wp-json\/wp\/v2\/product\/5288\/revisions\/5291"}],"wp:featuredmedia":[{"embeddable":true,"href":"https:\/\/vapingnet.de\/pl\/wp-json\/wp\/v2\/media\/5290"}],"wp:attachment":[{"href":"https:\/\/vapingnet.de\/pl\/wp-json\/wp\/v2\/media?parent=5288"}],"wp:term":[{"taxonomy":"brand","embeddable":true,"href":"https:\/\/vapingnet.de\/pl\/wp-json\/wp\/v2\/etheme_brands?post=5288"},{"taxonomy":"product_brand","embeddable":true,"href":"https:\/\/vapingnet.de\/pl\/wp-json\/wp\/v2\/product_brand?post=5288"},{"taxonomy":"product_cat","embeddable":true,"href":"https:\/\/vapingnet.de\/pl\/wp-json\/wp\/v2\/product_cat?post=5288"},{"taxonomy":"product_tag","embeddable":true,"href":"https:\/\/vapingnet.de\/pl\/wp-json\/wp\/v2\/product_tag?post=5288"}],"curies":[{"name":"wp","href":"https:\/\/api.w.org\/{rel}","templated":true}]}}