{"id":5292,"date":"2025-03-14T03:40:16","date_gmt":"2025-03-14T03:40:16","guid":{"rendered":"https:\/\/vapingnet.de\/?post_type=product&#038;p=5292"},"modified":"2025-06-19T03:41:20","modified_gmt":"2025-06-19T03:41:20","slug":"weltweit-meistverkauft-bang-36000-puffs-mesh-coil-mint-ice-direktverkauf-ab-werk","status":"publish","type":"product","link":"https:\/\/vapingnet.de\/pl\/vape\/weltweit-meistverkauft-bang-36000-puffs-mesh-coil-mint-ice-direktverkauf-ab-werk\/","title":{"rendered":"Najcz\u0119\u015bciej sprzedawany na \u015bwiecie Bang 36000 Puffs Mesh Coil Mint Ice bezpo\u015brednia sprzeda\u017c z fabryki"},"content":{"rendered":"<h2 data-start=\"0\" data-end=\"93\">Bang King 36000 Puffs Mesh Coil \u2013 Ultra-d\u0142uga trwa\u0142o\u015b\u0107, najlepsze doznania z lodowego e-palenia!<\/h2>\n<p data-start=\"95\" data-end=\"483\">Czy szukasz wydajnego, intensywnie smakowego i d\u0142ugotrwa\u0142ego e-papierosa? The <a href=\"https:\/\/vapingnet.de\/pl\/bang-36000-puffs-mesh-coil\/\" target=\"_blank\" rel=\"noopener\"><strong>Bang King 36000 Puffs Mesh Coil <\/strong><\/a>zdecydowanie jest idealnym wyborem dla Ciebie! Niezale\u017cnie od tego, czy jeste\u015b pocz\u0105tkuj\u0105cy, czy do\u015bwiadczonym palaczem, ten model zapewni Ci niezr\u00f3wnane doznania z vapingu. Odkryjmy teraz unikalne cechy tego e-papierosa!<\/p>\n<h4 data-start=\"490\" data-end=\"515\">\ud83d\udd25 Cechy produktu<\/h4>\n<h5 data-start=\"517\" data-end=\"570\">Ultra-d\u0142uga trwa\u0142o\u015b\u0107, przyjemno\u015b\u0107 przy ka\u017cdym zaci\u0105gni\u0119ciu si\u0119<\/h5>\n<ul data-start=\"571\" data-end=\"806\">\n<li data-start=\"571\" data-end=\"678\"><a href=\"https:\/\/vapingnet.de\/pl\/k\/vape-36000-zuege\/\" target=\"_blank\" rel=\"noopener\"><strong>36000 zaci\u0105gni\u0119\u0107<\/strong><\/a> \u2013 Zapomnij o ci\u0105g\u0142ej wymianie e-papieros\u00f3w i ciesz si\u0119 d\u0142ugotrwa\u0142\u0105 przyjemno\u015bci\u0105!<\/li>\n<li data-start=\"679\" data-end=\"806\">40 ml nape\u0142nianego e-liquidu \u2013 Du\u017ca pojemno\u015b\u0107, trwa\u0142o\u015b\u0107, aby\u015b nie musia\u0142 si\u0119 martwi\u0107 o uzupe\u0142nianie.<\/li>\n<\/ul>\n<h5 data-start=\"808\" data-end=\"852\">Silna wydajno\u015b\u0107, szybkie \u0142adowanie<\/h5>\n<ul data-start=\"853\" data-end=\"1124\">\n<li data-start=\"853\" data-end=\"994\">Wyposa\u017cony w 650mAh wielokrotnego \u0142adowania akumulator, kt\u00f3ry umo\u017cliwia d\u0142ugotrwa\u0142e u\u017cytkowanie bez konieczno\u015bci cz\u0119stego \u0142adowania.<\/li>\n<li data-start=\"995\" data-end=\"1124\">Szybkie \u0142adowanie Type-C \u2013 na\u0142aduj swoje urz\u0105dzenie w najkr\u00f3tszym czasie i b\u0105d\u017a gotowy do kolejnego zaci\u0105gni\u0119cia si\u0119 szybciej.<\/li>\n<\/ul>\n<h5 data-start=\"1126\" data-end=\"1176\">Wydajne odparowywanie, mocny Throat-Hit<\/h5>\n<ul data-start=\"1177\" data-end=\"1457\">\n<li data-start=\"1177\" data-end=\"1303\">0,6\u03a9 Sub-Ohm Mesh Coil \u2013 Konstrukcja mesh-coil zapewnia intensywniejszy dym i pe\u0142niejszy smak przy ka\u017cdym zaci\u0105gni\u0119ciu si\u0119.<\/li>\n<li data-start=\"1304\" data-end=\"1457\">Design Direct-to-Lung (DTL) \u2013 Dla palaczy, kt\u00f3rzy kochaj\u0105 du\u017ce chmury dymu i mocny Throat-Hit, ten model jest idealnym rozwi\u0105zaniem.<\/li>\n<\/ul>\n<h5 data-start=\"1459\" data-end=\"1506\">R\u00f3\u017cne poziomy nikotyny do wyboru<\/h5>\n<ul data-start=\"1507\" data-end=\"1621\">\n<li data-start=\"1507\" data-end=\"1621\">Wybierz spo\u015br\u00f3d 0\/2\/3\/5% nikotyny, aby znale\u017a\u0107 idealn\u0105 moc dla swojego gustu i potrzeb.<\/li>\n<\/ul>\n<h5 data-start=\"1623\" data-end=\"1653\">Fajne efekty \u015bwietlne LED<\/h5>\n<ul data-start=\"1654\" data-end=\"1822\">\n<li data-start=\"1654\" data-end=\"1822\">\u015awiat\u0142a LED \u2013 Za ka\u017cdym razem, gdy zaci\u0105gasz si\u0119, zapala si\u0119 fajne LED, co sprawia, \u017ce vapowanie staje si\u0119 jeszcze bardziej wyj\u0105tkowe i dodaje emocji Twojemu u\u017cytkowaniu.<\/li>\n<\/ul>\n<h4 data-start=\"1829\" data-end=\"1876\">\ud83c\udf43 Popularny smak: Mint Ice<\/h4>\n<p data-start=\"1878\" data-end=\"2194\">Smak Mint Ice \u0142\u0105czy \u015bwie\u017c\u0105 mi\u0119t\u0119 z lodowat\u0105 ch\u0142od\u0105. Ka\u017cde zaci\u0105gni\u0119cie si\u0119 przypomina orze\u017awiaj\u0105cy pobyt w lodowym \u015bwiecie \u2013 ch\u0142odne, od\u015bwie\u017caj\u0105ce i natychmiast pobudzaj\u0105ce. Idealne na gor\u0105ce dni lub gdy potrzebujesz czego\u015b orze\u017awiaj\u0105cego, Mint Ice zawsze jest dobrym wyborem!<\/p>\n<h3 data-start=\"2201\" data-end=\"2246\">\ud83d\ude80 Dlaczego warto wybra\u0107 Bang King 36000 Puffs?<\/h3>\n<ul data-start=\"2248\" data-end=\"2612\">\n<li data-start=\"2248\" data-end=\"2353\">Brak op\u0142at celnych \u2013 Kupuj bez ukrytych koszt\u00f3w i ciesz si\u0119 bezstresowym do\u015bwiadczeniem zakupowym.<\/li>\n<li data-start=\"2354\" data-end=\"2449\">Jednorazowy design \u2013 Brak konieczno\u015bci konserwacji lub czyszczenia, po prostu u\u017cywaj i ciesz si\u0119.<\/li>\n<li data-start=\"2450\" data-end=\"2612\">12 r\u00f3\u017cnych smak\u00f3w do wyboru \u2013 Niezale\u017cnie od tego, czy wolisz owocowe, mro\u017ane czy s\u0142odkie smaki, Bang King ma co\u015b dla ka\u017cdego.<\/li>\n<\/ul>\n<p data-start=\"2614\" data-end=\"2797\" data-is-only-node=\"\" data-is-last-node=\"\">Odwied\u017a teraz nasz\u0105 stron\u0119 internetow\u0105 i do\u015bwiadcz tej rewolucyjnej e-papierosa z ultra-d\u0142ug\u0105 \u017cywotno\u015bci\u0105 i mro\u017anym smakiem!<br data-start=\"2737\" data-end=\"2740\" \/>\ud83d\udd17 Kup teraz: <a href=\"https:\/\/vapingnet.de\/pl\/\" target=\"_new\" rel=\"noopener\" data-start=\"2759\" data-end=\"2795\">vapingnet.de<\/a><\/p>","protected":false},"excerpt":{"rendered":"<p>Bang King 36000 Puffs Mesh Coil \u2013 Ultra-lange Haltbarkeit, das ultimative Eis-Erlebnis! Bist du auf der Suche nach einer leistungsstarken, geschmacklich intensiven und langanhaltenden E-Zigarette?&#8230;<\/p>","protected":false},"featured_media":5293,"template":"","meta":[],"etheme_brands":[],"product_brand":[101],"product_cat":[57,49,61],"product_tag":[],"class_list":{"0":"post-5292","1":"product","2":"type-product","3":"status-publish","4":"has-post-thumbnail","6":"product_brand-bang-king-vape","7":"product_cat-vape-36000-zuege","8":"product_cat-einweg-e-zigarette","9":"product_cat-f","11":"first","12":"instock","13":"shipping-taxable","14":"purchasable","15":"product-type-simple"},"yoast_head":"<!-- This site is optimized with the Yoast SEO plugin v26.5 - https:\/\/yoast.com\/wordpress\/plugins\/seo\/ -->\n<title>Weltweit meistverkauft Bang 36000 Puffs Mesh Coil Mint Ice Direktverkauf ab Werk | vapingnet.de<\/title>\n<meta name=\"description\" content=\"Weltweit meistverkauft Bang 36000 Puffs Mesh Coil Mint Ice Direktverkauf ab Werk \u25ba Viele Geschmacksrichtungen &amp; g\u00fcnstig bei vapingnet.de f\u00fcr E-Zigaretten-Liebhaber\" \/>\n<meta name=\"robots\" content=\"index, follow, max-snippet:-1, max-image-preview:large, max-video-preview:-1\" \/>\n<link rel=\"canonical\" href=\"https:\/\/vapingnet.de\/pl\/vape\/weltweit-meistverkauft-bang-36000-puffs-mesh-coil-mint-ice-direktverkauf-ab-werk\/\" \/>\n<meta property=\"og:locale\" content=\"pl_PL\" \/>\n<meta property=\"og:type\" content=\"article\" \/>\n<meta property=\"og:title\" content=\"Weltweit meistverkauft Bang 36000 Puffs Mesh Coil Mint Ice Direktverkauf ab Werk | vapingnet.de\" \/>\n<meta property=\"og:description\" content=\"Weltweit meistverkauft Bang 36000 Puffs Mesh Coil Mint Ice Direktverkauf ab Werk \u25ba Viele Geschmacksrichtungen &amp; g\u00fcnstig bei vapingnet.de f\u00fcr E-Zigaretten-Liebhaber\" \/>\n<meta property=\"og:url\" content=\"https:\/\/vapingnet.de\/pl\/vape\/weltweit-meistverkauft-bang-36000-puffs-mesh-coil-mint-ice-direktverkauf-ab-werk\/\" \/>\n<meta property=\"og:site_name\" content=\"Vapingnet.de\" \/>\n<meta property=\"article:publisher\" content=\"https:\/\/www.facebook.com\/vapingnetde\/\" \/>\n<meta property=\"article:modified_time\" content=\"2025-06-19T03:41:20+00:00\" \/>\n<meta property=\"og:image\" content=\"https:\/\/vapingnet.de\/wp-content\/uploads\/2025\/03\/Mint-Ice.png\" \/>\n\t<meta property=\"og:image:width\" content=\"900\" \/>\n\t<meta property=\"og:image:height\" content=\"600\" \/>\n\t<meta property=\"og:image:type\" content=\"image\/png\" \/>\n<meta name=\"twitter:card\" content=\"summary_large_image\" \/>\n<meta name=\"twitter:label1\" content=\"Est. reading time\" \/>\n\t<meta name=\"twitter:data1\" content=\"3 minutes\" \/>\n<script type=\"application\/ld+json\" class=\"yoast-schema-graph\">{\"@context\":\"https:\/\/schema.org\",\"@graph\":[{\"@type\":\"WebPage\",\"@id\":\"https:\/\/vapingnet.de\/vape\/weltweit-meistverkauft-bang-36000-puffs-mesh-coil-mint-ice-direktverkauf-ab-werk\/\",\"url\":\"https:\/\/vapingnet.de\/vape\/weltweit-meistverkauft-bang-36000-puffs-mesh-coil-mint-ice-direktverkauf-ab-werk\/\",\"name\":\"Weltweit meistverkauft Bang 36000 Puffs Mesh Coil Mint Ice Direktverkauf ab Werk | vapingnet.de\",\"isPartOf\":{\"@id\":\"https:\/\/vapingnet.de\/#website\"},\"primaryImageOfPage\":{\"@id\":\"https:\/\/vapingnet.de\/vape\/weltweit-meistverkauft-bang-36000-puffs-mesh-coil-mint-ice-direktverkauf-ab-werk\/#primaryimage\"},\"image\":{\"@id\":\"https:\/\/vapingnet.de\/vape\/weltweit-meistverkauft-bang-36000-puffs-mesh-coil-mint-ice-direktverkauf-ab-werk\/#primaryimage\"},\"thumbnailUrl\":\"https:\/\/vapingnet.de\/wp-content\/uploads\/2025\/03\/Mint-Ice.png\",\"datePublished\":\"2025-03-14T03:40:16+00:00\",\"dateModified\":\"2025-06-19T03:41:20+00:00\",\"description\":\"Weltweit meistverkauft Bang 36000 Puffs Mesh Coil Mint Ice Direktverkauf ab Werk \u25ba Viele Geschmacksrichtungen & g\u00fcnstig bei vapingnet.de f\u00fcr E-Zigaretten-Liebhaber\",\"breadcrumb\":{\"@id\":\"https:\/\/vapingnet.de\/vape\/weltweit-meistverkauft-bang-36000-puffs-mesh-coil-mint-ice-direktverkauf-ab-werk\/#breadcrumb\"},\"inLanguage\":\"pl-PL\",\"potentialAction\":[{\"@type\":\"ReadAction\",\"target\":[\"https:\/\/vapingnet.de\/vape\/weltweit-meistverkauft-bang-36000-puffs-mesh-coil-mint-ice-direktverkauf-ab-werk\/\"]}]},{\"@type\":\"ImageObject\",\"inLanguage\":\"pl-PL\",\"@id\":\"https:\/\/vapingnet.de\/vape\/weltweit-meistverkauft-bang-36000-puffs-mesh-coil-mint-ice-direktverkauf-ab-werk\/#primaryimage\",\"url\":\"https:\/\/vapingnet.de\/wp-content\/uploads\/2025\/03\/Mint-Ice.png\",\"contentUrl\":\"https:\/\/vapingnet.de\/wp-content\/uploads\/2025\/03\/Mint-Ice.png\",\"width\":900,\"height\":600,\"caption\":\"Mint Ice\"},{\"@type\":\"BreadcrumbList\",\"@id\":\"https:\/\/vapingnet.de\/vape\/weltweit-meistverkauft-bang-36000-puffs-mesh-coil-mint-ice-direktverkauf-ab-werk\/#breadcrumb\",\"itemListElement\":[{\"@type\":\"ListItem\",\"position\":1,\"name\":\"Home\",\"item\":\"https:\/\/vapingnet.de\/\"},{\"@type\":\"ListItem\",\"position\":2,\"name\":\"Shop\",\"item\":\"https:\/\/vapingnet.de\/vape\/\"},{\"@type\":\"ListItem\",\"position\":3,\"name\":\"Weltweit meistverkauft Bang 36000 Puffs Mesh Coil Mint Ice Direktverkauf ab Werk\"}]},{\"@type\":\"WebSite\",\"@id\":\"https:\/\/vapingnet.de\/#website\",\"url\":\"https:\/\/vapingnet.de\/\",\"name\":\"Vapingnet.de\",\"description\":\"\",\"publisher\":{\"@id\":\"https:\/\/vapingnet.de\/#organization\"},\"potentialAction\":[{\"@type\":\"SearchAction\",\"target\":{\"@type\":\"EntryPoint\",\"urlTemplate\":\"https:\/\/vapingnet.de\/?s={search_term_string}\"},\"query-input\":{\"@type\":\"PropertyValueSpecification\",\"valueRequired\":true,\"valueName\":\"search_term_string\"}}],\"inLanguage\":\"pl-PL\"},{\"@type\":\"Organization\",\"@id\":\"https:\/\/vapingnet.de\/#organization\",\"name\":\"Vapingnet.de\",\"url\":\"https:\/\/vapingnet.de\/\",\"logo\":{\"@type\":\"ImageObject\",\"inLanguage\":\"pl-PL\",\"@id\":\"https:\/\/vapingnet.de\/#\/schema\/logo\/image\/\",\"url\":\"https:\/\/vapingnet.de\/wp-content\/uploads\/2025\/03\/cropped-vapingnet.de_.jpg\",\"contentUrl\":\"https:\/\/vapingnet.de\/wp-content\/uploads\/2025\/03\/cropped-vapingnet.de_.jpg\",\"width\":512,\"height\":512,\"caption\":\"Vapingnet.de\"},\"image\":{\"@id\":\"https:\/\/vapingnet.de\/#\/schema\/logo\/image\/\"},\"sameAs\":[\"https:\/\/www.facebook.com\/vapingnetde\/\"]}]}<\/script>\n<!-- \/ Yoast SEO plugin. -->","yoast_head_json":{"title":"Weltweit meistverkauft Bang 36000 Puffs Mesh Coil Mint Ice Direktverkauf ab Werk | vapingnet.de","description":"Weltweit meistverkauft Bang 36000 Puffs Mesh Coil Mint Ice Direktverkauf ab Werk \u25ba Viele Geschmacksrichtungen & g\u00fcnstig bei vapingnet.de f\u00fcr E-Zigaretten-Liebhaber","robots":{"index":"index","follow":"follow","max-snippet":"max-snippet:-1","max-image-preview":"max-image-preview:large","max-video-preview":"max-video-preview:-1"},"canonical":"https:\/\/vapingnet.de\/pl\/vape\/weltweit-meistverkauft-bang-36000-puffs-mesh-coil-mint-ice-direktverkauf-ab-werk\/","og_locale":"pl_PL","og_type":"article","og_title":"Weltweit meistverkauft Bang 36000 Puffs Mesh Coil Mint Ice Direktverkauf ab Werk | vapingnet.de","og_description":"Weltweit meistverkauft Bang 36000 Puffs Mesh Coil Mint Ice Direktverkauf ab Werk \u25ba Viele Geschmacksrichtungen & g\u00fcnstig bei vapingnet.de f\u00fcr E-Zigaretten-Liebhaber","og_url":"https:\/\/vapingnet.de\/pl\/vape\/weltweit-meistverkauft-bang-36000-puffs-mesh-coil-mint-ice-direktverkauf-ab-werk\/","og_site_name":"Vapingnet.de","article_publisher":"https:\/\/www.facebook.com\/vapingnetde\/","article_modified_time":"2025-06-19T03:41:20+00:00","og_image":[{"width":900,"height":600,"url":"https:\/\/vapingnet.de\/wp-content\/uploads\/2025\/03\/Mint-Ice.png","type":"image\/png"}],"twitter_card":"summary_large_image","twitter_misc":{"Est. reading time":"3 minutes"},"schema":{"@context":"https:\/\/schema.org","@graph":[{"@type":"WebPage","@id":"https:\/\/vapingnet.de\/vape\/weltweit-meistverkauft-bang-36000-puffs-mesh-coil-mint-ice-direktverkauf-ab-werk\/","url":"https:\/\/vapingnet.de\/vape\/weltweit-meistverkauft-bang-36000-puffs-mesh-coil-mint-ice-direktverkauf-ab-werk\/","name":"Weltweit meistverkauft Bang 36000 Puffs Mesh Coil Mint Ice Direktverkauf ab Werk | vapingnet.de","isPartOf":{"@id":"https:\/\/vapingnet.de\/#website"},"primaryImageOfPage":{"@id":"https:\/\/vapingnet.de\/vape\/weltweit-meistverkauft-bang-36000-puffs-mesh-coil-mint-ice-direktverkauf-ab-werk\/#primaryimage"},"image":{"@id":"https:\/\/vapingnet.de\/vape\/weltweit-meistverkauft-bang-36000-puffs-mesh-coil-mint-ice-direktverkauf-ab-werk\/#primaryimage"},"thumbnailUrl":"https:\/\/vapingnet.de\/wp-content\/uploads\/2025\/03\/Mint-Ice.png","datePublished":"2025-03-14T03:40:16+00:00","dateModified":"2025-06-19T03:41:20+00:00","description":"Weltweit meistverkauft Bang 36000 Puffs Mesh Coil Mint Ice Direktverkauf ab Werk \u25ba Viele Geschmacksrichtungen & g\u00fcnstig bei vapingnet.de f\u00fcr E-Zigaretten-Liebhaber","breadcrumb":{"@id":"https:\/\/vapingnet.de\/vape\/weltweit-meistverkauft-bang-36000-puffs-mesh-coil-mint-ice-direktverkauf-ab-werk\/#breadcrumb"},"inLanguage":"pl-PL","potentialAction":[{"@type":"ReadAction","target":["https:\/\/vapingnet.de\/vape\/weltweit-meistverkauft-bang-36000-puffs-mesh-coil-mint-ice-direktverkauf-ab-werk\/"]}]},{"@type":"ImageObject","inLanguage":"pl-PL","@id":"https:\/\/vapingnet.de\/vape\/weltweit-meistverkauft-bang-36000-puffs-mesh-coil-mint-ice-direktverkauf-ab-werk\/#primaryimage","url":"https:\/\/vapingnet.de\/wp-content\/uploads\/2025\/03\/Mint-Ice.png","contentUrl":"https:\/\/vapingnet.de\/wp-content\/uploads\/2025\/03\/Mint-Ice.png","width":900,"height":600,"caption":"Mint Ice"},{"@type":"BreadcrumbList","@id":"https:\/\/vapingnet.de\/vape\/weltweit-meistverkauft-bang-36000-puffs-mesh-coil-mint-ice-direktverkauf-ab-werk\/#breadcrumb","itemListElement":[{"@type":"ListItem","position":1,"name":"Home","item":"https:\/\/vapingnet.de\/"},{"@type":"ListItem","position":2,"name":"Shop","item":"https:\/\/vapingnet.de\/vape\/"},{"@type":"ListItem","position":3,"name":"Weltweit meistverkauft Bang 36000 Puffs Mesh Coil Mint Ice Direktverkauf ab Werk"}]},{"@type":"WebSite","@id":"https:\/\/vapingnet.de\/#website","url":"https:\/\/vapingnet.de\/","name":"Vapingnet.de","description":"","publisher":{"@id":"https:\/\/vapingnet.de\/#organization"},"potentialAction":[{"@type":"SearchAction","target":{"@type":"EntryPoint","urlTemplate":"https:\/\/vapingnet.de\/?s={search_term_string}"},"query-input":{"@type":"PropertyValueSpecification","valueRequired":true,"valueName":"search_term_string"}}],"inLanguage":"pl-PL"},{"@type":"Organization","@id":"https:\/\/vapingnet.de\/#organization","name":"Vapingnet.de","url":"https:\/\/vapingnet.de\/","logo":{"@type":"ImageObject","inLanguage":"pl-PL","@id":"https:\/\/vapingnet.de\/#\/schema\/logo\/image\/","url":"https:\/\/vapingnet.de\/wp-content\/uploads\/2025\/03\/cropped-vapingnet.de_.jpg","contentUrl":"https:\/\/vapingnet.de\/wp-content\/uploads\/2025\/03\/cropped-vapingnet.de_.jpg","width":512,"height":512,"caption":"Vapingnet.de"},"image":{"@id":"https:\/\/vapingnet.de\/#\/schema\/logo\/image\/"},"sameAs":["https:\/\/www.facebook.com\/vapingnetde\/"]}]}},"tiered_pricing_type":"fixed","tiered_pricing_fixed_rules":{"8":"10.44","60":"9.40","110":"8.35","200":"7.31"},"tiered_pricing_product_settings":{"layout":"default","base_unit_name":{"singular":null,"plural":null},"default_variation":null},"tiered_pricing_minimum_quantity":null,"tiered_pricing_roles_data":[],"tiered_pricing_percentage_rules":[],"_links":{"self":[{"href":"https:\/\/vapingnet.de\/pl\/wp-json\/wp\/v2\/product\/5292","targetHints":{"allow":["GET"]}}],"collection":[{"href":"https:\/\/vapingnet.de\/pl\/wp-json\/wp\/v2\/product"}],"about":[{"href":"https:\/\/vapingnet.de\/pl\/wp-json\/wp\/v2\/types\/product"}],"version-history":[{"count":1,"href":"https:\/\/vapingnet.de\/pl\/wp-json\/wp\/v2\/product\/5292\/revisions"}],"predecessor-version":[{"id":5294,"href":"https:\/\/vapingnet.de\/pl\/wp-json\/wp\/v2\/product\/5292\/revisions\/5294"}],"wp:featuredmedia":[{"embeddable":true,"href":"https:\/\/vapingnet.de\/pl\/wp-json\/wp\/v2\/media\/5293"}],"wp:attachment":[{"href":"https:\/\/vapingnet.de\/pl\/wp-json\/wp\/v2\/media?parent=5292"}],"wp:term":[{"taxonomy":"brand","embeddable":true,"href":"https:\/\/vapingnet.de\/pl\/wp-json\/wp\/v2\/etheme_brands?post=5292"},{"taxonomy":"product_brand","embeddable":true,"href":"https:\/\/vapingnet.de\/pl\/wp-json\/wp\/v2\/product_brand?post=5292"},{"taxonomy":"product_cat","embeddable":true,"href":"https:\/\/vapingnet.de\/pl\/wp-json\/wp\/v2\/product_cat?post=5292"},{"taxonomy":"product_tag","embeddable":true,"href":"https:\/\/vapingnet.de\/pl\/wp-json\/wp\/v2\/product_tag?post=5292"}],"curies":[{"name":"wp","href":"https:\/\/api.w.org\/{rel}","templated":true}]}}