{"id":5297,"date":"2025-03-14T05:32:50","date_gmt":"2025-03-14T05:32:50","guid":{"rendered":"https:\/\/vapingnet.de\/?post_type=product&#038;p=5297"},"modified":"2025-06-19T03:41:20","modified_gmt":"2025-06-19T03:41:20","slug":"weltweit-meistverkauft-bang-36000-puffs-mesh-coil-mango-peach-direktverkauf-ab-werk","status":"publish","type":"product","link":"https:\/\/vapingnet.de\/pl\/vape\/weltweit-meistverkauft-bang-36000-puffs-mesh-coil-mango-peach-direktverkauf-ab-werk\/","title":{"rendered":"Najlepiej sprzedaj\u0105cy si\u0119 na \u015bwiecie Bang 36000 Puffs Mesh Coil Mango Peach Bezpo\u015brednia sprzeda\u017c z fabryki"},"content":{"rendered":"<h2 data-start=\"0\" data-end=\"100\">Bang King 36000 Puffs Mesh Coil: Ciesz si\u0119 d\u0142ugotrwa\u0142ym parowaniem i intensywnym smakiem<\/h2>\n<p data-start=\"102\" data-end=\"498\">Je\u015bli jeste\u015b zapalonym palaczem e-papieros\u00f3w i szukasz najlepszych dozna\u0144, to Bang King 36000 Puffs Mesh Coil jest w\u0142a\u015bnie dla Ciebie! Dzi\u0119ki innowacyjnemu designowi, ekstremalnej trwa\u0142o\u015bci i szerokiemu wyborowi pysznych smak\u00f3w, to urz\u0105dzenie zapewnia niezr\u00f3wnane do\u015bwiadczenia vapingowe. Przyjrzyjmy si\u0119 bli\u017cej jego wyr\u00f3\u017cniaj\u0105cym si\u0119 cechom!<\/p>\n<h4 data-start=\"505\" data-end=\"535\">\ud83d\udd39 Kluczowe cechy<\/h4>\n<ol data-start=\"537\" data-end=\"1665\">\n<li data-start=\"537\" data-end=\"846\">\n<p data-start=\"540\" data-end=\"846\">Ekstremalnie d\u0142uga \u017cywotno\u015b\u0107 i du\u017ca pojemno\u015b\u0107<br data-start=\"586\" data-end=\"589\" \/>Bang King 36000 Puffs Mesh Coil wyposa\u017cony jest w du\u017c\u0105, nape\u0142nian\u0105 wcze\u015bniej butelk\u0119 e-liquid o pojemno\u015bci 40 ml oraz wymienn\u0105 bateri\u0119 o pojemno\u015bci 650mAh, dzi\u0119ki czemu nie musisz si\u0119 martwi\u0107 o cz\u0119ste uzupe\u0142nianie lub \u0142adowanie.<\/p>\n<\/li>\n<li data-start=\"848\" data-end=\"1142\">\n<p data-start=\"851\" data-end=\"1142\">Innowacyjna technologia Mesh Coil<br data-start=\"887\" data-end=\"890\" \/>Dzi\u0119ki 0,6\u03a9 sub-ohmowej mesh coil do\u015bwiadczysz g\u0119stego, aromatycznego dymu z intensywniejszym smakiem. Design Direct-to-Lung (DTL) zapewnia mocne odczucie podczas zaci\u0105gni\u0119cia i imponuj\u0105c\u0105 produkcj\u0119 pary \u2013 idealne dla prawdziwych mi\u0142o\u015bnik\u00f3w chmur!<\/p>\n<\/li>\n<li data-start=\"1144\" data-end=\"1311\">\n<p data-start=\"1147\" data-end=\"1311\">Elastyczne poziomy nikotyny<br data-start=\"1174\" data-end=\"1177\" \/>Wybierz spo\u015br\u00f3d nikotyn 0%, 2%, 3% lub 5%, aby dostosowa\u0107 idealne do\u015bwiadczenie vapingowe do swoich preferencji.<\/p>\n<\/li>\n<li data-start=\"1313\" data-end=\"1500\">\n<p data-start=\"1316\" data-end=\"1500\">Stylowe pod\u015bwietlenie LED<br data-start=\"1345\" data-end=\"1348\" \/>Podczas vapowania urz\u0105dzenie pod\u015bwietla si\u0119 efektownym \u015bwiat\u0142em LED, kt\u00f3re dodaje nowoczesnego i futurystycznego charakteru Twojemu do\u015bwiadczeniu vapingowemu.<\/p>\n<\/li>\n<li data-start=\"1502\" data-end=\"1665\">\n<p data-start=\"1505\" data-end=\"1665\">Brak op\u0142at celnych<br data-start=\"1527\" data-end=\"1530\" \/>Zamawiaj bez obaw, bez konieczno\u015bci martwienia si\u0119 o dodatkowe op\u0142aty celne \u2013 czeka na Ciebie p\u0142ynne i bezproblemowe zakupy!<\/p>\n<\/li>\n<\/ol>\n<h4 data-start=\"1672\" data-end=\"1713\">\ud83c\udf51 Rekomendacja smaku: Mango Peach<\/h4>\n<p data-start=\"1715\" data-end=\"2009\">Smak Mango Peach \u0142\u0105czy egzotycznie s\u0142odki aromat dojrza\u0142ych mango z soczystym smakiem \u015bwie\u017cych brzoskwi\u0144. Ka\u017cde zaci\u0105gni\u0119cie ujawnia idealn\u0105 r\u00f3wnowag\u0119 mi\u0119dzy \u015bwie\u017co\u015bci\u0105 a s\u0142odycz\u0105 \u2013 idealne dla mi\u0142o\u015bnik\u00f3w owocowych aromat\u00f3w i pragn\u0105cych tropikalnych dozna\u0144.<\/p>\n<h3>\ud83d\ude80 Dlaczego Bang King 36000 Puffs Mesh Coil?<\/h3>\n<p data-start=\"2069\" data-end=\"2463\">\u2705 Ekstremalnie d\u0142uga \u017cywotno\u015b\u0107 \u2013 do <a href=\"https:\/\/vapingnet.de\/pl\/k\/vape-36000-zuege\/\" target=\"_blank\" rel=\"noopener\"><strong>36 000 zaci\u0105gni\u0119\u0107<\/strong><\/a> dla maksymalnej przyjemno\u015bci.<br data-start=\"2144\" data-end=\"2147\" \/>\u2705 Brak konieczno\u015bci uzupe\u0142niania lub czekania \u2013 jednorazowy design zapewnia wygod\u0119 i bezstresowe u\u017cytkowanie.<br data-start=\"2236\" data-end=\"2239\" \/>\u2705 12 pysznych smak\u00f3w \u2013 od owocowych, przez s\u0142odkie, po orze\u017awiaj\u0105ce, dla ka\u017cdego co\u015b mi\u0142ego.<br data-start=\"2342\" data-end=\"2345\" \/>\u2705 Szybkie \u0142adowanie \u2013 dzi\u0119ki portowi \u0142adowania Type-C Twoje urz\u0105dzenie b\u0119dzie gotowe do u\u017cycia w najkr\u00f3tszym czasie.<\/p>\n<p data-start=\"2465\" data-end=\"2658\">Do\u015bwiadcz teraz idealnego po\u0142\u0105czenia intensywnych aromat\u00f3w i ultrad\u0142ugiej trwa\u0142o\u015bci! Odwied\u017a nasz\u0105 stron\u0119 internetow\u0105 i zabezpiecz si\u0119 swoim Bang King 36000 Puffs Mesh Coil ju\u017c dzi\u015b.<\/p>\n<p data-start=\"2660\" data-end=\"2720\" data-is-last-node=\"\" data-is-only-node=\"\">\ud83d\udd17 Zam\u00f3w teraz: <a href=\"https:\/\/vapingnet.de\/pl\/\" target=\"_new\" rel=\"noopener\" data-start=\"2682\" data-end=\"2718\">vapingnet.de<\/a><\/p>","protected":false},"excerpt":{"rendered":"<p>Bang King 36000 Puffs Mesh Coil: Ciesz si\u0119 d\u0142ugotrwa\u0142ym dymem i intensywnym smakiem Je\u015bli jeste\u015b pasjonatem vapowania i szukasz ostatecznego do\u015bwiadczenia, wtedy...<\/p>","protected":false},"featured_media":5298,"template":"","meta":[],"etheme_brands":[],"product_brand":[101],"product_cat":[57,49,61],"product_tag":[],"class_list":{"0":"post-5297","1":"product","2":"type-product","3":"status-publish","4":"has-post-thumbnail","6":"product_brand-bang-king-vape","7":"product_cat-vape-36000-zuege","8":"product_cat-einweg-e-zigarette","9":"product_cat-f","11":"first","12":"instock","13":"shipping-taxable","14":"purchasable","15":"product-type-simple"},"yoast_head":"<!-- This site is optimized with the Yoast SEO plugin v26.5 - https:\/\/yoast.com\/wordpress\/plugins\/seo\/ -->\n<title>Weltweit meistverkauft Bang 36000 Puffs Mesh Coil Mango Peach Direktverkauf ab Werk | Vapingnet.de<\/title>\n<meta name=\"description\" content=\"Entdecke Weltweit meistverkauft Bang 36000 Puffs Mesh Coil Mango Peach Direktverkauf ab Werk bei vapingnet.de, \u25ba Gro\u00dfe Auswahl an Geschmacksrichtungen &amp; super g\u00fcnstig!\" \/>\n<meta name=\"robots\" content=\"index, follow, max-snippet:-1, max-image-preview:large, max-video-preview:-1\" \/>\n<link rel=\"canonical\" href=\"https:\/\/vapingnet.de\/pl\/vape\/weltweit-meistverkauft-bang-36000-puffs-mesh-coil-mango-peach-direktverkauf-ab-werk\/\" \/>\n<meta property=\"og:locale\" content=\"pl_PL\" \/>\n<meta property=\"og:type\" content=\"article\" \/>\n<meta property=\"og:title\" content=\"Weltweit meistverkauft Bang 36000 Puffs Mesh Coil Mango Peach Direktverkauf ab Werk | Vapingnet.de\" \/>\n<meta property=\"og:description\" content=\"Entdecke Weltweit meistverkauft Bang 36000 Puffs Mesh Coil Mango Peach Direktverkauf ab Werk bei vapingnet.de, \u25ba Gro\u00dfe Auswahl an Geschmacksrichtungen &amp; super g\u00fcnstig!\" \/>\n<meta property=\"og:url\" content=\"https:\/\/vapingnet.de\/pl\/vape\/weltweit-meistverkauft-bang-36000-puffs-mesh-coil-mango-peach-direktverkauf-ab-werk\/\" \/>\n<meta property=\"og:site_name\" content=\"Vapingnet.de\" \/>\n<meta property=\"article:publisher\" content=\"https:\/\/www.facebook.com\/vapingnetde\/\" \/>\n<meta property=\"article:modified_time\" content=\"2025-06-19T03:41:20+00:00\" \/>\n<meta property=\"og:image\" content=\"https:\/\/vapingnet.de\/wp-content\/uploads\/2025\/03\/Mango-Peach.png\" \/>\n\t<meta property=\"og:image:width\" content=\"900\" \/>\n\t<meta property=\"og:image:height\" content=\"600\" \/>\n\t<meta property=\"og:image:type\" content=\"image\/png\" \/>\n<meta name=\"twitter:card\" content=\"summary_large_image\" \/>\n<meta name=\"twitter:label1\" content=\"Est. reading time\" \/>\n\t<meta name=\"twitter:data1\" content=\"3 minutes\" \/>\n<script type=\"application\/ld+json\" class=\"yoast-schema-graph\">{\"@context\":\"https:\/\/schema.org\",\"@graph\":[{\"@type\":\"WebPage\",\"@id\":\"https:\/\/vapingnet.de\/vape\/weltweit-meistverkauft-bang-36000-puffs-mesh-coil-mango-peach-direktverkauf-ab-werk\/\",\"url\":\"https:\/\/vapingnet.de\/vape\/weltweit-meistverkauft-bang-36000-puffs-mesh-coil-mango-peach-direktverkauf-ab-werk\/\",\"name\":\"Weltweit meistverkauft Bang 36000 Puffs Mesh Coil Mango Peach Direktverkauf ab Werk | Vapingnet.de\",\"isPartOf\":{\"@id\":\"https:\/\/vapingnet.de\/#website\"},\"primaryImageOfPage\":{\"@id\":\"https:\/\/vapingnet.de\/vape\/weltweit-meistverkauft-bang-36000-puffs-mesh-coil-mango-peach-direktverkauf-ab-werk\/#primaryimage\"},\"image\":{\"@id\":\"https:\/\/vapingnet.de\/vape\/weltweit-meistverkauft-bang-36000-puffs-mesh-coil-mango-peach-direktverkauf-ab-werk\/#primaryimage\"},\"thumbnailUrl\":\"https:\/\/vapingnet.de\/wp-content\/uploads\/2025\/03\/Mango-Peach.png\",\"datePublished\":\"2025-03-14T05:32:50+00:00\",\"dateModified\":\"2025-06-19T03:41:20+00:00\",\"description\":\"Entdecke Weltweit meistverkauft Bang 36000 Puffs Mesh Coil Mango Peach Direktverkauf ab Werk bei vapingnet.de, \u25ba Gro\u00dfe Auswahl an Geschmacksrichtungen & super g\u00fcnstig!\",\"breadcrumb\":{\"@id\":\"https:\/\/vapingnet.de\/vape\/weltweit-meistverkauft-bang-36000-puffs-mesh-coil-mango-peach-direktverkauf-ab-werk\/#breadcrumb\"},\"inLanguage\":\"pl-PL\",\"potentialAction\":[{\"@type\":\"ReadAction\",\"target\":[\"https:\/\/vapingnet.de\/vape\/weltweit-meistverkauft-bang-36000-puffs-mesh-coil-mango-peach-direktverkauf-ab-werk\/\"]}]},{\"@type\":\"ImageObject\",\"inLanguage\":\"pl-PL\",\"@id\":\"https:\/\/vapingnet.de\/vape\/weltweit-meistverkauft-bang-36000-puffs-mesh-coil-mango-peach-direktverkauf-ab-werk\/#primaryimage\",\"url\":\"https:\/\/vapingnet.de\/wp-content\/uploads\/2025\/03\/Mango-Peach.png\",\"contentUrl\":\"https:\/\/vapingnet.de\/wp-content\/uploads\/2025\/03\/Mango-Peach.png\",\"width\":900,\"height\":600,\"caption\":\"Mango Peach\"},{\"@type\":\"BreadcrumbList\",\"@id\":\"https:\/\/vapingnet.de\/vape\/weltweit-meistverkauft-bang-36000-puffs-mesh-coil-mango-peach-direktverkauf-ab-werk\/#breadcrumb\",\"itemListElement\":[{\"@type\":\"ListItem\",\"position\":1,\"name\":\"Home\",\"item\":\"https:\/\/vapingnet.de\/\"},{\"@type\":\"ListItem\",\"position\":2,\"name\":\"Shop\",\"item\":\"https:\/\/vapingnet.de\/vape\/\"},{\"@type\":\"ListItem\",\"position\":3,\"name\":\"Weltweit meistverkauft Bang 36000 Puffs Mesh Coil Mango Peach Direktverkauf ab Werk\"}]},{\"@type\":\"WebSite\",\"@id\":\"https:\/\/vapingnet.de\/#website\",\"url\":\"https:\/\/vapingnet.de\/\",\"name\":\"Vapingnet.de\",\"description\":\"\",\"publisher\":{\"@id\":\"https:\/\/vapingnet.de\/#organization\"},\"potentialAction\":[{\"@type\":\"SearchAction\",\"target\":{\"@type\":\"EntryPoint\",\"urlTemplate\":\"https:\/\/vapingnet.de\/?s={search_term_string}\"},\"query-input\":{\"@type\":\"PropertyValueSpecification\",\"valueRequired\":true,\"valueName\":\"search_term_string\"}}],\"inLanguage\":\"pl-PL\"},{\"@type\":\"Organization\",\"@id\":\"https:\/\/vapingnet.de\/#organization\",\"name\":\"Vapingnet.de\",\"url\":\"https:\/\/vapingnet.de\/\",\"logo\":{\"@type\":\"ImageObject\",\"inLanguage\":\"pl-PL\",\"@id\":\"https:\/\/vapingnet.de\/#\/schema\/logo\/image\/\",\"url\":\"https:\/\/vapingnet.de\/wp-content\/uploads\/2025\/03\/cropped-vapingnet.de_.jpg\",\"contentUrl\":\"https:\/\/vapingnet.de\/wp-content\/uploads\/2025\/03\/cropped-vapingnet.de_.jpg\",\"width\":512,\"height\":512,\"caption\":\"Vapingnet.de\"},\"image\":{\"@id\":\"https:\/\/vapingnet.de\/#\/schema\/logo\/image\/\"},\"sameAs\":[\"https:\/\/www.facebook.com\/vapingnetde\/\"]}]}<\/script>\n<!-- \/ Yoast SEO plugin. -->","yoast_head_json":{"title":"Weltweit meistverkauft Bang 36000 Puffs Mesh Coil Mango Peach Direktverkauf ab Werk | Vapingnet.de","description":"Entdecke Weltweit meistverkauft Bang 36000 Puffs Mesh Coil Mango Peach Direktverkauf ab Werk bei vapingnet.de, \u25ba Gro\u00dfe Auswahl an Geschmacksrichtungen & super g\u00fcnstig!","robots":{"index":"index","follow":"follow","max-snippet":"max-snippet:-1","max-image-preview":"max-image-preview:large","max-video-preview":"max-video-preview:-1"},"canonical":"https:\/\/vapingnet.de\/pl\/vape\/weltweit-meistverkauft-bang-36000-puffs-mesh-coil-mango-peach-direktverkauf-ab-werk\/","og_locale":"pl_PL","og_type":"article","og_title":"Weltweit meistverkauft Bang 36000 Puffs Mesh Coil Mango Peach Direktverkauf ab Werk | Vapingnet.de","og_description":"Entdecke Weltweit meistverkauft Bang 36000 Puffs Mesh Coil Mango Peach Direktverkauf ab Werk bei vapingnet.de, \u25ba Gro\u00dfe Auswahl an Geschmacksrichtungen & super g\u00fcnstig!","og_url":"https:\/\/vapingnet.de\/pl\/vape\/weltweit-meistverkauft-bang-36000-puffs-mesh-coil-mango-peach-direktverkauf-ab-werk\/","og_site_name":"Vapingnet.de","article_publisher":"https:\/\/www.facebook.com\/vapingnetde\/","article_modified_time":"2025-06-19T03:41:20+00:00","og_image":[{"width":900,"height":600,"url":"https:\/\/vapingnet.de\/wp-content\/uploads\/2025\/03\/Mango-Peach.png","type":"image\/png"}],"twitter_card":"summary_large_image","twitter_misc":{"Est. reading time":"3 minutes"},"schema":{"@context":"https:\/\/schema.org","@graph":[{"@type":"WebPage","@id":"https:\/\/vapingnet.de\/vape\/weltweit-meistverkauft-bang-36000-puffs-mesh-coil-mango-peach-direktverkauf-ab-werk\/","url":"https:\/\/vapingnet.de\/vape\/weltweit-meistverkauft-bang-36000-puffs-mesh-coil-mango-peach-direktverkauf-ab-werk\/","name":"Weltweit meistverkauft Bang 36000 Puffs Mesh Coil Mango Peach Direktverkauf ab Werk | Vapingnet.de","isPartOf":{"@id":"https:\/\/vapingnet.de\/#website"},"primaryImageOfPage":{"@id":"https:\/\/vapingnet.de\/vape\/weltweit-meistverkauft-bang-36000-puffs-mesh-coil-mango-peach-direktverkauf-ab-werk\/#primaryimage"},"image":{"@id":"https:\/\/vapingnet.de\/vape\/weltweit-meistverkauft-bang-36000-puffs-mesh-coil-mango-peach-direktverkauf-ab-werk\/#primaryimage"},"thumbnailUrl":"https:\/\/vapingnet.de\/wp-content\/uploads\/2025\/03\/Mango-Peach.png","datePublished":"2025-03-14T05:32:50+00:00","dateModified":"2025-06-19T03:41:20+00:00","description":"Entdecke Weltweit meistverkauft Bang 36000 Puffs Mesh Coil Mango Peach Direktverkauf ab Werk bei vapingnet.de, \u25ba Gro\u00dfe Auswahl an Geschmacksrichtungen & super g\u00fcnstig!","breadcrumb":{"@id":"https:\/\/vapingnet.de\/vape\/weltweit-meistverkauft-bang-36000-puffs-mesh-coil-mango-peach-direktverkauf-ab-werk\/#breadcrumb"},"inLanguage":"pl-PL","potentialAction":[{"@type":"ReadAction","target":["https:\/\/vapingnet.de\/vape\/weltweit-meistverkauft-bang-36000-puffs-mesh-coil-mango-peach-direktverkauf-ab-werk\/"]}]},{"@type":"ImageObject","inLanguage":"pl-PL","@id":"https:\/\/vapingnet.de\/vape\/weltweit-meistverkauft-bang-36000-puffs-mesh-coil-mango-peach-direktverkauf-ab-werk\/#primaryimage","url":"https:\/\/vapingnet.de\/wp-content\/uploads\/2025\/03\/Mango-Peach.png","contentUrl":"https:\/\/vapingnet.de\/wp-content\/uploads\/2025\/03\/Mango-Peach.png","width":900,"height":600,"caption":"Mango Peach"},{"@type":"BreadcrumbList","@id":"https:\/\/vapingnet.de\/vape\/weltweit-meistverkauft-bang-36000-puffs-mesh-coil-mango-peach-direktverkauf-ab-werk\/#breadcrumb","itemListElement":[{"@type":"ListItem","position":1,"name":"Home","item":"https:\/\/vapingnet.de\/"},{"@type":"ListItem","position":2,"name":"Shop","item":"https:\/\/vapingnet.de\/vape\/"},{"@type":"ListItem","position":3,"name":"Weltweit meistverkauft Bang 36000 Puffs Mesh Coil Mango Peach Direktverkauf ab Werk"}]},{"@type":"WebSite","@id":"https:\/\/vapingnet.de\/#website","url":"https:\/\/vapingnet.de\/","name":"Vapingnet.de","description":"","publisher":{"@id":"https:\/\/vapingnet.de\/#organization"},"potentialAction":[{"@type":"SearchAction","target":{"@type":"EntryPoint","urlTemplate":"https:\/\/vapingnet.de\/?s={search_term_string}"},"query-input":{"@type":"PropertyValueSpecification","valueRequired":true,"valueName":"search_term_string"}}],"inLanguage":"pl-PL"},{"@type":"Organization","@id":"https:\/\/vapingnet.de\/#organization","name":"Vapingnet.de","url":"https:\/\/vapingnet.de\/","logo":{"@type":"ImageObject","inLanguage":"pl-PL","@id":"https:\/\/vapingnet.de\/#\/schema\/logo\/image\/","url":"https:\/\/vapingnet.de\/wp-content\/uploads\/2025\/03\/cropped-vapingnet.de_.jpg","contentUrl":"https:\/\/vapingnet.de\/wp-content\/uploads\/2025\/03\/cropped-vapingnet.de_.jpg","width":512,"height":512,"caption":"Vapingnet.de"},"image":{"@id":"https:\/\/vapingnet.de\/#\/schema\/logo\/image\/"},"sameAs":["https:\/\/www.facebook.com\/vapingnetde\/"]}]}},"tiered_pricing_type":"fixed","tiered_pricing_fixed_rules":{"8":"10.44","60":"9.40","110":"8.35","200":"7.31"},"tiered_pricing_product_settings":{"layout":"default","base_unit_name":{"singular":null,"plural":null},"default_variation":null},"tiered_pricing_minimum_quantity":null,"tiered_pricing_roles_data":[],"tiered_pricing_percentage_rules":[],"_links":{"self":[{"href":"https:\/\/vapingnet.de\/pl\/wp-json\/wp\/v2\/product\/5297","targetHints":{"allow":["GET"]}}],"collection":[{"href":"https:\/\/vapingnet.de\/pl\/wp-json\/wp\/v2\/product"}],"about":[{"href":"https:\/\/vapingnet.de\/pl\/wp-json\/wp\/v2\/types\/product"}],"version-history":[{"count":1,"href":"https:\/\/vapingnet.de\/pl\/wp-json\/wp\/v2\/product\/5297\/revisions"}],"predecessor-version":[{"id":5299,"href":"https:\/\/vapingnet.de\/pl\/wp-json\/wp\/v2\/product\/5297\/revisions\/5299"}],"wp:featuredmedia":[{"embeddable":true,"href":"https:\/\/vapingnet.de\/pl\/wp-json\/wp\/v2\/media\/5298"}],"wp:attachment":[{"href":"https:\/\/vapingnet.de\/pl\/wp-json\/wp\/v2\/media?parent=5297"}],"wp:term":[{"taxonomy":"brand","embeddable":true,"href":"https:\/\/vapingnet.de\/pl\/wp-json\/wp\/v2\/etheme_brands?post=5297"},{"taxonomy":"product_brand","embeddable":true,"href":"https:\/\/vapingnet.de\/pl\/wp-json\/wp\/v2\/product_brand?post=5297"},{"taxonomy":"product_cat","embeddable":true,"href":"https:\/\/vapingnet.de\/pl\/wp-json\/wp\/v2\/product_cat?post=5297"},{"taxonomy":"product_tag","embeddable":true,"href":"https:\/\/vapingnet.de\/pl\/wp-json\/wp\/v2\/product_tag?post=5297"}],"curies":[{"name":"wp","href":"https:\/\/api.w.org\/{rel}","templated":true}]}}