{"id":5300,"date":"2025-03-14T05:38:14","date_gmt":"2025-03-14T05:38:14","guid":{"rendered":"https:\/\/vapingnet.de\/?post_type=product&#038;p=5300"},"modified":"2025-06-19T03:41:19","modified_gmt":"2025-06-19T03:41:19","slug":"bang-36000-puffs-mesh-coil-grape-ice-einweg-e-zigarette-zum-grosshandelspreis","status":"publish","type":"product","link":"https:\/\/vapingnet.de\/pl\/vape\/bang-36000-puffs-mesh-coil-grape-ice-einweg-e-zigarette-zum-grosshandelspreis\/","title":{"rendered":"Bang 36000 Puffs Mesh Coil Grape Ice Jednorazowy e-papieros w cenie hurtowej"},"content":{"rendered":"<h2 data-start=\"0\" data-end=\"77\">Bang King 36000 Puffs Mesh Coil \u2013 Maksymalna wytrzyma\u0142o\u015b\u0107, mro\u017ana przyjemno\u015b\u0107<\/h2>\n<p data-start=\"144\" data-end=\"452\">Ten <a href=\"https:\/\/vapingnet.de\/pl\/bang-36000-puffs-mesh-coil\/\" target=\"_blank\" rel=\"noopener\"><strong>Bang King 36000 Puffs Mesh Coil<\/strong><\/a> wyznacza nowe standardy w \u015bwiecie parowania! Dzi\u0119ki wydajnej technologii, ekstremalnej trwa\u0142o\u015bci i intensywnemu smakowi, to urz\u0105dzenie oferuje niezr\u00f3wnane do\u015bwiadczenie parowania. Czy to g\u0119sta chmura dymu, czy delikatny Throat-Hit \u2013 tutaj dostajesz obie opcje w perfekcji!<\/p>\n<h4 data-start=\"459\" data-end=\"518\">\ud83d\udd25 Wydajne funkcje dla ostatecznej przyjemno\u015bci<\/h4>\n<p data-start=\"520\" data-end=\"719\">\u2714 Maksymalna produkcja pary i bezpo\u015bredni wdech do p\u0142uc (DTL) \u2013 Innowacyjny 0,6\u03a9 Mesh Coil sub-ohm zapewnia g\u0119st\u0105 chmur\u0119 i wzmacnia aromat, daj\u0105c niezr\u00f3wnane doznania smakowe.<\/p>\n<p data-start=\"721\" data-end=\"971\">\u2714 Gigantyczna pojemno\u015b\u0107 na d\u0142ugie parowanie \u2013 Z 40 ml nape\u0142nionego liquidu i wymiennym akumulatorem 650mAh, Bang King gwarantuje do <a href=\"https:\/\/vapingnet.de\/pl\/k\/vape-36000-zuege\/\" target=\"_blank\" rel=\"noopener\"><strong>36 000 zaci\u0105gni\u0119\u0107<\/strong><\/a>, dzi\u0119ki czemu mo\u017cesz cieszy\u0107 si\u0119 nim przez miesi\u0105ce bez konieczno\u015bci ci\u0105g\u0142ego uzupe\u0142niania.<\/p>\n<p data-start=\"973\" data-end=\"1104\">\u2714 Elastyczne dostosowanie poziomu nikotyny \u2013 Wybierz spo\u015br\u00f3d nikotyny 0%, 2%, 3% lub 5%, w zale\u017cno\u015bci od swoich indywidualnych preferencji.<\/p>\n<p data-start=\"1106\" data-end=\"1229\">\u2714 Szybkie \u0142adowanie dzi\u0119ki portowi Type-C \u2013 Efektywne \u0142adowanie dla nieprzerwanego korzystania z parowania, gdziekolwiek jeste\u015b.<\/p>\n<p data-start=\"1231\" data-end=\"1364\">\u2714 LED-owe pod\u015bwietlenie w kolorach dla stylowego wygl\u0105du \u2013 Modne efekty \u015bwietlne przy ka\u017cdym wdechu zapewniaj\u0105 futurystyczne do\u015bwiadczenie parowania.<\/p>\n<p data-start=\"1366\" data-end=\"1489\">\u2714 Jednorazowy design \u2013 Brak konieczno\u015bci konserwacji \u2013 Nie trzeba uzupe\u0142nia\u0107 ani czy\u015bci\u0107, wystarczy wyj\u0105\u0107 z opakowania i zacz\u0105\u0107 parowa\u0107!<\/p>\n<p data-start=\"1491\" data-end=\"1585\">\u2714 Zam\u00f3w bez c\u0142a \u2013 Brak dodatkowych op\u0142at celnych, po prostu ciesz si\u0119 bez obaw!<\/p>\n<h4 data-start=\"1592\" data-end=\"1636\">\ud83c\udf47 Rekomendacja smaku: Grape Ice<\/h4>\n<p data-start=\"1637\" data-end=\"1817\">Bang King 36000 Puffs jest teraz dost\u0119pny w nowym, orze\u017awiaj\u0105cym smaku Grape Ice \u2013 idealne po\u0142\u0105czenie s\u0142odkiej owocowo\u015bci i lodowatego ch\u0142odu!<\/p>\n<p data-start=\"1819\" data-end=\"2179\">\u2728 Intensywny aromat winogron \u2013 Ka\u017cdy wdech uwalnia soczysty, naturalny smak dojrza\u0142ych winogron i zapewnia przyjemn\u0105 s\u0142odycz bez sztucznego posmaku.<br data-start=\"1981\" data-end=\"1984\" \/>\u2744 Mro\u017ana \u015bwie\u017co\u015b\u0107 \u2013 Ch\u0142odny akcent nadaje smakowi orze\u017awiaj\u0105c\u0105 g\u0142\u0119bi\u0119 i sprawia, \u017ce ka\u017cdy wdech to orze\u017awiaj\u0105ce prze\u017cycie \u2013 idealne na gor\u0105ce dni lub jako codzienny zastrzyk \u015bwie\u017co\u015bci!<\/p>\n<p data-start=\"2181\" data-end=\"2295\">Je\u015bli lubisz owocowe smaki z orze\u017awiaj\u0105cym kopem, Grape Ice jest dla Ciebie idealnym wyborem!<\/p>\n<h3 data-start=\"2302\" data-end=\"2342\">\ud83d\ude80 Dlaczego Bang King 36000 Puffs?<\/h3>\n<p data-start=\"2344\" data-end=\"2658\">\u2705 Ekstremalna d\u0142ugo\u015b\u0107 \u017cycia \u2013 do 36 000 wdech\u00f3w<br data-start=\"2395\" data-end=\"2398\" \/>\u2705 Brak konserwacji \u2013 Jednorazowy design dla maksymalnego komfortu<br data-start=\"2455\" data-end=\"2458\" \/>\u2705 Wysokowydajny Mesh Coil dla intensywnego smaku i g\u0119stej chmury<br data-start=\"2528\" data-end=\"2531\" \/>\u2705 Do wyboru 12 pysznych smak\u00f3w<br data-start=\"2580\" data-end=\"2583\" \/>\u2705 Dymienie w ka\u017cdej chwili i wsz\u0119dzie \u2013 dla maksymalnego do\u015bwiadczenia vapingowego<\/p>\n<p data-start=\"2660\" data-end=\"2778\">Odwied\u017a teraz nasz\u0105 stron\u0119 internetow\u0105 i zdob\u0105d\u017a sw\u00f3j Bang King 36000 Puffs Mesh Coil dla najlepszego do\u015bwiadczenia z e-papierosem!<\/p>\n<p data-start=\"2780\" data-end=\"2840\" data-is-last-node=\"\" data-is-only-node=\"\">\ud83d\udd17 Zam\u00f3w teraz: <a href=\"https:\/\/vapingnet.de\/pl\/\" target=\"_new\" rel=\"noopener\" data-start=\"2802\" data-end=\"2838\">vapingnet.de<\/a><\/p>","protected":false},"excerpt":{"rendered":"<p>Bang King 36000 Puffs Mesh Coil \u2013 Maksymalna wytrzyma\u0142o\u015b\u0107, mro\u017c\u0105cy w smakach ch\u0142\u00f3d Bang King 36000 Puffs Mesh Coil wyznacza nowe standardy w \u015bwiecie...<\/p>","protected":false},"featured_media":5301,"template":"","meta":[],"etheme_brands":[],"product_brand":[101],"product_cat":[57,49,61],"product_tag":[],"class_list":{"0":"post-5300","1":"product","2":"type-product","3":"status-publish","4":"has-post-thumbnail","6":"product_brand-bang-king-vape","7":"product_cat-vape-36000-zuege","8":"product_cat-einweg-e-zigarette","9":"product_cat-f","11":"first","12":"instock","13":"shipping-taxable","14":"purchasable","15":"product-type-simple"},"yoast_head":"<!-- This site is optimized with the Yoast SEO plugin v26.5 - https:\/\/yoast.com\/wordpress\/plugins\/seo\/ -->\n<title>Bang 36000 Puffs Mesh Coil Grape Ice Einweg E-Zigarette zum Gro\u00dfhandelspreis | Vapingnet.de<\/title>\n<meta name=\"description\" content=\"Entdecke Bang 36000 Puffs Mesh Coil Grape Ice Einweg E-Zigarette zum Gro\u00dfhandelspreis bei vapingnet.de, \u25ba Gro\u00dfe Auswahl an Geschmacksrichtungen &amp; super g\u00fcnstig!\" \/>\n<meta name=\"robots\" content=\"index, follow, max-snippet:-1, max-image-preview:large, max-video-preview:-1\" \/>\n<link rel=\"canonical\" href=\"https:\/\/vapingnet.de\/pl\/vape\/bang-36000-puffs-mesh-coil-grape-ice-einweg-e-zigarette-zum-grosshandelspreis\/\" \/>\n<meta property=\"og:locale\" content=\"pl_PL\" \/>\n<meta property=\"og:type\" content=\"article\" \/>\n<meta property=\"og:title\" content=\"Bang 36000 Puffs Mesh Coil Grape Ice Einweg E-Zigarette zum Gro\u00dfhandelspreis | Vapingnet.de\" \/>\n<meta property=\"og:description\" content=\"Entdecke Bang 36000 Puffs Mesh Coil Grape Ice Einweg E-Zigarette zum Gro\u00dfhandelspreis bei vapingnet.de, \u25ba Gro\u00dfe Auswahl an Geschmacksrichtungen &amp; super g\u00fcnstig!\" \/>\n<meta property=\"og:url\" content=\"https:\/\/vapingnet.de\/pl\/vape\/bang-36000-puffs-mesh-coil-grape-ice-einweg-e-zigarette-zum-grosshandelspreis\/\" \/>\n<meta property=\"og:site_name\" content=\"Vapingnet.de\" \/>\n<meta property=\"article:publisher\" content=\"https:\/\/www.facebook.com\/vapingnetde\/\" \/>\n<meta property=\"article:modified_time\" content=\"2025-06-19T03:41:19+00:00\" \/>\n<meta property=\"og:image\" content=\"https:\/\/vapingnet.de\/wp-content\/uploads\/2025\/03\/Grape-Ice.png\" \/>\n\t<meta property=\"og:image:width\" content=\"900\" \/>\n\t<meta property=\"og:image:height\" content=\"600\" \/>\n\t<meta property=\"og:image:type\" content=\"image\/png\" \/>\n<meta name=\"twitter:card\" content=\"summary_large_image\" \/>\n<meta name=\"twitter:label1\" content=\"Est. reading time\" \/>\n\t<meta name=\"twitter:data1\" content=\"3 minutes\" \/>\n<script type=\"application\/ld+json\" class=\"yoast-schema-graph\">{\"@context\":\"https:\/\/schema.org\",\"@graph\":[{\"@type\":\"WebPage\",\"@id\":\"https:\/\/vapingnet.de\/vape\/bang-36000-puffs-mesh-coil-grape-ice-einweg-e-zigarette-zum-grosshandelspreis\/\",\"url\":\"https:\/\/vapingnet.de\/vape\/bang-36000-puffs-mesh-coil-grape-ice-einweg-e-zigarette-zum-grosshandelspreis\/\",\"name\":\"Bang 36000 Puffs Mesh Coil Grape Ice Einweg E-Zigarette zum Gro\u00dfhandelspreis | Vapingnet.de\",\"isPartOf\":{\"@id\":\"https:\/\/vapingnet.de\/#website\"},\"primaryImageOfPage\":{\"@id\":\"https:\/\/vapingnet.de\/vape\/bang-36000-puffs-mesh-coil-grape-ice-einweg-e-zigarette-zum-grosshandelspreis\/#primaryimage\"},\"image\":{\"@id\":\"https:\/\/vapingnet.de\/vape\/bang-36000-puffs-mesh-coil-grape-ice-einweg-e-zigarette-zum-grosshandelspreis\/#primaryimage\"},\"thumbnailUrl\":\"https:\/\/vapingnet.de\/wp-content\/uploads\/2025\/03\/Grape-Ice.png\",\"datePublished\":\"2025-03-14T05:38:14+00:00\",\"dateModified\":\"2025-06-19T03:41:19+00:00\",\"description\":\"Entdecke Bang 36000 Puffs Mesh Coil Grape Ice Einweg E-Zigarette zum Gro\u00dfhandelspreis bei vapingnet.de, \u25ba Gro\u00dfe Auswahl an Geschmacksrichtungen & super g\u00fcnstig!\",\"breadcrumb\":{\"@id\":\"https:\/\/vapingnet.de\/vape\/bang-36000-puffs-mesh-coil-grape-ice-einweg-e-zigarette-zum-grosshandelspreis\/#breadcrumb\"},\"inLanguage\":\"pl-PL\",\"potentialAction\":[{\"@type\":\"ReadAction\",\"target\":[\"https:\/\/vapingnet.de\/vape\/bang-36000-puffs-mesh-coil-grape-ice-einweg-e-zigarette-zum-grosshandelspreis\/\"]}]},{\"@type\":\"ImageObject\",\"inLanguage\":\"pl-PL\",\"@id\":\"https:\/\/vapingnet.de\/vape\/bang-36000-puffs-mesh-coil-grape-ice-einweg-e-zigarette-zum-grosshandelspreis\/#primaryimage\",\"url\":\"https:\/\/vapingnet.de\/wp-content\/uploads\/2025\/03\/Grape-Ice.png\",\"contentUrl\":\"https:\/\/vapingnet.de\/wp-content\/uploads\/2025\/03\/Grape-Ice.png\",\"width\":900,\"height\":600,\"caption\":\"Grape Ice\"},{\"@type\":\"BreadcrumbList\",\"@id\":\"https:\/\/vapingnet.de\/vape\/bang-36000-puffs-mesh-coil-grape-ice-einweg-e-zigarette-zum-grosshandelspreis\/#breadcrumb\",\"itemListElement\":[{\"@type\":\"ListItem\",\"position\":1,\"name\":\"Home\",\"item\":\"https:\/\/vapingnet.de\/\"},{\"@type\":\"ListItem\",\"position\":2,\"name\":\"Shop\",\"item\":\"https:\/\/vapingnet.de\/vape\/\"},{\"@type\":\"ListItem\",\"position\":3,\"name\":\"Bang 36000 Puffs Mesh Coil Grape Ice Einweg E-Zigarette zum Gro\u00dfhandelspreis\"}]},{\"@type\":\"WebSite\",\"@id\":\"https:\/\/vapingnet.de\/#website\",\"url\":\"https:\/\/vapingnet.de\/\",\"name\":\"Vapingnet.de\",\"description\":\"\",\"publisher\":{\"@id\":\"https:\/\/vapingnet.de\/#organization\"},\"potentialAction\":[{\"@type\":\"SearchAction\",\"target\":{\"@type\":\"EntryPoint\",\"urlTemplate\":\"https:\/\/vapingnet.de\/?s={search_term_string}\"},\"query-input\":{\"@type\":\"PropertyValueSpecification\",\"valueRequired\":true,\"valueName\":\"search_term_string\"}}],\"inLanguage\":\"pl-PL\"},{\"@type\":\"Organization\",\"@id\":\"https:\/\/vapingnet.de\/#organization\",\"name\":\"Vapingnet.de\",\"url\":\"https:\/\/vapingnet.de\/\",\"logo\":{\"@type\":\"ImageObject\",\"inLanguage\":\"pl-PL\",\"@id\":\"https:\/\/vapingnet.de\/#\/schema\/logo\/image\/\",\"url\":\"https:\/\/vapingnet.de\/wp-content\/uploads\/2025\/03\/cropped-vapingnet.de_.jpg\",\"contentUrl\":\"https:\/\/vapingnet.de\/wp-content\/uploads\/2025\/03\/cropped-vapingnet.de_.jpg\",\"width\":512,\"height\":512,\"caption\":\"Vapingnet.de\"},\"image\":{\"@id\":\"https:\/\/vapingnet.de\/#\/schema\/logo\/image\/\"},\"sameAs\":[\"https:\/\/www.facebook.com\/vapingnetde\/\"]}]}<\/script>\n<!-- \/ Yoast SEO plugin. -->","yoast_head_json":{"title":"Bang 36000 Puffs Mesh Coil Grape Ice Einweg E-Zigarette zum Gro\u00dfhandelspreis | Vapingnet.de","description":"Entdecke Bang 36000 Puffs Mesh Coil Grape Ice Einweg E-Zigarette zum Gro\u00dfhandelspreis bei vapingnet.de, \u25ba Gro\u00dfe Auswahl an Geschmacksrichtungen & super g\u00fcnstig!","robots":{"index":"index","follow":"follow","max-snippet":"max-snippet:-1","max-image-preview":"max-image-preview:large","max-video-preview":"max-video-preview:-1"},"canonical":"https:\/\/vapingnet.de\/pl\/vape\/bang-36000-puffs-mesh-coil-grape-ice-einweg-e-zigarette-zum-grosshandelspreis\/","og_locale":"pl_PL","og_type":"article","og_title":"Bang 36000 Puffs Mesh Coil Grape Ice Einweg E-Zigarette zum Gro\u00dfhandelspreis | Vapingnet.de","og_description":"Entdecke Bang 36000 Puffs Mesh Coil Grape Ice Einweg E-Zigarette zum Gro\u00dfhandelspreis bei vapingnet.de, \u25ba Gro\u00dfe Auswahl an Geschmacksrichtungen & super g\u00fcnstig!","og_url":"https:\/\/vapingnet.de\/pl\/vape\/bang-36000-puffs-mesh-coil-grape-ice-einweg-e-zigarette-zum-grosshandelspreis\/","og_site_name":"Vapingnet.de","article_publisher":"https:\/\/www.facebook.com\/vapingnetde\/","article_modified_time":"2025-06-19T03:41:19+00:00","og_image":[{"width":900,"height":600,"url":"https:\/\/vapingnet.de\/wp-content\/uploads\/2025\/03\/Grape-Ice.png","type":"image\/png"}],"twitter_card":"summary_large_image","twitter_misc":{"Est. reading time":"3 minutes"},"schema":{"@context":"https:\/\/schema.org","@graph":[{"@type":"WebPage","@id":"https:\/\/vapingnet.de\/vape\/bang-36000-puffs-mesh-coil-grape-ice-einweg-e-zigarette-zum-grosshandelspreis\/","url":"https:\/\/vapingnet.de\/vape\/bang-36000-puffs-mesh-coil-grape-ice-einweg-e-zigarette-zum-grosshandelspreis\/","name":"Bang 36000 Puffs Mesh Coil Grape Ice Einweg E-Zigarette zum Gro\u00dfhandelspreis | Vapingnet.de","isPartOf":{"@id":"https:\/\/vapingnet.de\/#website"},"primaryImageOfPage":{"@id":"https:\/\/vapingnet.de\/vape\/bang-36000-puffs-mesh-coil-grape-ice-einweg-e-zigarette-zum-grosshandelspreis\/#primaryimage"},"image":{"@id":"https:\/\/vapingnet.de\/vape\/bang-36000-puffs-mesh-coil-grape-ice-einweg-e-zigarette-zum-grosshandelspreis\/#primaryimage"},"thumbnailUrl":"https:\/\/vapingnet.de\/wp-content\/uploads\/2025\/03\/Grape-Ice.png","datePublished":"2025-03-14T05:38:14+00:00","dateModified":"2025-06-19T03:41:19+00:00","description":"Entdecke Bang 36000 Puffs Mesh Coil Grape Ice Einweg E-Zigarette zum Gro\u00dfhandelspreis bei vapingnet.de, \u25ba Gro\u00dfe Auswahl an Geschmacksrichtungen & super g\u00fcnstig!","breadcrumb":{"@id":"https:\/\/vapingnet.de\/vape\/bang-36000-puffs-mesh-coil-grape-ice-einweg-e-zigarette-zum-grosshandelspreis\/#breadcrumb"},"inLanguage":"pl-PL","potentialAction":[{"@type":"ReadAction","target":["https:\/\/vapingnet.de\/vape\/bang-36000-puffs-mesh-coil-grape-ice-einweg-e-zigarette-zum-grosshandelspreis\/"]}]},{"@type":"ImageObject","inLanguage":"pl-PL","@id":"https:\/\/vapingnet.de\/vape\/bang-36000-puffs-mesh-coil-grape-ice-einweg-e-zigarette-zum-grosshandelspreis\/#primaryimage","url":"https:\/\/vapingnet.de\/wp-content\/uploads\/2025\/03\/Grape-Ice.png","contentUrl":"https:\/\/vapingnet.de\/wp-content\/uploads\/2025\/03\/Grape-Ice.png","width":900,"height":600,"caption":"Grape Ice"},{"@type":"BreadcrumbList","@id":"https:\/\/vapingnet.de\/vape\/bang-36000-puffs-mesh-coil-grape-ice-einweg-e-zigarette-zum-grosshandelspreis\/#breadcrumb","itemListElement":[{"@type":"ListItem","position":1,"name":"Home","item":"https:\/\/vapingnet.de\/"},{"@type":"ListItem","position":2,"name":"Shop","item":"https:\/\/vapingnet.de\/vape\/"},{"@type":"ListItem","position":3,"name":"Bang 36000 Puffs Mesh Coil Grape Ice Einweg E-Zigarette zum Gro\u00dfhandelspreis"}]},{"@type":"WebSite","@id":"https:\/\/vapingnet.de\/#website","url":"https:\/\/vapingnet.de\/","name":"Vapingnet.de","description":"","publisher":{"@id":"https:\/\/vapingnet.de\/#organization"},"potentialAction":[{"@type":"SearchAction","target":{"@type":"EntryPoint","urlTemplate":"https:\/\/vapingnet.de\/?s={search_term_string}"},"query-input":{"@type":"PropertyValueSpecification","valueRequired":true,"valueName":"search_term_string"}}],"inLanguage":"pl-PL"},{"@type":"Organization","@id":"https:\/\/vapingnet.de\/#organization","name":"Vapingnet.de","url":"https:\/\/vapingnet.de\/","logo":{"@type":"ImageObject","inLanguage":"pl-PL","@id":"https:\/\/vapingnet.de\/#\/schema\/logo\/image\/","url":"https:\/\/vapingnet.de\/wp-content\/uploads\/2025\/03\/cropped-vapingnet.de_.jpg","contentUrl":"https:\/\/vapingnet.de\/wp-content\/uploads\/2025\/03\/cropped-vapingnet.de_.jpg","width":512,"height":512,"caption":"Vapingnet.de"},"image":{"@id":"https:\/\/vapingnet.de\/#\/schema\/logo\/image\/"},"sameAs":["https:\/\/www.facebook.com\/vapingnetde\/"]}]}},"tiered_pricing_type":"fixed","tiered_pricing_fixed_rules":{"8":"10.44","60":"9.40","110":"8.35","200":"7.31"},"tiered_pricing_product_settings":{"layout":"default","base_unit_name":{"singular":null,"plural":null},"default_variation":null},"tiered_pricing_minimum_quantity":null,"tiered_pricing_roles_data":[],"tiered_pricing_percentage_rules":[],"_links":{"self":[{"href":"https:\/\/vapingnet.de\/pl\/wp-json\/wp\/v2\/product\/5300","targetHints":{"allow":["GET"]}}],"collection":[{"href":"https:\/\/vapingnet.de\/pl\/wp-json\/wp\/v2\/product"}],"about":[{"href":"https:\/\/vapingnet.de\/pl\/wp-json\/wp\/v2\/types\/product"}],"version-history":[{"count":1,"href":"https:\/\/vapingnet.de\/pl\/wp-json\/wp\/v2\/product\/5300\/revisions"}],"predecessor-version":[{"id":5302,"href":"https:\/\/vapingnet.de\/pl\/wp-json\/wp\/v2\/product\/5300\/revisions\/5302"}],"wp:featuredmedia":[{"embeddable":true,"href":"https:\/\/vapingnet.de\/pl\/wp-json\/wp\/v2\/media\/5301"}],"wp:attachment":[{"href":"https:\/\/vapingnet.de\/pl\/wp-json\/wp\/v2\/media?parent=5300"}],"wp:term":[{"taxonomy":"brand","embeddable":true,"href":"https:\/\/vapingnet.de\/pl\/wp-json\/wp\/v2\/etheme_brands?post=5300"},{"taxonomy":"product_brand","embeddable":true,"href":"https:\/\/vapingnet.de\/pl\/wp-json\/wp\/v2\/product_brand?post=5300"},{"taxonomy":"product_cat","embeddable":true,"href":"https:\/\/vapingnet.de\/pl\/wp-json\/wp\/v2\/product_cat?post=5300"},{"taxonomy":"product_tag","embeddable":true,"href":"https:\/\/vapingnet.de\/pl\/wp-json\/wp\/v2\/product_tag?post=5300"}],"curies":[{"name":"wp","href":"https:\/\/api.w.org\/{rel}","templated":true}]}}