{"id":5303,"date":"2025-03-14T05:43:08","date_gmt":"2025-03-14T05:43:08","guid":{"rendered":"https:\/\/vapingnet.de\/?post_type=product&#038;p=5303"},"modified":"2025-06-19T03:41:19","modified_gmt":"2025-06-19T03:41:19","slug":"einweg-e-zigarette-bang-36000-puffs-mesh-coil-double-apples-top-qualitaet-direktverkauf-ab-werk","status":"publish","type":"product","link":"https:\/\/vapingnet.de\/pl\/vape\/einweg-e-zigarette-bang-36000-puffs-mesh-coil-double-apples-top-qualitaet-direktverkauf-ab-werk\/","title":{"rendered":"Jednorazowy e-papieros Bang 36000 Puffs Mesh Coil Double Apples najwy\u017csza jako\u015b\u0107, bezpo\u015brednia sprzeda\u017c z fabryki"},"content":{"rendered":"<h2 data-start=\"0\" data-end=\"71\">Bang King 36000 Puffs \u2013 Maksymalna moc, podw\u00f3jna ekstaza jab\u0142kowa!<\/h2>\n<p data-start=\"73\" data-end=\"452\">Szukasz do\u015bwiadczenia z e-papierosem, kt\u00f3re nie tylko trwa niesamowicie d\u0142ugo, ale tak\u017ce zachwyca intensywnymi aromatami? W takim razie Bang King 36000 Puffs Mesh Coil jest dok\u0142adnie dla Ciebie! Dzi\u0119ki najnowocze\u015bniejszej technologii parownika, wydajnej baterii i ogromnemu zbiornikowi na liquid, to urz\u0105dzenie oferuje wszystko, czego potrzebujesz, aby cieszy\u0107 si\u0119 idealnym vapingiem.<\/p>\n<h4 data-start=\"459\" data-end=\"509\">\u2728 Najwa\u017cniejsze funkcje dla ostatecznego vapingu<\/h4>\n<p data-start=\"511\" data-end=\"738\">\ud83d\udd25 Ekstremalnie d\u0142uga \u017cywotno\u015b\u0107 \u2013 dzi\u0119ki 40 ml nape\u0142nionego liquidu i 650mAh baterii z mo\u017cliwo\u015bci\u0105 \u0142adowania, mo\u017cesz korzysta\u0107 do<a href=\"https:\/\/vapingnet.de\/pl\/k\/vape-36000-zuege\/\" target=\"_blank\" rel=\"noopener\"><strong> 36 000 zaci\u0105gni\u0119\u0107 <\/strong><\/a>bez konieczno\u015bci uzupe\u0142niania czy martwienia si\u0119 o czas pracy baterii.<\/p>\n<p data-start=\"740\" data-end=\"954\">\ud83d\udca8 DTL \u2013 bezpo\u015bredni wdech do p\u0142uc dla maksymalnych chmur \u2013 0,6\u03a9 Sub-Ohm Mesh Coil zapewnia r\u00f3wnomierne podgrzewanie, intensywniejszy smak i g\u0119ste chmury pary dla niezr\u00f3wnanego do\u015bwiadczenia vapingu.<\/p>\n<p data-start=\"956\" data-end=\"1093\">\ud83d\udd0b Szybkie \u0142adowanie przez port Type-C \u2013 Efektywne i szybkie \u0142adowanie, aby\u015b m\u00f3g\u0142 kontynuowa\u0107 vaping bez d\u0142ugiego oczekiwania.<\/p>\n<p data-start=\"1095\" data-end=\"1249\">\ud83d\udca1 Stylowe pod\u015bwietlenie LED dla efektu wow \u2013 przy ka\u017cdym wdechu urz\u0105dzenie \u015bwieci efektami kolorystycznymi, zapewniaj\u0105c futurystyczne odczucie.<\/p>\n<p data-start=\"1251\" data-end=\"1386\">\ud83d\udee1 Indywidualna moc nikotyny \u2013 wybierz spo\u015br\u00f3d 0%, 2%, 3% lub 5% nikotyny, idealnie dopasowanej do Twoich preferencji.<\/p>\n<p data-start=\"1388\" data-end=\"1483\">\ud83d\uded2 Zam\u00f3w bezc\u0142owo \u2013 Brak ukrytych koszt\u00f3w \u2013 Po prostu zam\u00f3w, zrelaksuj si\u0119 i ciesz si\u0119!<\/p>\n<h4 data-start=\"1490\" data-end=\"1567\">\ud83c\udf4f Rekomendacja smaku: Double Apples \u2013 Owocowa \u015bwie\u017co\u015b\u0107 z g\u0142\u0119bi\u0105<\/h4>\n<p data-start=\"1569\" data-end=\"1841\">Z Double Apples Bang King 36000 Puffs \u0142\u0105czy to, co najlepsze z dw\u00f3ch \u015bwiat\u00f3w: s\u0142odki, soczysty smak czerwonych jab\u0142ek i orze\u017awiaj\u0105ca kwasowo\u015b\u0107 zielonych jab\u0142ek. Efekt? Perfekcyjnie zbalansowany smak, kt\u00f3ry przy ka\u017cdym wdechu zapewnia prawdziw\u0105 uczt\u0119 dla podniebienia.<\/p>\n<p data-start=\"1843\" data-end=\"2024\">\ud83c\udf4e Czerwone jab\u0142ko \u2013 S\u0142odkie, soczyste, pe\u0142ne smaku<br data-start=\"1887\" data-end=\"1890\" \/>\ud83c\udf4f Zielone jab\u0142ko \u2013 Orze\u017awiaj\u0105ce, lekko kwa\u015bne, owocowe<br data-start=\"1951\" data-end=\"1954\" \/>\ud83d\udca8 Podw\u00f3jny smak jab\u0142ka dla unikalnej przyjemno\u015bci vapingu<\/p>\n<p data-start=\"2026\" data-end=\"2132\">Je\u015bli kochasz owocowe, naturalne i wielowarstwowe aromaty, Double Apples jest idealnym wyborem!<\/p>\n<h3 data-start=\"2139\" data-end=\"2179\">\ud83d\ude80 Dlaczego Bang King 36000 Puffs?<\/h3>\n<p data-start=\"2181\" data-end=\"2505\">\u2705 Ogromna pojemno\u015b\u0107 \u2013 do 36 000 wdech\u00f3w na miesi\u0105ce przyjemno\u015bci<br data-start=\"2249\" data-end=\"2252\" \/>\u2705 Design jednorazowy \u2013 brak konieczno\u015bci uzupe\u0142niania czy czekania<br data-start=\"2307\" data-end=\"2310\" \/>\u2705 Technologia Mesh-Coil \u2013 G\u0119sta para, intensywny smak<br data-start=\"2375\" data-end=\"2378\" \/>\u2705 R\u00f3\u017cnorodne smaki \u2013 co\u015b dla ka\u017cdego<br data-start=\"2440\" data-end=\"2443\" \/>\u2705 Maksymalna elastyczno\u015b\u0107 z r\u00f3\u017cnymi poziomami nikotyny<\/p>\n<p data-start=\"2507\" data-end=\"2588\">Prze\u017cyj teraz rewolucyjne do\u015bwiadczenie vapingu z Bang King 36000 puffs!<\/p>\n<p data-start=\"2590\" data-end=\"2650\" data-is-last-node=\"\" data-is-only-node=\"\">\ud83d\udd17 Zam\u00f3w teraz: <a href=\"https:\/\/vapingnet.de\/pl\/\" target=\"_new\" rel=\"noopener\" data-start=\"2612\" data-end=\"2648\">vapingnet.de<\/a><\/p>","protected":false},"excerpt":{"rendered":"<p>Bang King 36000 Puffs \u2013 Maksymalna moc, podw\u00f3jna ekstaza jab\u0142kowa! Szukasz do\u015bwiadczenia z e-papierosem, kt\u00f3re nie tylko trwa niesamowicie d\u0142ugo, ale tak\u017ce oferuje intensywne aromaty...<\/p>","protected":false},"featured_media":5304,"template":"","meta":[],"etheme_brands":[],"product_brand":[101],"product_cat":[57,49,61],"product_tag":[],"class_list":{"0":"post-5303","1":"product","2":"type-product","3":"status-publish","4":"has-post-thumbnail","6":"product_brand-bang-king-vape","7":"product_cat-vape-36000-zuege","8":"product_cat-einweg-e-zigarette","9":"product_cat-f","11":"first","12":"instock","13":"shipping-taxable","14":"purchasable","15":"product-type-simple"},"yoast_head":"<!-- This site is optimized with the Yoast SEO plugin v26.5 - https:\/\/yoast.com\/wordpress\/plugins\/seo\/ -->\n<title>Einweg E-Zigarette Bang 36000 Puffs Mesh Coil Double Apples Top-Qualit\u00e4t Direktverkauf ab Werk | Vapingnet.de<\/title>\n<meta name=\"description\" content=\"Entdecke Einweg E-Zigarette Bang 36000 Puffs Mesh Coil Double Apples Top-Qualit\u00e4t Direktverkauf ab Werk bei vapingnet.de, \u25ba Gro\u00dfe Auswahl an Geschmacksrichtungen &amp; super g\u00fcnstig!\" \/>\n<meta name=\"robots\" content=\"index, follow, max-snippet:-1, max-image-preview:large, max-video-preview:-1\" \/>\n<link rel=\"canonical\" href=\"https:\/\/vapingnet.de\/pl\/vape\/einweg-e-zigarette-bang-36000-puffs-mesh-coil-double-apples-top-qualitaet-direktverkauf-ab-werk\/\" \/>\n<meta property=\"og:locale\" content=\"pl_PL\" \/>\n<meta property=\"og:type\" content=\"article\" \/>\n<meta property=\"og:title\" content=\"Einweg E-Zigarette Bang 36000 Puffs Mesh Coil Double Apples Top-Qualit\u00e4t Direktverkauf ab Werk | Vapingnet.de\" \/>\n<meta property=\"og:description\" content=\"Entdecke Einweg E-Zigarette Bang 36000 Puffs Mesh Coil Double Apples Top-Qualit\u00e4t Direktverkauf ab Werk bei vapingnet.de, \u25ba Gro\u00dfe Auswahl an Geschmacksrichtungen &amp; super g\u00fcnstig!\" \/>\n<meta property=\"og:url\" content=\"https:\/\/vapingnet.de\/pl\/vape\/einweg-e-zigarette-bang-36000-puffs-mesh-coil-double-apples-top-qualitaet-direktverkauf-ab-werk\/\" \/>\n<meta property=\"og:site_name\" content=\"Vapingnet.de\" \/>\n<meta property=\"article:publisher\" content=\"https:\/\/www.facebook.com\/vapingnetde\/\" \/>\n<meta property=\"article:modified_time\" content=\"2025-06-19T03:41:19+00:00\" \/>\n<meta property=\"og:image\" content=\"https:\/\/vapingnet.de\/wp-content\/uploads\/2025\/03\/Double-Apples.png\" \/>\n\t<meta property=\"og:image:width\" content=\"900\" \/>\n\t<meta property=\"og:image:height\" content=\"600\" \/>\n\t<meta property=\"og:image:type\" content=\"image\/png\" \/>\n<meta name=\"twitter:card\" content=\"summary_large_image\" \/>\n<meta name=\"twitter:label1\" content=\"Est. reading time\" \/>\n\t<meta name=\"twitter:data1\" content=\"3 minutes\" \/>\n<script type=\"application\/ld+json\" class=\"yoast-schema-graph\">{\"@context\":\"https:\/\/schema.org\",\"@graph\":[{\"@type\":\"WebPage\",\"@id\":\"https:\/\/vapingnet.de\/vape\/einweg-e-zigarette-bang-36000-puffs-mesh-coil-double-apples-top-qualitaet-direktverkauf-ab-werk\/\",\"url\":\"https:\/\/vapingnet.de\/vape\/einweg-e-zigarette-bang-36000-puffs-mesh-coil-double-apples-top-qualitaet-direktverkauf-ab-werk\/\",\"name\":\"Einweg E-Zigarette Bang 36000 Puffs Mesh Coil Double Apples Top-Qualit\u00e4t Direktverkauf ab Werk | Vapingnet.de\",\"isPartOf\":{\"@id\":\"https:\/\/vapingnet.de\/#website\"},\"primaryImageOfPage\":{\"@id\":\"https:\/\/vapingnet.de\/vape\/einweg-e-zigarette-bang-36000-puffs-mesh-coil-double-apples-top-qualitaet-direktverkauf-ab-werk\/#primaryimage\"},\"image\":{\"@id\":\"https:\/\/vapingnet.de\/vape\/einweg-e-zigarette-bang-36000-puffs-mesh-coil-double-apples-top-qualitaet-direktverkauf-ab-werk\/#primaryimage\"},\"thumbnailUrl\":\"https:\/\/vapingnet.de\/wp-content\/uploads\/2025\/03\/Double-Apples.png\",\"datePublished\":\"2025-03-14T05:43:08+00:00\",\"dateModified\":\"2025-06-19T03:41:19+00:00\",\"description\":\"Entdecke Einweg E-Zigarette Bang 36000 Puffs Mesh Coil Double Apples Top-Qualit\u00e4t Direktverkauf ab Werk bei vapingnet.de, \u25ba Gro\u00dfe Auswahl an Geschmacksrichtungen & super g\u00fcnstig!\",\"breadcrumb\":{\"@id\":\"https:\/\/vapingnet.de\/vape\/einweg-e-zigarette-bang-36000-puffs-mesh-coil-double-apples-top-qualitaet-direktverkauf-ab-werk\/#breadcrumb\"},\"inLanguage\":\"pl-PL\",\"potentialAction\":[{\"@type\":\"ReadAction\",\"target\":[\"https:\/\/vapingnet.de\/vape\/einweg-e-zigarette-bang-36000-puffs-mesh-coil-double-apples-top-qualitaet-direktverkauf-ab-werk\/\"]}]},{\"@type\":\"ImageObject\",\"inLanguage\":\"pl-PL\",\"@id\":\"https:\/\/vapingnet.de\/vape\/einweg-e-zigarette-bang-36000-puffs-mesh-coil-double-apples-top-qualitaet-direktverkauf-ab-werk\/#primaryimage\",\"url\":\"https:\/\/vapingnet.de\/wp-content\/uploads\/2025\/03\/Double-Apples.png\",\"contentUrl\":\"https:\/\/vapingnet.de\/wp-content\/uploads\/2025\/03\/Double-Apples.png\",\"width\":900,\"height\":600,\"caption\":\"Double Apples\"},{\"@type\":\"BreadcrumbList\",\"@id\":\"https:\/\/vapingnet.de\/vape\/einweg-e-zigarette-bang-36000-puffs-mesh-coil-double-apples-top-qualitaet-direktverkauf-ab-werk\/#breadcrumb\",\"itemListElement\":[{\"@type\":\"ListItem\",\"position\":1,\"name\":\"Home\",\"item\":\"https:\/\/vapingnet.de\/\"},{\"@type\":\"ListItem\",\"position\":2,\"name\":\"Shop\",\"item\":\"https:\/\/vapingnet.de\/vape\/\"},{\"@type\":\"ListItem\",\"position\":3,\"name\":\"Einweg E-Zigarette Bang 36000 Puffs Mesh Coil Double Apples Top-Qualit\u00e4t Direktverkauf ab Werk\"}]},{\"@type\":\"WebSite\",\"@id\":\"https:\/\/vapingnet.de\/#website\",\"url\":\"https:\/\/vapingnet.de\/\",\"name\":\"Vapingnet.de\",\"description\":\"\",\"publisher\":{\"@id\":\"https:\/\/vapingnet.de\/#organization\"},\"potentialAction\":[{\"@type\":\"SearchAction\",\"target\":{\"@type\":\"EntryPoint\",\"urlTemplate\":\"https:\/\/vapingnet.de\/?s={search_term_string}\"},\"query-input\":{\"@type\":\"PropertyValueSpecification\",\"valueRequired\":true,\"valueName\":\"search_term_string\"}}],\"inLanguage\":\"pl-PL\"},{\"@type\":\"Organization\",\"@id\":\"https:\/\/vapingnet.de\/#organization\",\"name\":\"Vapingnet.de\",\"url\":\"https:\/\/vapingnet.de\/\",\"logo\":{\"@type\":\"ImageObject\",\"inLanguage\":\"pl-PL\",\"@id\":\"https:\/\/vapingnet.de\/#\/schema\/logo\/image\/\",\"url\":\"https:\/\/vapingnet.de\/wp-content\/uploads\/2025\/03\/cropped-vapingnet.de_.jpg\",\"contentUrl\":\"https:\/\/vapingnet.de\/wp-content\/uploads\/2025\/03\/cropped-vapingnet.de_.jpg\",\"width\":512,\"height\":512,\"caption\":\"Vapingnet.de\"},\"image\":{\"@id\":\"https:\/\/vapingnet.de\/#\/schema\/logo\/image\/\"},\"sameAs\":[\"https:\/\/www.facebook.com\/vapingnetde\/\"]}]}<\/script>\n<!-- \/ Yoast SEO plugin. -->","yoast_head_json":{"title":"Einweg E-Zigarette Bang 36000 Puffs Mesh Coil Double Apples Top-Qualit\u00e4t Direktverkauf ab Werk | Vapingnet.de","description":"Entdecke Einweg E-Zigarette Bang 36000 Puffs Mesh Coil Double Apples Top-Qualit\u00e4t Direktverkauf ab Werk bei vapingnet.de, \u25ba Gro\u00dfe Auswahl an Geschmacksrichtungen & super g\u00fcnstig!","robots":{"index":"index","follow":"follow","max-snippet":"max-snippet:-1","max-image-preview":"max-image-preview:large","max-video-preview":"max-video-preview:-1"},"canonical":"https:\/\/vapingnet.de\/pl\/vape\/einweg-e-zigarette-bang-36000-puffs-mesh-coil-double-apples-top-qualitaet-direktverkauf-ab-werk\/","og_locale":"pl_PL","og_type":"article","og_title":"Einweg E-Zigarette Bang 36000 Puffs Mesh Coil Double Apples Top-Qualit\u00e4t Direktverkauf ab Werk | Vapingnet.de","og_description":"Entdecke Einweg E-Zigarette Bang 36000 Puffs Mesh Coil Double Apples Top-Qualit\u00e4t Direktverkauf ab Werk bei vapingnet.de, \u25ba Gro\u00dfe Auswahl an Geschmacksrichtungen & super g\u00fcnstig!","og_url":"https:\/\/vapingnet.de\/pl\/vape\/einweg-e-zigarette-bang-36000-puffs-mesh-coil-double-apples-top-qualitaet-direktverkauf-ab-werk\/","og_site_name":"Vapingnet.de","article_publisher":"https:\/\/www.facebook.com\/vapingnetde\/","article_modified_time":"2025-06-19T03:41:19+00:00","og_image":[{"width":900,"height":600,"url":"https:\/\/vapingnet.de\/wp-content\/uploads\/2025\/03\/Double-Apples.png","type":"image\/png"}],"twitter_card":"summary_large_image","twitter_misc":{"Est. reading time":"3 minutes"},"schema":{"@context":"https:\/\/schema.org","@graph":[{"@type":"WebPage","@id":"https:\/\/vapingnet.de\/vape\/einweg-e-zigarette-bang-36000-puffs-mesh-coil-double-apples-top-qualitaet-direktverkauf-ab-werk\/","url":"https:\/\/vapingnet.de\/vape\/einweg-e-zigarette-bang-36000-puffs-mesh-coil-double-apples-top-qualitaet-direktverkauf-ab-werk\/","name":"Einweg E-Zigarette Bang 36000 Puffs Mesh Coil Double Apples Top-Qualit\u00e4t Direktverkauf ab Werk | Vapingnet.de","isPartOf":{"@id":"https:\/\/vapingnet.de\/#website"},"primaryImageOfPage":{"@id":"https:\/\/vapingnet.de\/vape\/einweg-e-zigarette-bang-36000-puffs-mesh-coil-double-apples-top-qualitaet-direktverkauf-ab-werk\/#primaryimage"},"image":{"@id":"https:\/\/vapingnet.de\/vape\/einweg-e-zigarette-bang-36000-puffs-mesh-coil-double-apples-top-qualitaet-direktverkauf-ab-werk\/#primaryimage"},"thumbnailUrl":"https:\/\/vapingnet.de\/wp-content\/uploads\/2025\/03\/Double-Apples.png","datePublished":"2025-03-14T05:43:08+00:00","dateModified":"2025-06-19T03:41:19+00:00","description":"Entdecke Einweg E-Zigarette Bang 36000 Puffs Mesh Coil Double Apples Top-Qualit\u00e4t Direktverkauf ab Werk bei vapingnet.de, \u25ba Gro\u00dfe Auswahl an Geschmacksrichtungen & super g\u00fcnstig!","breadcrumb":{"@id":"https:\/\/vapingnet.de\/vape\/einweg-e-zigarette-bang-36000-puffs-mesh-coil-double-apples-top-qualitaet-direktverkauf-ab-werk\/#breadcrumb"},"inLanguage":"pl-PL","potentialAction":[{"@type":"ReadAction","target":["https:\/\/vapingnet.de\/vape\/einweg-e-zigarette-bang-36000-puffs-mesh-coil-double-apples-top-qualitaet-direktverkauf-ab-werk\/"]}]},{"@type":"ImageObject","inLanguage":"pl-PL","@id":"https:\/\/vapingnet.de\/vape\/einweg-e-zigarette-bang-36000-puffs-mesh-coil-double-apples-top-qualitaet-direktverkauf-ab-werk\/#primaryimage","url":"https:\/\/vapingnet.de\/wp-content\/uploads\/2025\/03\/Double-Apples.png","contentUrl":"https:\/\/vapingnet.de\/wp-content\/uploads\/2025\/03\/Double-Apples.png","width":900,"height":600,"caption":"Double Apples"},{"@type":"BreadcrumbList","@id":"https:\/\/vapingnet.de\/vape\/einweg-e-zigarette-bang-36000-puffs-mesh-coil-double-apples-top-qualitaet-direktverkauf-ab-werk\/#breadcrumb","itemListElement":[{"@type":"ListItem","position":1,"name":"Home","item":"https:\/\/vapingnet.de\/"},{"@type":"ListItem","position":2,"name":"Shop","item":"https:\/\/vapingnet.de\/vape\/"},{"@type":"ListItem","position":3,"name":"Einweg E-Zigarette Bang 36000 Puffs Mesh Coil Double Apples Top-Qualit\u00e4t Direktverkauf ab Werk"}]},{"@type":"WebSite","@id":"https:\/\/vapingnet.de\/#website","url":"https:\/\/vapingnet.de\/","name":"Vapingnet.de","description":"","publisher":{"@id":"https:\/\/vapingnet.de\/#organization"},"potentialAction":[{"@type":"SearchAction","target":{"@type":"EntryPoint","urlTemplate":"https:\/\/vapingnet.de\/?s={search_term_string}"},"query-input":{"@type":"PropertyValueSpecification","valueRequired":true,"valueName":"search_term_string"}}],"inLanguage":"pl-PL"},{"@type":"Organization","@id":"https:\/\/vapingnet.de\/#organization","name":"Vapingnet.de","url":"https:\/\/vapingnet.de\/","logo":{"@type":"ImageObject","inLanguage":"pl-PL","@id":"https:\/\/vapingnet.de\/#\/schema\/logo\/image\/","url":"https:\/\/vapingnet.de\/wp-content\/uploads\/2025\/03\/cropped-vapingnet.de_.jpg","contentUrl":"https:\/\/vapingnet.de\/wp-content\/uploads\/2025\/03\/cropped-vapingnet.de_.jpg","width":512,"height":512,"caption":"Vapingnet.de"},"image":{"@id":"https:\/\/vapingnet.de\/#\/schema\/logo\/image\/"},"sameAs":["https:\/\/www.facebook.com\/vapingnetde\/"]}]}},"tiered_pricing_type":"fixed","tiered_pricing_fixed_rules":{"8":"10.44","60":"9.40","110":"8.35","200":"7.31"},"tiered_pricing_product_settings":{"layout":"default","base_unit_name":{"singular":null,"plural":null},"default_variation":null},"tiered_pricing_minimum_quantity":null,"tiered_pricing_roles_data":[],"tiered_pricing_percentage_rules":[],"_links":{"self":[{"href":"https:\/\/vapingnet.de\/pl\/wp-json\/wp\/v2\/product\/5303","targetHints":{"allow":["GET"]}}],"collection":[{"href":"https:\/\/vapingnet.de\/pl\/wp-json\/wp\/v2\/product"}],"about":[{"href":"https:\/\/vapingnet.de\/pl\/wp-json\/wp\/v2\/types\/product"}],"version-history":[{"count":1,"href":"https:\/\/vapingnet.de\/pl\/wp-json\/wp\/v2\/product\/5303\/revisions"}],"predecessor-version":[{"id":5305,"href":"https:\/\/vapingnet.de\/pl\/wp-json\/wp\/v2\/product\/5303\/revisions\/5305"}],"wp:featuredmedia":[{"embeddable":true,"href":"https:\/\/vapingnet.de\/pl\/wp-json\/wp\/v2\/media\/5304"}],"wp:attachment":[{"href":"https:\/\/vapingnet.de\/pl\/wp-json\/wp\/v2\/media?parent=5303"}],"wp:term":[{"taxonomy":"brand","embeddable":true,"href":"https:\/\/vapingnet.de\/pl\/wp-json\/wp\/v2\/etheme_brands?post=5303"},{"taxonomy":"product_brand","embeddable":true,"href":"https:\/\/vapingnet.de\/pl\/wp-json\/wp\/v2\/product_brand?post=5303"},{"taxonomy":"product_cat","embeddable":true,"href":"https:\/\/vapingnet.de\/pl\/wp-json\/wp\/v2\/product_cat?post=5303"},{"taxonomy":"product_tag","embeddable":true,"href":"https:\/\/vapingnet.de\/pl\/wp-json\/wp\/v2\/product_tag?post=5303"}],"curies":[{"name":"wp","href":"https:\/\/api.w.org\/{rel}","templated":true}]}}