{"id":5307,"date":"2025-03-14T06:56:00","date_gmt":"2025-03-14T06:56:00","guid":{"rendered":"https:\/\/vapingnet.de\/?post_type=product&#038;p=5307"},"modified":"2025-06-19T03:41:18","modified_gmt":"2025-06-19T03:41:18","slug":"blueberry-raspberry-bang-36000-puffs-mesh-coil-e-zigarette-kaufen","status":"publish","type":"product","link":"https:\/\/vapingnet.de\/pl\/vape\/blueberry-raspberry-bang-36000-puffs-mesh-coil-e-zigarette-kaufen\/","title":{"rendered":"Blueberry Raspberry Bang 36000 Puffs Mesh Coil e-papieros, kup teraz"},"content":{"rendered":"<h2 data-start=\"0\" data-end=\"84\">Bang King 36000 Puffs Mesh Coil \u2013 D\u0142ugotrwa\u0142a przyjemno\u015b\u0107, ekstremalne doznania<\/h2>\n<p data-start=\"86\" data-end=\"465\">Je\u015bli szukasz e-papierosa, kt\u00f3ry \u0142\u0105czy imponuj\u0105c\u0105 d\u0142ug\u0105 \u017cywotno\u015b\u0107 z intensywnymi aromatami, to Bang King 36000 Puffs Mesh Coil jest w\u0142a\u015bnie dla Ciebie! Oferuje nie tylko wyj\u0105tkowy design i innowacyjn\u0105 technologi\u0119, ale tak\u017ce 36000 zaci\u0105gni\u0119\u0107 nieprzerwanego dymienia, kt\u00f3re spe\u0142ni\u0105 wszystkie Twoje potrzeby.<\/p>\n<h4 data-start=\"472\" data-end=\"497\">Najwa\u017cniejsze cechy produktu<\/h4>\n<h5>Ekstremalnie d\u0142uga \u017cywotno\u015b\u0107<\/h5>\n<p data-start=\"532\" data-end=\"735\">Z 40ml nape\u0142nionego liquidu i akumulatorem 650mAh, kt\u00f3ry mo\u017cna \u0142adowa\u0107 wielokrotnie, mo\u017cesz cieszy\u0107 si\u0119 36000 zaci\u0105gni\u0119\u0107. Nie musisz si\u0119 martwi\u0107 o uzupe\u0142nianie czy cz\u0119ste wymiany \u2013 przyjemno\u015b\u0107 trwa nadal!<\/p>\n<h5 data-start=\"737\" data-end=\"780\">Bezpo\u015brednie wapowanie do p\u0142uc (DTL)<\/h5>\n<p data-start=\"781\" data-end=\"1069\">0,6\u03a9 Sub-Ohm Mesh Coil zapewnia r\u00f3wnomierne podgrzewanie liquidu i tworzy g\u0119ste, aromatyczne chmury dymu. Ta technologia coil umo\u017cliwia unikalne doznania wapowania z intensywnymi aromatami i grubym dymem, idealne do bezpo\u015bredniego wapowania do p\u0142uc.<\/p>\n<h5 data-start=\"1071\" data-end=\"1106\">Szybkie \u0142adowanie przez port Type-C<\/h5>\n<p data-start=\"1107\" data-end=\"1279\">Port \u0142adowania Type-C zapewnia mo\u017cliwo\u015b\u0107 szybkiego na\u0142adowania urz\u0105dzenia w dowolnym miejscu i czasie. Dzi\u0119ki temu mo\u017cesz wr\u00f3ci\u0107 do wapowania w ka\u017cdej chwili i wsz\u0119dzie.<\/p>\n<h5 data-start=\"1281\" data-end=\"1315\">Stylowe efekty \u015bwietlne LED<\/h5>\n<p data-start=\"1316\" data-end=\"1472\">Przy ka\u017cdym zaci\u0105gni\u0119ciu pod\u015bwietlenia LED urz\u0105dzenia tworz\u0105 nowoczesn\u0105, futurystyczn\u0105 atmosfer\u0119 \u2013 prawdziwa ozdoba!<\/p>\n<h4 data-start=\"1479\" data-end=\"1549\">Zalecany smak: Blueberry Raspberry<\/h4>\n<p data-start=\"1551\" data-end=\"1808\">Dla mi\u0142o\u015bnik\u00f3w owocowych i intensywnych aromat\u00f3w, Blueberry Raspberry to idealny wyb\u00f3r. S\u0142odki smak bor\u00f3wki jest doskonale po\u0142\u0105czony z orze\u017awiaj\u0105c\u0105 kwasowo\u015bci\u0105 maliny, zapewniaj\u0105c wyj\u0105tkowe doznania smakowe.<\/p>\n<ul data-start=\"1810\" data-end=\"2062\">\n<li data-start=\"1810\" data-end=\"1879\">Bor\u00f3wka: S\u0142odka i pe\u0142na smaku z intensywnym aromatem owoc\u00f3w.<\/li>\n<li data-start=\"1880\" data-end=\"1939\">Malina: \u015awie\u017ca, lekko kwa\u015bna i bardzo orze\u017awiaj\u0105ca.<\/li>\n<li data-start=\"1940\" data-end=\"2062\">Perfekcyjna r\u00f3wnowaga: Po\u0142\u0105czenie tych dw\u00f3ch owoc\u00f3w tworzy wielowarstwowe, d\u0142ugotrwa\u0142e doznania smakowe.<\/li>\n<\/ul>\n<h3 data-start=\"2069\" data-end=\"2121\">Dlaczego wybra\u0107 Bang King 36000 Puffs Mesh Coil?<\/h3>\n<ul data-start=\"2123\" data-end=\"2719\">\n<li data-start=\"2123\" data-end=\"2203\">D\u0142uga \u017cywotno\u015b\u0107: 40ml nape\u0142nionego liquidu na nawet 36000 zaci\u0105gni\u0119\u0107.<\/li>\n<li data-start=\"2204\" data-end=\"2317\">Silny dym: 0,6\u03a9 Sub-Ohm Mesh Coil zapewnia g\u0119ste, mocne chmury dymu i intensywny smak.<\/li>\n<li data-start=\"2318\" data-end=\"2423\">Szybkie \u0142adowanie: Port Type-C umo\u017cliwia szybkie i wygodne \u0142adowanie.<\/li>\n<li data-start=\"2424\" data-end=\"2514\">Zam\u00f3w bez VAT: Brak dodatkowych formalno\u015bci lub ukrytych koszt\u00f3w przy zam\u00f3wieniu.<\/li>\n<li data-start=\"2515\" data-end=\"2605\">R\u00f3\u017cnorodne opcje smakowe: wybierz spo\u015br\u00f3d 12 r\u00f3\u017cnych smak\u00f3w.<\/li>\n<li data-start=\"2606\" data-end=\"2719\">Przyjazny dla u\u017cytkownika design: jednorazowe urz\u0105dzenie do vapingu, kt\u00f3re nie wymaga konserwacji i jest gotowe do u\u017cycia od razu.<\/li>\n<\/ul>\n<h4 data-start=\"2726\" data-end=\"2796\">Prze\u017cyj to teraz \u2013 zdob\u0105d\u017a swojego Bang King 36000 Puffs Mesh Coil!<\/h4>\n<p data-start=\"2798\" data-end=\"3052\">Niezale\u017cnie od tego, czy jeste\u015b pocz\u0105tkuj\u0105cy, czy do\u015bwiadczonym palaczem, Bang King 36000 Puffs Mesh Coil zachwyci Ci\u0119 niesamowitym smakiem i d\u0142ug\u0105 \u017cywotno\u015bci\u0105. Odwied\u017a nasz\u0105 stron\u0119 internetow\u0105 i wybierz idealny smak dla siebie!<\/p>\n<p data-start=\"3054\" data-end=\"3111\" data-is-last-node=\"\" data-is-only-node=\"\">\ud83d\udd17 Kup teraz: <a href=\"https:\/\/vapingnet.de\/pl\/\" target=\"_new\" rel=\"noopener\" data-start=\"3073\" data-end=\"3109\">vapingnet.de<\/a><\/p>","protected":false},"excerpt":{"rendered":"<p>Bang King 36000 Puffs Mesh Coil \u2013 D\u0142ugotrwa\u0142a przyjemno\u015b\u0107, ostateczne doznanie Je\u015bli szukasz e-papierosa, kt\u00f3ry \u0142\u0105czy imponuj\u0105c\u0105 d\u0142ug\u0105 \u017cywotno\u015b\u0107 z...<\/p>","protected":false},"featured_media":5308,"template":"","meta":[],"etheme_brands":[],"product_brand":[101],"product_cat":[57,49,61],"product_tag":[],"class_list":{"0":"post-5307","1":"product","2":"type-product","3":"status-publish","4":"has-post-thumbnail","6":"product_brand-bang-king-vape","7":"product_cat-vape-36000-zuege","8":"product_cat-einweg-e-zigarette","9":"product_cat-f","11":"first","12":"instock","13":"shipping-taxable","14":"purchasable","15":"product-type-simple"},"yoast_head":"<!-- This site is optimized with the Yoast SEO plugin v26.5 - https:\/\/yoast.com\/wordpress\/plugins\/seo\/ -->\n<title>Blueberry Raspberry Bang 36000 Puffs Mesh Coil E-Zigarette kaufen | Vapingnet.de<\/title>\n<meta name=\"description\" content=\"Wir verkaufen Blueberry Raspberry Bang 36000 Puffs Mesh Coil E-Zigarette kaufen , \u2713 Hohe Puffs-Zahl \u2713 Einfach zu verwenden \u2713 Vielseitige Aromen \u2713\u27a4 Jetzt kaufen!\" \/>\n<meta name=\"robots\" content=\"index, follow, max-snippet:-1, max-image-preview:large, max-video-preview:-1\" \/>\n<link rel=\"canonical\" href=\"https:\/\/vapingnet.de\/pl\/vape\/blueberry-raspberry-bang-36000-puffs-mesh-coil-e-zigarette-kaufen\/\" \/>\n<meta property=\"og:locale\" content=\"pl_PL\" \/>\n<meta property=\"og:type\" content=\"article\" \/>\n<meta property=\"og:title\" content=\"Blueberry Raspberry Bang 36000 Puffs Mesh Coil E-Zigarette kaufen | Vapingnet.de\" \/>\n<meta property=\"og:description\" content=\"Wir verkaufen Blueberry Raspberry Bang 36000 Puffs Mesh Coil E-Zigarette kaufen , \u2713 Hohe Puffs-Zahl \u2713 Einfach zu verwenden \u2713 Vielseitige Aromen \u2713\u27a4 Jetzt kaufen!\" \/>\n<meta property=\"og:url\" content=\"https:\/\/vapingnet.de\/pl\/vape\/blueberry-raspberry-bang-36000-puffs-mesh-coil-e-zigarette-kaufen\/\" \/>\n<meta property=\"og:site_name\" content=\"Vapingnet.de\" \/>\n<meta property=\"article:publisher\" content=\"https:\/\/www.facebook.com\/vapingnetde\/\" \/>\n<meta property=\"article:modified_time\" content=\"2025-06-19T03:41:18+00:00\" \/>\n<meta property=\"og:image\" content=\"https:\/\/vapingnet.de\/wp-content\/uploads\/2025\/03\/Blueberry-Raspberry-1.png\" \/>\n\t<meta property=\"og:image:width\" content=\"900\" \/>\n\t<meta property=\"og:image:height\" content=\"600\" \/>\n\t<meta property=\"og:image:type\" content=\"image\/png\" \/>\n<meta name=\"twitter:card\" content=\"summary_large_image\" \/>\n<meta name=\"twitter:label1\" content=\"Est. reading time\" \/>\n\t<meta name=\"twitter:data1\" content=\"3 minutes\" \/>\n<script type=\"application\/ld+json\" class=\"yoast-schema-graph\">{\"@context\":\"https:\/\/schema.org\",\"@graph\":[{\"@type\":\"WebPage\",\"@id\":\"https:\/\/vapingnet.de\/vape\/blueberry-raspberry-bang-36000-puffs-mesh-coil-e-zigarette-kaufen\/\",\"url\":\"https:\/\/vapingnet.de\/vape\/blueberry-raspberry-bang-36000-puffs-mesh-coil-e-zigarette-kaufen\/\",\"name\":\"Blueberry Raspberry Bang 36000 Puffs Mesh Coil E-Zigarette kaufen | Vapingnet.de\",\"isPartOf\":{\"@id\":\"https:\/\/vapingnet.de\/#website\"},\"primaryImageOfPage\":{\"@id\":\"https:\/\/vapingnet.de\/vape\/blueberry-raspberry-bang-36000-puffs-mesh-coil-e-zigarette-kaufen\/#primaryimage\"},\"image\":{\"@id\":\"https:\/\/vapingnet.de\/vape\/blueberry-raspberry-bang-36000-puffs-mesh-coil-e-zigarette-kaufen\/#primaryimage\"},\"thumbnailUrl\":\"https:\/\/vapingnet.de\/wp-content\/uploads\/2025\/03\/Blueberry-Raspberry-1.png\",\"datePublished\":\"2025-03-14T06:56:00+00:00\",\"dateModified\":\"2025-06-19T03:41:18+00:00\",\"description\":\"Wir verkaufen Blueberry Raspberry Bang 36000 Puffs Mesh Coil E-Zigarette kaufen , \u2713 Hohe Puffs-Zahl \u2713 Einfach zu verwenden \u2713 Vielseitige Aromen \u2713\u27a4 Jetzt kaufen!\",\"breadcrumb\":{\"@id\":\"https:\/\/vapingnet.de\/vape\/blueberry-raspberry-bang-36000-puffs-mesh-coil-e-zigarette-kaufen\/#breadcrumb\"},\"inLanguage\":\"pl-PL\",\"potentialAction\":[{\"@type\":\"ReadAction\",\"target\":[\"https:\/\/vapingnet.de\/vape\/blueberry-raspberry-bang-36000-puffs-mesh-coil-e-zigarette-kaufen\/\"]}]},{\"@type\":\"ImageObject\",\"inLanguage\":\"pl-PL\",\"@id\":\"https:\/\/vapingnet.de\/vape\/blueberry-raspberry-bang-36000-puffs-mesh-coil-e-zigarette-kaufen\/#primaryimage\",\"url\":\"https:\/\/vapingnet.de\/wp-content\/uploads\/2025\/03\/Blueberry-Raspberry-1.png\",\"contentUrl\":\"https:\/\/vapingnet.de\/wp-content\/uploads\/2025\/03\/Blueberry-Raspberry-1.png\",\"width\":900,\"height\":600,\"caption\":\"Blueberry Raspberry\"},{\"@type\":\"BreadcrumbList\",\"@id\":\"https:\/\/vapingnet.de\/vape\/blueberry-raspberry-bang-36000-puffs-mesh-coil-e-zigarette-kaufen\/#breadcrumb\",\"itemListElement\":[{\"@type\":\"ListItem\",\"position\":1,\"name\":\"Home\",\"item\":\"https:\/\/vapingnet.de\/\"},{\"@type\":\"ListItem\",\"position\":2,\"name\":\"Shop\",\"item\":\"https:\/\/vapingnet.de\/vape\/\"},{\"@type\":\"ListItem\",\"position\":3,\"name\":\"Blueberry Raspberry Bang 36000 Puffs Mesh Coil E-Zigarette kaufen\"}]},{\"@type\":\"WebSite\",\"@id\":\"https:\/\/vapingnet.de\/#website\",\"url\":\"https:\/\/vapingnet.de\/\",\"name\":\"Vapingnet.de\",\"description\":\"\",\"publisher\":{\"@id\":\"https:\/\/vapingnet.de\/#organization\"},\"potentialAction\":[{\"@type\":\"SearchAction\",\"target\":{\"@type\":\"EntryPoint\",\"urlTemplate\":\"https:\/\/vapingnet.de\/?s={search_term_string}\"},\"query-input\":{\"@type\":\"PropertyValueSpecification\",\"valueRequired\":true,\"valueName\":\"search_term_string\"}}],\"inLanguage\":\"pl-PL\"},{\"@type\":\"Organization\",\"@id\":\"https:\/\/vapingnet.de\/#organization\",\"name\":\"Vapingnet.de\",\"url\":\"https:\/\/vapingnet.de\/\",\"logo\":{\"@type\":\"ImageObject\",\"inLanguage\":\"pl-PL\",\"@id\":\"https:\/\/vapingnet.de\/#\/schema\/logo\/image\/\",\"url\":\"https:\/\/vapingnet.de\/wp-content\/uploads\/2025\/03\/cropped-vapingnet.de_.jpg\",\"contentUrl\":\"https:\/\/vapingnet.de\/wp-content\/uploads\/2025\/03\/cropped-vapingnet.de_.jpg\",\"width\":512,\"height\":512,\"caption\":\"Vapingnet.de\"},\"image\":{\"@id\":\"https:\/\/vapingnet.de\/#\/schema\/logo\/image\/\"},\"sameAs\":[\"https:\/\/www.facebook.com\/vapingnetde\/\"]}]}<\/script>\n<!-- \/ Yoast SEO plugin. -->","yoast_head_json":{"title":"Blueberry Raspberry Bang 36000 Puffs Mesh Coil E-Zigarette kaufen | Vapingnet.de","description":"Wir verkaufen Blueberry Raspberry Bang 36000 Puffs Mesh Coil E-Zigarette kaufen , \u2713 Hohe Puffs-Zahl \u2713 Einfach zu verwenden \u2713 Vielseitige Aromen \u2713\u27a4 Jetzt kaufen!","robots":{"index":"index","follow":"follow","max-snippet":"max-snippet:-1","max-image-preview":"max-image-preview:large","max-video-preview":"max-video-preview:-1"},"canonical":"https:\/\/vapingnet.de\/pl\/vape\/blueberry-raspberry-bang-36000-puffs-mesh-coil-e-zigarette-kaufen\/","og_locale":"pl_PL","og_type":"article","og_title":"Blueberry Raspberry Bang 36000 Puffs Mesh Coil E-Zigarette kaufen | Vapingnet.de","og_description":"Wir verkaufen Blueberry Raspberry Bang 36000 Puffs Mesh Coil E-Zigarette kaufen , \u2713 Hohe Puffs-Zahl \u2713 Einfach zu verwenden \u2713 Vielseitige Aromen \u2713\u27a4 Jetzt kaufen!","og_url":"https:\/\/vapingnet.de\/pl\/vape\/blueberry-raspberry-bang-36000-puffs-mesh-coil-e-zigarette-kaufen\/","og_site_name":"Vapingnet.de","article_publisher":"https:\/\/www.facebook.com\/vapingnetde\/","article_modified_time":"2025-06-19T03:41:18+00:00","og_image":[{"width":900,"height":600,"url":"https:\/\/vapingnet.de\/wp-content\/uploads\/2025\/03\/Blueberry-Raspberry-1.png","type":"image\/png"}],"twitter_card":"summary_large_image","twitter_misc":{"Est. reading time":"3 minutes"},"schema":{"@context":"https:\/\/schema.org","@graph":[{"@type":"WebPage","@id":"https:\/\/vapingnet.de\/vape\/blueberry-raspberry-bang-36000-puffs-mesh-coil-e-zigarette-kaufen\/","url":"https:\/\/vapingnet.de\/vape\/blueberry-raspberry-bang-36000-puffs-mesh-coil-e-zigarette-kaufen\/","name":"Blueberry Raspberry Bang 36000 Puffs Mesh Coil E-Zigarette kaufen | Vapingnet.de","isPartOf":{"@id":"https:\/\/vapingnet.de\/#website"},"primaryImageOfPage":{"@id":"https:\/\/vapingnet.de\/vape\/blueberry-raspberry-bang-36000-puffs-mesh-coil-e-zigarette-kaufen\/#primaryimage"},"image":{"@id":"https:\/\/vapingnet.de\/vape\/blueberry-raspberry-bang-36000-puffs-mesh-coil-e-zigarette-kaufen\/#primaryimage"},"thumbnailUrl":"https:\/\/vapingnet.de\/wp-content\/uploads\/2025\/03\/Blueberry-Raspberry-1.png","datePublished":"2025-03-14T06:56:00+00:00","dateModified":"2025-06-19T03:41:18+00:00","description":"Wir verkaufen Blueberry Raspberry Bang 36000 Puffs Mesh Coil E-Zigarette kaufen , \u2713 Hohe Puffs-Zahl \u2713 Einfach zu verwenden \u2713 Vielseitige Aromen \u2713\u27a4 Jetzt kaufen!","breadcrumb":{"@id":"https:\/\/vapingnet.de\/vape\/blueberry-raspberry-bang-36000-puffs-mesh-coil-e-zigarette-kaufen\/#breadcrumb"},"inLanguage":"pl-PL","potentialAction":[{"@type":"ReadAction","target":["https:\/\/vapingnet.de\/vape\/blueberry-raspberry-bang-36000-puffs-mesh-coil-e-zigarette-kaufen\/"]}]},{"@type":"ImageObject","inLanguage":"pl-PL","@id":"https:\/\/vapingnet.de\/vape\/blueberry-raspberry-bang-36000-puffs-mesh-coil-e-zigarette-kaufen\/#primaryimage","url":"https:\/\/vapingnet.de\/wp-content\/uploads\/2025\/03\/Blueberry-Raspberry-1.png","contentUrl":"https:\/\/vapingnet.de\/wp-content\/uploads\/2025\/03\/Blueberry-Raspberry-1.png","width":900,"height":600,"caption":"Blueberry Raspberry"},{"@type":"BreadcrumbList","@id":"https:\/\/vapingnet.de\/vape\/blueberry-raspberry-bang-36000-puffs-mesh-coil-e-zigarette-kaufen\/#breadcrumb","itemListElement":[{"@type":"ListItem","position":1,"name":"Home","item":"https:\/\/vapingnet.de\/"},{"@type":"ListItem","position":2,"name":"Shop","item":"https:\/\/vapingnet.de\/vape\/"},{"@type":"ListItem","position":3,"name":"Blueberry Raspberry Bang 36000 Puffs Mesh Coil E-Zigarette kaufen"}]},{"@type":"WebSite","@id":"https:\/\/vapingnet.de\/#website","url":"https:\/\/vapingnet.de\/","name":"Vapingnet.de","description":"","publisher":{"@id":"https:\/\/vapingnet.de\/#organization"},"potentialAction":[{"@type":"SearchAction","target":{"@type":"EntryPoint","urlTemplate":"https:\/\/vapingnet.de\/?s={search_term_string}"},"query-input":{"@type":"PropertyValueSpecification","valueRequired":true,"valueName":"search_term_string"}}],"inLanguage":"pl-PL"},{"@type":"Organization","@id":"https:\/\/vapingnet.de\/#organization","name":"Vapingnet.de","url":"https:\/\/vapingnet.de\/","logo":{"@type":"ImageObject","inLanguage":"pl-PL","@id":"https:\/\/vapingnet.de\/#\/schema\/logo\/image\/","url":"https:\/\/vapingnet.de\/wp-content\/uploads\/2025\/03\/cropped-vapingnet.de_.jpg","contentUrl":"https:\/\/vapingnet.de\/wp-content\/uploads\/2025\/03\/cropped-vapingnet.de_.jpg","width":512,"height":512,"caption":"Vapingnet.de"},"image":{"@id":"https:\/\/vapingnet.de\/#\/schema\/logo\/image\/"},"sameAs":["https:\/\/www.facebook.com\/vapingnetde\/"]}]}},"tiered_pricing_type":"fixed","tiered_pricing_fixed_rules":{"8":"10.44","60":"9.40","110":"8.35","200":"7.31"},"tiered_pricing_product_settings":{"layout":"default","base_unit_name":{"singular":null,"plural":null},"default_variation":null},"tiered_pricing_minimum_quantity":null,"tiered_pricing_roles_data":[],"tiered_pricing_percentage_rules":[],"_links":{"self":[{"href":"https:\/\/vapingnet.de\/pl\/wp-json\/wp\/v2\/product\/5307","targetHints":{"allow":["GET"]}}],"collection":[{"href":"https:\/\/vapingnet.de\/pl\/wp-json\/wp\/v2\/product"}],"about":[{"href":"https:\/\/vapingnet.de\/pl\/wp-json\/wp\/v2\/types\/product"}],"version-history":[{"count":1,"href":"https:\/\/vapingnet.de\/pl\/wp-json\/wp\/v2\/product\/5307\/revisions"}],"predecessor-version":[{"id":5309,"href":"https:\/\/vapingnet.de\/pl\/wp-json\/wp\/v2\/product\/5307\/revisions\/5309"}],"wp:featuredmedia":[{"embeddable":true,"href":"https:\/\/vapingnet.de\/pl\/wp-json\/wp\/v2\/media\/5308"}],"wp:attachment":[{"href":"https:\/\/vapingnet.de\/pl\/wp-json\/wp\/v2\/media?parent=5307"}],"wp:term":[{"taxonomy":"brand","embeddable":true,"href":"https:\/\/vapingnet.de\/pl\/wp-json\/wp\/v2\/etheme_brands?post=5307"},{"taxonomy":"product_brand","embeddable":true,"href":"https:\/\/vapingnet.de\/pl\/wp-json\/wp\/v2\/product_brand?post=5307"},{"taxonomy":"product_cat","embeddable":true,"href":"https:\/\/vapingnet.de\/pl\/wp-json\/wp\/v2\/product_cat?post=5307"},{"taxonomy":"product_tag","embeddable":true,"href":"https:\/\/vapingnet.de\/pl\/wp-json\/wp\/v2\/product_tag?post=5307"}],"curies":[{"name":"wp","href":"https:\/\/api.w.org\/{rel}","templated":true}]}}