{"id":5310,"date":"2025-03-14T07:11:29","date_gmt":"2025-03-14T07:11:29","guid":{"rendered":"https:\/\/vapingnet.de\/?post_type=product&#038;p=5310"},"modified":"2025-06-19T03:41:18","modified_gmt":"2025-06-19T03:41:18","slug":"blueberry-ice-bang-36000-puffs-mesh-coil-einweg-e-zigarette-fuer-puren-genuss","status":"publish","type":"product","link":"https:\/\/vapingnet.de\/pl\/vape\/blueberry-ice-bang-36000-puffs-mesh-coil-einweg-e-zigarette-fuer-puren-genuss\/","title":{"rendered":"Blueberry Ice Bang 36000 Puffs Mesh Coil Jednorazowy e-papieros dla czystej przyjemno\u015bci"},"content":{"rendered":"<h2 data-start=\"0\" data-end=\"112\">Bang King 36000 Puffs Mesh Coil \u2013 Trwa\u0142y, intensywny, stylowy \u2013 Do\u015bwiadcz niezwyk\u0142ego do\u015bwiadczenia vapowania<\/h2>\n<p data-start=\"114\" data-end=\"474\">Czy szukasz e-papierosa, kt\u00f3ry nie tylko oferuje d\u0142ugi czas pracy na baterii, ale tak\u017ce wyj\u0105tkowy smak? Bang King 36000 Puffs Mesh Coil spe\u0142ni wszystkie Twoje oczekiwania! Niezale\u017cnie od tego, czy zale\u017cy Ci na d\u0142ugotrwa\u0142ym u\u017cytkowaniu, czy intensywnym smaku, to urz\u0105dzenie zapewni Ci najlepsze do\u015bwiadczenie vapowania.<\/p>\n<ul>\n<li data-start=\"481\" data-end=\"544\">Silny czas pracy na baterii, niezwyk\u0142e doznania u\u017cytkowania<br \/>\nBang King 36000 Puffs Mesh Coil jest wyposa\u017cony w 40 ml nape\u0142nionego liquidu i 650 mAh wielokrotnie \u0142adowaln\u0105 bateri\u0119, kt\u00f3ra wytrzymuje do <a href=\"https:\/\/vapingnet.de\/pl\/k\/vape-36000-zuege\/\" target=\"_blank\" rel=\"noopener\"><strong>36 000 zaci\u0105gni\u0119\u0107<\/strong><\/a> oferuje. Niezale\u017cnie od tego, czy jeste\u015b w podr\u00f3\u017cy, czy relaksujesz si\u0119 w domu, mo\u017cesz korzysta\u0107 z pe\u0142nej baterii i liquidu, nie martwi\u0105c si\u0119 o ci\u0105g\u0142e uzupe\u0142nianie lub wymian\u0119.<\/li>\n<li data-start=\"876\" data-end=\"924\">Bezpo\u015brednio do p\u0142uc (DTL), g\u0119ste chmury<br \/>\nDzi\u0119ki sub-ohmowej mesh coil o oporno\u015bci 0,6\u03a9, ten e-papieros zapewnia do\u015bwiadczenie bezpo\u015bredniego wdychania do p\u0142uc (DTL) i dostarcza jeszcze intensywniejsze, pe\u0142niejsze aromaty pary. Ka\u017cdy zaci\u0105g jest pe\u0142en bogatego smaku i doskona\u0142ego aromatu \u2013 to naprawd\u0119 immersyjne do\u015bwiadczenie.<\/li>\n<li data-start=\"1185\" data-end=\"1229\">Szybkie \u0142adowanie z portem Type-C<br \/>\nDzi\u0119ki portowi \u0142adowania Type-C, Bang King 36000 Puffs Mesh Coil zapewnia b\u0142yskawiczne \u0142adowanie. Niewiele czekania, wi\u0119c mo\u017cesz szybko zn\u00f3w vapowa\u0107 gdziekolwiek jeste\u015b, bez d\u0142ugiego oczekiwania na na\u0142adowanie.<\/li>\n<li data-start=\"1466\" data-end=\"1490\">Fajne pod\u015bwietlenie LED<br \/>\nPrzy ka\u017cdym zaci\u0105gni\u0119ciu pod\u015bwietla si\u0119 dioda LED na e-papierosie, co tworzy efekt wizualny podnosz\u0105cy ca\u0142y efekt vapowania. Nadaje urz\u0105dzeniu nie tylko fajny wygl\u0105d, ale tak\u017ce dodaje tego czego\u015b, co wyr\u00f3\u017cni Ci\u0119 na ulicy!<\/li>\n<\/ul>\n<h4 data-start=\"1779\" data-end=\"1839\">Polecany smak: Blueberry Ice<\/h4>\n<p data-start=\"1841\" data-end=\"2093\">Smak Blueberry Ice \u0142\u0105czy orze\u017awienie z owocow\u0105 s\u0142odycz\u0105. S\u0142odycz bor\u00f3wek po\u0142\u0105czona z ch\u0142odz\u0105c\u0105 \u015bwie\u017co\u015bci\u0105 mi\u0119ty zapewnia orze\u017awiaj\u0105ce, niepowtarzalne do\u015bwiadczenie vapowania, kt\u00f3re gasi pragnienie i zostaje w pami\u0119ci.<\/p>\n<ul data-start=\"2095\" data-end=\"2346\">\n<li data-start=\"2095\" data-end=\"2175\">Bor\u00f3wka: s\u0142odka i bogata \u2013 niezwyk\u0142e doznanie smakowe.<\/li>\n<li data-start=\"2176\" data-end=\"2257\">Mi\u0119ta: \u015bwie\u017cy, lodowaty oddech, kt\u00f3ry zamienia ka\u017cde zaci\u0105gni\u0119cie w przyjemno\u015b\u0107.<\/li>\n<li data-start=\"2258\" data-end=\"2346\">\u015awie\u017co\u015b\u0107: idealna r\u00f3wnowaga mi\u0119dzy lodem a owocem, kt\u00f3ra zawsze Ci\u0119 od\u015bwie\u017ca.<\/li>\n<\/ul>\n<h3>Dlaczego wybra\u0107 Bang King 36000 Puffs Mesh Coil?<\/h3>\n<ul data-start=\"2412\" data-end=\"3053\">\n<li data-start=\"2412\" data-end=\"2542\">Trwa\u0142a bateria: 40 ml nape\u0142nionego liquidu i bateria 650 mAh, kt\u00f3ra obs\u0142uguje do 36 000 zaci\u0105gni\u0119\u0107.<\/li>\n<li data-start=\"2543\" data-end=\"2646\">Intensywne chmury pary: sub-ohmowa mesh coil o oporno\u015bci 0,6\u03a9 zapewnia delikatn\u0105 par\u0119 i intensywny smak.<\/li>\n<li data-start=\"2647\" data-end=\"2737\">Szybkie \u0142adowanie: port Type-C umo\u017cliwia niemal natychmiastowe na\u0142adowanie.<\/li>\n<li data-start=\"2738\" data-end=\"2859\">Brak op\u0142at celnych: Kupuj\u0105c e-papierosa, mo\u017cesz by\u0107 pewien, \u017ce nie poniesiesz dodatkowych op\u0142at.<\/li>\n<li data-start=\"2860\" data-end=\"2974\">Wszechstronne opcje smakowe: 12 r\u00f3\u017cnych smak\u00f3w, kt\u00f3re spe\u0142ni\u0105 wszystkie potrzeby.<\/li>\n<li data-start=\"2975\" data-end=\"3053\">Prosta obs\u0142uga: <a href=\"https:\/\/vapingnet.de\/pl\/k\/einweg-e-zigarette\/\" target=\"_blank\" rel=\"noopener\"><strong>Jednorazowa e-papieros<\/strong><\/a> bez konserwacji \u2013 po prostu ciesz si\u0119.<\/li>\n<\/ul>\n<p data-start=\"3060\" data-end=\"3295\">Prze\u017cyj teraz Bang King 36000 Puffs Mesh Coil i ciesz si\u0119 d\u0142ugotrwa\u0142ym, intensywnym smakiem! Odwied\u017a nasz\u0105 stron\u0119 internetow\u0105 ju\u017c dzi\u015b, aby wybra\u0107 idealnego e-papierosa dla siebie i do\u015bwiadczy\u0107 niezapomnianych dozna\u0144 vapingowych!<\/p>\n<p data-start=\"3297\" data-end=\"3354\" data-is-last-node=\"\" data-is-only-node=\"\">\ud83d\udd17 Kup teraz: <a href=\"https:\/\/vapingnet.de\/pl\/\" target=\"_new\" rel=\"noopener\" data-start=\"3316\" data-end=\"3352\">vapingnet.de<\/a><\/p>","protected":false},"excerpt":{"rendered":"<p>Bang King 36000 Puffs Mesh Coil \u2013 Trwa\u0142y, intensywny, stylowy \u2013 Do\u015bwiadcz niezwyk\u0142ego do\u015bwiadczenia vapowania Szukasz e-papierosa, kt\u00f3ry nie...<\/p>","protected":false},"featured_media":5311,"template":"","meta":[],"etheme_brands":[],"product_brand":[101],"product_cat":[57,49,61],"product_tag":[],"class_list":{"0":"post-5310","1":"product","2":"type-product","3":"status-publish","4":"has-post-thumbnail","6":"product_brand-bang-king-vape","7":"product_cat-vape-36000-zuege","8":"product_cat-einweg-e-zigarette","9":"product_cat-f","11":"first","12":"instock","13":"shipping-taxable","14":"purchasable","15":"product-type-simple"},"yoast_head":"<!-- This site is optimized with the Yoast SEO plugin v26.5 - https:\/\/yoast.com\/wordpress\/plugins\/seo\/ -->\n<title>Blueberry Ice Bang 36000 Puffs Mesh Coil Einweg E-Zigarette f\u00fcr puren Genuss | Vapingnet.de<\/title>\n<meta name=\"description\" content=\"Wir verkaufen Blueberry Ice Bang 36000 Puffs Mesh Coil Einweg E-Zigarette f\u00fcr puren Genuss , \u2713 Hohe Puffs-Zahl \u2713 Einfach zu verwenden \u2713 Vielseitige Aromen \u2713\u27a4 Jetzt kaufen!\" \/>\n<meta name=\"robots\" content=\"index, follow, max-snippet:-1, max-image-preview:large, max-video-preview:-1\" \/>\n<link rel=\"canonical\" href=\"https:\/\/vapingnet.de\/pl\/vape\/blueberry-ice-bang-36000-puffs-mesh-coil-einweg-e-zigarette-fuer-puren-genuss\/\" \/>\n<meta property=\"og:locale\" content=\"pl_PL\" \/>\n<meta property=\"og:type\" content=\"article\" \/>\n<meta property=\"og:title\" content=\"Blueberry Ice Bang 36000 Puffs Mesh Coil Einweg E-Zigarette f\u00fcr puren Genuss | Vapingnet.de\" \/>\n<meta property=\"og:description\" content=\"Wir verkaufen Blueberry Ice Bang 36000 Puffs Mesh Coil Einweg E-Zigarette f\u00fcr puren Genuss , \u2713 Hohe Puffs-Zahl \u2713 Einfach zu verwenden \u2713 Vielseitige Aromen \u2713\u27a4 Jetzt kaufen!\" \/>\n<meta property=\"og:url\" content=\"https:\/\/vapingnet.de\/pl\/vape\/blueberry-ice-bang-36000-puffs-mesh-coil-einweg-e-zigarette-fuer-puren-genuss\/\" \/>\n<meta property=\"og:site_name\" content=\"Vapingnet.de\" \/>\n<meta property=\"article:publisher\" content=\"https:\/\/www.facebook.com\/vapingnetde\/\" \/>\n<meta property=\"article:modified_time\" content=\"2025-06-19T03:41:18+00:00\" \/>\n<meta property=\"og:image\" content=\"https:\/\/vapingnet.de\/wp-content\/uploads\/2025\/03\/Blueberry-Ice.png\" \/>\n\t<meta property=\"og:image:width\" content=\"900\" \/>\n\t<meta property=\"og:image:height\" content=\"600\" \/>\n\t<meta property=\"og:image:type\" content=\"image\/png\" \/>\n<meta name=\"twitter:card\" content=\"summary_large_image\" \/>\n<meta name=\"twitter:label1\" content=\"Est. reading time\" \/>\n\t<meta name=\"twitter:data1\" content=\"3 minutes\" \/>\n<script type=\"application\/ld+json\" class=\"yoast-schema-graph\">{\"@context\":\"https:\/\/schema.org\",\"@graph\":[{\"@type\":\"WebPage\",\"@id\":\"https:\/\/vapingnet.de\/vape\/blueberry-ice-bang-36000-puffs-mesh-coil-einweg-e-zigarette-fuer-puren-genuss\/\",\"url\":\"https:\/\/vapingnet.de\/vape\/blueberry-ice-bang-36000-puffs-mesh-coil-einweg-e-zigarette-fuer-puren-genuss\/\",\"name\":\"Blueberry Ice Bang 36000 Puffs Mesh Coil Einweg E-Zigarette f\u00fcr puren Genuss | Vapingnet.de\",\"isPartOf\":{\"@id\":\"https:\/\/vapingnet.de\/#website\"},\"primaryImageOfPage\":{\"@id\":\"https:\/\/vapingnet.de\/vape\/blueberry-ice-bang-36000-puffs-mesh-coil-einweg-e-zigarette-fuer-puren-genuss\/#primaryimage\"},\"image\":{\"@id\":\"https:\/\/vapingnet.de\/vape\/blueberry-ice-bang-36000-puffs-mesh-coil-einweg-e-zigarette-fuer-puren-genuss\/#primaryimage\"},\"thumbnailUrl\":\"https:\/\/vapingnet.de\/wp-content\/uploads\/2025\/03\/Blueberry-Ice.png\",\"datePublished\":\"2025-03-14T07:11:29+00:00\",\"dateModified\":\"2025-06-19T03:41:18+00:00\",\"description\":\"Wir verkaufen Blueberry Ice Bang 36000 Puffs Mesh Coil Einweg E-Zigarette f\u00fcr puren Genuss , \u2713 Hohe Puffs-Zahl \u2713 Einfach zu verwenden \u2713 Vielseitige Aromen \u2713\u27a4 Jetzt kaufen!\",\"breadcrumb\":{\"@id\":\"https:\/\/vapingnet.de\/vape\/blueberry-ice-bang-36000-puffs-mesh-coil-einweg-e-zigarette-fuer-puren-genuss\/#breadcrumb\"},\"inLanguage\":\"pl-PL\",\"potentialAction\":[{\"@type\":\"ReadAction\",\"target\":[\"https:\/\/vapingnet.de\/vape\/blueberry-ice-bang-36000-puffs-mesh-coil-einweg-e-zigarette-fuer-puren-genuss\/\"]}]},{\"@type\":\"ImageObject\",\"inLanguage\":\"pl-PL\",\"@id\":\"https:\/\/vapingnet.de\/vape\/blueberry-ice-bang-36000-puffs-mesh-coil-einweg-e-zigarette-fuer-puren-genuss\/#primaryimage\",\"url\":\"https:\/\/vapingnet.de\/wp-content\/uploads\/2025\/03\/Blueberry-Ice.png\",\"contentUrl\":\"https:\/\/vapingnet.de\/wp-content\/uploads\/2025\/03\/Blueberry-Ice.png\",\"width\":900,\"height\":600,\"caption\":\"Blueberry Ice\"},{\"@type\":\"BreadcrumbList\",\"@id\":\"https:\/\/vapingnet.de\/vape\/blueberry-ice-bang-36000-puffs-mesh-coil-einweg-e-zigarette-fuer-puren-genuss\/#breadcrumb\",\"itemListElement\":[{\"@type\":\"ListItem\",\"position\":1,\"name\":\"Home\",\"item\":\"https:\/\/vapingnet.de\/\"},{\"@type\":\"ListItem\",\"position\":2,\"name\":\"Shop\",\"item\":\"https:\/\/vapingnet.de\/vape\/\"},{\"@type\":\"ListItem\",\"position\":3,\"name\":\"Blueberry Ice Bang 36000 Puffs Mesh Coil Einweg E-Zigarette f\u00fcr puren Genuss\"}]},{\"@type\":\"WebSite\",\"@id\":\"https:\/\/vapingnet.de\/#website\",\"url\":\"https:\/\/vapingnet.de\/\",\"name\":\"Vapingnet.de\",\"description\":\"\",\"publisher\":{\"@id\":\"https:\/\/vapingnet.de\/#organization\"},\"potentialAction\":[{\"@type\":\"SearchAction\",\"target\":{\"@type\":\"EntryPoint\",\"urlTemplate\":\"https:\/\/vapingnet.de\/?s={search_term_string}\"},\"query-input\":{\"@type\":\"PropertyValueSpecification\",\"valueRequired\":true,\"valueName\":\"search_term_string\"}}],\"inLanguage\":\"pl-PL\"},{\"@type\":\"Organization\",\"@id\":\"https:\/\/vapingnet.de\/#organization\",\"name\":\"Vapingnet.de\",\"url\":\"https:\/\/vapingnet.de\/\",\"logo\":{\"@type\":\"ImageObject\",\"inLanguage\":\"pl-PL\",\"@id\":\"https:\/\/vapingnet.de\/#\/schema\/logo\/image\/\",\"url\":\"https:\/\/vapingnet.de\/wp-content\/uploads\/2025\/03\/cropped-vapingnet.de_.jpg\",\"contentUrl\":\"https:\/\/vapingnet.de\/wp-content\/uploads\/2025\/03\/cropped-vapingnet.de_.jpg\",\"width\":512,\"height\":512,\"caption\":\"Vapingnet.de\"},\"image\":{\"@id\":\"https:\/\/vapingnet.de\/#\/schema\/logo\/image\/\"},\"sameAs\":[\"https:\/\/www.facebook.com\/vapingnetde\/\"]}]}<\/script>\n<!-- \/ Yoast SEO plugin. -->","yoast_head_json":{"title":"Blueberry Ice Bang 36000 Puffs Mesh Coil Einweg E-Zigarette f\u00fcr puren Genuss | Vapingnet.de","description":"Wir verkaufen Blueberry Ice Bang 36000 Puffs Mesh Coil Einweg E-Zigarette f\u00fcr puren Genuss , \u2713 Hohe Puffs-Zahl \u2713 Einfach zu verwenden \u2713 Vielseitige Aromen \u2713\u27a4 Jetzt kaufen!","robots":{"index":"index","follow":"follow","max-snippet":"max-snippet:-1","max-image-preview":"max-image-preview:large","max-video-preview":"max-video-preview:-1"},"canonical":"https:\/\/vapingnet.de\/pl\/vape\/blueberry-ice-bang-36000-puffs-mesh-coil-einweg-e-zigarette-fuer-puren-genuss\/","og_locale":"pl_PL","og_type":"article","og_title":"Blueberry Ice Bang 36000 Puffs Mesh Coil Einweg E-Zigarette f\u00fcr puren Genuss | Vapingnet.de","og_description":"Wir verkaufen Blueberry Ice Bang 36000 Puffs Mesh Coil Einweg E-Zigarette f\u00fcr puren Genuss , \u2713 Hohe Puffs-Zahl \u2713 Einfach zu verwenden \u2713 Vielseitige Aromen \u2713\u27a4 Jetzt kaufen!","og_url":"https:\/\/vapingnet.de\/pl\/vape\/blueberry-ice-bang-36000-puffs-mesh-coil-einweg-e-zigarette-fuer-puren-genuss\/","og_site_name":"Vapingnet.de","article_publisher":"https:\/\/www.facebook.com\/vapingnetde\/","article_modified_time":"2025-06-19T03:41:18+00:00","og_image":[{"width":900,"height":600,"url":"https:\/\/vapingnet.de\/wp-content\/uploads\/2025\/03\/Blueberry-Ice.png","type":"image\/png"}],"twitter_card":"summary_large_image","twitter_misc":{"Est. reading time":"3 minutes"},"schema":{"@context":"https:\/\/schema.org","@graph":[{"@type":"WebPage","@id":"https:\/\/vapingnet.de\/vape\/blueberry-ice-bang-36000-puffs-mesh-coil-einweg-e-zigarette-fuer-puren-genuss\/","url":"https:\/\/vapingnet.de\/vape\/blueberry-ice-bang-36000-puffs-mesh-coil-einweg-e-zigarette-fuer-puren-genuss\/","name":"Blueberry Ice Bang 36000 Puffs Mesh Coil Einweg E-Zigarette f\u00fcr puren Genuss | Vapingnet.de","isPartOf":{"@id":"https:\/\/vapingnet.de\/#website"},"primaryImageOfPage":{"@id":"https:\/\/vapingnet.de\/vape\/blueberry-ice-bang-36000-puffs-mesh-coil-einweg-e-zigarette-fuer-puren-genuss\/#primaryimage"},"image":{"@id":"https:\/\/vapingnet.de\/vape\/blueberry-ice-bang-36000-puffs-mesh-coil-einweg-e-zigarette-fuer-puren-genuss\/#primaryimage"},"thumbnailUrl":"https:\/\/vapingnet.de\/wp-content\/uploads\/2025\/03\/Blueberry-Ice.png","datePublished":"2025-03-14T07:11:29+00:00","dateModified":"2025-06-19T03:41:18+00:00","description":"Wir verkaufen Blueberry Ice Bang 36000 Puffs Mesh Coil Einweg E-Zigarette f\u00fcr puren Genuss , \u2713 Hohe Puffs-Zahl \u2713 Einfach zu verwenden \u2713 Vielseitige Aromen \u2713\u27a4 Jetzt kaufen!","breadcrumb":{"@id":"https:\/\/vapingnet.de\/vape\/blueberry-ice-bang-36000-puffs-mesh-coil-einweg-e-zigarette-fuer-puren-genuss\/#breadcrumb"},"inLanguage":"pl-PL","potentialAction":[{"@type":"ReadAction","target":["https:\/\/vapingnet.de\/vape\/blueberry-ice-bang-36000-puffs-mesh-coil-einweg-e-zigarette-fuer-puren-genuss\/"]}]},{"@type":"ImageObject","inLanguage":"pl-PL","@id":"https:\/\/vapingnet.de\/vape\/blueberry-ice-bang-36000-puffs-mesh-coil-einweg-e-zigarette-fuer-puren-genuss\/#primaryimage","url":"https:\/\/vapingnet.de\/wp-content\/uploads\/2025\/03\/Blueberry-Ice.png","contentUrl":"https:\/\/vapingnet.de\/wp-content\/uploads\/2025\/03\/Blueberry-Ice.png","width":900,"height":600,"caption":"Blueberry Ice"},{"@type":"BreadcrumbList","@id":"https:\/\/vapingnet.de\/vape\/blueberry-ice-bang-36000-puffs-mesh-coil-einweg-e-zigarette-fuer-puren-genuss\/#breadcrumb","itemListElement":[{"@type":"ListItem","position":1,"name":"Home","item":"https:\/\/vapingnet.de\/"},{"@type":"ListItem","position":2,"name":"Shop","item":"https:\/\/vapingnet.de\/vape\/"},{"@type":"ListItem","position":3,"name":"Blueberry Ice Bang 36000 Puffs Mesh Coil Einweg E-Zigarette f\u00fcr puren Genuss"}]},{"@type":"WebSite","@id":"https:\/\/vapingnet.de\/#website","url":"https:\/\/vapingnet.de\/","name":"Vapingnet.de","description":"","publisher":{"@id":"https:\/\/vapingnet.de\/#organization"},"potentialAction":[{"@type":"SearchAction","target":{"@type":"EntryPoint","urlTemplate":"https:\/\/vapingnet.de\/?s={search_term_string}"},"query-input":{"@type":"PropertyValueSpecification","valueRequired":true,"valueName":"search_term_string"}}],"inLanguage":"pl-PL"},{"@type":"Organization","@id":"https:\/\/vapingnet.de\/#organization","name":"Vapingnet.de","url":"https:\/\/vapingnet.de\/","logo":{"@type":"ImageObject","inLanguage":"pl-PL","@id":"https:\/\/vapingnet.de\/#\/schema\/logo\/image\/","url":"https:\/\/vapingnet.de\/wp-content\/uploads\/2025\/03\/cropped-vapingnet.de_.jpg","contentUrl":"https:\/\/vapingnet.de\/wp-content\/uploads\/2025\/03\/cropped-vapingnet.de_.jpg","width":512,"height":512,"caption":"Vapingnet.de"},"image":{"@id":"https:\/\/vapingnet.de\/#\/schema\/logo\/image\/"},"sameAs":["https:\/\/www.facebook.com\/vapingnetde\/"]}]}},"tiered_pricing_type":"fixed","tiered_pricing_fixed_rules":{"8":"10.44","60":"9.40","110":"8.35","200":"7.31"},"tiered_pricing_product_settings":{"layout":"default","base_unit_name":{"singular":null,"plural":null},"default_variation":null},"tiered_pricing_minimum_quantity":null,"tiered_pricing_roles_data":[],"tiered_pricing_percentage_rules":[],"_links":{"self":[{"href":"https:\/\/vapingnet.de\/pl\/wp-json\/wp\/v2\/product\/5310","targetHints":{"allow":["GET"]}}],"collection":[{"href":"https:\/\/vapingnet.de\/pl\/wp-json\/wp\/v2\/product"}],"about":[{"href":"https:\/\/vapingnet.de\/pl\/wp-json\/wp\/v2\/types\/product"}],"version-history":[{"count":1,"href":"https:\/\/vapingnet.de\/pl\/wp-json\/wp\/v2\/product\/5310\/revisions"}],"predecessor-version":[{"id":5312,"href":"https:\/\/vapingnet.de\/pl\/wp-json\/wp\/v2\/product\/5310\/revisions\/5312"}],"wp:featuredmedia":[{"embeddable":true,"href":"https:\/\/vapingnet.de\/pl\/wp-json\/wp\/v2\/media\/5311"}],"wp:attachment":[{"href":"https:\/\/vapingnet.de\/pl\/wp-json\/wp\/v2\/media?parent=5310"}],"wp:term":[{"taxonomy":"brand","embeddable":true,"href":"https:\/\/vapingnet.de\/pl\/wp-json\/wp\/v2\/etheme_brands?post=5310"},{"taxonomy":"product_brand","embeddable":true,"href":"https:\/\/vapingnet.de\/pl\/wp-json\/wp\/v2\/product_brand?post=5310"},{"taxonomy":"product_cat","embeddable":true,"href":"https:\/\/vapingnet.de\/pl\/wp-json\/wp\/v2\/product_cat?post=5310"},{"taxonomy":"product_tag","embeddable":true,"href":"https:\/\/vapingnet.de\/pl\/wp-json\/wp\/v2\/product_tag?post=5310"}],"curies":[{"name":"wp","href":"https:\/\/api.w.org\/{rel}","templated":true}]}}