{"id":5313,"date":"2025-03-14T07:17:58","date_gmt":"2025-03-14T07:17:58","guid":{"rendered":"https:\/\/vapingnet.de\/?post_type=product&#038;p=5313"},"modified":"2025-06-19T03:41:18","modified_gmt":"2025-06-19T03:41:18","slug":"einweg-e-zigarette-bang-36000-puffs-mesh-coil-strawberry-watermelon-fruchtig-langanhaltend","status":"publish","type":"product","link":"https:\/\/vapingnet.de\/pl\/vape\/einweg-e-zigarette-bang-36000-puffs-mesh-coil-strawberry-watermelon-fruchtig-langanhaltend\/","title":{"rendered":"Jednorazowy E-Papieros Bang 36000 Puffs Mesh Coil Strawberry Watermelon Owocowy, d\u0142ugotrwa\u0142y"},"content":{"rendered":"<h2 data-start=\"0\" data-end=\"87\">Bang King 36000 Puffs Mesh Coil \u2013 D\u0142ugotrwa\u0142a przyjemno\u015b\u0107, ka\u017cde zaci\u0105gni\u0119cie to prze\u017cycie<\/h2>\n<p data-start=\"89\" data-end=\"419\">Szukasz wydajnego, trwa\u0142ego modelu e-papierosa? Bang King 36000 Puffs Mesh Coil spe\u0142ni wszystkie Twoje oczekiwania \u2013 zar\u00f3wno pod wzgl\u0119dem \u017cywotno\u015bci baterii, jak i dozna\u0144 smakowych. Niezale\u017cnie od tego, czy jeste\u015b pocz\u0105tkuj\u0105cym, czy do\u015bwiadczonym<em data-start=\"339\" data-end=\"349\">u\u017cytkownikiem<\/em>, Bang King oferuje niezr\u00f3wnane wra\u017cenia z wapowania.<\/p>\n<ul>\n<li data-start=\"421\" data-end=\"471\">Imponuj\u0105ca \u017cywotno\u015b\u0107 baterii, d\u0142uga przyjemno\u015b\u0107<br \/>\nBang King 36000 Puffs Mesh Coil jest wyposa\u017cony w 40 ml wst\u0119pnie nape\u0142nionego e-liquidu i akumulator o pojemno\u015bci 650 mAh. Dzi\u0119ki temu mo\u017cesz cieszy\u0107 si\u0119 a\u017c do <a href=\"https:\/\/vapingnet.de\/pl\/k\/vape-36000-zuege\/\" target=\"_blank\" rel=\"noopener\"><strong>36000 zaci\u0105gni\u0119\u0107<\/strong><\/a> zaci\u0105gni\u0119\u0107! Niezale\u017cnie od tego, czy jeste\u015b w podr\u00f3\u017cy, czy w domu, mo\u017cesz cieszy\u0107 si\u0119 d\u0142ugimi chwilami wapowania bez cz\u0119stego uzupe\u0142niania lub wymiany baterii.<\/li>\n<li data-start=\"804\" data-end=\"852\">Pe\u0142ny smak, ka\u017cdy wdech to prze\u017cycie<br \/>\nDzi\u0119ki zaawansowanej grza\u0142ce 0,6\u03a9 Sub-Ohm Mesh Coil, Bang King 36000 Puffs Mesh Coil oferuje intensywne wdychanie bezpo\u015brednio do p\u0142uc (DTL). Ka\u017cde zaci\u0105gni\u0119cie jest pe\u0142ne g\u0119stej, intensywnej smakowo pary, kt\u00f3ra uwodzi Twoje zmys\u0142y z ka\u017cdym oddechem. Niezapomniane doznania smakowe, kt\u00f3re zachwycaj\u0105 z ka\u017cdym zaci\u0105gni\u0119ciem.<\/li>\n<li data-start=\"1203\" data-end=\"1244\">Szybkie \u0142adowanie, p\u0142ynna przyjemno\u015b\u0107<br \/>\nWyposa\u017cony w port \u0142adowania Type-C, Bang King 36000 Puffs Mesh Coil umo\u017cliwia superszybkie \u0142adowanie. Dzi\u0119ki temu nigdy nie musisz d\u0142ugo czeka\u0107 na na\u0142adowanie baterii i mo\u017cesz kontynuowa\u0107 wapowanie w dowolnym miejscu i czasie. Bez czekania, zawsze gotowy.<\/li>\n<li data-start=\"1526\" data-end=\"1579\">Fajny design, imponuj\u0105ce o\u015bwietlenie LED<br \/>\nKa\u017cdemu zaci\u0105gni\u0119ciu towarzyszy o\u015bwietlenie LED, kt\u00f3re \u015bwieci podczas wdychania i zapewnia wizualny efekt wow. Ten pokaz \u015bwiate\u0142 nie tylko poprawia wra\u017cenia z wapowania, ale tak\u017ce przyci\u0105ga wzrok \u2013 prawdziwa gratka dla mi\u0142o\u015bnik\u00f3w stylu.<\/li>\n<\/ul>\n<h4 data-start=\"1854\" data-end=\"1929\">Rekomendacja smakowa: Strawberry Watermelon<\/h4>\n<p data-start=\"1931\" data-end=\"2260\">Smak Strawberry Watermelon to idealne po\u0142\u0105czenie s\u0142odyczy i \u015bwie\u017co\u015bci. Truskawka nadaje przyjemn\u0105 s\u0142odycz, a arbuz wnosi ch\u0142odz\u0105c\u0105 \u015bwie\u017co\u015b\u0107 \u2013 orze\u017awiaj\u0105ca eksplozja smaku, kt\u00f3ra od\u015bwie\u017ca zmys\u0142y. Ka\u017cde zaci\u0105gni\u0119cie smakuje jak k\u0119s lata.<\/p>\n<ul data-start=\"2262\" data-end=\"2512\">\n<li data-start=\"2262\" data-end=\"2329\">Truskawka: S\u0142odkie, owocowe aromaty, kt\u00f3re otulaj\u0105 Twoje podniebienie.<\/li>\n<li data-start=\"2330\" data-end=\"2405\">Arbuz: \u015awie\u017cy i ch\u0142odny, daje orze\u017awiaj\u0105cy zastrzyk \u015bwie\u017co\u015bci.<\/li>\n<li data-start=\"2406\" data-end=\"2512\">Ca\u0142kowity smak: Idealna r\u00f3wnowaga s\u0142odyczy i \u015bwie\u017co\u015bci, idealna na ka\u017cd\u0105 por\u0119 roku.<\/li>\n<\/ul>\n<h3>Dlaczego warto wybra\u0107 Bang King 36000 Puffs Mesh Coil<\/h3>\n<ul data-start=\"2598\" data-end=\"3227\">\n<li data-start=\"2598\" data-end=\"2710\">D\u0142uga \u017cywotno\u015b\u0107 baterii: 40 ml e-liquidu i bateria 650 mAh zapewniaj\u0105 36000 zaci\u0105gni\u0119\u0107 nieprzerwanej przyjemno\u015bci.<\/li>\n<li data-start=\"2711\" data-end=\"2828\">Intensywny smak: Z sub-ohmow\u0105 cewk\u0105 Mesh 0,6\u03a9 do g\u0119stego dymu i pe\u0142nych dozna\u0144 smakowych.<\/li>\n<li data-start=\"2829\" data-end=\"2920\">Szybkie \u0142adowanie: Port \u0142adowania Type-C do b\u0142yskawicznego \u0142adowania \u2013 bez czekania!<\/li>\n<li data-start=\"2921\" data-end=\"3011\">Bez c\u0142a: Brak problem\u00f3w z op\u0142atami celnymi \u2013 wygodne i bez ukrytych koszt\u00f3w zamawianie.<\/li>\n<li data-start=\"3012\" data-end=\"3133\">Du\u017cy wyb\u00f3r smak\u00f3w: Z 12 r\u00f3\u017cnymi smakami na pewno znajdziesz swojego ulubie\u0144ca.<\/li>\n<li data-start=\"3134\" data-end=\"3227\">Praktyczny design: Jednorazowa e-papieros, kt\u00f3ry nie wymaga konserwacji \u2013 po prostu ciesz si\u0119 nim.<\/li>\n<\/ul>\n<h3>Do\u015bwiadcz Bang King 36000 Puffs Mesh Coil<\/h3>\n<p data-start=\"3281\" data-end=\"3591\">Zdob\u0105d\u017a teraz Bang King 36000 Puffs Mesh Coil i ciesz si\u0119 e-papierosem, kt\u00f3ry \u0142\u0105czy wszystko: d\u0142ug\u0105 \u017cywotno\u015b\u0107 baterii, intensywny smak i nowoczesny design. Kliknij w poni\u017cszy link, aby odwiedzi\u0107 nasz\u0105 stron\u0119 i wybra\u0107 sw\u00f3j ulubiony smak. Zanurz si\u0119 w \u015bwiecie vapingu!<\/p>\n<p data-start=\"3593\" data-end=\"3626\" data-is-last-node=\"\" data-is-only-node=\"\">\ud83d\udd17 Kup teraz: vapingnet.de<\/p>","protected":false},"excerpt":{"rendered":"<p>Bang King 36000 Puffs Mesh Coil \u2013 D\u0142ugotrwa\u0142a przyjemno\u015b\u0107, ka\u017cde zaci\u0105gni\u0119cie to prze\u017cycie Szukasz wydajnego, trwa\u0142ego modelu e-papierosa? Bang...<\/p>","protected":false},"featured_media":5314,"template":"","meta":[],"etheme_brands":[],"product_brand":[101],"product_cat":[57,49,61],"product_tag":[],"class_list":{"0":"post-5313","1":"product","2":"type-product","3":"status-publish","4":"has-post-thumbnail","6":"product_brand-bang-king-vape","7":"product_cat-vape-36000-zuege","8":"product_cat-einweg-e-zigarette","9":"product_cat-f","11":"first","12":"instock","13":"shipping-taxable","14":"purchasable","15":"product-type-simple"},"yoast_head":"<!-- This site is optimized with the Yoast SEO plugin v26.5 - https:\/\/yoast.com\/wordpress\/plugins\/seo\/ -->\n<title>Einweg E-Zigarette Bang 36000 Puffs Mesh Coil Strawberry Watermelon Fruchtig langanhaltend | Vapingnet.de<\/title>\n<meta name=\"description\" content=\"Wir verkaufen Einweg E-Zigarette Bang 36000 Puffs Mesh Coil Strawberry Watermelon Fruchtig langanhaltend , \u2713 Hohe Puffs-Zahl \u2713 Einfach zu verwenden \u2713 Vielseitige Aromen \u2713\u27a4 Jetzt kaufen!\" \/>\n<meta name=\"robots\" content=\"index, follow, max-snippet:-1, max-image-preview:large, max-video-preview:-1\" \/>\n<link rel=\"canonical\" href=\"https:\/\/vapingnet.de\/pl\/vape\/einweg-e-zigarette-bang-36000-puffs-mesh-coil-strawberry-watermelon-fruchtig-langanhaltend\/\" \/>\n<meta property=\"og:locale\" content=\"pl_PL\" \/>\n<meta property=\"og:type\" content=\"article\" \/>\n<meta property=\"og:title\" content=\"Einweg E-Zigarette Bang 36000 Puffs Mesh Coil Strawberry Watermelon Fruchtig langanhaltend | Vapingnet.de\" \/>\n<meta property=\"og:description\" content=\"Wir verkaufen Einweg E-Zigarette Bang 36000 Puffs Mesh Coil Strawberry Watermelon Fruchtig langanhaltend , \u2713 Hohe Puffs-Zahl \u2713 Einfach zu verwenden \u2713 Vielseitige Aromen \u2713\u27a4 Jetzt kaufen!\" \/>\n<meta property=\"og:url\" content=\"https:\/\/vapingnet.de\/pl\/vape\/einweg-e-zigarette-bang-36000-puffs-mesh-coil-strawberry-watermelon-fruchtig-langanhaltend\/\" \/>\n<meta property=\"og:site_name\" content=\"Vapingnet.de\" \/>\n<meta property=\"article:publisher\" content=\"https:\/\/www.facebook.com\/vapingnetde\/\" \/>\n<meta property=\"article:modified_time\" content=\"2025-06-19T03:41:18+00:00\" \/>\n<meta property=\"og:image\" content=\"https:\/\/vapingnet.de\/wp-content\/uploads\/2025\/03\/Strawberry-Watermelon-1.png\" \/>\n\t<meta property=\"og:image:width\" content=\"900\" \/>\n\t<meta property=\"og:image:height\" content=\"600\" \/>\n\t<meta property=\"og:image:type\" content=\"image\/png\" \/>\n<meta name=\"twitter:card\" content=\"summary_large_image\" \/>\n<meta name=\"twitter:label1\" content=\"Est. reading time\" \/>\n\t<meta name=\"twitter:data1\" content=\"3 minutes\" \/>\n<script type=\"application\/ld+json\" class=\"yoast-schema-graph\">{\"@context\":\"https:\/\/schema.org\",\"@graph\":[{\"@type\":\"WebPage\",\"@id\":\"https:\/\/vapingnet.de\/vape\/einweg-e-zigarette-bang-36000-puffs-mesh-coil-strawberry-watermelon-fruchtig-langanhaltend\/\",\"url\":\"https:\/\/vapingnet.de\/vape\/einweg-e-zigarette-bang-36000-puffs-mesh-coil-strawberry-watermelon-fruchtig-langanhaltend\/\",\"name\":\"Einweg E-Zigarette Bang 36000 Puffs Mesh Coil Strawberry Watermelon Fruchtig langanhaltend | Vapingnet.de\",\"isPartOf\":{\"@id\":\"https:\/\/vapingnet.de\/#website\"},\"primaryImageOfPage\":{\"@id\":\"https:\/\/vapingnet.de\/vape\/einweg-e-zigarette-bang-36000-puffs-mesh-coil-strawberry-watermelon-fruchtig-langanhaltend\/#primaryimage\"},\"image\":{\"@id\":\"https:\/\/vapingnet.de\/vape\/einweg-e-zigarette-bang-36000-puffs-mesh-coil-strawberry-watermelon-fruchtig-langanhaltend\/#primaryimage\"},\"thumbnailUrl\":\"https:\/\/vapingnet.de\/wp-content\/uploads\/2025\/03\/Strawberry-Watermelon-1.png\",\"datePublished\":\"2025-03-14T07:17:58+00:00\",\"dateModified\":\"2025-06-19T03:41:18+00:00\",\"description\":\"Wir verkaufen Einweg E-Zigarette Bang 36000 Puffs Mesh Coil Strawberry Watermelon Fruchtig langanhaltend , \u2713 Hohe Puffs-Zahl \u2713 Einfach zu verwenden \u2713 Vielseitige Aromen \u2713\u27a4 Jetzt kaufen!\",\"breadcrumb\":{\"@id\":\"https:\/\/vapingnet.de\/vape\/einweg-e-zigarette-bang-36000-puffs-mesh-coil-strawberry-watermelon-fruchtig-langanhaltend\/#breadcrumb\"},\"inLanguage\":\"pl-PL\",\"potentialAction\":[{\"@type\":\"ReadAction\",\"target\":[\"https:\/\/vapingnet.de\/vape\/einweg-e-zigarette-bang-36000-puffs-mesh-coil-strawberry-watermelon-fruchtig-langanhaltend\/\"]}]},{\"@type\":\"ImageObject\",\"inLanguage\":\"pl-PL\",\"@id\":\"https:\/\/vapingnet.de\/vape\/einweg-e-zigarette-bang-36000-puffs-mesh-coil-strawberry-watermelon-fruchtig-langanhaltend\/#primaryimage\",\"url\":\"https:\/\/vapingnet.de\/wp-content\/uploads\/2025\/03\/Strawberry-Watermelon-1.png\",\"contentUrl\":\"https:\/\/vapingnet.de\/wp-content\/uploads\/2025\/03\/Strawberry-Watermelon-1.png\",\"width\":900,\"height\":600,\"caption\":\"Strawberry Watermelon\"},{\"@type\":\"BreadcrumbList\",\"@id\":\"https:\/\/vapingnet.de\/vape\/einweg-e-zigarette-bang-36000-puffs-mesh-coil-strawberry-watermelon-fruchtig-langanhaltend\/#breadcrumb\",\"itemListElement\":[{\"@type\":\"ListItem\",\"position\":1,\"name\":\"Home\",\"item\":\"https:\/\/vapingnet.de\/\"},{\"@type\":\"ListItem\",\"position\":2,\"name\":\"Shop\",\"item\":\"https:\/\/vapingnet.de\/vape\/\"},{\"@type\":\"ListItem\",\"position\":3,\"name\":\"Einweg E-Zigarette Bang 36000 Puffs Mesh Coil Strawberry Watermelon Fruchtig langanhaltend\"}]},{\"@type\":\"WebSite\",\"@id\":\"https:\/\/vapingnet.de\/#website\",\"url\":\"https:\/\/vapingnet.de\/\",\"name\":\"Vapingnet.de\",\"description\":\"\",\"publisher\":{\"@id\":\"https:\/\/vapingnet.de\/#organization\"},\"potentialAction\":[{\"@type\":\"SearchAction\",\"target\":{\"@type\":\"EntryPoint\",\"urlTemplate\":\"https:\/\/vapingnet.de\/?s={search_term_string}\"},\"query-input\":{\"@type\":\"PropertyValueSpecification\",\"valueRequired\":true,\"valueName\":\"search_term_string\"}}],\"inLanguage\":\"pl-PL\"},{\"@type\":\"Organization\",\"@id\":\"https:\/\/vapingnet.de\/#organization\",\"name\":\"Vapingnet.de\",\"url\":\"https:\/\/vapingnet.de\/\",\"logo\":{\"@type\":\"ImageObject\",\"inLanguage\":\"pl-PL\",\"@id\":\"https:\/\/vapingnet.de\/#\/schema\/logo\/image\/\",\"url\":\"https:\/\/vapingnet.de\/wp-content\/uploads\/2025\/03\/cropped-vapingnet.de_.jpg\",\"contentUrl\":\"https:\/\/vapingnet.de\/wp-content\/uploads\/2025\/03\/cropped-vapingnet.de_.jpg\",\"width\":512,\"height\":512,\"caption\":\"Vapingnet.de\"},\"image\":{\"@id\":\"https:\/\/vapingnet.de\/#\/schema\/logo\/image\/\"},\"sameAs\":[\"https:\/\/www.facebook.com\/vapingnetde\/\"]}]}<\/script>\n<!-- \/ Yoast SEO plugin. -->","yoast_head_json":{"title":"Einweg E-Zigarette Bang 36000 Puffs Mesh Coil Strawberry Watermelon Fruchtig langanhaltend | Vapingnet.de","description":"Wir verkaufen Einweg E-Zigarette Bang 36000 Puffs Mesh Coil Strawberry Watermelon Fruchtig langanhaltend , \u2713 Hohe Puffs-Zahl \u2713 Einfach zu verwenden \u2713 Vielseitige Aromen \u2713\u27a4 Jetzt kaufen!","robots":{"index":"index","follow":"follow","max-snippet":"max-snippet:-1","max-image-preview":"max-image-preview:large","max-video-preview":"max-video-preview:-1"},"canonical":"https:\/\/vapingnet.de\/pl\/vape\/einweg-e-zigarette-bang-36000-puffs-mesh-coil-strawberry-watermelon-fruchtig-langanhaltend\/","og_locale":"pl_PL","og_type":"article","og_title":"Einweg E-Zigarette Bang 36000 Puffs Mesh Coil Strawberry Watermelon Fruchtig langanhaltend | Vapingnet.de","og_description":"Wir verkaufen Einweg E-Zigarette Bang 36000 Puffs Mesh Coil Strawberry Watermelon Fruchtig langanhaltend , \u2713 Hohe Puffs-Zahl \u2713 Einfach zu verwenden \u2713 Vielseitige Aromen \u2713\u27a4 Jetzt kaufen!","og_url":"https:\/\/vapingnet.de\/pl\/vape\/einweg-e-zigarette-bang-36000-puffs-mesh-coil-strawberry-watermelon-fruchtig-langanhaltend\/","og_site_name":"Vapingnet.de","article_publisher":"https:\/\/www.facebook.com\/vapingnetde\/","article_modified_time":"2025-06-19T03:41:18+00:00","og_image":[{"width":900,"height":600,"url":"https:\/\/vapingnet.de\/wp-content\/uploads\/2025\/03\/Strawberry-Watermelon-1.png","type":"image\/png"}],"twitter_card":"summary_large_image","twitter_misc":{"Est. reading time":"3 minutes"},"schema":{"@context":"https:\/\/schema.org","@graph":[{"@type":"WebPage","@id":"https:\/\/vapingnet.de\/vape\/einweg-e-zigarette-bang-36000-puffs-mesh-coil-strawberry-watermelon-fruchtig-langanhaltend\/","url":"https:\/\/vapingnet.de\/vape\/einweg-e-zigarette-bang-36000-puffs-mesh-coil-strawberry-watermelon-fruchtig-langanhaltend\/","name":"Einweg E-Zigarette Bang 36000 Puffs Mesh Coil Strawberry Watermelon Fruchtig langanhaltend | Vapingnet.de","isPartOf":{"@id":"https:\/\/vapingnet.de\/#website"},"primaryImageOfPage":{"@id":"https:\/\/vapingnet.de\/vape\/einweg-e-zigarette-bang-36000-puffs-mesh-coil-strawberry-watermelon-fruchtig-langanhaltend\/#primaryimage"},"image":{"@id":"https:\/\/vapingnet.de\/vape\/einweg-e-zigarette-bang-36000-puffs-mesh-coil-strawberry-watermelon-fruchtig-langanhaltend\/#primaryimage"},"thumbnailUrl":"https:\/\/vapingnet.de\/wp-content\/uploads\/2025\/03\/Strawberry-Watermelon-1.png","datePublished":"2025-03-14T07:17:58+00:00","dateModified":"2025-06-19T03:41:18+00:00","description":"Wir verkaufen Einweg E-Zigarette Bang 36000 Puffs Mesh Coil Strawberry Watermelon Fruchtig langanhaltend , \u2713 Hohe Puffs-Zahl \u2713 Einfach zu verwenden \u2713 Vielseitige Aromen \u2713\u27a4 Jetzt kaufen!","breadcrumb":{"@id":"https:\/\/vapingnet.de\/vape\/einweg-e-zigarette-bang-36000-puffs-mesh-coil-strawberry-watermelon-fruchtig-langanhaltend\/#breadcrumb"},"inLanguage":"pl-PL","potentialAction":[{"@type":"ReadAction","target":["https:\/\/vapingnet.de\/vape\/einweg-e-zigarette-bang-36000-puffs-mesh-coil-strawberry-watermelon-fruchtig-langanhaltend\/"]}]},{"@type":"ImageObject","inLanguage":"pl-PL","@id":"https:\/\/vapingnet.de\/vape\/einweg-e-zigarette-bang-36000-puffs-mesh-coil-strawberry-watermelon-fruchtig-langanhaltend\/#primaryimage","url":"https:\/\/vapingnet.de\/wp-content\/uploads\/2025\/03\/Strawberry-Watermelon-1.png","contentUrl":"https:\/\/vapingnet.de\/wp-content\/uploads\/2025\/03\/Strawberry-Watermelon-1.png","width":900,"height":600,"caption":"Strawberry Watermelon"},{"@type":"BreadcrumbList","@id":"https:\/\/vapingnet.de\/vape\/einweg-e-zigarette-bang-36000-puffs-mesh-coil-strawberry-watermelon-fruchtig-langanhaltend\/#breadcrumb","itemListElement":[{"@type":"ListItem","position":1,"name":"Home","item":"https:\/\/vapingnet.de\/"},{"@type":"ListItem","position":2,"name":"Shop","item":"https:\/\/vapingnet.de\/vape\/"},{"@type":"ListItem","position":3,"name":"Einweg E-Zigarette Bang 36000 Puffs Mesh Coil Strawberry Watermelon Fruchtig langanhaltend"}]},{"@type":"WebSite","@id":"https:\/\/vapingnet.de\/#website","url":"https:\/\/vapingnet.de\/","name":"Vapingnet.de","description":"","publisher":{"@id":"https:\/\/vapingnet.de\/#organization"},"potentialAction":[{"@type":"SearchAction","target":{"@type":"EntryPoint","urlTemplate":"https:\/\/vapingnet.de\/?s={search_term_string}"},"query-input":{"@type":"PropertyValueSpecification","valueRequired":true,"valueName":"search_term_string"}}],"inLanguage":"pl-PL"},{"@type":"Organization","@id":"https:\/\/vapingnet.de\/#organization","name":"Vapingnet.de","url":"https:\/\/vapingnet.de\/","logo":{"@type":"ImageObject","inLanguage":"pl-PL","@id":"https:\/\/vapingnet.de\/#\/schema\/logo\/image\/","url":"https:\/\/vapingnet.de\/wp-content\/uploads\/2025\/03\/cropped-vapingnet.de_.jpg","contentUrl":"https:\/\/vapingnet.de\/wp-content\/uploads\/2025\/03\/cropped-vapingnet.de_.jpg","width":512,"height":512,"caption":"Vapingnet.de"},"image":{"@id":"https:\/\/vapingnet.de\/#\/schema\/logo\/image\/"},"sameAs":["https:\/\/www.facebook.com\/vapingnetde\/"]}]}},"tiered_pricing_type":"fixed","tiered_pricing_fixed_rules":{"8":"10.44","60":"9.40","110":"8.35","200":"7.31"},"tiered_pricing_product_settings":{"layout":"default","base_unit_name":{"singular":null,"plural":null},"default_variation":null},"tiered_pricing_minimum_quantity":null,"tiered_pricing_roles_data":[],"tiered_pricing_percentage_rules":[],"_links":{"self":[{"href":"https:\/\/vapingnet.de\/pl\/wp-json\/wp\/v2\/product\/5313","targetHints":{"allow":["GET"]}}],"collection":[{"href":"https:\/\/vapingnet.de\/pl\/wp-json\/wp\/v2\/product"}],"about":[{"href":"https:\/\/vapingnet.de\/pl\/wp-json\/wp\/v2\/types\/product"}],"version-history":[{"count":1,"href":"https:\/\/vapingnet.de\/pl\/wp-json\/wp\/v2\/product\/5313\/revisions"}],"predecessor-version":[{"id":5315,"href":"https:\/\/vapingnet.de\/pl\/wp-json\/wp\/v2\/product\/5313\/revisions\/5315"}],"wp:featuredmedia":[{"embeddable":true,"href":"https:\/\/vapingnet.de\/pl\/wp-json\/wp\/v2\/media\/5314"}],"wp:attachment":[{"href":"https:\/\/vapingnet.de\/pl\/wp-json\/wp\/v2\/media?parent=5313"}],"wp:term":[{"taxonomy":"brand","embeddable":true,"href":"https:\/\/vapingnet.de\/pl\/wp-json\/wp\/v2\/etheme_brands?post=5313"},{"taxonomy":"product_brand","embeddable":true,"href":"https:\/\/vapingnet.de\/pl\/wp-json\/wp\/v2\/product_brand?post=5313"},{"taxonomy":"product_cat","embeddable":true,"href":"https:\/\/vapingnet.de\/pl\/wp-json\/wp\/v2\/product_cat?post=5313"},{"taxonomy":"product_tag","embeddable":true,"href":"https:\/\/vapingnet.de\/pl\/wp-json\/wp\/v2\/product_tag?post=5313"}],"curies":[{"name":"wp","href":"https:\/\/api.w.org\/{rel}","templated":true}]}}