{"id":5323,"date":"2025-03-14T07:47:12","date_gmt":"2025-03-14T07:47:12","guid":{"rendered":"https:\/\/vapingnet.de\/?post_type=product&#038;p=5323"},"modified":"2025-06-19T03:41:17","modified_gmt":"2025-06-19T03:41:17","slug":"watermelon-bang-36000-puffs-mesh-coil-vape-mit-intensivem-fruchtgeschmack","status":"publish","type":"product","link":"https:\/\/vapingnet.de\/pl\/vape\/watermelon-bang-36000-puffs-mesh-coil-vape-mit-intensivem-fruchtgeschmack\/","title":{"rendered":"Watermelon Bang 36000 Puffs Mesh Coil Vape z intensywnym smakiem owocowym"},"content":{"rendered":"<h2 data-start=\"63\" data-end=\"183\">Bang King 36000 Puffs Mesh Coil: Idealne po\u0142\u0105czenie d\u0142ugiej \u017cywotno\u015bci i intensywnych dozna\u0144 smakowych<\/h2>\n<p data-start=\"185\" data-end=\"566\">Szukasz urz\u0105dzenia, kt\u00f3re oferuje zar\u00f3wno mocny smak, jak i imponuj\u0105c\u0105 \u017cywotno\u015b\u0107 baterii? W takim razie Bang King 36000 Puffs Mesh Coil to idealny wyb\u00f3r dla Ciebie! Ten e-papieros zosta\u0142 specjalnie zaprojektowany dla u\u017cytkownik\u00f3w poszukuj\u0105cych wyj\u0105tkowych dozna\u0144 \u2013 zar\u00f3wno w codziennym u\u017cytkowaniu, jak i w podr\u00f3\u017cy, zapewnia niezr\u00f3wnane do\u015bwiadczenie u\u017cytkownika.<\/p>\n<h4 data-start=\"568\" data-end=\"595\">Najwa\u017cniejsze cechy produktu:<\/h4>\n<ul data-start=\"597\" data-end=\"1377\">\n<li data-start=\"597\" data-end=\"747\">Wytrzyma\u0142e e-liquid: Z 40 ml nape\u0142nionym e-liquidem, Bang King zapewnia do 36 000 poci\u0105gni\u0119\u0107, bez konieczno\u015bci ci\u0105g\u0142ego uzupe\u0142niania.<\/li>\n<li data-start=\"748\" data-end=\"877\">Wydajna bateria: Akumulator o pojemno\u015bci 650mAh, wielokrotnego \u0142adowania, zapewnia d\u0142ugie u\u017cytkowanie i sta\u0142\u0105 moc.<\/li>\n<li data-start=\"878\" data-end=\"1038\">Bezpo\u015brednie parowanie do p\u0142uc (DTL): Dzi\u0119ki sub-Ohm Mesh Coil o oporno\u015bci 0,6\u03a9 do\u015bwiadczysz intensywnego, g\u0119stego dymu z pe\u0142nym smakiem przy ka\u017cdym poci\u0105gni\u0119ciu.<\/li>\n<li data-start=\"1039\" data-end=\"1208\">Szybkie \u0142adowanie: Z\u0142\u0105cze \u0142adowania Typ-C umo\u017cliwia b\u0142yskawiczne \u0142adowanie, dzi\u0119ki czemu prawie nie musisz czeka\u0107, a urz\u0105dzenie jest gotowe do u\u017cycia w ka\u017cdej chwili.<\/li>\n<li data-start=\"1209\" data-end=\"1377\">Stylowe pod\u015bwietlenie LED: Za ka\u017cdym razem, gdy zaci\u0105gasz si\u0119, pod\u015bwietlenie LED si\u0119 w\u0142\u0105cza, tworz\u0105c efekt wizualny, kt\u00f3ry podkre\u015bla Tw\u00f3j styl.<\/li>\n<\/ul>\n<h4 data-start=\"1379\" data-end=\"1409\">Zalecenie smakowe:<\/h4>\n<p data-start=\"1410\" data-end=\"1695\">Arbuz\u00a0<br data-start=\"1439\" data-end=\"1442\" \/>Chcesz do\u015bwiadczy\u0107 orze\u017awiaj\u0105cego smaku lata? Smak arbuzowy przyniesie Ci s\u0142odkie i orze\u017awiaj\u0105ce nuty dojrza\u0142ego arbuza przy ka\u017cdym poci\u0105gni\u0119ciu. Idealny dla tych, kt\u00f3rzy szukaj\u0105 \u015bwie\u017cego i owocowego do\u015bwiadczenia.<\/p>\n<h3>Dlaczego warto wybra\u0107 Bang King 36000 Puffs Mesh Coil:<\/h3>\n<ul data-start=\"1768\" data-end=\"2463\">\n<li data-start=\"1768\" data-end=\"1943\">D\u0142uga \u017cywotno\u015b\u0107 baterii: Z 40 ml e-liquidu i bateri\u0105 650mAh masz wystarczaj\u0105c\u0105 moc na do <a href=\"https:\/\/vapingnet.de\/pl\/k\/vape-36000-zuege\/\" target=\"_blank\" rel=\"noopener\"><strong>36 000 zaci\u0105gni\u0119\u0107<\/strong><\/a> \u2013 brak konieczno\u015bci ci\u0105g\u0142ego uzupe\u0142niania lub wymiany baterii.<\/li>\n<li data-start=\"1944\" data-end=\"2087\">Intensywny smak: Dzi\u0119ki sub-Ohm Mesh Coil o oporno\u015bci 0,6\u03a9 ka\u017cde poci\u0105gni\u0119cie jest pe\u0142ne i intensywne \u2013 do\u015bwiadcz pe\u0142ni smaku.<\/li>\n<li data-start=\"2088\" data-end=\"2208\">Szybkie \u0142adowanie: Z\u0142\u0105cze Typ-C zapewnia szybkie \u0142adowanie, dzi\u0119ki czemu prawie nie musisz czeka\u0107.<\/li>\n<li data-start=\"2209\" data-end=\"2301\">Bez c\u0142a: Brak uci\u0105\u017cliwych op\u0142at celnych, brak dodatkowych op\u0142at \u2013 ciesz si\u0119 bezproblemowym zakupem.<\/li>\n<li data-start=\"2302\" data-end=\"2463\">Wszechstronne opcje smakowe: Z 12 r\u00f3\u017cnymi smakami na pewno znajdziesz idealny smak dla swojego osobistego przyjemno\u015bci.<\/li>\n<\/ul>\n<h4 data-start=\"2465\" data-end=\"2559\">Do\u015bwiadcz Bang King 36000 Puffs Mesh Coil i ciesz si\u0119 intensywnym dymem i smakiem!<\/h4>\n<p data-start=\"2561\" data-end=\"2742\">Nie czekaj d\u0142u\u017cej \u2013 kliknij w poni\u017cszy link, aby odwiedzi\u0107 nasz\u0105 stron\u0119 i wybra\u0107 sw\u00f3j ulubiony smak Bang King 36000 Puffs Mesh Coil!<\/p>\n<p data-start=\"2744\" data-end=\"2777\">\ud83d\udd17 Kup teraz: vapingnet.de<\/p>","protected":false},"excerpt":{"rendered":"<p>Bang King 36000 Puffs Mesh Coil: Idealne po\u0142\u0105czenie d\u0142ugiej \u017cywotno\u015bci i intensywnych dozna\u0144 smakowych Szukasz urz\u0105dzenia, kt\u00f3re zapewni zar\u00f3wno mocny smak, jak i...<\/p>","protected":false},"featured_media":5317,"template":"","meta":[],"etheme_brands":[],"product_brand":[101],"product_cat":[57,49,61],"product_tag":[],"class_list":{"0":"post-5323","1":"product","2":"type-product","3":"status-publish","4":"has-post-thumbnail","6":"product_brand-bang-king-vape","7":"product_cat-vape-36000-zuege","8":"product_cat-einweg-e-zigarette","9":"product_cat-f","11":"first","12":"instock","13":"shipping-taxable","14":"purchasable","15":"product-type-simple"},"yoast_head":"<!-- This site is optimized with the Yoast SEO plugin v26.5 - https:\/\/yoast.com\/wordpress\/plugins\/seo\/ -->\n<title>Watermelon Bang 36000 Puffs Mesh Coil Vape mit intensivem Fruchtgeschmack | vapingnet.de<\/title>\n<meta name=\"description\" content=\"Watermelon Bang 36000 Puffs Mesh Coil Vape mit intensivem Fruchtgeschmack \u25ba Viele Geschmacksrichtungen &amp; g\u00fcnstig bei vapingnet.de f\u00fcr E-Zigaretten-Liebhaber\" \/>\n<meta name=\"robots\" content=\"index, follow, max-snippet:-1, max-image-preview:large, max-video-preview:-1\" \/>\n<link rel=\"canonical\" href=\"https:\/\/vapingnet.de\/pl\/vape\/watermelon-bang-36000-puffs-mesh-coil-vape-mit-intensivem-fruchtgeschmack\/\" \/>\n<meta property=\"og:locale\" content=\"pl_PL\" \/>\n<meta property=\"og:type\" content=\"article\" \/>\n<meta property=\"og:title\" content=\"Watermelon Bang 36000 Puffs Mesh Coil Vape mit intensivem Fruchtgeschmack | vapingnet.de\" \/>\n<meta property=\"og:description\" content=\"Watermelon Bang 36000 Puffs Mesh Coil Vape mit intensivem Fruchtgeschmack \u25ba Viele Geschmacksrichtungen &amp; g\u00fcnstig bei vapingnet.de f\u00fcr E-Zigaretten-Liebhaber\" \/>\n<meta property=\"og:url\" content=\"https:\/\/vapingnet.de\/pl\/vape\/watermelon-bang-36000-puffs-mesh-coil-vape-mit-intensivem-fruchtgeschmack\/\" \/>\n<meta property=\"og:site_name\" content=\"Vapingnet.de\" \/>\n<meta property=\"article:publisher\" content=\"https:\/\/www.facebook.com\/vapingnetde\/\" \/>\n<meta property=\"article:modified_time\" content=\"2025-06-19T03:41:17+00:00\" \/>\n<meta property=\"og:image\" content=\"https:\/\/vapingnet.de\/wp-content\/uploads\/2025\/03\/Watermelon.png\" \/>\n\t<meta property=\"og:image:width\" content=\"900\" \/>\n\t<meta property=\"og:image:height\" content=\"600\" \/>\n\t<meta property=\"og:image:type\" content=\"image\/png\" \/>\n<meta name=\"twitter:card\" content=\"summary_large_image\" \/>\n<meta name=\"twitter:label1\" content=\"Est. reading time\" \/>\n\t<meta name=\"twitter:data1\" content=\"3 minutes\" \/>\n<script type=\"application\/ld+json\" class=\"yoast-schema-graph\">{\"@context\":\"https:\/\/schema.org\",\"@graph\":[{\"@type\":\"WebPage\",\"@id\":\"https:\/\/vapingnet.de\/vape\/watermelon-bang-36000-puffs-mesh-coil-vape-mit-intensivem-fruchtgeschmack\/\",\"url\":\"https:\/\/vapingnet.de\/vape\/watermelon-bang-36000-puffs-mesh-coil-vape-mit-intensivem-fruchtgeschmack\/\",\"name\":\"Watermelon Bang 36000 Puffs Mesh Coil Vape mit intensivem Fruchtgeschmack | vapingnet.de\",\"isPartOf\":{\"@id\":\"https:\/\/vapingnet.de\/#website\"},\"primaryImageOfPage\":{\"@id\":\"https:\/\/vapingnet.de\/vape\/watermelon-bang-36000-puffs-mesh-coil-vape-mit-intensivem-fruchtgeschmack\/#primaryimage\"},\"image\":{\"@id\":\"https:\/\/vapingnet.de\/vape\/watermelon-bang-36000-puffs-mesh-coil-vape-mit-intensivem-fruchtgeschmack\/#primaryimage\"},\"thumbnailUrl\":\"https:\/\/vapingnet.de\/wp-content\/uploads\/2025\/03\/Watermelon.png\",\"datePublished\":\"2025-03-14T07:47:12+00:00\",\"dateModified\":\"2025-06-19T03:41:17+00:00\",\"description\":\"Watermelon Bang 36000 Puffs Mesh Coil Vape mit intensivem Fruchtgeschmack \u25ba Viele Geschmacksrichtungen & g\u00fcnstig bei vapingnet.de f\u00fcr E-Zigaretten-Liebhaber\",\"breadcrumb\":{\"@id\":\"https:\/\/vapingnet.de\/vape\/watermelon-bang-36000-puffs-mesh-coil-vape-mit-intensivem-fruchtgeschmack\/#breadcrumb\"},\"inLanguage\":\"pl-PL\",\"potentialAction\":[{\"@type\":\"ReadAction\",\"target\":[\"https:\/\/vapingnet.de\/vape\/watermelon-bang-36000-puffs-mesh-coil-vape-mit-intensivem-fruchtgeschmack\/\"]}]},{\"@type\":\"ImageObject\",\"inLanguage\":\"pl-PL\",\"@id\":\"https:\/\/vapingnet.de\/vape\/watermelon-bang-36000-puffs-mesh-coil-vape-mit-intensivem-fruchtgeschmack\/#primaryimage\",\"url\":\"https:\/\/vapingnet.de\/wp-content\/uploads\/2025\/03\/Watermelon.png\",\"contentUrl\":\"https:\/\/vapingnet.de\/wp-content\/uploads\/2025\/03\/Watermelon.png\",\"width\":900,\"height\":600,\"caption\":\"Watermelon\"},{\"@type\":\"BreadcrumbList\",\"@id\":\"https:\/\/vapingnet.de\/vape\/watermelon-bang-36000-puffs-mesh-coil-vape-mit-intensivem-fruchtgeschmack\/#breadcrumb\",\"itemListElement\":[{\"@type\":\"ListItem\",\"position\":1,\"name\":\"Home\",\"item\":\"https:\/\/vapingnet.de\/\"},{\"@type\":\"ListItem\",\"position\":2,\"name\":\"Shop\",\"item\":\"https:\/\/vapingnet.de\/vape\/\"},{\"@type\":\"ListItem\",\"position\":3,\"name\":\"Watermelon Bang 36000 Puffs Mesh Coil Vape mit intensivem Fruchtgeschmack\"}]},{\"@type\":\"WebSite\",\"@id\":\"https:\/\/vapingnet.de\/#website\",\"url\":\"https:\/\/vapingnet.de\/\",\"name\":\"Vapingnet.de\",\"description\":\"\",\"publisher\":{\"@id\":\"https:\/\/vapingnet.de\/#organization\"},\"potentialAction\":[{\"@type\":\"SearchAction\",\"target\":{\"@type\":\"EntryPoint\",\"urlTemplate\":\"https:\/\/vapingnet.de\/?s={search_term_string}\"},\"query-input\":{\"@type\":\"PropertyValueSpecification\",\"valueRequired\":true,\"valueName\":\"search_term_string\"}}],\"inLanguage\":\"pl-PL\"},{\"@type\":\"Organization\",\"@id\":\"https:\/\/vapingnet.de\/#organization\",\"name\":\"Vapingnet.de\",\"url\":\"https:\/\/vapingnet.de\/\",\"logo\":{\"@type\":\"ImageObject\",\"inLanguage\":\"pl-PL\",\"@id\":\"https:\/\/vapingnet.de\/#\/schema\/logo\/image\/\",\"url\":\"https:\/\/vapingnet.de\/wp-content\/uploads\/2025\/03\/cropped-vapingnet.de_.jpg\",\"contentUrl\":\"https:\/\/vapingnet.de\/wp-content\/uploads\/2025\/03\/cropped-vapingnet.de_.jpg\",\"width\":512,\"height\":512,\"caption\":\"Vapingnet.de\"},\"image\":{\"@id\":\"https:\/\/vapingnet.de\/#\/schema\/logo\/image\/\"},\"sameAs\":[\"https:\/\/www.facebook.com\/vapingnetde\/\"]}]}<\/script>\n<!-- \/ Yoast SEO plugin. -->","yoast_head_json":{"title":"Watermelon Bang 36000 Puffs Mesh Coil Vape mit intensivem Fruchtgeschmack | vapingnet.de","description":"Watermelon Bang 36000 Puffs Mesh Coil Vape mit intensivem Fruchtgeschmack \u25ba Viele Geschmacksrichtungen & g\u00fcnstig bei vapingnet.de f\u00fcr E-Zigaretten-Liebhaber","robots":{"index":"index","follow":"follow","max-snippet":"max-snippet:-1","max-image-preview":"max-image-preview:large","max-video-preview":"max-video-preview:-1"},"canonical":"https:\/\/vapingnet.de\/pl\/vape\/watermelon-bang-36000-puffs-mesh-coil-vape-mit-intensivem-fruchtgeschmack\/","og_locale":"pl_PL","og_type":"article","og_title":"Watermelon Bang 36000 Puffs Mesh Coil Vape mit intensivem Fruchtgeschmack | vapingnet.de","og_description":"Watermelon Bang 36000 Puffs Mesh Coil Vape mit intensivem Fruchtgeschmack \u25ba Viele Geschmacksrichtungen & g\u00fcnstig bei vapingnet.de f\u00fcr E-Zigaretten-Liebhaber","og_url":"https:\/\/vapingnet.de\/pl\/vape\/watermelon-bang-36000-puffs-mesh-coil-vape-mit-intensivem-fruchtgeschmack\/","og_site_name":"Vapingnet.de","article_publisher":"https:\/\/www.facebook.com\/vapingnetde\/","article_modified_time":"2025-06-19T03:41:17+00:00","og_image":[{"width":900,"height":600,"url":"https:\/\/vapingnet.de\/wp-content\/uploads\/2025\/03\/Watermelon.png","type":"image\/png"}],"twitter_card":"summary_large_image","twitter_misc":{"Est. reading time":"3 minutes"},"schema":{"@context":"https:\/\/schema.org","@graph":[{"@type":"WebPage","@id":"https:\/\/vapingnet.de\/vape\/watermelon-bang-36000-puffs-mesh-coil-vape-mit-intensivem-fruchtgeschmack\/","url":"https:\/\/vapingnet.de\/vape\/watermelon-bang-36000-puffs-mesh-coil-vape-mit-intensivem-fruchtgeschmack\/","name":"Watermelon Bang 36000 Puffs Mesh Coil Vape mit intensivem Fruchtgeschmack | vapingnet.de","isPartOf":{"@id":"https:\/\/vapingnet.de\/#website"},"primaryImageOfPage":{"@id":"https:\/\/vapingnet.de\/vape\/watermelon-bang-36000-puffs-mesh-coil-vape-mit-intensivem-fruchtgeschmack\/#primaryimage"},"image":{"@id":"https:\/\/vapingnet.de\/vape\/watermelon-bang-36000-puffs-mesh-coil-vape-mit-intensivem-fruchtgeschmack\/#primaryimage"},"thumbnailUrl":"https:\/\/vapingnet.de\/wp-content\/uploads\/2025\/03\/Watermelon.png","datePublished":"2025-03-14T07:47:12+00:00","dateModified":"2025-06-19T03:41:17+00:00","description":"Watermelon Bang 36000 Puffs Mesh Coil Vape mit intensivem Fruchtgeschmack \u25ba Viele Geschmacksrichtungen & g\u00fcnstig bei vapingnet.de f\u00fcr E-Zigaretten-Liebhaber","breadcrumb":{"@id":"https:\/\/vapingnet.de\/vape\/watermelon-bang-36000-puffs-mesh-coil-vape-mit-intensivem-fruchtgeschmack\/#breadcrumb"},"inLanguage":"pl-PL","potentialAction":[{"@type":"ReadAction","target":["https:\/\/vapingnet.de\/vape\/watermelon-bang-36000-puffs-mesh-coil-vape-mit-intensivem-fruchtgeschmack\/"]}]},{"@type":"ImageObject","inLanguage":"pl-PL","@id":"https:\/\/vapingnet.de\/vape\/watermelon-bang-36000-puffs-mesh-coil-vape-mit-intensivem-fruchtgeschmack\/#primaryimage","url":"https:\/\/vapingnet.de\/wp-content\/uploads\/2025\/03\/Watermelon.png","contentUrl":"https:\/\/vapingnet.de\/wp-content\/uploads\/2025\/03\/Watermelon.png","width":900,"height":600,"caption":"Watermelon"},{"@type":"BreadcrumbList","@id":"https:\/\/vapingnet.de\/vape\/watermelon-bang-36000-puffs-mesh-coil-vape-mit-intensivem-fruchtgeschmack\/#breadcrumb","itemListElement":[{"@type":"ListItem","position":1,"name":"Home","item":"https:\/\/vapingnet.de\/"},{"@type":"ListItem","position":2,"name":"Shop","item":"https:\/\/vapingnet.de\/vape\/"},{"@type":"ListItem","position":3,"name":"Watermelon Bang 36000 Puffs Mesh Coil Vape mit intensivem Fruchtgeschmack"}]},{"@type":"WebSite","@id":"https:\/\/vapingnet.de\/#website","url":"https:\/\/vapingnet.de\/","name":"Vapingnet.de","description":"","publisher":{"@id":"https:\/\/vapingnet.de\/#organization"},"potentialAction":[{"@type":"SearchAction","target":{"@type":"EntryPoint","urlTemplate":"https:\/\/vapingnet.de\/?s={search_term_string}"},"query-input":{"@type":"PropertyValueSpecification","valueRequired":true,"valueName":"search_term_string"}}],"inLanguage":"pl-PL"},{"@type":"Organization","@id":"https:\/\/vapingnet.de\/#organization","name":"Vapingnet.de","url":"https:\/\/vapingnet.de\/","logo":{"@type":"ImageObject","inLanguage":"pl-PL","@id":"https:\/\/vapingnet.de\/#\/schema\/logo\/image\/","url":"https:\/\/vapingnet.de\/wp-content\/uploads\/2025\/03\/cropped-vapingnet.de_.jpg","contentUrl":"https:\/\/vapingnet.de\/wp-content\/uploads\/2025\/03\/cropped-vapingnet.de_.jpg","width":512,"height":512,"caption":"Vapingnet.de"},"image":{"@id":"https:\/\/vapingnet.de\/#\/schema\/logo\/image\/"},"sameAs":["https:\/\/www.facebook.com\/vapingnetde\/"]}]}},"tiered_pricing_type":"fixed","tiered_pricing_fixed_rules":{"8":"10.44","60":"9.40","110":"8.35","200":"7.31"},"tiered_pricing_product_settings":{"layout":"default","base_unit_name":{"singular":null,"plural":null},"default_variation":null},"tiered_pricing_minimum_quantity":null,"tiered_pricing_roles_data":[],"tiered_pricing_percentage_rules":[],"_links":{"self":[{"href":"https:\/\/vapingnet.de\/pl\/wp-json\/wp\/v2\/product\/5323","targetHints":{"allow":["GET"]}}],"collection":[{"href":"https:\/\/vapingnet.de\/pl\/wp-json\/wp\/v2\/product"}],"about":[{"href":"https:\/\/vapingnet.de\/pl\/wp-json\/wp\/v2\/types\/product"}],"version-history":[{"count":1,"href":"https:\/\/vapingnet.de\/pl\/wp-json\/wp\/v2\/product\/5323\/revisions"}],"predecessor-version":[{"id":5324,"href":"https:\/\/vapingnet.de\/pl\/wp-json\/wp\/v2\/product\/5323\/revisions\/5324"}],"wp:featuredmedia":[{"embeddable":true,"href":"https:\/\/vapingnet.de\/pl\/wp-json\/wp\/v2\/media\/5317"}],"wp:attachment":[{"href":"https:\/\/vapingnet.de\/pl\/wp-json\/wp\/v2\/media?parent=5323"}],"wp:term":[{"taxonomy":"brand","embeddable":true,"href":"https:\/\/vapingnet.de\/pl\/wp-json\/wp\/v2\/etheme_brands?post=5323"},{"taxonomy":"product_brand","embeddable":true,"href":"https:\/\/vapingnet.de\/pl\/wp-json\/wp\/v2\/product_brand?post=5323"},{"taxonomy":"product_cat","embeddable":true,"href":"https:\/\/vapingnet.de\/pl\/wp-json\/wp\/v2\/product_cat?post=5323"},{"taxonomy":"product_tag","embeddable":true,"href":"https:\/\/vapingnet.de\/pl\/wp-json\/wp\/v2\/product_tag?post=5323"}],"curies":[{"name":"wp","href":"https:\/\/api.w.org\/{rel}","templated":true}]}}