{"id":5361,"date":"2025-03-15T05:34:13","date_gmt":"2025-03-15T05:34:13","guid":{"rendered":"https:\/\/vapingnet.de\/?post_type=product&#038;p=5361"},"modified":"2025-06-19T03:41:16","modified_gmt":"2025-06-19T03:41:16","slug":"bang-king-45000-puffs-geniess-drei-leckere-geschmacksrichtungen-in-einem-geraet","status":"publish","type":"product","link":"https:\/\/vapingnet.de\/pl\/vape\/bang-king-45000-puffs-geniess-drei-leckere-geschmacksrichtungen-in-einem-geraet\/","title":{"rendered":"Bang King 45000 Puffs, rozkoszuj si\u0119 trzema pysznymi smakami w jednym urz\u0105dzeniu"},"content":{"rendered":"<h2 data-start=\"0\" data-end=\"44\">Bang King 45000 Paliw Jednorazowa E-Papieros<\/h2>\n<p data-start=\"69\" data-end=\"612\">Jednorazowy E-papieros BANG KING 45000 Paliw jest mocnym i wszechstronnym urz\u0105dzeniem, wyposa\u017conym w potr\u00f3jny mesh-coil, zapewniaj\u0105cy bogate do\u015bwiadczenie parowania i \u0142agodny ci\u0105g. Z \u017cywotno\u015bci\u0105 45 000 poci\u0105gni\u0119\u0107, nadaje si\u0119 do d\u0142u\u017cszego u\u017cytkowania i spe\u0142nia potrzeby entuzjast\u00f3w e-papieros\u00f3w poszukuj\u0105cych wysokiej jako\u015bci do\u015bwiadczenia parowania. Urz\u0105dzenie obs\u0142uguje \u0142adowanie Type-C i wymaga tylko 2 godzin na pe\u0142ne na\u0142adowanie \u2013 szybko i wygodnie.<\/p>\n<h4 data-start=\"614\" data-end=\"641\">Specyfikacje produktu:<\/h4>\n<div class=\"overflow-x-auto contain-inline-size\">\n<table style=\"height: 431px;\" width=\"1560\" data-start=\"643\" data-end=\"1332\">\n<thead data-start=\"643\" data-end=\"711\">\n<tr data-start=\"643\" data-end=\"711\">\n<th data-start=\"643\" data-end=\"666\">Artyku\u0142<\/th>\n<th data-start=\"666\" data-end=\"711\">Szczeg\u00f3\u0142y<\/th>\n<\/tr>\n<\/thead>\n<tbody data-start=\"780\" data-end=\"1332\">\n<tr data-start=\"780\" data-end=\"848\">\n<td>Poci\u0105gni\u0119cia na urz\u0105dzenie<\/td>\n<td>45 000 poci\u0105gni\u0119\u0107<\/td>\n<\/tr>\n<tr data-start=\"849\" data-end=\"918\">\n<td>Pojemno\u015b\u0107 e-liquid<\/td>\n<td>15ml + 15ml + 15ml<\/td>\n<\/tr>\n<tr data-start=\"919\" data-end=\"987\">\n<td>Technologia rdzenia<\/td>\n<td>Mesh-coil 1.0 Ohm<\/td>\n<\/tr>\n<tr data-start=\"988\" data-end=\"1056\">\n<td>Zawarto\u015b\u0107 nikotyny<\/td>\n<td>0%, 2%, 3%, 5%<\/td>\n<\/tr>\n<tr data-start=\"1057\" data-end=\"1125\">\n<td>Pojemno\u015b\u0107 baterii<\/td>\n<td>650mAh<\/td>\n<\/tr>\n<tr data-start=\"1126\" data-end=\"1194\">\n<td>Gniazdo \u0142adowania<\/td>\n<td>Type C<\/td>\n<\/tr>\n<tr data-start=\"1195\" data-end=\"1263\">\n<td>R\u00f3\u017cnorodno\u015b\u0107 smak\u00f3w<\/td>\n<td>12 smak\u00f3w<\/td>\n<\/tr>\n<tr data-start=\"1264\" data-end=\"1332\">\n<td>Informacje o opakowaniu<\/td>\n<td>10 sztuk \/ pude\u0142ko; 20 pude\u0142ek \/ karton<\/td>\n<\/tr>\n<\/tbody>\n<\/table>\n<\/div>\n<h4 data-start=\"1334\" data-end=\"1349\">Funkcje:<\/h4>\n<ul data-start=\"1351\" data-end=\"1797\">\n<li data-start=\"1351\" data-end=\"1481\">Potr\u00f3jny mesh-coil: Unikalny potr\u00f3jny design mesh-coil zapewnia lepsz\u0105 produkcj\u0119 pary i intensywny smak.<\/li>\n<li data-start=\"1482\" data-end=\"1618\">R\u00f3\u017cne smaki owocowe: Szeroki wyb\u00f3r smak\u00f3w owocowych zapewnia intensywne doznania smakowe.<\/li>\n<li data-start=\"1619\" data-end=\"1721\">\u0141adowanie Type C: Obs\u0142uguje szybkie \u0142adowanie, tylko 2 godziny \u0142adowania, dla wygodnego u\u017cytkowania.<\/li>\n<li data-start=\"1722\" data-end=\"1797\">Jednorazowy E-papieros: Z 45 000 poci\u0105gni\u0119ciami na d\u0142u\u017csze u\u017cytkowanie.<\/li>\n<\/ul>\n<h4 data-start=\"1799\" data-end=\"1822\">Opcje smakowe:<\/h4>\n<ol data-start=\"1824\" data-end=\"2397\">\n<li data-start=\"1824\" data-end=\"1865\">Arbuz i Red Bull i Truskawkowo-Kiwi<\/li>\n<li data-start=\"1866\" data-end=\"1922\">Lemon Lime i Strawberry Watermelon i Blueberry Ice<\/li>\n<li data-start=\"1923\" data-end=\"1981\">Truskawkowo-Bananowe i Malinowe Arbuz i Cytryna-Limonka<\/li>\n<li data-start=\"1982\" data-end=\"2034\">Truskawka Kiwi i Kwa\u015bne Mango Ananas i Red Bull<\/li>\n<li data-start=\"2035\" data-end=\"2098\">Tropikalne Owoce i Truskawkowy Arbuz i Brzoskwinia z Cytryn\u0105<\/li>\n<li data-start=\"2099\" data-end=\"2148\">Ananas Kokos i Truskawka Banan i Blue Razz<\/li>\n<li data-start=\"2149\" data-end=\"2224\">Truskawka Malina i Potr\u00f3jna Melon i Kwa\u015bne Mango Ananas<\/li>\n<li data-start=\"2225\" data-end=\"2280\">Raspberry Watermelon und Mango Peach und Strawberry Kiwi<\/li>\n<li data-start=\"2281\" data-end=\"2342\">Strawberry Vanilla Coke i Blueberry Raspberry oraz Lemonlime<\/li>\n<li data-start=\"2343\" data-end=\"2397\">Arbuz i Truskawkowe Lody i Potr\u00f3jny Arbuz<\/li>\n<\/ol>\n<h4 data-start=\"2399\" data-end=\"2419\">Zalety produktu:<\/h4>\n<ul data-start=\"2421\" data-end=\"2642\">\n<li data-start=\"2421\" data-end=\"2499\">Brak op\u0142aty celnej: przy zakupie nie naliczaj\u0105 si\u0119 dodatkowe op\u0142aty celne.<\/li>\n<li data-start=\"2500\" data-end=\"2642\">Szybka dostawa: Dostawa w ci\u0105gu 7-15 dni roboczych, aby szybko cieszy\u0107 si\u0119 wysokiej jako\u015bci do\u015bwiadczeniem parowania.<\/li>\n<\/ul>\n<h3 data-start=\"2644\" data-end=\"3079\">Kup teraz w vapingnet.de:<\/h3>\n<p data-start=\"2644\" data-end=\"3079\" data-is-only-node=\"\" data-is-last-node=\"\">BANG KING 45000 Puffs Jednorazowa e-papieros oferuje nie tylko szeroki wyb\u00f3r pysznych smak\u00f3w, ale tak\u017ce doskona\u0142\u0105 wydajno\u015b\u0107. Dzi\u0119ki szybkiemu \u0142adowaniu i d\u0142ugiemu czasowi u\u017cytkowania jest idealnym wyborem dla palaczy, kt\u00f3rzy ceni\u0105 komfort i jako\u015b\u0107. Odwied\u017a teraz vapingnet.de i korzystaj z bezc\u0142owej dostawy oraz szybkiej wysy\u0142ki.<\/p>","protected":false},"excerpt":{"rendered":"<p>\u2705 Ekstremalnie du\u017co papieros\u00f3w \u2013 do 45 000 poci\u0105gni\u0119\u0107, na dodatkow\u0105 d\u0142ug\u0105 zabaw\u0119 dymem!<br \/>\n\u2705 Brak op\u0142at celnych i darmowa wysy\u0142ka \u2013 Zam\u00f3w bez dodatkowych koszt\u00f3w!<br \/>\n\u2705 Trzy smaki w jednym \u2013 zmieniaj wed\u0142ug uznania, potr\u00f3jna przyjemno\u015b\u0107!<\/p>","protected":false},"featured_media":5398,"template":"","meta":[],"etheme_brands":[],"product_brand":[101],"product_cat":[66,49,61,87],"product_tag":[],"class_list":{"0":"post-5361","1":"product","2":"type-product","3":"status-publish","4":"has-post-thumbnail","6":"product_brand-bang-king-vape","7":"product_cat-45k-vape","8":"product_cat-einweg-e-zigarette","9":"product_cat-f","10":"product_cat-v","12":"first","13":"instock","14":"shipping-taxable","15":"purchasable","16":"product-type-variable"},"yoast_head":"<!-- This site is optimized with the Yoast SEO plugin v26.5 - https:\/\/yoast.com\/wordpress\/plugins\/seo\/ -->\n<title>Bang King 45000 Puffs Genie\u00df drei leckere Geschmacksrichtungen in einem Ger\u00e4t | vapingnet.de<\/title>\n<meta name=\"description\" content=\"Bang King 45000 Puffs Genie\u00df drei leckere Geschmacksrichtungen in einem Ger\u00e4t \u25ba Viele Geschmacksrichtungen &amp; g\u00fcnstig bei vapingnet.de f\u00fcr E-Zigaretten-Liebhaber\" \/>\n<meta name=\"robots\" content=\"index, follow, max-snippet:-1, max-image-preview:large, max-video-preview:-1\" \/>\n<link rel=\"canonical\" href=\"https:\/\/vapingnet.de\/pl\/vape\/bang-king-45000-puffs-geniess-drei-leckere-geschmacksrichtungen-in-einem-geraet\/\" \/>\n<meta property=\"og:locale\" content=\"pl_PL\" \/>\n<meta property=\"og:type\" content=\"article\" \/>\n<meta property=\"og:title\" content=\"Bang King 45000 Puffs Genie\u00df drei leckere Geschmacksrichtungen in einem Ger\u00e4t | vapingnet.de\" \/>\n<meta property=\"og:description\" content=\"Bang King 45000 Puffs Genie\u00df drei leckere Geschmacksrichtungen in einem Ger\u00e4t \u25ba Viele Geschmacksrichtungen &amp; g\u00fcnstig bei vapingnet.de f\u00fcr E-Zigaretten-Liebhaber\" \/>\n<meta property=\"og:url\" content=\"https:\/\/vapingnet.de\/pl\/vape\/bang-king-45000-puffs-geniess-drei-leckere-geschmacksrichtungen-in-einem-geraet\/\" \/>\n<meta property=\"og:site_name\" content=\"Vapingnet.de\" \/>\n<meta property=\"article:publisher\" content=\"https:\/\/www.facebook.com\/vapingnetde\/\" \/>\n<meta property=\"article:modified_time\" content=\"2025-06-19T03:41:16+00:00\" \/>\n<meta property=\"og:image\" content=\"https:\/\/vapingnet.de\/wp-content\/uploads\/2025\/03\/Bang-King-45000-Puffs.png\" \/>\n\t<meta property=\"og:image:width\" content=\"1000\" \/>\n\t<meta property=\"og:image:height\" content=\"1000\" \/>\n\t<meta property=\"og:image:type\" content=\"image\/png\" \/>\n<meta name=\"twitter:card\" content=\"summary_large_image\" \/>\n<meta name=\"twitter:label1\" content=\"Est. reading time\" \/>\n\t<meta name=\"twitter:data1\" content=\"3 minutes\" \/>\n<script type=\"application\/ld+json\" class=\"yoast-schema-graph\">{\"@context\":\"https:\/\/schema.org\",\"@graph\":[{\"@type\":\"WebPage\",\"@id\":\"https:\/\/vapingnet.de\/vape\/bang-king-45000-puffs-geniess-drei-leckere-geschmacksrichtungen-in-einem-geraet\/\",\"url\":\"https:\/\/vapingnet.de\/vape\/bang-king-45000-puffs-geniess-drei-leckere-geschmacksrichtungen-in-einem-geraet\/\",\"name\":\"Bang King 45000 Puffs Genie\u00df drei leckere Geschmacksrichtungen in einem Ger\u00e4t | vapingnet.de\",\"isPartOf\":{\"@id\":\"https:\/\/vapingnet.de\/#website\"},\"primaryImageOfPage\":{\"@id\":\"https:\/\/vapingnet.de\/vape\/bang-king-45000-puffs-geniess-drei-leckere-geschmacksrichtungen-in-einem-geraet\/#primaryimage\"},\"image\":{\"@id\":\"https:\/\/vapingnet.de\/vape\/bang-king-45000-puffs-geniess-drei-leckere-geschmacksrichtungen-in-einem-geraet\/#primaryimage\"},\"thumbnailUrl\":\"https:\/\/vapingnet.de\/wp-content\/uploads\/2025\/03\/Bang-King-45000-Puffs.png\",\"datePublished\":\"2025-03-15T05:34:13+00:00\",\"dateModified\":\"2025-06-19T03:41:16+00:00\",\"description\":\"Bang King 45000 Puffs Genie\u00df drei leckere Geschmacksrichtungen in einem Ger\u00e4t \u25ba Viele Geschmacksrichtungen & g\u00fcnstig bei vapingnet.de f\u00fcr E-Zigaretten-Liebhaber\",\"breadcrumb\":{\"@id\":\"https:\/\/vapingnet.de\/vape\/bang-king-45000-puffs-geniess-drei-leckere-geschmacksrichtungen-in-einem-geraet\/#breadcrumb\"},\"inLanguage\":\"pl-PL\",\"potentialAction\":[{\"@type\":\"ReadAction\",\"target\":[\"https:\/\/vapingnet.de\/vape\/bang-king-45000-puffs-geniess-drei-leckere-geschmacksrichtungen-in-einem-geraet\/\"]}]},{\"@type\":\"ImageObject\",\"inLanguage\":\"pl-PL\",\"@id\":\"https:\/\/vapingnet.de\/vape\/bang-king-45000-puffs-geniess-drei-leckere-geschmacksrichtungen-in-einem-geraet\/#primaryimage\",\"url\":\"https:\/\/vapingnet.de\/wp-content\/uploads\/2025\/03\/Bang-King-45000-Puffs.png\",\"contentUrl\":\"https:\/\/vapingnet.de\/wp-content\/uploads\/2025\/03\/Bang-King-45000-Puffs.png\",\"width\":1000,\"height\":1000,\"caption\":\"Bang-King-45000-Puffs\"},{\"@type\":\"BreadcrumbList\",\"@id\":\"https:\/\/vapingnet.de\/vape\/bang-king-45000-puffs-geniess-drei-leckere-geschmacksrichtungen-in-einem-geraet\/#breadcrumb\",\"itemListElement\":[{\"@type\":\"ListItem\",\"position\":1,\"name\":\"Home\",\"item\":\"https:\/\/vapingnet.de\/\"},{\"@type\":\"ListItem\",\"position\":2,\"name\":\"Shop\",\"item\":\"https:\/\/vapingnet.de\/vape\/\"},{\"@type\":\"ListItem\",\"position\":3,\"name\":\"Bang King 45000 Puffs Genie\u00df drei leckere Geschmacksrichtungen in einem Ger\u00e4t\"}]},{\"@type\":\"WebSite\",\"@id\":\"https:\/\/vapingnet.de\/#website\",\"url\":\"https:\/\/vapingnet.de\/\",\"name\":\"Vapingnet.de\",\"description\":\"\",\"publisher\":{\"@id\":\"https:\/\/vapingnet.de\/#organization\"},\"potentialAction\":[{\"@type\":\"SearchAction\",\"target\":{\"@type\":\"EntryPoint\",\"urlTemplate\":\"https:\/\/vapingnet.de\/?s={search_term_string}\"},\"query-input\":{\"@type\":\"PropertyValueSpecification\",\"valueRequired\":true,\"valueName\":\"search_term_string\"}}],\"inLanguage\":\"pl-PL\"},{\"@type\":\"Organization\",\"@id\":\"https:\/\/vapingnet.de\/#organization\",\"name\":\"Vapingnet.de\",\"url\":\"https:\/\/vapingnet.de\/\",\"logo\":{\"@type\":\"ImageObject\",\"inLanguage\":\"pl-PL\",\"@id\":\"https:\/\/vapingnet.de\/#\/schema\/logo\/image\/\",\"url\":\"https:\/\/vapingnet.de\/wp-content\/uploads\/2025\/03\/cropped-vapingnet.de_.jpg\",\"contentUrl\":\"https:\/\/vapingnet.de\/wp-content\/uploads\/2025\/03\/cropped-vapingnet.de_.jpg\",\"width\":512,\"height\":512,\"caption\":\"Vapingnet.de\"},\"image\":{\"@id\":\"https:\/\/vapingnet.de\/#\/schema\/logo\/image\/\"},\"sameAs\":[\"https:\/\/www.facebook.com\/vapingnetde\/\"]}]}<\/script>\n<!-- \/ Yoast SEO plugin. -->","yoast_head_json":{"title":"Bang King 45000 Puffs Genie\u00df drei leckere Geschmacksrichtungen in einem Ger\u00e4t | vapingnet.de","description":"Bang King 45000 Puffs Genie\u00df drei leckere Geschmacksrichtungen in einem Ger\u00e4t \u25ba Viele Geschmacksrichtungen & g\u00fcnstig bei vapingnet.de f\u00fcr E-Zigaretten-Liebhaber","robots":{"index":"index","follow":"follow","max-snippet":"max-snippet:-1","max-image-preview":"max-image-preview:large","max-video-preview":"max-video-preview:-1"},"canonical":"https:\/\/vapingnet.de\/pl\/vape\/bang-king-45000-puffs-geniess-drei-leckere-geschmacksrichtungen-in-einem-geraet\/","og_locale":"pl_PL","og_type":"article","og_title":"Bang King 45000 Puffs Genie\u00df drei leckere Geschmacksrichtungen in einem Ger\u00e4t | vapingnet.de","og_description":"Bang King 45000 Puffs Genie\u00df drei leckere Geschmacksrichtungen in einem Ger\u00e4t \u25ba Viele Geschmacksrichtungen & g\u00fcnstig bei vapingnet.de f\u00fcr E-Zigaretten-Liebhaber","og_url":"https:\/\/vapingnet.de\/pl\/vape\/bang-king-45000-puffs-geniess-drei-leckere-geschmacksrichtungen-in-einem-geraet\/","og_site_name":"Vapingnet.de","article_publisher":"https:\/\/www.facebook.com\/vapingnetde\/","article_modified_time":"2025-06-19T03:41:16+00:00","og_image":[{"width":1000,"height":1000,"url":"https:\/\/vapingnet.de\/wp-content\/uploads\/2025\/03\/Bang-King-45000-Puffs.png","type":"image\/png"}],"twitter_card":"summary_large_image","twitter_misc":{"Est. reading time":"3 minutes"},"schema":{"@context":"https:\/\/schema.org","@graph":[{"@type":"WebPage","@id":"https:\/\/vapingnet.de\/vape\/bang-king-45000-puffs-geniess-drei-leckere-geschmacksrichtungen-in-einem-geraet\/","url":"https:\/\/vapingnet.de\/vape\/bang-king-45000-puffs-geniess-drei-leckere-geschmacksrichtungen-in-einem-geraet\/","name":"Bang King 45000 Puffs Genie\u00df drei leckere Geschmacksrichtungen in einem Ger\u00e4t | vapingnet.de","isPartOf":{"@id":"https:\/\/vapingnet.de\/#website"},"primaryImageOfPage":{"@id":"https:\/\/vapingnet.de\/vape\/bang-king-45000-puffs-geniess-drei-leckere-geschmacksrichtungen-in-einem-geraet\/#primaryimage"},"image":{"@id":"https:\/\/vapingnet.de\/vape\/bang-king-45000-puffs-geniess-drei-leckere-geschmacksrichtungen-in-einem-geraet\/#primaryimage"},"thumbnailUrl":"https:\/\/vapingnet.de\/wp-content\/uploads\/2025\/03\/Bang-King-45000-Puffs.png","datePublished":"2025-03-15T05:34:13+00:00","dateModified":"2025-06-19T03:41:16+00:00","description":"Bang King 45000 Puffs Genie\u00df drei leckere Geschmacksrichtungen in einem Ger\u00e4t \u25ba Viele Geschmacksrichtungen & g\u00fcnstig bei vapingnet.de f\u00fcr E-Zigaretten-Liebhaber","breadcrumb":{"@id":"https:\/\/vapingnet.de\/vape\/bang-king-45000-puffs-geniess-drei-leckere-geschmacksrichtungen-in-einem-geraet\/#breadcrumb"},"inLanguage":"pl-PL","potentialAction":[{"@type":"ReadAction","target":["https:\/\/vapingnet.de\/vape\/bang-king-45000-puffs-geniess-drei-leckere-geschmacksrichtungen-in-einem-geraet\/"]}]},{"@type":"ImageObject","inLanguage":"pl-PL","@id":"https:\/\/vapingnet.de\/vape\/bang-king-45000-puffs-geniess-drei-leckere-geschmacksrichtungen-in-einem-geraet\/#primaryimage","url":"https:\/\/vapingnet.de\/wp-content\/uploads\/2025\/03\/Bang-King-45000-Puffs.png","contentUrl":"https:\/\/vapingnet.de\/wp-content\/uploads\/2025\/03\/Bang-King-45000-Puffs.png","width":1000,"height":1000,"caption":"Bang-King-45000-Puffs"},{"@type":"BreadcrumbList","@id":"https:\/\/vapingnet.de\/vape\/bang-king-45000-puffs-geniess-drei-leckere-geschmacksrichtungen-in-einem-geraet\/#breadcrumb","itemListElement":[{"@type":"ListItem","position":1,"name":"Home","item":"https:\/\/vapingnet.de\/"},{"@type":"ListItem","position":2,"name":"Shop","item":"https:\/\/vapingnet.de\/vape\/"},{"@type":"ListItem","position":3,"name":"Bang King 45000 Puffs Genie\u00df drei leckere Geschmacksrichtungen in einem Ger\u00e4t"}]},{"@type":"WebSite","@id":"https:\/\/vapingnet.de\/#website","url":"https:\/\/vapingnet.de\/","name":"Vapingnet.de","description":"","publisher":{"@id":"https:\/\/vapingnet.de\/#organization"},"potentialAction":[{"@type":"SearchAction","target":{"@type":"EntryPoint","urlTemplate":"https:\/\/vapingnet.de\/?s={search_term_string}"},"query-input":{"@type":"PropertyValueSpecification","valueRequired":true,"valueName":"search_term_string"}}],"inLanguage":"pl-PL"},{"@type":"Organization","@id":"https:\/\/vapingnet.de\/#organization","name":"Vapingnet.de","url":"https:\/\/vapingnet.de\/","logo":{"@type":"ImageObject","inLanguage":"pl-PL","@id":"https:\/\/vapingnet.de\/#\/schema\/logo\/image\/","url":"https:\/\/vapingnet.de\/wp-content\/uploads\/2025\/03\/cropped-vapingnet.de_.jpg","contentUrl":"https:\/\/vapingnet.de\/wp-content\/uploads\/2025\/03\/cropped-vapingnet.de_.jpg","width":512,"height":512,"caption":"Vapingnet.de"},"image":{"@id":"https:\/\/vapingnet.de\/#\/schema\/logo\/image\/"},"sameAs":["https:\/\/www.facebook.com\/vapingnetde\/"]}]}},"tiered_pricing_type":"fixed","tiered_pricing_fixed_rules":[],"tiered_pricing_product_settings":{"layout":"default","base_unit_name":{"singular":null,"plural":null},"default_variation":null},"tiered_pricing_minimum_quantity":null,"tiered_pricing_roles_data":[],"tiered_pricing_percentage_rules":[],"_links":{"self":[{"href":"https:\/\/vapingnet.de\/pl\/wp-json\/wp\/v2\/product\/5361","targetHints":{"allow":["GET"]}}],"collection":[{"href":"https:\/\/vapingnet.de\/pl\/wp-json\/wp\/v2\/product"}],"about":[{"href":"https:\/\/vapingnet.de\/pl\/wp-json\/wp\/v2\/types\/product"}],"version-history":[{"count":4,"href":"https:\/\/vapingnet.de\/pl\/wp-json\/wp\/v2\/product\/5361\/revisions"}],"predecessor-version":[{"id":5970,"href":"https:\/\/vapingnet.de\/pl\/wp-json\/wp\/v2\/product\/5361\/revisions\/5970"}],"wp:featuredmedia":[{"embeddable":true,"href":"https:\/\/vapingnet.de\/pl\/wp-json\/wp\/v2\/media\/5398"}],"wp:attachment":[{"href":"https:\/\/vapingnet.de\/pl\/wp-json\/wp\/v2\/media?parent=5361"}],"wp:term":[{"taxonomy":"brand","embeddable":true,"href":"https:\/\/vapingnet.de\/pl\/wp-json\/wp\/v2\/etheme_brands?post=5361"},{"taxonomy":"product_brand","embeddable":true,"href":"https:\/\/vapingnet.de\/pl\/wp-json\/wp\/v2\/product_brand?post=5361"},{"taxonomy":"product_cat","embeddable":true,"href":"https:\/\/vapingnet.de\/pl\/wp-json\/wp\/v2\/product_cat?post=5361"},{"taxonomy":"product_tag","embeddable":true,"href":"https:\/\/vapingnet.de\/pl\/wp-json\/wp\/v2\/product_tag?post=5361"}],"curies":[{"name":"wp","href":"https:\/\/api.w.org\/{rel}","templated":true}]}}